{"id":36056,"date":"2025-04-11T23:11:40","date_gmt":"2025-04-11T21:11:40","guid":{"rendered":"https:\/\/prismagamers.com\/produkt\/wall-world\/"},"modified":"2026-03-05T00:00:30","modified_gmt":"2026-03-04T23:00:30","slug":"wall-world","status":"publish","type":"product","link":"https:\/\/prismagamers.com\/hu\/produkt\/wall-world\/","title":{"rendered":"Wall World"},"content":{"rendered":"<p class=\"\" data-start=\"49\" data-end=\"129\"><strong data-start=\"49\" data-end=\"129\">World Wall: Fedezd fel a v\u00e9gtelen kalandot egy procedur\u00e1lisan gener\u00e1lt vil\u00e1gban<\/strong><\/p>\n<p data-start=\"49\" data-end=\"129\"><img decoding=\"async\" class=\"bb_img aligncenter\" src=\"https:\/\/shared.fastly.steamstatic.com\/store_item_assets\/steam\/apps\/2187290\/extras\/dig_framenew_600px.gif?t=1742555250\"><\/p>\n<p class=\"\" data-start=\"131\" data-end=\"524\">\u00dcdv\u00f6z\u00f6lj\u00fck a World Wall j\u00e1t\u00e9kban, ahol procedur\u00e1lisan gener\u00e1lt b\u00e1ny\u00e1kat \u00e9s fantasztikus bioszf\u00e9r\u00e1kat fedezhetsz fel. Keress nyersanyagokat \u00e9s technol\u00f3gi\u00e1kat, amelyek utat nyitnak az \u00e9rt\u00e9kes fejleszt\u00e9sekhez. Harcolj az agressz\u00edv sz\u00f6rnyek hord\u00e1ival egy mobil b\u00e1zis t\u00e1mogat\u00e1s\u00e1val. \u00c9lj t\u00fal napokat \u00e9s \u00e9jszak\u00e1kat, szabadon felfedezve a Falat k\u00fcl\u00f6nb\u00f6z\u0151 id\u0151j\u00e1r\u00e1si k\u00f6r\u00fclm\u00e9nyek k\u00f6z\u00f6tt. Fedezd fel a &#8222;t\u00f6bbiek&#8221; maradv\u00e1nyait, \u00e9s \u00e1ss b\u00e1tran ott, ahol m\u00e9g senki sem j\u00e1rt.    <\/p>\n<p data-start=\"131\" data-end=\"524\"><img decoding=\"async\" class=\"bb_img aligncenter\" src=\"https:\/\/shared.fastly.steamstatic.com\/store_item_assets\/steam\/apps\/2187290\/extras\/battle_framenew600px.gif?t=1742555250\"><\/p>\n<p class=\"\" data-start=\"526\" data-end=\"543\"><strong data-start=\"526\" data-end=\"543\">F\u0151bb jellemz\u0151k:<\/strong><\/p>\n<ul data-start=\"544\" data-end=\"1109\">\n<li class=\"\" data-start=\"544\" data-end=\"651\">\n<p class=\"\" data-start=\"546\" data-end=\"651\"><strong data-start=\"546\" data-end=\"560\">B\u00e1nya:<\/strong> \u00c1ss a Fal m\u00e9ly\u00e9n, keress nyersanyagokat \u00e9s technol\u00f3gi\u00e1t a fejleszt\u00e9sekhez, fedezz fel \u00faj bioszf\u00e9r\u00e1kat.<\/p>\n<\/li>\n<li class=\"\" data-start=\"652\" data-end=\"762\">\n<p class=\"\" data-start=\"654\" data-end=\"762\"><strong data-start=\"654\" data-end=\"664\">Harc:<\/strong> \u00c1llj szemben a r\u00e9m\u00e1lmokkal k\u00fcl\u00f6nb\u00f6z\u0151 fegyverekkel \u00e9s strat\u00e9gi\u00e1kkal, n\u00f6velve ezzel a t\u00fal\u00e9l\u00e9si es\u00e9lyeidet.<\/p>\n<\/li>\n<li class=\"\" data-start=\"763\" data-end=\"880\">\n<p class=\"\" data-start=\"765\" data-end=\"880\">Friss\u00edt\u00e9s<strong data-start=\"765\" data-end=\"778\">:<\/strong> Friss\u00edtsd a robotp\u00e1nc\u00e9l \u00e9s a harci funkci\u00f3kat, hogy legy\u0151zd az egyre vesz\u00e9lyesebb ellens\u00e9get.<\/p>\n<\/li>\n<li class=\"\" data-start=\"881\" data-end=\"994\">\n<p class=\"\" data-start=\"883\" data-end=\"994\"><strong data-start=\"883\" data-end=\"893\">\u00c9p\u00edtkezz:<\/strong> \u00c9p\u00edts v\u00e9delmi tornyokat, jav\u00edt\u00f3\u00e1llom\u00e1sokat \u00e9s fejleszd az \u00e9p\u00fcleteket, hogy n\u00f6veld a siker es\u00e9lyeit.<\/p>\n<\/li>\n<li class=\"\" data-start=\"995\" data-end=\"1109\">\n<p class=\"\" data-start=\"997\" data-end=\"1109\"><strong data-start=\"997\" data-end=\"1010\">Fedezd fel:<\/strong> Fedezd fel a titokzatos helysz\u00edneket \u00e9s fantasztikus bioszf\u00e9r\u00e1kat, mik\u00f6zben megfigyeled a vil\u00e1gfal v\u00e1ltoz\u00f3 vil\u00e1g\u00e1t.<\/p>\n<\/li>\n<\/ul>\n<p><img decoding=\"async\" class=\"bb_img aligncenter\" src=\"https:\/\/shared.fastly.steamstatic.com\/store_item_assets\/steam\/apps\/2187290\/extras\/upgradestore.gif?t=1742555250\"><\/p>\n<p class=\"\" data-start=\"1111\" data-end=\"1223\">K\u00e9sz\u00fclj fel egy soha v\u00e9get nem \u00e9r\u0151 kalandra egy vesz\u00e9lyekkel \u00e9s felt\u00e1ratlan rejt\u00e9lyekkel teli vil\u00e1gban!<\/p>\n","protected":false},"excerpt":{"rendered":"<p>Vedd magadra a World Wall felfedez\u0151j\u00e9nek szerep\u00e9t, ahol procedur\u00e1lisan gener\u00e1lt b\u00e1ny\u00e1k \u00e9s fantasztikus bioszf\u00e9r\u00e1k v\u00e1rnak minden egyes m\u00e9lys\u00e9gben. K\u00fczdj meg a sz\u00f6rnyekkel, fejleszd a robopododat \u00e9s \u00e9p\u00edts v\u00e9d\u0151tornyokat, hogy t\u00fal\u00e9lj ebben a dinamikus, folyamatosan v\u00e1ltoz\u00f3 vil\u00e1gban. <\/p>\n<p>\ud83c\udf0d Glob\u00e1lis<br \/>\n\u2699\ufe0f Steam<br \/>\n\ud83d\udddd Digit\u00e1lis kulcs<\/p>\n","protected":false},"featured_media":36048,"template":"","meta":{"_acf_changed":false,"site-sidebar-layout":"default","site-content-layout":"","ast-site-content-layout":"default","site-content-style":"default","site-sidebar-style":"default","ast-global-header-display":"","ast-banner-title-visibility":"","ast-main-header-display":"","ast-hfb-above-header-display":"","ast-hfb-below-header-display":"","ast-hfb-mobile-header-display":"","site-post-title":"","ast-breadcrumbs-content":"","ast-featured-img":"","footer-sml-layout":"","ast-disable-related-posts":"","theme-transparent-header-meta":"default","adv-header-id-meta":"","stick-header-meta":"","header-above-stick-meta":"","header-main-stick-meta":"","header-below-stick-meta":"","astra-migrate-meta-layouts":"default","ast-page-background-enabled":"default","ast-page-background-meta":{"desktop":{"background-color":"var(--ast-global-color-4)","background-image":"","background-repeat":"repeat","background-position":"center center","background-size":"auto","background-attachment":"scroll","background-type":"","background-media":"","overlay-type":"","overlay-color":"","overlay-opacity":"","overlay-gradient":""},"tablet":{"background-color":"","background-image":"","background-repeat":"repeat","background-position":"center center","background-size":"auto","background-attachment":"scroll","background-type":"","background-media":"","overlay-type":"","overlay-color":"","overlay-opacity":"","overlay-gradient":""},"mobile":{"background-color":"","background-image":"","background-repeat":"repeat","background-position":"center center","background-size":"auto","background-attachment":"scroll","background-type":"","background-media":"","overlay-type":"","overlay-color":"","overlay-opacity":"","overlay-gradient":""}},"ast-content-background-meta":{"desktop":{"background-color":"var(--ast-global-color-5)","background-image":"","background-repeat":"repeat","background-position":"center center","background-size":"auto","background-attachment":"scroll","background-type":"","background-media":"","overlay-type":"","overlay-color":"","overlay-opacity":"","overlay-gradient":""},"tablet":{"background-color":"var(--ast-global-color-5)","background-image":"","background-repeat":"repeat","background-position":"center center","background-size":"auto","background-attachment":"scroll","background-type":"","background-media":"","overlay-type":"","overlay-color":"","overlay-opacity":"","overlay-gradient":""},"mobile":{"background-color":"var(--ast-global-color-5)","background-image":"","background-repeat":"repeat","background-position":"center center","background-size":"auto","background-attachment":"scroll","background-type":"","background-media":"","overlay-type":"","overlay-color":"","overlay-opacity":"","overlay-gradient":""}}},"product_brand":[],"product_cat":[371,443,369,365,363,386],"product_tag":[],"class_list":{"0":"post-36056","1":"product","2":"type-product","3":"status-publish","4":"has-post-thumbnail","6":"product_cat-akcio-jatekok","7":"product_cat-alawar-hu","8":"product_cat-csarnokok","9":"product_cat-goz","10":"product_cat-kaland-jatekok","11":"product_cat-strategiai-jatekok","12":"desktop-align-left","13":"tablet-align-left","14":"mobile-align-left","16":"first","17":"instock","18":"virtual","19":"purchasable","20":"product-type-simple"},"acf":[],"yoast_head":"<!-- This site is optimized with the Yoast SEO Premium plugin v27.4 (Yoast SEO v27.4) - https:\/\/yoast.com\/product\/yoast-seo-premium-wordpress\/ -->\n<title>Wall World - Prismagamers.com<\/title>\n<meta name=\"description\" content=\"Vedd magadra a World Wall felfedez\u0151j\u00e9nek szerep\u00e9t, ahol procedur\u00e1lisan gener\u00e1lt b\u00e1ny\u00e1k \u00e9s fantasztikus bioszf\u00e9r\u00e1k v\u00e1rnak minden egyes m\u00e9lys\u00e9gben. K\u00fczdj meg a sz\u00f6rnyekkel, fejleszd a robopododat \u00e9s \u00e9p\u00edts v\u00e9d\u0151tornyokat, hogy t\u00fal\u00e9lj ebben a dinamikus, folyamatosan v\u00e1ltoz\u00f3 vil\u00e1gban.  \ud83c\udf0d Glob\u00e1lis \u2699\ufe0f Steam \ud83d\udddd Digit\u00e1lis kulcs\" \/>\n<meta name=\"robots\" content=\"index, follow, max-snippet:-1, max-image-preview:large, max-video-preview:-1\" \/>\n<link rel=\"canonical\" href=\"https:\/\/prismagamers.com\/hu\/produkt\/wall-world\/\" \/>\n<meta property=\"og:locale\" content=\"hu_HU\" \/>\n<meta property=\"og:type\" content=\"article\" \/>\n<meta property=\"og:title\" content=\"Wall World\" \/>\n<meta property=\"og:description\" content=\"Vedd magadra a World Wall felfedez\u0151j\u00e9nek szerep\u00e9t, ahol procedur\u00e1lisan gener\u00e1lt b\u00e1ny\u00e1k \u00e9s fantasztikus bioszf\u00e9r\u00e1k v\u00e1rnak minden egyes m\u00e9lys\u00e9gben. K\u00fczdj meg a sz\u00f6rnyekkel, fejleszd a robopododat \u00e9s \u00e9p\u00edts v\u00e9d\u0151tornyokat, hogy t\u00fal\u00e9lj ebben a dinamikus, folyamatosan v\u00e1ltoz\u00f3 vil\u00e1gban.  \ud83c\udf0d Glob\u00e1lis \u2699\ufe0f Steam \ud83d\udddd Digit\u00e1lis kulcs\" \/>\n<meta property=\"og:url\" content=\"https:\/\/prismagamers.com\/hu\/produkt\/wall-world\/\" \/>\n<meta property=\"og:site_name\" content=\"Prismagamers.com\" \/>\n<meta property=\"article:publisher\" content=\"https:\/\/www.facebook.com\/prismagamers\" \/>\n<meta property=\"article:modified_time\" content=\"2026-03-04T23:00:30+00:00\" \/>\n<meta property=\"og:image\" content=\"https:\/\/prismagamers.com\/wp-content\/uploads\/2025\/04\/library_600x900_2x-25.jpg\" \/>\n\t<meta property=\"og:image:width\" content=\"600\" \/>\n\t<meta property=\"og:image:height\" content=\"900\" \/>\n\t<meta property=\"og:image:type\" content=\"image\/jpeg\" \/>\n<meta name=\"twitter:card\" content=\"summary_large_image\" \/>\n<meta name=\"twitter:label1\" content=\"Becs\u00fclt olvas\u00e1si id\u0151\" \/>\n\t<meta name=\"twitter:data1\" content=\"1 perc\" \/>\n<script type=\"application\/ld+json\" class=\"yoast-schema-graph\">{\"@context\":\"https:\\\/\\\/schema.org\",\"@graph\":[{\"@type\":\"WebPage\",\"@id\":\"https:\\\/\\\/prismagamers.com\\\/hu\\\/produkt\\\/wall-world\\\/\",\"url\":\"https:\\\/\\\/prismagamers.com\\\/hu\\\/produkt\\\/wall-world\\\/\",\"name\":\"Wall World - Prismagamers.com\",\"isPartOf\":{\"@id\":\"https:\\\/\\\/prismagamers.com\\\/hu\\\/#website\"},\"primaryImageOfPage\":{\"@id\":\"https:\\\/\\\/prismagamers.com\\\/hu\\\/produkt\\\/wall-world\\\/#primaryimage\"},\"image\":{\"@id\":\"https:\\\/\\\/prismagamers.com\\\/hu\\\/produkt\\\/wall-world\\\/#primaryimage\"},\"thumbnailUrl\":\"https:\\\/\\\/prismagamers.com\\\/wp-content\\\/uploads\\\/2025\\\/04\\\/library_600x900_2x-25.jpg\",\"datePublished\":\"2025-04-11T21:11:40+00:00\",\"dateModified\":\"2026-03-04T23:00:30+00:00\",\"description\":\"Vedd magadra a World Wall felfedez\u0151j\u00e9nek szerep\u00e9t, ahol procedur\u00e1lisan gener\u00e1lt b\u00e1ny\u00e1k \u00e9s fantasztikus bioszf\u00e9r\u00e1k v\u00e1rnak minden egyes m\u00e9lys\u00e9gben. K\u00fczdj meg a sz\u00f6rnyekkel, fejleszd a robopododat \u00e9s \u00e9p\u00edts v\u00e9d\u0151tornyokat, hogy t\u00fal\u00e9lj ebben a dinamikus, folyamatosan v\u00e1ltoz\u00f3 vil\u00e1gban. \ud83c\udf0d Glob\u00e1lis \u2699\ufe0f Steam \ud83d\udddd Digit\u00e1lis kulcs\",\"breadcrumb\":{\"@id\":\"https:\\\/\\\/prismagamers.com\\\/hu\\\/produkt\\\/wall-world\\\/#breadcrumb\"},\"inLanguage\":\"hu\",\"potentialAction\":[{\"@type\":\"ReadAction\",\"target\":[\"https:\\\/\\\/prismagamers.com\\\/hu\\\/produkt\\\/wall-world\\\/\"]}]},{\"@type\":\"ImageObject\",\"inLanguage\":\"hu\",\"@id\":\"https:\\\/\\\/prismagamers.com\\\/hu\\\/produkt\\\/wall-world\\\/#primaryimage\",\"url\":\"https:\\\/\\\/prismagamers.com\\\/wp-content\\\/uploads\\\/2025\\\/04\\\/library_600x900_2x-25.jpg\",\"contentUrl\":\"https:\\\/\\\/prismagamers.com\\\/wp-content\\\/uploads\\\/2025\\\/04\\\/library_600x900_2x-25.jpg\",\"width\":600,\"height\":900,\"caption\":\"Wall World bor\u00edt\u00f3\"},{\"@type\":\"BreadcrumbList\",\"@id\":\"https:\\\/\\\/prismagamers.com\\\/hu\\\/produkt\\\/wall-world\\\/#breadcrumb\",\"itemListElement\":[{\"@type\":\"ListItem\",\"position\":1,\"name\":\"Strona g\u0142\u00f3wna\",\"item\":\"https:\\\/\\\/prismagamers.com\\\/hu\\\/prismagamers\\\/\"},{\"@type\":\"ListItem\",\"position\":2,\"name\":\"Shop\",\"item\":\"https:\\\/\\\/prismagamers.com\\\/hu\\\/shop\\\/\"},{\"@type\":\"ListItem\",\"position\":3,\"name\":\"Wall World\"}]},{\"@type\":\"WebSite\",\"@id\":\"https:\\\/\\\/prismagamers.com\\\/hu\\\/#website\",\"url\":\"https:\\\/\\\/prismagamers.com\\\/hu\\\/\",\"name\":\"Prismagamers\",\"description\":\"Sklep z grami PC I Sklep klucze Steam\",\"publisher\":{\"@id\":\"https:\\\/\\\/prismagamers.com\\\/hu\\\/#organization\"},\"potentialAction\":[{\"@type\":\"SearchAction\",\"target\":{\"@type\":\"EntryPoint\",\"urlTemplate\":\"https:\\\/\\\/prismagamers.com\\\/hu\\\/?s={search_term_string}\"},\"query-input\":{\"@type\":\"PropertyValueSpecification\",\"valueRequired\":true,\"valueName\":\"search_term_string\"}}],\"inLanguage\":\"hu\"},{\"@type\":\"Organization\",\"@id\":\"https:\\\/\\\/prismagamers.com\\\/hu\\\/#organization\",\"name\":\"Prismagamers\",\"url\":\"https:\\\/\\\/prismagamers.com\\\/hu\\\/\",\"logo\":{\"@type\":\"ImageObject\",\"inLanguage\":\"hu\",\"@id\":\"https:\\\/\\\/prismagamers.com\\\/hu\\\/#\\\/schema\\\/logo\\\/image\\\/\",\"url\":\"https:\\\/\\\/prismagamers.com\\\/wp-content\\\/uploads\\\/2022\\\/04\\\/cropped-logo-Prismagamers-01-scaled-1.jpg\",\"contentUrl\":\"https:\\\/\\\/prismagamers.com\\\/wp-content\\\/uploads\\\/2022\\\/04\\\/cropped-logo-Prismagamers-01-scaled-1.jpg\",\"width\":512,\"height\":512,\"caption\":\"Prismagamers\"},\"image\":{\"@id\":\"https:\\\/\\\/prismagamers.com\\\/hu\\\/#\\\/schema\\\/logo\\\/image\\\/\"},\"sameAs\":[\"https:\\\/\\\/www.facebook.com\\\/prismagamers\",\"https:\\\/\\\/www.instagram.com\\\/prismagamers_grycyfrowe\\\/\"],\"description\":\"Prismagamers.com to dynamiczny sklep z grami cyfrowymi, stworzony z my\u015bl\u0105 o entuzjastach gier wideo. Nasza strona oferuje szerok\u0105 gam\u0119 gier komputerowych, w tym najnowsze tytu\u0142y, dobrze znane klasyki oraz gry stworzone przez niezale\u017cne studia Ca\u0142y czas d\u0105\u017cymy do rozszerzenia naszej oferty. Do\u0142\u0105cz do nas i sta\u0144 si\u0119 cz\u0119\u015bci\u0105 naszej rosn\u0105cej spo\u0142eczno\u015bci graczy!\",\"email\":\"shop@prismagamers.com\",\"telephone\":\"48795541705\",\"legalName\":\"East Caravan Maksym \u017bukow\",\"foundingDate\":\"2012-05-10\",\"vatID\":\"PL8943038612\",\"taxID\":\"PL8943038612\",\"numberOfEmployees\":{\"@type\":\"QuantitativeValue\",\"minValue\":\"11\",\"maxValue\":\"50\"}}]}<\/script>\n<!-- \/ Yoast SEO Premium plugin. -->","yoast_head_json":{"title":"Wall World - Prismagamers.com","description":"Vedd magadra a World Wall felfedez\u0151j\u00e9nek szerep\u00e9t, ahol procedur\u00e1lisan gener\u00e1lt b\u00e1ny\u00e1k \u00e9s fantasztikus bioszf\u00e9r\u00e1k v\u00e1rnak minden egyes m\u00e9lys\u00e9gben. K\u00fczdj meg a sz\u00f6rnyekkel, fejleszd a robopododat \u00e9s \u00e9p\u00edts v\u00e9d\u0151tornyokat, hogy t\u00fal\u00e9lj ebben a dinamikus, folyamatosan v\u00e1ltoz\u00f3 vil\u00e1gban.  \ud83c\udf0d Glob\u00e1lis \u2699\ufe0f Steam \ud83d\udddd Digit\u00e1lis kulcs","robots":{"index":"index","follow":"follow","max-snippet":"max-snippet:-1","max-image-preview":"max-image-preview:large","max-video-preview":"max-video-preview:-1"},"canonical":"https:\/\/prismagamers.com\/hu\/produkt\/wall-world\/","og_locale":"hu_HU","og_type":"article","og_title":"Wall World","og_description":"Vedd magadra a World Wall felfedez\u0151j\u00e9nek szerep\u00e9t, ahol procedur\u00e1lisan gener\u00e1lt b\u00e1ny\u00e1k \u00e9s fantasztikus bioszf\u00e9r\u00e1k v\u00e1rnak minden egyes m\u00e9lys\u00e9gben. K\u00fczdj meg a sz\u00f6rnyekkel, fejleszd a robopododat \u00e9s \u00e9p\u00edts v\u00e9d\u0151tornyokat, hogy t\u00fal\u00e9lj ebben a dinamikus, folyamatosan v\u00e1ltoz\u00f3 vil\u00e1gban.  \ud83c\udf0d Glob\u00e1lis \u2699\ufe0f Steam \ud83d\udddd Digit\u00e1lis kulcs","og_url":"https:\/\/prismagamers.com\/hu\/produkt\/wall-world\/","og_site_name":"Prismagamers.com","article_publisher":"https:\/\/www.facebook.com\/prismagamers","article_modified_time":"2026-03-04T23:00:30+00:00","og_image":[{"width":600,"height":900,"url":"https:\/\/prismagamers.com\/wp-content\/uploads\/2025\/04\/library_600x900_2x-25.jpg","type":"image\/jpeg"}],"twitter_card":"summary_large_image","twitter_misc":{"Becs\u00fclt olvas\u00e1si id\u0151":"1 perc"},"schema":{"@context":"https:\/\/schema.org","@graph":[{"@type":"WebPage","@id":"https:\/\/prismagamers.com\/hu\/produkt\/wall-world\/","url":"https:\/\/prismagamers.com\/hu\/produkt\/wall-world\/","name":"Wall World - Prismagamers.com","isPartOf":{"@id":"https:\/\/prismagamers.com\/hu\/#website"},"primaryImageOfPage":{"@id":"https:\/\/prismagamers.com\/hu\/produkt\/wall-world\/#primaryimage"},"image":{"@id":"https:\/\/prismagamers.com\/hu\/produkt\/wall-world\/#primaryimage"},"thumbnailUrl":"https:\/\/prismagamers.com\/wp-content\/uploads\/2025\/04\/library_600x900_2x-25.jpg","datePublished":"2025-04-11T21:11:40+00:00","dateModified":"2026-03-04T23:00:30+00:00","description":"Vedd magadra a World Wall felfedez\u0151j\u00e9nek szerep\u00e9t, ahol procedur\u00e1lisan gener\u00e1lt b\u00e1ny\u00e1k \u00e9s fantasztikus bioszf\u00e9r\u00e1k v\u00e1rnak minden egyes m\u00e9lys\u00e9gben. K\u00fczdj meg a sz\u00f6rnyekkel, fejleszd a robopododat \u00e9s \u00e9p\u00edts v\u00e9d\u0151tornyokat, hogy t\u00fal\u00e9lj ebben a dinamikus, folyamatosan v\u00e1ltoz\u00f3 vil\u00e1gban. \ud83c\udf0d Glob\u00e1lis \u2699\ufe0f Steam \ud83d\udddd Digit\u00e1lis kulcs","breadcrumb":{"@id":"https:\/\/prismagamers.com\/hu\/produkt\/wall-world\/#breadcrumb"},"inLanguage":"hu","potentialAction":[{"@type":"ReadAction","target":["https:\/\/prismagamers.com\/hu\/produkt\/wall-world\/"]}]},{"@type":"ImageObject","inLanguage":"hu","@id":"https:\/\/prismagamers.com\/hu\/produkt\/wall-world\/#primaryimage","url":"https:\/\/prismagamers.com\/wp-content\/uploads\/2025\/04\/library_600x900_2x-25.jpg","contentUrl":"https:\/\/prismagamers.com\/wp-content\/uploads\/2025\/04\/library_600x900_2x-25.jpg","width":600,"height":900,"caption":"Wall World bor\u00edt\u00f3"},{"@type":"BreadcrumbList","@id":"https:\/\/prismagamers.com\/hu\/produkt\/wall-world\/#breadcrumb","itemListElement":[{"@type":"ListItem","position":1,"name":"Strona g\u0142\u00f3wna","item":"https:\/\/prismagamers.com\/hu\/prismagamers\/"},{"@type":"ListItem","position":2,"name":"Shop","item":"https:\/\/prismagamers.com\/hu\/shop\/"},{"@type":"ListItem","position":3,"name":"Wall World"}]},{"@type":"WebSite","@id":"https:\/\/prismagamers.com\/hu\/#website","url":"https:\/\/prismagamers.com\/hu\/","name":"Prismagamers","description":"Sklep z grami PC I Sklep klucze Steam","publisher":{"@id":"https:\/\/prismagamers.com\/hu\/#organization"},"potentialAction":[{"@type":"SearchAction","target":{"@type":"EntryPoint","urlTemplate":"https:\/\/prismagamers.com\/hu\/?s={search_term_string}"},"query-input":{"@type":"PropertyValueSpecification","valueRequired":true,"valueName":"search_term_string"}}],"inLanguage":"hu"},{"@type":"Organization","@id":"https:\/\/prismagamers.com\/hu\/#organization","name":"Prismagamers","url":"https:\/\/prismagamers.com\/hu\/","logo":{"@type":"ImageObject","inLanguage":"hu","@id":"https:\/\/prismagamers.com\/hu\/#\/schema\/logo\/image\/","url":"https:\/\/prismagamers.com\/wp-content\/uploads\/2022\/04\/cropped-logo-Prismagamers-01-scaled-1.jpg","contentUrl":"https:\/\/prismagamers.com\/wp-content\/uploads\/2022\/04\/cropped-logo-Prismagamers-01-scaled-1.jpg","width":512,"height":512,"caption":"Prismagamers"},"image":{"@id":"https:\/\/prismagamers.com\/hu\/#\/schema\/logo\/image\/"},"sameAs":["https:\/\/www.facebook.com\/prismagamers","https:\/\/www.instagram.com\/prismagamers_grycyfrowe\/"],"description":"Prismagamers.com to dynamiczny sklep z grami cyfrowymi, stworzony z my\u015bl\u0105 o entuzjastach gier wideo. Nasza strona oferuje szerok\u0105 gam\u0119 gier komputerowych, w tym najnowsze tytu\u0142y, dobrze znane klasyki oraz gry stworzone przez niezale\u017cne studia Ca\u0142y czas d\u0105\u017cymy do rozszerzenia naszej oferty. Do\u0142\u0105cz do nas i sta\u0144 si\u0119 cz\u0119\u015bci\u0105 naszej rosn\u0105cej spo\u0142eczno\u015bci graczy!","email":"shop@prismagamers.com","telephone":"48795541705","legalName":"East Caravan Maksym \u017bukow","foundingDate":"2012-05-10","vatID":"PL8943038612","taxID":"PL8943038612","numberOfEmployees":{"@type":"QuantitativeValue","minValue":"11","maxValue":"50"}}]}},"_links":{"self":[{"href":"https:\/\/prismagamers.com\/hu\/wp-json\/wp\/v2\/product\/36056","targetHints":{"allow":["GET"]}}],"collection":[{"href":"https:\/\/prismagamers.com\/hu\/wp-json\/wp\/v2\/product"}],"about":[{"href":"https:\/\/prismagamers.com\/hu\/wp-json\/wp\/v2\/types\/product"}],"wp:featuredmedia":[{"embeddable":true,"href":"https:\/\/prismagamers.com\/hu\/wp-json\/wp\/v2\/media\/36048"}],"wp:attachment":[{"href":"https:\/\/prismagamers.com\/hu\/wp-json\/wp\/v2\/media?parent=36056"}],"wp:term":[{"taxonomy":"product_brand","embeddable":true,"href":"https:\/\/prismagamers.com\/hu\/wp-json\/wp\/v2\/product_brand?post=36056"},{"taxonomy":"product_cat","embeddable":true,"href":"https:\/\/prismagamers.com\/hu\/wp-json\/wp\/v2\/product_cat?post=36056"},{"taxonomy":"product_tag","embeddable":true,"href":"https:\/\/prismagamers.com\/hu\/wp-json\/wp\/v2\/product_tag?post=36056"}],"curies":[{"name":"wp","href":"https:\/\/api.w.org\/{rel}","templated":true}]}}