{"id":36068,"date":"2025-04-11T23:16:40","date_gmt":"2025-04-11T21:16:40","guid":{"rendered":"https:\/\/prismagamers.com\/produkt\/wall-world-mely-fenyegetes\/"},"modified":"2026-03-05T00:00:34","modified_gmt":"2026-03-04T23:00:34","slug":"wall-world-mely-fenyegetes","status":"publish","type":"product","link":"https:\/\/prismagamers.com\/hu\/produkt\/wall-world-mely-fenyegetes\/","title":{"rendered":"Wall World: Deep Threat"},"content":{"rendered":"<p data-start=\"125\" data-end=\"168\"><strong data-start=\"125\" data-end=\"168\">M\u00e9ly fenyeget\u00e9s: Fedezze fel a fal \u00faj titkait<\/strong><\/p>\n<p data-start=\"170\" data-end=\"494\">\u00dcdv\u00f6z\u00f6lj\u00fck a &#8222;Deep Threat&#8221;, egy leny\u0171g\u00f6z\u0151 kieg\u00e9sz\u00edt\u00e9se a j\u00e1t\u00e9k &#8222;World Wall&#8221;! Ez\u00fattal a Fal ismeretlen zugait fedezed fel, amelyek tele vannak elfeledett kincsekkel \u00e9s titokzatos t\u00f6rt\u00e9nelemmel. \u00c1ss a m\u00e9lybe kilenc \u00faj b\u00e1nya biomban, ahol relikvia leletek \u00e9s fejlett technol\u00f3gi\u00e1k v\u00e1rnak r\u00e1d, amelyeket eddig m\u00e9g nem l\u00e1thatt\u00e1l.<\/p>\n<p data-start=\"496\" data-end=\"725\">K\u00e9sz\u00fclj fel az \u00faj t\u00edpus\u00fa ellens\u00e9gek \u00e9s er\u0151s f\u0151n\u00f6k\u00f6k elleni harcra, akik a fal titokzatos ter\u00fcleteit \u0151rzik. Minden egyes biome saj\u00e1t rejtv\u00e9nyeket \u00e9s vesz\u00e9lyeket rejt, amelyeket le kell gy\u0151zn\u00f6d, hogy felfedezd a hely igazi arc\u00e1t.<\/p>\n<p data-start=\"727\" data-end=\"976\">Fedezze fel a rejtett leleteket, amelyek f\u00e9nyt der\u00edtenek a Fal \u0151si m\u00faltj\u00e1ra. Fedezzen fel olyan t\u00f6rt\u00e9neteket \u00e9s esem\u00e9nyeket, amelyek eddig rejtve voltak a m\u00e9ly\u00e9n. K\u00e9pes leszel-e megfejteni a rejt\u00e9lyeket, amelyek \u00e9vsz\u00e1zadok \u00f3ta szunnyadnak e felt\u00e1ratlan vil\u00e1g sz\u00edv\u00e9ben?<\/p>\n<p data-start=\"727\" data-end=\"976\"><strong>A kieg\u00e9sz\u00edt\u0151h\u00f6z a <a href=\"https:\/\/prismagamers.com\/hu\/produkt\/wall-world\/\">Wall World<\/a> alapverzi\u00f3ja sz\u00fcks\u00e9ges.<\/strong><\/p>\n","protected":false},"excerpt":{"rendered":"<p>\u00dcdv\u00f6z\u00f6lj\u00fck a Deep Threat, egy \u00fajabb vil\u00e1gfal t\u00f6rt\u00e9net\u00e9n\u00e9l! \u00c9lj \u00e1t egy izgalmas kalandot, mik\u00f6zben felfedezed a Fal ismeretlen r\u00e9szeit, amelyek tele vannak kincsekkel \u00e9s az \u0151si m\u00falt titkaival. \u00c1ss \u00faj b\u00e1nyabiomok m\u00e9ly\u00e9re, k\u00fczdj meg hatalmas ellens\u00e9gekkel, \u00e9s fedezd fel ennek a rendk\u00edv\u00fcli vil\u00e1gnak a m\u00e9ly\u00e9n rejt\u0151z\u0151, elfeledett esem\u00e9nyeket.<\/p>\n<p>\ud83c\udf0d Glob\u00e1lis<br \/>\n\u2699\ufe0f Steam<br \/>\n\ud83d\udddd Digit\u00e1lis kulcs<\/p>\n","protected":false},"featured_media":36064,"template":"","meta":{"_acf_changed":false,"site-sidebar-layout":"default","site-content-layout":"","ast-site-content-layout":"default","site-content-style":"default","site-sidebar-style":"default","ast-global-header-display":"","ast-banner-title-visibility":"","ast-main-header-display":"","ast-hfb-above-header-display":"","ast-hfb-below-header-display":"","ast-hfb-mobile-header-display":"","site-post-title":"","ast-breadcrumbs-content":"","ast-featured-img":"","footer-sml-layout":"","ast-disable-related-posts":"","theme-transparent-header-meta":"default","adv-header-id-meta":"","stick-header-meta":"","header-above-stick-meta":"","header-main-stick-meta":"","header-below-stick-meta":"","astra-migrate-meta-layouts":"set","ast-page-background-enabled":"default","ast-page-background-meta":{"desktop":{"background-color":"var(--ast-global-color-4)","background-image":"","background-repeat":"repeat","background-position":"center center","background-size":"auto","background-attachment":"scroll","background-type":"","background-media":"","overlay-type":"","overlay-color":"","overlay-opacity":"","overlay-gradient":""},"tablet":{"background-color":"","background-image":"","background-repeat":"repeat","background-position":"center center","background-size":"auto","background-attachment":"scroll","background-type":"","background-media":"","overlay-type":"","overlay-color":"","overlay-opacity":"","overlay-gradient":""},"mobile":{"background-color":"","background-image":"","background-repeat":"repeat","background-position":"center center","background-size":"auto","background-attachment":"scroll","background-type":"","background-media":"","overlay-type":"","overlay-color":"","overlay-opacity":"","overlay-gradient":""}},"ast-content-background-meta":{"desktop":{"background-color":"var(--ast-global-color-5)","background-image":"","background-repeat":"repeat","background-position":"center center","background-size":"auto","background-attachment":"scroll","background-type":"","background-media":"","overlay-type":"","overlay-color":"","overlay-opacity":"","overlay-gradient":""},"tablet":{"background-color":"var(--ast-global-color-5)","background-image":"","background-repeat":"repeat","background-position":"center center","background-size":"auto","background-attachment":"scroll","background-type":"","background-media":"","overlay-type":"","overlay-color":"","overlay-opacity":"","overlay-gradient":""},"mobile":{"background-color":"var(--ast-global-color-5)","background-image":"","background-repeat":"repeat","background-position":"center center","background-size":"auto","background-attachment":"scroll","background-type":"","background-media":"","overlay-type":"","overlay-color":"","overlay-opacity":"","overlay-gradient":""}}},"product_brand":[],"product_cat":[371,443,369,368,365,363,386],"product_tag":[],"class_list":{"0":"post-36068","1":"product","2":"type-product","3":"status-publish","4":"has-post-thumbnail","6":"product_cat-akcio-jatekok","7":"product_cat-alawar-hu","8":"product_cat-csarnokok","9":"product_cat-dlc-hu","10":"product_cat-goz","11":"product_cat-kaland-jatekok","12":"product_cat-strategiai-jatekok","13":"desktop-align-left","14":"tablet-align-left","15":"mobile-align-left","17":"first","18":"instock","19":"virtual","20":"purchasable","21":"product-type-simple"},"acf":[],"yoast_head":"<!-- This site is optimized with the Yoast SEO Premium plugin v27.4 (Yoast SEO v27.4) - https:\/\/yoast.com\/product\/yoast-seo-premium-wordpress\/ -->\n<title>Wall World: Deep Threat - Prismagamers.com<\/title>\n<meta name=\"description\" content=\"\u00dcdv\u00f6z\u00f6lj\u00fck a Deep Threat, egy \u00fajabb vil\u00e1gfal t\u00f6rt\u00e9net\u00e9n\u00e9l! \u00c9lj \u00e1t egy izgalmas kalandot, mik\u00f6zben felfedezed a Fal ismeretlen r\u00e9szeit, amelyek tele vannak kincsekkel \u00e9s az \u0151si m\u00falt titkaival. \u00c1ss \u00faj b\u00e1nyabiomok m\u00e9ly\u00e9re, k\u00fczdj meg hatalmas ellens\u00e9gekkel, \u00e9s fedezd fel ennek a rendk\u00edv\u00fcli vil\u00e1gnak a m\u00e9ly\u00e9n rejt\u0151z\u0151, elfeledett esem\u00e9nyeket.  \ud83c\udf0d Glob\u00e1lis \u2699\ufe0f Steam \ud83d\udddd Digit\u00e1lis kulcs\" \/>\n<meta name=\"robots\" content=\"index, follow, max-snippet:-1, max-image-preview:large, max-video-preview:-1\" \/>\n<link rel=\"canonical\" href=\"https:\/\/prismagamers.com\/hu\/produkt\/wall-world-mely-fenyegetes\/\" \/>\n<meta property=\"og:locale\" content=\"hu_HU\" \/>\n<meta property=\"og:type\" content=\"article\" \/>\n<meta property=\"og:title\" content=\"Wall World: Deep Threat\" \/>\n<meta property=\"og:description\" content=\"\u00dcdv\u00f6z\u00f6lj\u00fck a Deep Threat, egy \u00fajabb vil\u00e1gfal t\u00f6rt\u00e9net\u00e9n\u00e9l! \u00c9lj \u00e1t egy izgalmas kalandot, mik\u00f6zben felfedezed a Fal ismeretlen r\u00e9szeit, amelyek tele vannak kincsekkel \u00e9s az \u0151si m\u00falt titkaival. \u00c1ss \u00faj b\u00e1nyabiomok m\u00e9ly\u00e9re, k\u00fczdj meg hatalmas ellens\u00e9gekkel, \u00e9s fedezd fel ennek a rendk\u00edv\u00fcli vil\u00e1gnak a m\u00e9ly\u00e9n rejt\u0151z\u0151, elfeledett esem\u00e9nyeket.  \ud83c\udf0d Glob\u00e1lis \u2699\ufe0f Steam \ud83d\udddd Digit\u00e1lis kulcs\" \/>\n<meta property=\"og:url\" content=\"https:\/\/prismagamers.com\/hu\/produkt\/wall-world-mely-fenyegetes\/\" \/>\n<meta property=\"og:site_name\" content=\"Prismagamers.com\" \/>\n<meta property=\"article:publisher\" content=\"https:\/\/www.facebook.com\/prismagamers\" \/>\n<meta property=\"article:modified_time\" content=\"2026-03-04T23:00:34+00:00\" \/>\n<meta property=\"og:image\" content=\"https:\/\/prismagamers.com\/wp-content\/uploads\/2025\/04\/boxshot-684x1024.png\" \/>\n\t<meta property=\"og:image:width\" content=\"684\" \/>\n\t<meta property=\"og:image:height\" content=\"1024\" \/>\n\t<meta property=\"og:image:type\" content=\"image\/png\" \/>\n<meta name=\"twitter:card\" content=\"summary_large_image\" \/>\n<meta name=\"twitter:label1\" content=\"Becs\u00fclt olvas\u00e1si id\u0151\" \/>\n\t<meta name=\"twitter:data1\" content=\"2 perc\" \/>\n<script type=\"application\/ld+json\" class=\"yoast-schema-graph\">{\"@context\":\"https:\\\/\\\/schema.org\",\"@graph\":[{\"@type\":\"WebPage\",\"@id\":\"https:\\\/\\\/prismagamers.com\\\/hu\\\/produkt\\\/wall-world-mely-fenyegetes\\\/\",\"url\":\"https:\\\/\\\/prismagamers.com\\\/hu\\\/produkt\\\/wall-world-mely-fenyegetes\\\/\",\"name\":\"Wall World: Deep Threat - Prismagamers.com\",\"isPartOf\":{\"@id\":\"https:\\\/\\\/prismagamers.com\\\/hu\\\/#website\"},\"primaryImageOfPage\":{\"@id\":\"https:\\\/\\\/prismagamers.com\\\/hu\\\/produkt\\\/wall-world-mely-fenyegetes\\\/#primaryimage\"},\"image\":{\"@id\":\"https:\\\/\\\/prismagamers.com\\\/hu\\\/produkt\\\/wall-world-mely-fenyegetes\\\/#primaryimage\"},\"thumbnailUrl\":\"https:\\\/\\\/prismagamers.com\\\/wp-content\\\/uploads\\\/2025\\\/04\\\/boxshot.png\",\"datePublished\":\"2025-04-11T21:16:40+00:00\",\"dateModified\":\"2026-03-04T23:00:34+00:00\",\"description\":\"\u00dcdv\u00f6z\u00f6lj\u00fck a Deep Threat, egy \u00fajabb vil\u00e1gfal t\u00f6rt\u00e9net\u00e9n\u00e9l! \u00c9lj \u00e1t egy izgalmas kalandot, mik\u00f6zben felfedezed a Fal ismeretlen r\u00e9szeit, amelyek tele vannak kincsekkel \u00e9s az \u0151si m\u00falt titkaival. \u00c1ss \u00faj b\u00e1nyabiomok m\u00e9ly\u00e9re, k\u00fczdj meg hatalmas ellens\u00e9gekkel, \u00e9s fedezd fel ennek a rendk\u00edv\u00fcli vil\u00e1gnak a m\u00e9ly\u00e9n rejt\u0151z\u0151, elfeledett esem\u00e9nyeket. \ud83c\udf0d Glob\u00e1lis \u2699\ufe0f Steam \ud83d\udddd Digit\u00e1lis kulcs\",\"breadcrumb\":{\"@id\":\"https:\\\/\\\/prismagamers.com\\\/hu\\\/produkt\\\/wall-world-mely-fenyegetes\\\/#breadcrumb\"},\"inLanguage\":\"hu\",\"potentialAction\":[{\"@type\":\"ReadAction\",\"target\":[\"https:\\\/\\\/prismagamers.com\\\/hu\\\/produkt\\\/wall-world-mely-fenyegetes\\\/\"]}]},{\"@type\":\"ImageObject\",\"inLanguage\":\"hu\",\"@id\":\"https:\\\/\\\/prismagamers.com\\\/hu\\\/produkt\\\/wall-world-mely-fenyegetes\\\/#primaryimage\",\"url\":\"https:\\\/\\\/prismagamers.com\\\/wp-content\\\/uploads\\\/2025\\\/04\\\/boxshot.png\",\"contentUrl\":\"https:\\\/\\\/prismagamers.com\\\/wp-content\\\/uploads\\\/2025\\\/04\\\/boxshot.png\",\"width\":1288,\"height\":1928,\"caption\":\"Wall World: Deep Threat cover\"},{\"@type\":\"BreadcrumbList\",\"@id\":\"https:\\\/\\\/prismagamers.com\\\/hu\\\/produkt\\\/wall-world-mely-fenyegetes\\\/#breadcrumb\",\"itemListElement\":[{\"@type\":\"ListItem\",\"position\":1,\"name\":\"Strona g\u0142\u00f3wna\",\"item\":\"https:\\\/\\\/prismagamers.com\\\/hu\\\/prismagamers\\\/\"},{\"@type\":\"ListItem\",\"position\":2,\"name\":\"Shop\",\"item\":\"https:\\\/\\\/prismagamers.com\\\/hu\\\/shop\\\/\"},{\"@type\":\"ListItem\",\"position\":3,\"name\":\"Wall World: Deep Threat\"}]},{\"@type\":\"WebSite\",\"@id\":\"https:\\\/\\\/prismagamers.com\\\/hu\\\/#website\",\"url\":\"https:\\\/\\\/prismagamers.com\\\/hu\\\/\",\"name\":\"Prismagamers\",\"description\":\"Sklep z grami PC I Sklep klucze Steam\",\"publisher\":{\"@id\":\"https:\\\/\\\/prismagamers.com\\\/hu\\\/#organization\"},\"potentialAction\":[{\"@type\":\"SearchAction\",\"target\":{\"@type\":\"EntryPoint\",\"urlTemplate\":\"https:\\\/\\\/prismagamers.com\\\/hu\\\/?s={search_term_string}\"},\"query-input\":{\"@type\":\"PropertyValueSpecification\",\"valueRequired\":true,\"valueName\":\"search_term_string\"}}],\"inLanguage\":\"hu\"},{\"@type\":\"Organization\",\"@id\":\"https:\\\/\\\/prismagamers.com\\\/hu\\\/#organization\",\"name\":\"Prismagamers\",\"url\":\"https:\\\/\\\/prismagamers.com\\\/hu\\\/\",\"logo\":{\"@type\":\"ImageObject\",\"inLanguage\":\"hu\",\"@id\":\"https:\\\/\\\/prismagamers.com\\\/hu\\\/#\\\/schema\\\/logo\\\/image\\\/\",\"url\":\"https:\\\/\\\/prismagamers.com\\\/wp-content\\\/uploads\\\/2022\\\/04\\\/cropped-logo-Prismagamers-01-scaled-1.jpg\",\"contentUrl\":\"https:\\\/\\\/prismagamers.com\\\/wp-content\\\/uploads\\\/2022\\\/04\\\/cropped-logo-Prismagamers-01-scaled-1.jpg\",\"width\":512,\"height\":512,\"caption\":\"Prismagamers\"},\"image\":{\"@id\":\"https:\\\/\\\/prismagamers.com\\\/hu\\\/#\\\/schema\\\/logo\\\/image\\\/\"},\"sameAs\":[\"https:\\\/\\\/www.facebook.com\\\/prismagamers\",\"https:\\\/\\\/www.instagram.com\\\/prismagamers_grycyfrowe\\\/\"],\"description\":\"Prismagamers.com to dynamiczny sklep z grami cyfrowymi, stworzony z my\u015bl\u0105 o entuzjastach gier wideo. Nasza strona oferuje szerok\u0105 gam\u0119 gier komputerowych, w tym najnowsze tytu\u0142y, dobrze znane klasyki oraz gry stworzone przez niezale\u017cne studia Ca\u0142y czas d\u0105\u017cymy do rozszerzenia naszej oferty. Do\u0142\u0105cz do nas i sta\u0144 si\u0119 cz\u0119\u015bci\u0105 naszej rosn\u0105cej spo\u0142eczno\u015bci graczy!\",\"email\":\"shop@prismagamers.com\",\"telephone\":\"48795541705\",\"legalName\":\"East Caravan Maksym \u017bukow\",\"foundingDate\":\"2012-05-10\",\"vatID\":\"PL8943038612\",\"taxID\":\"PL8943038612\",\"numberOfEmployees\":{\"@type\":\"QuantitativeValue\",\"minValue\":\"11\",\"maxValue\":\"50\"}}]}<\/script>\n<!-- \/ Yoast SEO Premium plugin. -->","yoast_head_json":{"title":"Wall World: Deep Threat - Prismagamers.com","description":"\u00dcdv\u00f6z\u00f6lj\u00fck a Deep Threat, egy \u00fajabb vil\u00e1gfal t\u00f6rt\u00e9net\u00e9n\u00e9l! \u00c9lj \u00e1t egy izgalmas kalandot, mik\u00f6zben felfedezed a Fal ismeretlen r\u00e9szeit, amelyek tele vannak kincsekkel \u00e9s az \u0151si m\u00falt titkaival. \u00c1ss \u00faj b\u00e1nyabiomok m\u00e9ly\u00e9re, k\u00fczdj meg hatalmas ellens\u00e9gekkel, \u00e9s fedezd fel ennek a rendk\u00edv\u00fcli vil\u00e1gnak a m\u00e9ly\u00e9n rejt\u0151z\u0151, elfeledett esem\u00e9nyeket.  \ud83c\udf0d Glob\u00e1lis \u2699\ufe0f Steam \ud83d\udddd Digit\u00e1lis kulcs","robots":{"index":"index","follow":"follow","max-snippet":"max-snippet:-1","max-image-preview":"max-image-preview:large","max-video-preview":"max-video-preview:-1"},"canonical":"https:\/\/prismagamers.com\/hu\/produkt\/wall-world-mely-fenyegetes\/","og_locale":"hu_HU","og_type":"article","og_title":"Wall World: Deep Threat","og_description":"\u00dcdv\u00f6z\u00f6lj\u00fck a Deep Threat, egy \u00fajabb vil\u00e1gfal t\u00f6rt\u00e9net\u00e9n\u00e9l! \u00c9lj \u00e1t egy izgalmas kalandot, mik\u00f6zben felfedezed a Fal ismeretlen r\u00e9szeit, amelyek tele vannak kincsekkel \u00e9s az \u0151si m\u00falt titkaival. \u00c1ss \u00faj b\u00e1nyabiomok m\u00e9ly\u00e9re, k\u00fczdj meg hatalmas ellens\u00e9gekkel, \u00e9s fedezd fel ennek a rendk\u00edv\u00fcli vil\u00e1gnak a m\u00e9ly\u00e9n rejt\u0151z\u0151, elfeledett esem\u00e9nyeket.  \ud83c\udf0d Glob\u00e1lis \u2699\ufe0f Steam \ud83d\udddd Digit\u00e1lis kulcs","og_url":"https:\/\/prismagamers.com\/hu\/produkt\/wall-world-mely-fenyegetes\/","og_site_name":"Prismagamers.com","article_publisher":"https:\/\/www.facebook.com\/prismagamers","article_modified_time":"2026-03-04T23:00:34+00:00","og_image":[{"width":684,"height":1024,"url":"https:\/\/prismagamers.com\/wp-content\/uploads\/2025\/04\/boxshot-684x1024.png","type":"image\/png"}],"twitter_card":"summary_large_image","twitter_misc":{"Becs\u00fclt olvas\u00e1si id\u0151":"2 perc"},"schema":{"@context":"https:\/\/schema.org","@graph":[{"@type":"WebPage","@id":"https:\/\/prismagamers.com\/hu\/produkt\/wall-world-mely-fenyegetes\/","url":"https:\/\/prismagamers.com\/hu\/produkt\/wall-world-mely-fenyegetes\/","name":"Wall World: Deep Threat - Prismagamers.com","isPartOf":{"@id":"https:\/\/prismagamers.com\/hu\/#website"},"primaryImageOfPage":{"@id":"https:\/\/prismagamers.com\/hu\/produkt\/wall-world-mely-fenyegetes\/#primaryimage"},"image":{"@id":"https:\/\/prismagamers.com\/hu\/produkt\/wall-world-mely-fenyegetes\/#primaryimage"},"thumbnailUrl":"https:\/\/prismagamers.com\/wp-content\/uploads\/2025\/04\/boxshot.png","datePublished":"2025-04-11T21:16:40+00:00","dateModified":"2026-03-04T23:00:34+00:00","description":"\u00dcdv\u00f6z\u00f6lj\u00fck a Deep Threat, egy \u00fajabb vil\u00e1gfal t\u00f6rt\u00e9net\u00e9n\u00e9l! \u00c9lj \u00e1t egy izgalmas kalandot, mik\u00f6zben felfedezed a Fal ismeretlen r\u00e9szeit, amelyek tele vannak kincsekkel \u00e9s az \u0151si m\u00falt titkaival. \u00c1ss \u00faj b\u00e1nyabiomok m\u00e9ly\u00e9re, k\u00fczdj meg hatalmas ellens\u00e9gekkel, \u00e9s fedezd fel ennek a rendk\u00edv\u00fcli vil\u00e1gnak a m\u00e9ly\u00e9n rejt\u0151z\u0151, elfeledett esem\u00e9nyeket. \ud83c\udf0d Glob\u00e1lis \u2699\ufe0f Steam \ud83d\udddd Digit\u00e1lis kulcs","breadcrumb":{"@id":"https:\/\/prismagamers.com\/hu\/produkt\/wall-world-mely-fenyegetes\/#breadcrumb"},"inLanguage":"hu","potentialAction":[{"@type":"ReadAction","target":["https:\/\/prismagamers.com\/hu\/produkt\/wall-world-mely-fenyegetes\/"]}]},{"@type":"ImageObject","inLanguage":"hu","@id":"https:\/\/prismagamers.com\/hu\/produkt\/wall-world-mely-fenyegetes\/#primaryimage","url":"https:\/\/prismagamers.com\/wp-content\/uploads\/2025\/04\/boxshot.png","contentUrl":"https:\/\/prismagamers.com\/wp-content\/uploads\/2025\/04\/boxshot.png","width":1288,"height":1928,"caption":"Wall World: Deep Threat cover"},{"@type":"BreadcrumbList","@id":"https:\/\/prismagamers.com\/hu\/produkt\/wall-world-mely-fenyegetes\/#breadcrumb","itemListElement":[{"@type":"ListItem","position":1,"name":"Strona g\u0142\u00f3wna","item":"https:\/\/prismagamers.com\/hu\/prismagamers\/"},{"@type":"ListItem","position":2,"name":"Shop","item":"https:\/\/prismagamers.com\/hu\/shop\/"},{"@type":"ListItem","position":3,"name":"Wall World: Deep Threat"}]},{"@type":"WebSite","@id":"https:\/\/prismagamers.com\/hu\/#website","url":"https:\/\/prismagamers.com\/hu\/","name":"Prismagamers","description":"Sklep z grami PC I Sklep klucze Steam","publisher":{"@id":"https:\/\/prismagamers.com\/hu\/#organization"},"potentialAction":[{"@type":"SearchAction","target":{"@type":"EntryPoint","urlTemplate":"https:\/\/prismagamers.com\/hu\/?s={search_term_string}"},"query-input":{"@type":"PropertyValueSpecification","valueRequired":true,"valueName":"search_term_string"}}],"inLanguage":"hu"},{"@type":"Organization","@id":"https:\/\/prismagamers.com\/hu\/#organization","name":"Prismagamers","url":"https:\/\/prismagamers.com\/hu\/","logo":{"@type":"ImageObject","inLanguage":"hu","@id":"https:\/\/prismagamers.com\/hu\/#\/schema\/logo\/image\/","url":"https:\/\/prismagamers.com\/wp-content\/uploads\/2022\/04\/cropped-logo-Prismagamers-01-scaled-1.jpg","contentUrl":"https:\/\/prismagamers.com\/wp-content\/uploads\/2022\/04\/cropped-logo-Prismagamers-01-scaled-1.jpg","width":512,"height":512,"caption":"Prismagamers"},"image":{"@id":"https:\/\/prismagamers.com\/hu\/#\/schema\/logo\/image\/"},"sameAs":["https:\/\/www.facebook.com\/prismagamers","https:\/\/www.instagram.com\/prismagamers_grycyfrowe\/"],"description":"Prismagamers.com to dynamiczny sklep z grami cyfrowymi, stworzony z my\u015bl\u0105 o entuzjastach gier wideo. Nasza strona oferuje szerok\u0105 gam\u0119 gier komputerowych, w tym najnowsze tytu\u0142y, dobrze znane klasyki oraz gry stworzone przez niezale\u017cne studia Ca\u0142y czas d\u0105\u017cymy do rozszerzenia naszej oferty. Do\u0142\u0105cz do nas i sta\u0144 si\u0119 cz\u0119\u015bci\u0105 naszej rosn\u0105cej spo\u0142eczno\u015bci graczy!","email":"shop@prismagamers.com","telephone":"48795541705","legalName":"East Caravan Maksym \u017bukow","foundingDate":"2012-05-10","vatID":"PL8943038612","taxID":"PL8943038612","numberOfEmployees":{"@type":"QuantitativeValue","minValue":"11","maxValue":"50"}}]}},"_links":{"self":[{"href":"https:\/\/prismagamers.com\/hu\/wp-json\/wp\/v2\/product\/36068","targetHints":{"allow":["GET"]}}],"collection":[{"href":"https:\/\/prismagamers.com\/hu\/wp-json\/wp\/v2\/product"}],"about":[{"href":"https:\/\/prismagamers.com\/hu\/wp-json\/wp\/v2\/types\/product"}],"wp:featuredmedia":[{"embeddable":true,"href":"https:\/\/prismagamers.com\/hu\/wp-json\/wp\/v2\/media\/36064"}],"wp:attachment":[{"href":"https:\/\/prismagamers.com\/hu\/wp-json\/wp\/v2\/media?parent=36068"}],"wp:term":[{"taxonomy":"product_brand","embeddable":true,"href":"https:\/\/prismagamers.com\/hu\/wp-json\/wp\/v2\/product_brand?post=36068"},{"taxonomy":"product_cat","embeddable":true,"href":"https:\/\/prismagamers.com\/hu\/wp-json\/wp\/v2\/product_cat?post=36068"},{"taxonomy":"product_tag","embeddable":true,"href":"https:\/\/prismagamers.com\/hu\/wp-json\/wp\/v2\/product_tag?post=36068"}],"curies":[{"name":"wp","href":"https:\/\/api.w.org\/{rel}","templated":true}]}}