{"id":36078,"date":"2025-04-11T23:28:19","date_gmt":"2025-04-11T21:28:19","guid":{"rendered":"https:\/\/prismagamers.com\/produkt\/ne-etesd-a-majmokat\/"},"modified":"2026-03-05T00:00:31","modified_gmt":"2026-03-04T23:00:31","slug":"ne-etesd-a-majmokat","status":"publish","type":"product","link":"https:\/\/prismagamers.com\/hu\/produkt\/ne-etesd-a-majmokat\/","title":{"rendered":"Do Not Feed the Monkeys"},"content":{"rendered":"<p data-start=\"133\" data-end=\"278\">Megh\u00edvjuk \u00d6nt, hogy csatlakozzon a &#8222;Primate Observation Club&#8221;-hoz, ahol figyelemmel k\u00eds\u00e9ri a rabmajmok \u00e9let\u00e9t, \u00e9s gondosan elemzi a kapott inform\u00e1ci\u00f3kat.<\/p>\n<p data-start=\"133\" data-end=\"278\"><img decoding=\"async\" class=\"bb_img aligncenter\" src=\"https:\/\/shared.fastly.steamstatic.com\/store_item_assets\/steam\/apps\/658850\/extras\/02_FEATURES_-_NO_TITLE.gif.jpg?t=1734429260\" \/><\/p>\n<h4 data-start=\"280\" data-end=\"297\">FOGALOMT\u00c1R:<\/h4>\n<p data-start=\"299\" data-end=\"441\">PRIMATE OBESERVATION CLUB: egy titokzatos csoport, amely megfigyel\u0151 kamer\u00e1kon \u00e9s kompromitt\u00e1lt webkamer\u00e1kon kereszt\u00fcl figyel m\u00e1sokat.<\/p>\n<p data-start=\"443\" data-end=\"544\">TE: a CLUB leg\u00fajabb tagja, aki belef\u00e1radt az elhanyagolt lak\u00e1sba, az unalmas \u00e9letbe \u00e9s a monoton munk\u00e1ba.<\/p>\n<p data-start=\"546\" data-end=\"612\">PRYMATES: idegenek tucatjai, akik \u00e1ldozatul estek a woyerizmusodnak.<\/p>\n<p data-start=\"614\" data-end=\"701\">WOYERISM: Pontosan az, amire gondolsz (\u00e9s ez\u00e9rt van a j\u00e1t\u00e9kunkon a &#8222;Feln\u0151tt&#8221; felirat).<\/p>\n<p data-start=\"703\" data-end=\"750\">SZEM\u00c9LYESS\u00c9G: Valami, amir\u0151l a f\u0151eml\u0151s\u00f6k azt hiszik, hogy megvan.<\/p>\n<p data-start=\"752\" data-end=\"885\">PC (SZEM\u00c9LYI SZ\u00c1M\u00cdT\u00d3G\u00c9P): Igen, a PC-t a j\u00e1t\u00e9kban a PC-j\u00e9n helyezt\u00fck el, \u00edgy dolgozhat a PC-j\u00e9n, mik\u00f6zben a j\u00e1t\u00e9kot a PC-j\u00e9n j\u00e1tssza!<\/p>\n<p data-start=\"887\" data-end=\"1004\">A F\u0150EML\u0150S\u00d6K ETET\u00c9SE: A k\u00eds\u00e9rleti alanyokkal val\u00f3 b\u00e1rmilyen interakci\u00f3 vagy beavatkoz\u00e1s. A f\u0151eml\u0151s\u00f6k etet\u00e9se szigor\u00faan tilos.<\/p>\n<p data-start=\"1006\" data-end=\"1097\">G&#8230;. ON THE FAN: Mi t\u00f6rt\u00e9nhet (vagy nem t\u00f6rt\u00e9nhet), ha megeteted a f\u0151eml\u0151s\u00f6ket.<\/p>\n<p data-start=\"1099\" data-end=\"1396\">A klubosok furcsa m\u00f3don \u00e1lland\u00f3an f\u0151eml\u0151s\u00f6ket etetnek, mintha nem tudn\u00e1k k\u00f6vetni ezt a nagyon egyszer\u0171 receptet! Mi a helyzet veled? Seg\u00edtesz azoknak, akik ut\u00e1n k\u00e9mkedsz, kihaszn\u00e1lod \u0151ket, leleplezed a titkaikat \u00e9s szabot\u00e1lod az \u00e1lmaikat, vagy k\u00f6veted az utas\u00edt\u00e1sokat \u00e9s n\u00e9zed, ahogy \u00e9g a vil\u00e1g?<\/p>\n","protected":false},"excerpt":{"rendered":"<p>Csatlakozz a &#8222;Primate Watching Club&#8221;-hoz, ahol \u00faj tagk\u00e9nt k\u00f6vetheted a csapd\u00e1ba esett majmok \u00e9let\u00e9t, kamer\u00e1kkal \u00e9s online lehallgat\u00e1ssal elemezve tetteiket. D\u00f6ntsd el, hogy seg\u00edtesz-e alanyaidnak, vagy kihaszn\u00e1lod gyenges\u00e9geiket \u00e9s szabot\u00e1lod \u0151ket. Meddig k\u00f6veted a szab\u00e1lyokat, miel\u0151tt a k\u00e1osz a v\u00e9g\u00e9hez \u00e9r?<\/p>\n<p>\ud83c\udf0d Glob\u00e1lis<br \/>\n\u2699\ufe0f Steam<br \/>\n\ud83d\udddd Digit\u00e1lis kulcs<\/p>\n","protected":false},"featured_media":36070,"template":"","meta":{"_acf_changed":false,"site-sidebar-layout":"default","site-content-layout":"","ast-site-content-layout":"default","site-content-style":"default","site-sidebar-style":"default","ast-global-header-display":"","ast-banner-title-visibility":"","ast-main-header-display":"","ast-hfb-above-header-display":"","ast-hfb-below-header-display":"","ast-hfb-mobile-header-display":"","site-post-title":"","ast-breadcrumbs-content":"","ast-featured-img":"","footer-sml-layout":"","ast-disable-related-posts":"","theme-transparent-header-meta":"default","adv-header-id-meta":"","stick-header-meta":"","header-above-stick-meta":"","header-main-stick-meta":"","header-below-stick-meta":"","astra-migrate-meta-layouts":"set","ast-page-background-enabled":"default","ast-page-background-meta":{"desktop":{"background-color":"var(--ast-global-color-4)","background-image":"","background-repeat":"repeat","background-position":"center center","background-size":"auto","background-attachment":"scroll","background-type":"","background-media":"","overlay-type":"","overlay-color":"","overlay-opacity":"","overlay-gradient":""},"tablet":{"background-color":"","background-image":"","background-repeat":"repeat","background-position":"center center","background-size":"auto","background-attachment":"scroll","background-type":"","background-media":"","overlay-type":"","overlay-color":"","overlay-opacity":"","overlay-gradient":""},"mobile":{"background-color":"","background-image":"","background-repeat":"repeat","background-position":"center center","background-size":"auto","background-attachment":"scroll","background-type":"","background-media":"","overlay-type":"","overlay-color":"","overlay-opacity":"","overlay-gradient":""}},"ast-content-background-meta":{"desktop":{"background-color":"var(--ast-global-color-5)","background-image":"","background-repeat":"repeat","background-position":"center center","background-size":"auto","background-attachment":"scroll","background-type":"","background-media":"","overlay-type":"","overlay-color":"","overlay-opacity":"","overlay-gradient":""},"tablet":{"background-color":"var(--ast-global-color-5)","background-image":"","background-repeat":"repeat","background-position":"center center","background-size":"auto","background-attachment":"scroll","background-type":"","background-media":"","overlay-type":"","overlay-color":"","overlay-opacity":"","overlay-gradient":""},"mobile":{"background-color":"var(--ast-global-color-5)","background-image":"","background-repeat":"repeat","background-position":"center center","background-size":"auto","background-attachment":"scroll","background-type":"","background-media":"","overlay-type":"","overlay-color":"","overlay-opacity":"","overlay-gradient":""}}},"product_brand":[],"product_cat":[443,369,365,372,363],"product_tag":[],"class_list":{"0":"post-36078","1":"product","2":"type-product","3":"status-publish","4":"has-post-thumbnail","6":"product_cat-alawar-hu","7":"product_cat-csarnokok","8":"product_cat-goz","9":"product_cat-jatekok-szimulatorok","10":"product_cat-kaland-jatekok","11":"desktop-align-left","12":"tablet-align-left","13":"mobile-align-left","15":"first","16":"instock","17":"virtual","18":"purchasable","19":"product-type-simple"},"acf":[],"yoast_head":"<!-- This site is optimized with the Yoast SEO Premium plugin v27.5 (Yoast SEO v27.5) - https:\/\/yoast.com\/product\/yoast-seo-premium-wordpress\/ -->\n<title>Do Not Feed the Monkeys - Prismagamers.com<\/title>\n<meta name=\"description\" content=\"Csatlakozz a &quot;Primate Watching Club&quot;-hoz, ahol \u00faj tagk\u00e9nt k\u00f6vetheted a csapd\u00e1ba esett majmok \u00e9let\u00e9t, kamer\u00e1kkal \u00e9s online lehallgat\u00e1ssal elemezve tetteiket. D\u00f6ntsd el, hogy seg\u00edtesz-e alanyaidnak, vagy kihaszn\u00e1lod gyenges\u00e9geiket \u00e9s szabot\u00e1lod \u0151ket. Meddig k\u00f6veted a szab\u00e1lyokat, miel\u0151tt a k\u00e1osz a v\u00e9g\u00e9hez \u00e9r?  \ud83c\udf0d Glob\u00e1lis \u2699\ufe0f Steam \ud83d\udddd Digit\u00e1lis kulcs\" \/>\n<meta name=\"robots\" content=\"index, follow, max-snippet:-1, max-image-preview:large, max-video-preview:-1\" \/>\n<link rel=\"canonical\" href=\"https:\/\/prismagamers.com\/hu\/produkt\/ne-etesd-a-majmokat\/\" \/>\n<meta property=\"og:locale\" content=\"hu_HU\" \/>\n<meta property=\"og:type\" content=\"article\" \/>\n<meta property=\"og:title\" content=\"Do Not Feed the Monkeys\" \/>\n<meta property=\"og:description\" content=\"Csatlakozz a &quot;Primate Watching Club&quot;-hoz, ahol \u00faj tagk\u00e9nt k\u00f6vetheted a csapd\u00e1ba esett majmok \u00e9let\u00e9t, kamer\u00e1kkal \u00e9s online lehallgat\u00e1ssal elemezve tetteiket. D\u00f6ntsd el, hogy seg\u00edtesz-e alanyaidnak, vagy kihaszn\u00e1lod gyenges\u00e9geiket \u00e9s szabot\u00e1lod \u0151ket. Meddig k\u00f6veted a szab\u00e1lyokat, miel\u0151tt a k\u00e1osz a v\u00e9g\u00e9hez \u00e9r?  \ud83c\udf0d Glob\u00e1lis \u2699\ufe0f Steam \ud83d\udddd Digit\u00e1lis kulcs\" \/>\n<meta property=\"og:url\" content=\"https:\/\/prismagamers.com\/hu\/produkt\/ne-etesd-a-majmokat\/\" \/>\n<meta property=\"og:site_name\" content=\"Prismagamers.com\" \/>\n<meta property=\"article:publisher\" content=\"https:\/\/www.facebook.com\/prismagamers\" \/>\n<meta property=\"article:modified_time\" content=\"2026-03-04T23:00:31+00:00\" \/>\n<meta property=\"og:image\" content=\"https:\/\/prismagamers.com\/wp-content\/uploads\/2025\/04\/Do-Not-Feed-the-Monkeys-e1744406863681.jpeg\" \/>\n\t<meta property=\"og:image:width\" content=\"700\" \/>\n\t<meta property=\"og:image:height\" content=\"984\" \/>\n\t<meta property=\"og:image:type\" content=\"image\/jpeg\" \/>\n<meta name=\"twitter:card\" content=\"summary_large_image\" \/>\n<meta name=\"twitter:label1\" content=\"Becs\u00fclt olvas\u00e1si id\u0151\" \/>\n\t<meta name=\"twitter:data1\" content=\"2 perc\" \/>\n<script type=\"application\/ld+json\" class=\"yoast-schema-graph\">{\"@context\":\"https:\\\/\\\/schema.org\",\"@graph\":[{\"@type\":\"WebPage\",\"@id\":\"https:\\\/\\\/prismagamers.com\\\/hu\\\/produkt\\\/ne-etesd-a-majmokat\\\/\",\"url\":\"https:\\\/\\\/prismagamers.com\\\/hu\\\/produkt\\\/ne-etesd-a-majmokat\\\/\",\"name\":\"Do Not Feed the Monkeys - Prismagamers.com\",\"isPartOf\":{\"@id\":\"https:\\\/\\\/prismagamers.com\\\/hu\\\/#website\"},\"primaryImageOfPage\":{\"@id\":\"https:\\\/\\\/prismagamers.com\\\/hu\\\/produkt\\\/ne-etesd-a-majmokat\\\/#primaryimage\"},\"image\":{\"@id\":\"https:\\\/\\\/prismagamers.com\\\/hu\\\/produkt\\\/ne-etesd-a-majmokat\\\/#primaryimage\"},\"thumbnailUrl\":\"https:\\\/\\\/prismagamers.com\\\/wp-content\\\/uploads\\\/2025\\\/04\\\/Do-Not-Feed-the-Monkeys-e1744406863681.jpeg\",\"datePublished\":\"2025-04-11T21:28:19+00:00\",\"dateModified\":\"2026-03-04T23:00:31+00:00\",\"description\":\"Csatlakozz a \\\"Primate Watching Club\\\"-hoz, ahol \u00faj tagk\u00e9nt k\u00f6vetheted a csapd\u00e1ba esett majmok \u00e9let\u00e9t, kamer\u00e1kkal \u00e9s online lehallgat\u00e1ssal elemezve tetteiket. D\u00f6ntsd el, hogy seg\u00edtesz-e alanyaidnak, vagy kihaszn\u00e1lod gyenges\u00e9geiket \u00e9s szabot\u00e1lod \u0151ket. Meddig k\u00f6veted a szab\u00e1lyokat, miel\u0151tt a k\u00e1osz a v\u00e9g\u00e9hez \u00e9r? \ud83c\udf0d Glob\u00e1lis \u2699\ufe0f Steam \ud83d\udddd Digit\u00e1lis kulcs\",\"breadcrumb\":{\"@id\":\"https:\\\/\\\/prismagamers.com\\\/hu\\\/produkt\\\/ne-etesd-a-majmokat\\\/#breadcrumb\"},\"inLanguage\":\"hu\",\"potentialAction\":[{\"@type\":\"ReadAction\",\"target\":[\"https:\\\/\\\/prismagamers.com\\\/hu\\\/produkt\\\/ne-etesd-a-majmokat\\\/\"]}]},{\"@type\":\"ImageObject\",\"inLanguage\":\"hu\",\"@id\":\"https:\\\/\\\/prismagamers.com\\\/hu\\\/produkt\\\/ne-etesd-a-majmokat\\\/#primaryimage\",\"url\":\"https:\\\/\\\/prismagamers.com\\\/wp-content\\\/uploads\\\/2025\\\/04\\\/Do-Not-Feed-the-Monkeys-e1744406863681.jpeg\",\"contentUrl\":\"https:\\\/\\\/prismagamers.com\\\/wp-content\\\/uploads\\\/2025\\\/04\\\/Do-Not-Feed-the-Monkeys-e1744406863681.jpeg\",\"width\":700,\"height\":984,\"caption\":\"cover\"},{\"@type\":\"BreadcrumbList\",\"@id\":\"https:\\\/\\\/prismagamers.com\\\/hu\\\/produkt\\\/ne-etesd-a-majmokat\\\/#breadcrumb\",\"itemListElement\":[{\"@type\":\"ListItem\",\"position\":1,\"name\":\"Strona g\u0142\u00f3wna\",\"item\":\"https:\\\/\\\/prismagamers.com\\\/hu\\\/prismagamers\\\/\"},{\"@type\":\"ListItem\",\"position\":2,\"name\":\"Shop\",\"item\":\"https:\\\/\\\/prismagamers.com\\\/hu\\\/shop\\\/\"},{\"@type\":\"ListItem\",\"position\":3,\"name\":\"Do Not Feed the Monkeys\"}]},{\"@type\":\"WebSite\",\"@id\":\"https:\\\/\\\/prismagamers.com\\\/hu\\\/#website\",\"url\":\"https:\\\/\\\/prismagamers.com\\\/hu\\\/\",\"name\":\"Prismagamers\",\"description\":\"Sklep z grami PC I Sklep klucze Steam\",\"publisher\":{\"@id\":\"https:\\\/\\\/prismagamers.com\\\/hu\\\/#organization\"},\"potentialAction\":[{\"@type\":\"SearchAction\",\"target\":{\"@type\":\"EntryPoint\",\"urlTemplate\":\"https:\\\/\\\/prismagamers.com\\\/hu\\\/?s={search_term_string}\"},\"query-input\":{\"@type\":\"PropertyValueSpecification\",\"valueRequired\":true,\"valueName\":\"search_term_string\"}}],\"inLanguage\":\"hu\"},{\"@type\":\"Organization\",\"@id\":\"https:\\\/\\\/prismagamers.com\\\/hu\\\/#organization\",\"name\":\"Prismagamers\",\"url\":\"https:\\\/\\\/prismagamers.com\\\/hu\\\/\",\"logo\":{\"@type\":\"ImageObject\",\"inLanguage\":\"hu\",\"@id\":\"https:\\\/\\\/prismagamers.com\\\/hu\\\/#\\\/schema\\\/logo\\\/image\\\/\",\"url\":\"https:\\\/\\\/prismagamers.com\\\/wp-content\\\/uploads\\\/2022\\\/04\\\/cropped-logo-Prismagamers-01-scaled-1.jpg\",\"contentUrl\":\"https:\\\/\\\/prismagamers.com\\\/wp-content\\\/uploads\\\/2022\\\/04\\\/cropped-logo-Prismagamers-01-scaled-1.jpg\",\"width\":512,\"height\":512,\"caption\":\"Prismagamers\"},\"image\":{\"@id\":\"https:\\\/\\\/prismagamers.com\\\/hu\\\/#\\\/schema\\\/logo\\\/image\\\/\"},\"sameAs\":[\"https:\\\/\\\/www.facebook.com\\\/prismagamers\",\"https:\\\/\\\/www.instagram.com\\\/prismagamers_grycyfrowe\\\/\"],\"description\":\"Prismagamers.com to dynamiczny sklep z grami cyfrowymi, stworzony z my\u015bl\u0105 o entuzjastach gier wideo. Nasza strona oferuje szerok\u0105 gam\u0119 gier komputerowych, w tym najnowsze tytu\u0142y, dobrze znane klasyki oraz gry stworzone przez niezale\u017cne studia Ca\u0142y czas d\u0105\u017cymy do rozszerzenia naszej oferty. Do\u0142\u0105cz do nas i sta\u0144 si\u0119 cz\u0119\u015bci\u0105 naszej rosn\u0105cej spo\u0142eczno\u015bci graczy!\",\"email\":\"shop@prismagamers.com\",\"telephone\":\"48795541705\",\"legalName\":\"East Caravan Maksym \u017bukow\",\"foundingDate\":\"2012-05-10\",\"vatID\":\"PL8943038612\",\"taxID\":\"PL8943038612\",\"numberOfEmployees\":{\"@type\":\"QuantitativeValue\",\"minValue\":\"11\",\"maxValue\":\"50\"}}]}<\/script>\n<!-- \/ Yoast SEO Premium plugin. -->","yoast_head_json":{"title":"Do Not Feed the Monkeys - Prismagamers.com","description":"Csatlakozz a \"Primate Watching Club\"-hoz, ahol \u00faj tagk\u00e9nt k\u00f6vetheted a csapd\u00e1ba esett majmok \u00e9let\u00e9t, kamer\u00e1kkal \u00e9s online lehallgat\u00e1ssal elemezve tetteiket. D\u00f6ntsd el, hogy seg\u00edtesz-e alanyaidnak, vagy kihaszn\u00e1lod gyenges\u00e9geiket \u00e9s szabot\u00e1lod \u0151ket. Meddig k\u00f6veted a szab\u00e1lyokat, miel\u0151tt a k\u00e1osz a v\u00e9g\u00e9hez \u00e9r?  \ud83c\udf0d Glob\u00e1lis \u2699\ufe0f Steam \ud83d\udddd Digit\u00e1lis kulcs","robots":{"index":"index","follow":"follow","max-snippet":"max-snippet:-1","max-image-preview":"max-image-preview:large","max-video-preview":"max-video-preview:-1"},"canonical":"https:\/\/prismagamers.com\/hu\/produkt\/ne-etesd-a-majmokat\/","og_locale":"hu_HU","og_type":"article","og_title":"Do Not Feed the Monkeys","og_description":"Csatlakozz a \"Primate Watching Club\"-hoz, ahol \u00faj tagk\u00e9nt k\u00f6vetheted a csapd\u00e1ba esett majmok \u00e9let\u00e9t, kamer\u00e1kkal \u00e9s online lehallgat\u00e1ssal elemezve tetteiket. D\u00f6ntsd el, hogy seg\u00edtesz-e alanyaidnak, vagy kihaszn\u00e1lod gyenges\u00e9geiket \u00e9s szabot\u00e1lod \u0151ket. Meddig k\u00f6veted a szab\u00e1lyokat, miel\u0151tt a k\u00e1osz a v\u00e9g\u00e9hez \u00e9r?  \ud83c\udf0d Glob\u00e1lis \u2699\ufe0f Steam \ud83d\udddd Digit\u00e1lis kulcs","og_url":"https:\/\/prismagamers.com\/hu\/produkt\/ne-etesd-a-majmokat\/","og_site_name":"Prismagamers.com","article_publisher":"https:\/\/www.facebook.com\/prismagamers","article_modified_time":"2026-03-04T23:00:31+00:00","og_image":[{"width":700,"height":984,"url":"https:\/\/prismagamers.com\/wp-content\/uploads\/2025\/04\/Do-Not-Feed-the-Monkeys-e1744406863681.jpeg","type":"image\/jpeg"}],"twitter_card":"summary_large_image","twitter_misc":{"Becs\u00fclt olvas\u00e1si id\u0151":"2 perc"},"schema":{"@context":"https:\/\/schema.org","@graph":[{"@type":"WebPage","@id":"https:\/\/prismagamers.com\/hu\/produkt\/ne-etesd-a-majmokat\/","url":"https:\/\/prismagamers.com\/hu\/produkt\/ne-etesd-a-majmokat\/","name":"Do Not Feed the Monkeys - Prismagamers.com","isPartOf":{"@id":"https:\/\/prismagamers.com\/hu\/#website"},"primaryImageOfPage":{"@id":"https:\/\/prismagamers.com\/hu\/produkt\/ne-etesd-a-majmokat\/#primaryimage"},"image":{"@id":"https:\/\/prismagamers.com\/hu\/produkt\/ne-etesd-a-majmokat\/#primaryimage"},"thumbnailUrl":"https:\/\/prismagamers.com\/wp-content\/uploads\/2025\/04\/Do-Not-Feed-the-Monkeys-e1744406863681.jpeg","datePublished":"2025-04-11T21:28:19+00:00","dateModified":"2026-03-04T23:00:31+00:00","description":"Csatlakozz a \"Primate Watching Club\"-hoz, ahol \u00faj tagk\u00e9nt k\u00f6vetheted a csapd\u00e1ba esett majmok \u00e9let\u00e9t, kamer\u00e1kkal \u00e9s online lehallgat\u00e1ssal elemezve tetteiket. D\u00f6ntsd el, hogy seg\u00edtesz-e alanyaidnak, vagy kihaszn\u00e1lod gyenges\u00e9geiket \u00e9s szabot\u00e1lod \u0151ket. Meddig k\u00f6veted a szab\u00e1lyokat, miel\u0151tt a k\u00e1osz a v\u00e9g\u00e9hez \u00e9r? \ud83c\udf0d Glob\u00e1lis \u2699\ufe0f Steam \ud83d\udddd Digit\u00e1lis kulcs","breadcrumb":{"@id":"https:\/\/prismagamers.com\/hu\/produkt\/ne-etesd-a-majmokat\/#breadcrumb"},"inLanguage":"hu","potentialAction":[{"@type":"ReadAction","target":["https:\/\/prismagamers.com\/hu\/produkt\/ne-etesd-a-majmokat\/"]}]},{"@type":"ImageObject","inLanguage":"hu","@id":"https:\/\/prismagamers.com\/hu\/produkt\/ne-etesd-a-majmokat\/#primaryimage","url":"https:\/\/prismagamers.com\/wp-content\/uploads\/2025\/04\/Do-Not-Feed-the-Monkeys-e1744406863681.jpeg","contentUrl":"https:\/\/prismagamers.com\/wp-content\/uploads\/2025\/04\/Do-Not-Feed-the-Monkeys-e1744406863681.jpeg","width":700,"height":984,"caption":"cover"},{"@type":"BreadcrumbList","@id":"https:\/\/prismagamers.com\/hu\/produkt\/ne-etesd-a-majmokat\/#breadcrumb","itemListElement":[{"@type":"ListItem","position":1,"name":"Strona g\u0142\u00f3wna","item":"https:\/\/prismagamers.com\/hu\/prismagamers\/"},{"@type":"ListItem","position":2,"name":"Shop","item":"https:\/\/prismagamers.com\/hu\/shop\/"},{"@type":"ListItem","position":3,"name":"Do Not Feed the Monkeys"}]},{"@type":"WebSite","@id":"https:\/\/prismagamers.com\/hu\/#website","url":"https:\/\/prismagamers.com\/hu\/","name":"Prismagamers","description":"Sklep z grami PC I Sklep klucze Steam","publisher":{"@id":"https:\/\/prismagamers.com\/hu\/#organization"},"potentialAction":[{"@type":"SearchAction","target":{"@type":"EntryPoint","urlTemplate":"https:\/\/prismagamers.com\/hu\/?s={search_term_string}"},"query-input":{"@type":"PropertyValueSpecification","valueRequired":true,"valueName":"search_term_string"}}],"inLanguage":"hu"},{"@type":"Organization","@id":"https:\/\/prismagamers.com\/hu\/#organization","name":"Prismagamers","url":"https:\/\/prismagamers.com\/hu\/","logo":{"@type":"ImageObject","inLanguage":"hu","@id":"https:\/\/prismagamers.com\/hu\/#\/schema\/logo\/image\/","url":"https:\/\/prismagamers.com\/wp-content\/uploads\/2022\/04\/cropped-logo-Prismagamers-01-scaled-1.jpg","contentUrl":"https:\/\/prismagamers.com\/wp-content\/uploads\/2022\/04\/cropped-logo-Prismagamers-01-scaled-1.jpg","width":512,"height":512,"caption":"Prismagamers"},"image":{"@id":"https:\/\/prismagamers.com\/hu\/#\/schema\/logo\/image\/"},"sameAs":["https:\/\/www.facebook.com\/prismagamers","https:\/\/www.instagram.com\/prismagamers_grycyfrowe\/"],"description":"Prismagamers.com to dynamiczny sklep z grami cyfrowymi, stworzony z my\u015bl\u0105 o entuzjastach gier wideo. Nasza strona oferuje szerok\u0105 gam\u0119 gier komputerowych, w tym najnowsze tytu\u0142y, dobrze znane klasyki oraz gry stworzone przez niezale\u017cne studia Ca\u0142y czas d\u0105\u017cymy do rozszerzenia naszej oferty. Do\u0142\u0105cz do nas i sta\u0144 si\u0119 cz\u0119\u015bci\u0105 naszej rosn\u0105cej spo\u0142eczno\u015bci graczy!","email":"shop@prismagamers.com","telephone":"48795541705","legalName":"East Caravan Maksym \u017bukow","foundingDate":"2012-05-10","vatID":"PL8943038612","taxID":"PL8943038612","numberOfEmployees":{"@type":"QuantitativeValue","minValue":"11","maxValue":"50"}}]}},"_links":{"self":[{"href":"https:\/\/prismagamers.com\/hu\/wp-json\/wp\/v2\/product\/36078","targetHints":{"allow":["GET"]}}],"collection":[{"href":"https:\/\/prismagamers.com\/hu\/wp-json\/wp\/v2\/product"}],"about":[{"href":"https:\/\/prismagamers.com\/hu\/wp-json\/wp\/v2\/types\/product"}],"wp:featuredmedia":[{"embeddable":true,"href":"https:\/\/prismagamers.com\/hu\/wp-json\/wp\/v2\/media\/36070"}],"wp:attachment":[{"href":"https:\/\/prismagamers.com\/hu\/wp-json\/wp\/v2\/media?parent=36078"}],"wp:term":[{"taxonomy":"product_brand","embeddable":true,"href":"https:\/\/prismagamers.com\/hu\/wp-json\/wp\/v2\/product_brand?post=36078"},{"taxonomy":"product_cat","embeddable":true,"href":"https:\/\/prismagamers.com\/hu\/wp-json\/wp\/v2\/product_cat?post=36078"},{"taxonomy":"product_tag","embeddable":true,"href":"https:\/\/prismagamers.com\/hu\/wp-json\/wp\/v2\/product_tag?post=36078"}],"curies":[{"name":"wp","href":"https:\/\/api.w.org\/{rel}","templated":true}]}}