{"id":36142,"date":"2024-04-08T18:58:02","date_gmt":"2024-04-08T16:58:02","guid":{"rendered":"https:\/\/prismagamers.com\/produkt\/legidosebb-lelkek\/"},"modified":"2026-03-05T00:00:49","modified_gmt":"2026-03-04T23:00:49","slug":"legidosebb-lelkek","status":"publish","type":"product","link":"https:\/\/prismagamers.com\/hu\/produkt\/legidosebb-lelkek\/","title":{"rendered":"Legid\u0151sebb lelkek"},"content":{"rendered":"<p>Hossz\u00fa \u00e9vekig tart\u00f3 beh\u00f3dol\u00e1s ut\u00e1n az ember v\u00e9g\u00fcl fell\u00e1zadt az \u0150si Istens\u00e9gek ellen. A hatalmas fenevadakat a Citadella szent falai k\u00f6z\u00e9 z\u00e1rt\u00e1k. <\/p>\n<p>Azonban a gonosz is ott lappangott a &#8230;<\/p>\n<p>Az \u0150si Istens\u00e9gek bossz\u00fajuk utols\u00f3 aktusak\u00e9nt puszt\u00edt\u00e1st v\u00e9geztek a vil\u00e1gon. Az emberis\u00e9g haldoklik, de a rem\u00e9ny szikr\u00e1ja m\u00e9g mindig szikr\u00e1zik. Egy mag\u00e1nyos harcos v\u00e1ll\u00e1n hatalmas teher nyugszik, ak\u00e1rcsak a legtiszt\u00e1bb obszidi\u00e1nb\u00f3l k\u00e9sz\u00fclt hatalmas kardja.  <\/p>\n<p><strong>K\u00e9szen \u00e1llsz a kih\u00edv\u00e1sra?<\/strong><\/p>\n<p>A Souls-sorozatra eml\u00e9keztet\u0151, gyors temp\u00f3j\u00fa, kih\u00edv\u00e1sokkal teli j\u00e1t\u00e9kmenet v\u00e1r r\u00e1d, ahol minden m\u00e1sodperc sz\u00e1m\u00edt. A sors azonban a b\u00e1traknak kedvez, \u00e9s az \u0151si istens\u00e9gek legy\u0151z\u00e9se olyan hatalmakkal ruh\u00e1zhat fel, amelyek az egyszer\u0171 haland\u00f3k sz\u00e1m\u00e1ra elk\u00e9pzelhetetlenek. <\/p>\n<p><img decoding=\"async\" class=\"aligncenter\" src=\"https:\/\/cdn.akamai.steamstatic.com\/steam\/apps\/1108590\/extras\/Challenging_Combat.gif?t=1677843036\"><\/p>\n<p>&nbsp;<\/p>\n<div class=\"flex-1 overflow-hidden\">\n<div class=\"react-scroll-to-bottom--css-ywrov-79elbk h-full\">\n<div class=\"react-scroll-to-bottom--css-ywrov-1n7m0yu\">\n<div class=\"flex flex-col text-sm pb-9\">\n<div class=\"w-full text-token-text-primary\" dir=\"auto\" data-testid=\"conversation-turn-67\">\n<div class=\"px-4 py-2 justify-center text-base md:gap-6 m-auto\">\n<div class=\"flex flex-1 text-base mx-auto gap-3 juice:gap-4 juice:md:gap-6 md:px-5 lg:px-1 xl:px-5 md:max-w-3xl lg:max-w-[40rem] xl:max-w-[48rem] group final-completion\">\n<div class=\"relative flex w-full flex-col agent-turn\">\n<div class=\"flex-col gap-1 md:gap-3\">\n<div class=\"flex flex-grow flex-col max-w-full\">\n<div class=\"min-h-[20px] text-message flex flex-col items-start gap-3 whitespace-pre-wrap break-words [.text-message+&amp;]:mt-5 overflow-x-auto\" dir=\"auto\" data-message-author-role=\"assistant\" data-message-id=\"dd2dae06-a0b0-4227-98d4-772594d354f9\">\n<div class=\"markdown prose w-full break-words dark:prose-invert light\">\n<p>A lehetetlen\u00fcl neh\u00e9z f\u0151n\u00f6k\u00f6k elleni harc megnyer\u00e9se az Eldest Souls j\u00e1t\u00e9k egyik legfontosabb szempontja. Minden egyes Ancient Deity egyedi kih\u00edv\u00e1st jelent, \u00e9s legy\u0151z\u00e9s\u00fck nagyszer\u0171 jutalommal j\u00e1r! <\/p>\n<p><img decoding=\"async\" class=\"aligncenter\" src=\"https:\/\/cdn.akamai.steamstatic.com\/steam\/apps\/1108590\/extras\/Boss_Rush_Brutality.gif?t=1677843036\"><\/p>\n<p><strong>Titkos kir\u00e1lys\u00e1g<\/strong><\/p>\n<p>Mik\u00f6zben az \u0151si istens\u00e9geket keresve kanyarg\u00f3s \u00f6sv\u00e9nyeken bolyongsz, leny\u0171g\u00f6z\u0151 karakterekkel, lebilincsel\u0151 k\u00fcldet\u00e9sekkel \u00e9s sz\u00e1mos s\u00f6t\u00e9t \u00e9s balj\u00f3s rejt\u00e9llyel tal\u00e1lkozol. Fokozatosan fedezd fel az igazs\u00e1got ezekr\u0151l az \u0151si istenekr\u0151l \u00e9s hossz\u00fa fogs\u00e1gukr\u00f3l&#8230;. <\/p>\n<p><img decoding=\"async\" class=\"aligncenter\" src=\"https:\/\/cdn.akamai.steamstatic.com\/steam\/apps\/1108590\/extras\/An_Ancient_Kingdom.gif?t=1677843036\"><\/p>\n<p><strong>Pixel t\u00f6k\u00e9letess\u00e9g<\/strong><\/p>\n<p>L\u00e1togass el a csod\u00e1latos, pixel-t\u00f6k\u00e9letes Citadell\u00e1ba, ahol minden 16 bites r\u00e9szlet prec\u00edz k\u00e9zm\u0171vess\u00e9get sug\u00e1roz. Azonban ne \u00e1ssuk el magunkat t\u00fal sok\u00e1ig. Az emberi gy\u0151zelemnek ez az eml\u00e9km\u0171ve m\u00e1r feled\u00e9sbe mer\u00fclt, \u00e9s valami s\u00f6t\u00e9t rejt\u0151zik benne.  <\/p>\n<p><img decoding=\"async\" class=\"aligncenter\" src=\"https:\/\/cdn.akamai.steamstatic.com\/steam\/apps\/1108590\/extras\/Pixel_Perfection.gif?t=1677843036\"><\/p>\n<div class=\"flex-1 overflow-hidden\">\n<div class=\"react-scroll-to-bottom--css-ywrov-79elbk h-full\">\n<div class=\"react-scroll-to-bottom--css-ywrov-1n7m0yu\">\n<div>\n<div class=\"flex flex-col text-sm pb-9\">\n<div class=\"w-full text-token-text-primary\" dir=\"auto\" data-testid=\"conversation-turn-73\">\n<div class=\"px-4 py-2 justify-center text-base md:gap-6 m-auto\">\n<div class=\"flex flex-1 text-base mx-auto gap-3 juice:gap-4 juice:md:gap-6 md:px-5 lg:px-1 xl:px-5 md:max-w-3xl lg:max-w-[40rem] xl:max-w-[48rem] group final-completion\">\n<div class=\"relative flex w-full flex-col agent-turn\">\n<div class=\"flex-col gap-1 md:gap-3\">\n<div class=\"flex flex-grow flex-col max-w-full\">\n<div class=\"min-h-[20px] text-message flex flex-col items-start gap-3 whitespace-pre-wrap break-words [.text-message+&amp;]:mt-5 overflow-x-auto\" dir=\"auto\" data-message-author-role=\"assistant\" data-message-id=\"aed10858-1e17-4086-bb60-fde6f1398e13\">\n<div class=\"markdown prose w-full break-words dark:prose-invert light\">\n<p><strong>A te karaktered, a te szab\u00e1lyaid.<\/strong><\/p>\n<p>Minden egyes \u00f6sszecsap\u00e1s az \u0150si Istens\u00e9gekkel egy egyed\u00fcl\u00e1ll\u00f3 kih\u00edv\u00e1s&#8230;. \u00e9s egyedi jutalmakkal. Szerezd meg isteni erej\u00fcket \u00e9s oldj fel k\u00fcl\u00f6nf\u00e9le k\u00e9pess\u00e9geket, amelyek seg\u00edts\u00e9g\u00e9vel sz\u00e1mos kombin\u00e1ci\u00f3b\u00f3l alak\u00edthatod ki saj\u00e1t harci st\u00edlusodat. <\/p>\n<p><img decoding=\"async\" class=\"aligncenter\" src=\"https:\/\/cdn.akamai.steamstatic.com\/steam\/apps\/1108590\/extras\/Your_Build_Your_Rules.gif?t=1677843036\"><\/p>\n<\/div>\n<\/div>\n<\/div>\n<div class=\"pr-2 lg:pr-0\"><\/div>\n<\/div>\n<div class=\"absolute\">\n<div class=\"flex w-full gap-2 items-center justify-center\"><\/div>\n<\/div>\n<\/div>\n<\/div>\n<\/div>\n<\/div>\n<\/div>\n<\/div>\n<\/div>\n<\/div>\n<\/div>\n<div class=\"w-full pt-2 md:pt-0 dark:border-white\/20 md:border-transparent md:dark:border-transparent md:w-[calc(100%-.5rem)]\">\n<form class=\"stretch mx-2 flex flex-row gap-3 last:mb-2 md:mx-4 md:last:mb-6 lg:mx-auto lg:max-w-2xl xl:max-w-3xl\">\n<div class=\"relative flex h-full flex-1 flex-col\">\n<div class=\"absolute bottom-full left-0 right-0\"><\/div>\n<div class=\"flex w-full items-center\">\n<div class=\"overflow-hidden [&amp;:has(textarea:focus)]:border-token-border-xheavy [&amp;:has(textarea:focus)]:shadow-[0_2px_6px_rgba(0,0,0,.05)] flex flex-col w-full flex-grow relative border dark:text-white rounded-2xl bg-token-main-surface-primary border-token-border-medium\"><\/div>\n<\/div>\n<\/div>\n<\/form>\n<\/div>\n<\/div>\n<\/div>\n<\/div>\n<\/div>\n<\/div>\n<\/div>\n<\/div>\n<\/div>\n<\/div>\n<\/div>\n<\/div>\n<\/div>\n","protected":false},"excerpt":{"rendered":"<div class=\"flex-1 overflow-hidden\">\n<div class=\"react-scroll-to-bottom--css-ywrov-79elbk h-full\">\n<div class=\"react-scroll-to-bottom--css-ywrov-1n7m0yu\">\n<div class=\"flex flex-col text-sm pb-9\">\n<div class=\"w-full text-token-text-primary\" dir=\"auto\" data-testid=\"conversation-turn-75\">\n<div class=\"px-4 py-2 justify-center text-base md:gap-6 m-auto\">\n<div class=\"flex flex-1 text-base mx-auto gap-3 juice:gap-4 juice:md:gap-6 md:px-5 lg:px-1 xl:px-5 md:max-w-3xl lg:max-w-[40rem] xl:max-w-[48rem] group final-completion\">\n<div class=\"relative flex w-full flex-col agent-turn\">\n<div class=\"flex-col gap-1 md:gap-3\">\n<div class=\"flex flex-grow flex-col max-w-full\">\n<div class=\"min-h-[20px] text-message flex flex-col items-start gap-3 whitespace-pre-wrap break-words [.text-message+&amp;]:mt-5 overflow-x-auto\" dir=\"auto\" data-message-author-role=\"assistant\" data-message-id=\"29cb9200-5d5a-4518-b2ca-72bb9354cc22\">\n<div class=\"markdown prose w-full break-words dark:prose-invert light\">\n<p>Dinamikus \u00e9s rendk\u00edv\u00fcl kih\u00edv\u00e1sokkal teli j\u00e1t\u00e9kmenet. Az Eldest Souls egy egyedi boss rush j\u00e1t\u00e9k a Souls sorozat szellem\u00e9ben. Az \u0151si istens\u00e9gek v\u00e9gs\u0151 bossz\u00fahadj\u00e1ratak\u00e9nt a Desolationt k\u00fcldt\u00e9k a vil\u00e1gra. Az emberis\u00e9g egyetlen rem\u00e9nye egy mag\u00e1nyos harcos&#8230;.. \u00e9s az \u0151 tiszta obszidi\u00e1nb\u00f3l k\u00e9sz\u00fclt kardja.   <\/p>\n<p>\ud83c\udf0d Glob\u00e1lis<br \/>\n\u2699\ufe0f Steam<br \/>\n\ud83d\udddd Digit\u00e1lis kulcs<\/p>\n<\/div>\n<\/div>\n<\/div>\n<\/div>\n<\/div>\n<\/div>\n<\/div>\n<\/div>\n<\/div>\n<\/div>\n<\/div>\n<\/div>\n","protected":false},"featured_media":31086,"template":"","meta":{"_acf_changed":false,"site-sidebar-layout":"default","site-content-layout":"","ast-site-content-layout":"default","site-content-style":"default","site-sidebar-style":"default","ast-global-header-display":"","ast-banner-title-visibility":"","ast-main-header-display":"","ast-hfb-above-header-display":"","ast-hfb-below-header-display":"","ast-hfb-mobile-header-display":"","site-post-title":"","ast-breadcrumbs-content":"","ast-featured-img":"","footer-sml-layout":"","ast-disable-related-posts":"","theme-transparent-header-meta":"default","adv-header-id-meta":"","stick-header-meta":"","header-above-stick-meta":"","header-main-stick-meta":"","header-below-stick-meta":"","astra-migrate-meta-layouts":"default","ast-page-background-enabled":"default","ast-page-background-meta":{"desktop":{"background-color":"var(--ast-global-color-4)","background-image":"","background-repeat":"repeat","background-position":"center center","background-size":"auto","background-attachment":"scroll","background-type":"","background-media":"","overlay-type":"","overlay-color":"","overlay-opacity":"","overlay-gradient":""},"tablet":{"background-color":"","background-image":"","background-repeat":"repeat","background-position":"center center","background-size":"auto","background-attachment":"scroll","background-type":"","background-media":"","overlay-type":"","overlay-color":"","overlay-opacity":"","overlay-gradient":""},"mobile":{"background-color":"","background-image":"","background-repeat":"repeat","background-position":"center center","background-size":"auto","background-attachment":"scroll","background-type":"","background-media":"","overlay-type":"","overlay-color":"","overlay-opacity":"","overlay-gradient":""}},"ast-content-background-meta":{"desktop":{"background-color":"var(--ast-global-color-5)","background-image":"","background-repeat":"repeat","background-position":"center center","background-size":"auto","background-attachment":"scroll","background-type":"","background-media":"","overlay-type":"","overlay-color":"","overlay-opacity":"","overlay-gradient":""},"tablet":{"background-color":"var(--ast-global-color-5)","background-image":"","background-repeat":"repeat","background-position":"center center","background-size":"auto","background-attachment":"scroll","background-type":"","background-media":"","overlay-type":"","overlay-color":"","overlay-opacity":"","overlay-gradient":""},"mobile":{"background-color":"var(--ast-global-color-5)","background-image":"","background-repeat":"repeat","background-position":"center center","background-size":"auto","background-attachment":"scroll","background-type":"","background-media":"","overlay-type":"","overlay-color":"","overlay-opacity":"","overlay-gradient":""}}},"product_brand":[],"product_cat":[371,407,369,394,365,363,364],"product_tag":[],"class_list":{"0":"post-36142","1":"product","2":"type-product","3":"status-publish","4":"has-post-thumbnail","6":"product_cat-akcio-jatekok","7":"product_cat-ci-games-hu","8":"product_cat-csarnokok","9":"product_cat-digitalis-jatekok","10":"product_cat-goz","11":"product_cat-kaland-jatekok","12":"product_cat-rpg-k","13":"desktop-align-left","14":"tablet-align-left","15":"mobile-align-left","17":"first","18":"instock","19":"virtual","20":"purchasable","21":"product-type-simple"},"acf":[],"yoast_head":"<!-- This site is optimized with the Yoast SEO Premium plugin v27.5 (Yoast SEO v27.5) - https:\/\/yoast.com\/product\/yoast-seo-premium-wordpress\/ -->\n<title>Legid\u0151sebb lelkek - Prismagamers.com<\/title>\n<meta name=\"description\" content=\"Dinamikus \u00e9s rendk\u00edv\u00fcl kih\u00edv\u00e1sokkal teli j\u00e1t\u00e9kmenet. Az Eldest Souls egy egyedi boss rush j\u00e1t\u00e9k a Souls sorozat szellem\u00e9ben. Az \u0151si istens\u00e9gek v\u00e9gs\u0151 bossz\u00fahadj\u00e1ratak\u00e9nt a Desolationt k\u00fcldt\u00e9k a vil\u00e1gra. Az emberis\u00e9g egyetlen rem\u00e9nye egy mag\u00e1nyos harcos..... \u00e9s az \u0151 tiszta obszidi\u00e1nb\u00f3l k\u00e9sz\u00fclt kardja.   \ud83c\udf0d Glob\u00e1lis \u2699\ufe0f Steam \ud83d\udddd Digit\u00e1lis kulcs\" \/>\n<meta name=\"robots\" content=\"index, follow, max-snippet:-1, max-image-preview:large, max-video-preview:-1\" \/>\n<link rel=\"canonical\" href=\"https:\/\/prismagamers.com\/hu\/produkt\/legidosebb-lelkek\/\" \/>\n<meta property=\"og:locale\" content=\"hu_HU\" \/>\n<meta property=\"og:type\" content=\"article\" \/>\n<meta property=\"og:title\" content=\"Legid\u0151sebb lelkek\" \/>\n<meta property=\"og:description\" content=\"Dinamikus \u00e9s rendk\u00edv\u00fcl kih\u00edv\u00e1sokkal teli j\u00e1t\u00e9kmenet. Az Eldest Souls egy egyedi boss rush j\u00e1t\u00e9k a Souls sorozat szellem\u00e9ben. Az \u0151si istens\u00e9gek v\u00e9gs\u0151 bossz\u00fahadj\u00e1ratak\u00e9nt a Desolationt k\u00fcldt\u00e9k a vil\u00e1gra. Az emberis\u00e9g egyetlen rem\u00e9nye egy mag\u00e1nyos harcos..... \u00e9s az \u0151 tiszta obszidi\u00e1nb\u00f3l k\u00e9sz\u00fclt kardja.   \ud83c\udf0d Glob\u00e1lis \u2699\ufe0f Steam \ud83d\udddd Digit\u00e1lis kulcs\" \/>\n<meta property=\"og:url\" content=\"https:\/\/prismagamers.com\/hu\/produkt\/legidosebb-lelkek\/\" \/>\n<meta property=\"og:site_name\" content=\"Prismagamers.com\" \/>\n<meta property=\"article:publisher\" content=\"https:\/\/www.facebook.com\/prismagamers\" \/>\n<meta property=\"article:modified_time\" content=\"2026-03-04T23:00:49+00:00\" \/>\n<meta property=\"og:image\" content=\"https:\/\/prismagamers.com\/wp-content\/uploads\/2024\/04\/library600x9002x1-e1712595355955.jpg\" \/>\n\t<meta property=\"og:image:width\" content=\"300\" \/>\n\t<meta property=\"og:image:height\" content=\"450\" \/>\n\t<meta property=\"og:image:type\" content=\"image\/jpeg\" \/>\n<meta name=\"twitter:card\" content=\"summary_large_image\" \/>\n<meta name=\"twitter:label1\" content=\"Becs\u00fclt olvas\u00e1si id\u0151\" \/>\n\t<meta name=\"twitter:data1\" content=\"2 perc\" \/>\n<script type=\"application\/ld+json\" class=\"yoast-schema-graph\">{\"@context\":\"https:\\\/\\\/schema.org\",\"@graph\":[{\"@type\":\"WebPage\",\"@id\":\"https:\\\/\\\/prismagamers.com\\\/hu\\\/produkt\\\/legidosebb-lelkek\\\/\",\"url\":\"https:\\\/\\\/prismagamers.com\\\/hu\\\/produkt\\\/legidosebb-lelkek\\\/\",\"name\":\"Legid\u0151sebb lelkek - Prismagamers.com\",\"isPartOf\":{\"@id\":\"https:\\\/\\\/prismagamers.com\\\/hu\\\/#website\"},\"primaryImageOfPage\":{\"@id\":\"https:\\\/\\\/prismagamers.com\\\/hu\\\/produkt\\\/legidosebb-lelkek\\\/#primaryimage\"},\"image\":{\"@id\":\"https:\\\/\\\/prismagamers.com\\\/hu\\\/produkt\\\/legidosebb-lelkek\\\/#primaryimage\"},\"thumbnailUrl\":\"https:\\\/\\\/prismagamers.com\\\/wp-content\\\/uploads\\\/2024\\\/04\\\/library600x9002x1-e1712595355955.jpg\",\"datePublished\":\"2024-04-08T16:58:02+00:00\",\"dateModified\":\"2026-03-04T23:00:49+00:00\",\"description\":\"Dinamikus \u00e9s rendk\u00edv\u00fcl kih\u00edv\u00e1sokkal teli j\u00e1t\u00e9kmenet. Az Eldest Souls egy egyedi boss rush j\u00e1t\u00e9k a Souls sorozat szellem\u00e9ben. Az \u0151si istens\u00e9gek v\u00e9gs\u0151 bossz\u00fahadj\u00e1ratak\u00e9nt a Desolationt k\u00fcldt\u00e9k a vil\u00e1gra. Az emberis\u00e9g egyetlen rem\u00e9nye egy mag\u00e1nyos harcos..... \u00e9s az \u0151 tiszta obszidi\u00e1nb\u00f3l k\u00e9sz\u00fclt kardja. \ud83c\udf0d Glob\u00e1lis \u2699\ufe0f Steam \ud83d\udddd Digit\u00e1lis kulcs\",\"breadcrumb\":{\"@id\":\"https:\\\/\\\/prismagamers.com\\\/hu\\\/produkt\\\/legidosebb-lelkek\\\/#breadcrumb\"},\"inLanguage\":\"hu\",\"potentialAction\":[{\"@type\":\"ReadAction\",\"target\":[\"https:\\\/\\\/prismagamers.com\\\/hu\\\/produkt\\\/legidosebb-lelkek\\\/\"]}]},{\"@type\":\"ImageObject\",\"inLanguage\":\"hu\",\"@id\":\"https:\\\/\\\/prismagamers.com\\\/hu\\\/produkt\\\/legidosebb-lelkek\\\/#primaryimage\",\"url\":\"https:\\\/\\\/prismagamers.com\\\/wp-content\\\/uploads\\\/2024\\\/04\\\/library600x9002x1-e1712595355955.jpg\",\"contentUrl\":\"https:\\\/\\\/prismagamers.com\\\/wp-content\\\/uploads\\\/2024\\\/04\\\/library600x9002x1-e1712595355955.jpg\",\"width\":300,\"height\":450},{\"@type\":\"BreadcrumbList\",\"@id\":\"https:\\\/\\\/prismagamers.com\\\/hu\\\/produkt\\\/legidosebb-lelkek\\\/#breadcrumb\",\"itemListElement\":[{\"@type\":\"ListItem\",\"position\":1,\"name\":\"Strona g\u0142\u00f3wna\",\"item\":\"https:\\\/\\\/prismagamers.com\\\/hu\\\/prismagamers\\\/\"},{\"@type\":\"ListItem\",\"position\":2,\"name\":\"Shop\",\"item\":\"https:\\\/\\\/prismagamers.com\\\/hu\\\/shop\\\/\"},{\"@type\":\"ListItem\",\"position\":3,\"name\":\"Legid\u0151sebb lelkek\"}]},{\"@type\":\"WebSite\",\"@id\":\"https:\\\/\\\/prismagamers.com\\\/hu\\\/#website\",\"url\":\"https:\\\/\\\/prismagamers.com\\\/hu\\\/\",\"name\":\"Prismagamers\",\"description\":\"Sklep z grami PC I Sklep klucze Steam\",\"publisher\":{\"@id\":\"https:\\\/\\\/prismagamers.com\\\/hu\\\/#organization\"},\"potentialAction\":[{\"@type\":\"SearchAction\",\"target\":{\"@type\":\"EntryPoint\",\"urlTemplate\":\"https:\\\/\\\/prismagamers.com\\\/hu\\\/?s={search_term_string}\"},\"query-input\":{\"@type\":\"PropertyValueSpecification\",\"valueRequired\":true,\"valueName\":\"search_term_string\"}}],\"inLanguage\":\"hu\"},{\"@type\":\"Organization\",\"@id\":\"https:\\\/\\\/prismagamers.com\\\/hu\\\/#organization\",\"name\":\"Prismagamers\",\"url\":\"https:\\\/\\\/prismagamers.com\\\/hu\\\/\",\"logo\":{\"@type\":\"ImageObject\",\"inLanguage\":\"hu\",\"@id\":\"https:\\\/\\\/prismagamers.com\\\/hu\\\/#\\\/schema\\\/logo\\\/image\\\/\",\"url\":\"https:\\\/\\\/prismagamers.com\\\/wp-content\\\/uploads\\\/2022\\\/04\\\/cropped-logo-Prismagamers-01-scaled-1.jpg\",\"contentUrl\":\"https:\\\/\\\/prismagamers.com\\\/wp-content\\\/uploads\\\/2022\\\/04\\\/cropped-logo-Prismagamers-01-scaled-1.jpg\",\"width\":512,\"height\":512,\"caption\":\"Prismagamers\"},\"image\":{\"@id\":\"https:\\\/\\\/prismagamers.com\\\/hu\\\/#\\\/schema\\\/logo\\\/image\\\/\"},\"sameAs\":[\"https:\\\/\\\/www.facebook.com\\\/prismagamers\",\"https:\\\/\\\/www.instagram.com\\\/prismagamers_grycyfrowe\\\/\"],\"description\":\"Prismagamers.com to dynamiczny sklep z grami cyfrowymi, stworzony z my\u015bl\u0105 o entuzjastach gier wideo. Nasza strona oferuje szerok\u0105 gam\u0119 gier komputerowych, w tym najnowsze tytu\u0142y, dobrze znane klasyki oraz gry stworzone przez niezale\u017cne studia Ca\u0142y czas d\u0105\u017cymy do rozszerzenia naszej oferty. Do\u0142\u0105cz do nas i sta\u0144 si\u0119 cz\u0119\u015bci\u0105 naszej rosn\u0105cej spo\u0142eczno\u015bci graczy!\",\"email\":\"shop@prismagamers.com\",\"telephone\":\"48795541705\",\"legalName\":\"East Caravan Maksym \u017bukow\",\"foundingDate\":\"2012-05-10\",\"vatID\":\"PL8943038612\",\"taxID\":\"PL8943038612\",\"numberOfEmployees\":{\"@type\":\"QuantitativeValue\",\"minValue\":\"11\",\"maxValue\":\"50\"}}]}<\/script>\n<!-- \/ Yoast SEO Premium plugin. -->","yoast_head_json":{"title":"Legid\u0151sebb lelkek - Prismagamers.com","description":"Dinamikus \u00e9s rendk\u00edv\u00fcl kih\u00edv\u00e1sokkal teli j\u00e1t\u00e9kmenet. Az Eldest Souls egy egyedi boss rush j\u00e1t\u00e9k a Souls sorozat szellem\u00e9ben. Az \u0151si istens\u00e9gek v\u00e9gs\u0151 bossz\u00fahadj\u00e1ratak\u00e9nt a Desolationt k\u00fcldt\u00e9k a vil\u00e1gra. Az emberis\u00e9g egyetlen rem\u00e9nye egy mag\u00e1nyos harcos..... \u00e9s az \u0151 tiszta obszidi\u00e1nb\u00f3l k\u00e9sz\u00fclt kardja.   \ud83c\udf0d Glob\u00e1lis \u2699\ufe0f Steam \ud83d\udddd Digit\u00e1lis kulcs","robots":{"index":"index","follow":"follow","max-snippet":"max-snippet:-1","max-image-preview":"max-image-preview:large","max-video-preview":"max-video-preview:-1"},"canonical":"https:\/\/prismagamers.com\/hu\/produkt\/legidosebb-lelkek\/","og_locale":"hu_HU","og_type":"article","og_title":"Legid\u0151sebb lelkek","og_description":"Dinamikus \u00e9s rendk\u00edv\u00fcl kih\u00edv\u00e1sokkal teli j\u00e1t\u00e9kmenet. Az Eldest Souls egy egyedi boss rush j\u00e1t\u00e9k a Souls sorozat szellem\u00e9ben. Az \u0151si istens\u00e9gek v\u00e9gs\u0151 bossz\u00fahadj\u00e1ratak\u00e9nt a Desolationt k\u00fcldt\u00e9k a vil\u00e1gra. Az emberis\u00e9g egyetlen rem\u00e9nye egy mag\u00e1nyos harcos..... \u00e9s az \u0151 tiszta obszidi\u00e1nb\u00f3l k\u00e9sz\u00fclt kardja.   \ud83c\udf0d Glob\u00e1lis \u2699\ufe0f Steam \ud83d\udddd Digit\u00e1lis kulcs","og_url":"https:\/\/prismagamers.com\/hu\/produkt\/legidosebb-lelkek\/","og_site_name":"Prismagamers.com","article_publisher":"https:\/\/www.facebook.com\/prismagamers","article_modified_time":"2026-03-04T23:00:49+00:00","og_image":[{"width":300,"height":450,"url":"https:\/\/prismagamers.com\/wp-content\/uploads\/2024\/04\/library600x9002x1-e1712595355955.jpg","type":"image\/jpeg"}],"twitter_card":"summary_large_image","twitter_misc":{"Becs\u00fclt olvas\u00e1si id\u0151":"2 perc"},"schema":{"@context":"https:\/\/schema.org","@graph":[{"@type":"WebPage","@id":"https:\/\/prismagamers.com\/hu\/produkt\/legidosebb-lelkek\/","url":"https:\/\/prismagamers.com\/hu\/produkt\/legidosebb-lelkek\/","name":"Legid\u0151sebb lelkek - Prismagamers.com","isPartOf":{"@id":"https:\/\/prismagamers.com\/hu\/#website"},"primaryImageOfPage":{"@id":"https:\/\/prismagamers.com\/hu\/produkt\/legidosebb-lelkek\/#primaryimage"},"image":{"@id":"https:\/\/prismagamers.com\/hu\/produkt\/legidosebb-lelkek\/#primaryimage"},"thumbnailUrl":"https:\/\/prismagamers.com\/wp-content\/uploads\/2024\/04\/library600x9002x1-e1712595355955.jpg","datePublished":"2024-04-08T16:58:02+00:00","dateModified":"2026-03-04T23:00:49+00:00","description":"Dinamikus \u00e9s rendk\u00edv\u00fcl kih\u00edv\u00e1sokkal teli j\u00e1t\u00e9kmenet. Az Eldest Souls egy egyedi boss rush j\u00e1t\u00e9k a Souls sorozat szellem\u00e9ben. Az \u0151si istens\u00e9gek v\u00e9gs\u0151 bossz\u00fahadj\u00e1ratak\u00e9nt a Desolationt k\u00fcldt\u00e9k a vil\u00e1gra. Az emberis\u00e9g egyetlen rem\u00e9nye egy mag\u00e1nyos harcos..... \u00e9s az \u0151 tiszta obszidi\u00e1nb\u00f3l k\u00e9sz\u00fclt kardja. \ud83c\udf0d Glob\u00e1lis \u2699\ufe0f Steam \ud83d\udddd Digit\u00e1lis kulcs","breadcrumb":{"@id":"https:\/\/prismagamers.com\/hu\/produkt\/legidosebb-lelkek\/#breadcrumb"},"inLanguage":"hu","potentialAction":[{"@type":"ReadAction","target":["https:\/\/prismagamers.com\/hu\/produkt\/legidosebb-lelkek\/"]}]},{"@type":"ImageObject","inLanguage":"hu","@id":"https:\/\/prismagamers.com\/hu\/produkt\/legidosebb-lelkek\/#primaryimage","url":"https:\/\/prismagamers.com\/wp-content\/uploads\/2024\/04\/library600x9002x1-e1712595355955.jpg","contentUrl":"https:\/\/prismagamers.com\/wp-content\/uploads\/2024\/04\/library600x9002x1-e1712595355955.jpg","width":300,"height":450},{"@type":"BreadcrumbList","@id":"https:\/\/prismagamers.com\/hu\/produkt\/legidosebb-lelkek\/#breadcrumb","itemListElement":[{"@type":"ListItem","position":1,"name":"Strona g\u0142\u00f3wna","item":"https:\/\/prismagamers.com\/hu\/prismagamers\/"},{"@type":"ListItem","position":2,"name":"Shop","item":"https:\/\/prismagamers.com\/hu\/shop\/"},{"@type":"ListItem","position":3,"name":"Legid\u0151sebb lelkek"}]},{"@type":"WebSite","@id":"https:\/\/prismagamers.com\/hu\/#website","url":"https:\/\/prismagamers.com\/hu\/","name":"Prismagamers","description":"Sklep z grami PC I Sklep klucze Steam","publisher":{"@id":"https:\/\/prismagamers.com\/hu\/#organization"},"potentialAction":[{"@type":"SearchAction","target":{"@type":"EntryPoint","urlTemplate":"https:\/\/prismagamers.com\/hu\/?s={search_term_string}"},"query-input":{"@type":"PropertyValueSpecification","valueRequired":true,"valueName":"search_term_string"}}],"inLanguage":"hu"},{"@type":"Organization","@id":"https:\/\/prismagamers.com\/hu\/#organization","name":"Prismagamers","url":"https:\/\/prismagamers.com\/hu\/","logo":{"@type":"ImageObject","inLanguage":"hu","@id":"https:\/\/prismagamers.com\/hu\/#\/schema\/logo\/image\/","url":"https:\/\/prismagamers.com\/wp-content\/uploads\/2022\/04\/cropped-logo-Prismagamers-01-scaled-1.jpg","contentUrl":"https:\/\/prismagamers.com\/wp-content\/uploads\/2022\/04\/cropped-logo-Prismagamers-01-scaled-1.jpg","width":512,"height":512,"caption":"Prismagamers"},"image":{"@id":"https:\/\/prismagamers.com\/hu\/#\/schema\/logo\/image\/"},"sameAs":["https:\/\/www.facebook.com\/prismagamers","https:\/\/www.instagram.com\/prismagamers_grycyfrowe\/"],"description":"Prismagamers.com to dynamiczny sklep z grami cyfrowymi, stworzony z my\u015bl\u0105 o entuzjastach gier wideo. Nasza strona oferuje szerok\u0105 gam\u0119 gier komputerowych, w tym najnowsze tytu\u0142y, dobrze znane klasyki oraz gry stworzone przez niezale\u017cne studia Ca\u0142y czas d\u0105\u017cymy do rozszerzenia naszej oferty. Do\u0142\u0105cz do nas i sta\u0144 si\u0119 cz\u0119\u015bci\u0105 naszej rosn\u0105cej spo\u0142eczno\u015bci graczy!","email":"shop@prismagamers.com","telephone":"48795541705","legalName":"East Caravan Maksym \u017bukow","foundingDate":"2012-05-10","vatID":"PL8943038612","taxID":"PL8943038612","numberOfEmployees":{"@type":"QuantitativeValue","minValue":"11","maxValue":"50"}}]}},"_links":{"self":[{"href":"https:\/\/prismagamers.com\/hu\/wp-json\/wp\/v2\/product\/36142","targetHints":{"allow":["GET"]}}],"collection":[{"href":"https:\/\/prismagamers.com\/hu\/wp-json\/wp\/v2\/product"}],"about":[{"href":"https:\/\/prismagamers.com\/hu\/wp-json\/wp\/v2\/types\/product"}],"wp:featuredmedia":[{"embeddable":true,"href":"https:\/\/prismagamers.com\/hu\/wp-json\/wp\/v2\/media\/31086"}],"wp:attachment":[{"href":"https:\/\/prismagamers.com\/hu\/wp-json\/wp\/v2\/media?parent=36142"}],"wp:term":[{"taxonomy":"product_brand","embeddable":true,"href":"https:\/\/prismagamers.com\/hu\/wp-json\/wp\/v2\/product_brand?post=36142"},{"taxonomy":"product_cat","embeddable":true,"href":"https:\/\/prismagamers.com\/hu\/wp-json\/wp\/v2\/product_cat?post=36142"},{"taxonomy":"product_tag","embeddable":true,"href":"https:\/\/prismagamers.com\/hu\/wp-json\/wp\/v2\/product_tag?post=36142"}],"curies":[{"name":"wp","href":"https:\/\/api.w.org\/{rel}","templated":true}]}}