{"id":36351,"date":"2023-09-14T21:43:03","date_gmt":"2023-09-14T19:43:03","guid":{"rendered":"https:\/\/prismagamers.com\/produkt\/dokapon-kiralysag-connect\/"},"modified":"2026-03-04T01:23:44","modified_gmt":"2026-03-04T00:23:44","slug":"dokapon-kiralysag-connect","status":"publish","type":"product","link":"https:\/\/prismagamers.com\/hu\/produkt\/dokapon-kiralysag-connect\/","title":{"rendered":"Dokapon Kingdom: Connect"},"content":{"rendered":"<p>A Dokapon Kir\u00e1lys\u00e1gban mindenki szereti a p\u00e9nzt.<\/p>\n<p>Egy nap hirtelen sz\u00f6rnyek jelentek meg ezen a b\u00e9k\u00e9s vid\u00e9ken, \u00e9s t\u00e1madni kezdt\u00e9k a k\u00f6zeli v\u00e1rosokat. A gazdas\u00e1g \u00f6sszeomlott, az emberek a padl\u00f3n voltak. Term\u00e9szetesen az ad\u00f3fizet\u00e9s is megsz\u0171nt.  <\/p>\n<p>Akkor a kir\u00e1ly cselekedett!<\/p>\n<p>\u00dagy d\u00f6nt\u00f6tt, hogy \u00f6sszegy\u0171jti a legb\u00e1trabb harcosokat, hogy visszafoglalj\u00e1k ezeket a v\u00e1rosokat, hogy p\u00e9nzt keressen! Cser\u00e9be, aki a legt\u00f6bbet gy\u0171jti, a hercegn\u0151 kez\u00e9t \u00e9s egy tr\u00f3nt kap jutalmul. <\/p>\n<p>\u00c9s \u00edgy kezd\u0151d\u00f6tt egy kaland a p\u00e9nz\u00e9rt, ahol abszol\u00fat mindent szabad!<\/p>\n<h2 class=\"bb_tag\">A szerepj\u00e1t\u00e9kok \u00e9s a t\u00e1rsasj\u00e1t\u00e9kok szerelmesei ism\u00e9t egyes\u00fclnek!<\/h2>\n<p>Az eredetileg PlayStation\u00ae2-re \u00e9s Nintendo Wii-re megjelent hibrid t\u00e1rsasj\u00e1t\u00e9k visszat\u00e9rt! A j\u00e1t\u00e9kmenet egyszer\u0171: p\u00f6rgesd a rulettet, \u00e9s gy\u0151zz le mindenkit, aki az utadba ker\u00fcl! <\/p>\n<p><img decoding=\"async\" class=\"aligncenter\" src=\"https:\/\/cdn.akamai.steamstatic.com\/steam\/apps\/2338140\/extras\/CombatGIF_v12.gif?t=1694139830\"><\/p>\n<h2 class=\"bb_tag\">L\u00e9pjen kapcsolatba legjobb &#8222;bar\u00e1taival&#8221; online.<\/h2>\n<p>A haragtart\u00e1s m\u00e9g sosem volt ennyire sz\u00f3rakoztat\u00f3! A j\u00e1t\u00e9kosok mostant\u00f3l a vil\u00e1g minden t\u00e1j\u00e1r\u00f3l \u00e9rkez\u0151 bar\u00e1taikkal is szembesz\u00e1llhatnak! <\/p>\n<p><img decoding=\"async\" class=\"aligncenter\" src=\"https:\/\/cdn.akamai.steamstatic.com\/steam\/apps\/2338140\/extras\/PvPGIF_v12.gif?t=1694139830\"><\/p>\n<p>&nbsp;<\/p>\n<h2 class=\"bb_tag\">5 j\u00e1t\u00e9km\u00f3d \u00e9s egy hatalmas j\u00e1t\u00e9kt\u00e1bla!<\/h2>\n<p>Tervezd meg a bossz\u00fadat, \u00e9s v\u00e1lassz 5 k\u00fcl\u00f6nb\u00f6z\u0151 j\u00e1t\u00e9km\u00f3d k\u00f6z\u00fcl: V\u00e1rosi verseny. A h\u00e9t kontinensb\u0151l \u00e1ll\u00f3 kir\u00e1lys\u00e1gban sosem tudhatod, milyen \u0151r\u00fclt helyzetekbe keveredsz! <\/p>\n<p><img decoding=\"async\" class=\"aligncenter\" src=\"https:\/\/cdn.akamai.steamstatic.com\/steam\/apps\/2338140\/extras\/BoardGIF_v12.gif?t=1694139830\"><\/p>\n<h2 class=\"bb_tag\">Jusson t\u00fal az ellenfelek esz\u00e9n 11 lehets\u00e9ges profi oszt\u00e1lyban.<\/h2>\n<p>Szeretn\u00e9l v\u00e9gigvonulni a Dokapon Kir\u00e1lys\u00e1gon? V\u00e1lassz egy harcost! \u00c9rdekelnek a mutat\u00f3s var\u00e1zslatok? V\u00e1lassz m\u00e1gust! V\u00e1lassz 11 profi oszt\u00e1ly k\u00f6z\u00fcl, \u00e9s gy\u0171jts tapasztalati pontokat, hogy fejleszthesd a karakteredet! V\u00e1s\u00e1rolj vagy ak\u00e1r lopj t\u00e1rgyakat, \u00e9s haszn\u00e1ld \u0151ket el\u0151ny\u00f6dre!     <\/p>\n<p><img decoding=\"async\" class=\"aligncenter\" src=\"https:\/\/cdn.akamai.steamstatic.com\/steam\/apps\/2338140\/extras\/ClassChangeGIF_v12.gif?t=1694139830\"><\/p>\n","protected":false},"excerpt":{"rendered":"<p>Bar\u00e1tkozz vagy kecske! L\u00e9gy \u00fcgyes cselsz\u00f6v\u0151 ebben a hibrid parti-szerepj\u00e1t\u00e9kban! <\/p>\n<p><img decoding=\"async\" class=\"emoji\" role=\"img\" draggable=\"false\" src=\"https:\/\/s.w.org\/images\/core\/emoji\/14.0.0\/svg\/1f30d.svg\" alt=\"\ud83c\udf0d\">  Glob\u00e1lis<br \/>\n<img decoding=\"async\" class=\"emoji\" role=\"img\" draggable=\"false\" src=\"https:\/\/s.w.org\/images\/core\/emoji\/14.0.0\/svg\/2699.svg\" alt=\"\u2699\ufe0f\">  G\u0151z<br \/>\n<img decoding=\"async\" class=\"emoji\" role=\"img\" draggable=\"false\" src=\"https:\/\/s.w.org\/images\/core\/emoji\/14.0.0\/svg\/1f5dd.svg\" alt=\"\ud83d\udddd\">  Digit\u00e1lis kulcs<\/p>\n","protected":false},"featured_media":25922,"template":"","meta":{"_acf_changed":false,"site-sidebar-layout":"default","site-content-layout":"","ast-site-content-layout":"default","site-content-style":"default","site-sidebar-style":"default","ast-global-header-display":"","ast-banner-title-visibility":"","ast-main-header-display":"","ast-hfb-above-header-display":"","ast-hfb-below-header-display":"","ast-hfb-mobile-header-display":"","site-post-title":"","ast-breadcrumbs-content":"","ast-featured-img":"","footer-sml-layout":"","ast-disable-related-posts":"","theme-transparent-header-meta":"default","adv-header-id-meta":"","stick-header-meta":"","header-above-stick-meta":"","header-main-stick-meta":"","header-below-stick-meta":"","astra-migrate-meta-layouts":"default","ast-page-background-enabled":"default","ast-page-background-meta":{"desktop":{"background-color":"var(--ast-global-color-4)","background-image":"","background-repeat":"repeat","background-position":"center center","background-size":"auto","background-attachment":"scroll","background-type":"","background-media":"","overlay-type":"","overlay-color":"","overlay-opacity":"","overlay-gradient":""},"tablet":{"background-color":"","background-image":"","background-repeat":"repeat","background-position":"center center","background-size":"auto","background-attachment":"scroll","background-type":"","background-media":"","overlay-type":"","overlay-color":"","overlay-opacity":"","overlay-gradient":""},"mobile":{"background-color":"","background-image":"","background-repeat":"repeat","background-position":"center center","background-size":"auto","background-attachment":"scroll","background-type":"","background-media":"","overlay-type":"","overlay-color":"","overlay-opacity":"","overlay-gradient":""}},"ast-content-background-meta":{"desktop":{"background-color":"var(--ast-global-color-5)","background-image":"","background-repeat":"repeat","background-position":"center center","background-size":"auto","background-attachment":"scroll","background-type":"","background-media":"","overlay-type":"","overlay-color":"","overlay-opacity":"","overlay-gradient":""},"tablet":{"background-color":"var(--ast-global-color-5)","background-image":"","background-repeat":"repeat","background-position":"center center","background-size":"auto","background-attachment":"scroll","background-type":"","background-media":"","overlay-type":"","overlay-color":"","overlay-opacity":"","overlay-gradient":""},"mobile":{"background-color":"var(--ast-global-color-5)","background-image":"","background-repeat":"repeat","background-position":"center center","background-size":"auto","background-attachment":"scroll","background-type":"","background-media":"","overlay-type":"","overlay-color":"","overlay-opacity":"","overlay-gradient":""}}},"product_brand":[],"product_cat":[369,365,464,367,364,386],"product_tag":[],"class_list":{"0":"post-36351","1":"product","2":"type-product","3":"status-publish","4":"has-post-thumbnail","6":"product_cat-csarnokok","7":"product_cat-goz","8":"product_cat-idea-factory-international-hu","9":"product_cat-pc-jatekok","10":"product_cat-rpg-k","11":"product_cat-strategiai-jatekok","12":"desktop-align-left","13":"tablet-align-left","14":"mobile-align-left","16":"first","17":"instock","18":"shipping-taxable","19":"purchasable","20":"product-type-simple"},"acf":[],"yoast_head":"<!-- This site is optimized with the Yoast SEO Premium plugin v27.4 (Yoast SEO v27.4) - https:\/\/yoast.com\/product\/yoast-seo-premium-wordpress\/ -->\n<title>Dokapon Kingdom: Connect - Prismagamers.com<\/title>\n<meta name=\"description\" content=\"Bar\u00e1tkozz vagy kecske! L\u00e9gy \u00fcgyes cselsz\u00f6v\u0151 ebben a hibrid parti-szerepj\u00e1t\u00e9kban!   Glob\u00e1lis  G\u0151z  Digit\u00e1lis kulcs\" \/>\n<meta name=\"robots\" content=\"index, follow, max-snippet:-1, max-image-preview:large, max-video-preview:-1\" \/>\n<link rel=\"canonical\" href=\"https:\/\/prismagamers.com\/hu\/produkt\/dokapon-kiralysag-connect\/\" \/>\n<meta property=\"og:locale\" content=\"hu_HU\" \/>\n<meta property=\"og:type\" content=\"article\" \/>\n<meta property=\"og:title\" content=\"Dokapon Kingdom: Connect\" \/>\n<meta property=\"og:description\" content=\"Bar\u00e1tkozz vagy kecske! L\u00e9gy \u00fcgyes cselsz\u00f6v\u0151 ebben a hibrid parti-szerepj\u00e1t\u00e9kban!   Glob\u00e1lis  G\u0151z  Digit\u00e1lis kulcs\" \/>\n<meta property=\"og:url\" content=\"https:\/\/prismagamers.com\/hu\/produkt\/dokapon-kiralysag-connect\/\" \/>\n<meta property=\"og:site_name\" content=\"Prismagamers.com\" \/>\n<meta property=\"article:publisher\" content=\"https:\/\/www.facebook.com\/prismagamers\" \/>\n<meta property=\"article:modified_time\" content=\"2026-03-04T00:23:44+00:00\" \/>\n<meta property=\"og:image\" content=\"https:\/\/prismagamers.com\/wp-content\/uploads\/2023\/09\/library_600x900_2x-6.jpg\" \/>\n\t<meta property=\"og:image:width\" content=\"600\" \/>\n\t<meta property=\"og:image:height\" content=\"900\" \/>\n\t<meta property=\"og:image:type\" content=\"image\/jpeg\" \/>\n<meta name=\"twitter:card\" content=\"summary_large_image\" \/>\n<meta name=\"twitter:label1\" content=\"Becs\u00fclt olvas\u00e1si id\u0151\" \/>\n\t<meta name=\"twitter:data1\" content=\"2 perc\" \/>\n<script type=\"application\/ld+json\" class=\"yoast-schema-graph\">{\"@context\":\"https:\\\/\\\/schema.org\",\"@graph\":[{\"@type\":\"WebPage\",\"@id\":\"https:\\\/\\\/prismagamers.com\\\/hu\\\/produkt\\\/dokapon-kiralysag-connect\\\/\",\"url\":\"https:\\\/\\\/prismagamers.com\\\/hu\\\/produkt\\\/dokapon-kiralysag-connect\\\/\",\"name\":\"Dokapon Kingdom: Connect - Prismagamers.com\",\"isPartOf\":{\"@id\":\"https:\\\/\\\/prismagamers.com\\\/hu\\\/#website\"},\"primaryImageOfPage\":{\"@id\":\"https:\\\/\\\/prismagamers.com\\\/hu\\\/produkt\\\/dokapon-kiralysag-connect\\\/#primaryimage\"},\"image\":{\"@id\":\"https:\\\/\\\/prismagamers.com\\\/hu\\\/produkt\\\/dokapon-kiralysag-connect\\\/#primaryimage\"},\"thumbnailUrl\":\"https:\\\/\\\/prismagamers.com\\\/wp-content\\\/uploads\\\/2023\\\/09\\\/library_600x900_2x-6.jpg\",\"datePublished\":\"2023-09-14T19:43:03+00:00\",\"dateModified\":\"2026-03-04T00:23:44+00:00\",\"description\":\"Bar\u00e1tkozz vagy kecske! L\u00e9gy \u00fcgyes cselsz\u00f6v\u0151 ebben a hibrid parti-szerepj\u00e1t\u00e9kban! Glob\u00e1lis G\u0151z Digit\u00e1lis kulcs\",\"breadcrumb\":{\"@id\":\"https:\\\/\\\/prismagamers.com\\\/hu\\\/produkt\\\/dokapon-kiralysag-connect\\\/#breadcrumb\"},\"inLanguage\":\"hu\",\"potentialAction\":[{\"@type\":\"ReadAction\",\"target\":[\"https:\\\/\\\/prismagamers.com\\\/hu\\\/produkt\\\/dokapon-kiralysag-connect\\\/\"]}]},{\"@type\":\"ImageObject\",\"inLanguage\":\"hu\",\"@id\":\"https:\\\/\\\/prismagamers.com\\\/hu\\\/produkt\\\/dokapon-kiralysag-connect\\\/#primaryimage\",\"url\":\"https:\\\/\\\/prismagamers.com\\\/wp-content\\\/uploads\\\/2023\\\/09\\\/library_600x900_2x-6.jpg\",\"contentUrl\":\"https:\\\/\\\/prismagamers.com\\\/wp-content\\\/uploads\\\/2023\\\/09\\\/library_600x900_2x-6.jpg\",\"width\":600,\"height\":900},{\"@type\":\"BreadcrumbList\",\"@id\":\"https:\\\/\\\/prismagamers.com\\\/hu\\\/produkt\\\/dokapon-kiralysag-connect\\\/#breadcrumb\",\"itemListElement\":[{\"@type\":\"ListItem\",\"position\":1,\"name\":\"Strona g\u0142\u00f3wna\",\"item\":\"https:\\\/\\\/prismagamers.com\\\/hu\\\/prismagamers\\\/\"},{\"@type\":\"ListItem\",\"position\":2,\"name\":\"Shop\",\"item\":\"https:\\\/\\\/prismagamers.com\\\/hu\\\/shop\\\/\"},{\"@type\":\"ListItem\",\"position\":3,\"name\":\"Dokapon Kingdom: Connect\"}]},{\"@type\":\"WebSite\",\"@id\":\"https:\\\/\\\/prismagamers.com\\\/hu\\\/#website\",\"url\":\"https:\\\/\\\/prismagamers.com\\\/hu\\\/\",\"name\":\"Prismagamers\",\"description\":\"Sklep z grami PC I Sklep klucze Steam\",\"publisher\":{\"@id\":\"https:\\\/\\\/prismagamers.com\\\/hu\\\/#organization\"},\"potentialAction\":[{\"@type\":\"SearchAction\",\"target\":{\"@type\":\"EntryPoint\",\"urlTemplate\":\"https:\\\/\\\/prismagamers.com\\\/hu\\\/?s={search_term_string}\"},\"query-input\":{\"@type\":\"PropertyValueSpecification\",\"valueRequired\":true,\"valueName\":\"search_term_string\"}}],\"inLanguage\":\"hu\"},{\"@type\":\"Organization\",\"@id\":\"https:\\\/\\\/prismagamers.com\\\/hu\\\/#organization\",\"name\":\"Prismagamers\",\"url\":\"https:\\\/\\\/prismagamers.com\\\/hu\\\/\",\"logo\":{\"@type\":\"ImageObject\",\"inLanguage\":\"hu\",\"@id\":\"https:\\\/\\\/prismagamers.com\\\/hu\\\/#\\\/schema\\\/logo\\\/image\\\/\",\"url\":\"https:\\\/\\\/prismagamers.com\\\/wp-content\\\/uploads\\\/2022\\\/04\\\/cropped-logo-Prismagamers-01-scaled-1.jpg\",\"contentUrl\":\"https:\\\/\\\/prismagamers.com\\\/wp-content\\\/uploads\\\/2022\\\/04\\\/cropped-logo-Prismagamers-01-scaled-1.jpg\",\"width\":512,\"height\":512,\"caption\":\"Prismagamers\"},\"image\":{\"@id\":\"https:\\\/\\\/prismagamers.com\\\/hu\\\/#\\\/schema\\\/logo\\\/image\\\/\"},\"sameAs\":[\"https:\\\/\\\/www.facebook.com\\\/prismagamers\",\"https:\\\/\\\/www.instagram.com\\\/prismagamers_grycyfrowe\\\/\"],\"description\":\"Prismagamers.com to dynamiczny sklep z grami cyfrowymi, stworzony z my\u015bl\u0105 o entuzjastach gier wideo. Nasza strona oferuje szerok\u0105 gam\u0119 gier komputerowych, w tym najnowsze tytu\u0142y, dobrze znane klasyki oraz gry stworzone przez niezale\u017cne studia Ca\u0142y czas d\u0105\u017cymy do rozszerzenia naszej oferty. Do\u0142\u0105cz do nas i sta\u0144 si\u0119 cz\u0119\u015bci\u0105 naszej rosn\u0105cej spo\u0142eczno\u015bci graczy!\",\"email\":\"shop@prismagamers.com\",\"telephone\":\"48795541705\",\"legalName\":\"East Caravan Maksym \u017bukow\",\"foundingDate\":\"2012-05-10\",\"vatID\":\"PL8943038612\",\"taxID\":\"PL8943038612\",\"numberOfEmployees\":{\"@type\":\"QuantitativeValue\",\"minValue\":\"11\",\"maxValue\":\"50\"}}]}<\/script>\n<!-- \/ Yoast SEO Premium plugin. -->","yoast_head_json":{"title":"Dokapon Kingdom: Connect - Prismagamers.com","description":"Bar\u00e1tkozz vagy kecske! L\u00e9gy \u00fcgyes cselsz\u00f6v\u0151 ebben a hibrid parti-szerepj\u00e1t\u00e9kban!   Glob\u00e1lis  G\u0151z  Digit\u00e1lis kulcs","robots":{"index":"index","follow":"follow","max-snippet":"max-snippet:-1","max-image-preview":"max-image-preview:large","max-video-preview":"max-video-preview:-1"},"canonical":"https:\/\/prismagamers.com\/hu\/produkt\/dokapon-kiralysag-connect\/","og_locale":"hu_HU","og_type":"article","og_title":"Dokapon Kingdom: Connect","og_description":"Bar\u00e1tkozz vagy kecske! L\u00e9gy \u00fcgyes cselsz\u00f6v\u0151 ebben a hibrid parti-szerepj\u00e1t\u00e9kban!   Glob\u00e1lis  G\u0151z  Digit\u00e1lis kulcs","og_url":"https:\/\/prismagamers.com\/hu\/produkt\/dokapon-kiralysag-connect\/","og_site_name":"Prismagamers.com","article_publisher":"https:\/\/www.facebook.com\/prismagamers","article_modified_time":"2026-03-04T00:23:44+00:00","og_image":[{"width":600,"height":900,"url":"https:\/\/prismagamers.com\/wp-content\/uploads\/2023\/09\/library_600x900_2x-6.jpg","type":"image\/jpeg"}],"twitter_card":"summary_large_image","twitter_misc":{"Becs\u00fclt olvas\u00e1si id\u0151":"2 perc"},"schema":{"@context":"https:\/\/schema.org","@graph":[{"@type":"WebPage","@id":"https:\/\/prismagamers.com\/hu\/produkt\/dokapon-kiralysag-connect\/","url":"https:\/\/prismagamers.com\/hu\/produkt\/dokapon-kiralysag-connect\/","name":"Dokapon Kingdom: Connect - Prismagamers.com","isPartOf":{"@id":"https:\/\/prismagamers.com\/hu\/#website"},"primaryImageOfPage":{"@id":"https:\/\/prismagamers.com\/hu\/produkt\/dokapon-kiralysag-connect\/#primaryimage"},"image":{"@id":"https:\/\/prismagamers.com\/hu\/produkt\/dokapon-kiralysag-connect\/#primaryimage"},"thumbnailUrl":"https:\/\/prismagamers.com\/wp-content\/uploads\/2023\/09\/library_600x900_2x-6.jpg","datePublished":"2023-09-14T19:43:03+00:00","dateModified":"2026-03-04T00:23:44+00:00","description":"Bar\u00e1tkozz vagy kecske! L\u00e9gy \u00fcgyes cselsz\u00f6v\u0151 ebben a hibrid parti-szerepj\u00e1t\u00e9kban! Glob\u00e1lis G\u0151z Digit\u00e1lis kulcs","breadcrumb":{"@id":"https:\/\/prismagamers.com\/hu\/produkt\/dokapon-kiralysag-connect\/#breadcrumb"},"inLanguage":"hu","potentialAction":[{"@type":"ReadAction","target":["https:\/\/prismagamers.com\/hu\/produkt\/dokapon-kiralysag-connect\/"]}]},{"@type":"ImageObject","inLanguage":"hu","@id":"https:\/\/prismagamers.com\/hu\/produkt\/dokapon-kiralysag-connect\/#primaryimage","url":"https:\/\/prismagamers.com\/wp-content\/uploads\/2023\/09\/library_600x900_2x-6.jpg","contentUrl":"https:\/\/prismagamers.com\/wp-content\/uploads\/2023\/09\/library_600x900_2x-6.jpg","width":600,"height":900},{"@type":"BreadcrumbList","@id":"https:\/\/prismagamers.com\/hu\/produkt\/dokapon-kiralysag-connect\/#breadcrumb","itemListElement":[{"@type":"ListItem","position":1,"name":"Strona g\u0142\u00f3wna","item":"https:\/\/prismagamers.com\/hu\/prismagamers\/"},{"@type":"ListItem","position":2,"name":"Shop","item":"https:\/\/prismagamers.com\/hu\/shop\/"},{"@type":"ListItem","position":3,"name":"Dokapon Kingdom: Connect"}]},{"@type":"WebSite","@id":"https:\/\/prismagamers.com\/hu\/#website","url":"https:\/\/prismagamers.com\/hu\/","name":"Prismagamers","description":"Sklep z grami PC I Sklep klucze Steam","publisher":{"@id":"https:\/\/prismagamers.com\/hu\/#organization"},"potentialAction":[{"@type":"SearchAction","target":{"@type":"EntryPoint","urlTemplate":"https:\/\/prismagamers.com\/hu\/?s={search_term_string}"},"query-input":{"@type":"PropertyValueSpecification","valueRequired":true,"valueName":"search_term_string"}}],"inLanguage":"hu"},{"@type":"Organization","@id":"https:\/\/prismagamers.com\/hu\/#organization","name":"Prismagamers","url":"https:\/\/prismagamers.com\/hu\/","logo":{"@type":"ImageObject","inLanguage":"hu","@id":"https:\/\/prismagamers.com\/hu\/#\/schema\/logo\/image\/","url":"https:\/\/prismagamers.com\/wp-content\/uploads\/2022\/04\/cropped-logo-Prismagamers-01-scaled-1.jpg","contentUrl":"https:\/\/prismagamers.com\/wp-content\/uploads\/2022\/04\/cropped-logo-Prismagamers-01-scaled-1.jpg","width":512,"height":512,"caption":"Prismagamers"},"image":{"@id":"https:\/\/prismagamers.com\/hu\/#\/schema\/logo\/image\/"},"sameAs":["https:\/\/www.facebook.com\/prismagamers","https:\/\/www.instagram.com\/prismagamers_grycyfrowe\/"],"description":"Prismagamers.com to dynamiczny sklep z grami cyfrowymi, stworzony z my\u015bl\u0105 o entuzjastach gier wideo. Nasza strona oferuje szerok\u0105 gam\u0119 gier komputerowych, w tym najnowsze tytu\u0142y, dobrze znane klasyki oraz gry stworzone przez niezale\u017cne studia Ca\u0142y czas d\u0105\u017cymy do rozszerzenia naszej oferty. Do\u0142\u0105cz do nas i sta\u0144 si\u0119 cz\u0119\u015bci\u0105 naszej rosn\u0105cej spo\u0142eczno\u015bci graczy!","email":"shop@prismagamers.com","telephone":"48795541705","legalName":"East Caravan Maksym \u017bukow","foundingDate":"2012-05-10","vatID":"PL8943038612","taxID":"PL8943038612","numberOfEmployees":{"@type":"QuantitativeValue","minValue":"11","maxValue":"50"}}]}},"_links":{"self":[{"href":"https:\/\/prismagamers.com\/hu\/wp-json\/wp\/v2\/product\/36351","targetHints":{"allow":["GET"]}}],"collection":[{"href":"https:\/\/prismagamers.com\/hu\/wp-json\/wp\/v2\/product"}],"about":[{"href":"https:\/\/prismagamers.com\/hu\/wp-json\/wp\/v2\/types\/product"}],"wp:featuredmedia":[{"embeddable":true,"href":"https:\/\/prismagamers.com\/hu\/wp-json\/wp\/v2\/media\/25922"}],"wp:attachment":[{"href":"https:\/\/prismagamers.com\/hu\/wp-json\/wp\/v2\/media?parent=36351"}],"wp:term":[{"taxonomy":"product_brand","embeddable":true,"href":"https:\/\/prismagamers.com\/hu\/wp-json\/wp\/v2\/product_brand?post=36351"},{"taxonomy":"product_cat","embeddable":true,"href":"https:\/\/prismagamers.com\/hu\/wp-json\/wp\/v2\/product_cat?post=36351"},{"taxonomy":"product_tag","embeddable":true,"href":"https:\/\/prismagamers.com\/hu\/wp-json\/wp\/v2\/product_tag?post=36351"}],"curies":[{"name":"wp","href":"https:\/\/api.w.org\/{rel}","templated":true}]}}