{"id":37556,"date":"2023-05-02T18:16:26","date_gmt":"2023-05-02T16:16:26","guid":{"rendered":"https:\/\/prismagamers.com\/produkt\/river-city-girls-2-pc\/"},"modified":"2026-03-04T01:23:43","modified_gmt":"2026-03-04T00:23:43","slug":"river-city-girls-2-pc","status":"publish","type":"product","link":"https:\/\/prismagamers.com\/hu\/produkt\/river-city-girls-2-pc\/","title":{"rendered":"River City Girls 2"},"content":{"rendered":"<p>A River City Girls h\u0151sei \u00fajra harcba sz\u00e1llnak! Amikor egy egyszer m\u00e1r legy\u0151z\u00f6tt ellenf\u00e9l bossz\u00fat tervez, Misako, Kyoko, Kunio \u00e9s Riki az \u00faj szerepl\u0151k, Marian \u00e9s Provie k\u00eds\u00e9ret\u00e9ben utcai csat\u00e1ba vetik magukat. Ismerj meg \u00faj k\u00e9pess\u00e9geket, ellens\u00e9geket, sz\u00f6vets\u00e9geseket, helysz\u00edneket \u00e9s m\u00e9g sok m\u00e1st! J\u00e1tssz a bar\u00e1taiddal &#8211; a kanap\u00e9n \u00e9s online, \u00e1raszd el az ellens\u00e9get \u00faj blokkol\u00f3 t\u00e1mad\u00e1sokkal, l\u00e9gdob\u00f3 komb\u00f3kkal, elemi hat\u00e1sokkal \u00e9s m\u00e1s harci technik\u00e1kkal! L\u00e9pj szintet, hogy \u00faj t\u00e1mad\u00e1sokat tanulj, v\u00e1s\u00e1rolj t\u00e1rgyakat \u00e9s kieg\u00e9sz\u00edt\u0151ket t\u00f6bb mint 40 boltb\u00f3l, \u00e9s toborozz legy\u0151z\u00f6tt ellens\u00e9geket \u00e9s zsoldosokat, hogy seg\u00edtsenek rendet teremteni az utc\u00e1kon! River City v\u00e1rosa ez\u00fattal m\u00e9g nagyobb, \u00edgy m\u00e9g t\u00f6bb lehet\u0151s\u00e9get k\u00edn\u00e1l a k\u00f6rnyezet felfedez\u00e9s\u00e9re \u00e9s puszt\u00edt\u00e1s\u00e1ra &#8211; nappal \u00e9s \u00e9jszaka egyar\u00e1nt! A j\u00e1t\u00e9kmenet nem line\u00e1ris, amelyet Megan McDuffee karakterhangjai \u00e9s epikus zen\u00e9je t\u00e1maszt al\u00e1. A River City Girls 2 rengeteg sz\u00f3rakoz\u00e1st ny\u00fajt az utcai gengszterek sir\u00e1maival k\u00eds\u00e9rve!       <\/p>\n<p>F\u0151bb jellemz\u0151k:<br \/>\n&#8211; Hat karakter k\u00f6z\u00fcl v\u00e1laszthatsz, mindegyiknek saj\u00e1t harci st\u00edlusa \u00e9s b\u0151v\u00edthet\u0151 t\u00e1mad\u00e1sk\u00e9szlete van!<br \/>\n&#8211; Gazdag\u00edtott harcrendszer: blokkol\u00f3 \u00fct\u00e9sek, l\u00e9gdob\u00e1sok, elemi sebz\u00e9s \u00e9s m\u00e9g t\u00f6bb!<br \/>\n&#8211; River City v\u00e1rosa most m\u00e9g nagyobb! \u00daj helysz\u00ednek t\u00f6bb \u00fatvonallal \u00e9s rejtett ter\u00fcletekkel v\u00e1rnak!<br \/>\n&#8211; J\u00e1tssz egyed\u00fcl vagy t\u00e1rsas\u00e1gban &#8211; helyben \u00e9s online.<br \/>\n&#8211; Haszn\u00e1ld ki a zsoldosok t\u00e1mogat\u00e1s\u00e1t! Egyszerre k\u00e9t seg\u00edt\u0151d lehet.<br \/>\n&#8211; Sok szerepl\u0151vel tal\u00e1lkozhatsz &#8211; akikkel besz\u00e9lgethetsz \u00e9s akikre r\u00e1\u00f6nthetsz -, k\u00f6zt\u00fck n\u00e9h\u00e1ny meglep\u0151 vend\u00e9ggel is!<br \/>\n&#8211; Szenz\u00e1ci\u00f3s anim\u00e1ci\u00f3s bevezet\u0151, k\u00e9preg\u00e9nyes bet\u00e9tek, angol \u00e9s jap\u00e1n nyelv\u0171 narr\u00e1ci\u00f3, valamint Megan McDuffee, az RCG1 zen\u00e9j\u00e9nek alkot\u00f3ja \u00e1ltal k\u00e9sz\u00edtett l\u00e1tv\u00e1nyos soundtrack!<\/p>\n","protected":false},"excerpt":{"rendered":"<p class=\"ai-optimize-18\">A River City Girls csomag visszat\u00e9rt! Misako, Kyoko, Kunio \u00e9s Riki, valamint az \u00faj karakterek, Marian \u00e9s Provie k\u00eds\u00e9ret\u00e9ben, az utc\u00e1ra l\u00e9pnek ebben az \u00faj vereked\u0151s j\u00e1t\u00e9kban! J\u00e1tssz szoci\u00e1lisan helyben \u00e9s online, haszn\u00e1ld az \u00faj k\u00e9pess\u00e9geket \u00e9s fedezd fel az ellens\u00e9gekkel, helysz\u00ednekkel \u00e9s sok m\u00e1ssal gazdag\u00edtott hatalmas vil\u00e1got!  <\/p>\n<p class=\"ai-optimize-19\"><img decoding=\"async\" class=\"emoji\" role=\"img\" draggable=\"false\" src=\"https:\/\/s.w.org\/images\/core\/emoji\/14.0.0\/svg\/1f30d.svg\" alt=\"\ud83c\udf0d\">  Global<br \/>\n<img decoding=\"async\" class=\"emoji\" role=\"img\" draggable=\"false\" src=\"https:\/\/s.w.org\/images\/core\/emoji\/14.0.0\/svg\/2699.svg\" alt=\"\u2699\ufe0f\"> Steam<br \/>\n<img decoding=\"async\" class=\"emoji\" role=\"img\" draggable=\"false\" src=\"https:\/\/s.w.org\/images\/core\/emoji\/14.0.0\/svg\/1f5dd.svg\" alt=\"\ud83d\udddd\"> Digit\u00e1lis kulcs<\/p>\n","protected":false},"featured_media":25236,"template":"","meta":{"_acf_changed":false,"site-sidebar-layout":"default","site-content-layout":"default","ast-site-content-layout":"default","site-content-style":"default","site-sidebar-style":"default","ast-global-header-display":"","ast-banner-title-visibility":"","ast-main-header-display":"","ast-hfb-above-header-display":"","ast-hfb-below-header-display":"","ast-hfb-mobile-header-display":"","site-post-title":"","ast-breadcrumbs-content":"","ast-featured-img":"","footer-sml-layout":"","ast-disable-related-posts":"","theme-transparent-header-meta":"default","adv-header-id-meta":"","stick-header-meta":"","header-above-stick-meta":"","header-main-stick-meta":"","header-below-stick-meta":"","astra-migrate-meta-layouts":"default","ast-page-background-enabled":"default","ast-page-background-meta":{"desktop":{"background-color":"var(--ast-global-color-4)","background-image":"","background-repeat":"repeat","background-position":"center center","background-size":"auto","background-attachment":"scroll","background-type":"","background-media":"","overlay-type":"","overlay-color":"","overlay-opacity":"","overlay-gradient":""},"tablet":{"background-color":"","background-image":"","background-repeat":"repeat","background-position":"center center","background-size":"auto","background-attachment":"scroll","background-type":"","background-media":"","overlay-type":"","overlay-color":"","overlay-opacity":"","overlay-gradient":""},"mobile":{"background-color":"","background-image":"","background-repeat":"repeat","background-position":"center center","background-size":"auto","background-attachment":"scroll","background-type":"","background-media":"","overlay-type":"","overlay-color":"","overlay-opacity":"","overlay-gradient":""}},"ast-content-background-meta":{"desktop":{"background-color":"var(--ast-global-color-5)","background-image":"","background-repeat":"repeat","background-position":"center center","background-size":"auto","background-attachment":"scroll","background-type":"","background-media":"","overlay-type":"","overlay-color":"","overlay-opacity":"","overlay-gradient":""},"tablet":{"background-color":"var(--ast-global-color-5)","background-image":"","background-repeat":"repeat","background-position":"center center","background-size":"auto","background-attachment":"scroll","background-type":"","background-media":"","overlay-type":"","overlay-color":"","overlay-opacity":"","overlay-gradient":""},"mobile":{"background-color":"var(--ast-global-color-5)","background-image":"","background-repeat":"repeat","background-position":"center center","background-size":"auto","background-attachment":"scroll","background-type":"","background-media":"","overlay-type":"","overlay-color":"","overlay-opacity":"","overlay-gradient":""}}},"product_brand":[],"product_cat":[371,369,394,365,363,378,367,364,544],"product_tag":[370],"class_list":{"0":"post-37556","1":"product","2":"type-product","3":"status-publish","4":"has-post-thumbnail","6":"product_cat-akcio-jatekok","7":"product_cat-csarnokok","8":"product_cat-digitalis-jatekok","9":"product_cat-goz","10":"product_cat-kaland-jatekok","11":"product_cat-minden-digitalis-jatek","12":"product_cat-pc-jatekok","13":"product_cat-rpg-k","14":"product_cat-wayforward-hu","15":"product_tag-pid-tel","16":"desktop-align-left","17":"tablet-align-left","18":"mobile-align-left","20":"first","21":"instock","22":"virtual","23":"purchasable","24":"product-type-simple"},"acf":[],"yoast_head":"<!-- This site is optimized with the Yoast SEO Premium plugin v27.4 (Yoast SEO v27.4) - https:\/\/yoast.com\/product\/yoast-seo-premium-wordpress\/ -->\n<title>River City Girls 2 - Prismagamers.com<\/title>\n<meta name=\"description\" content=\"A River City Girls csomag visszat\u00e9rt! Misako, Kyoko, Kunio \u00e9s Riki, valamint az \u00faj karakterek, Marian \u00e9s Provie k\u00eds\u00e9ret\u00e9ben, az utc\u00e1ra l\u00e9pnek ebben az \u00faj vereked\u0151s j\u00e1t\u00e9kban! J\u00e1tssz szoci\u00e1lisan helyben \u00e9s online, haszn\u00e1ld az \u00faj k\u00e9pess\u00e9geket \u00e9s fedezd fel az ellens\u00e9gekkel, helysz\u00ednekkel \u00e9s sok m\u00e1ssal gazdag\u00edtott hatalmas vil\u00e1got!   Global Steam Digit\u00e1lis kulcs\" \/>\n<meta name=\"robots\" content=\"index, follow, max-snippet:-1, max-image-preview:large, max-video-preview:-1\" \/>\n<link rel=\"canonical\" href=\"https:\/\/prismagamers.com\/hu\/produkt\/river-city-girls-2-pc\/\" \/>\n<meta property=\"og:locale\" content=\"hu_HU\" \/>\n<meta property=\"og:type\" content=\"article\" \/>\n<meta property=\"og:title\" content=\"River City Girls 2\" \/>\n<meta property=\"og:description\" content=\"A River City Girls csomag visszat\u00e9rt! Misako, Kyoko, Kunio \u00e9s Riki, valamint az \u00faj karakterek, Marian \u00e9s Provie k\u00eds\u00e9ret\u00e9ben, az utc\u00e1ra l\u00e9pnek ebben az \u00faj vereked\u0151s j\u00e1t\u00e9kban! J\u00e1tssz szoci\u00e1lisan helyben \u00e9s online, haszn\u00e1ld az \u00faj k\u00e9pess\u00e9geket \u00e9s fedezd fel az ellens\u00e9gekkel, helysz\u00ednekkel \u00e9s sok m\u00e1ssal gazdag\u00edtott hatalmas vil\u00e1got!   Global Steam Digit\u00e1lis kulcs\" \/>\n<meta property=\"og:url\" content=\"https:\/\/prismagamers.com\/hu\/produkt\/river-city-girls-2-pc\/\" \/>\n<meta property=\"og:site_name\" content=\"Prismagamers.com\" \/>\n<meta property=\"article:publisher\" content=\"https:\/\/www.facebook.com\/prismagamers\" \/>\n<meta property=\"article:modified_time\" content=\"2026-03-04T00:23:43+00:00\" \/>\n<meta property=\"og:image\" content=\"https:\/\/prismagamers.com\/wp-content\/uploads\/2023\/05\/library_600x900_2x-1.jpg\" \/>\n\t<meta property=\"og:image:width\" content=\"600\" \/>\n\t<meta property=\"og:image:height\" content=\"900\" \/>\n\t<meta property=\"og:image:type\" content=\"image\/jpeg\" \/>\n<meta name=\"twitter:card\" content=\"summary_large_image\" \/>\n<meta name=\"twitter:label1\" content=\"Becs\u00fclt olvas\u00e1si id\u0151\" \/>\n\t<meta name=\"twitter:data1\" content=\"2 perc\" \/>\n<script type=\"application\/ld+json\" class=\"yoast-schema-graph\">{\"@context\":\"https:\\\/\\\/schema.org\",\"@graph\":[{\"@type\":\"WebPage\",\"@id\":\"https:\\\/\\\/prismagamers.com\\\/hu\\\/produkt\\\/river-city-girls-2-pc\\\/\",\"url\":\"https:\\\/\\\/prismagamers.com\\\/hu\\\/produkt\\\/river-city-girls-2-pc\\\/\",\"name\":\"River City Girls 2 - Prismagamers.com\",\"isPartOf\":{\"@id\":\"https:\\\/\\\/prismagamers.com\\\/hu\\\/#website\"},\"primaryImageOfPage\":{\"@id\":\"https:\\\/\\\/prismagamers.com\\\/hu\\\/produkt\\\/river-city-girls-2-pc\\\/#primaryimage\"},\"image\":{\"@id\":\"https:\\\/\\\/prismagamers.com\\\/hu\\\/produkt\\\/river-city-girls-2-pc\\\/#primaryimage\"},\"thumbnailUrl\":\"https:\\\/\\\/prismagamers.com\\\/wp-content\\\/uploads\\\/2023\\\/05\\\/library_600x900_2x-1.jpg\",\"datePublished\":\"2023-05-02T16:16:26+00:00\",\"dateModified\":\"2026-03-04T00:23:43+00:00\",\"description\":\"A River City Girls csomag visszat\u00e9rt! Misako, Kyoko, Kunio \u00e9s Riki, valamint az \u00faj karakterek, Marian \u00e9s Provie k\u00eds\u00e9ret\u00e9ben, az utc\u00e1ra l\u00e9pnek ebben az \u00faj vereked\u0151s j\u00e1t\u00e9kban! J\u00e1tssz szoci\u00e1lisan helyben \u00e9s online, haszn\u00e1ld az \u00faj k\u00e9pess\u00e9geket \u00e9s fedezd fel az ellens\u00e9gekkel, helysz\u00ednekkel \u00e9s sok m\u00e1ssal gazdag\u00edtott hatalmas vil\u00e1got! Global Steam Digit\u00e1lis kulcs\",\"breadcrumb\":{\"@id\":\"https:\\\/\\\/prismagamers.com\\\/hu\\\/produkt\\\/river-city-girls-2-pc\\\/#breadcrumb\"},\"inLanguage\":\"hu\",\"potentialAction\":[{\"@type\":\"ReadAction\",\"target\":[\"https:\\\/\\\/prismagamers.com\\\/hu\\\/produkt\\\/river-city-girls-2-pc\\\/\"]}]},{\"@type\":\"ImageObject\",\"inLanguage\":\"hu\",\"@id\":\"https:\\\/\\\/prismagamers.com\\\/hu\\\/produkt\\\/river-city-girls-2-pc\\\/#primaryimage\",\"url\":\"https:\\\/\\\/prismagamers.com\\\/wp-content\\\/uploads\\\/2023\\\/05\\\/library_600x900_2x-1.jpg\",\"contentUrl\":\"https:\\\/\\\/prismagamers.com\\\/wp-content\\\/uploads\\\/2023\\\/05\\\/library_600x900_2x-1.jpg\",\"width\":600,\"height\":900},{\"@type\":\"BreadcrumbList\",\"@id\":\"https:\\\/\\\/prismagamers.com\\\/hu\\\/produkt\\\/river-city-girls-2-pc\\\/#breadcrumb\",\"itemListElement\":[{\"@type\":\"ListItem\",\"position\":1,\"name\":\"Strona g\u0142\u00f3wna\",\"item\":\"https:\\\/\\\/prismagamers.com\\\/hu\\\/prismagamers\\\/\"},{\"@type\":\"ListItem\",\"position\":2,\"name\":\"Shop\",\"item\":\"https:\\\/\\\/prismagamers.com\\\/hu\\\/shop\\\/\"},{\"@type\":\"ListItem\",\"position\":3,\"name\":\"River City Girls 2\"}]},{\"@type\":\"WebSite\",\"@id\":\"https:\\\/\\\/prismagamers.com\\\/hu\\\/#website\",\"url\":\"https:\\\/\\\/prismagamers.com\\\/hu\\\/\",\"name\":\"Prismagamers\",\"description\":\"Sklep z grami PC I Sklep klucze Steam\",\"publisher\":{\"@id\":\"https:\\\/\\\/prismagamers.com\\\/hu\\\/#organization\"},\"potentialAction\":[{\"@type\":\"SearchAction\",\"target\":{\"@type\":\"EntryPoint\",\"urlTemplate\":\"https:\\\/\\\/prismagamers.com\\\/hu\\\/?s={search_term_string}\"},\"query-input\":{\"@type\":\"PropertyValueSpecification\",\"valueRequired\":true,\"valueName\":\"search_term_string\"}}],\"inLanguage\":\"hu\"},{\"@type\":\"Organization\",\"@id\":\"https:\\\/\\\/prismagamers.com\\\/hu\\\/#organization\",\"name\":\"Prismagamers\",\"url\":\"https:\\\/\\\/prismagamers.com\\\/hu\\\/\",\"logo\":{\"@type\":\"ImageObject\",\"inLanguage\":\"hu\",\"@id\":\"https:\\\/\\\/prismagamers.com\\\/hu\\\/#\\\/schema\\\/logo\\\/image\\\/\",\"url\":\"https:\\\/\\\/prismagamers.com\\\/wp-content\\\/uploads\\\/2022\\\/04\\\/cropped-logo-Prismagamers-01-scaled-1.jpg\",\"contentUrl\":\"https:\\\/\\\/prismagamers.com\\\/wp-content\\\/uploads\\\/2022\\\/04\\\/cropped-logo-Prismagamers-01-scaled-1.jpg\",\"width\":512,\"height\":512,\"caption\":\"Prismagamers\"},\"image\":{\"@id\":\"https:\\\/\\\/prismagamers.com\\\/hu\\\/#\\\/schema\\\/logo\\\/image\\\/\"},\"sameAs\":[\"https:\\\/\\\/www.facebook.com\\\/prismagamers\",\"https:\\\/\\\/www.instagram.com\\\/prismagamers_grycyfrowe\\\/\"],\"description\":\"Prismagamers.com to dynamiczny sklep z grami cyfrowymi, stworzony z my\u015bl\u0105 o entuzjastach gier wideo. Nasza strona oferuje szerok\u0105 gam\u0119 gier komputerowych, w tym najnowsze tytu\u0142y, dobrze znane klasyki oraz gry stworzone przez niezale\u017cne studia Ca\u0142y czas d\u0105\u017cymy do rozszerzenia naszej oferty. Do\u0142\u0105cz do nas i sta\u0144 si\u0119 cz\u0119\u015bci\u0105 naszej rosn\u0105cej spo\u0142eczno\u015bci graczy!\",\"email\":\"shop@prismagamers.com\",\"telephone\":\"48795541705\",\"legalName\":\"East Caravan Maksym \u017bukow\",\"foundingDate\":\"2012-05-10\",\"vatID\":\"PL8943038612\",\"taxID\":\"PL8943038612\",\"numberOfEmployees\":{\"@type\":\"QuantitativeValue\",\"minValue\":\"11\",\"maxValue\":\"50\"}}]}<\/script>\n<!-- \/ Yoast SEO Premium plugin. -->","yoast_head_json":{"title":"River City Girls 2 - Prismagamers.com","description":"A River City Girls csomag visszat\u00e9rt! Misako, Kyoko, Kunio \u00e9s Riki, valamint az \u00faj karakterek, Marian \u00e9s Provie k\u00eds\u00e9ret\u00e9ben, az utc\u00e1ra l\u00e9pnek ebben az \u00faj vereked\u0151s j\u00e1t\u00e9kban! J\u00e1tssz szoci\u00e1lisan helyben \u00e9s online, haszn\u00e1ld az \u00faj k\u00e9pess\u00e9geket \u00e9s fedezd fel az ellens\u00e9gekkel, helysz\u00ednekkel \u00e9s sok m\u00e1ssal gazdag\u00edtott hatalmas vil\u00e1got!   Global Steam Digit\u00e1lis kulcs","robots":{"index":"index","follow":"follow","max-snippet":"max-snippet:-1","max-image-preview":"max-image-preview:large","max-video-preview":"max-video-preview:-1"},"canonical":"https:\/\/prismagamers.com\/hu\/produkt\/river-city-girls-2-pc\/","og_locale":"hu_HU","og_type":"article","og_title":"River City Girls 2","og_description":"A River City Girls csomag visszat\u00e9rt! Misako, Kyoko, Kunio \u00e9s Riki, valamint az \u00faj karakterek, Marian \u00e9s Provie k\u00eds\u00e9ret\u00e9ben, az utc\u00e1ra l\u00e9pnek ebben az \u00faj vereked\u0151s j\u00e1t\u00e9kban! J\u00e1tssz szoci\u00e1lisan helyben \u00e9s online, haszn\u00e1ld az \u00faj k\u00e9pess\u00e9geket \u00e9s fedezd fel az ellens\u00e9gekkel, helysz\u00ednekkel \u00e9s sok m\u00e1ssal gazdag\u00edtott hatalmas vil\u00e1got!   Global Steam Digit\u00e1lis kulcs","og_url":"https:\/\/prismagamers.com\/hu\/produkt\/river-city-girls-2-pc\/","og_site_name":"Prismagamers.com","article_publisher":"https:\/\/www.facebook.com\/prismagamers","article_modified_time":"2026-03-04T00:23:43+00:00","og_image":[{"width":600,"height":900,"url":"https:\/\/prismagamers.com\/wp-content\/uploads\/2023\/05\/library_600x900_2x-1.jpg","type":"image\/jpeg"}],"twitter_card":"summary_large_image","twitter_misc":{"Becs\u00fclt olvas\u00e1si id\u0151":"2 perc"},"schema":{"@context":"https:\/\/schema.org","@graph":[{"@type":"WebPage","@id":"https:\/\/prismagamers.com\/hu\/produkt\/river-city-girls-2-pc\/","url":"https:\/\/prismagamers.com\/hu\/produkt\/river-city-girls-2-pc\/","name":"River City Girls 2 - Prismagamers.com","isPartOf":{"@id":"https:\/\/prismagamers.com\/hu\/#website"},"primaryImageOfPage":{"@id":"https:\/\/prismagamers.com\/hu\/produkt\/river-city-girls-2-pc\/#primaryimage"},"image":{"@id":"https:\/\/prismagamers.com\/hu\/produkt\/river-city-girls-2-pc\/#primaryimage"},"thumbnailUrl":"https:\/\/prismagamers.com\/wp-content\/uploads\/2023\/05\/library_600x900_2x-1.jpg","datePublished":"2023-05-02T16:16:26+00:00","dateModified":"2026-03-04T00:23:43+00:00","description":"A River City Girls csomag visszat\u00e9rt! Misako, Kyoko, Kunio \u00e9s Riki, valamint az \u00faj karakterek, Marian \u00e9s Provie k\u00eds\u00e9ret\u00e9ben, az utc\u00e1ra l\u00e9pnek ebben az \u00faj vereked\u0151s j\u00e1t\u00e9kban! J\u00e1tssz szoci\u00e1lisan helyben \u00e9s online, haszn\u00e1ld az \u00faj k\u00e9pess\u00e9geket \u00e9s fedezd fel az ellens\u00e9gekkel, helysz\u00ednekkel \u00e9s sok m\u00e1ssal gazdag\u00edtott hatalmas vil\u00e1got! Global Steam Digit\u00e1lis kulcs","breadcrumb":{"@id":"https:\/\/prismagamers.com\/hu\/produkt\/river-city-girls-2-pc\/#breadcrumb"},"inLanguage":"hu","potentialAction":[{"@type":"ReadAction","target":["https:\/\/prismagamers.com\/hu\/produkt\/river-city-girls-2-pc\/"]}]},{"@type":"ImageObject","inLanguage":"hu","@id":"https:\/\/prismagamers.com\/hu\/produkt\/river-city-girls-2-pc\/#primaryimage","url":"https:\/\/prismagamers.com\/wp-content\/uploads\/2023\/05\/library_600x900_2x-1.jpg","contentUrl":"https:\/\/prismagamers.com\/wp-content\/uploads\/2023\/05\/library_600x900_2x-1.jpg","width":600,"height":900},{"@type":"BreadcrumbList","@id":"https:\/\/prismagamers.com\/hu\/produkt\/river-city-girls-2-pc\/#breadcrumb","itemListElement":[{"@type":"ListItem","position":1,"name":"Strona g\u0142\u00f3wna","item":"https:\/\/prismagamers.com\/hu\/prismagamers\/"},{"@type":"ListItem","position":2,"name":"Shop","item":"https:\/\/prismagamers.com\/hu\/shop\/"},{"@type":"ListItem","position":3,"name":"River City Girls 2"}]},{"@type":"WebSite","@id":"https:\/\/prismagamers.com\/hu\/#website","url":"https:\/\/prismagamers.com\/hu\/","name":"Prismagamers","description":"Sklep z grami PC I Sklep klucze Steam","publisher":{"@id":"https:\/\/prismagamers.com\/hu\/#organization"},"potentialAction":[{"@type":"SearchAction","target":{"@type":"EntryPoint","urlTemplate":"https:\/\/prismagamers.com\/hu\/?s={search_term_string}"},"query-input":{"@type":"PropertyValueSpecification","valueRequired":true,"valueName":"search_term_string"}}],"inLanguage":"hu"},{"@type":"Organization","@id":"https:\/\/prismagamers.com\/hu\/#organization","name":"Prismagamers","url":"https:\/\/prismagamers.com\/hu\/","logo":{"@type":"ImageObject","inLanguage":"hu","@id":"https:\/\/prismagamers.com\/hu\/#\/schema\/logo\/image\/","url":"https:\/\/prismagamers.com\/wp-content\/uploads\/2022\/04\/cropped-logo-Prismagamers-01-scaled-1.jpg","contentUrl":"https:\/\/prismagamers.com\/wp-content\/uploads\/2022\/04\/cropped-logo-Prismagamers-01-scaled-1.jpg","width":512,"height":512,"caption":"Prismagamers"},"image":{"@id":"https:\/\/prismagamers.com\/hu\/#\/schema\/logo\/image\/"},"sameAs":["https:\/\/www.facebook.com\/prismagamers","https:\/\/www.instagram.com\/prismagamers_grycyfrowe\/"],"description":"Prismagamers.com to dynamiczny sklep z grami cyfrowymi, stworzony z my\u015bl\u0105 o entuzjastach gier wideo. Nasza strona oferuje szerok\u0105 gam\u0119 gier komputerowych, w tym najnowsze tytu\u0142y, dobrze znane klasyki oraz gry stworzone przez niezale\u017cne studia Ca\u0142y czas d\u0105\u017cymy do rozszerzenia naszej oferty. Do\u0142\u0105cz do nas i sta\u0144 si\u0119 cz\u0119\u015bci\u0105 naszej rosn\u0105cej spo\u0142eczno\u015bci graczy!","email":"shop@prismagamers.com","telephone":"48795541705","legalName":"East Caravan Maksym \u017bukow","foundingDate":"2012-05-10","vatID":"PL8943038612","taxID":"PL8943038612","numberOfEmployees":{"@type":"QuantitativeValue","minValue":"11","maxValue":"50"}}]}},"_links":{"self":[{"href":"https:\/\/prismagamers.com\/hu\/wp-json\/wp\/v2\/product\/37556","targetHints":{"allow":["GET"]}}],"collection":[{"href":"https:\/\/prismagamers.com\/hu\/wp-json\/wp\/v2\/product"}],"about":[{"href":"https:\/\/prismagamers.com\/hu\/wp-json\/wp\/v2\/types\/product"}],"wp:featuredmedia":[{"embeddable":true,"href":"https:\/\/prismagamers.com\/hu\/wp-json\/wp\/v2\/media\/25236"}],"wp:attachment":[{"href":"https:\/\/prismagamers.com\/hu\/wp-json\/wp\/v2\/media?parent=37556"}],"wp:term":[{"taxonomy":"product_brand","embeddable":true,"href":"https:\/\/prismagamers.com\/hu\/wp-json\/wp\/v2\/product_brand?post=37556"},{"taxonomy":"product_cat","embeddable":true,"href":"https:\/\/prismagamers.com\/hu\/wp-json\/wp\/v2\/product_cat?post=37556"},{"taxonomy":"product_tag","embeddable":true,"href":"https:\/\/prismagamers.com\/hu\/wp-json\/wp\/v2\/product_tag?post=37556"}],"curies":[{"name":"wp","href":"https:\/\/api.w.org\/{rel}","templated":true}]}}