{"id":37789,"date":"2025-05-21T19:49:46","date_gmt":"2025-05-21T17:49:46","guid":{"rendered":"https:\/\/prismagamers.com\/produkt\/beszelnunk-kellene\/"},"modified":"2026-03-05T00:00:36","modified_gmt":"2026-03-04T23:00:36","slug":"beszelnunk-kellene","status":"publish","type":"product","link":"https:\/\/prismagamers.com\/hu\/produkt\/beszelnunk-kellene\/","title":{"rendered":"We Should Talk"},"content":{"rendered":"<p data-start=\"62\" data-end=\"529\"><strong data-start=\"62\" data-end=\"189\"><em data-start=\"64\" data-end=\"80\">We Should Talk<\/em> egy besz\u00e9lget\u00e9sen alapul\u00f3 j\u00e1t\u00e9k, amelyben egy sz\u00f3ker\u00e9k seg\u00edts\u00e9g\u00e9vel mondatokat alkothatsz a j\u00e1t\u00e9kban szerepl\u0151 karaktereknek v\u00e1laszolva.<\/strong><br data-start=\"189\" data-end=\"192\" \/>Besz\u00e9lgess az \u00e9let \u00e9s a romantika k\u00e9rd\u00e9seir\u0151l Sam-mel, a j\u00e1t\u00e9kbeli partnereddel sz\u00f6veges \u00fczenetben, mik\u00f6zben egy helyi b\u00e1rban csevegsz bar\u00e1taiddal \u00e9s idegenekkel. A sz\u00f3v\u00e1laszt\u00e1sod d\u00f6nt\u0151 fontoss\u00e1g\u00fa &#8211; ez hat\u00e1rozza meg a besz\u00e9lget\u00e9setek menet\u00e9t, a partnereddel val\u00f3 kapcsolatod min\u0151s\u00e9g\u00e9t \u00e9s azt, hogy a kapcsolatotok kitart-e az este h\u00e1tral\u00e9v\u0151 r\u00e9sz\u00e9ben.<\/p>\n<p data-start=\"62\" data-end=\"529\"><img decoding=\"async\" class=\"bb_img aligncenter\" src=\"https:\/\/shared.fastly.steamstatic.com\/store_item_assets\/steam\/apps\/1255990\/extras\/text_convo.gif?t=1729016452\" \/><\/p>\n<p data-start=\"531\" data-end=\"554\"><strong data-start=\"531\" data-end=\"554\">A j\u00e1t\u00e9k f\u0151bb jellemz\u0151i:<\/strong><\/p>\n<ul data-start=\"555\" data-end=\"1434\">\n<li data-start=\"555\" data-end=\"691\">\n<p data-start=\"557\" data-end=\"691\"><strong data-start=\"557\" data-end=\"584\">Szem\u00e9lyre szabott v\u00e1laszt\u00e1si lehet\u0151s\u00e9gek:<\/strong> a sz\u00f3ker\u00e9k seg\u00edts\u00e9g\u00e9vel olyan v\u00e1laszokat adhatsz, amelyek a legjobban t\u00fckr\u00f6znek t\u00e9ged vagy a karaktert, akit j\u00e1tszani szeretn\u00e9l.<\/p>\n<\/li>\n<li data-start=\"692\" data-end=\"893\">\n<p data-start=\"694\" data-end=\"893\"><strong data-start=\"694\" data-end=\"716\">Egyedi karakterek:<\/strong> A b\u00e1rban t\u00f6lt\u00f6tt \u00e9jszak\u00e1dat feldobja, ha k\u00fcl\u00f6nb\u00f6z\u0151, \u00e9rdekes emberekkel tal\u00e1lkozol. Tal\u00e1ld meg az egyens\u00falyt a bar\u00e1tokkal val\u00f3 besz\u00e9lget\u00e9s \u00e9s a partnereddel val\u00f3 kapcsolattart\u00e1s k\u00f6z\u00f6tt.<\/p>\n<\/li>\n<li data-start=\"894\" data-end=\"1070\">\n<p data-start=\"896\" data-end=\"1070\"><strong data-start=\"896\" data-end=\"922\">K\u00fcl\u00f6nb\u00f6z\u0151 besz\u00e9lget\u00e9si utak:<\/strong> Lehetsz bar\u00e1ts\u00e1gos, kac\u00e9r, t\u00e1vols\u00e1gtart\u00f3 vagy semleges.<\/p>\n<\/li>\n<li data-start=\"1071\" data-end=\"1244\">\n<p data-start=\"1073\" data-end=\"1244\"><strong data-start=\"1073\" data-end=\"1101\">T\u00f6bbf\u00e9le befejez\u00e9s:<\/strong> J\u00e1tssz t\u00f6bbsz\u00f6r, hogy felfedezd mind a 9 lehets\u00e9ges befejez\u00e9st, amelyek ink\u00e1bb a v\u00e1laszaid hangv\u00e9tel\u00e9t\u0151l f\u00fcggnek, mint egy adott cselekm\u00e9ny \u00fatvonal\u00e1t\u00f3l.<\/p>\n<\/li>\n<li data-start=\"1245\" data-end=\"1434\">\n<p data-start=\"1247\" data-end=\"1434\"><strong data-start=\"1247\" data-end=\"1272\">Re\u00e1lis besz\u00e9lget\u00e9sek:<\/strong> Tapasztalja meg a val\u00f3di besz\u00e9lget\u00e9sek izgalm\u00e1t &#8211; a viccek \u00f6r\u00f6m\u00e9t\u0151l a komoly h\u00edrek okozta aggodalmon \u00e1t a neh\u00e9z besz\u00e9lget\u00e9sek frusztr\u00e1ci\u00f3j\u00e1ig.<\/p>\n<\/li>\n<\/ul>\n<p><img decoding=\"async\" class=\"bb_img aligncenter\" src=\"https:\/\/shared.fastly.steamstatic.com\/store_item_assets\/steam\/apps\/1255990\/extras\/trio_char.gif?t=1729016452\" \/><\/p>\n<p data-start=\"1436\" data-end=\"1593\"><strong data-start=\"1436\" data-end=\"1593\">A <em data-start=\"1438\" data-end=\"1454\">We Should Talk<\/em> egy olyan j\u00e1t\u00e9k, amely lehet\u0151v\u00e9 teszi, hogy szabadon kifejezd magad, \u00e9s megn\u00e9zd, hogyan alak\u00edthatod a szavaiddal a kapcsolatokat, \u00e9s hogyan befoly\u00e1solhatod a v\u00e9gj\u00e1t\u00e9kot.<\/strong><\/p>\n","protected":false},"excerpt":{"rendered":"<p>A <em data-start=\"0\" data-end=\"16\" data-is-only-node=\"\">We Should Talk<\/em> egy olyan j\u00e1t\u00e9k, amelyben egy sz\u00f3ker\u00e9k seg\u00edts\u00e9g\u00e9vel v\u00e1laszokat adsz, \u00e9s besz\u00e9lget\u00e9seket folytatsz az \u00e9letr\u0151l \u00e9s a romantik\u00e1r\u00f3l Sam-mel, a j\u00e1t\u00e9kbeli partnereddel. A sz\u00f3v\u00e1laszt\u00e1sok befoly\u00e1solj\u00e1k a kapcsolatokat, az \u00e9rzelmeket \u00e9s a v\u00e9gkifejletet, \u00e9s a v\u00e1laszok hangv\u00e9tel\u00e9t\u0151l f\u00fcgg\u0151en k\u00fcl\u00f6nb\u00f6z\u0151 utakat j\u00e1rhatsz be. A j\u00e1t\u00e9k val\u00f3s\u00e1gh\u0171 besz\u00e9lget\u00e9seket \u00e9s t\u00f6bbf\u00e9le befejez\u00e9st k\u00edn\u00e1l, amelyek a j\u00e1t\u00e9k sor\u00e1n hozott d\u00f6nt\u00e9seidt\u0151l f\u00fcggnek.<\/p>\n<p>\ud83c\udf0d Glob\u00e1lis<br \/>\n\u2699\ufe0f Steam<br \/>\n\ud83d\udddd Digit\u00e1lis kulcs<\/p>\n","protected":false},"featured_media":37781,"template":"","meta":{"_acf_changed":false,"site-sidebar-layout":"default","site-content-layout":"","ast-site-content-layout":"default","site-content-style":"default","site-sidebar-style":"default","ast-global-header-display":"","ast-banner-title-visibility":"","ast-main-header-display":"","ast-hfb-above-header-display":"","ast-hfb-below-header-display":"","ast-hfb-mobile-header-display":"","site-post-title":"","ast-breadcrumbs-content":"","ast-featured-img":"","footer-sml-layout":"","ast-disable-related-posts":"","theme-transparent-header-meta":"default","adv-header-id-meta":"","stick-header-meta":"","header-above-stick-meta":"","header-main-stick-meta":"","header-below-stick-meta":"","astra-migrate-meta-layouts":"set","ast-page-background-enabled":"default","ast-page-background-meta":{"desktop":{"background-color":"var(--ast-global-color-4)","background-image":"","background-repeat":"repeat","background-position":"center center","background-size":"auto","background-attachment":"scroll","background-type":"","background-media":"","overlay-type":"","overlay-color":"","overlay-opacity":"","overlay-gradient":""},"tablet":{"background-color":"","background-image":"","background-repeat":"repeat","background-position":"center center","background-size":"auto","background-attachment":"scroll","background-type":"","background-media":"","overlay-type":"","overlay-color":"","overlay-opacity":"","overlay-gradient":""},"mobile":{"background-color":"","background-image":"","background-repeat":"repeat","background-position":"center center","background-size":"auto","background-attachment":"scroll","background-type":"","background-media":"","overlay-type":"","overlay-color":"","overlay-opacity":"","overlay-gradient":""}},"ast-content-background-meta":{"desktop":{"background-color":"var(--ast-global-color-5)","background-image":"","background-repeat":"repeat","background-position":"center center","background-size":"auto","background-attachment":"scroll","background-type":"","background-media":"","overlay-type":"","overlay-color":"","overlay-opacity":"","overlay-gradient":""},"tablet":{"background-color":"var(--ast-global-color-5)","background-image":"","background-repeat":"repeat","background-position":"center center","background-size":"auto","background-attachment":"scroll","background-type":"","background-media":"","overlay-type":"","overlay-color":"","overlay-opacity":"","overlay-gradient":""},"mobile":{"background-color":"var(--ast-global-color-5)","background-image":"","background-repeat":"repeat","background-position":"center center","background-size":"auto","background-attachment":"scroll","background-type":"","background-media":"","overlay-type":"","overlay-color":"","overlay-opacity":"","overlay-gradient":""}}},"product_brand":[],"product_cat":[369,365,372,393],"product_tag":[],"class_list":{"0":"post-37789","1":"product","2":"type-product","3":"status-publish","4":"has-post-thumbnail","6":"product_cat-csarnokok","7":"product_cat-goz","8":"product_cat-jatekok-szimulatorok","9":"product_cat-whitethorn-jatekok","10":"desktop-align-left","11":"tablet-align-left","12":"mobile-align-left","14":"first","15":"instock","16":"virtual","17":"purchasable","18":"product-type-simple"},"acf":[],"yoast_head":"<!-- This site is optimized with the Yoast SEO Premium plugin v27.5 (Yoast SEO v27.5) - https:\/\/yoast.com\/product\/yoast-seo-premium-wordpress\/ -->\n<title>We Should Talk - Prismagamers.com<\/title>\n<meta name=\"description\" content=\"A We Should Talk egy olyan j\u00e1t\u00e9k, amelyben egy sz\u00f3ker\u00e9k seg\u00edts\u00e9g\u00e9vel v\u00e1laszokat adsz, \u00e9s besz\u00e9lget\u00e9seket folytatsz az \u00e9letr\u0151l \u00e9s a romantik\u00e1r\u00f3l Sam-mel, a j\u00e1t\u00e9kbeli partnereddel. A sz\u00f3v\u00e1laszt\u00e1sok befoly\u00e1solj\u00e1k a kapcsolatokat, az \u00e9rzelmeket \u00e9s a v\u00e9gkifejletet, \u00e9s a v\u00e1laszok hangv\u00e9tel\u00e9t\u0151l f\u00fcgg\u0151en k\u00fcl\u00f6nb\u00f6z\u0151 utakat j\u00e1rhatsz be. A j\u00e1t\u00e9k val\u00f3s\u00e1gh\u0171 besz\u00e9lget\u00e9seket \u00e9s t\u00f6bbf\u00e9le befejez\u00e9st k\u00edn\u00e1l, amelyek a j\u00e1t\u00e9k sor\u00e1n hozott d\u00f6nt\u00e9seidt\u0151l f\u00fcggnek.  \ud83c\udf0d Glob\u00e1lis \u2699\ufe0f Steam \ud83d\udddd Digit\u00e1lis kulcs\" \/>\n<meta name=\"robots\" content=\"index, follow, max-snippet:-1, max-image-preview:large, max-video-preview:-1\" \/>\n<link rel=\"canonical\" href=\"https:\/\/prismagamers.com\/hu\/produkt\/beszelnunk-kellene\/\" \/>\n<meta property=\"og:locale\" content=\"hu_HU\" \/>\n<meta property=\"og:type\" content=\"article\" \/>\n<meta property=\"og:title\" content=\"We Should Talk\" \/>\n<meta property=\"og:description\" content=\"A We Should Talk egy olyan j\u00e1t\u00e9k, amelyben egy sz\u00f3ker\u00e9k seg\u00edts\u00e9g\u00e9vel v\u00e1laszokat adsz, \u00e9s besz\u00e9lget\u00e9seket folytatsz az \u00e9letr\u0151l \u00e9s a romantik\u00e1r\u00f3l Sam-mel, a j\u00e1t\u00e9kbeli partnereddel. A sz\u00f3v\u00e1laszt\u00e1sok befoly\u00e1solj\u00e1k a kapcsolatokat, az \u00e9rzelmeket \u00e9s a v\u00e9gkifejletet, \u00e9s a v\u00e1laszok hangv\u00e9tel\u00e9t\u0151l f\u00fcgg\u0151en k\u00fcl\u00f6nb\u00f6z\u0151 utakat j\u00e1rhatsz be. A j\u00e1t\u00e9k val\u00f3s\u00e1gh\u0171 besz\u00e9lget\u00e9seket \u00e9s t\u00f6bbf\u00e9le befejez\u00e9st k\u00edn\u00e1l, amelyek a j\u00e1t\u00e9k sor\u00e1n hozott d\u00f6nt\u00e9seidt\u0151l f\u00fcggnek.  \ud83c\udf0d Glob\u00e1lis \u2699\ufe0f Steam \ud83d\udddd Digit\u00e1lis kulcs\" \/>\n<meta property=\"og:url\" content=\"https:\/\/prismagamers.com\/hu\/produkt\/beszelnunk-kellene\/\" \/>\n<meta property=\"og:site_name\" content=\"Prismagamers.com\" \/>\n<meta property=\"article:publisher\" content=\"https:\/\/www.facebook.com\/prismagamers\" \/>\n<meta property=\"article:modified_time\" content=\"2026-03-04T23:00:36+00:00\" \/>\n<meta property=\"og:image\" content=\"https:\/\/prismagamers.com\/wp-content\/uploads\/2025\/05\/weshouldtalkboxshot600x900.png\" \/>\n\t<meta property=\"og:image:width\" content=\"600\" \/>\n\t<meta property=\"og:image:height\" content=\"900\" \/>\n\t<meta property=\"og:image:type\" content=\"image\/png\" \/>\n<meta name=\"twitter:card\" content=\"summary_large_image\" \/>\n<meta name=\"twitter:label1\" content=\"Becs\u00fclt olvas\u00e1si id\u0151\" \/>\n\t<meta name=\"twitter:data1\" content=\"2 perc\" \/>\n<script type=\"application\/ld+json\" class=\"yoast-schema-graph\">{\"@context\":\"https:\\\/\\\/schema.org\",\"@graph\":[{\"@type\":\"WebPage\",\"@id\":\"https:\\\/\\\/prismagamers.com\\\/hu\\\/produkt\\\/beszelnunk-kellene\\\/\",\"url\":\"https:\\\/\\\/prismagamers.com\\\/hu\\\/produkt\\\/beszelnunk-kellene\\\/\",\"name\":\"We Should Talk - Prismagamers.com\",\"isPartOf\":{\"@id\":\"https:\\\/\\\/prismagamers.com\\\/hu\\\/#website\"},\"primaryImageOfPage\":{\"@id\":\"https:\\\/\\\/prismagamers.com\\\/hu\\\/produkt\\\/beszelnunk-kellene\\\/#primaryimage\"},\"image\":{\"@id\":\"https:\\\/\\\/prismagamers.com\\\/hu\\\/produkt\\\/beszelnunk-kellene\\\/#primaryimage\"},\"thumbnailUrl\":\"https:\\\/\\\/prismagamers.com\\\/wp-content\\\/uploads\\\/2025\\\/05\\\/weshouldtalkboxshot600x900.png\",\"datePublished\":\"2025-05-21T17:49:46+00:00\",\"dateModified\":\"2026-03-04T23:00:36+00:00\",\"description\":\"A We Should Talk egy olyan j\u00e1t\u00e9k, amelyben egy sz\u00f3ker\u00e9k seg\u00edts\u00e9g\u00e9vel v\u00e1laszokat adsz, \u00e9s besz\u00e9lget\u00e9seket folytatsz az \u00e9letr\u0151l \u00e9s a romantik\u00e1r\u00f3l Sam-mel, a j\u00e1t\u00e9kbeli partnereddel. A sz\u00f3v\u00e1laszt\u00e1sok befoly\u00e1solj\u00e1k a kapcsolatokat, az \u00e9rzelmeket \u00e9s a v\u00e9gkifejletet, \u00e9s a v\u00e1laszok hangv\u00e9tel\u00e9t\u0151l f\u00fcgg\u0151en k\u00fcl\u00f6nb\u00f6z\u0151 utakat j\u00e1rhatsz be. A j\u00e1t\u00e9k val\u00f3s\u00e1gh\u0171 besz\u00e9lget\u00e9seket \u00e9s t\u00f6bbf\u00e9le befejez\u00e9st k\u00edn\u00e1l, amelyek a j\u00e1t\u00e9k sor\u00e1n hozott d\u00f6nt\u00e9seidt\u0151l f\u00fcggnek. \ud83c\udf0d Glob\u00e1lis \u2699\ufe0f Steam \ud83d\udddd Digit\u00e1lis kulcs\",\"breadcrumb\":{\"@id\":\"https:\\\/\\\/prismagamers.com\\\/hu\\\/produkt\\\/beszelnunk-kellene\\\/#breadcrumb\"},\"inLanguage\":\"hu\",\"potentialAction\":[{\"@type\":\"ReadAction\",\"target\":[\"https:\\\/\\\/prismagamers.com\\\/hu\\\/produkt\\\/beszelnunk-kellene\\\/\"]}]},{\"@type\":\"ImageObject\",\"inLanguage\":\"hu\",\"@id\":\"https:\\\/\\\/prismagamers.com\\\/hu\\\/produkt\\\/beszelnunk-kellene\\\/#primaryimage\",\"url\":\"https:\\\/\\\/prismagamers.com\\\/wp-content\\\/uploads\\\/2025\\\/05\\\/weshouldtalkboxshot600x900.png\",\"contentUrl\":\"https:\\\/\\\/prismagamers.com\\\/wp-content\\\/uploads\\\/2025\\\/05\\\/weshouldtalkboxshot600x900.png\",\"width\":600,\"height\":900},{\"@type\":\"BreadcrumbList\",\"@id\":\"https:\\\/\\\/prismagamers.com\\\/hu\\\/produkt\\\/beszelnunk-kellene\\\/#breadcrumb\",\"itemListElement\":[{\"@type\":\"ListItem\",\"position\":1,\"name\":\"Strona g\u0142\u00f3wna\",\"item\":\"https:\\\/\\\/prismagamers.com\\\/hu\\\/prismagamers\\\/\"},{\"@type\":\"ListItem\",\"position\":2,\"name\":\"Shop\",\"item\":\"https:\\\/\\\/prismagamers.com\\\/hu\\\/shop\\\/\"},{\"@type\":\"ListItem\",\"position\":3,\"name\":\"We Should Talk\"}]},{\"@type\":\"WebSite\",\"@id\":\"https:\\\/\\\/prismagamers.com\\\/hu\\\/#website\",\"url\":\"https:\\\/\\\/prismagamers.com\\\/hu\\\/\",\"name\":\"Prismagamers\",\"description\":\"Sklep z grami PC I Sklep klucze Steam\",\"publisher\":{\"@id\":\"https:\\\/\\\/prismagamers.com\\\/hu\\\/#organization\"},\"potentialAction\":[{\"@type\":\"SearchAction\",\"target\":{\"@type\":\"EntryPoint\",\"urlTemplate\":\"https:\\\/\\\/prismagamers.com\\\/hu\\\/?s={search_term_string}\"},\"query-input\":{\"@type\":\"PropertyValueSpecification\",\"valueRequired\":true,\"valueName\":\"search_term_string\"}}],\"inLanguage\":\"hu\"},{\"@type\":\"Organization\",\"@id\":\"https:\\\/\\\/prismagamers.com\\\/hu\\\/#organization\",\"name\":\"Prismagamers\",\"url\":\"https:\\\/\\\/prismagamers.com\\\/hu\\\/\",\"logo\":{\"@type\":\"ImageObject\",\"inLanguage\":\"hu\",\"@id\":\"https:\\\/\\\/prismagamers.com\\\/hu\\\/#\\\/schema\\\/logo\\\/image\\\/\",\"url\":\"https:\\\/\\\/prismagamers.com\\\/wp-content\\\/uploads\\\/2022\\\/04\\\/cropped-logo-Prismagamers-01-scaled-1.jpg\",\"contentUrl\":\"https:\\\/\\\/prismagamers.com\\\/wp-content\\\/uploads\\\/2022\\\/04\\\/cropped-logo-Prismagamers-01-scaled-1.jpg\",\"width\":512,\"height\":512,\"caption\":\"Prismagamers\"},\"image\":{\"@id\":\"https:\\\/\\\/prismagamers.com\\\/hu\\\/#\\\/schema\\\/logo\\\/image\\\/\"},\"sameAs\":[\"https:\\\/\\\/www.facebook.com\\\/prismagamers\",\"https:\\\/\\\/www.instagram.com\\\/prismagamers_grycyfrowe\\\/\"],\"description\":\"Prismagamers.com to dynamiczny sklep z grami cyfrowymi, stworzony z my\u015bl\u0105 o entuzjastach gier wideo. Nasza strona oferuje szerok\u0105 gam\u0119 gier komputerowych, w tym najnowsze tytu\u0142y, dobrze znane klasyki oraz gry stworzone przez niezale\u017cne studia Ca\u0142y czas d\u0105\u017cymy do rozszerzenia naszej oferty. Do\u0142\u0105cz do nas i sta\u0144 si\u0119 cz\u0119\u015bci\u0105 naszej rosn\u0105cej spo\u0142eczno\u015bci graczy!\",\"email\":\"shop@prismagamers.com\",\"telephone\":\"48795541705\",\"legalName\":\"East Caravan Maksym \u017bukow\",\"foundingDate\":\"2012-05-10\",\"vatID\":\"PL8943038612\",\"taxID\":\"PL8943038612\",\"numberOfEmployees\":{\"@type\":\"QuantitativeValue\",\"minValue\":\"11\",\"maxValue\":\"50\"}}]}<\/script>\n<!-- \/ Yoast SEO Premium plugin. -->","yoast_head_json":{"title":"We Should Talk - Prismagamers.com","description":"A We Should Talk egy olyan j\u00e1t\u00e9k, amelyben egy sz\u00f3ker\u00e9k seg\u00edts\u00e9g\u00e9vel v\u00e1laszokat adsz, \u00e9s besz\u00e9lget\u00e9seket folytatsz az \u00e9letr\u0151l \u00e9s a romantik\u00e1r\u00f3l Sam-mel, a j\u00e1t\u00e9kbeli partnereddel. A sz\u00f3v\u00e1laszt\u00e1sok befoly\u00e1solj\u00e1k a kapcsolatokat, az \u00e9rzelmeket \u00e9s a v\u00e9gkifejletet, \u00e9s a v\u00e1laszok hangv\u00e9tel\u00e9t\u0151l f\u00fcgg\u0151en k\u00fcl\u00f6nb\u00f6z\u0151 utakat j\u00e1rhatsz be. A j\u00e1t\u00e9k val\u00f3s\u00e1gh\u0171 besz\u00e9lget\u00e9seket \u00e9s t\u00f6bbf\u00e9le befejez\u00e9st k\u00edn\u00e1l, amelyek a j\u00e1t\u00e9k sor\u00e1n hozott d\u00f6nt\u00e9seidt\u0151l f\u00fcggnek.  \ud83c\udf0d Glob\u00e1lis \u2699\ufe0f Steam \ud83d\udddd Digit\u00e1lis kulcs","robots":{"index":"index","follow":"follow","max-snippet":"max-snippet:-1","max-image-preview":"max-image-preview:large","max-video-preview":"max-video-preview:-1"},"canonical":"https:\/\/prismagamers.com\/hu\/produkt\/beszelnunk-kellene\/","og_locale":"hu_HU","og_type":"article","og_title":"We Should Talk","og_description":"A We Should Talk egy olyan j\u00e1t\u00e9k, amelyben egy sz\u00f3ker\u00e9k seg\u00edts\u00e9g\u00e9vel v\u00e1laszokat adsz, \u00e9s besz\u00e9lget\u00e9seket folytatsz az \u00e9letr\u0151l \u00e9s a romantik\u00e1r\u00f3l Sam-mel, a j\u00e1t\u00e9kbeli partnereddel. A sz\u00f3v\u00e1laszt\u00e1sok befoly\u00e1solj\u00e1k a kapcsolatokat, az \u00e9rzelmeket \u00e9s a v\u00e9gkifejletet, \u00e9s a v\u00e1laszok hangv\u00e9tel\u00e9t\u0151l f\u00fcgg\u0151en k\u00fcl\u00f6nb\u00f6z\u0151 utakat j\u00e1rhatsz be. A j\u00e1t\u00e9k val\u00f3s\u00e1gh\u0171 besz\u00e9lget\u00e9seket \u00e9s t\u00f6bbf\u00e9le befejez\u00e9st k\u00edn\u00e1l, amelyek a j\u00e1t\u00e9k sor\u00e1n hozott d\u00f6nt\u00e9seidt\u0151l f\u00fcggnek.  \ud83c\udf0d Glob\u00e1lis \u2699\ufe0f Steam \ud83d\udddd Digit\u00e1lis kulcs","og_url":"https:\/\/prismagamers.com\/hu\/produkt\/beszelnunk-kellene\/","og_site_name":"Prismagamers.com","article_publisher":"https:\/\/www.facebook.com\/prismagamers","article_modified_time":"2026-03-04T23:00:36+00:00","og_image":[{"width":600,"height":900,"url":"https:\/\/prismagamers.com\/wp-content\/uploads\/2025\/05\/weshouldtalkboxshot600x900.png","type":"image\/png"}],"twitter_card":"summary_large_image","twitter_misc":{"Becs\u00fclt olvas\u00e1si id\u0151":"2 perc"},"schema":{"@context":"https:\/\/schema.org","@graph":[{"@type":"WebPage","@id":"https:\/\/prismagamers.com\/hu\/produkt\/beszelnunk-kellene\/","url":"https:\/\/prismagamers.com\/hu\/produkt\/beszelnunk-kellene\/","name":"We Should Talk - Prismagamers.com","isPartOf":{"@id":"https:\/\/prismagamers.com\/hu\/#website"},"primaryImageOfPage":{"@id":"https:\/\/prismagamers.com\/hu\/produkt\/beszelnunk-kellene\/#primaryimage"},"image":{"@id":"https:\/\/prismagamers.com\/hu\/produkt\/beszelnunk-kellene\/#primaryimage"},"thumbnailUrl":"https:\/\/prismagamers.com\/wp-content\/uploads\/2025\/05\/weshouldtalkboxshot600x900.png","datePublished":"2025-05-21T17:49:46+00:00","dateModified":"2026-03-04T23:00:36+00:00","description":"A We Should Talk egy olyan j\u00e1t\u00e9k, amelyben egy sz\u00f3ker\u00e9k seg\u00edts\u00e9g\u00e9vel v\u00e1laszokat adsz, \u00e9s besz\u00e9lget\u00e9seket folytatsz az \u00e9letr\u0151l \u00e9s a romantik\u00e1r\u00f3l Sam-mel, a j\u00e1t\u00e9kbeli partnereddel. A sz\u00f3v\u00e1laszt\u00e1sok befoly\u00e1solj\u00e1k a kapcsolatokat, az \u00e9rzelmeket \u00e9s a v\u00e9gkifejletet, \u00e9s a v\u00e1laszok hangv\u00e9tel\u00e9t\u0151l f\u00fcgg\u0151en k\u00fcl\u00f6nb\u00f6z\u0151 utakat j\u00e1rhatsz be. A j\u00e1t\u00e9k val\u00f3s\u00e1gh\u0171 besz\u00e9lget\u00e9seket \u00e9s t\u00f6bbf\u00e9le befejez\u00e9st k\u00edn\u00e1l, amelyek a j\u00e1t\u00e9k sor\u00e1n hozott d\u00f6nt\u00e9seidt\u0151l f\u00fcggnek. \ud83c\udf0d Glob\u00e1lis \u2699\ufe0f Steam \ud83d\udddd Digit\u00e1lis kulcs","breadcrumb":{"@id":"https:\/\/prismagamers.com\/hu\/produkt\/beszelnunk-kellene\/#breadcrumb"},"inLanguage":"hu","potentialAction":[{"@type":"ReadAction","target":["https:\/\/prismagamers.com\/hu\/produkt\/beszelnunk-kellene\/"]}]},{"@type":"ImageObject","inLanguage":"hu","@id":"https:\/\/prismagamers.com\/hu\/produkt\/beszelnunk-kellene\/#primaryimage","url":"https:\/\/prismagamers.com\/wp-content\/uploads\/2025\/05\/weshouldtalkboxshot600x900.png","contentUrl":"https:\/\/prismagamers.com\/wp-content\/uploads\/2025\/05\/weshouldtalkboxshot600x900.png","width":600,"height":900},{"@type":"BreadcrumbList","@id":"https:\/\/prismagamers.com\/hu\/produkt\/beszelnunk-kellene\/#breadcrumb","itemListElement":[{"@type":"ListItem","position":1,"name":"Strona g\u0142\u00f3wna","item":"https:\/\/prismagamers.com\/hu\/prismagamers\/"},{"@type":"ListItem","position":2,"name":"Shop","item":"https:\/\/prismagamers.com\/hu\/shop\/"},{"@type":"ListItem","position":3,"name":"We Should Talk"}]},{"@type":"WebSite","@id":"https:\/\/prismagamers.com\/hu\/#website","url":"https:\/\/prismagamers.com\/hu\/","name":"Prismagamers","description":"Sklep z grami PC I Sklep klucze Steam","publisher":{"@id":"https:\/\/prismagamers.com\/hu\/#organization"},"potentialAction":[{"@type":"SearchAction","target":{"@type":"EntryPoint","urlTemplate":"https:\/\/prismagamers.com\/hu\/?s={search_term_string}"},"query-input":{"@type":"PropertyValueSpecification","valueRequired":true,"valueName":"search_term_string"}}],"inLanguage":"hu"},{"@type":"Organization","@id":"https:\/\/prismagamers.com\/hu\/#organization","name":"Prismagamers","url":"https:\/\/prismagamers.com\/hu\/","logo":{"@type":"ImageObject","inLanguage":"hu","@id":"https:\/\/prismagamers.com\/hu\/#\/schema\/logo\/image\/","url":"https:\/\/prismagamers.com\/wp-content\/uploads\/2022\/04\/cropped-logo-Prismagamers-01-scaled-1.jpg","contentUrl":"https:\/\/prismagamers.com\/wp-content\/uploads\/2022\/04\/cropped-logo-Prismagamers-01-scaled-1.jpg","width":512,"height":512,"caption":"Prismagamers"},"image":{"@id":"https:\/\/prismagamers.com\/hu\/#\/schema\/logo\/image\/"},"sameAs":["https:\/\/www.facebook.com\/prismagamers","https:\/\/www.instagram.com\/prismagamers_grycyfrowe\/"],"description":"Prismagamers.com to dynamiczny sklep z grami cyfrowymi, stworzony z my\u015bl\u0105 o entuzjastach gier wideo. Nasza strona oferuje szerok\u0105 gam\u0119 gier komputerowych, w tym najnowsze tytu\u0142y, dobrze znane klasyki oraz gry stworzone przez niezale\u017cne studia Ca\u0142y czas d\u0105\u017cymy do rozszerzenia naszej oferty. Do\u0142\u0105cz do nas i sta\u0144 si\u0119 cz\u0119\u015bci\u0105 naszej rosn\u0105cej spo\u0142eczno\u015bci graczy!","email":"shop@prismagamers.com","telephone":"48795541705","legalName":"East Caravan Maksym \u017bukow","foundingDate":"2012-05-10","vatID":"PL8943038612","taxID":"PL8943038612","numberOfEmployees":{"@type":"QuantitativeValue","minValue":"11","maxValue":"50"}}]}},"_links":{"self":[{"href":"https:\/\/prismagamers.com\/hu\/wp-json\/wp\/v2\/product\/37789","targetHints":{"allow":["GET"]}}],"collection":[{"href":"https:\/\/prismagamers.com\/hu\/wp-json\/wp\/v2\/product"}],"about":[{"href":"https:\/\/prismagamers.com\/hu\/wp-json\/wp\/v2\/types\/product"}],"wp:featuredmedia":[{"embeddable":true,"href":"https:\/\/prismagamers.com\/hu\/wp-json\/wp\/v2\/media\/37781"}],"wp:attachment":[{"href":"https:\/\/prismagamers.com\/hu\/wp-json\/wp\/v2\/media?parent=37789"}],"wp:term":[{"taxonomy":"product_brand","embeddable":true,"href":"https:\/\/prismagamers.com\/hu\/wp-json\/wp\/v2\/product_brand?post=37789"},{"taxonomy":"product_cat","embeddable":true,"href":"https:\/\/prismagamers.com\/hu\/wp-json\/wp\/v2\/product_cat?post=37789"},{"taxonomy":"product_tag","embeddable":true,"href":"https:\/\/prismagamers.com\/hu\/wp-json\/wp\/v2\/product_tag?post=37789"}],"curies":[{"name":"wp","href":"https:\/\/api.w.org\/{rel}","templated":true}]}}