{"id":38071,"date":"2025-05-29T16:10:51","date_gmt":"2025-05-29T14:10:51","guid":{"rendered":"https:\/\/prismagamers.com\/produkt\/tech-corp\/"},"modified":"2026-01-02T00:36:04","modified_gmt":"2026-01-01T23:36:04","slug":"tech-corp","status":"publish","type":"product","link":"https:\/\/prismagamers.com\/hu\/produkt\/tech-corp\/","title":{"rendered":"Tech Corp."},"content":{"rendered":"<article class=\"text-token-text-primary w-full\" dir=\"auto\" data-testid=\"conversation-turn-10\" data-scroll-anchor=\"true\">\n<div class=\"text-base my-auto mx-auto py-5 [--thread-content-margin:--spacing(4)] @[37rem]:[--thread-content-margin:--spacing(6)] @[72rem]:[--thread-content-margin:--spacing(16)] px-(--thread-content-margin)\">\n<div class=\"[--thread-content-max-width:32rem] @[34rem]:[--thread-content-max-width:40rem] @[64rem]:[--thread-content-max-width:48rem] mx-auto flex max-w-(--thread-content-max-width) flex-1 text-base gap-4 md:gap-5 lg:gap-6 group\/turn-messages focus-visible:outline-hidden\" tabindex=\"-1\">\n<div class=\"group\/conversation-turn relative flex w-full min-w-0 flex-col agent-turn\">\n<div class=\"relative flex-col gap-1 md:gap-3\">\n<div class=\"flex max-w-full flex-col grow\">\n<div class=\"min-h-8 text-message relative flex w-full flex-col items-end gap-2 text-start break-words whitespace-normal [.text-message+&amp;]:mt-5\" dir=\"auto\" data-message-author-role=\"assistant\" data-message-id=\"0ddb8500-5b0b-4f81-9037-d21b793a8d5f\" data-message-model-slug=\"gpt-4o-mini\">\n<div class=\"flex w-full flex-col gap-1 empty:hidden first:pt-[3px]\">\n<div class=\"markdown prose dark:prose-invert w-full break-words light\">\n<p data-start=\"0\" data-end=\"290\"><strong data-start=\"0\" data-end=\"25\">\u00c9p\u00edtsen egy \u00e1lomcsapatot:<\/strong><br data-start=\"25\" data-end=\"28\">Vegyen fel alkalmazottakat a technol\u00f3gi\u00e1inak &#8211; \u00e9s mindannak, amit a v\u00e1llalkoz\u00e1sa l\u00e9trehoz &#8211; tervez\u00e9s\u00e9ben, fejleszt\u00e9s\u00e9ben, kutat\u00e1s\u00e1ban \u00e9s marketingj\u00e9ben val\u00f3 j\u00e1rtass\u00e1guk alapj\u00e1n! A j\u00e1t\u00e9kosok \u00f6tf\u00e9le alkalmazottat ir\u00e1ny\u00edtanak, mindegyiknek saj\u00e1t szerepe \u00e9s szakter\u00fclete van. <\/p>\n<p data-start=\"0\" data-end=\"290\"><img decoding=\"async\" class=\"bb_img aligncenter\" src=\"https:\/\/shared.fastly.steamstatic.com\/store_item_assets\/steam\/apps\/909970\/extras\/Employees.gif?t=1564073964\"><\/p>\n<p data-start=\"292\" data-end=\"551\"><strong data-start=\"292\" data-end=\"311\">Hardverfejleszt\u00e9s:<\/strong><br data-start=\"311\" data-end=\"314\">M\u00e1s hasonl\u00f3 t\u00e9m\u00e1j\u00fa j\u00e1t\u00e9kokkal ellent\u00e9tben a <em data-start=\"364\" data-end=\"376\">Tech Corp.<\/em> lehet\u0151v\u00e9 teszi, hogy m\u00e9lyen belemer\u00fclj a term\u00e9ktervez\u00e9sbe &#8211; m\u00e9g azt is eld\u00f6ntheted, hogyan szabhatod testre a term\u00e9kek hardverkomponenseit, a kijelz\u0151 min\u0151s\u00e9g\u00e9t\u0151l kezdve a merevlemez m\u00e9ret\u00e9ig.<\/p>\n<p data-start=\"292\" data-end=\"551\"><img decoding=\"async\" class=\"bb_img aligncenter\" src=\"https:\/\/shared.fastly.steamstatic.com\/store_item_assets\/steam\/apps\/909970\/extras\/RnD.gif?t=1564073964\"><\/p>\n<p data-start=\"553\" data-end=\"751\"><strong data-start=\"553\" data-end=\"579\">Szoftverfejleszt\u00e9s:<\/strong><br data-start=\"579\" data-end=\"582\">Hozzon l\u00e9tre \u00e9lvonalbeli szoftvereket a versenyt\u00e1rsak el\u0151tt! Miut\u00e1n munkat\u00e1rsait egy projekthez rendelte, fejleszt\u0151i elv\u00e9gzik a kem\u00e9ny munk\u00e1t, mik\u00f6zben \u00d6n fel\u00fcgyeli a halad\u00e1st! <\/p>\n<p data-start=\"553\" data-end=\"751\"><img decoding=\"async\" class=\"bb_img aligncenter\" src=\"https:\/\/shared.fastly.steamstatic.com\/store_item_assets\/steam\/apps\/909970\/extras\/Products.gif?t=1564073964\"><\/p>\n<p data-start=\"753\" data-end=\"942\"><strong data-start=\"753\" data-end=\"773\">Production Mania:<\/strong><br data-start=\"773\" data-end=\"776\">Egy eg\u00e9sz gy\u00e1r \u00e9s k\u00fcl\u00f6nb\u00f6z\u0151 termel\u00e9si elemek \u00e1llnak a rendelkez\u00e9sedre, \u00edgy teljes m\u00e9rt\u00e9kben a te kezedben van a g\u00e9pek kiv\u00e1laszt\u00e1sa \u00e9s azok termel\u00e9si hat\u00e9konys\u00e1ga &#8211; sz\u00f3 szerint a te kezedben!<\/p>\n<p data-start=\"944\" data-end=\"1117\"><strong data-start=\"944\" data-end=\"969\">Craftsman System:<\/strong><br data-start=\"969\" data-end=\"972\">Egy robusztus gy\u00e1rt\u00e1si rendszer lehet\u0151v\u00e9 teszi az anyagrendel\u00e9sek, az alkatr\u00e9szek, a l\u00e9p\u00e9sr\u0151l l\u00e9p\u00e9sre t\u00f6rt\u00e9n\u0151 term\u00e9kk\u00e9sz\u00edt\u00e9s \u00e9s a projekt k\u00f6lts\u00e9gvet\u00e9s\u00e9nek kezel\u00e9s\u00e9t.<\/p>\n<p data-start=\"1119\" data-end=\"1452\"><strong data-start=\"1119\" data-end=\"1152\">Termel\u00e9s, kiad\u00e1s, ism\u00e9tl\u00e9s:<\/strong><br data-start=\"1152\" data-end=\"1155\">Tartsa szemmel a rakt\u00e1rk\u00e9szletet, \u00e9s gondoskodjon arr\u00f3l, hogy a sz\u00fcks\u00e9ges alkatr\u00e9szekkel rendelkezzen, de ne legyen t\u00falk\u00edn\u00e1lat! A gondos projekt-szervez\u00e9s biztos\u00edtja a term\u00e9kek id\u0151ben t\u00f6rt\u00e9n\u0151 forgalomba hozatal\u00e1t \u00e9s a hat\u00e9kony prom\u00f3ci\u00f3t, hogy megfeleljen a fogyaszt\u00f3i elv\u00e1r\u00e1soknak &#8211; de figyeljen a gyenge \u00e9rt\u00e9kes\u00edt\u00e9si teljes\u00edtm\u00e9nyre, \u00e9s \u00e1lljon k\u00e9szen a reag\u00e1l\u00e1sra! <\/p>\n<p data-start=\"1119\" data-end=\"1452\"><img decoding=\"async\" class=\"bb_img aligncenter\" src=\"https:\/\/shared.fastly.steamstatic.com\/store_item_assets\/steam\/apps\/909970\/extras\/Office.gif?t=1564073964\"><\/p>\n<p data-start=\"1454\" data-end=\"1632\" data-is-last-node=\"\" data-is-only-node=\"\"><strong data-start=\"1454\" data-end=\"1471\">Home Office:<\/strong><br data-start=\"1471\" data-end=\"1474\">Testre szabhatja irod\u00e1ja minden r\u00e9szlet\u00e9t, az ablakok elhelyez\u00e9s\u00e9t\u0151l az alkalmazottak k\u00f6z\u00f6tti t\u00e1vols\u00e1gig. Ne felejtsen el csocs\u00f3asztalt \u00e9s t\u00e9v\u00e9t elhelyezni a sz\u00fcnetekben! <\/p>\n<p data-start=\"1454\" data-end=\"1632\" data-is-last-node=\"\" data-is-only-node=\"\"><img decoding=\"async\" class=\"bb_img aligncenter\" src=\"https:\/\/shared.fastly.steamstatic.com\/store_item_assets\/steam\/apps\/909970\/extras\/On_STEAM.gif?t=1564073964\"><\/p>\n<\/div>\n<\/div>\n<\/div>\n<\/div>\n<\/div>\n<\/div>\n<\/div>\n<\/div>\n<\/article>\n","protected":false},"excerpt":{"rendered":"<p>A <em data-start=\"0\" data-end=\"12\" data-is-only-node=\"\">Tech Corp.<\/em> egy olyan j\u00e1t\u00e9k, amelyben megpr\u00f3b\u00e1lsz a vil\u00e1g legnagyobb technol\u00f3giai v\u00e1llalat\u00e1v\u00e1 v\u00e1lni. A c\u00e9lod az, hogy te legy\u00e9l a k\u00f6vetkez\u0151 nagy\u00e1gy\u00fa a technol\u00f3giai iparban. A j\u00e1t\u00e9k id\u0151ben j\u00e1tsz\u00f3dik, az 1990-es \u00e9vek elej\u00e9n kezd\u0151dik, \u00e9s napjainkig tart.  <\/p>\n<p>\ud83c\udf0d Glob\u00e1lis<br \/>\n\u2699\ufe0f Steam<br \/>\n\ud83d\udddd Digit\u00e1lis kulcs<\/p>\n","protected":false},"featured_media":38069,"template":"","meta":{"_acf_changed":false,"site-sidebar-layout":"default","site-content-layout":"","ast-site-content-layout":"default","site-content-style":"default","site-sidebar-style":"default","ast-global-header-display":"","ast-banner-title-visibility":"","ast-main-header-display":"","ast-hfb-above-header-display":"","ast-hfb-below-header-display":"","ast-hfb-mobile-header-display":"","site-post-title":"","ast-breadcrumbs-content":"","ast-featured-img":"","footer-sml-layout":"","ast-disable-related-posts":"","theme-transparent-header-meta":"default","adv-header-id-meta":"","stick-header-meta":"","header-above-stick-meta":"","header-main-stick-meta":"","header-below-stick-meta":"","astra-migrate-meta-layouts":"default","ast-page-background-enabled":"default","ast-page-background-meta":{"desktop":{"background-color":"var(--ast-global-color-4)","background-image":"","background-repeat":"repeat","background-position":"center center","background-size":"auto","background-attachment":"scroll","background-type":"","background-media":"","overlay-type":"","overlay-color":"","overlay-opacity":"","overlay-gradient":""},"tablet":{"background-color":"","background-image":"","background-repeat":"repeat","background-position":"center center","background-size":"auto","background-attachment":"scroll","background-type":"","background-media":"","overlay-type":"","overlay-color":"","overlay-opacity":"","overlay-gradient":""},"mobile":{"background-color":"","background-image":"","background-repeat":"repeat","background-position":"center center","background-size":"auto","background-attachment":"scroll","background-type":"","background-media":"","overlay-type":"","overlay-color":"","overlay-opacity":"","overlay-gradient":""}},"ast-content-background-meta":{"desktop":{"background-color":"var(--ast-global-color-5)","background-image":"","background-repeat":"repeat","background-position":"center center","background-size":"auto","background-attachment":"scroll","background-type":"","background-media":"","overlay-type":"","overlay-color":"","overlay-opacity":"","overlay-gradient":""},"tablet":{"background-color":"var(--ast-global-color-5)","background-image":"","background-repeat":"repeat","background-position":"center center","background-size":"auto","background-attachment":"scroll","background-type":"","background-media":"","overlay-type":"","overlay-color":"","overlay-opacity":"","overlay-gradient":""},"mobile":{"background-color":"var(--ast-global-color-5)","background-image":"","background-repeat":"repeat","background-position":"center center","background-size":"auto","background-attachment":"scroll","background-type":"","background-media":"","overlay-type":"","overlay-color":"","overlay-opacity":"","overlay-gradient":""}}},"product_brand":[],"product_cat":[559,365,372,386],"product_tag":[],"class_list":{"0":"post-38071","1":"product","2":"type-product","3":"status-publish","4":"has-post-thumbnail","6":"product_cat-2tainment-gmbh-hu","7":"product_cat-goz","8":"product_cat-jatekok-szimulatorok","9":"product_cat-strategiai-jatekok","10":"desktop-align-left","11":"tablet-align-left","12":"mobile-align-left","14":"first","15":"instock","16":"virtual","17":"purchasable","18":"product-type-simple"},"acf":[],"yoast_head":"<!-- This site is optimized with the Yoast SEO Premium plugin v27.5 (Yoast SEO v27.5) - https:\/\/yoast.com\/product\/yoast-seo-premium-wordpress\/ -->\n<title>Tech Corp. - Prismagamers.com<\/title>\n<meta name=\"description\" content=\"A Tech Corp. egy olyan j\u00e1t\u00e9k, amelyben megpr\u00f3b\u00e1lsz a vil\u00e1g legnagyobb technol\u00f3giai v\u00e1llalat\u00e1v\u00e1 v\u00e1lni. A c\u00e9lod az, hogy te legy\u00e9l a k\u00f6vetkez\u0151 nagy\u00e1gy\u00fa a technol\u00f3giai iparban. A j\u00e1t\u00e9k id\u0151ben j\u00e1tsz\u00f3dik, az 1990-es \u00e9vek elej\u00e9n kezd\u0151dik, \u00e9s napjainkig tart.  \ud83c\udf0d Glob\u00e1lis \u2699\ufe0f Steam \ud83d\udddd Digit\u00e1lis kulcs\" \/>\n<meta name=\"robots\" content=\"index, follow, max-snippet:-1, max-image-preview:large, max-video-preview:-1\" \/>\n<link rel=\"canonical\" href=\"https:\/\/prismagamers.com\/hu\/produkt\/tech-corp\/\" \/>\n<meta property=\"og:locale\" content=\"hu_HU\" \/>\n<meta property=\"og:type\" content=\"article\" \/>\n<meta property=\"og:title\" content=\"Tech Corp.\" \/>\n<meta property=\"og:description\" content=\"A Tech Corp. egy olyan j\u00e1t\u00e9k, amelyben megpr\u00f3b\u00e1lsz a vil\u00e1g legnagyobb technol\u00f3giai v\u00e1llalat\u00e1v\u00e1 v\u00e1lni. A c\u00e9lod az, hogy te legy\u00e9l a k\u00f6vetkez\u0151 nagy\u00e1gy\u00fa a technol\u00f3giai iparban. A j\u00e1t\u00e9k id\u0151ben j\u00e1tsz\u00f3dik, az 1990-es \u00e9vek elej\u00e9n kezd\u0151dik, \u00e9s napjainkig tart.  \ud83c\udf0d Glob\u00e1lis \u2699\ufe0f Steam \ud83d\udddd Digit\u00e1lis kulcs\" \/>\n<meta property=\"og:url\" content=\"https:\/\/prismagamers.com\/hu\/produkt\/tech-corp\/\" \/>\n<meta property=\"og:site_name\" content=\"Prismagamers.com\" \/>\n<meta property=\"article:publisher\" content=\"https:\/\/www.facebook.com\/prismagamers\" \/>\n<meta property=\"article:modified_time\" content=\"2026-01-01T23:36:04+00:00\" \/>\n<meta property=\"og:image\" content=\"https:\/\/prismagamers.com\/wp-content\/uploads\/2025\/05\/tech-corp.jpeg\" \/>\n\t<meta property=\"og:image:width\" content=\"300\" \/>\n\t<meta property=\"og:image:height\" content=\"450\" \/>\n\t<meta property=\"og:image:type\" content=\"image\/jpeg\" \/>\n<meta name=\"twitter:card\" content=\"summary_large_image\" \/>\n<meta name=\"twitter:label1\" content=\"Becs\u00fclt olvas\u00e1si id\u0151\" \/>\n\t<meta name=\"twitter:data1\" content=\"2 perc\" \/>\n<script type=\"application\/ld+json\" class=\"yoast-schema-graph\">{\"@context\":\"https:\\\/\\\/schema.org\",\"@graph\":[{\"@type\":\"WebPage\",\"@id\":\"https:\\\/\\\/prismagamers.com\\\/hu\\\/produkt\\\/tech-corp\\\/\",\"url\":\"https:\\\/\\\/prismagamers.com\\\/hu\\\/produkt\\\/tech-corp\\\/\",\"name\":\"Tech Corp. - Prismagamers.com\",\"isPartOf\":{\"@id\":\"https:\\\/\\\/prismagamers.com\\\/hu\\\/#website\"},\"primaryImageOfPage\":{\"@id\":\"https:\\\/\\\/prismagamers.com\\\/hu\\\/produkt\\\/tech-corp\\\/#primaryimage\"},\"image\":{\"@id\":\"https:\\\/\\\/prismagamers.com\\\/hu\\\/produkt\\\/tech-corp\\\/#primaryimage\"},\"thumbnailUrl\":\"https:\\\/\\\/prismagamers.com\\\/wp-content\\\/uploads\\\/2025\\\/05\\\/tech-corp.jpeg\",\"datePublished\":\"2025-05-29T14:10:51+00:00\",\"dateModified\":\"2026-01-01T23:36:04+00:00\",\"description\":\"A Tech Corp. egy olyan j\u00e1t\u00e9k, amelyben megpr\u00f3b\u00e1lsz a vil\u00e1g legnagyobb technol\u00f3giai v\u00e1llalat\u00e1v\u00e1 v\u00e1lni. A c\u00e9lod az, hogy te legy\u00e9l a k\u00f6vetkez\u0151 nagy\u00e1gy\u00fa a technol\u00f3giai iparban. A j\u00e1t\u00e9k id\u0151ben j\u00e1tsz\u00f3dik, az 1990-es \u00e9vek elej\u00e9n kezd\u0151dik, \u00e9s napjainkig tart. \ud83c\udf0d Glob\u00e1lis \u2699\ufe0f Steam \ud83d\udddd Digit\u00e1lis kulcs\",\"breadcrumb\":{\"@id\":\"https:\\\/\\\/prismagamers.com\\\/hu\\\/produkt\\\/tech-corp\\\/#breadcrumb\"},\"inLanguage\":\"hu\",\"potentialAction\":[{\"@type\":\"ReadAction\",\"target\":[\"https:\\\/\\\/prismagamers.com\\\/hu\\\/produkt\\\/tech-corp\\\/\"]}]},{\"@type\":\"ImageObject\",\"inLanguage\":\"hu\",\"@id\":\"https:\\\/\\\/prismagamers.com\\\/hu\\\/produkt\\\/tech-corp\\\/#primaryimage\",\"url\":\"https:\\\/\\\/prismagamers.com\\\/wp-content\\\/uploads\\\/2025\\\/05\\\/tech-corp.jpeg\",\"contentUrl\":\"https:\\\/\\\/prismagamers.com\\\/wp-content\\\/uploads\\\/2025\\\/05\\\/tech-corp.jpeg\",\"width\":300,\"height\":450},{\"@type\":\"BreadcrumbList\",\"@id\":\"https:\\\/\\\/prismagamers.com\\\/hu\\\/produkt\\\/tech-corp\\\/#breadcrumb\",\"itemListElement\":[{\"@type\":\"ListItem\",\"position\":1,\"name\":\"Strona g\u0142\u00f3wna\",\"item\":\"https:\\\/\\\/prismagamers.com\\\/hu\\\/prismagamers\\\/\"},{\"@type\":\"ListItem\",\"position\":2,\"name\":\"Shop\",\"item\":\"https:\\\/\\\/prismagamers.com\\\/hu\\\/shop\\\/\"},{\"@type\":\"ListItem\",\"position\":3,\"name\":\"Tech Corp.\"}]},{\"@type\":\"WebSite\",\"@id\":\"https:\\\/\\\/prismagamers.com\\\/hu\\\/#website\",\"url\":\"https:\\\/\\\/prismagamers.com\\\/hu\\\/\",\"name\":\"Prismagamers\",\"description\":\"Sklep z grami PC I Sklep klucze Steam\",\"publisher\":{\"@id\":\"https:\\\/\\\/prismagamers.com\\\/hu\\\/#organization\"},\"potentialAction\":[{\"@type\":\"SearchAction\",\"target\":{\"@type\":\"EntryPoint\",\"urlTemplate\":\"https:\\\/\\\/prismagamers.com\\\/hu\\\/?s={search_term_string}\"},\"query-input\":{\"@type\":\"PropertyValueSpecification\",\"valueRequired\":true,\"valueName\":\"search_term_string\"}}],\"inLanguage\":\"hu\"},{\"@type\":\"Organization\",\"@id\":\"https:\\\/\\\/prismagamers.com\\\/hu\\\/#organization\",\"name\":\"Prismagamers\",\"url\":\"https:\\\/\\\/prismagamers.com\\\/hu\\\/\",\"logo\":{\"@type\":\"ImageObject\",\"inLanguage\":\"hu\",\"@id\":\"https:\\\/\\\/prismagamers.com\\\/hu\\\/#\\\/schema\\\/logo\\\/image\\\/\",\"url\":\"https:\\\/\\\/prismagamers.com\\\/wp-content\\\/uploads\\\/2022\\\/04\\\/cropped-logo-Prismagamers-01-scaled-1.jpg\",\"contentUrl\":\"https:\\\/\\\/prismagamers.com\\\/wp-content\\\/uploads\\\/2022\\\/04\\\/cropped-logo-Prismagamers-01-scaled-1.jpg\",\"width\":512,\"height\":512,\"caption\":\"Prismagamers\"},\"image\":{\"@id\":\"https:\\\/\\\/prismagamers.com\\\/hu\\\/#\\\/schema\\\/logo\\\/image\\\/\"},\"sameAs\":[\"https:\\\/\\\/www.facebook.com\\\/prismagamers\",\"https:\\\/\\\/www.instagram.com\\\/prismagamers_grycyfrowe\\\/\"],\"description\":\"Prismagamers.com to dynamiczny sklep z grami cyfrowymi, stworzony z my\u015bl\u0105 o entuzjastach gier wideo. Nasza strona oferuje szerok\u0105 gam\u0119 gier komputerowych, w tym najnowsze tytu\u0142y, dobrze znane klasyki oraz gry stworzone przez niezale\u017cne studia Ca\u0142y czas d\u0105\u017cymy do rozszerzenia naszej oferty. Do\u0142\u0105cz do nas i sta\u0144 si\u0119 cz\u0119\u015bci\u0105 naszej rosn\u0105cej spo\u0142eczno\u015bci graczy!\",\"email\":\"shop@prismagamers.com\",\"telephone\":\"48795541705\",\"legalName\":\"East Caravan Maksym \u017bukow\",\"foundingDate\":\"2012-05-10\",\"vatID\":\"PL8943038612\",\"taxID\":\"PL8943038612\",\"numberOfEmployees\":{\"@type\":\"QuantitativeValue\",\"minValue\":\"11\",\"maxValue\":\"50\"}}]}<\/script>\n<!-- \/ Yoast SEO Premium plugin. -->","yoast_head_json":{"title":"Tech Corp. - Prismagamers.com","description":"A Tech Corp. egy olyan j\u00e1t\u00e9k, amelyben megpr\u00f3b\u00e1lsz a vil\u00e1g legnagyobb technol\u00f3giai v\u00e1llalat\u00e1v\u00e1 v\u00e1lni. A c\u00e9lod az, hogy te legy\u00e9l a k\u00f6vetkez\u0151 nagy\u00e1gy\u00fa a technol\u00f3giai iparban. A j\u00e1t\u00e9k id\u0151ben j\u00e1tsz\u00f3dik, az 1990-es \u00e9vek elej\u00e9n kezd\u0151dik, \u00e9s napjainkig tart.  \ud83c\udf0d Glob\u00e1lis \u2699\ufe0f Steam \ud83d\udddd Digit\u00e1lis kulcs","robots":{"index":"index","follow":"follow","max-snippet":"max-snippet:-1","max-image-preview":"max-image-preview:large","max-video-preview":"max-video-preview:-1"},"canonical":"https:\/\/prismagamers.com\/hu\/produkt\/tech-corp\/","og_locale":"hu_HU","og_type":"article","og_title":"Tech Corp.","og_description":"A Tech Corp. egy olyan j\u00e1t\u00e9k, amelyben megpr\u00f3b\u00e1lsz a vil\u00e1g legnagyobb technol\u00f3giai v\u00e1llalat\u00e1v\u00e1 v\u00e1lni. A c\u00e9lod az, hogy te legy\u00e9l a k\u00f6vetkez\u0151 nagy\u00e1gy\u00fa a technol\u00f3giai iparban. A j\u00e1t\u00e9k id\u0151ben j\u00e1tsz\u00f3dik, az 1990-es \u00e9vek elej\u00e9n kezd\u0151dik, \u00e9s napjainkig tart.  \ud83c\udf0d Glob\u00e1lis \u2699\ufe0f Steam \ud83d\udddd Digit\u00e1lis kulcs","og_url":"https:\/\/prismagamers.com\/hu\/produkt\/tech-corp\/","og_site_name":"Prismagamers.com","article_publisher":"https:\/\/www.facebook.com\/prismagamers","article_modified_time":"2026-01-01T23:36:04+00:00","og_image":[{"width":300,"height":450,"url":"https:\/\/prismagamers.com\/wp-content\/uploads\/2025\/05\/tech-corp.jpeg","type":"image\/jpeg"}],"twitter_card":"summary_large_image","twitter_misc":{"Becs\u00fclt olvas\u00e1si id\u0151":"2 perc"},"schema":{"@context":"https:\/\/schema.org","@graph":[{"@type":"WebPage","@id":"https:\/\/prismagamers.com\/hu\/produkt\/tech-corp\/","url":"https:\/\/prismagamers.com\/hu\/produkt\/tech-corp\/","name":"Tech Corp. - Prismagamers.com","isPartOf":{"@id":"https:\/\/prismagamers.com\/hu\/#website"},"primaryImageOfPage":{"@id":"https:\/\/prismagamers.com\/hu\/produkt\/tech-corp\/#primaryimage"},"image":{"@id":"https:\/\/prismagamers.com\/hu\/produkt\/tech-corp\/#primaryimage"},"thumbnailUrl":"https:\/\/prismagamers.com\/wp-content\/uploads\/2025\/05\/tech-corp.jpeg","datePublished":"2025-05-29T14:10:51+00:00","dateModified":"2026-01-01T23:36:04+00:00","description":"A Tech Corp. egy olyan j\u00e1t\u00e9k, amelyben megpr\u00f3b\u00e1lsz a vil\u00e1g legnagyobb technol\u00f3giai v\u00e1llalat\u00e1v\u00e1 v\u00e1lni. A c\u00e9lod az, hogy te legy\u00e9l a k\u00f6vetkez\u0151 nagy\u00e1gy\u00fa a technol\u00f3giai iparban. A j\u00e1t\u00e9k id\u0151ben j\u00e1tsz\u00f3dik, az 1990-es \u00e9vek elej\u00e9n kezd\u0151dik, \u00e9s napjainkig tart. \ud83c\udf0d Glob\u00e1lis \u2699\ufe0f Steam \ud83d\udddd Digit\u00e1lis kulcs","breadcrumb":{"@id":"https:\/\/prismagamers.com\/hu\/produkt\/tech-corp\/#breadcrumb"},"inLanguage":"hu","potentialAction":[{"@type":"ReadAction","target":["https:\/\/prismagamers.com\/hu\/produkt\/tech-corp\/"]}]},{"@type":"ImageObject","inLanguage":"hu","@id":"https:\/\/prismagamers.com\/hu\/produkt\/tech-corp\/#primaryimage","url":"https:\/\/prismagamers.com\/wp-content\/uploads\/2025\/05\/tech-corp.jpeg","contentUrl":"https:\/\/prismagamers.com\/wp-content\/uploads\/2025\/05\/tech-corp.jpeg","width":300,"height":450},{"@type":"BreadcrumbList","@id":"https:\/\/prismagamers.com\/hu\/produkt\/tech-corp\/#breadcrumb","itemListElement":[{"@type":"ListItem","position":1,"name":"Strona g\u0142\u00f3wna","item":"https:\/\/prismagamers.com\/hu\/prismagamers\/"},{"@type":"ListItem","position":2,"name":"Shop","item":"https:\/\/prismagamers.com\/hu\/shop\/"},{"@type":"ListItem","position":3,"name":"Tech Corp."}]},{"@type":"WebSite","@id":"https:\/\/prismagamers.com\/hu\/#website","url":"https:\/\/prismagamers.com\/hu\/","name":"Prismagamers","description":"Sklep z grami PC I Sklep klucze Steam","publisher":{"@id":"https:\/\/prismagamers.com\/hu\/#organization"},"potentialAction":[{"@type":"SearchAction","target":{"@type":"EntryPoint","urlTemplate":"https:\/\/prismagamers.com\/hu\/?s={search_term_string}"},"query-input":{"@type":"PropertyValueSpecification","valueRequired":true,"valueName":"search_term_string"}}],"inLanguage":"hu"},{"@type":"Organization","@id":"https:\/\/prismagamers.com\/hu\/#organization","name":"Prismagamers","url":"https:\/\/prismagamers.com\/hu\/","logo":{"@type":"ImageObject","inLanguage":"hu","@id":"https:\/\/prismagamers.com\/hu\/#\/schema\/logo\/image\/","url":"https:\/\/prismagamers.com\/wp-content\/uploads\/2022\/04\/cropped-logo-Prismagamers-01-scaled-1.jpg","contentUrl":"https:\/\/prismagamers.com\/wp-content\/uploads\/2022\/04\/cropped-logo-Prismagamers-01-scaled-1.jpg","width":512,"height":512,"caption":"Prismagamers"},"image":{"@id":"https:\/\/prismagamers.com\/hu\/#\/schema\/logo\/image\/"},"sameAs":["https:\/\/www.facebook.com\/prismagamers","https:\/\/www.instagram.com\/prismagamers_grycyfrowe\/"],"description":"Prismagamers.com to dynamiczny sklep z grami cyfrowymi, stworzony z my\u015bl\u0105 o entuzjastach gier wideo. Nasza strona oferuje szerok\u0105 gam\u0119 gier komputerowych, w tym najnowsze tytu\u0142y, dobrze znane klasyki oraz gry stworzone przez niezale\u017cne studia Ca\u0142y czas d\u0105\u017cymy do rozszerzenia naszej oferty. Do\u0142\u0105cz do nas i sta\u0144 si\u0119 cz\u0119\u015bci\u0105 naszej rosn\u0105cej spo\u0142eczno\u015bci graczy!","email":"shop@prismagamers.com","telephone":"48795541705","legalName":"East Caravan Maksym \u017bukow","foundingDate":"2012-05-10","vatID":"PL8943038612","taxID":"PL8943038612","numberOfEmployees":{"@type":"QuantitativeValue","minValue":"11","maxValue":"50"}}]}},"_links":{"self":[{"href":"https:\/\/prismagamers.com\/hu\/wp-json\/wp\/v2\/product\/38071","targetHints":{"allow":["GET"]}}],"collection":[{"href":"https:\/\/prismagamers.com\/hu\/wp-json\/wp\/v2\/product"}],"about":[{"href":"https:\/\/prismagamers.com\/hu\/wp-json\/wp\/v2\/types\/product"}],"wp:featuredmedia":[{"embeddable":true,"href":"https:\/\/prismagamers.com\/hu\/wp-json\/wp\/v2\/media\/38069"}],"wp:attachment":[{"href":"https:\/\/prismagamers.com\/hu\/wp-json\/wp\/v2\/media?parent=38071"}],"wp:term":[{"taxonomy":"product_brand","embeddable":true,"href":"https:\/\/prismagamers.com\/hu\/wp-json\/wp\/v2\/product_brand?post=38071"},{"taxonomy":"product_cat","embeddable":true,"href":"https:\/\/prismagamers.com\/hu\/wp-json\/wp\/v2\/product_cat?post=38071"},{"taxonomy":"product_tag","embeddable":true,"href":"https:\/\/prismagamers.com\/hu\/wp-json\/wp\/v2\/product_tag?post=38071"}],"curies":[{"name":"wp","href":"https:\/\/api.w.org\/{rel}","templated":true}]}}