{"id":38367,"date":"2024-04-08T17:55:34","date_gmt":"2024-04-08T15:55:34","guid":{"rendered":"https:\/\/prismagamers.com\/produkt\/a-gyilkossag-muveszete-a-vegzet-kartyai\/"},"modified":"2026-03-05T00:00:36","modified_gmt":"2026-03-04T23:00:36","slug":"a-gyilkossag-muveszete-a-vegzet-kartyai","status":"publish","type":"product","link":"https:\/\/prismagamers.com\/hu\/produkt\/a-gyilkossag-muveszete-a-vegzet-kartyai\/","title":{"rendered":"A gyilkoss\u00e1g m\u0171v\u00e9szete A v\u00e9gzet k\u00e1rty\u00e1i"},"content":{"rendered":"<p>Egy rendk\u00edv\u00fcl izgalmas k\u00e1rtyaj\u00e1t\u00e9k!<\/p>\n<p>Egy megfoghatatlan sorozatgyilkos v\u00e9res nyomokat hagy maga ut\u00e1n az Egyes\u00fclt \u00c1llamokban, hidegv\u00e9rrel gyilkolva \u00e1ldozatot \u00e1ldozat ut\u00e1n. A v\u00e9djegye a b\u0171ntett helysz\u00edn\u00e9n hagyott j\u00e1t\u00e9kk\u00e1rty\u00e1k. Most azonban t\u00f6bbet akar! \u00c9vekig tart\u00f3 megfigyel\u00e9s ut\u00e1n Nicole Bonnet FBI-\u00fcgyn\u00f6k \u00fagy d\u00f6nt, hogy szembesz\u00e1ll vele. A Sz\u00f6vets\u00e9gi Nyomoz\u00f3iroda k\u00e9pvisel\u0151j\u00e9vel s\u00f6t\u00e9t intrik\u00e1ba kezd. Eddig egy l\u00e9p\u00e9ssel mindenki el\u0151tt j\u00e1rt, de most m\u00e9lt\u00f3 ellenfele lesz&#8230;..     <\/p>\n<ul>\n<li>Egy klasszikus point-and-click kalandj\u00e1t\u00e9k.<\/li>\n<li>Mag\u00e1val ragad\u00f3 t\u00f6rt\u00e9net \u00e9s v\u00e1ratlan fordulatok.<\/li>\n<li>Fedezd fel a s\u00f6t\u00e9t helysz\u00edneket csapd\u00e1k \u00e9s bomb\u00e1k ut\u00e1n kutatva.<\/li>\n<li>Keressen meg minden rendelkez\u00e9sre \u00e1ll\u00f3 nyomot \u00e9s bizony\u00edt\u00e9kot, \u00e9s vizsg\u00e1lja meg azokat a laborat\u00f3riumban.<\/li>\n<li>\u00dcld\u00f6zd a gyilkost az Egyes\u00fclt \u00c1llamokon kereszt\u00fcl, bele\u00e9rtve Louisian\u00e1t, Maine-t \u00e9s New Yorkot.<\/li>\n<\/ul>\n","protected":false},"excerpt":{"rendered":"<p>Egy megfoghatatlan sorozatgyilkos v\u00e9res \u00f6sv\u00e9nyen j\u00e1rja az Egyes\u00fclt \u00c1llamokat, hal\u00e1lt \u00e9s puszt\u00edt\u00e1st hagyva maga ut\u00e1n. Hidegv\u00e9rrel fosztja meg \u00e1ldozatait az \u00e9let\u00fckt\u0151l, \u00e9s v\u00e9djegyek\u00e9nt j\u00e1t\u00e9kk\u00e1rty\u00e1kat hagy a tetthelyen. Ez a m\u00f3dszer azonban m\u00e1r nem el\u00e9g neki!  <\/p>\n<p>\ud83c\udf0d Glob\u00e1lis<br \/>\n\u2699\ufe0f Steam<br \/>\n\ud83d\udddd Digit\u00e1lis kulcs<\/p>\n","protected":false},"featured_media":31070,"template":"","meta":{"_acf_changed":false,"site-sidebar-layout":"default","site-content-layout":"","ast-site-content-layout":"default","site-content-style":"default","site-sidebar-style":"default","ast-global-header-display":"","ast-banner-title-visibility":"","ast-main-header-display":"","ast-hfb-above-header-display":"","ast-hfb-below-header-display":"","ast-hfb-mobile-header-display":"","site-post-title":"","ast-breadcrumbs-content":"","ast-featured-img":"","footer-sml-layout":"","ast-disable-related-posts":"","theme-transparent-header-meta":"default","adv-header-id-meta":"","stick-header-meta":"","header-above-stick-meta":"","header-main-stick-meta":"","header-below-stick-meta":"","astra-migrate-meta-layouts":"default","ast-page-background-enabled":"default","ast-page-background-meta":{"desktop":{"background-color":"var(--ast-global-color-4)","background-image":"","background-repeat":"repeat","background-position":"center center","background-size":"auto","background-attachment":"scroll","background-type":"","background-media":"","overlay-type":"","overlay-color":"","overlay-opacity":"","overlay-gradient":""},"tablet":{"background-color":"","background-image":"","background-repeat":"repeat","background-position":"center center","background-size":"auto","background-attachment":"scroll","background-type":"","background-media":"","overlay-type":"","overlay-color":"","overlay-opacity":"","overlay-gradient":""},"mobile":{"background-color":"","background-image":"","background-repeat":"repeat","background-position":"center center","background-size":"auto","background-attachment":"scroll","background-type":"","background-media":"","overlay-type":"","overlay-color":"","overlay-opacity":"","overlay-gradient":""}},"ast-content-background-meta":{"desktop":{"background-color":"var(--ast-global-color-5)","background-image":"","background-repeat":"repeat","background-position":"center center","background-size":"auto","background-attachment":"scroll","background-type":"","background-media":"","overlay-type":"","overlay-color":"","overlay-opacity":"","overlay-gradient":""},"tablet":{"background-color":"var(--ast-global-color-5)","background-image":"","background-repeat":"repeat","background-position":"center center","background-size":"auto","background-attachment":"scroll","background-type":"","background-media":"","overlay-type":"","overlay-color":"","overlay-opacity":"","overlay-gradient":""},"mobile":{"background-color":"var(--ast-global-color-5)","background-image":"","background-repeat":"repeat","background-position":"center center","background-size":"auto","background-attachment":"scroll","background-type":"","background-media":"","overlay-type":"","overlay-color":"","overlay-opacity":"","overlay-gradient":""}}},"product_brand":[],"product_cat":[407,369,365,363],"product_tag":[370],"class_list":{"0":"post-38367","1":"product","2":"type-product","3":"status-publish","4":"has-post-thumbnail","6":"product_cat-ci-games-hu","7":"product_cat-csarnokok","8":"product_cat-goz","9":"product_cat-kaland-jatekok","10":"product_tag-pid-tel","11":"desktop-align-left","12":"tablet-align-left","13":"mobile-align-left","15":"first","16":"instock","17":"virtual","18":"purchasable","19":"product-type-simple"},"acf":[],"yoast_head":"<!-- This site is optimized with the Yoast SEO Premium plugin v27.5 (Yoast SEO v27.5) - https:\/\/yoast.com\/product\/yoast-seo-premium-wordpress\/ -->\n<title>A gyilkoss\u00e1g m\u0171v\u00e9szete A v\u00e9gzet k\u00e1rty\u00e1i - Prismagamers.com<\/title>\n<meta name=\"description\" content=\"Egy megfoghatatlan sorozatgyilkos v\u00e9res \u00f6sv\u00e9nyen j\u00e1rja az Egyes\u00fclt \u00c1llamokat, hal\u00e1lt \u00e9s puszt\u00edt\u00e1st hagyva maga ut\u00e1n. Hidegv\u00e9rrel fosztja meg \u00e1ldozatait az \u00e9let\u00fckt\u0151l, \u00e9s v\u00e9djegyek\u00e9nt j\u00e1t\u00e9kk\u00e1rty\u00e1kat hagy a tetthelyen. Ez a m\u00f3dszer azonban m\u00e1r nem el\u00e9g neki!  \ud83c\udf0d Glob\u00e1lis \u2699\ufe0f Steam \ud83d\udddd Digit\u00e1lis kulcs\" \/>\n<meta name=\"robots\" content=\"index, follow, max-snippet:-1, max-image-preview:large, max-video-preview:-1\" \/>\n<link rel=\"canonical\" href=\"https:\/\/prismagamers.com\/hu\/produkt\/a-gyilkossag-muveszete-a-vegzet-kartyai\/\" \/>\n<meta property=\"og:locale\" content=\"hu_HU\" \/>\n<meta property=\"og:type\" content=\"article\" \/>\n<meta property=\"og:title\" content=\"A gyilkoss\u00e1g m\u0171v\u00e9szete A v\u00e9gzet k\u00e1rty\u00e1i\" \/>\n<meta property=\"og:description\" content=\"Egy megfoghatatlan sorozatgyilkos v\u00e9res \u00f6sv\u00e9nyen j\u00e1rja az Egyes\u00fclt \u00c1llamokat, hal\u00e1lt \u00e9s puszt\u00edt\u00e1st hagyva maga ut\u00e1n. Hidegv\u00e9rrel fosztja meg \u00e1ldozatait az \u00e9let\u00fckt\u0151l, \u00e9s v\u00e9djegyek\u00e9nt j\u00e1t\u00e9kk\u00e1rty\u00e1kat hagy a tetthelyen. Ez a m\u00f3dszer azonban m\u00e1r nem el\u00e9g neki!  \ud83c\udf0d Glob\u00e1lis \u2699\ufe0f Steam \ud83d\udddd Digit\u00e1lis kulcs\" \/>\n<meta property=\"og:url\" content=\"https:\/\/prismagamers.com\/hu\/produkt\/a-gyilkossag-muveszete-a-vegzet-kartyai\/\" \/>\n<meta property=\"og:site_name\" content=\"Prismagamers.com\" \/>\n<meta property=\"article:publisher\" content=\"https:\/\/www.facebook.com\/prismagamers\" \/>\n<meta property=\"article:modified_time\" content=\"2026-03-04T23:00:36+00:00\" \/>\n<meta property=\"og:image\" content=\"https:\/\/prismagamers.com\/wp-content\/uploads\/2024\/04\/Art-of-Murder-Cards-of-Destiny_box-e1712591722291.jpg\" \/>\n\t<meta property=\"og:image:width\" content=\"300\" \/>\n\t<meta property=\"og:image:height\" content=\"450\" \/>\n\t<meta property=\"og:image:type\" content=\"image\/jpeg\" \/>\n<meta name=\"twitter:card\" content=\"summary_large_image\" \/>\n<meta name=\"twitter:label1\" content=\"Becs\u00fclt olvas\u00e1si id\u0151\" \/>\n\t<meta name=\"twitter:data1\" content=\"1 perc\" \/>\n<script type=\"application\/ld+json\" class=\"yoast-schema-graph\">{\"@context\":\"https:\\\/\\\/schema.org\",\"@graph\":[{\"@type\":\"WebPage\",\"@id\":\"https:\\\/\\\/prismagamers.com\\\/hu\\\/produkt\\\/a-gyilkossag-muveszete-a-vegzet-kartyai\\\/\",\"url\":\"https:\\\/\\\/prismagamers.com\\\/hu\\\/produkt\\\/a-gyilkossag-muveszete-a-vegzet-kartyai\\\/\",\"name\":\"A gyilkoss\u00e1g m\u0171v\u00e9szete A v\u00e9gzet k\u00e1rty\u00e1i - Prismagamers.com\",\"isPartOf\":{\"@id\":\"https:\\\/\\\/prismagamers.com\\\/hu\\\/#website\"},\"primaryImageOfPage\":{\"@id\":\"https:\\\/\\\/prismagamers.com\\\/hu\\\/produkt\\\/a-gyilkossag-muveszete-a-vegzet-kartyai\\\/#primaryimage\"},\"image\":{\"@id\":\"https:\\\/\\\/prismagamers.com\\\/hu\\\/produkt\\\/a-gyilkossag-muveszete-a-vegzet-kartyai\\\/#primaryimage\"},\"thumbnailUrl\":\"https:\\\/\\\/prismagamers.com\\\/wp-content\\\/uploads\\\/2024\\\/04\\\/Art-of-Murder-Cards-of-Destiny_box-e1712591722291.jpg\",\"datePublished\":\"2024-04-08T15:55:34+00:00\",\"dateModified\":\"2026-03-04T23:00:36+00:00\",\"description\":\"Egy megfoghatatlan sorozatgyilkos v\u00e9res \u00f6sv\u00e9nyen j\u00e1rja az Egyes\u00fclt \u00c1llamokat, hal\u00e1lt \u00e9s puszt\u00edt\u00e1st hagyva maga ut\u00e1n. Hidegv\u00e9rrel fosztja meg \u00e1ldozatait az \u00e9let\u00fckt\u0151l, \u00e9s v\u00e9djegyek\u00e9nt j\u00e1t\u00e9kk\u00e1rty\u00e1kat hagy a tetthelyen. Ez a m\u00f3dszer azonban m\u00e1r nem el\u00e9g neki! \ud83c\udf0d Glob\u00e1lis \u2699\ufe0f Steam \ud83d\udddd Digit\u00e1lis kulcs\",\"breadcrumb\":{\"@id\":\"https:\\\/\\\/prismagamers.com\\\/hu\\\/produkt\\\/a-gyilkossag-muveszete-a-vegzet-kartyai\\\/#breadcrumb\"},\"inLanguage\":\"hu\",\"potentialAction\":[{\"@type\":\"ReadAction\",\"target\":[\"https:\\\/\\\/prismagamers.com\\\/hu\\\/produkt\\\/a-gyilkossag-muveszete-a-vegzet-kartyai\\\/\"]}]},{\"@type\":\"ImageObject\",\"inLanguage\":\"hu\",\"@id\":\"https:\\\/\\\/prismagamers.com\\\/hu\\\/produkt\\\/a-gyilkossag-muveszete-a-vegzet-kartyai\\\/#primaryimage\",\"url\":\"https:\\\/\\\/prismagamers.com\\\/wp-content\\\/uploads\\\/2024\\\/04\\\/Art-of-Murder-Cards-of-Destiny_box-e1712591722291.jpg\",\"contentUrl\":\"https:\\\/\\\/prismagamers.com\\\/wp-content\\\/uploads\\\/2024\\\/04\\\/Art-of-Murder-Cards-of-Destiny_box-e1712591722291.jpg\",\"width\":300,\"height\":450},{\"@type\":\"BreadcrumbList\",\"@id\":\"https:\\\/\\\/prismagamers.com\\\/hu\\\/produkt\\\/a-gyilkossag-muveszete-a-vegzet-kartyai\\\/#breadcrumb\",\"itemListElement\":[{\"@type\":\"ListItem\",\"position\":1,\"name\":\"Strona g\u0142\u00f3wna\",\"item\":\"https:\\\/\\\/prismagamers.com\\\/hu\\\/prismagamers\\\/\"},{\"@type\":\"ListItem\",\"position\":2,\"name\":\"Shop\",\"item\":\"https:\\\/\\\/prismagamers.com\\\/hu\\\/shop\\\/\"},{\"@type\":\"ListItem\",\"position\":3,\"name\":\"A gyilkoss\u00e1g m\u0171v\u00e9szete A v\u00e9gzet k\u00e1rty\u00e1i\"}]},{\"@type\":\"WebSite\",\"@id\":\"https:\\\/\\\/prismagamers.com\\\/hu\\\/#website\",\"url\":\"https:\\\/\\\/prismagamers.com\\\/hu\\\/\",\"name\":\"Prismagamers\",\"description\":\"Sklep z grami PC I Sklep klucze Steam\",\"publisher\":{\"@id\":\"https:\\\/\\\/prismagamers.com\\\/hu\\\/#organization\"},\"potentialAction\":[{\"@type\":\"SearchAction\",\"target\":{\"@type\":\"EntryPoint\",\"urlTemplate\":\"https:\\\/\\\/prismagamers.com\\\/hu\\\/?s={search_term_string}\"},\"query-input\":{\"@type\":\"PropertyValueSpecification\",\"valueRequired\":true,\"valueName\":\"search_term_string\"}}],\"inLanguage\":\"hu\"},{\"@type\":\"Organization\",\"@id\":\"https:\\\/\\\/prismagamers.com\\\/hu\\\/#organization\",\"name\":\"Prismagamers\",\"url\":\"https:\\\/\\\/prismagamers.com\\\/hu\\\/\",\"logo\":{\"@type\":\"ImageObject\",\"inLanguage\":\"hu\",\"@id\":\"https:\\\/\\\/prismagamers.com\\\/hu\\\/#\\\/schema\\\/logo\\\/image\\\/\",\"url\":\"https:\\\/\\\/prismagamers.com\\\/wp-content\\\/uploads\\\/2022\\\/04\\\/cropped-logo-Prismagamers-01-scaled-1.jpg\",\"contentUrl\":\"https:\\\/\\\/prismagamers.com\\\/wp-content\\\/uploads\\\/2022\\\/04\\\/cropped-logo-Prismagamers-01-scaled-1.jpg\",\"width\":512,\"height\":512,\"caption\":\"Prismagamers\"},\"image\":{\"@id\":\"https:\\\/\\\/prismagamers.com\\\/hu\\\/#\\\/schema\\\/logo\\\/image\\\/\"},\"sameAs\":[\"https:\\\/\\\/www.facebook.com\\\/prismagamers\",\"https:\\\/\\\/www.instagram.com\\\/prismagamers_grycyfrowe\\\/\"],\"description\":\"Prismagamers.com to dynamiczny sklep z grami cyfrowymi, stworzony z my\u015bl\u0105 o entuzjastach gier wideo. Nasza strona oferuje szerok\u0105 gam\u0119 gier komputerowych, w tym najnowsze tytu\u0142y, dobrze znane klasyki oraz gry stworzone przez niezale\u017cne studia Ca\u0142y czas d\u0105\u017cymy do rozszerzenia naszej oferty. Do\u0142\u0105cz do nas i sta\u0144 si\u0119 cz\u0119\u015bci\u0105 naszej rosn\u0105cej spo\u0142eczno\u015bci graczy!\",\"email\":\"shop@prismagamers.com\",\"telephone\":\"48795541705\",\"legalName\":\"East Caravan Maksym \u017bukow\",\"foundingDate\":\"2012-05-10\",\"vatID\":\"PL8943038612\",\"taxID\":\"PL8943038612\",\"numberOfEmployees\":{\"@type\":\"QuantitativeValue\",\"minValue\":\"11\",\"maxValue\":\"50\"}}]}<\/script>\n<!-- \/ Yoast SEO Premium plugin. -->","yoast_head_json":{"title":"A gyilkoss\u00e1g m\u0171v\u00e9szete A v\u00e9gzet k\u00e1rty\u00e1i - Prismagamers.com","description":"Egy megfoghatatlan sorozatgyilkos v\u00e9res \u00f6sv\u00e9nyen j\u00e1rja az Egyes\u00fclt \u00c1llamokat, hal\u00e1lt \u00e9s puszt\u00edt\u00e1st hagyva maga ut\u00e1n. Hidegv\u00e9rrel fosztja meg \u00e1ldozatait az \u00e9let\u00fckt\u0151l, \u00e9s v\u00e9djegyek\u00e9nt j\u00e1t\u00e9kk\u00e1rty\u00e1kat hagy a tetthelyen. Ez a m\u00f3dszer azonban m\u00e1r nem el\u00e9g neki!  \ud83c\udf0d Glob\u00e1lis \u2699\ufe0f Steam \ud83d\udddd Digit\u00e1lis kulcs","robots":{"index":"index","follow":"follow","max-snippet":"max-snippet:-1","max-image-preview":"max-image-preview:large","max-video-preview":"max-video-preview:-1"},"canonical":"https:\/\/prismagamers.com\/hu\/produkt\/a-gyilkossag-muveszete-a-vegzet-kartyai\/","og_locale":"hu_HU","og_type":"article","og_title":"A gyilkoss\u00e1g m\u0171v\u00e9szete A v\u00e9gzet k\u00e1rty\u00e1i","og_description":"Egy megfoghatatlan sorozatgyilkos v\u00e9res \u00f6sv\u00e9nyen j\u00e1rja az Egyes\u00fclt \u00c1llamokat, hal\u00e1lt \u00e9s puszt\u00edt\u00e1st hagyva maga ut\u00e1n. Hidegv\u00e9rrel fosztja meg \u00e1ldozatait az \u00e9let\u00fckt\u0151l, \u00e9s v\u00e9djegyek\u00e9nt j\u00e1t\u00e9kk\u00e1rty\u00e1kat hagy a tetthelyen. Ez a m\u00f3dszer azonban m\u00e1r nem el\u00e9g neki!  \ud83c\udf0d Glob\u00e1lis \u2699\ufe0f Steam \ud83d\udddd Digit\u00e1lis kulcs","og_url":"https:\/\/prismagamers.com\/hu\/produkt\/a-gyilkossag-muveszete-a-vegzet-kartyai\/","og_site_name":"Prismagamers.com","article_publisher":"https:\/\/www.facebook.com\/prismagamers","article_modified_time":"2026-03-04T23:00:36+00:00","og_image":[{"width":300,"height":450,"url":"https:\/\/prismagamers.com\/wp-content\/uploads\/2024\/04\/Art-of-Murder-Cards-of-Destiny_box-e1712591722291.jpg","type":"image\/jpeg"}],"twitter_card":"summary_large_image","twitter_misc":{"Becs\u00fclt olvas\u00e1si id\u0151":"1 perc"},"schema":{"@context":"https:\/\/schema.org","@graph":[{"@type":"WebPage","@id":"https:\/\/prismagamers.com\/hu\/produkt\/a-gyilkossag-muveszete-a-vegzet-kartyai\/","url":"https:\/\/prismagamers.com\/hu\/produkt\/a-gyilkossag-muveszete-a-vegzet-kartyai\/","name":"A gyilkoss\u00e1g m\u0171v\u00e9szete A v\u00e9gzet k\u00e1rty\u00e1i - Prismagamers.com","isPartOf":{"@id":"https:\/\/prismagamers.com\/hu\/#website"},"primaryImageOfPage":{"@id":"https:\/\/prismagamers.com\/hu\/produkt\/a-gyilkossag-muveszete-a-vegzet-kartyai\/#primaryimage"},"image":{"@id":"https:\/\/prismagamers.com\/hu\/produkt\/a-gyilkossag-muveszete-a-vegzet-kartyai\/#primaryimage"},"thumbnailUrl":"https:\/\/prismagamers.com\/wp-content\/uploads\/2024\/04\/Art-of-Murder-Cards-of-Destiny_box-e1712591722291.jpg","datePublished":"2024-04-08T15:55:34+00:00","dateModified":"2026-03-04T23:00:36+00:00","description":"Egy megfoghatatlan sorozatgyilkos v\u00e9res \u00f6sv\u00e9nyen j\u00e1rja az Egyes\u00fclt \u00c1llamokat, hal\u00e1lt \u00e9s puszt\u00edt\u00e1st hagyva maga ut\u00e1n. Hidegv\u00e9rrel fosztja meg \u00e1ldozatait az \u00e9let\u00fckt\u0151l, \u00e9s v\u00e9djegyek\u00e9nt j\u00e1t\u00e9kk\u00e1rty\u00e1kat hagy a tetthelyen. Ez a m\u00f3dszer azonban m\u00e1r nem el\u00e9g neki! \ud83c\udf0d Glob\u00e1lis \u2699\ufe0f Steam \ud83d\udddd Digit\u00e1lis kulcs","breadcrumb":{"@id":"https:\/\/prismagamers.com\/hu\/produkt\/a-gyilkossag-muveszete-a-vegzet-kartyai\/#breadcrumb"},"inLanguage":"hu","potentialAction":[{"@type":"ReadAction","target":["https:\/\/prismagamers.com\/hu\/produkt\/a-gyilkossag-muveszete-a-vegzet-kartyai\/"]}]},{"@type":"ImageObject","inLanguage":"hu","@id":"https:\/\/prismagamers.com\/hu\/produkt\/a-gyilkossag-muveszete-a-vegzet-kartyai\/#primaryimage","url":"https:\/\/prismagamers.com\/wp-content\/uploads\/2024\/04\/Art-of-Murder-Cards-of-Destiny_box-e1712591722291.jpg","contentUrl":"https:\/\/prismagamers.com\/wp-content\/uploads\/2024\/04\/Art-of-Murder-Cards-of-Destiny_box-e1712591722291.jpg","width":300,"height":450},{"@type":"BreadcrumbList","@id":"https:\/\/prismagamers.com\/hu\/produkt\/a-gyilkossag-muveszete-a-vegzet-kartyai\/#breadcrumb","itemListElement":[{"@type":"ListItem","position":1,"name":"Strona g\u0142\u00f3wna","item":"https:\/\/prismagamers.com\/hu\/prismagamers\/"},{"@type":"ListItem","position":2,"name":"Shop","item":"https:\/\/prismagamers.com\/hu\/shop\/"},{"@type":"ListItem","position":3,"name":"A gyilkoss\u00e1g m\u0171v\u00e9szete A v\u00e9gzet k\u00e1rty\u00e1i"}]},{"@type":"WebSite","@id":"https:\/\/prismagamers.com\/hu\/#website","url":"https:\/\/prismagamers.com\/hu\/","name":"Prismagamers","description":"Sklep z grami PC I Sklep klucze Steam","publisher":{"@id":"https:\/\/prismagamers.com\/hu\/#organization"},"potentialAction":[{"@type":"SearchAction","target":{"@type":"EntryPoint","urlTemplate":"https:\/\/prismagamers.com\/hu\/?s={search_term_string}"},"query-input":{"@type":"PropertyValueSpecification","valueRequired":true,"valueName":"search_term_string"}}],"inLanguage":"hu"},{"@type":"Organization","@id":"https:\/\/prismagamers.com\/hu\/#organization","name":"Prismagamers","url":"https:\/\/prismagamers.com\/hu\/","logo":{"@type":"ImageObject","inLanguage":"hu","@id":"https:\/\/prismagamers.com\/hu\/#\/schema\/logo\/image\/","url":"https:\/\/prismagamers.com\/wp-content\/uploads\/2022\/04\/cropped-logo-Prismagamers-01-scaled-1.jpg","contentUrl":"https:\/\/prismagamers.com\/wp-content\/uploads\/2022\/04\/cropped-logo-Prismagamers-01-scaled-1.jpg","width":512,"height":512,"caption":"Prismagamers"},"image":{"@id":"https:\/\/prismagamers.com\/hu\/#\/schema\/logo\/image\/"},"sameAs":["https:\/\/www.facebook.com\/prismagamers","https:\/\/www.instagram.com\/prismagamers_grycyfrowe\/"],"description":"Prismagamers.com to dynamiczny sklep z grami cyfrowymi, stworzony z my\u015bl\u0105 o entuzjastach gier wideo. Nasza strona oferuje szerok\u0105 gam\u0119 gier komputerowych, w tym najnowsze tytu\u0142y, dobrze znane klasyki oraz gry stworzone przez niezale\u017cne studia Ca\u0142y czas d\u0105\u017cymy do rozszerzenia naszej oferty. Do\u0142\u0105cz do nas i sta\u0144 si\u0119 cz\u0119\u015bci\u0105 naszej rosn\u0105cej spo\u0142eczno\u015bci graczy!","email":"shop@prismagamers.com","telephone":"48795541705","legalName":"East Caravan Maksym \u017bukow","foundingDate":"2012-05-10","vatID":"PL8943038612","taxID":"PL8943038612","numberOfEmployees":{"@type":"QuantitativeValue","minValue":"11","maxValue":"50"}}]}},"_links":{"self":[{"href":"https:\/\/prismagamers.com\/hu\/wp-json\/wp\/v2\/product\/38367","targetHints":{"allow":["GET"]}}],"collection":[{"href":"https:\/\/prismagamers.com\/hu\/wp-json\/wp\/v2\/product"}],"about":[{"href":"https:\/\/prismagamers.com\/hu\/wp-json\/wp\/v2\/types\/product"}],"wp:featuredmedia":[{"embeddable":true,"href":"https:\/\/prismagamers.com\/hu\/wp-json\/wp\/v2\/media\/31070"}],"wp:attachment":[{"href":"https:\/\/prismagamers.com\/hu\/wp-json\/wp\/v2\/media?parent=38367"}],"wp:term":[{"taxonomy":"product_brand","embeddable":true,"href":"https:\/\/prismagamers.com\/hu\/wp-json\/wp\/v2\/product_brand?post=38367"},{"taxonomy":"product_cat","embeddable":true,"href":"https:\/\/prismagamers.com\/hu\/wp-json\/wp\/v2\/product_cat?post=38367"},{"taxonomy":"product_tag","embeddable":true,"href":"https:\/\/prismagamers.com\/hu\/wp-json\/wp\/v2\/product_tag?post=38367"}],"curies":[{"name":"wp","href":"https:\/\/api.w.org\/{rel}","templated":true}]}}