{"id":38370,"date":"2023-04-12T18:56:11","date_gmt":"2023-04-12T16:56:11","guid":{"rendered":"https:\/\/prismagamers.com\/produkt\/old-school-musical-pc\/"},"modified":"2026-03-05T00:00:42","modified_gmt":"2026-03-04T23:00:42","slug":"old-school-musical-pc","status":"publish","type":"product","link":"https:\/\/prismagamers.com\/hu\/produkt\/old-school-musical-pc\/","title":{"rendered":"Old School Musical"},"content":{"rendered":"<p>Mi az, ami 50 csod\u00e1latos chiptune zenesz\u00e1mot, egy \u0151r\u00fclt t\u00f6rt\u00e9netm\u00f3dot, 32 k\u00fcl\u00f6nb\u00f6z\u0151 csirket\u00edpust tud legy\u0151zni, \u00e9s elvisz egy utaz\u00e1sra az \u00f6sszes kedvenc retr\u00f3 j\u00e1t\u00e9kodon kereszt\u00fcl? Term\u00e9szetesen az Old School Musical! <\/p>\n<p>Tib \u00e9s Rob egy \u0151r\u00fclt kaland h\u0151sei, akik megtanulj\u00e1k, honnan sz\u00e1rmaznak a kedvenc j\u00e1t\u00e9kainkban szerepl\u0151 hib\u00e1k.<\/p>\n<p>J\u00e1tszott\u00e1l m\u00e1r ritmusj\u00e1t\u00e9kkal? Nos, ez hasonl\u00f3, de sokkal jobb! Minden egyes hangjegy\u00e9rt te felelsz k\u00e9t h\u0151s\u00fcnk k\u00fcldet\u00e9s\u00e9nek siker\u00e9\u00e9rt. Lend\u00edtsd a kardodat \u00e9s l\u0151dd az \u0171rhaj\u00f3dat Dubmood, Zabutom, Hello World, Yponeko \u00e9s Le Plancton chiptune zenesz\u00e1mainak ritmus\u00e1ra.   <\/p>\n<p>Amit az emberek mondanak: \u201eEz a j\u00e1t\u00e9k annyira retro, hogy a t\u00e9v\u00e9d kat\u00f3dsug\u00e1rcs\u00f6vet fog n\u00f6veszteni\u201d &#8211; Cathodic Magazine \u201ea j\u00e1t\u00e9k tele van bugokkal lmao\u201d &#8211; Kevin Ididntgetthescript \u201eA j\u00e1t\u00e9k felbont\u00e1sa olyan alacsony, hogy most 20 \u00e9vvel fiatalabb vagyok\u201d. &#8211; T\u00e9lap\u00f3 \u201eFerenc, hagyd abba a videoj\u00e1t\u00e9kokat, ideje enni!\u201d &#8211; Any\u00e1m<\/p>\n","protected":false},"excerpt":{"rendered":"<p>J\u00e1tszott\u00e1l m\u00e1r ritmusj\u00e1t\u00e9kkal? Nos, ez valami hasonl\u00f3, de sokkal jobb! Minden egyes hanggal te vagy felel\u0151s k\u00e9t h\u0151s\u00fcnk k\u00fcldet\u00e9s\u00e9nek siker\u00e9\u00e9rt. Lend\u00edtsd a kardodat \u00e9s l\u0151dd az \u0171rhaj\u00f3dat Dubmood, Zabutom, Hello World, Yponeko \u00e9s Le Plancton chiptune zenesz\u00e1mainak ritmus\u00e1ra.   <\/p>\n<p><img decoding=\"async\" class=\"emoji\" role=\"img\" src=\"https:\/\/s.w.org\/images\/core\/emoji\/14.0.0\/svg\/1f30d.svg\" alt=\"\ud83c\udf0d\">  Glob\u00e1lis<br \/>\n<img decoding=\"async\" class=\"emoji\" role=\"img\" src=\"https:\/\/s.w.org\/images\/core\/emoji\/14.0.0\/svg\/2699.svg\" alt=\"\u2699\ufe0f\">  G\u0151z<br \/>\n<img decoding=\"async\" class=\"emoji\" role=\"img\" src=\"https:\/\/s.w.org\/images\/core\/emoji\/14.0.0\/svg\/1f5dd.svg\" alt=\"\ud83d\udddd\">  Digit\u00e1lis kulcs<\/p>\n","protected":false},"featured_media":25117,"template":"","meta":{"_acf_changed":false,"site-sidebar-layout":"default","site-content-layout":"default","ast-site-content-layout":"default","site-content-style":"default","site-sidebar-style":"default","ast-global-header-display":"","ast-banner-title-visibility":"","ast-main-header-display":"","ast-hfb-above-header-display":"","ast-hfb-below-header-display":"","ast-hfb-mobile-header-display":"","site-post-title":"","ast-breadcrumbs-content":"","ast-featured-img":"","footer-sml-layout":"","ast-disable-related-posts":"","theme-transparent-header-meta":"default","adv-header-id-meta":"","stick-header-meta":"","header-above-stick-meta":"","header-main-stick-meta":"","header-below-stick-meta":"","astra-migrate-meta-layouts":"default","ast-page-background-enabled":"default","ast-page-background-meta":{"desktop":{"background-color":"var(--ast-global-color-4)","background-image":"","background-repeat":"repeat","background-position":"center center","background-size":"auto","background-attachment":"scroll","background-type":"","background-media":"","overlay-type":"","overlay-color":"","overlay-opacity":"","overlay-gradient":""},"tablet":{"background-color":"","background-image":"","background-repeat":"repeat","background-position":"center center","background-size":"auto","background-attachment":"scroll","background-type":"","background-media":"","overlay-type":"","overlay-color":"","overlay-opacity":"","overlay-gradient":""},"mobile":{"background-color":"","background-image":"","background-repeat":"repeat","background-position":"center center","background-size":"auto","background-attachment":"scroll","background-type":"","background-media":"","overlay-type":"","overlay-color":"","overlay-opacity":"","overlay-gradient":""}},"ast-content-background-meta":{"desktop":{"background-color":"var(--ast-global-color-5)","background-image":"","background-repeat":"repeat","background-position":"center center","background-size":"auto","background-attachment":"scroll","background-type":"","background-media":"","overlay-type":"","overlay-color":"","overlay-opacity":"","overlay-gradient":""},"tablet":{"background-color":"var(--ast-global-color-5)","background-image":"","background-repeat":"repeat","background-position":"center center","background-size":"auto","background-attachment":"scroll","background-type":"","background-media":"","overlay-type":"","overlay-color":"","overlay-opacity":"","overlay-gradient":""},"mobile":{"background-color":"var(--ast-global-color-5)","background-image":"","background-repeat":"repeat","background-position":"center center","background-size":"auto","background-attachment":"scroll","background-type":"","background-media":"","overlay-type":"","overlay-color":"","overlay-opacity":"","overlay-gradient":""}}},"product_brand":[],"product_cat":[371,369,394,365,392,363,384,378,367],"product_tag":[542],"class_list":{"0":"post-38370","1":"product","2":"type-product","3":"status-publish","4":"has-post-thumbnail","6":"product_cat-akcio-jatekok","7":"product_cat-csarnokok","8":"product_cat-digitalis-jatekok","9":"product_cat-goz","10":"product_cat-india","11":"product_cat-kaland-jatekok","12":"product_cat-kedves-falusiak","13":"product_cat-minden-digitalis-jatek","14":"product_cat-pc-jatekok","15":"product_tag-pid_04-hu","16":"desktop-align-left","17":"tablet-align-left","18":"mobile-align-left","20":"first","21":"instock","22":"virtual","23":"purchasable","24":"product-type-simple"},"acf":[],"yoast_head":"<!-- This site is optimized with the Yoast SEO Premium plugin v27.4 (Yoast SEO v27.4) - https:\/\/yoast.com\/product\/yoast-seo-premium-wordpress\/ -->\n<title>Old School Musical - Prismagamers.com<\/title>\n<meta name=\"description\" content=\"J\u00e1tszott\u00e1l m\u00e1r ritmusj\u00e1t\u00e9kkal? Nos, ez valami hasonl\u00f3, de sokkal jobb! Minden egyes hanggal te vagy felel\u0151s k\u00e9t h\u0151s\u00fcnk k\u00fcldet\u00e9s\u00e9nek siker\u00e9\u00e9rt. Lend\u00edtsd a kardodat \u00e9s l\u0151dd az \u0171rhaj\u00f3dat Dubmood, Zabutom, Hello World, Yponeko \u00e9s Le Plancton chiptune zenesz\u00e1mainak ritmus\u00e1ra.    Glob\u00e1lis  G\u0151z  Digit\u00e1lis kulcs\" \/>\n<meta name=\"robots\" content=\"index, follow, max-snippet:-1, max-image-preview:large, max-video-preview:-1\" \/>\n<link rel=\"canonical\" href=\"https:\/\/prismagamers.com\/hu\/produkt\/old-school-musical-pc\/\" \/>\n<meta property=\"og:locale\" content=\"hu_HU\" \/>\n<meta property=\"og:type\" content=\"article\" \/>\n<meta property=\"og:title\" content=\"Old School Musical\" \/>\n<meta property=\"og:description\" content=\"J\u00e1tszott\u00e1l m\u00e1r ritmusj\u00e1t\u00e9kkal? Nos, ez valami hasonl\u00f3, de sokkal jobb! Minden egyes hanggal te vagy felel\u0151s k\u00e9t h\u0151s\u00fcnk k\u00fcldet\u00e9s\u00e9nek siker\u00e9\u00e9rt. Lend\u00edtsd a kardodat \u00e9s l\u0151dd az \u0171rhaj\u00f3dat Dubmood, Zabutom, Hello World, Yponeko \u00e9s Le Plancton chiptune zenesz\u00e1mainak ritmus\u00e1ra.    Glob\u00e1lis  G\u0151z  Digit\u00e1lis kulcs\" \/>\n<meta property=\"og:url\" content=\"https:\/\/prismagamers.com\/hu\/produkt\/old-school-musical-pc\/\" \/>\n<meta property=\"og:site_name\" content=\"Prismagamers.com\" \/>\n<meta property=\"article:publisher\" content=\"https:\/\/www.facebook.com\/prismagamers\" \/>\n<meta property=\"article:modified_time\" content=\"2026-03-04T23:00:42+00:00\" \/>\n<meta property=\"og:image\" content=\"https:\/\/prismagamers.com\/wp-content\/uploads\/2023\/04\/osm.jpeg\" \/>\n\t<meta property=\"og:image:width\" content=\"350\" \/>\n\t<meta property=\"og:image:height\" content=\"491\" \/>\n\t<meta property=\"og:image:type\" content=\"image\/jpeg\" \/>\n<meta name=\"twitter:card\" content=\"summary_large_image\" \/>\n<meta name=\"twitter:label1\" content=\"Becs\u00fclt olvas\u00e1si id\u0151\" \/>\n\t<meta name=\"twitter:data1\" content=\"1 perc\" \/>\n<script type=\"application\/ld+json\" class=\"yoast-schema-graph\">{\"@context\":\"https:\\\/\\\/schema.org\",\"@graph\":[{\"@type\":\"WebPage\",\"@id\":\"https:\\\/\\\/prismagamers.com\\\/hu\\\/produkt\\\/old-school-musical-pc\\\/\",\"url\":\"https:\\\/\\\/prismagamers.com\\\/hu\\\/produkt\\\/old-school-musical-pc\\\/\",\"name\":\"Old School Musical - Prismagamers.com\",\"isPartOf\":{\"@id\":\"https:\\\/\\\/prismagamers.com\\\/hu\\\/#website\"},\"primaryImageOfPage\":{\"@id\":\"https:\\\/\\\/prismagamers.com\\\/hu\\\/produkt\\\/old-school-musical-pc\\\/#primaryimage\"},\"image\":{\"@id\":\"https:\\\/\\\/prismagamers.com\\\/hu\\\/produkt\\\/old-school-musical-pc\\\/#primaryimage\"},\"thumbnailUrl\":\"https:\\\/\\\/prismagamers.com\\\/wp-content\\\/uploads\\\/2023\\\/04\\\/osm.jpeg\",\"datePublished\":\"2023-04-12T16:56:11+00:00\",\"dateModified\":\"2026-03-04T23:00:42+00:00\",\"description\":\"J\u00e1tszott\u00e1l m\u00e1r ritmusj\u00e1t\u00e9kkal? Nos, ez valami hasonl\u00f3, de sokkal jobb! Minden egyes hanggal te vagy felel\u0151s k\u00e9t h\u0151s\u00fcnk k\u00fcldet\u00e9s\u00e9nek siker\u00e9\u00e9rt. Lend\u00edtsd a kardodat \u00e9s l\u0151dd az \u0171rhaj\u00f3dat Dubmood, Zabutom, Hello World, Yponeko \u00e9s Le Plancton chiptune zenesz\u00e1mainak ritmus\u00e1ra. Glob\u00e1lis G\u0151z Digit\u00e1lis kulcs\",\"breadcrumb\":{\"@id\":\"https:\\\/\\\/prismagamers.com\\\/hu\\\/produkt\\\/old-school-musical-pc\\\/#breadcrumb\"},\"inLanguage\":\"hu\",\"potentialAction\":[{\"@type\":\"ReadAction\",\"target\":[\"https:\\\/\\\/prismagamers.com\\\/hu\\\/produkt\\\/old-school-musical-pc\\\/\"]}]},{\"@type\":\"ImageObject\",\"inLanguage\":\"hu\",\"@id\":\"https:\\\/\\\/prismagamers.com\\\/hu\\\/produkt\\\/old-school-musical-pc\\\/#primaryimage\",\"url\":\"https:\\\/\\\/prismagamers.com\\\/wp-content\\\/uploads\\\/2023\\\/04\\\/osm.jpeg\",\"contentUrl\":\"https:\\\/\\\/prismagamers.com\\\/wp-content\\\/uploads\\\/2023\\\/04\\\/osm.jpeg\",\"width\":350,\"height\":491},{\"@type\":\"BreadcrumbList\",\"@id\":\"https:\\\/\\\/prismagamers.com\\\/hu\\\/produkt\\\/old-school-musical-pc\\\/#breadcrumb\",\"itemListElement\":[{\"@type\":\"ListItem\",\"position\":1,\"name\":\"Strona g\u0142\u00f3wna\",\"item\":\"https:\\\/\\\/prismagamers.com\\\/hu\\\/prismagamers\\\/\"},{\"@type\":\"ListItem\",\"position\":2,\"name\":\"Shop\",\"item\":\"https:\\\/\\\/prismagamers.com\\\/hu\\\/shop\\\/\"},{\"@type\":\"ListItem\",\"position\":3,\"name\":\"Old School Musical\"}]},{\"@type\":\"WebSite\",\"@id\":\"https:\\\/\\\/prismagamers.com\\\/hu\\\/#website\",\"url\":\"https:\\\/\\\/prismagamers.com\\\/hu\\\/\",\"name\":\"Prismagamers\",\"description\":\"Sklep z grami PC I Sklep klucze Steam\",\"publisher\":{\"@id\":\"https:\\\/\\\/prismagamers.com\\\/hu\\\/#organization\"},\"potentialAction\":[{\"@type\":\"SearchAction\",\"target\":{\"@type\":\"EntryPoint\",\"urlTemplate\":\"https:\\\/\\\/prismagamers.com\\\/hu\\\/?s={search_term_string}\"},\"query-input\":{\"@type\":\"PropertyValueSpecification\",\"valueRequired\":true,\"valueName\":\"search_term_string\"}}],\"inLanguage\":\"hu\"},{\"@type\":\"Organization\",\"@id\":\"https:\\\/\\\/prismagamers.com\\\/hu\\\/#organization\",\"name\":\"Prismagamers\",\"url\":\"https:\\\/\\\/prismagamers.com\\\/hu\\\/\",\"logo\":{\"@type\":\"ImageObject\",\"inLanguage\":\"hu\",\"@id\":\"https:\\\/\\\/prismagamers.com\\\/hu\\\/#\\\/schema\\\/logo\\\/image\\\/\",\"url\":\"https:\\\/\\\/prismagamers.com\\\/wp-content\\\/uploads\\\/2022\\\/04\\\/cropped-logo-Prismagamers-01-scaled-1.jpg\",\"contentUrl\":\"https:\\\/\\\/prismagamers.com\\\/wp-content\\\/uploads\\\/2022\\\/04\\\/cropped-logo-Prismagamers-01-scaled-1.jpg\",\"width\":512,\"height\":512,\"caption\":\"Prismagamers\"},\"image\":{\"@id\":\"https:\\\/\\\/prismagamers.com\\\/hu\\\/#\\\/schema\\\/logo\\\/image\\\/\"},\"sameAs\":[\"https:\\\/\\\/www.facebook.com\\\/prismagamers\",\"https:\\\/\\\/www.instagram.com\\\/prismagamers_grycyfrowe\\\/\"],\"description\":\"Prismagamers.com to dynamiczny sklep z grami cyfrowymi, stworzony z my\u015bl\u0105 o entuzjastach gier wideo. Nasza strona oferuje szerok\u0105 gam\u0119 gier komputerowych, w tym najnowsze tytu\u0142y, dobrze znane klasyki oraz gry stworzone przez niezale\u017cne studia Ca\u0142y czas d\u0105\u017cymy do rozszerzenia naszej oferty. Do\u0142\u0105cz do nas i sta\u0144 si\u0119 cz\u0119\u015bci\u0105 naszej rosn\u0105cej spo\u0142eczno\u015bci graczy!\",\"email\":\"shop@prismagamers.com\",\"telephone\":\"48795541705\",\"legalName\":\"East Caravan Maksym \u017bukow\",\"foundingDate\":\"2012-05-10\",\"vatID\":\"PL8943038612\",\"taxID\":\"PL8943038612\",\"numberOfEmployees\":{\"@type\":\"QuantitativeValue\",\"minValue\":\"11\",\"maxValue\":\"50\"}}]}<\/script>\n<!-- \/ Yoast SEO Premium plugin. -->","yoast_head_json":{"title":"Old School Musical - Prismagamers.com","description":"J\u00e1tszott\u00e1l m\u00e1r ritmusj\u00e1t\u00e9kkal? Nos, ez valami hasonl\u00f3, de sokkal jobb! Minden egyes hanggal te vagy felel\u0151s k\u00e9t h\u0151s\u00fcnk k\u00fcldet\u00e9s\u00e9nek siker\u00e9\u00e9rt. Lend\u00edtsd a kardodat \u00e9s l\u0151dd az \u0171rhaj\u00f3dat Dubmood, Zabutom, Hello World, Yponeko \u00e9s Le Plancton chiptune zenesz\u00e1mainak ritmus\u00e1ra.    Glob\u00e1lis  G\u0151z  Digit\u00e1lis kulcs","robots":{"index":"index","follow":"follow","max-snippet":"max-snippet:-1","max-image-preview":"max-image-preview:large","max-video-preview":"max-video-preview:-1"},"canonical":"https:\/\/prismagamers.com\/hu\/produkt\/old-school-musical-pc\/","og_locale":"hu_HU","og_type":"article","og_title":"Old School Musical","og_description":"J\u00e1tszott\u00e1l m\u00e1r ritmusj\u00e1t\u00e9kkal? Nos, ez valami hasonl\u00f3, de sokkal jobb! Minden egyes hanggal te vagy felel\u0151s k\u00e9t h\u0151s\u00fcnk k\u00fcldet\u00e9s\u00e9nek siker\u00e9\u00e9rt. Lend\u00edtsd a kardodat \u00e9s l\u0151dd az \u0171rhaj\u00f3dat Dubmood, Zabutom, Hello World, Yponeko \u00e9s Le Plancton chiptune zenesz\u00e1mainak ritmus\u00e1ra.    Glob\u00e1lis  G\u0151z  Digit\u00e1lis kulcs","og_url":"https:\/\/prismagamers.com\/hu\/produkt\/old-school-musical-pc\/","og_site_name":"Prismagamers.com","article_publisher":"https:\/\/www.facebook.com\/prismagamers","article_modified_time":"2026-03-04T23:00:42+00:00","og_image":[{"width":350,"height":491,"url":"https:\/\/prismagamers.com\/wp-content\/uploads\/2023\/04\/osm.jpeg","type":"image\/jpeg"}],"twitter_card":"summary_large_image","twitter_misc":{"Becs\u00fclt olvas\u00e1si id\u0151":"1 perc"},"schema":{"@context":"https:\/\/schema.org","@graph":[{"@type":"WebPage","@id":"https:\/\/prismagamers.com\/hu\/produkt\/old-school-musical-pc\/","url":"https:\/\/prismagamers.com\/hu\/produkt\/old-school-musical-pc\/","name":"Old School Musical - Prismagamers.com","isPartOf":{"@id":"https:\/\/prismagamers.com\/hu\/#website"},"primaryImageOfPage":{"@id":"https:\/\/prismagamers.com\/hu\/produkt\/old-school-musical-pc\/#primaryimage"},"image":{"@id":"https:\/\/prismagamers.com\/hu\/produkt\/old-school-musical-pc\/#primaryimage"},"thumbnailUrl":"https:\/\/prismagamers.com\/wp-content\/uploads\/2023\/04\/osm.jpeg","datePublished":"2023-04-12T16:56:11+00:00","dateModified":"2026-03-04T23:00:42+00:00","description":"J\u00e1tszott\u00e1l m\u00e1r ritmusj\u00e1t\u00e9kkal? Nos, ez valami hasonl\u00f3, de sokkal jobb! Minden egyes hanggal te vagy felel\u0151s k\u00e9t h\u0151s\u00fcnk k\u00fcldet\u00e9s\u00e9nek siker\u00e9\u00e9rt. Lend\u00edtsd a kardodat \u00e9s l\u0151dd az \u0171rhaj\u00f3dat Dubmood, Zabutom, Hello World, Yponeko \u00e9s Le Plancton chiptune zenesz\u00e1mainak ritmus\u00e1ra. Glob\u00e1lis G\u0151z Digit\u00e1lis kulcs","breadcrumb":{"@id":"https:\/\/prismagamers.com\/hu\/produkt\/old-school-musical-pc\/#breadcrumb"},"inLanguage":"hu","potentialAction":[{"@type":"ReadAction","target":["https:\/\/prismagamers.com\/hu\/produkt\/old-school-musical-pc\/"]}]},{"@type":"ImageObject","inLanguage":"hu","@id":"https:\/\/prismagamers.com\/hu\/produkt\/old-school-musical-pc\/#primaryimage","url":"https:\/\/prismagamers.com\/wp-content\/uploads\/2023\/04\/osm.jpeg","contentUrl":"https:\/\/prismagamers.com\/wp-content\/uploads\/2023\/04\/osm.jpeg","width":350,"height":491},{"@type":"BreadcrumbList","@id":"https:\/\/prismagamers.com\/hu\/produkt\/old-school-musical-pc\/#breadcrumb","itemListElement":[{"@type":"ListItem","position":1,"name":"Strona g\u0142\u00f3wna","item":"https:\/\/prismagamers.com\/hu\/prismagamers\/"},{"@type":"ListItem","position":2,"name":"Shop","item":"https:\/\/prismagamers.com\/hu\/shop\/"},{"@type":"ListItem","position":3,"name":"Old School Musical"}]},{"@type":"WebSite","@id":"https:\/\/prismagamers.com\/hu\/#website","url":"https:\/\/prismagamers.com\/hu\/","name":"Prismagamers","description":"Sklep z grami PC I Sklep klucze Steam","publisher":{"@id":"https:\/\/prismagamers.com\/hu\/#organization"},"potentialAction":[{"@type":"SearchAction","target":{"@type":"EntryPoint","urlTemplate":"https:\/\/prismagamers.com\/hu\/?s={search_term_string}"},"query-input":{"@type":"PropertyValueSpecification","valueRequired":true,"valueName":"search_term_string"}}],"inLanguage":"hu"},{"@type":"Organization","@id":"https:\/\/prismagamers.com\/hu\/#organization","name":"Prismagamers","url":"https:\/\/prismagamers.com\/hu\/","logo":{"@type":"ImageObject","inLanguage":"hu","@id":"https:\/\/prismagamers.com\/hu\/#\/schema\/logo\/image\/","url":"https:\/\/prismagamers.com\/wp-content\/uploads\/2022\/04\/cropped-logo-Prismagamers-01-scaled-1.jpg","contentUrl":"https:\/\/prismagamers.com\/wp-content\/uploads\/2022\/04\/cropped-logo-Prismagamers-01-scaled-1.jpg","width":512,"height":512,"caption":"Prismagamers"},"image":{"@id":"https:\/\/prismagamers.com\/hu\/#\/schema\/logo\/image\/"},"sameAs":["https:\/\/www.facebook.com\/prismagamers","https:\/\/www.instagram.com\/prismagamers_grycyfrowe\/"],"description":"Prismagamers.com to dynamiczny sklep z grami cyfrowymi, stworzony z my\u015bl\u0105 o entuzjastach gier wideo. Nasza strona oferuje szerok\u0105 gam\u0119 gier komputerowych, w tym najnowsze tytu\u0142y, dobrze znane klasyki oraz gry stworzone przez niezale\u017cne studia Ca\u0142y czas d\u0105\u017cymy do rozszerzenia naszej oferty. Do\u0142\u0105cz do nas i sta\u0144 si\u0119 cz\u0119\u015bci\u0105 naszej rosn\u0105cej spo\u0142eczno\u015bci graczy!","email":"shop@prismagamers.com","telephone":"48795541705","legalName":"East Caravan Maksym \u017bukow","foundingDate":"2012-05-10","vatID":"PL8943038612","taxID":"PL8943038612","numberOfEmployees":{"@type":"QuantitativeValue","minValue":"11","maxValue":"50"}}]}},"_links":{"self":[{"href":"https:\/\/prismagamers.com\/hu\/wp-json\/wp\/v2\/product\/38370","targetHints":{"allow":["GET"]}}],"collection":[{"href":"https:\/\/prismagamers.com\/hu\/wp-json\/wp\/v2\/product"}],"about":[{"href":"https:\/\/prismagamers.com\/hu\/wp-json\/wp\/v2\/types\/product"}],"wp:featuredmedia":[{"embeddable":true,"href":"https:\/\/prismagamers.com\/hu\/wp-json\/wp\/v2\/media\/25117"}],"wp:attachment":[{"href":"https:\/\/prismagamers.com\/hu\/wp-json\/wp\/v2\/media?parent=38370"}],"wp:term":[{"taxonomy":"product_brand","embeddable":true,"href":"https:\/\/prismagamers.com\/hu\/wp-json\/wp\/v2\/product_brand?post=38370"},{"taxonomy":"product_cat","embeddable":true,"href":"https:\/\/prismagamers.com\/hu\/wp-json\/wp\/v2\/product_cat?post=38370"},{"taxonomy":"product_tag","embeddable":true,"href":"https:\/\/prismagamers.com\/hu\/wp-json\/wp\/v2\/product_tag?post=38370"}],"curies":[{"name":"wp","href":"https:\/\/api.w.org\/{rel}","templated":true}]}}