{"id":38372,"date":"2022-07-04T16:37:19","date_gmt":"2022-07-04T14:37:19","guid":{"rendered":"https:\/\/prismagamers.com\/produkt\/nuklearis-lang\/"},"modified":"2026-03-05T00:00:36","modified_gmt":"2026-03-04T23:00:36","slug":"nuklearis-lang","status":"publish","type":"product","link":"https:\/\/prismagamers.com\/hu\/produkt\/nuklearis-lang\/","title":{"rendered":"Nuclear Blaze"},"content":{"rendered":"<p>A vil\u00e1g l\u00e1ngokban \u00e1ll.<\/p>\n<p>Nos, nem igaz\u00e1n, de az eg\u00e9sz r\u00e9gi\u00f3 igen.<\/p>\n<p>Kik\u00e9pzett t\u0171zolt\u00f3k\u00e9nt a leveg\u0151b\u0151l a pokoli t\u0171z k\u00f6zep\u00e9be ker\u00fclsz, hogy kivizsg\u00e1ld a helyzetet \u00e9s t\u00fal\u00e9l\u0151ket keress. \u00c1m egy ismeretlen katonai l\u00e9tes\u00edtm\u00e9ny v\u00e1ratlan jelenl\u00e9te n\u00e9mileg befoly\u00e1solhatja a terveiteket. <\/p>\n<ul class=\"bb_ul\">\n<li>Egyed\u00fcl\u00e1ll\u00f3 2D-s t\u0171zolt\u00f3 j\u00e1t\u00e9k, a v\u00e1rva v\u00e1rt puszt\u00edt\u00f3 h\u00e1tt\u00e9rz\u00faz\u00e1sokkal, robban\u00f3 falakkal \u00e9s locsol\u00f3berendez\u00e9sekkel.<\/li>\n<li>Sima \u201esignature\u201d ir\u00e1ny\u00edt\u00e1s \u00e9s j\u00e1t\u00e9kmenet att\u00f3l a sr\u00e1ct\u00f3l, aki a Dead Cells-t ir\u00e1ny\u00edtotta.<\/li>\n<li>Egy akci\u00f3\/kalandj\u00e1t\u00e9k, amelyet szeretettel \u00e9s a r\u00e9szletekre val\u00f3 odafigyel\u00e9ssel k\u00e9sz\u00edtettek.<\/li>\n<li>\u00d3vatosan haszn\u00e1lja a t\u0171zolt\u00f3t\u00f6ml\u0151t, hogy a t\u00fczet ellen\u0151rz\u00e9s alatt tartsa, \u00e9s mozogjon a l\u00e9tes\u00edtm\u00e9nyben.<\/li>\n<li>Egy k\u00fcl\u00f6n \u201egyermekj\u00e1t\u00e9km\u00f3d\u201d, amelyet a nagyon fiatal gyerekeknek (kb. 3 \u00e9ves kor felett) terveztek, k\u00fcl\u00f6nleges p\u00e1lyatervez\u00e9ssel, szab\u00e1lyokkal \u00e9s j\u00e1t\u00e9kmenettel&#8230; \u00e9s amelyben t\u0171zolt\u00f3k, helikopterek \u00e9s teheraut\u00f3k is szerepelnek!<\/li>\n<li>Ez\u00fattal nem roguelite\/like\/vania!<\/li>\n<li>Ismerje meg a 16-os k\u00f6zpont \u00e9s az A-\u2588\u2588\u2588\u2588\u2588 igaz t\u00f6rt\u00e9net\u00e9t. Az inform\u00e1ci\u00f3khoz val\u00f3 hozz\u00e1f\u00e9r\u00e9s enged\u00e9lyhez k\u00f6t\u00f6tt lehet \u2588\u2588\u2588\u2588 \u00e9s \u201e\u201d. <\/li>\n<\/ul>\n<p>A Celeste nyomdokain haladva a Nuclear Blaze a neh\u00e9zs\u00e9gi szint finomhangol\u00e1s\u00e1t is k\u00edn\u00e1lja, lehet\u0151v\u00e9 t\u00e9ve a j\u00e1t\u00e9kosok sz\u00e1m\u00e1ra, hogy a szab\u00e1lyok egy r\u00e9sz\u00e9t saj\u00e1t ig\u00e9nyeikhez igaz\u00edts\u00e1k. Nincs k\u00f6nny\u0171 vagy neh\u00e9z m\u00f3d, de az alap\u00e9rtelmezett be\u00e1ll\u00edt\u00e1sok el\u00e9g nagy kih\u00edv\u00e1snak tekinthet\u0151k. <\/p>\n<p>A j\u00e1t\u00e9kosok \u00e9let\u00e9nek megk\u00f6nny\u00edt\u00e9se rendben van, az eg\u00e9sz a sz\u00f3rakoz\u00e1sr\u00f3l sz\u00f3l, \u00fagyhogy nyugodtan m\u00f3dos\u00edtsd a j\u00e1t\u00e9kon bel\u00fcli be\u00e1ll\u00edt\u00e1sokat.<\/p>\n<p>A Nuclear Blaze el\u0151sz\u00f6r a Ludum Dare j\u00e1t\u00e9kdzsemborin jelent meg. 48 \u00f3ra alatt k\u00e9sz\u00fclt el, \u00e9s rengeteg pozit\u00edv visszajelz\u00e9st \u00e9s t\u00e1mogat\u00e1st kapott mindenkit\u0151l \ud83d\ude42<br \/>\nAz els\u0151 sz\u00e1nd\u00e9kom az volt, hogy egy olyan j\u00e1t\u00e9kot hozzak l\u00e9tre, amelyet a 3 \u00e9ves fiam j\u00e1tszhat, aki nagy t\u0171zolt\u00f3rajong\u00f3. Term\u00e9szetesen a j\u00e1t\u00e9k egyre bonyolultabb\u00e1 v\u00e1lt, \u00e9s hamarosan t\u00fal neh\u00e9znek bizonyult sz\u00e1m\u00e1ra: ekkor \u00fagy d\u00f6nt\u00f6ttem, hogy hozz\u00e1adok egy speci\u00e1lis \u201eChild Mode\u201d -ot.  <\/p>\n<p>A Kid Mode egy speci\u00e1lis, fiatal j\u00e1t\u00e9kosok sz\u00e1m\u00e1ra tervezett j\u00e1t\u00e9km\u00f3d, speci\u00e1lis szab\u00e1lyokkal:<\/p>\n<ul class=\"bb_ul\">\n<li>Speci\u00e1lis szintek, hogy k\u00f6nny\u0171 legyen felfedezni,<\/li>\n<li>Nem halhatsz meg,<\/li>\n<li>A v\u00edz v\u00e9gtelen,<\/li>\n<li>A v\u00edz automatikusan c\u00e9lpont,<\/li>\n<li>A vez\u00e9rl\u00e9s egyszer\u0171s\u00edtett.<\/li>\n<li>Helikopterek \u00e9s teheraut\u00f3k minden\u00fctt, mert a gyerekek im\u00e1dj\u00e1k \u0151ket.<\/li>\n<\/ul>\n<div class=\"URplpg\"><strong>Nyelvek<\/strong><\/div>\n<ul>\n<li style=\"list-style-type: none;\">\n<ul class=\"r1iAKt\">\n<li>Angol<\/li>\n<li>Francia<\/li>\n<li>N\u00e9met<\/li>\n<li>Jap\u00e1n<\/li>\n<li>Portug\u00e1l &#8211; Braz\u00edlia<\/li>\n<li>Orosz<\/li>\n<li>Egyszer\u0171s\u00edtett k\u00ednai<\/li>\n<li>Spanyol &#8211; Latin-Amerika<\/li>\n<li>Spanyol &#8211; Spanyolorsz\u00e1g<\/li>\n<li>T\u00f6r\u00f6k<\/li>\n<\/ul>\n<\/li>\n<\/ul>\n<div class=\"URplpg\"><strong>M\u0171k\u00f6dik:<\/strong><\/div>\n<ul>\n<li style=\"list-style-type: none;\">\n<ul class=\"r1iAKt\">\n<li>Windows<\/li>\n<\/ul>\n<\/li>\n<\/ul>\n","protected":false},"excerpt":{"rendered":"<p>Egyed\u00fcl\u00e1ll\u00f3 2D-s t\u0171zolt\u00f3j\u00e1t\u00e9k, a v\u00e1rva v\u00e1rt puszt\u00edt\u00f3 h\u00e1tt\u00e9rz\u00faz\u00e1sokkal, robban\u00f3 falakkal \u00e9s locsol\u00f3berendez\u00e9sekkel.<\/p>\n<p>\ud83c\udf0d Glob\u00e1lis<br \/>\n\u2699\ufe0f Steam<br \/>\n\ud83d\udddd Digit\u00e1lis kulcs<\/p>\n","protected":false},"featured_media":24932,"template":"","meta":{"_acf_changed":false,"site-sidebar-layout":"default","site-content-layout":"default","ast-site-content-layout":"default","site-content-style":"default","site-sidebar-style":"default","ast-global-header-display":"","ast-banner-title-visibility":"","ast-main-header-display":"","ast-hfb-above-header-display":"","ast-hfb-below-header-display":"","ast-hfb-mobile-header-display":"","site-post-title":"","ast-breadcrumbs-content":"","ast-featured-img":"","footer-sml-layout":"","ast-disable-related-posts":"","theme-transparent-header-meta":"default","adv-header-id-meta":"","stick-header-meta":"","header-above-stick-meta":"","header-main-stick-meta":"","header-below-stick-meta":"","astra-migrate-meta-layouts":"default","ast-page-background-enabled":"default","ast-page-background-meta":{"desktop":{"background-color":"var(--ast-global-color-4)","background-image":"","background-repeat":"repeat","background-position":"center center","background-size":"auto","background-attachment":"scroll","background-type":"","background-media":"","overlay-type":"","overlay-color":"","overlay-opacity":"","overlay-gradient":""},"tablet":{"background-color":"","background-image":"","background-repeat":"repeat","background-position":"center center","background-size":"auto","background-attachment":"scroll","background-type":"","background-media":"","overlay-type":"","overlay-color":"","overlay-opacity":"","overlay-gradient":""},"mobile":{"background-color":"","background-image":"","background-repeat":"repeat","background-position":"center center","background-size":"auto","background-attachment":"scroll","background-type":"","background-media":"","overlay-type":"","overlay-color":"","overlay-opacity":"","overlay-gradient":""}},"ast-content-background-meta":{"desktop":{"background-color":"var(--ast-global-color-5)","background-image":"","background-repeat":"repeat","background-position":"center center","background-size":"auto","background-attachment":"scroll","background-type":"","background-media":"","overlay-type":"","overlay-color":"","overlay-opacity":"","overlay-gradient":""},"tablet":{"background-color":"var(--ast-global-color-5)","background-image":"","background-repeat":"repeat","background-position":"center center","background-size":"auto","background-attachment":"scroll","background-type":"","background-media":"","overlay-type":"","overlay-color":"","overlay-opacity":"","overlay-gradient":""},"mobile":{"background-color":"var(--ast-global-color-5)","background-image":"","background-repeat":"repeat","background-position":"center center","background-size":"auto","background-attachment":"scroll","background-type":"","background-media":"","overlay-type":"","overlay-color":"","overlay-opacity":"","overlay-gradient":""}}},"product_brand":[],"product_cat":[371,369,394,365,392,363,378],"product_tag":[542],"class_list":{"0":"post-38372","1":"product","2":"type-product","3":"status-publish","4":"has-post-thumbnail","6":"product_cat-akcio-jatekok","7":"product_cat-csarnokok","8":"product_cat-digitalis-jatekok","9":"product_cat-goz","10":"product_cat-india","11":"product_cat-kaland-jatekok","12":"product_cat-minden-digitalis-jatek","13":"product_tag-pid_04-hu","14":"desktop-align-left","15":"tablet-align-left","16":"mobile-align-left","18":"first","19":"instock","20":"shipping-taxable","21":"purchasable","22":"product-type-simple"},"acf":[],"yoast_head":"<!-- This site is optimized with the Yoast SEO Premium plugin v27.5 (Yoast SEO v27.5) - https:\/\/yoast.com\/product\/yoast-seo-premium-wordpress\/ -->\n<title>Nuclear Blaze - Prismagamers.com<\/title>\n<meta name=\"description\" content=\"Egyed\u00fcl\u00e1ll\u00f3 2D-s t\u0171zolt\u00f3j\u00e1t\u00e9k, a v\u00e1rva v\u00e1rt puszt\u00edt\u00f3 h\u00e1tt\u00e9rz\u00faz\u00e1sokkal, robban\u00f3 falakkal \u00e9s locsol\u00f3berendez\u00e9sekkel. \ud83c\udf0d Glob\u00e1lis \u2699\ufe0f Steam \ud83d\udddd Digit\u00e1lis kulcs\" \/>\n<meta name=\"robots\" content=\"index, follow, max-snippet:-1, max-image-preview:large, max-video-preview:-1\" \/>\n<link rel=\"canonical\" href=\"https:\/\/prismagamers.com\/hu\/produkt\/nuklearis-lang\/\" \/>\n<meta property=\"og:locale\" content=\"hu_HU\" \/>\n<meta property=\"og:type\" content=\"article\" \/>\n<meta property=\"og:title\" content=\"Nuclear Blaze\" \/>\n<meta property=\"og:description\" content=\"Egyed\u00fcl\u00e1ll\u00f3 2D-s t\u0171zolt\u00f3j\u00e1t\u00e9k, a v\u00e1rva v\u00e1rt puszt\u00edt\u00f3 h\u00e1tt\u00e9rz\u00faz\u00e1sokkal, robban\u00f3 falakkal \u00e9s locsol\u00f3berendez\u00e9sekkel. \ud83c\udf0d Glob\u00e1lis \u2699\ufe0f Steam \ud83d\udddd Digit\u00e1lis kulcs\" \/>\n<meta property=\"og:url\" content=\"https:\/\/prismagamers.com\/hu\/produkt\/nuklearis-lang\/\" \/>\n<meta property=\"og:site_name\" content=\"Prismagamers.com\" \/>\n<meta property=\"article:publisher\" content=\"https:\/\/www.facebook.com\/prismagamers\" \/>\n<meta property=\"article:modified_time\" content=\"2026-03-04T23:00:36+00:00\" \/>\n<meta property=\"og:image\" content=\"https:\/\/prismagamers.com\/wp-content\/uploads\/2022\/07\/Nuclear-Blaze-e1718899287514.jpeg\" \/>\n\t<meta property=\"og:image:width\" content=\"325\" \/>\n\t<meta property=\"og:image:height\" content=\"450\" \/>\n\t<meta property=\"og:image:type\" content=\"image\/jpeg\" \/>\n<meta name=\"twitter:card\" content=\"summary_large_image\" \/>\n<meta name=\"twitter:label1\" content=\"Becs\u00fclt olvas\u00e1si id\u0151\" \/>\n\t<meta name=\"twitter:data1\" content=\"3 perc\" \/>\n<script type=\"application\/ld+json\" class=\"yoast-schema-graph\">{\"@context\":\"https:\\\/\\\/schema.org\",\"@graph\":[{\"@type\":\"WebPage\",\"@id\":\"https:\\\/\\\/prismagamers.com\\\/hu\\\/produkt\\\/nuklearis-lang\\\/\",\"url\":\"https:\\\/\\\/prismagamers.com\\\/hu\\\/produkt\\\/nuklearis-lang\\\/\",\"name\":\"Nuclear Blaze - Prismagamers.com\",\"isPartOf\":{\"@id\":\"https:\\\/\\\/prismagamers.com\\\/hu\\\/#website\"},\"primaryImageOfPage\":{\"@id\":\"https:\\\/\\\/prismagamers.com\\\/hu\\\/produkt\\\/nuklearis-lang\\\/#primaryimage\"},\"image\":{\"@id\":\"https:\\\/\\\/prismagamers.com\\\/hu\\\/produkt\\\/nuklearis-lang\\\/#primaryimage\"},\"thumbnailUrl\":\"https:\\\/\\\/prismagamers.com\\\/wp-content\\\/uploads\\\/2022\\\/07\\\/Nuclear-Blaze-e1718899287514.jpeg\",\"datePublished\":\"2022-07-04T14:37:19+00:00\",\"dateModified\":\"2026-03-04T23:00:36+00:00\",\"description\":\"Egyed\u00fcl\u00e1ll\u00f3 2D-s t\u0171zolt\u00f3j\u00e1t\u00e9k, a v\u00e1rva v\u00e1rt puszt\u00edt\u00f3 h\u00e1tt\u00e9rz\u00faz\u00e1sokkal, robban\u00f3 falakkal \u00e9s locsol\u00f3berendez\u00e9sekkel. \ud83c\udf0d Glob\u00e1lis \u2699\ufe0f Steam \ud83d\udddd Digit\u00e1lis kulcs\",\"breadcrumb\":{\"@id\":\"https:\\\/\\\/prismagamers.com\\\/hu\\\/produkt\\\/nuklearis-lang\\\/#breadcrumb\"},\"inLanguage\":\"hu\",\"potentialAction\":[{\"@type\":\"ReadAction\",\"target\":[\"https:\\\/\\\/prismagamers.com\\\/hu\\\/produkt\\\/nuklearis-lang\\\/\"]}]},{\"@type\":\"ImageObject\",\"inLanguage\":\"hu\",\"@id\":\"https:\\\/\\\/prismagamers.com\\\/hu\\\/produkt\\\/nuklearis-lang\\\/#primaryimage\",\"url\":\"https:\\\/\\\/prismagamers.com\\\/wp-content\\\/uploads\\\/2022\\\/07\\\/Nuclear-Blaze-e1718899287514.jpeg\",\"contentUrl\":\"https:\\\/\\\/prismagamers.com\\\/wp-content\\\/uploads\\\/2022\\\/07\\\/Nuclear-Blaze-e1718899287514.jpeg\",\"width\":325,\"height\":450},{\"@type\":\"BreadcrumbList\",\"@id\":\"https:\\\/\\\/prismagamers.com\\\/hu\\\/produkt\\\/nuklearis-lang\\\/#breadcrumb\",\"itemListElement\":[{\"@type\":\"ListItem\",\"position\":1,\"name\":\"Strona g\u0142\u00f3wna\",\"item\":\"https:\\\/\\\/prismagamers.com\\\/hu\\\/prismagamers\\\/\"},{\"@type\":\"ListItem\",\"position\":2,\"name\":\"Shop\",\"item\":\"https:\\\/\\\/prismagamers.com\\\/hu\\\/shop\\\/\"},{\"@type\":\"ListItem\",\"position\":3,\"name\":\"Nuclear Blaze\"}]},{\"@type\":\"WebSite\",\"@id\":\"https:\\\/\\\/prismagamers.com\\\/hu\\\/#website\",\"url\":\"https:\\\/\\\/prismagamers.com\\\/hu\\\/\",\"name\":\"Prismagamers\",\"description\":\"Sklep z grami PC I Sklep klucze Steam\",\"publisher\":{\"@id\":\"https:\\\/\\\/prismagamers.com\\\/hu\\\/#organization\"},\"potentialAction\":[{\"@type\":\"SearchAction\",\"target\":{\"@type\":\"EntryPoint\",\"urlTemplate\":\"https:\\\/\\\/prismagamers.com\\\/hu\\\/?s={search_term_string}\"},\"query-input\":{\"@type\":\"PropertyValueSpecification\",\"valueRequired\":true,\"valueName\":\"search_term_string\"}}],\"inLanguage\":\"hu\"},{\"@type\":\"Organization\",\"@id\":\"https:\\\/\\\/prismagamers.com\\\/hu\\\/#organization\",\"name\":\"Prismagamers\",\"url\":\"https:\\\/\\\/prismagamers.com\\\/hu\\\/\",\"logo\":{\"@type\":\"ImageObject\",\"inLanguage\":\"hu\",\"@id\":\"https:\\\/\\\/prismagamers.com\\\/hu\\\/#\\\/schema\\\/logo\\\/image\\\/\",\"url\":\"https:\\\/\\\/prismagamers.com\\\/wp-content\\\/uploads\\\/2022\\\/04\\\/cropped-logo-Prismagamers-01-scaled-1.jpg\",\"contentUrl\":\"https:\\\/\\\/prismagamers.com\\\/wp-content\\\/uploads\\\/2022\\\/04\\\/cropped-logo-Prismagamers-01-scaled-1.jpg\",\"width\":512,\"height\":512,\"caption\":\"Prismagamers\"},\"image\":{\"@id\":\"https:\\\/\\\/prismagamers.com\\\/hu\\\/#\\\/schema\\\/logo\\\/image\\\/\"},\"sameAs\":[\"https:\\\/\\\/www.facebook.com\\\/prismagamers\",\"https:\\\/\\\/www.instagram.com\\\/prismagamers_grycyfrowe\\\/\"],\"description\":\"Prismagamers.com to dynamiczny sklep z grami cyfrowymi, stworzony z my\u015bl\u0105 o entuzjastach gier wideo. Nasza strona oferuje szerok\u0105 gam\u0119 gier komputerowych, w tym najnowsze tytu\u0142y, dobrze znane klasyki oraz gry stworzone przez niezale\u017cne studia Ca\u0142y czas d\u0105\u017cymy do rozszerzenia naszej oferty. Do\u0142\u0105cz do nas i sta\u0144 si\u0119 cz\u0119\u015bci\u0105 naszej rosn\u0105cej spo\u0142eczno\u015bci graczy!\",\"email\":\"shop@prismagamers.com\",\"telephone\":\"48795541705\",\"legalName\":\"East Caravan Maksym \u017bukow\",\"foundingDate\":\"2012-05-10\",\"vatID\":\"PL8943038612\",\"taxID\":\"PL8943038612\",\"numberOfEmployees\":{\"@type\":\"QuantitativeValue\",\"minValue\":\"11\",\"maxValue\":\"50\"}}]}<\/script>\n<!-- \/ Yoast SEO Premium plugin. -->","yoast_head_json":{"title":"Nuclear Blaze - Prismagamers.com","description":"Egyed\u00fcl\u00e1ll\u00f3 2D-s t\u0171zolt\u00f3j\u00e1t\u00e9k, a v\u00e1rva v\u00e1rt puszt\u00edt\u00f3 h\u00e1tt\u00e9rz\u00faz\u00e1sokkal, robban\u00f3 falakkal \u00e9s locsol\u00f3berendez\u00e9sekkel. \ud83c\udf0d Glob\u00e1lis \u2699\ufe0f Steam \ud83d\udddd Digit\u00e1lis kulcs","robots":{"index":"index","follow":"follow","max-snippet":"max-snippet:-1","max-image-preview":"max-image-preview:large","max-video-preview":"max-video-preview:-1"},"canonical":"https:\/\/prismagamers.com\/hu\/produkt\/nuklearis-lang\/","og_locale":"hu_HU","og_type":"article","og_title":"Nuclear Blaze","og_description":"Egyed\u00fcl\u00e1ll\u00f3 2D-s t\u0171zolt\u00f3j\u00e1t\u00e9k, a v\u00e1rva v\u00e1rt puszt\u00edt\u00f3 h\u00e1tt\u00e9rz\u00faz\u00e1sokkal, robban\u00f3 falakkal \u00e9s locsol\u00f3berendez\u00e9sekkel. \ud83c\udf0d Glob\u00e1lis \u2699\ufe0f Steam \ud83d\udddd Digit\u00e1lis kulcs","og_url":"https:\/\/prismagamers.com\/hu\/produkt\/nuklearis-lang\/","og_site_name":"Prismagamers.com","article_publisher":"https:\/\/www.facebook.com\/prismagamers","article_modified_time":"2026-03-04T23:00:36+00:00","og_image":[{"width":325,"height":450,"url":"https:\/\/prismagamers.com\/wp-content\/uploads\/2022\/07\/Nuclear-Blaze-e1718899287514.jpeg","type":"image\/jpeg"}],"twitter_card":"summary_large_image","twitter_misc":{"Becs\u00fclt olvas\u00e1si id\u0151":"3 perc"},"schema":{"@context":"https:\/\/schema.org","@graph":[{"@type":"WebPage","@id":"https:\/\/prismagamers.com\/hu\/produkt\/nuklearis-lang\/","url":"https:\/\/prismagamers.com\/hu\/produkt\/nuklearis-lang\/","name":"Nuclear Blaze - Prismagamers.com","isPartOf":{"@id":"https:\/\/prismagamers.com\/hu\/#website"},"primaryImageOfPage":{"@id":"https:\/\/prismagamers.com\/hu\/produkt\/nuklearis-lang\/#primaryimage"},"image":{"@id":"https:\/\/prismagamers.com\/hu\/produkt\/nuklearis-lang\/#primaryimage"},"thumbnailUrl":"https:\/\/prismagamers.com\/wp-content\/uploads\/2022\/07\/Nuclear-Blaze-e1718899287514.jpeg","datePublished":"2022-07-04T14:37:19+00:00","dateModified":"2026-03-04T23:00:36+00:00","description":"Egyed\u00fcl\u00e1ll\u00f3 2D-s t\u0171zolt\u00f3j\u00e1t\u00e9k, a v\u00e1rva v\u00e1rt puszt\u00edt\u00f3 h\u00e1tt\u00e9rz\u00faz\u00e1sokkal, robban\u00f3 falakkal \u00e9s locsol\u00f3berendez\u00e9sekkel. \ud83c\udf0d Glob\u00e1lis \u2699\ufe0f Steam \ud83d\udddd Digit\u00e1lis kulcs","breadcrumb":{"@id":"https:\/\/prismagamers.com\/hu\/produkt\/nuklearis-lang\/#breadcrumb"},"inLanguage":"hu","potentialAction":[{"@type":"ReadAction","target":["https:\/\/prismagamers.com\/hu\/produkt\/nuklearis-lang\/"]}]},{"@type":"ImageObject","inLanguage":"hu","@id":"https:\/\/prismagamers.com\/hu\/produkt\/nuklearis-lang\/#primaryimage","url":"https:\/\/prismagamers.com\/wp-content\/uploads\/2022\/07\/Nuclear-Blaze-e1718899287514.jpeg","contentUrl":"https:\/\/prismagamers.com\/wp-content\/uploads\/2022\/07\/Nuclear-Blaze-e1718899287514.jpeg","width":325,"height":450},{"@type":"BreadcrumbList","@id":"https:\/\/prismagamers.com\/hu\/produkt\/nuklearis-lang\/#breadcrumb","itemListElement":[{"@type":"ListItem","position":1,"name":"Strona g\u0142\u00f3wna","item":"https:\/\/prismagamers.com\/hu\/prismagamers\/"},{"@type":"ListItem","position":2,"name":"Shop","item":"https:\/\/prismagamers.com\/hu\/shop\/"},{"@type":"ListItem","position":3,"name":"Nuclear Blaze"}]},{"@type":"WebSite","@id":"https:\/\/prismagamers.com\/hu\/#website","url":"https:\/\/prismagamers.com\/hu\/","name":"Prismagamers","description":"Sklep z grami PC I Sklep klucze Steam","publisher":{"@id":"https:\/\/prismagamers.com\/hu\/#organization"},"potentialAction":[{"@type":"SearchAction","target":{"@type":"EntryPoint","urlTemplate":"https:\/\/prismagamers.com\/hu\/?s={search_term_string}"},"query-input":{"@type":"PropertyValueSpecification","valueRequired":true,"valueName":"search_term_string"}}],"inLanguage":"hu"},{"@type":"Organization","@id":"https:\/\/prismagamers.com\/hu\/#organization","name":"Prismagamers","url":"https:\/\/prismagamers.com\/hu\/","logo":{"@type":"ImageObject","inLanguage":"hu","@id":"https:\/\/prismagamers.com\/hu\/#\/schema\/logo\/image\/","url":"https:\/\/prismagamers.com\/wp-content\/uploads\/2022\/04\/cropped-logo-Prismagamers-01-scaled-1.jpg","contentUrl":"https:\/\/prismagamers.com\/wp-content\/uploads\/2022\/04\/cropped-logo-Prismagamers-01-scaled-1.jpg","width":512,"height":512,"caption":"Prismagamers"},"image":{"@id":"https:\/\/prismagamers.com\/hu\/#\/schema\/logo\/image\/"},"sameAs":["https:\/\/www.facebook.com\/prismagamers","https:\/\/www.instagram.com\/prismagamers_grycyfrowe\/"],"description":"Prismagamers.com to dynamiczny sklep z grami cyfrowymi, stworzony z my\u015bl\u0105 o entuzjastach gier wideo. Nasza strona oferuje szerok\u0105 gam\u0119 gier komputerowych, w tym najnowsze tytu\u0142y, dobrze znane klasyki oraz gry stworzone przez niezale\u017cne studia Ca\u0142y czas d\u0105\u017cymy do rozszerzenia naszej oferty. Do\u0142\u0105cz do nas i sta\u0144 si\u0119 cz\u0119\u015bci\u0105 naszej rosn\u0105cej spo\u0142eczno\u015bci graczy!","email":"shop@prismagamers.com","telephone":"48795541705","legalName":"East Caravan Maksym \u017bukow","foundingDate":"2012-05-10","vatID":"PL8943038612","taxID":"PL8943038612","numberOfEmployees":{"@type":"QuantitativeValue","minValue":"11","maxValue":"50"}}]}},"_links":{"self":[{"href":"https:\/\/prismagamers.com\/hu\/wp-json\/wp\/v2\/product\/38372","targetHints":{"allow":["GET"]}}],"collection":[{"href":"https:\/\/prismagamers.com\/hu\/wp-json\/wp\/v2\/product"}],"about":[{"href":"https:\/\/prismagamers.com\/hu\/wp-json\/wp\/v2\/types\/product"}],"wp:featuredmedia":[{"embeddable":true,"href":"https:\/\/prismagamers.com\/hu\/wp-json\/wp\/v2\/media\/24932"}],"wp:attachment":[{"href":"https:\/\/prismagamers.com\/hu\/wp-json\/wp\/v2\/media?parent=38372"}],"wp:term":[{"taxonomy":"product_brand","embeddable":true,"href":"https:\/\/prismagamers.com\/hu\/wp-json\/wp\/v2\/product_brand?post=38372"},{"taxonomy":"product_cat","embeddable":true,"href":"https:\/\/prismagamers.com\/hu\/wp-json\/wp\/v2\/product_cat?post=38372"},{"taxonomy":"product_tag","embeddable":true,"href":"https:\/\/prismagamers.com\/hu\/wp-json\/wp\/v2\/product_tag?post=38372"}],"curies":[{"name":"wp","href":"https:\/\/api.w.org\/{rel}","templated":true}]}}