{"id":38484,"date":"2023-06-21T23:26:46","date_gmt":"2023-06-21T21:26:46","guid":{"rendered":"https:\/\/prismagamers.com\/produkt\/senki-sem-menti-meg-a-vilagot\/"},"modified":"2026-03-05T00:00:56","modified_gmt":"2026-03-04T23:00:56","slug":"senki-sem-menti-meg-a-vilagot","status":"publish","type":"product","link":"https:\/\/prismagamers.com\/hu\/produkt\/senki-sem-menti-meg-a-vilagot\/","title":{"rendered":"Nobody Saves the World"},"content":{"rendered":"<p>Alakulj \u00e1t sz\u00edntelen senkib\u0151l SLAYER-\u00e9, SPIRIT-\u00e9, DRAGON-\u00e9 \u00e9s m\u00e9g sok m\u00e1ss\u00e1 ebben az innovat\u00edv akci\u00f3-szerepj\u00e1t\u00e9kban a <i>Guacamelee<\/i> alkot\u00f3it\u00f3l <i>!<\/i><\/p>\n<p>V\u00e9gezze el a feladatokat, hogy felfedezze a t\u00f6bb mint 15 k\u00fcl\u00f6nb\u00f6z\u0151 form\u00e1t, \u00e9s k\u00e9pes legyen v\u00e1ltani k\u00f6z\u00f6tt\u00fck. Keverd \u00f6ssze a k\u00e9pess\u00e9geket meglep\u0151 m\u00f3don, hogy m\u00e9g t\u00f6bb kih\u00edv\u00e1st jelent\u0151 k\u00fcldet\u00e9st oldj fel \u00e9s teljes\u00edts. Fedezd fel a hatalmas vil\u00e1got egyed\u00fcl vagy egy bar\u00e1toddal online, tiszt\u00edtsd meg a v\u00e1ltoz\u00f3 dungeonokat a sz\u00f6rnyekt\u0151l \u00e9s pr\u00f3b\u00e1ld meg\u00e1ll\u00edtani a katasztr\u00f3f\u00e1t, hogy megmentsd a vil\u00e1got!  <\/p>\n<h2 class=\"bb_tag\">A j\u00e1t\u00e9k elemei<\/h2>\n<ul class=\"bb_ul\">\n<li><strong>Vegy\u00e9l fel t\u00f6bbf\u00e9le form\u00e1t:<\/strong> oldj fel t\u00f6bb mint 15 k\u00fcl\u00f6nb\u00f6z\u0151 form\u00e1t, a patk\u00e1nyt\u00f3l a gazemberen \u00e1t a robotig &#8211; mindegyik m\u00e1s j\u00e1t\u00e9kmechanik\u00e1val.<\/li>\n<li><strong>Keverd \u00f6ssze a k\u00e9pess\u00e9geket:<\/strong> \u00e1ll\u00edts \u00f6ssze t\u00f6bb mint 80 k\u00fcl\u00f6nb\u00f6z\u0151 form\u00e1j\u00fa k\u00e9pess\u00e9get, hogy er\u0151s karaktereket hozz l\u00e9tre. J\u00e1tssz toj\u00e1ssal, hagyj ny\u00e1lk\u00e1s utat \u00e9s l\u0151j t\u0171zgoly\u00f3kat!!! Senki sem fogja megtiltani neked! <\/li>\n<li><strong>Szokatlan FELADATOK:<\/strong> seg\u00edts a vil\u00e1g bizarr lak\u00f3inak megoldani a probl\u00e9m\u00e1ikat. Minden form\u00e1nak saj\u00e1t feladatsora van, amelyeket a legk\u00fcl\u00f6nb\u00f6z\u0151bb kreat\u00edv m\u00f3don oldhatsz meg. <\/li>\n<li><strong>V\u00e1ltoz\u00f3 dungeonok:<\/strong> min\u00e9l t\u00f6bb hatalmat szerzel, ann\u00e1l nehezebb\u00e9 \u00e9s \u00f6sszetettebb\u00e9 v\u00e1lnak a procedur\u00e1lisan gener\u00e1lt dungeonok.<\/li>\n<li><strong>Kooperat\u00edv j\u00e1t\u00e9k:<\/strong> h\u00edvd meg egy bar\u00e1todat, hogy egy\u00fctt j\u00e1tssz\u00e1tok v\u00e9gig a j\u00e1t\u00e9k egy r\u00e9sz\u00e9t vagy az eg\u00e9szet!<\/li>\n<li><strong>\u00daj j\u00e1t\u00e9k+:<\/strong> teszteld a form\u00e1kat \u00e9s k\u00e9pess\u00e9geket er\u0151sebb ellens\u00e9gek ellen \u00e9s a fel\u00fclvizsg\u00e1lt neh\u00e9zs\u00e9gi m\u00f3dos\u00edt\u00f3kkal rendelkez\u0151 v\u00e1rb\u00f6rt\u00f6n\u00f6kben.<\/li>\n<li><strong>Remek filmzene:<\/strong> a zen\u00e9t az elismert zeneszerz\u0151, Jim Guthrie szerezte.<\/li>\n<\/ul>\n<p>&nbsp;<\/p>\n","protected":false},"excerpt":{"rendered":"<p class=\"ai-optimize-27\">V\u00e1ltozz sz\u00edntelen senkib\u0151l csig\u00e1v\u00e1, szellemm\u00e9 \u00e9s s\u00e1rk\u00e1nny\u00e1 ebben az innovat\u00edv akci\u00f3-szerepj\u00e1t\u00e9kban a Guacamelee alkot\u00f3it\u00f3l! Fedezz fel t\u00f6bb mint 15 k\u00fcl\u00f6nb\u00f6z\u0151 alakot, keverd a k\u00e9pess\u00e9geiket, tiszt\u00edtsd meg a visszat\u00e9r\u0151 dungeonokat \u00e9s&#8230;. &#8230; MENTSD MEG A VIL\u00c1GOT!  <\/p>\n<p class=\"ai-optimize-28\"><img decoding=\"async\" class=\"emoji\" role=\"img\" draggable=\"false\" src=\"https:\/\/s.w.org\/images\/core\/emoji\/14.0.0\/svg\/1f30d.svg\" alt=\"\ud83c\udf0d\">  Global<br \/>\n<img decoding=\"async\" class=\"emoji\" role=\"img\" draggable=\"false\" src=\"https:\/\/s.w.org\/images\/core\/emoji\/14.0.0\/svg\/2699.svg\" alt=\"\u2699\ufe0f\"> Steam<br \/>\n<img decoding=\"async\" class=\"emoji\" role=\"img\" draggable=\"false\" src=\"https:\/\/s.w.org\/images\/core\/emoji\/14.0.0\/svg\/1f5dd.svg\" alt=\"\ud83d\udddd\"> Digit\u00e1lis kulcs<\/p>\n","protected":false},"featured_media":25650,"template":"","meta":{"_acf_changed":false,"site-sidebar-layout":"default","site-content-layout":"default","ast-site-content-layout":"default","site-content-style":"default","site-sidebar-style":"default","ast-global-header-display":"","ast-banner-title-visibility":"","ast-main-header-display":"","ast-hfb-above-header-display":"","ast-hfb-below-header-display":"","ast-hfb-mobile-header-display":"","site-post-title":"","ast-breadcrumbs-content":"","ast-featured-img":"","footer-sml-layout":"","ast-disable-related-posts":"","theme-transparent-header-meta":"default","adv-header-id-meta":"","stick-header-meta":"","header-above-stick-meta":"","header-main-stick-meta":"","header-below-stick-meta":"","astra-migrate-meta-layouts":"default","ast-page-background-enabled":"default","ast-page-background-meta":{"desktop":{"background-color":"var(--ast-global-color-4)","background-image":"","background-repeat":"repeat","background-position":"center center","background-size":"auto","background-attachment":"scroll","background-type":"","background-media":"","overlay-type":"","overlay-color":"","overlay-opacity":"","overlay-gradient":""},"tablet":{"background-color":"","background-image":"","background-repeat":"repeat","background-position":"center center","background-size":"auto","background-attachment":"scroll","background-type":"","background-media":"","overlay-type":"","overlay-color":"","overlay-opacity":"","overlay-gradient":""},"mobile":{"background-color":"","background-image":"","background-repeat":"repeat","background-position":"center center","background-size":"auto","background-attachment":"scroll","background-type":"","background-media":"","overlay-type":"","overlay-color":"","overlay-opacity":"","overlay-gradient":""}},"ast-content-background-meta":{"desktop":{"background-color":"var(--ast-global-color-5)","background-image":"","background-repeat":"repeat","background-position":"center center","background-size":"auto","background-attachment":"scroll","background-type":"","background-media":"","overlay-type":"","overlay-color":"","overlay-opacity":"","overlay-gradient":""},"tablet":{"background-color":"var(--ast-global-color-5)","background-image":"","background-repeat":"repeat","background-position":"center center","background-size":"auto","background-attachment":"scroll","background-type":"","background-media":"","overlay-type":"","overlay-color":"","overlay-opacity":"","overlay-gradient":""},"mobile":{"background-color":"var(--ast-global-color-5)","background-image":"","background-repeat":"repeat","background-position":"center center","background-size":"auto","background-attachment":"scroll","background-type":"","background-media":"","overlay-type":"","overlay-color":"","overlay-opacity":"","overlay-gradient":""}}},"product_brand":[],"product_cat":[371,369,394,573,365,363,378,367,364],"product_tag":[],"class_list":{"0":"post-38484","1":"product","2":"type-product","3":"status-publish","4":"has-post-thumbnail","6":"product_cat-akcio-jatekok","7":"product_cat-csarnokok","8":"product_cat-digitalis-jatekok","9":"product_cat-drinkbox-studios-hu","10":"product_cat-goz","11":"product_cat-kaland-jatekok","12":"product_cat-minden-digitalis-jatek","13":"product_cat-pc-jatekok","14":"product_cat-rpg-k","15":"desktop-align-left","16":"tablet-align-left","17":"mobile-align-left","19":"first","20":"instock","21":"virtual","22":"purchasable","23":"product-type-simple"},"acf":[],"yoast_head":"<!-- This site is optimized with the Yoast SEO Premium plugin v27.4 (Yoast SEO v27.4) - https:\/\/yoast.com\/product\/yoast-seo-premium-wordpress\/ -->\n<title>Nobody Saves the World - Prismagamers.com<\/title>\n<meta name=\"description\" content=\"V\u00e1ltozz sz\u00edntelen senkib\u0151l csig\u00e1v\u00e1, szellemm\u00e9 \u00e9s s\u00e1rk\u00e1nny\u00e1 ebben az innovat\u00edv akci\u00f3-szerepj\u00e1t\u00e9kban a Guacamelee alkot\u00f3it\u00f3l! Fedezz fel t\u00f6bb mint 15 k\u00fcl\u00f6nb\u00f6z\u0151 alakot, keverd a k\u00e9pess\u00e9geiket, tiszt\u00edtsd meg a visszat\u00e9r\u0151 dungeonokat \u00e9s.... ... MENTSD MEG A VIL\u00c1GOT!   Global Steam Digit\u00e1lis kulcs\" \/>\n<meta name=\"robots\" content=\"index, follow, max-snippet:-1, max-image-preview:large, max-video-preview:-1\" \/>\n<link rel=\"canonical\" href=\"https:\/\/prismagamers.com\/hu\/produkt\/senki-sem-menti-meg-a-vilagot\/\" \/>\n<meta property=\"og:locale\" content=\"hu_HU\" \/>\n<meta property=\"og:type\" content=\"article\" \/>\n<meta property=\"og:title\" content=\"Nobody Saves the World\" \/>\n<meta property=\"og:description\" content=\"V\u00e1ltozz sz\u00edntelen senkib\u0151l csig\u00e1v\u00e1, szellemm\u00e9 \u00e9s s\u00e1rk\u00e1nny\u00e1 ebben az innovat\u00edv akci\u00f3-szerepj\u00e1t\u00e9kban a Guacamelee alkot\u00f3it\u00f3l! Fedezz fel t\u00f6bb mint 15 k\u00fcl\u00f6nb\u00f6z\u0151 alakot, keverd a k\u00e9pess\u00e9geiket, tiszt\u00edtsd meg a visszat\u00e9r\u0151 dungeonokat \u00e9s.... ... MENTSD MEG A VIL\u00c1GOT!   Global Steam Digit\u00e1lis kulcs\" \/>\n<meta property=\"og:url\" content=\"https:\/\/prismagamers.com\/hu\/produkt\/senki-sem-menti-meg-a-vilagot\/\" \/>\n<meta property=\"og:site_name\" content=\"Prismagamers.com\" \/>\n<meta property=\"article:publisher\" content=\"https:\/\/www.facebook.com\/prismagamers\" \/>\n<meta property=\"article:modified_time\" content=\"2026-03-04T23:00:56+00:00\" \/>\n<meta property=\"og:image\" content=\"https:\/\/prismagamers.com\/wp-content\/uploads\/2023\/06\/library_600x900_2x-18.jpg\" \/>\n\t<meta property=\"og:image:width\" content=\"600\" \/>\n\t<meta property=\"og:image:height\" content=\"900\" \/>\n\t<meta property=\"og:image:type\" content=\"image\/jpeg\" \/>\n<meta name=\"twitter:card\" content=\"summary_large_image\" \/>\n<meta name=\"twitter:label1\" content=\"Becs\u00fclt olvas\u00e1si id\u0151\" \/>\n\t<meta name=\"twitter:data1\" content=\"2 perc\" \/>\n<script type=\"application\/ld+json\" class=\"yoast-schema-graph\">{\"@context\":\"https:\\\/\\\/schema.org\",\"@graph\":[{\"@type\":\"WebPage\",\"@id\":\"https:\\\/\\\/prismagamers.com\\\/hu\\\/produkt\\\/senki-sem-menti-meg-a-vilagot\\\/\",\"url\":\"https:\\\/\\\/prismagamers.com\\\/hu\\\/produkt\\\/senki-sem-menti-meg-a-vilagot\\\/\",\"name\":\"Nobody Saves the World - Prismagamers.com\",\"isPartOf\":{\"@id\":\"https:\\\/\\\/prismagamers.com\\\/hu\\\/#website\"},\"primaryImageOfPage\":{\"@id\":\"https:\\\/\\\/prismagamers.com\\\/hu\\\/produkt\\\/senki-sem-menti-meg-a-vilagot\\\/#primaryimage\"},\"image\":{\"@id\":\"https:\\\/\\\/prismagamers.com\\\/hu\\\/produkt\\\/senki-sem-menti-meg-a-vilagot\\\/#primaryimage\"},\"thumbnailUrl\":\"https:\\\/\\\/prismagamers.com\\\/wp-content\\\/uploads\\\/2023\\\/06\\\/library_600x900_2x-18.jpg\",\"datePublished\":\"2023-06-21T21:26:46+00:00\",\"dateModified\":\"2026-03-04T23:00:56+00:00\",\"description\":\"V\u00e1ltozz sz\u00edntelen senkib\u0151l csig\u00e1v\u00e1, szellemm\u00e9 \u00e9s s\u00e1rk\u00e1nny\u00e1 ebben az innovat\u00edv akci\u00f3-szerepj\u00e1t\u00e9kban a Guacamelee alkot\u00f3it\u00f3l! Fedezz fel t\u00f6bb mint 15 k\u00fcl\u00f6nb\u00f6z\u0151 alakot, keverd a k\u00e9pess\u00e9geiket, tiszt\u00edtsd meg a visszat\u00e9r\u0151 dungeonokat \u00e9s.... ... MENTSD MEG A VIL\u00c1GOT! Global Steam Digit\u00e1lis kulcs\",\"breadcrumb\":{\"@id\":\"https:\\\/\\\/prismagamers.com\\\/hu\\\/produkt\\\/senki-sem-menti-meg-a-vilagot\\\/#breadcrumb\"},\"inLanguage\":\"hu\",\"potentialAction\":[{\"@type\":\"ReadAction\",\"target\":[\"https:\\\/\\\/prismagamers.com\\\/hu\\\/produkt\\\/senki-sem-menti-meg-a-vilagot\\\/\"]}]},{\"@type\":\"ImageObject\",\"inLanguage\":\"hu\",\"@id\":\"https:\\\/\\\/prismagamers.com\\\/hu\\\/produkt\\\/senki-sem-menti-meg-a-vilagot\\\/#primaryimage\",\"url\":\"https:\\\/\\\/prismagamers.com\\\/wp-content\\\/uploads\\\/2023\\\/06\\\/library_600x900_2x-18.jpg\",\"contentUrl\":\"https:\\\/\\\/prismagamers.com\\\/wp-content\\\/uploads\\\/2023\\\/06\\\/library_600x900_2x-18.jpg\",\"width\":600,\"height\":900},{\"@type\":\"BreadcrumbList\",\"@id\":\"https:\\\/\\\/prismagamers.com\\\/hu\\\/produkt\\\/senki-sem-menti-meg-a-vilagot\\\/#breadcrumb\",\"itemListElement\":[{\"@type\":\"ListItem\",\"position\":1,\"name\":\"Strona g\u0142\u00f3wna\",\"item\":\"https:\\\/\\\/prismagamers.com\\\/hu\\\/prismagamers\\\/\"},{\"@type\":\"ListItem\",\"position\":2,\"name\":\"Shop\",\"item\":\"https:\\\/\\\/prismagamers.com\\\/hu\\\/shop\\\/\"},{\"@type\":\"ListItem\",\"position\":3,\"name\":\"Nobody Saves the World\"}]},{\"@type\":\"WebSite\",\"@id\":\"https:\\\/\\\/prismagamers.com\\\/hu\\\/#website\",\"url\":\"https:\\\/\\\/prismagamers.com\\\/hu\\\/\",\"name\":\"Prismagamers\",\"description\":\"Sklep z grami PC I Sklep klucze Steam\",\"publisher\":{\"@id\":\"https:\\\/\\\/prismagamers.com\\\/hu\\\/#organization\"},\"potentialAction\":[{\"@type\":\"SearchAction\",\"target\":{\"@type\":\"EntryPoint\",\"urlTemplate\":\"https:\\\/\\\/prismagamers.com\\\/hu\\\/?s={search_term_string}\"},\"query-input\":{\"@type\":\"PropertyValueSpecification\",\"valueRequired\":true,\"valueName\":\"search_term_string\"}}],\"inLanguage\":\"hu\"},{\"@type\":\"Organization\",\"@id\":\"https:\\\/\\\/prismagamers.com\\\/hu\\\/#organization\",\"name\":\"Prismagamers\",\"url\":\"https:\\\/\\\/prismagamers.com\\\/hu\\\/\",\"logo\":{\"@type\":\"ImageObject\",\"inLanguage\":\"hu\",\"@id\":\"https:\\\/\\\/prismagamers.com\\\/hu\\\/#\\\/schema\\\/logo\\\/image\\\/\",\"url\":\"https:\\\/\\\/prismagamers.com\\\/wp-content\\\/uploads\\\/2022\\\/04\\\/cropped-logo-Prismagamers-01-scaled-1.jpg\",\"contentUrl\":\"https:\\\/\\\/prismagamers.com\\\/wp-content\\\/uploads\\\/2022\\\/04\\\/cropped-logo-Prismagamers-01-scaled-1.jpg\",\"width\":512,\"height\":512,\"caption\":\"Prismagamers\"},\"image\":{\"@id\":\"https:\\\/\\\/prismagamers.com\\\/hu\\\/#\\\/schema\\\/logo\\\/image\\\/\"},\"sameAs\":[\"https:\\\/\\\/www.facebook.com\\\/prismagamers\",\"https:\\\/\\\/www.instagram.com\\\/prismagamers_grycyfrowe\\\/\"],\"description\":\"Prismagamers.com to dynamiczny sklep z grami cyfrowymi, stworzony z my\u015bl\u0105 o entuzjastach gier wideo. Nasza strona oferuje szerok\u0105 gam\u0119 gier komputerowych, w tym najnowsze tytu\u0142y, dobrze znane klasyki oraz gry stworzone przez niezale\u017cne studia Ca\u0142y czas d\u0105\u017cymy do rozszerzenia naszej oferty. Do\u0142\u0105cz do nas i sta\u0144 si\u0119 cz\u0119\u015bci\u0105 naszej rosn\u0105cej spo\u0142eczno\u015bci graczy!\",\"email\":\"shop@prismagamers.com\",\"telephone\":\"48795541705\",\"legalName\":\"East Caravan Maksym \u017bukow\",\"foundingDate\":\"2012-05-10\",\"vatID\":\"PL8943038612\",\"taxID\":\"PL8943038612\",\"numberOfEmployees\":{\"@type\":\"QuantitativeValue\",\"minValue\":\"11\",\"maxValue\":\"50\"}}]}<\/script>\n<!-- \/ Yoast SEO Premium plugin. -->","yoast_head_json":{"title":"Nobody Saves the World - Prismagamers.com","description":"V\u00e1ltozz sz\u00edntelen senkib\u0151l csig\u00e1v\u00e1, szellemm\u00e9 \u00e9s s\u00e1rk\u00e1nny\u00e1 ebben az innovat\u00edv akci\u00f3-szerepj\u00e1t\u00e9kban a Guacamelee alkot\u00f3it\u00f3l! Fedezz fel t\u00f6bb mint 15 k\u00fcl\u00f6nb\u00f6z\u0151 alakot, keverd a k\u00e9pess\u00e9geiket, tiszt\u00edtsd meg a visszat\u00e9r\u0151 dungeonokat \u00e9s.... ... MENTSD MEG A VIL\u00c1GOT!   Global Steam Digit\u00e1lis kulcs","robots":{"index":"index","follow":"follow","max-snippet":"max-snippet:-1","max-image-preview":"max-image-preview:large","max-video-preview":"max-video-preview:-1"},"canonical":"https:\/\/prismagamers.com\/hu\/produkt\/senki-sem-menti-meg-a-vilagot\/","og_locale":"hu_HU","og_type":"article","og_title":"Nobody Saves the World","og_description":"V\u00e1ltozz sz\u00edntelen senkib\u0151l csig\u00e1v\u00e1, szellemm\u00e9 \u00e9s s\u00e1rk\u00e1nny\u00e1 ebben az innovat\u00edv akci\u00f3-szerepj\u00e1t\u00e9kban a Guacamelee alkot\u00f3it\u00f3l! Fedezz fel t\u00f6bb mint 15 k\u00fcl\u00f6nb\u00f6z\u0151 alakot, keverd a k\u00e9pess\u00e9geiket, tiszt\u00edtsd meg a visszat\u00e9r\u0151 dungeonokat \u00e9s.... ... MENTSD MEG A VIL\u00c1GOT!   Global Steam Digit\u00e1lis kulcs","og_url":"https:\/\/prismagamers.com\/hu\/produkt\/senki-sem-menti-meg-a-vilagot\/","og_site_name":"Prismagamers.com","article_publisher":"https:\/\/www.facebook.com\/prismagamers","article_modified_time":"2026-03-04T23:00:56+00:00","og_image":[{"width":600,"height":900,"url":"https:\/\/prismagamers.com\/wp-content\/uploads\/2023\/06\/library_600x900_2x-18.jpg","type":"image\/jpeg"}],"twitter_card":"summary_large_image","twitter_misc":{"Becs\u00fclt olvas\u00e1si id\u0151":"2 perc"},"schema":{"@context":"https:\/\/schema.org","@graph":[{"@type":"WebPage","@id":"https:\/\/prismagamers.com\/hu\/produkt\/senki-sem-menti-meg-a-vilagot\/","url":"https:\/\/prismagamers.com\/hu\/produkt\/senki-sem-menti-meg-a-vilagot\/","name":"Nobody Saves the World - Prismagamers.com","isPartOf":{"@id":"https:\/\/prismagamers.com\/hu\/#website"},"primaryImageOfPage":{"@id":"https:\/\/prismagamers.com\/hu\/produkt\/senki-sem-menti-meg-a-vilagot\/#primaryimage"},"image":{"@id":"https:\/\/prismagamers.com\/hu\/produkt\/senki-sem-menti-meg-a-vilagot\/#primaryimage"},"thumbnailUrl":"https:\/\/prismagamers.com\/wp-content\/uploads\/2023\/06\/library_600x900_2x-18.jpg","datePublished":"2023-06-21T21:26:46+00:00","dateModified":"2026-03-04T23:00:56+00:00","description":"V\u00e1ltozz sz\u00edntelen senkib\u0151l csig\u00e1v\u00e1, szellemm\u00e9 \u00e9s s\u00e1rk\u00e1nny\u00e1 ebben az innovat\u00edv akci\u00f3-szerepj\u00e1t\u00e9kban a Guacamelee alkot\u00f3it\u00f3l! Fedezz fel t\u00f6bb mint 15 k\u00fcl\u00f6nb\u00f6z\u0151 alakot, keverd a k\u00e9pess\u00e9geiket, tiszt\u00edtsd meg a visszat\u00e9r\u0151 dungeonokat \u00e9s.... ... MENTSD MEG A VIL\u00c1GOT! Global Steam Digit\u00e1lis kulcs","breadcrumb":{"@id":"https:\/\/prismagamers.com\/hu\/produkt\/senki-sem-menti-meg-a-vilagot\/#breadcrumb"},"inLanguage":"hu","potentialAction":[{"@type":"ReadAction","target":["https:\/\/prismagamers.com\/hu\/produkt\/senki-sem-menti-meg-a-vilagot\/"]}]},{"@type":"ImageObject","inLanguage":"hu","@id":"https:\/\/prismagamers.com\/hu\/produkt\/senki-sem-menti-meg-a-vilagot\/#primaryimage","url":"https:\/\/prismagamers.com\/wp-content\/uploads\/2023\/06\/library_600x900_2x-18.jpg","contentUrl":"https:\/\/prismagamers.com\/wp-content\/uploads\/2023\/06\/library_600x900_2x-18.jpg","width":600,"height":900},{"@type":"BreadcrumbList","@id":"https:\/\/prismagamers.com\/hu\/produkt\/senki-sem-menti-meg-a-vilagot\/#breadcrumb","itemListElement":[{"@type":"ListItem","position":1,"name":"Strona g\u0142\u00f3wna","item":"https:\/\/prismagamers.com\/hu\/prismagamers\/"},{"@type":"ListItem","position":2,"name":"Shop","item":"https:\/\/prismagamers.com\/hu\/shop\/"},{"@type":"ListItem","position":3,"name":"Nobody Saves the World"}]},{"@type":"WebSite","@id":"https:\/\/prismagamers.com\/hu\/#website","url":"https:\/\/prismagamers.com\/hu\/","name":"Prismagamers","description":"Sklep z grami PC I Sklep klucze Steam","publisher":{"@id":"https:\/\/prismagamers.com\/hu\/#organization"},"potentialAction":[{"@type":"SearchAction","target":{"@type":"EntryPoint","urlTemplate":"https:\/\/prismagamers.com\/hu\/?s={search_term_string}"},"query-input":{"@type":"PropertyValueSpecification","valueRequired":true,"valueName":"search_term_string"}}],"inLanguage":"hu"},{"@type":"Organization","@id":"https:\/\/prismagamers.com\/hu\/#organization","name":"Prismagamers","url":"https:\/\/prismagamers.com\/hu\/","logo":{"@type":"ImageObject","inLanguage":"hu","@id":"https:\/\/prismagamers.com\/hu\/#\/schema\/logo\/image\/","url":"https:\/\/prismagamers.com\/wp-content\/uploads\/2022\/04\/cropped-logo-Prismagamers-01-scaled-1.jpg","contentUrl":"https:\/\/prismagamers.com\/wp-content\/uploads\/2022\/04\/cropped-logo-Prismagamers-01-scaled-1.jpg","width":512,"height":512,"caption":"Prismagamers"},"image":{"@id":"https:\/\/prismagamers.com\/hu\/#\/schema\/logo\/image\/"},"sameAs":["https:\/\/www.facebook.com\/prismagamers","https:\/\/www.instagram.com\/prismagamers_grycyfrowe\/"],"description":"Prismagamers.com to dynamiczny sklep z grami cyfrowymi, stworzony z my\u015bl\u0105 o entuzjastach gier wideo. Nasza strona oferuje szerok\u0105 gam\u0119 gier komputerowych, w tym najnowsze tytu\u0142y, dobrze znane klasyki oraz gry stworzone przez niezale\u017cne studia Ca\u0142y czas d\u0105\u017cymy do rozszerzenia naszej oferty. Do\u0142\u0105cz do nas i sta\u0144 si\u0119 cz\u0119\u015bci\u0105 naszej rosn\u0105cej spo\u0142eczno\u015bci graczy!","email":"shop@prismagamers.com","telephone":"48795541705","legalName":"East Caravan Maksym \u017bukow","foundingDate":"2012-05-10","vatID":"PL8943038612","taxID":"PL8943038612","numberOfEmployees":{"@type":"QuantitativeValue","minValue":"11","maxValue":"50"}}]}},"_links":{"self":[{"href":"https:\/\/prismagamers.com\/hu\/wp-json\/wp\/v2\/product\/38484","targetHints":{"allow":["GET"]}}],"collection":[{"href":"https:\/\/prismagamers.com\/hu\/wp-json\/wp\/v2\/product"}],"about":[{"href":"https:\/\/prismagamers.com\/hu\/wp-json\/wp\/v2\/types\/product"}],"wp:featuredmedia":[{"embeddable":true,"href":"https:\/\/prismagamers.com\/hu\/wp-json\/wp\/v2\/media\/25650"}],"wp:attachment":[{"href":"https:\/\/prismagamers.com\/hu\/wp-json\/wp\/v2\/media?parent=38484"}],"wp:term":[{"taxonomy":"product_brand","embeddable":true,"href":"https:\/\/prismagamers.com\/hu\/wp-json\/wp\/v2\/product_brand?post=38484"},{"taxonomy":"product_cat","embeddable":true,"href":"https:\/\/prismagamers.com\/hu\/wp-json\/wp\/v2\/product_cat?post=38484"},{"taxonomy":"product_tag","embeddable":true,"href":"https:\/\/prismagamers.com\/hu\/wp-json\/wp\/v2\/product_tag?post=38484"}],"curies":[{"name":"wp","href":"https:\/\/api.w.org\/{rel}","templated":true}]}}