{"id":38485,"date":"2023-06-21T23:33:36","date_gmt":"2023-06-21T21:33:36","guid":{"rendered":"https:\/\/prismagamers.com\/produkt\/senki-sem-menti-meg-a-vilagot-fagyott-tuzhely-dlc\/"},"modified":"2026-03-05T00:00:35","modified_gmt":"2026-03-04T23:00:35","slug":"senki-sem-menti-meg-a-vilagot-fagyott-tuzhely-dlc","status":"publish","type":"product","link":"https:\/\/prismagamers.com\/hu\/produkt\/senki-sem-menti-meg-a-vilagot-fagyott-tuzhely-dlc\/","title":{"rendered":"Nobody Saves the World &#8211; Frozen Hearth"},"content":{"rendered":"<p>Tal\u00e1lkozz \u00faj bar\u00e1tokkal \u00e9s riv\u00e1lisokkal, mik\u00f6zben a Temperingben csetepat\u00e9zol, egy olyan rejtv\u00e9nyekb\u0151l \u00e9s kih\u00edv\u00e1sokb\u00f3l \u00e1ll\u00f3 sorozatban, amely a legmagasabb szint\u0171 \u00fcgyess\u00e9get \u00e9s kreativit\u00e1st k\u00f6veteli meg. Nyisd fel az \u00faj karaktereket Mechanic \u00e9s Bee. Haszn\u00e1ld er\u0151s k\u00e9pess\u00e9geiket, hogy dics\u0151s\u00e9get szerezz \u00e9s megmentsd a vil\u00e1got!  <\/p>\n<h2 class=\"bb_tag\">A j\u00e1t\u00e9k elemei<\/h2>\n<ul class=\"bb_ul\">\n<li><strong>\u00daj ter\u00fclet:<\/strong> fedezz fel egy elfeledett ter\u00fcletet m\u00e9lyen a f\u00f6ldk\u00e9reg alatt, ahol \u00faj bar\u00e1tok \u00e9s ellenfelek v\u00e1rnak r\u00e1d.<\/li>\n<li><strong>\u00daJ K\u00cdV\u00c1NCSIS\u00c1GOK:<\/strong> vegy\u00e9l r\u00e9szt egy sor kih\u00edv\u00e1sban \u00e9s rejtv\u00e9nyben, amelyek c\u00e9lja, hogy maxim\u00e1lisan kihaszn\u00e1ld az \u00f6sszes harci k\u00e9pess\u00e9gedet \u00e9s kreativit\u00e1sodat.<\/li>\n<li><strong>\u00daJ JELLEMZ\u0150K:<\/strong> oldd fel a torony\u00e9p\u00edt\u0151 Mechanikust \u00e9s a kicsi, de hal\u00e1los M\u00e9hecsk\u00e9t. Mindegyiknek megvan a maga feladata \u00e9s k\u00e9pess\u00e9ge. <\/li>\n<li><strong>Co-op:<\/strong> a norm\u00e1l j\u00e1t\u00e9km\u00f3dhoz hasonl\u00f3an a teljes DLC teljes\u00edthet\u0151 helyi vagy online co-op m\u00f3dban.<\/li>\n<li><strong>Minigolf:<\/strong> a pletyk\u00e1k szerint minigolfozni is lehet. Kir\u00e1ly \u00e9lm\u00e9nynek hangzik. <\/li>\n<\/ul>\n<p><strong>A kieg\u00e9sz\u00edt\u0151h\u00f6z a <a href=\"https:\/\/prismagamers.com\/hu\/produkt\/senki-sem-menti-meg-a-vilagot\/\">Nobody Saves the World<\/a> alapverzi\u00f3ja sz\u00fcks\u00e9ges.<\/strong><\/p>\n","protected":false},"excerpt":{"rendered":"<p class=\"ai-optimize-24 ai-optimize-introduction\">Egy elfeledett r\u00e9gi\u00f3ban, m\u00e9lyen a f\u00f6ld alatt harcosok harcolnak a kincsek\u00e9rt \u00e9s a dics\u0151s\u00e9g\u00e9rt. Csak a karakter \u00e9s a testreszab\u00e1s mestere lesz k\u00e9pes arra, hogy a v\u00e9gs\u0151 jutalmat mag\u00e1nak k\u00f6vetelje. Meg tudod csin\u00e1lni?  <\/p>\n<p class=\"ai-optimize-25\"><img decoding=\"async\" class=\"emoji\" role=\"img\" draggable=\"false\" src=\"https:\/\/s.w.org\/images\/core\/emoji\/14.0.0\/svg\/1f30d.svg\" alt=\"\ud83c\udf0d\">  Global<br \/>\n<img decoding=\"async\" class=\"emoji\" role=\"img\" draggable=\"false\" src=\"https:\/\/s.w.org\/images\/core\/emoji\/14.0.0\/svg\/2699.svg\" alt=\"\u2699\ufe0f\"> Steam<br \/>\n<img decoding=\"async\" class=\"emoji\" role=\"img\" draggable=\"false\" src=\"https:\/\/s.w.org\/images\/core\/emoji\/14.0.0\/svg\/1f5dd.svg\" alt=\"\ud83d\udddd\"> Digit\u00e1lis kulcs<\/p>\n","protected":false},"featured_media":25655,"template":"","meta":{"_acf_changed":false,"site-sidebar-layout":"default","site-content-layout":"default","ast-site-content-layout":"default","site-content-style":"default","site-sidebar-style":"default","ast-global-header-display":"","ast-banner-title-visibility":"","ast-main-header-display":"","ast-hfb-above-header-display":"","ast-hfb-below-header-display":"","ast-hfb-mobile-header-display":"","site-post-title":"","ast-breadcrumbs-content":"","ast-featured-img":"","footer-sml-layout":"","ast-disable-related-posts":"","theme-transparent-header-meta":"default","adv-header-id-meta":"","stick-header-meta":"","header-above-stick-meta":"","header-main-stick-meta":"","header-below-stick-meta":"","astra-migrate-meta-layouts":"default","ast-page-background-enabled":"default","ast-page-background-meta":{"desktop":{"background-color":"var(--ast-global-color-4)","background-image":"","background-repeat":"repeat","background-position":"center center","background-size":"auto","background-attachment":"scroll","background-type":"","background-media":"","overlay-type":"","overlay-color":"","overlay-opacity":"","overlay-gradient":""},"tablet":{"background-color":"","background-image":"","background-repeat":"repeat","background-position":"center center","background-size":"auto","background-attachment":"scroll","background-type":"","background-media":"","overlay-type":"","overlay-color":"","overlay-opacity":"","overlay-gradient":""},"mobile":{"background-color":"","background-image":"","background-repeat":"repeat","background-position":"center center","background-size":"auto","background-attachment":"scroll","background-type":"","background-media":"","overlay-type":"","overlay-color":"","overlay-opacity":"","overlay-gradient":""}},"ast-content-background-meta":{"desktop":{"background-color":"var(--ast-global-color-5)","background-image":"","background-repeat":"repeat","background-position":"center center","background-size":"auto","background-attachment":"scroll","background-type":"","background-media":"","overlay-type":"","overlay-color":"","overlay-opacity":"","overlay-gradient":""},"tablet":{"background-color":"var(--ast-global-color-5)","background-image":"","background-repeat":"repeat","background-position":"center center","background-size":"auto","background-attachment":"scroll","background-type":"","background-media":"","overlay-type":"","overlay-color":"","overlay-opacity":"","overlay-gradient":""},"mobile":{"background-color":"var(--ast-global-color-5)","background-image":"","background-repeat":"repeat","background-position":"center center","background-size":"auto","background-attachment":"scroll","background-type":"","background-media":"","overlay-type":"","overlay-color":"","overlay-opacity":"","overlay-gradient":""}}},"product_brand":[],"product_cat":[371,369,394,368,573,365,363,378,367,364],"product_tag":[],"class_list":{"0":"post-38485","1":"product","2":"type-product","3":"status-publish","4":"has-post-thumbnail","6":"product_cat-akcio-jatekok","7":"product_cat-csarnokok","8":"product_cat-digitalis-jatekok","9":"product_cat-dlc-hu","10":"product_cat-drinkbox-studios-hu","11":"product_cat-goz","12":"product_cat-kaland-jatekok","13":"product_cat-minden-digitalis-jatek","14":"product_cat-pc-jatekok","15":"product_cat-rpg-k","16":"desktop-align-left","17":"tablet-align-left","18":"mobile-align-left","20":"first","21":"instock","22":"virtual","23":"purchasable","24":"product-type-simple"},"acf":[],"yoast_head":"<!-- This site is optimized with the Yoast SEO Premium plugin v27.4 (Yoast SEO v27.4) - https:\/\/yoast.com\/product\/yoast-seo-premium-wordpress\/ -->\n<title>Nobody Saves the World - Frozen Hearth - Prismagamers.com<\/title>\n<meta name=\"description\" content=\"Egy elfeledett r\u00e9gi\u00f3ban, m\u00e9lyen a f\u00f6ld alatt harcosok harcolnak a kincsek\u00e9rt \u00e9s a dics\u0151s\u00e9g\u00e9rt. Csak a karakter \u00e9s a testreszab\u00e1s mestere lesz k\u00e9pes arra, hogy a v\u00e9gs\u0151 jutalmat mag\u00e1nak k\u00f6vetelje. Meg tudod csin\u00e1lni?   Global Steam Digit\u00e1lis kulcs\" \/>\n<meta name=\"robots\" content=\"index, follow, max-snippet:-1, max-image-preview:large, max-video-preview:-1\" \/>\n<link rel=\"canonical\" href=\"https:\/\/prismagamers.com\/hu\/produkt\/senki-sem-menti-meg-a-vilagot-fagyott-tuzhely-dlc\/\" \/>\n<meta property=\"og:locale\" content=\"hu_HU\" \/>\n<meta property=\"og:type\" content=\"article\" \/>\n<meta property=\"og:title\" content=\"Nobody Saves the World - Frozen Hearth\" \/>\n<meta property=\"og:description\" content=\"Egy elfeledett r\u00e9gi\u00f3ban, m\u00e9lyen a f\u00f6ld alatt harcosok harcolnak a kincsek\u00e9rt \u00e9s a dics\u0151s\u00e9g\u00e9rt. Csak a karakter \u00e9s a testreszab\u00e1s mestere lesz k\u00e9pes arra, hogy a v\u00e9gs\u0151 jutalmat mag\u00e1nak k\u00f6vetelje. Meg tudod csin\u00e1lni?   Global Steam Digit\u00e1lis kulcs\" \/>\n<meta property=\"og:url\" content=\"https:\/\/prismagamers.com\/hu\/produkt\/senki-sem-menti-meg-a-vilagot-fagyott-tuzhely-dlc\/\" \/>\n<meta property=\"og:site_name\" content=\"Prismagamers.com\" \/>\n<meta property=\"article:publisher\" content=\"https:\/\/www.facebook.com\/prismagamers\" \/>\n<meta property=\"article:modified_time\" content=\"2026-03-04T23:00:35+00:00\" \/>\n<meta property=\"og:image\" content=\"https:\/\/prismagamers.com\/wp-content\/uploads\/2023\/06\/NSTW_DLC1_vertical_capsule.jpg\" \/>\n\t<meta property=\"og:image:width\" content=\"374\" \/>\n\t<meta property=\"og:image:height\" content=\"448\" \/>\n\t<meta property=\"og:image:type\" content=\"image\/jpeg\" \/>\n<meta name=\"twitter:card\" content=\"summary_large_image\" \/>\n<meta name=\"twitter:label1\" content=\"Becs\u00fclt olvas\u00e1si id\u0151\" \/>\n\t<meta name=\"twitter:data1\" content=\"1 perc\" \/>\n<script type=\"application\/ld+json\" class=\"yoast-schema-graph\">{\"@context\":\"https:\\\/\\\/schema.org\",\"@graph\":[{\"@type\":\"WebPage\",\"@id\":\"https:\\\/\\\/prismagamers.com\\\/hu\\\/produkt\\\/senki-sem-menti-meg-a-vilagot-fagyott-tuzhely-dlc\\\/\",\"url\":\"https:\\\/\\\/prismagamers.com\\\/hu\\\/produkt\\\/senki-sem-menti-meg-a-vilagot-fagyott-tuzhely-dlc\\\/\",\"name\":\"Nobody Saves the World - Frozen Hearth - Prismagamers.com\",\"isPartOf\":{\"@id\":\"https:\\\/\\\/prismagamers.com\\\/hu\\\/#website\"},\"primaryImageOfPage\":{\"@id\":\"https:\\\/\\\/prismagamers.com\\\/hu\\\/produkt\\\/senki-sem-menti-meg-a-vilagot-fagyott-tuzhely-dlc\\\/#primaryimage\"},\"image\":{\"@id\":\"https:\\\/\\\/prismagamers.com\\\/hu\\\/produkt\\\/senki-sem-menti-meg-a-vilagot-fagyott-tuzhely-dlc\\\/#primaryimage\"},\"thumbnailUrl\":\"https:\\\/\\\/prismagamers.com\\\/wp-content\\\/uploads\\\/2023\\\/06\\\/NSTW_DLC1_vertical_capsule.jpg\",\"datePublished\":\"2023-06-21T21:33:36+00:00\",\"dateModified\":\"2026-03-04T23:00:35+00:00\",\"description\":\"Egy elfeledett r\u00e9gi\u00f3ban, m\u00e9lyen a f\u00f6ld alatt harcosok harcolnak a kincsek\u00e9rt \u00e9s a dics\u0151s\u00e9g\u00e9rt. Csak a karakter \u00e9s a testreszab\u00e1s mestere lesz k\u00e9pes arra, hogy a v\u00e9gs\u0151 jutalmat mag\u00e1nak k\u00f6vetelje. Meg tudod csin\u00e1lni? Global Steam Digit\u00e1lis kulcs\",\"breadcrumb\":{\"@id\":\"https:\\\/\\\/prismagamers.com\\\/hu\\\/produkt\\\/senki-sem-menti-meg-a-vilagot-fagyott-tuzhely-dlc\\\/#breadcrumb\"},\"inLanguage\":\"hu\",\"potentialAction\":[{\"@type\":\"ReadAction\",\"target\":[\"https:\\\/\\\/prismagamers.com\\\/hu\\\/produkt\\\/senki-sem-menti-meg-a-vilagot-fagyott-tuzhely-dlc\\\/\"]}]},{\"@type\":\"ImageObject\",\"inLanguage\":\"hu\",\"@id\":\"https:\\\/\\\/prismagamers.com\\\/hu\\\/produkt\\\/senki-sem-menti-meg-a-vilagot-fagyott-tuzhely-dlc\\\/#primaryimage\",\"url\":\"https:\\\/\\\/prismagamers.com\\\/wp-content\\\/uploads\\\/2023\\\/06\\\/NSTW_DLC1_vertical_capsule.jpg\",\"contentUrl\":\"https:\\\/\\\/prismagamers.com\\\/wp-content\\\/uploads\\\/2023\\\/06\\\/NSTW_DLC1_vertical_capsule.jpg\",\"width\":374,\"height\":448},{\"@type\":\"BreadcrumbList\",\"@id\":\"https:\\\/\\\/prismagamers.com\\\/hu\\\/produkt\\\/senki-sem-menti-meg-a-vilagot-fagyott-tuzhely-dlc\\\/#breadcrumb\",\"itemListElement\":[{\"@type\":\"ListItem\",\"position\":1,\"name\":\"Strona g\u0142\u00f3wna\",\"item\":\"https:\\\/\\\/prismagamers.com\\\/hu\\\/prismagamers\\\/\"},{\"@type\":\"ListItem\",\"position\":2,\"name\":\"Shop\",\"item\":\"https:\\\/\\\/prismagamers.com\\\/hu\\\/shop\\\/\"},{\"@type\":\"ListItem\",\"position\":3,\"name\":\"Nobody Saves the World &#8211; Frozen Hearth\"}]},{\"@type\":\"WebSite\",\"@id\":\"https:\\\/\\\/prismagamers.com\\\/hu\\\/#website\",\"url\":\"https:\\\/\\\/prismagamers.com\\\/hu\\\/\",\"name\":\"Prismagamers\",\"description\":\"Sklep z grami PC I Sklep klucze Steam\",\"publisher\":{\"@id\":\"https:\\\/\\\/prismagamers.com\\\/hu\\\/#organization\"},\"potentialAction\":[{\"@type\":\"SearchAction\",\"target\":{\"@type\":\"EntryPoint\",\"urlTemplate\":\"https:\\\/\\\/prismagamers.com\\\/hu\\\/?s={search_term_string}\"},\"query-input\":{\"@type\":\"PropertyValueSpecification\",\"valueRequired\":true,\"valueName\":\"search_term_string\"}}],\"inLanguage\":\"hu\"},{\"@type\":\"Organization\",\"@id\":\"https:\\\/\\\/prismagamers.com\\\/hu\\\/#organization\",\"name\":\"Prismagamers\",\"url\":\"https:\\\/\\\/prismagamers.com\\\/hu\\\/\",\"logo\":{\"@type\":\"ImageObject\",\"inLanguage\":\"hu\",\"@id\":\"https:\\\/\\\/prismagamers.com\\\/hu\\\/#\\\/schema\\\/logo\\\/image\\\/\",\"url\":\"https:\\\/\\\/prismagamers.com\\\/wp-content\\\/uploads\\\/2022\\\/04\\\/cropped-logo-Prismagamers-01-scaled-1.jpg\",\"contentUrl\":\"https:\\\/\\\/prismagamers.com\\\/wp-content\\\/uploads\\\/2022\\\/04\\\/cropped-logo-Prismagamers-01-scaled-1.jpg\",\"width\":512,\"height\":512,\"caption\":\"Prismagamers\"},\"image\":{\"@id\":\"https:\\\/\\\/prismagamers.com\\\/hu\\\/#\\\/schema\\\/logo\\\/image\\\/\"},\"sameAs\":[\"https:\\\/\\\/www.facebook.com\\\/prismagamers\",\"https:\\\/\\\/www.instagram.com\\\/prismagamers_grycyfrowe\\\/\"],\"description\":\"Prismagamers.com to dynamiczny sklep z grami cyfrowymi, stworzony z my\u015bl\u0105 o entuzjastach gier wideo. Nasza strona oferuje szerok\u0105 gam\u0119 gier komputerowych, w tym najnowsze tytu\u0142y, dobrze znane klasyki oraz gry stworzone przez niezale\u017cne studia Ca\u0142y czas d\u0105\u017cymy do rozszerzenia naszej oferty. Do\u0142\u0105cz do nas i sta\u0144 si\u0119 cz\u0119\u015bci\u0105 naszej rosn\u0105cej spo\u0142eczno\u015bci graczy!\",\"email\":\"shop@prismagamers.com\",\"telephone\":\"48795541705\",\"legalName\":\"East Caravan Maksym \u017bukow\",\"foundingDate\":\"2012-05-10\",\"vatID\":\"PL8943038612\",\"taxID\":\"PL8943038612\",\"numberOfEmployees\":{\"@type\":\"QuantitativeValue\",\"minValue\":\"11\",\"maxValue\":\"50\"}}]}<\/script>\n<!-- \/ Yoast SEO Premium plugin. -->","yoast_head_json":{"title":"Nobody Saves the World - Frozen Hearth - Prismagamers.com","description":"Egy elfeledett r\u00e9gi\u00f3ban, m\u00e9lyen a f\u00f6ld alatt harcosok harcolnak a kincsek\u00e9rt \u00e9s a dics\u0151s\u00e9g\u00e9rt. Csak a karakter \u00e9s a testreszab\u00e1s mestere lesz k\u00e9pes arra, hogy a v\u00e9gs\u0151 jutalmat mag\u00e1nak k\u00f6vetelje. Meg tudod csin\u00e1lni?   Global Steam Digit\u00e1lis kulcs","robots":{"index":"index","follow":"follow","max-snippet":"max-snippet:-1","max-image-preview":"max-image-preview:large","max-video-preview":"max-video-preview:-1"},"canonical":"https:\/\/prismagamers.com\/hu\/produkt\/senki-sem-menti-meg-a-vilagot-fagyott-tuzhely-dlc\/","og_locale":"hu_HU","og_type":"article","og_title":"Nobody Saves the World - Frozen Hearth","og_description":"Egy elfeledett r\u00e9gi\u00f3ban, m\u00e9lyen a f\u00f6ld alatt harcosok harcolnak a kincsek\u00e9rt \u00e9s a dics\u0151s\u00e9g\u00e9rt. Csak a karakter \u00e9s a testreszab\u00e1s mestere lesz k\u00e9pes arra, hogy a v\u00e9gs\u0151 jutalmat mag\u00e1nak k\u00f6vetelje. Meg tudod csin\u00e1lni?   Global Steam Digit\u00e1lis kulcs","og_url":"https:\/\/prismagamers.com\/hu\/produkt\/senki-sem-menti-meg-a-vilagot-fagyott-tuzhely-dlc\/","og_site_name":"Prismagamers.com","article_publisher":"https:\/\/www.facebook.com\/prismagamers","article_modified_time":"2026-03-04T23:00:35+00:00","og_image":[{"width":374,"height":448,"url":"https:\/\/prismagamers.com\/wp-content\/uploads\/2023\/06\/NSTW_DLC1_vertical_capsule.jpg","type":"image\/jpeg"}],"twitter_card":"summary_large_image","twitter_misc":{"Becs\u00fclt olvas\u00e1si id\u0151":"1 perc"},"schema":{"@context":"https:\/\/schema.org","@graph":[{"@type":"WebPage","@id":"https:\/\/prismagamers.com\/hu\/produkt\/senki-sem-menti-meg-a-vilagot-fagyott-tuzhely-dlc\/","url":"https:\/\/prismagamers.com\/hu\/produkt\/senki-sem-menti-meg-a-vilagot-fagyott-tuzhely-dlc\/","name":"Nobody Saves the World - Frozen Hearth - Prismagamers.com","isPartOf":{"@id":"https:\/\/prismagamers.com\/hu\/#website"},"primaryImageOfPage":{"@id":"https:\/\/prismagamers.com\/hu\/produkt\/senki-sem-menti-meg-a-vilagot-fagyott-tuzhely-dlc\/#primaryimage"},"image":{"@id":"https:\/\/prismagamers.com\/hu\/produkt\/senki-sem-menti-meg-a-vilagot-fagyott-tuzhely-dlc\/#primaryimage"},"thumbnailUrl":"https:\/\/prismagamers.com\/wp-content\/uploads\/2023\/06\/NSTW_DLC1_vertical_capsule.jpg","datePublished":"2023-06-21T21:33:36+00:00","dateModified":"2026-03-04T23:00:35+00:00","description":"Egy elfeledett r\u00e9gi\u00f3ban, m\u00e9lyen a f\u00f6ld alatt harcosok harcolnak a kincsek\u00e9rt \u00e9s a dics\u0151s\u00e9g\u00e9rt. Csak a karakter \u00e9s a testreszab\u00e1s mestere lesz k\u00e9pes arra, hogy a v\u00e9gs\u0151 jutalmat mag\u00e1nak k\u00f6vetelje. Meg tudod csin\u00e1lni? Global Steam Digit\u00e1lis kulcs","breadcrumb":{"@id":"https:\/\/prismagamers.com\/hu\/produkt\/senki-sem-menti-meg-a-vilagot-fagyott-tuzhely-dlc\/#breadcrumb"},"inLanguage":"hu","potentialAction":[{"@type":"ReadAction","target":["https:\/\/prismagamers.com\/hu\/produkt\/senki-sem-menti-meg-a-vilagot-fagyott-tuzhely-dlc\/"]}]},{"@type":"ImageObject","inLanguage":"hu","@id":"https:\/\/prismagamers.com\/hu\/produkt\/senki-sem-menti-meg-a-vilagot-fagyott-tuzhely-dlc\/#primaryimage","url":"https:\/\/prismagamers.com\/wp-content\/uploads\/2023\/06\/NSTW_DLC1_vertical_capsule.jpg","contentUrl":"https:\/\/prismagamers.com\/wp-content\/uploads\/2023\/06\/NSTW_DLC1_vertical_capsule.jpg","width":374,"height":448},{"@type":"BreadcrumbList","@id":"https:\/\/prismagamers.com\/hu\/produkt\/senki-sem-menti-meg-a-vilagot-fagyott-tuzhely-dlc\/#breadcrumb","itemListElement":[{"@type":"ListItem","position":1,"name":"Strona g\u0142\u00f3wna","item":"https:\/\/prismagamers.com\/hu\/prismagamers\/"},{"@type":"ListItem","position":2,"name":"Shop","item":"https:\/\/prismagamers.com\/hu\/shop\/"},{"@type":"ListItem","position":3,"name":"Nobody Saves the World &#8211; Frozen Hearth"}]},{"@type":"WebSite","@id":"https:\/\/prismagamers.com\/hu\/#website","url":"https:\/\/prismagamers.com\/hu\/","name":"Prismagamers","description":"Sklep z grami PC I Sklep klucze Steam","publisher":{"@id":"https:\/\/prismagamers.com\/hu\/#organization"},"potentialAction":[{"@type":"SearchAction","target":{"@type":"EntryPoint","urlTemplate":"https:\/\/prismagamers.com\/hu\/?s={search_term_string}"},"query-input":{"@type":"PropertyValueSpecification","valueRequired":true,"valueName":"search_term_string"}}],"inLanguage":"hu"},{"@type":"Organization","@id":"https:\/\/prismagamers.com\/hu\/#organization","name":"Prismagamers","url":"https:\/\/prismagamers.com\/hu\/","logo":{"@type":"ImageObject","inLanguage":"hu","@id":"https:\/\/prismagamers.com\/hu\/#\/schema\/logo\/image\/","url":"https:\/\/prismagamers.com\/wp-content\/uploads\/2022\/04\/cropped-logo-Prismagamers-01-scaled-1.jpg","contentUrl":"https:\/\/prismagamers.com\/wp-content\/uploads\/2022\/04\/cropped-logo-Prismagamers-01-scaled-1.jpg","width":512,"height":512,"caption":"Prismagamers"},"image":{"@id":"https:\/\/prismagamers.com\/hu\/#\/schema\/logo\/image\/"},"sameAs":["https:\/\/www.facebook.com\/prismagamers","https:\/\/www.instagram.com\/prismagamers_grycyfrowe\/"],"description":"Prismagamers.com to dynamiczny sklep z grami cyfrowymi, stworzony z my\u015bl\u0105 o entuzjastach gier wideo. Nasza strona oferuje szerok\u0105 gam\u0119 gier komputerowych, w tym najnowsze tytu\u0142y, dobrze znane klasyki oraz gry stworzone przez niezale\u017cne studia Ca\u0142y czas d\u0105\u017cymy do rozszerzenia naszej oferty. Do\u0142\u0105cz do nas i sta\u0144 si\u0119 cz\u0119\u015bci\u0105 naszej rosn\u0105cej spo\u0142eczno\u015bci graczy!","email":"shop@prismagamers.com","telephone":"48795541705","legalName":"East Caravan Maksym \u017bukow","foundingDate":"2012-05-10","vatID":"PL8943038612","taxID":"PL8943038612","numberOfEmployees":{"@type":"QuantitativeValue","minValue":"11","maxValue":"50"}}]}},"_links":{"self":[{"href":"https:\/\/prismagamers.com\/hu\/wp-json\/wp\/v2\/product\/38485","targetHints":{"allow":["GET"]}}],"collection":[{"href":"https:\/\/prismagamers.com\/hu\/wp-json\/wp\/v2\/product"}],"about":[{"href":"https:\/\/prismagamers.com\/hu\/wp-json\/wp\/v2\/types\/product"}],"wp:featuredmedia":[{"embeddable":true,"href":"https:\/\/prismagamers.com\/hu\/wp-json\/wp\/v2\/media\/25655"}],"wp:attachment":[{"href":"https:\/\/prismagamers.com\/hu\/wp-json\/wp\/v2\/media?parent=38485"}],"wp:term":[{"taxonomy":"product_brand","embeddable":true,"href":"https:\/\/prismagamers.com\/hu\/wp-json\/wp\/v2\/product_brand?post=38485"},{"taxonomy":"product_cat","embeddable":true,"href":"https:\/\/prismagamers.com\/hu\/wp-json\/wp\/v2\/product_cat?post=38485"},{"taxonomy":"product_tag","embeddable":true,"href":"https:\/\/prismagamers.com\/hu\/wp-json\/wp\/v2\/product_tag?post=38485"}],"curies":[{"name":"wp","href":"https:\/\/api.w.org\/{rel}","templated":true}]}}