{"id":38486,"date":"2023-07-03T15:24:50","date_gmt":"2023-07-03T13:24:50","guid":{"rendered":"https:\/\/prismagamers.com\/produkt\/baleset\/"},"modified":"2026-03-05T00:00:45","modified_gmt":"2026-03-04T23:00:45","slug":"baleset","status":"publish","type":"product","link":"https:\/\/prismagamers.com\/hu\/produkt\/baleset\/","title":{"rendered":"Accident"},"content":{"rendered":"<p>Legy\u00e9l \u00fajs\u00e1g\u00edr\u00f3, aki a r\u00e9gi aut\u00f3balesetek okait vizsg\u00e1lja. Szerezz bizony\u00edt\u00e9kokat \u00e9s rekonstru\u00e1ld az esem\u00e9nyeket, hogy kider\u00edtsd, mi t\u00f6rt\u00e9nt val\u00f3j\u00e1ban. <\/p>\n<p>Ellen\u0151rizze a balesetek \u00e1ldozatainak \u00e1llapot\u00e1t, \u00e9s kezdje meg a ment\u00e9s\u00fcket! L\u00e9legzik m\u00e9g? S\u00falyos s\u00e9r\u00fcl\u00e9seket szenvedtek? Sz\u00e1mos t\u00e9nyez\u0151 fontos a t\u00fal\u00e9l\u00e9s\u00fck szempontj\u00e1b\u00f3l. Adjon els\u0151seg\u00e9lyt, \u00e1ll\u00edtsa el a v\u00e9rz\u00e9st, ellen\u0151rizze a pulzusukat, \u00e9s ha lehets\u00e9ges, helyezze \u0151ket biztons\u00e1gos helyzetbe. Tegyen meg mindent, \u00e9s ne feledje, hogy minden baleset m\u00e1s \u00e9s m\u00e1s!     <\/p>\n<p>Kinek kell el\u0151sz\u00f6r seg\u00edts\u00e9get ny\u00fajtani? Hogyan lehet ezt a legjobban megtenni? Ha nem megfelel\u0151en seg\u00edt, vesz\u00e9lybe sodorhatja az \u00e1ldozatok \u00e9let\u00e9t \u00e9s n\u00e9ha a saj\u00e1tj\u00e1t is. Gondolja \u00e1t alaposan, de ne feledje &#8211; az id\u0151 fogyt\u00e1n van!   <\/p>\n<p>Rossz d\u00f6nt\u00e9st hozt\u00e1l? Nem siker\u00fclt megmenteni az \u00f6sszes \u00e9rintettet? Itt a lehet\u0151s\u00e9g, hogy helyrehozd! Ford\u00edtsd vissza az id\u0151t, \u00e9s pr\u00f3b\u00e1ld meg \u00fajra.   <\/p>\n<p>A ment\u00e9s sor\u00e1n minden m\u00e1sodperc sz\u00e1m\u00edt, \u00e9s nincs id\u0151 kivizsg\u00e1lni, hogy pontosan mi okozta a balesetet. A ment\u00e9si m\u0171velet v\u00e9gezt\u00e9vel azonban nyugodtan elemezheti az eg\u00e9sz katasztr\u00f3f\u00e1t, mindent \u00f6sszerakhat, \u00e9s felt\u00e1rhatja a trag\u00e9dia okait. <\/p>\n<p>Vegyen r\u00e9szt a legk\u00fcl\u00f6nf\u00e9l\u00e9bb ment\u00e9si m\u0171veletekben: az egyszer\u0171 cserbenhagy\u00e1st\u00f3l a s\u00falyos aut\u00f3balesetekig, v\u00e1ltoz\u00f3 helysz\u00edneken, k\u00fcl\u00f6nb\u00f6z\u0151 id\u0151j\u00e1r\u00e1si k\u00f6r\u00fclm\u00e9nyek k\u00f6z\u00f6tt \u00e9s ak\u00e1r k\u00fcl\u00f6nb\u00f6z\u0151 id\u0151pontokban. Szerezzen tapasztalatot, \u00e9s tanulja meg, hogyan seg\u00edthet a balesetek \u00e1ldozatain a val\u00f3 \u00e9letben! <\/p>\n<p>&nbsp;<\/p>\n","protected":false},"excerpt":{"rendered":"<p class=\"ai-optimize-28\">Legy\u00e9l \u00fajs\u00e1g\u00edr\u00f3, aki a r\u00e9gi aut\u00f3balesetek okait vizsg\u00e1lja. Szerezz bizony\u00edt\u00e9kokat \u00e9s rekonstru\u00e1ld az esem\u00e9nyeket, hogy kider\u00edtsd, mi t\u00f6rt\u00e9nt val\u00f3j\u00e1ban. <\/p>\n<p class=\"ai-optimize-29\">\ud83c\udf0d Glob\u00e1lis<br \/>\n\u2699\ufe0f Steam<br \/>\n\ud83d\udddd Digit\u00e1lis kulcs<\/p>\n","protected":false},"featured_media":25693,"template":"","meta":{"_acf_changed":false,"site-sidebar-layout":"default","site-content-layout":"default","ast-site-content-layout":"default","site-content-style":"default","site-sidebar-style":"default","ast-global-header-display":"","ast-banner-title-visibility":"","ast-main-header-display":"","ast-hfb-above-header-display":"","ast-hfb-below-header-display":"","ast-hfb-mobile-header-display":"","site-post-title":"","ast-breadcrumbs-content":"","ast-featured-img":"","footer-sml-layout":"","ast-disable-related-posts":"","theme-transparent-header-meta":"default","adv-header-id-meta":"","stick-header-meta":"","header-above-stick-meta":"","header-main-stick-meta":"","header-below-stick-meta":"","astra-migrate-meta-layouts":"default","ast-page-background-enabled":"default","ast-page-background-meta":{"desktop":{"background-color":"var(--ast-global-color-4)","background-image":"","background-repeat":"repeat","background-position":"center center","background-size":"auto","background-attachment":"scroll","background-type":"","background-media":"","overlay-type":"","overlay-color":"","overlay-opacity":"","overlay-gradient":""},"tablet":{"background-color":"","background-image":"","background-repeat":"repeat","background-position":"center center","background-size":"auto","background-attachment":"scroll","background-type":"","background-media":"","overlay-type":"","overlay-color":"","overlay-opacity":"","overlay-gradient":""},"mobile":{"background-color":"","background-image":"","background-repeat":"repeat","background-position":"center center","background-size":"auto","background-attachment":"scroll","background-type":"","background-media":"","overlay-type":"","overlay-color":"","overlay-opacity":"","overlay-gradient":""}},"ast-content-background-meta":{"desktop":{"background-color":"var(--ast-global-color-5)","background-image":"","background-repeat":"repeat","background-position":"center center","background-size":"auto","background-attachment":"scroll","background-type":"","background-media":"","overlay-type":"","overlay-color":"","overlay-opacity":"","overlay-gradient":""},"tablet":{"background-color":"var(--ast-global-color-5)","background-image":"","background-repeat":"repeat","background-position":"center center","background-size":"auto","background-attachment":"scroll","background-type":"","background-media":"","overlay-type":"","overlay-color":"","overlay-opacity":"","overlay-gradient":""},"mobile":{"background-color":"var(--ast-global-color-5)","background-image":"","background-repeat":"repeat","background-position":"center center","background-size":"auto","background-attachment":"scroll","background-type":"","background-media":"","overlay-type":"","overlay-color":"","overlay-opacity":"","overlay-gradient":""}}},"product_brand":[],"product_cat":[369,394,365,372,574,378],"product_tag":[],"class_list":{"0":"post-38486","1":"product","2":"type-product","3":"status-publish","4":"has-post-thumbnail","6":"product_cat-csarnokok","7":"product_cat-digitalis-jatekok","8":"product_cat-goz","9":"product_cat-jatekok-szimulatorok","10":"product_cat-kettosseg-jatekok","11":"product_cat-minden-digitalis-jatek","12":"desktop-align-left","13":"tablet-align-left","14":"mobile-align-left","16":"first","17":"instock","18":"virtual","19":"purchasable","20":"product-type-simple"},"acf":[],"yoast_head":"<!-- This site is optimized with the Yoast SEO Premium plugin v27.4 (Yoast SEO v27.4) - https:\/\/yoast.com\/product\/yoast-seo-premium-wordpress\/ -->\n<title>Accident - Prismagamers.com<\/title>\n<meta name=\"description\" content=\"Legy\u00e9l \u00fajs\u00e1g\u00edr\u00f3, aki a r\u00e9gi aut\u00f3balesetek okait vizsg\u00e1lja. Szerezz bizony\u00edt\u00e9kokat \u00e9s rekonstru\u00e1ld az esem\u00e9nyeket, hogy kider\u00edtsd, mi t\u00f6rt\u00e9nt val\u00f3j\u00e1ban. \ud83c\udf0d Glob\u00e1lis \u2699\ufe0f Steam \ud83d\udddd Digit\u00e1lis kulcs\" \/>\n<meta name=\"robots\" content=\"index, follow, max-snippet:-1, max-image-preview:large, max-video-preview:-1\" \/>\n<link rel=\"canonical\" href=\"https:\/\/prismagamers.com\/hu\/produkt\/baleset\/\" \/>\n<meta property=\"og:locale\" content=\"hu_HU\" \/>\n<meta property=\"og:type\" content=\"article\" \/>\n<meta property=\"og:title\" content=\"Accident\" \/>\n<meta property=\"og:description\" content=\"Legy\u00e9l \u00fajs\u00e1g\u00edr\u00f3, aki a r\u00e9gi aut\u00f3balesetek okait vizsg\u00e1lja. Szerezz bizony\u00edt\u00e9kokat \u00e9s rekonstru\u00e1ld az esem\u00e9nyeket, hogy kider\u00edtsd, mi t\u00f6rt\u00e9nt val\u00f3j\u00e1ban. \ud83c\udf0d Glob\u00e1lis \u2699\ufe0f Steam \ud83d\udddd Digit\u00e1lis kulcs\" \/>\n<meta property=\"og:url\" content=\"https:\/\/prismagamers.com\/hu\/produkt\/baleset\/\" \/>\n<meta property=\"og:site_name\" content=\"Prismagamers.com\" \/>\n<meta property=\"article:publisher\" content=\"https:\/\/www.facebook.com\/prismagamers\" \/>\n<meta property=\"article:modified_time\" content=\"2026-03-04T23:00:45+00:00\" \/>\n<meta property=\"og:image\" content=\"https:\/\/prismagamers.com\/wp-content\/uploads\/2023\/07\/library_600x900_2x-3-e1714383116228.jpg\" \/>\n\t<meta property=\"og:image:width\" content=\"300\" \/>\n\t<meta property=\"og:image:height\" content=\"450\" \/>\n\t<meta property=\"og:image:type\" content=\"image\/jpeg\" \/>\n<meta name=\"twitter:card\" content=\"summary_large_image\" \/>\n<meta name=\"twitter:label1\" content=\"Becs\u00fclt olvas\u00e1si id\u0151\" \/>\n\t<meta name=\"twitter:data1\" content=\"2 perc\" \/>\n<script type=\"application\/ld+json\" class=\"yoast-schema-graph\">{\"@context\":\"https:\\\/\\\/schema.org\",\"@graph\":[{\"@type\":\"WebPage\",\"@id\":\"https:\\\/\\\/prismagamers.com\\\/hu\\\/produkt\\\/baleset\\\/\",\"url\":\"https:\\\/\\\/prismagamers.com\\\/hu\\\/produkt\\\/baleset\\\/\",\"name\":\"Accident - Prismagamers.com\",\"isPartOf\":{\"@id\":\"https:\\\/\\\/prismagamers.com\\\/hu\\\/#website\"},\"primaryImageOfPage\":{\"@id\":\"https:\\\/\\\/prismagamers.com\\\/hu\\\/produkt\\\/baleset\\\/#primaryimage\"},\"image\":{\"@id\":\"https:\\\/\\\/prismagamers.com\\\/hu\\\/produkt\\\/baleset\\\/#primaryimage\"},\"thumbnailUrl\":\"https:\\\/\\\/prismagamers.com\\\/wp-content\\\/uploads\\\/2023\\\/07\\\/library_600x900_2x-3-e1714383116228.jpg\",\"datePublished\":\"2023-07-03T13:24:50+00:00\",\"dateModified\":\"2026-03-04T23:00:45+00:00\",\"description\":\"Legy\u00e9l \u00fajs\u00e1g\u00edr\u00f3, aki a r\u00e9gi aut\u00f3balesetek okait vizsg\u00e1lja. Szerezz bizony\u00edt\u00e9kokat \u00e9s rekonstru\u00e1ld az esem\u00e9nyeket, hogy kider\u00edtsd, mi t\u00f6rt\u00e9nt val\u00f3j\u00e1ban. \ud83c\udf0d Glob\u00e1lis \u2699\ufe0f Steam \ud83d\udddd Digit\u00e1lis kulcs\",\"breadcrumb\":{\"@id\":\"https:\\\/\\\/prismagamers.com\\\/hu\\\/produkt\\\/baleset\\\/#breadcrumb\"},\"inLanguage\":\"hu\",\"potentialAction\":[{\"@type\":\"ReadAction\",\"target\":[\"https:\\\/\\\/prismagamers.com\\\/hu\\\/produkt\\\/baleset\\\/\"]}]},{\"@type\":\"ImageObject\",\"inLanguage\":\"hu\",\"@id\":\"https:\\\/\\\/prismagamers.com\\\/hu\\\/produkt\\\/baleset\\\/#primaryimage\",\"url\":\"https:\\\/\\\/prismagamers.com\\\/wp-content\\\/uploads\\\/2023\\\/07\\\/library_600x900_2x-3-e1714383116228.jpg\",\"contentUrl\":\"https:\\\/\\\/prismagamers.com\\\/wp-content\\\/uploads\\\/2023\\\/07\\\/library_600x900_2x-3-e1714383116228.jpg\",\"width\":300,\"height\":450},{\"@type\":\"BreadcrumbList\",\"@id\":\"https:\\\/\\\/prismagamers.com\\\/hu\\\/produkt\\\/baleset\\\/#breadcrumb\",\"itemListElement\":[{\"@type\":\"ListItem\",\"position\":1,\"name\":\"Strona g\u0142\u00f3wna\",\"item\":\"https:\\\/\\\/prismagamers.com\\\/hu\\\/prismagamers\\\/\"},{\"@type\":\"ListItem\",\"position\":2,\"name\":\"Shop\",\"item\":\"https:\\\/\\\/prismagamers.com\\\/hu\\\/shop\\\/\"},{\"@type\":\"ListItem\",\"position\":3,\"name\":\"Accident\"}]},{\"@type\":\"WebSite\",\"@id\":\"https:\\\/\\\/prismagamers.com\\\/hu\\\/#website\",\"url\":\"https:\\\/\\\/prismagamers.com\\\/hu\\\/\",\"name\":\"Prismagamers\",\"description\":\"Sklep z grami PC I Sklep klucze Steam\",\"publisher\":{\"@id\":\"https:\\\/\\\/prismagamers.com\\\/hu\\\/#organization\"},\"potentialAction\":[{\"@type\":\"SearchAction\",\"target\":{\"@type\":\"EntryPoint\",\"urlTemplate\":\"https:\\\/\\\/prismagamers.com\\\/hu\\\/?s={search_term_string}\"},\"query-input\":{\"@type\":\"PropertyValueSpecification\",\"valueRequired\":true,\"valueName\":\"search_term_string\"}}],\"inLanguage\":\"hu\"},{\"@type\":\"Organization\",\"@id\":\"https:\\\/\\\/prismagamers.com\\\/hu\\\/#organization\",\"name\":\"Prismagamers\",\"url\":\"https:\\\/\\\/prismagamers.com\\\/hu\\\/\",\"logo\":{\"@type\":\"ImageObject\",\"inLanguage\":\"hu\",\"@id\":\"https:\\\/\\\/prismagamers.com\\\/hu\\\/#\\\/schema\\\/logo\\\/image\\\/\",\"url\":\"https:\\\/\\\/prismagamers.com\\\/wp-content\\\/uploads\\\/2022\\\/04\\\/cropped-logo-Prismagamers-01-scaled-1.jpg\",\"contentUrl\":\"https:\\\/\\\/prismagamers.com\\\/wp-content\\\/uploads\\\/2022\\\/04\\\/cropped-logo-Prismagamers-01-scaled-1.jpg\",\"width\":512,\"height\":512,\"caption\":\"Prismagamers\"},\"image\":{\"@id\":\"https:\\\/\\\/prismagamers.com\\\/hu\\\/#\\\/schema\\\/logo\\\/image\\\/\"},\"sameAs\":[\"https:\\\/\\\/www.facebook.com\\\/prismagamers\",\"https:\\\/\\\/www.instagram.com\\\/prismagamers_grycyfrowe\\\/\"],\"description\":\"Prismagamers.com to dynamiczny sklep z grami cyfrowymi, stworzony z my\u015bl\u0105 o entuzjastach gier wideo. Nasza strona oferuje szerok\u0105 gam\u0119 gier komputerowych, w tym najnowsze tytu\u0142y, dobrze znane klasyki oraz gry stworzone przez niezale\u017cne studia Ca\u0142y czas d\u0105\u017cymy do rozszerzenia naszej oferty. Do\u0142\u0105cz do nas i sta\u0144 si\u0119 cz\u0119\u015bci\u0105 naszej rosn\u0105cej spo\u0142eczno\u015bci graczy!\",\"email\":\"shop@prismagamers.com\",\"telephone\":\"48795541705\",\"legalName\":\"East Caravan Maksym \u017bukow\",\"foundingDate\":\"2012-05-10\",\"vatID\":\"PL8943038612\",\"taxID\":\"PL8943038612\",\"numberOfEmployees\":{\"@type\":\"QuantitativeValue\",\"minValue\":\"11\",\"maxValue\":\"50\"}}]}<\/script>\n<!-- \/ Yoast SEO Premium plugin. -->","yoast_head_json":{"title":"Accident - Prismagamers.com","description":"Legy\u00e9l \u00fajs\u00e1g\u00edr\u00f3, aki a r\u00e9gi aut\u00f3balesetek okait vizsg\u00e1lja. Szerezz bizony\u00edt\u00e9kokat \u00e9s rekonstru\u00e1ld az esem\u00e9nyeket, hogy kider\u00edtsd, mi t\u00f6rt\u00e9nt val\u00f3j\u00e1ban. \ud83c\udf0d Glob\u00e1lis \u2699\ufe0f Steam \ud83d\udddd Digit\u00e1lis kulcs","robots":{"index":"index","follow":"follow","max-snippet":"max-snippet:-1","max-image-preview":"max-image-preview:large","max-video-preview":"max-video-preview:-1"},"canonical":"https:\/\/prismagamers.com\/hu\/produkt\/baleset\/","og_locale":"hu_HU","og_type":"article","og_title":"Accident","og_description":"Legy\u00e9l \u00fajs\u00e1g\u00edr\u00f3, aki a r\u00e9gi aut\u00f3balesetek okait vizsg\u00e1lja. Szerezz bizony\u00edt\u00e9kokat \u00e9s rekonstru\u00e1ld az esem\u00e9nyeket, hogy kider\u00edtsd, mi t\u00f6rt\u00e9nt val\u00f3j\u00e1ban. \ud83c\udf0d Glob\u00e1lis \u2699\ufe0f Steam \ud83d\udddd Digit\u00e1lis kulcs","og_url":"https:\/\/prismagamers.com\/hu\/produkt\/baleset\/","og_site_name":"Prismagamers.com","article_publisher":"https:\/\/www.facebook.com\/prismagamers","article_modified_time":"2026-03-04T23:00:45+00:00","og_image":[{"width":300,"height":450,"url":"https:\/\/prismagamers.com\/wp-content\/uploads\/2023\/07\/library_600x900_2x-3-e1714383116228.jpg","type":"image\/jpeg"}],"twitter_card":"summary_large_image","twitter_misc":{"Becs\u00fclt olvas\u00e1si id\u0151":"2 perc"},"schema":{"@context":"https:\/\/schema.org","@graph":[{"@type":"WebPage","@id":"https:\/\/prismagamers.com\/hu\/produkt\/baleset\/","url":"https:\/\/prismagamers.com\/hu\/produkt\/baleset\/","name":"Accident - Prismagamers.com","isPartOf":{"@id":"https:\/\/prismagamers.com\/hu\/#website"},"primaryImageOfPage":{"@id":"https:\/\/prismagamers.com\/hu\/produkt\/baleset\/#primaryimage"},"image":{"@id":"https:\/\/prismagamers.com\/hu\/produkt\/baleset\/#primaryimage"},"thumbnailUrl":"https:\/\/prismagamers.com\/wp-content\/uploads\/2023\/07\/library_600x900_2x-3-e1714383116228.jpg","datePublished":"2023-07-03T13:24:50+00:00","dateModified":"2026-03-04T23:00:45+00:00","description":"Legy\u00e9l \u00fajs\u00e1g\u00edr\u00f3, aki a r\u00e9gi aut\u00f3balesetek okait vizsg\u00e1lja. Szerezz bizony\u00edt\u00e9kokat \u00e9s rekonstru\u00e1ld az esem\u00e9nyeket, hogy kider\u00edtsd, mi t\u00f6rt\u00e9nt val\u00f3j\u00e1ban. \ud83c\udf0d Glob\u00e1lis \u2699\ufe0f Steam \ud83d\udddd Digit\u00e1lis kulcs","breadcrumb":{"@id":"https:\/\/prismagamers.com\/hu\/produkt\/baleset\/#breadcrumb"},"inLanguage":"hu","potentialAction":[{"@type":"ReadAction","target":["https:\/\/prismagamers.com\/hu\/produkt\/baleset\/"]}]},{"@type":"ImageObject","inLanguage":"hu","@id":"https:\/\/prismagamers.com\/hu\/produkt\/baleset\/#primaryimage","url":"https:\/\/prismagamers.com\/wp-content\/uploads\/2023\/07\/library_600x900_2x-3-e1714383116228.jpg","contentUrl":"https:\/\/prismagamers.com\/wp-content\/uploads\/2023\/07\/library_600x900_2x-3-e1714383116228.jpg","width":300,"height":450},{"@type":"BreadcrumbList","@id":"https:\/\/prismagamers.com\/hu\/produkt\/baleset\/#breadcrumb","itemListElement":[{"@type":"ListItem","position":1,"name":"Strona g\u0142\u00f3wna","item":"https:\/\/prismagamers.com\/hu\/prismagamers\/"},{"@type":"ListItem","position":2,"name":"Shop","item":"https:\/\/prismagamers.com\/hu\/shop\/"},{"@type":"ListItem","position":3,"name":"Accident"}]},{"@type":"WebSite","@id":"https:\/\/prismagamers.com\/hu\/#website","url":"https:\/\/prismagamers.com\/hu\/","name":"Prismagamers","description":"Sklep z grami PC I Sklep klucze Steam","publisher":{"@id":"https:\/\/prismagamers.com\/hu\/#organization"},"potentialAction":[{"@type":"SearchAction","target":{"@type":"EntryPoint","urlTemplate":"https:\/\/prismagamers.com\/hu\/?s={search_term_string}"},"query-input":{"@type":"PropertyValueSpecification","valueRequired":true,"valueName":"search_term_string"}}],"inLanguage":"hu"},{"@type":"Organization","@id":"https:\/\/prismagamers.com\/hu\/#organization","name":"Prismagamers","url":"https:\/\/prismagamers.com\/hu\/","logo":{"@type":"ImageObject","inLanguage":"hu","@id":"https:\/\/prismagamers.com\/hu\/#\/schema\/logo\/image\/","url":"https:\/\/prismagamers.com\/wp-content\/uploads\/2022\/04\/cropped-logo-Prismagamers-01-scaled-1.jpg","contentUrl":"https:\/\/prismagamers.com\/wp-content\/uploads\/2022\/04\/cropped-logo-Prismagamers-01-scaled-1.jpg","width":512,"height":512,"caption":"Prismagamers"},"image":{"@id":"https:\/\/prismagamers.com\/hu\/#\/schema\/logo\/image\/"},"sameAs":["https:\/\/www.facebook.com\/prismagamers","https:\/\/www.instagram.com\/prismagamers_grycyfrowe\/"],"description":"Prismagamers.com to dynamiczny sklep z grami cyfrowymi, stworzony z my\u015bl\u0105 o entuzjastach gier wideo. Nasza strona oferuje szerok\u0105 gam\u0119 gier komputerowych, w tym najnowsze tytu\u0142y, dobrze znane klasyki oraz gry stworzone przez niezale\u017cne studia Ca\u0142y czas d\u0105\u017cymy do rozszerzenia naszej oferty. Do\u0142\u0105cz do nas i sta\u0144 si\u0119 cz\u0119\u015bci\u0105 naszej rosn\u0105cej spo\u0142eczno\u015bci graczy!","email":"shop@prismagamers.com","telephone":"48795541705","legalName":"East Caravan Maksym \u017bukow","foundingDate":"2012-05-10","vatID":"PL8943038612","taxID":"PL8943038612","numberOfEmployees":{"@type":"QuantitativeValue","minValue":"11","maxValue":"50"}}]}},"_links":{"self":[{"href":"https:\/\/prismagamers.com\/hu\/wp-json\/wp\/v2\/product\/38486","targetHints":{"allow":["GET"]}}],"collection":[{"href":"https:\/\/prismagamers.com\/hu\/wp-json\/wp\/v2\/product"}],"about":[{"href":"https:\/\/prismagamers.com\/hu\/wp-json\/wp\/v2\/types\/product"}],"wp:featuredmedia":[{"embeddable":true,"href":"https:\/\/prismagamers.com\/hu\/wp-json\/wp\/v2\/media\/25693"}],"wp:attachment":[{"href":"https:\/\/prismagamers.com\/hu\/wp-json\/wp\/v2\/media?parent=38486"}],"wp:term":[{"taxonomy":"product_brand","embeddable":true,"href":"https:\/\/prismagamers.com\/hu\/wp-json\/wp\/v2\/product_brand?post=38486"},{"taxonomy":"product_cat","embeddable":true,"href":"https:\/\/prismagamers.com\/hu\/wp-json\/wp\/v2\/product_cat?post=38486"},{"taxonomy":"product_tag","embeddable":true,"href":"https:\/\/prismagamers.com\/hu\/wp-json\/wp\/v2\/product_tag?post=38486"}],"curies":[{"name":"wp","href":"https:\/\/api.w.org\/{rel}","templated":true}]}}