{"id":38487,"date":"2023-07-03T15:14:01","date_gmt":"2023-07-03T13:14:01","guid":{"rendered":"https:\/\/prismagamers.com\/produkt\/a-holnap-mesei-kiserlet\/"},"modified":"2026-01-02T00:36:07","modified_gmt":"2026-01-01T23:36:07","slug":"a-holnap-mesei-kiserlet","status":"publish","type":"product","link":"https:\/\/prismagamers.com\/hu\/produkt\/a-holnap-mesei-kiserlet\/","title":{"rendered":"Tales of Tomorrow: Experiment"},"content":{"rendered":"<p><strong>A ToT: Experiment<\/strong> egy sci-fi j\u00e1t\u00e9k, amely egy t\u00e1voli \u0171rhaj\u00f3n j\u00e1tsz\u00f3d\u00f3 t\u00f6rt\u00e9netet mes\u00e9l el. F\u0151h\u0151s\u00fcnknek, akinek nincsenek eml\u00e9kei vagy eml\u00e9kei a m\u00faltr\u00f3l, az a feladata, hogy a haj\u00f3 mesters\u00e9ges intelligenci\u00e1ja, az EVE \u00e1ltal meghat\u00e1rozott napi feladatokat teljes\u00edtse, hogy a haj\u00f3 j\u00f3 \u00e1llapotban maradjon. Ha teljes\u00edti a feladatokat, jutalmul pihen\u0151id\u0151t, extra \u00e9tkez\u00e9st vagy jobb \u00e9letk\u00f6r\u00fclm\u00e9nyeket kap. Ha nem &#8211; ennek megfelel\u0151en b\u00fcntet\u00e9st kap.   <\/p>\n<p>Felfedezed az igazs\u00e1got a haj\u00f3 \u00e9s az azt ir\u00e1ny\u00edt\u00f3 er\u0151k m\u00f6g\u00f6tt?<\/p>\n<p>Hol h\u00fazza meg a hat\u00e1rt?<\/p>\n<p>\u00c9rett t\u00f6rt\u00e9net egy r\u00f6vid szerepj\u00e1t\u00e9k form\u00e1j\u00e1ban (2-3 \u00f3ra j\u00e1t\u00e9kid\u0151) Magas fok\u00fa \u00fajraj\u00e1tszhat\u00f3s\u00e1g (a t\u00e9rk\u00e9p \u00e9s a kulcselemek v\u00e9letlenszer\u0171 be\u00e1ll\u00edt\u00e1sa minden egyes j\u00e1t\u00e9kind\u00edt\u00e1skor) Retro sci-fi t\u00e9m\u00e1j\u00fa, a pszichol\u00f3giai horrorra helyezett hangs\u00falyt, amelyet olyan filmek ihlettek, mint a <em>2001: A Space Odyssey<\/em>, a <em>Cube<\/em>, <em>a The Moon<\/em> vagy olyan j\u00e1t\u00e9kok, mint a <em>Slenderman<\/em> AAA min\u0151s\u00e9g\u0171 grafika.<\/p>\n","protected":false},"excerpt":{"rendered":"<p class=\"ai-optimize-28\"><strong>A ToT: Experiment<\/strong> egy sci-fi j\u00e1t\u00e9k, amely egy r\u00f6vid t\u00f6rt\u00e9netet mes\u00e9l el, \u00e9s egy t\u00e1voli \u0171rhaj\u00f3n j\u00e1tsz\u00f3dik. F\u0151h\u0151s\u00fcnk, akinek nincsenek eml\u00e9kei a m\u00faltj\u00e1r\u00f3l, a haj\u00f3 mesters\u00e9ges intelligenci\u00e1ja, az AR.I.A. \u00e1ltal meghat\u00e1rozott napi feladatokkal van megb\u00edzva, hogy a haj\u00f3t j\u00f3 \u00e1llapotban tartsa. <\/p>\n<p class=\"ai-optimize-29\">\ud83c\udf0d Glob\u00e1lis<br \/>\n\u2699\ufe0f Steam<br \/>\n\ud83d\udddd Digit\u00e1lis kulcs<\/p>\n","protected":false},"featured_media":25688,"template":"","meta":{"_acf_changed":false,"site-sidebar-layout":"default","site-content-layout":"default","ast-site-content-layout":"default","site-content-style":"default","site-sidebar-style":"default","ast-global-header-display":"","ast-banner-title-visibility":"","ast-main-header-display":"","ast-hfb-above-header-display":"","ast-hfb-below-header-display":"","ast-hfb-mobile-header-display":"","site-post-title":"","ast-breadcrumbs-content":"","ast-featured-img":"","footer-sml-layout":"","ast-disable-related-posts":"","theme-transparent-header-meta":"default","adv-header-id-meta":"","stick-header-meta":"","header-above-stick-meta":"","header-main-stick-meta":"","header-below-stick-meta":"","astra-migrate-meta-layouts":"default","ast-page-background-enabled":"default","ast-page-background-meta":{"desktop":{"background-color":"var(--ast-global-color-4)","background-image":"","background-repeat":"repeat","background-position":"center center","background-size":"auto","background-attachment":"scroll","background-type":"","background-media":"","overlay-type":"","overlay-color":"","overlay-opacity":"","overlay-gradient":""},"tablet":{"background-color":"","background-image":"","background-repeat":"repeat","background-position":"center center","background-size":"auto","background-attachment":"scroll","background-type":"","background-media":"","overlay-type":"","overlay-color":"","overlay-opacity":"","overlay-gradient":""},"mobile":{"background-color":"","background-image":"","background-repeat":"repeat","background-position":"center center","background-size":"auto","background-attachment":"scroll","background-type":"","background-media":"","overlay-type":"","overlay-color":"","overlay-opacity":"","overlay-gradient":""}},"ast-content-background-meta":{"desktop":{"background-color":"var(--ast-global-color-5)","background-image":"","background-repeat":"repeat","background-position":"center center","background-size":"auto","background-attachment":"scroll","background-type":"","background-media":"","overlay-type":"","overlay-color":"","overlay-opacity":"","overlay-gradient":""},"tablet":{"background-color":"var(--ast-global-color-5)","background-image":"","background-repeat":"repeat","background-position":"center center","background-size":"auto","background-attachment":"scroll","background-type":"","background-media":"","overlay-type":"","overlay-color":"","overlay-opacity":"","overlay-gradient":""},"mobile":{"background-color":"var(--ast-global-color-5)","background-image":"","background-repeat":"repeat","background-position":"center center","background-size":"auto","background-attachment":"scroll","background-type":"","background-media":"","overlay-type":"","overlay-color":"","overlay-opacity":"","overlay-gradient":""}}},"product_brand":[],"product_cat":[365,372,363,574,378],"product_tag":[],"class_list":{"0":"post-38487","1":"product","2":"type-product","3":"status-publish","4":"has-post-thumbnail","6":"product_cat-goz","7":"product_cat-jatekok-szimulatorok","8":"product_cat-kaland-jatekok","9":"product_cat-kettosseg-jatekok","10":"product_cat-minden-digitalis-jatek","11":"desktop-align-left","12":"tablet-align-left","13":"mobile-align-left","15":"first","16":"instock","17":"shipping-taxable","18":"purchasable","19":"product-type-simple"},"acf":[],"yoast_head":"<!-- This site is optimized with the Yoast SEO Premium plugin v27.4 (Yoast SEO v27.4) - https:\/\/yoast.com\/product\/yoast-seo-premium-wordpress\/ -->\n<title>Tales of Tomorrow: Experiment - Prismagamers.com<\/title>\n<meta name=\"description\" content=\"A ToT: Experiment egy sci-fi j\u00e1t\u00e9k, amely egy r\u00f6vid t\u00f6rt\u00e9netet mes\u00e9l el, \u00e9s egy t\u00e1voli \u0171rhaj\u00f3n j\u00e1tsz\u00f3dik. F\u0151h\u0151s\u00fcnk, akinek nincsenek eml\u00e9kei a m\u00faltj\u00e1r\u00f3l, a haj\u00f3 mesters\u00e9ges intelligenci\u00e1ja, az AR.I.A. \u00e1ltal meghat\u00e1rozott napi feladatokkal van megb\u00edzva, hogy a haj\u00f3t j\u00f3 \u00e1llapotban tartsa. \ud83c\udf0d Glob\u00e1lis \u2699\ufe0f Steam \ud83d\udddd Digit\u00e1lis kulcs\" \/>\n<meta name=\"robots\" content=\"index, follow, max-snippet:-1, max-image-preview:large, max-video-preview:-1\" \/>\n<link rel=\"canonical\" href=\"https:\/\/prismagamers.com\/hu\/produkt\/a-holnap-mesei-kiserlet\/\" \/>\n<meta property=\"og:locale\" content=\"hu_HU\" \/>\n<meta property=\"og:type\" content=\"article\" \/>\n<meta property=\"og:title\" content=\"Tales of Tomorrow: Experiment\" \/>\n<meta property=\"og:description\" content=\"A ToT: Experiment egy sci-fi j\u00e1t\u00e9k, amely egy r\u00f6vid t\u00f6rt\u00e9netet mes\u00e9l el, \u00e9s egy t\u00e1voli \u0171rhaj\u00f3n j\u00e1tsz\u00f3dik. F\u0151h\u0151s\u00fcnk, akinek nincsenek eml\u00e9kei a m\u00faltj\u00e1r\u00f3l, a haj\u00f3 mesters\u00e9ges intelligenci\u00e1ja, az AR.I.A. \u00e1ltal meghat\u00e1rozott napi feladatokkal van megb\u00edzva, hogy a haj\u00f3t j\u00f3 \u00e1llapotban tartsa. \ud83c\udf0d Glob\u00e1lis \u2699\ufe0f Steam \ud83d\udddd Digit\u00e1lis kulcs\" \/>\n<meta property=\"og:url\" content=\"https:\/\/prismagamers.com\/hu\/produkt\/a-holnap-mesei-kiserlet\/\" \/>\n<meta property=\"og:site_name\" content=\"Prismagamers.com\" \/>\n<meta property=\"article:publisher\" content=\"https:\/\/www.facebook.com\/prismagamers\" \/>\n<meta property=\"article:modified_time\" content=\"2026-01-01T23:36:07+00:00\" \/>\n<meta property=\"og:image\" content=\"https:\/\/prismagamers.com\/wp-content\/uploads\/2023\/07\/library_600x900_2x-2.jpg\" \/>\n\t<meta property=\"og:image:width\" content=\"600\" \/>\n\t<meta property=\"og:image:height\" content=\"900\" \/>\n\t<meta property=\"og:image:type\" content=\"image\/jpeg\" \/>\n<meta name=\"twitter:card\" content=\"summary_large_image\" \/>\n<meta name=\"twitter:label1\" content=\"Becs\u00fclt olvas\u00e1si id\u0151\" \/>\n\t<meta name=\"twitter:data1\" content=\"1 perc\" \/>\n<script type=\"application\/ld+json\" class=\"yoast-schema-graph\">{\"@context\":\"https:\\\/\\\/schema.org\",\"@graph\":[{\"@type\":\"WebPage\",\"@id\":\"https:\\\/\\\/prismagamers.com\\\/hu\\\/produkt\\\/a-holnap-mesei-kiserlet\\\/\",\"url\":\"https:\\\/\\\/prismagamers.com\\\/hu\\\/produkt\\\/a-holnap-mesei-kiserlet\\\/\",\"name\":\"Tales of Tomorrow: Experiment - Prismagamers.com\",\"isPartOf\":{\"@id\":\"https:\\\/\\\/prismagamers.com\\\/hu\\\/#website\"},\"primaryImageOfPage\":{\"@id\":\"https:\\\/\\\/prismagamers.com\\\/hu\\\/produkt\\\/a-holnap-mesei-kiserlet\\\/#primaryimage\"},\"image\":{\"@id\":\"https:\\\/\\\/prismagamers.com\\\/hu\\\/produkt\\\/a-holnap-mesei-kiserlet\\\/#primaryimage\"},\"thumbnailUrl\":\"https:\\\/\\\/prismagamers.com\\\/wp-content\\\/uploads\\\/2023\\\/07\\\/library_600x900_2x-2.jpg\",\"datePublished\":\"2023-07-03T13:14:01+00:00\",\"dateModified\":\"2026-01-01T23:36:07+00:00\",\"description\":\"A ToT: Experiment egy sci-fi j\u00e1t\u00e9k, amely egy r\u00f6vid t\u00f6rt\u00e9netet mes\u00e9l el, \u00e9s egy t\u00e1voli \u0171rhaj\u00f3n j\u00e1tsz\u00f3dik. F\u0151h\u0151s\u00fcnk, akinek nincsenek eml\u00e9kei a m\u00faltj\u00e1r\u00f3l, a haj\u00f3 mesters\u00e9ges intelligenci\u00e1ja, az AR.I.A. \u00e1ltal meghat\u00e1rozott napi feladatokkal van megb\u00edzva, hogy a haj\u00f3t j\u00f3 \u00e1llapotban tartsa. \ud83c\udf0d Glob\u00e1lis \u2699\ufe0f Steam \ud83d\udddd Digit\u00e1lis kulcs\",\"breadcrumb\":{\"@id\":\"https:\\\/\\\/prismagamers.com\\\/hu\\\/produkt\\\/a-holnap-mesei-kiserlet\\\/#breadcrumb\"},\"inLanguage\":\"hu\",\"potentialAction\":[{\"@type\":\"ReadAction\",\"target\":[\"https:\\\/\\\/prismagamers.com\\\/hu\\\/produkt\\\/a-holnap-mesei-kiserlet\\\/\"]}]},{\"@type\":\"ImageObject\",\"inLanguage\":\"hu\",\"@id\":\"https:\\\/\\\/prismagamers.com\\\/hu\\\/produkt\\\/a-holnap-mesei-kiserlet\\\/#primaryimage\",\"url\":\"https:\\\/\\\/prismagamers.com\\\/wp-content\\\/uploads\\\/2023\\\/07\\\/library_600x900_2x-2.jpg\",\"contentUrl\":\"https:\\\/\\\/prismagamers.com\\\/wp-content\\\/uploads\\\/2023\\\/07\\\/library_600x900_2x-2.jpg\",\"width\":600,\"height\":900},{\"@type\":\"BreadcrumbList\",\"@id\":\"https:\\\/\\\/prismagamers.com\\\/hu\\\/produkt\\\/a-holnap-mesei-kiserlet\\\/#breadcrumb\",\"itemListElement\":[{\"@type\":\"ListItem\",\"position\":1,\"name\":\"Strona g\u0142\u00f3wna\",\"item\":\"https:\\\/\\\/prismagamers.com\\\/hu\\\/prismagamers\\\/\"},{\"@type\":\"ListItem\",\"position\":2,\"name\":\"Shop\",\"item\":\"https:\\\/\\\/prismagamers.com\\\/hu\\\/shop\\\/\"},{\"@type\":\"ListItem\",\"position\":3,\"name\":\"Tales of Tomorrow: Experiment\"}]},{\"@type\":\"WebSite\",\"@id\":\"https:\\\/\\\/prismagamers.com\\\/hu\\\/#website\",\"url\":\"https:\\\/\\\/prismagamers.com\\\/hu\\\/\",\"name\":\"Prismagamers\",\"description\":\"Sklep z grami PC I Sklep klucze Steam\",\"publisher\":{\"@id\":\"https:\\\/\\\/prismagamers.com\\\/hu\\\/#organization\"},\"potentialAction\":[{\"@type\":\"SearchAction\",\"target\":{\"@type\":\"EntryPoint\",\"urlTemplate\":\"https:\\\/\\\/prismagamers.com\\\/hu\\\/?s={search_term_string}\"},\"query-input\":{\"@type\":\"PropertyValueSpecification\",\"valueRequired\":true,\"valueName\":\"search_term_string\"}}],\"inLanguage\":\"hu\"},{\"@type\":\"Organization\",\"@id\":\"https:\\\/\\\/prismagamers.com\\\/hu\\\/#organization\",\"name\":\"Prismagamers\",\"url\":\"https:\\\/\\\/prismagamers.com\\\/hu\\\/\",\"logo\":{\"@type\":\"ImageObject\",\"inLanguage\":\"hu\",\"@id\":\"https:\\\/\\\/prismagamers.com\\\/hu\\\/#\\\/schema\\\/logo\\\/image\\\/\",\"url\":\"https:\\\/\\\/prismagamers.com\\\/wp-content\\\/uploads\\\/2022\\\/04\\\/cropped-logo-Prismagamers-01-scaled-1.jpg\",\"contentUrl\":\"https:\\\/\\\/prismagamers.com\\\/wp-content\\\/uploads\\\/2022\\\/04\\\/cropped-logo-Prismagamers-01-scaled-1.jpg\",\"width\":512,\"height\":512,\"caption\":\"Prismagamers\"},\"image\":{\"@id\":\"https:\\\/\\\/prismagamers.com\\\/hu\\\/#\\\/schema\\\/logo\\\/image\\\/\"},\"sameAs\":[\"https:\\\/\\\/www.facebook.com\\\/prismagamers\",\"https:\\\/\\\/www.instagram.com\\\/prismagamers_grycyfrowe\\\/\"],\"description\":\"Prismagamers.com to dynamiczny sklep z grami cyfrowymi, stworzony z my\u015bl\u0105 o entuzjastach gier wideo. Nasza strona oferuje szerok\u0105 gam\u0119 gier komputerowych, w tym najnowsze tytu\u0142y, dobrze znane klasyki oraz gry stworzone przez niezale\u017cne studia Ca\u0142y czas d\u0105\u017cymy do rozszerzenia naszej oferty. Do\u0142\u0105cz do nas i sta\u0144 si\u0119 cz\u0119\u015bci\u0105 naszej rosn\u0105cej spo\u0142eczno\u015bci graczy!\",\"email\":\"shop@prismagamers.com\",\"telephone\":\"48795541705\",\"legalName\":\"East Caravan Maksym \u017bukow\",\"foundingDate\":\"2012-05-10\",\"vatID\":\"PL8943038612\",\"taxID\":\"PL8943038612\",\"numberOfEmployees\":{\"@type\":\"QuantitativeValue\",\"minValue\":\"11\",\"maxValue\":\"50\"}}]}<\/script>\n<!-- \/ Yoast SEO Premium plugin. -->","yoast_head_json":{"title":"Tales of Tomorrow: Experiment - Prismagamers.com","description":"A ToT: Experiment egy sci-fi j\u00e1t\u00e9k, amely egy r\u00f6vid t\u00f6rt\u00e9netet mes\u00e9l el, \u00e9s egy t\u00e1voli \u0171rhaj\u00f3n j\u00e1tsz\u00f3dik. F\u0151h\u0151s\u00fcnk, akinek nincsenek eml\u00e9kei a m\u00faltj\u00e1r\u00f3l, a haj\u00f3 mesters\u00e9ges intelligenci\u00e1ja, az AR.I.A. \u00e1ltal meghat\u00e1rozott napi feladatokkal van megb\u00edzva, hogy a haj\u00f3t j\u00f3 \u00e1llapotban tartsa. \ud83c\udf0d Glob\u00e1lis \u2699\ufe0f Steam \ud83d\udddd Digit\u00e1lis kulcs","robots":{"index":"index","follow":"follow","max-snippet":"max-snippet:-1","max-image-preview":"max-image-preview:large","max-video-preview":"max-video-preview:-1"},"canonical":"https:\/\/prismagamers.com\/hu\/produkt\/a-holnap-mesei-kiserlet\/","og_locale":"hu_HU","og_type":"article","og_title":"Tales of Tomorrow: Experiment","og_description":"A ToT: Experiment egy sci-fi j\u00e1t\u00e9k, amely egy r\u00f6vid t\u00f6rt\u00e9netet mes\u00e9l el, \u00e9s egy t\u00e1voli \u0171rhaj\u00f3n j\u00e1tsz\u00f3dik. F\u0151h\u0151s\u00fcnk, akinek nincsenek eml\u00e9kei a m\u00faltj\u00e1r\u00f3l, a haj\u00f3 mesters\u00e9ges intelligenci\u00e1ja, az AR.I.A. \u00e1ltal meghat\u00e1rozott napi feladatokkal van megb\u00edzva, hogy a haj\u00f3t j\u00f3 \u00e1llapotban tartsa. \ud83c\udf0d Glob\u00e1lis \u2699\ufe0f Steam \ud83d\udddd Digit\u00e1lis kulcs","og_url":"https:\/\/prismagamers.com\/hu\/produkt\/a-holnap-mesei-kiserlet\/","og_site_name":"Prismagamers.com","article_publisher":"https:\/\/www.facebook.com\/prismagamers","article_modified_time":"2026-01-01T23:36:07+00:00","og_image":[{"width":600,"height":900,"url":"https:\/\/prismagamers.com\/wp-content\/uploads\/2023\/07\/library_600x900_2x-2.jpg","type":"image\/jpeg"}],"twitter_card":"summary_large_image","twitter_misc":{"Becs\u00fclt olvas\u00e1si id\u0151":"1 perc"},"schema":{"@context":"https:\/\/schema.org","@graph":[{"@type":"WebPage","@id":"https:\/\/prismagamers.com\/hu\/produkt\/a-holnap-mesei-kiserlet\/","url":"https:\/\/prismagamers.com\/hu\/produkt\/a-holnap-mesei-kiserlet\/","name":"Tales of Tomorrow: Experiment - Prismagamers.com","isPartOf":{"@id":"https:\/\/prismagamers.com\/hu\/#website"},"primaryImageOfPage":{"@id":"https:\/\/prismagamers.com\/hu\/produkt\/a-holnap-mesei-kiserlet\/#primaryimage"},"image":{"@id":"https:\/\/prismagamers.com\/hu\/produkt\/a-holnap-mesei-kiserlet\/#primaryimage"},"thumbnailUrl":"https:\/\/prismagamers.com\/wp-content\/uploads\/2023\/07\/library_600x900_2x-2.jpg","datePublished":"2023-07-03T13:14:01+00:00","dateModified":"2026-01-01T23:36:07+00:00","description":"A ToT: Experiment egy sci-fi j\u00e1t\u00e9k, amely egy r\u00f6vid t\u00f6rt\u00e9netet mes\u00e9l el, \u00e9s egy t\u00e1voli \u0171rhaj\u00f3n j\u00e1tsz\u00f3dik. F\u0151h\u0151s\u00fcnk, akinek nincsenek eml\u00e9kei a m\u00faltj\u00e1r\u00f3l, a haj\u00f3 mesters\u00e9ges intelligenci\u00e1ja, az AR.I.A. \u00e1ltal meghat\u00e1rozott napi feladatokkal van megb\u00edzva, hogy a haj\u00f3t j\u00f3 \u00e1llapotban tartsa. \ud83c\udf0d Glob\u00e1lis \u2699\ufe0f Steam \ud83d\udddd Digit\u00e1lis kulcs","breadcrumb":{"@id":"https:\/\/prismagamers.com\/hu\/produkt\/a-holnap-mesei-kiserlet\/#breadcrumb"},"inLanguage":"hu","potentialAction":[{"@type":"ReadAction","target":["https:\/\/prismagamers.com\/hu\/produkt\/a-holnap-mesei-kiserlet\/"]}]},{"@type":"ImageObject","inLanguage":"hu","@id":"https:\/\/prismagamers.com\/hu\/produkt\/a-holnap-mesei-kiserlet\/#primaryimage","url":"https:\/\/prismagamers.com\/wp-content\/uploads\/2023\/07\/library_600x900_2x-2.jpg","contentUrl":"https:\/\/prismagamers.com\/wp-content\/uploads\/2023\/07\/library_600x900_2x-2.jpg","width":600,"height":900},{"@type":"BreadcrumbList","@id":"https:\/\/prismagamers.com\/hu\/produkt\/a-holnap-mesei-kiserlet\/#breadcrumb","itemListElement":[{"@type":"ListItem","position":1,"name":"Strona g\u0142\u00f3wna","item":"https:\/\/prismagamers.com\/hu\/prismagamers\/"},{"@type":"ListItem","position":2,"name":"Shop","item":"https:\/\/prismagamers.com\/hu\/shop\/"},{"@type":"ListItem","position":3,"name":"Tales of Tomorrow: Experiment"}]},{"@type":"WebSite","@id":"https:\/\/prismagamers.com\/hu\/#website","url":"https:\/\/prismagamers.com\/hu\/","name":"Prismagamers","description":"Sklep z grami PC I Sklep klucze Steam","publisher":{"@id":"https:\/\/prismagamers.com\/hu\/#organization"},"potentialAction":[{"@type":"SearchAction","target":{"@type":"EntryPoint","urlTemplate":"https:\/\/prismagamers.com\/hu\/?s={search_term_string}"},"query-input":{"@type":"PropertyValueSpecification","valueRequired":true,"valueName":"search_term_string"}}],"inLanguage":"hu"},{"@type":"Organization","@id":"https:\/\/prismagamers.com\/hu\/#organization","name":"Prismagamers","url":"https:\/\/prismagamers.com\/hu\/","logo":{"@type":"ImageObject","inLanguage":"hu","@id":"https:\/\/prismagamers.com\/hu\/#\/schema\/logo\/image\/","url":"https:\/\/prismagamers.com\/wp-content\/uploads\/2022\/04\/cropped-logo-Prismagamers-01-scaled-1.jpg","contentUrl":"https:\/\/prismagamers.com\/wp-content\/uploads\/2022\/04\/cropped-logo-Prismagamers-01-scaled-1.jpg","width":512,"height":512,"caption":"Prismagamers"},"image":{"@id":"https:\/\/prismagamers.com\/hu\/#\/schema\/logo\/image\/"},"sameAs":["https:\/\/www.facebook.com\/prismagamers","https:\/\/www.instagram.com\/prismagamers_grycyfrowe\/"],"description":"Prismagamers.com to dynamiczny sklep z grami cyfrowymi, stworzony z my\u015bl\u0105 o entuzjastach gier wideo. Nasza strona oferuje szerok\u0105 gam\u0119 gier komputerowych, w tym najnowsze tytu\u0142y, dobrze znane klasyki oraz gry stworzone przez niezale\u017cne studia Ca\u0142y czas d\u0105\u017cymy do rozszerzenia naszej oferty. Do\u0142\u0105cz do nas i sta\u0144 si\u0119 cz\u0119\u015bci\u0105 naszej rosn\u0105cej spo\u0142eczno\u015bci graczy!","email":"shop@prismagamers.com","telephone":"48795541705","legalName":"East Caravan Maksym \u017bukow","foundingDate":"2012-05-10","vatID":"PL8943038612","taxID":"PL8943038612","numberOfEmployees":{"@type":"QuantitativeValue","minValue":"11","maxValue":"50"}}]}},"_links":{"self":[{"href":"https:\/\/prismagamers.com\/hu\/wp-json\/wp\/v2\/product\/38487","targetHints":{"allow":["GET"]}}],"collection":[{"href":"https:\/\/prismagamers.com\/hu\/wp-json\/wp\/v2\/product"}],"about":[{"href":"https:\/\/prismagamers.com\/hu\/wp-json\/wp\/v2\/types\/product"}],"wp:featuredmedia":[{"embeddable":true,"href":"https:\/\/prismagamers.com\/hu\/wp-json\/wp\/v2\/media\/25688"}],"wp:attachment":[{"href":"https:\/\/prismagamers.com\/hu\/wp-json\/wp\/v2\/media?parent=38487"}],"wp:term":[{"taxonomy":"product_brand","embeddable":true,"href":"https:\/\/prismagamers.com\/hu\/wp-json\/wp\/v2\/product_brand?post=38487"},{"taxonomy":"product_cat","embeddable":true,"href":"https:\/\/prismagamers.com\/hu\/wp-json\/wp\/v2\/product_cat?post=38487"},{"taxonomy":"product_tag","embeddable":true,"href":"https:\/\/prismagamers.com\/hu\/wp-json\/wp\/v2\/product_tag?post=38487"}],"curies":[{"name":"wp","href":"https:\/\/api.w.org\/{rel}","templated":true}]}}