{"id":38489,"date":"2023-07-03T14:41:51","date_gmt":"2023-07-03T12:41:51","guid":{"rendered":"https:\/\/prismagamers.com\/produkt\/barn-finders-amerikai-alom-dlc\/"},"modified":"2026-03-05T00:00:41","modified_gmt":"2026-03-04T23:00:41","slug":"barn-finders-amerikai-alom-dlc","status":"publish","type":"product","link":"https:\/\/prismagamers.com\/hu\/produkt\/barn-finders-amerikai-alom-dlc\/","title":{"rendered":"Barn Finders: Amerykan Dream"},"content":{"rendered":"<p>\u00dcdv\u00f6z\u00f6lj\u00fck az amerikai \u00e1lomban!<\/p>\n<p>Indulj el egy fest\u0151i utaz\u00e1sra Amerik\u00e1n kereszt\u00fcl, \u00e9s l\u00e1togass meg \u00faj, izgalmas kalandokkal \u00e9s megszerezhet\u0151 dolgokkal teli helyeket. Tudjuk, hogy ha van valami, amit egy igazi kincskeres\u0151 szeret, akkor az az \u00faj lehet\u0151s\u00e9gek, hogy \u00faj t\u00e1rgyakat gy\u0171jts\u00f6n, \u00faj bizom\u00e1nyi t\u00e1rgyakat sz\u00e1ll\u00edtson, \u00e9s izgalmas \u00faj aukci\u00f3kon vegyen r\u00e9szt. \u00c9s a licith\u00e1bor\u00fak? Ki ne szeretn\u00e9 a frissen s\u00fclt licith\u00e1bor\u00fakat, mintha egyenesen a s\u00fct\u0151b\u0151l j\u00f6nn\u00e9nek? Tudjuk, hogy te igen! \u00c9s hogy m\u00e9g egy csereszny\u00e9t tegy\u00fcnk a tort\u00e1ra, nem szeretn\u00e9d, ha m\u00e9g ink\u00e1bb szem\u00e9lyre szabhatn\u00e1d a z\u00e1logh\u00e1zadat? Eleged van abb\u00f3l, hogy a r\u00e9gi, f\u00e1b\u00f3l k\u00e9sz\u00fclt falak elrontj\u00e1k a fest\u0151i l\u00e1tv\u00e1nyt? Vagy eleg\u00e1nsabb tap\u00e9t\u00e1t szeretne a saj\u00e1t szob\u00e1j\u00e1ba? Ne agg\u00f3dj &#8211; mi megvan neked! Minden itt van, k\u00e9szen \u00e1ll mindazok sz\u00e1m\u00e1ra, akik szeretn\u00e9nek visszat\u00e9rni Amerik\u00e1ba, \u00e9s m\u00e9g t\u00f6bbet felfedezni.         <\/p>\n<p>\u00cdme, mit tal\u00e1lsz a hamarosan megjelen\u0151 DLC-ben:<\/p>\n<ul>\n<li>3 vadonat\u00faj t\u00e9rk\u00e9pet fedezhetsz fel<\/li>\n<li>\u00daj licith\u00e1bor\u00fak &#8211; Aranyhal esem\u00e9ny!<\/li>\n<li>Rengeteg \u00faj elem elad\u00f3, jav\u00edt\u00e1s, tiszt\u00edt\u00e1s \u00e9s \u00f6sszeszerel\u00e9s<\/li>\n<li>\u00daj z\u00e1logh\u00e1z testreszab\u00e1si lehet\u0151s\u00e9gek &#8211; szabd testre a boltod k\u00fclsej\u00e9t, a gar\u00e1zsodat, s\u0151t m\u00e9g a saj\u00e1t szob\u00e1dat is!<\/li>\n<li>\u00daj plak\u00e1tok, padl\u00f3k \u00e9s falak<\/li>\n<li>\u00daj j\u00e1t\u00e9kmechanika \u00e9s m\u00e9g sok m\u00e1s!<\/li>\n<\/ul>\n<p>Alig v\u00e1rjuk, hogy meg\u00e1lmodja vel\u00fcnk a saj\u00e1t amerikai \u00e1lm\u00e1t!<\/p>\n<p>A tartalom lej\u00e1tsz\u00e1s\u00e1hoz a Barn Finders alapverzi\u00f3ja sz\u00fcks\u00e9ges a Steamen.<\/p>\n","protected":false},"excerpt":{"rendered":"<div class=\"flex-1 overflow-hidden\">\n<div class=\"react-scroll-to-bottom--css-xroov-79elbk h-full\">\n<div class=\"react-scroll-to-bottom--css-xroov-1n7m0yu\">\n<div class=\"flex flex-col text-sm pb-9\">\n<div class=\"w-full text-token-text-primary\" dir=\"auto\" data-testid=\"conversation-turn-5\">\n<div class=\"px-4 py-2 justify-center text-base md:gap-6 m-auto\">\n<div class=\"flex flex-1 text-base mx-auto gap-3 juice:gap-4 juice:md:gap-6 md:px-5 lg:px-1 xl:px-5 md:max-w-3xl lg:max-w-[40rem] xl:max-w-[48rem]\">\n<div class=\"relative flex w-full min-w-0 flex-col agent-turn\">\n<div class=\"flex-col gap-1 md:gap-3\">\n<div class=\"flex flex-grow flex-col max-w-full\">\n<div class=\"min-h-[20px] text-message flex flex-col items-start gap-3 whitespace-pre-wrap break-words [.text-message+&amp;]:mt-5 overflow-x-auto\" dir=\"auto\" data-message-author-role=\"assistant\" data-message-id=\"6ce7acb6-05da-4371-8333-265ca78e7fed\">\n<div class=\"markdown prose w-full break-words dark:prose-invert light\">\n<p class=\"ai-optimize-28\">Tegyen egy fest\u0151i aut\u00f3s utat Amerik\u00e1ban, hogy \u00faj, izgalmas kalandokkal \u00e9s megszerezhet\u0151 dolgokkal teli helyeket l\u00e1togasson meg. Tudjuk, hogy ha van valami, amit egy igazi kincskeres\u0151 szeret, akkor az az \u00faj lehet\u0151s\u00e9gek, hogy \u00faj t\u00e1rgyakat gy\u0171jts\u00f6n, \u00faj bizom\u00e1nyi t\u00e1rgyakat sz\u00e1ll\u00edtson \u00e9s izgalmas \u00faj aukci\u00f3kon vegyen r\u00e9szt. <\/p>\n<\/div>\n<\/div>\n<\/div>\n<\/div>\n<\/div>\n<\/div>\n<\/div>\n<\/div>\n<\/div>\n<\/div>\n<\/div>\n<\/div>\n<div class=\"w-full pt-2 md:pt-0 dark:border-white\/20 md:border-transparent md:dark:border-transparent md:w-[calc(100%-.5rem)]\">\n<form class=\"stretch mx-2 flex flex-row gap-3 last:mb-2 md:mx-4 md:last:mb-6 lg:mx-auto lg:max-w-2xl xl:max-w-3xl\">\n<div class=\"relative flex h-full max-w-full flex-1 flex-col\">\n<div class=\"flex w-full items-center\">\n<div class=\"overflow-hidden [&amp;:has(textarea:focus)]:border-token-border-xheavy [&amp;:has(textarea:focus)]:shadow-[0_2px_6px_rgba(0,0,0,.05)] flex flex-col w-full flex-grow relative border dark:text-white rounded-2xl bg-token-main-surface-primary border-token-border-medium\"><\/div>\n<\/div>\n<\/div>\n<\/form>\n<\/div>\n<p class=\"ai-optimize-29\">\ud83c\udf0d Glob\u00e1lis<br \/>\n\u2699\ufe0f Steam<br \/>\n\ud83d\udddd Digit\u00e1lis kulcs<\/p>\n","protected":false},"featured_media":25677,"template":"","meta":{"_acf_changed":false,"site-sidebar-layout":"default","site-content-layout":"default","ast-site-content-layout":"default","site-content-style":"default","site-sidebar-style":"default","ast-global-header-display":"","ast-banner-title-visibility":"","ast-main-header-display":"","ast-hfb-above-header-display":"","ast-hfb-below-header-display":"","ast-hfb-mobile-header-display":"","site-post-title":"","ast-breadcrumbs-content":"","ast-featured-img":"","footer-sml-layout":"","ast-disable-related-posts":"","theme-transparent-header-meta":"default","adv-header-id-meta":"","stick-header-meta":"","header-above-stick-meta":"","header-main-stick-meta":"","header-below-stick-meta":"","astra-migrate-meta-layouts":"default","ast-page-background-enabled":"default","ast-page-background-meta":{"desktop":{"background-color":"var(--ast-global-color-4)","background-image":"","background-repeat":"repeat","background-position":"center center","background-size":"auto","background-attachment":"scroll","background-type":"","background-media":"","overlay-type":"","overlay-color":"","overlay-opacity":"","overlay-gradient":""},"tablet":{"background-color":"","background-image":"","background-repeat":"repeat","background-position":"center center","background-size":"auto","background-attachment":"scroll","background-type":"","background-media":"","overlay-type":"","overlay-color":"","overlay-opacity":"","overlay-gradient":""},"mobile":{"background-color":"","background-image":"","background-repeat":"repeat","background-position":"center center","background-size":"auto","background-attachment":"scroll","background-type":"","background-media":"","overlay-type":"","overlay-color":"","overlay-opacity":"","overlay-gradient":""}},"ast-content-background-meta":{"desktop":{"background-color":"var(--ast-global-color-5)","background-image":"","background-repeat":"repeat","background-position":"center center","background-size":"auto","background-attachment":"scroll","background-type":"","background-media":"","overlay-type":"","overlay-color":"","overlay-opacity":"","overlay-gradient":""},"tablet":{"background-color":"var(--ast-global-color-5)","background-image":"","background-repeat":"repeat","background-position":"center center","background-size":"auto","background-attachment":"scroll","background-type":"","background-media":"","overlay-type":"","overlay-color":"","overlay-opacity":"","overlay-gradient":""},"mobile":{"background-color":"var(--ast-global-color-5)","background-image":"","background-repeat":"repeat","background-position":"center center","background-size":"auto","background-attachment":"scroll","background-type":"","background-media":"","overlay-type":"","overlay-color":"","overlay-opacity":"","overlay-gradient":""}}},"product_brand":[],"product_cat":[369,394,368,365,574,378],"product_tag":[],"class_list":{"0":"post-38489","1":"product","2":"type-product","3":"status-publish","4":"has-post-thumbnail","6":"product_cat-csarnokok","7":"product_cat-digitalis-jatekok","8":"product_cat-dlc-hu","9":"product_cat-goz","10":"product_cat-kettosseg-jatekok","11":"product_cat-minden-digitalis-jatek","12":"desktop-align-left","13":"tablet-align-left","14":"mobile-align-left","16":"first","17":"instock","18":"virtual","19":"purchasable","20":"product-type-simple"},"acf":[],"yoast_head":"<!-- This site is optimized with the Yoast SEO Premium plugin v27.4 (Yoast SEO v27.4) - https:\/\/yoast.com\/product\/yoast-seo-premium-wordpress\/ -->\n<title>Barn Finders: Amerykan Dream - Prismagamers.com<\/title>\n<meta name=\"description\" content=\"Tegyen egy fest\u0151i aut\u00f3s utat Amerik\u00e1ban, hogy \u00faj, izgalmas kalandokkal \u00e9s megszerezhet\u0151 dolgokkal teli helyeket l\u00e1togasson meg. Tudjuk, hogy ha van valami, amit egy igazi kincskeres\u0151 szeret, akkor az az \u00faj lehet\u0151s\u00e9gek, hogy \u00faj t\u00e1rgyakat gy\u0171jts\u00f6n, \u00faj bizom\u00e1nyi t\u00e1rgyakat sz\u00e1ll\u00edtson \u00e9s izgalmas \u00faj aukci\u00f3kon vegyen r\u00e9szt.           \ud83c\udf0d Glob\u00e1lis \u2699\ufe0f Steam \ud83d\udddd Digit\u00e1lis kulcs\" \/>\n<meta name=\"robots\" content=\"index, follow, max-snippet:-1, max-image-preview:large, max-video-preview:-1\" \/>\n<link rel=\"canonical\" href=\"https:\/\/prismagamers.com\/hu\/produkt\/barn-finders-amerikai-alom-dlc\/\" \/>\n<meta property=\"og:locale\" content=\"hu_HU\" \/>\n<meta property=\"og:type\" content=\"article\" \/>\n<meta property=\"og:title\" content=\"Barn Finders: Amerykan Dream\" \/>\n<meta property=\"og:description\" content=\"Tegyen egy fest\u0151i aut\u00f3s utat Amerik\u00e1ban, hogy \u00faj, izgalmas kalandokkal \u00e9s megszerezhet\u0151 dolgokkal teli helyeket l\u00e1togasson meg. Tudjuk, hogy ha van valami, amit egy igazi kincskeres\u0151 szeret, akkor az az \u00faj lehet\u0151s\u00e9gek, hogy \u00faj t\u00e1rgyakat gy\u0171jts\u00f6n, \u00faj bizom\u00e1nyi t\u00e1rgyakat sz\u00e1ll\u00edtson \u00e9s izgalmas \u00faj aukci\u00f3kon vegyen r\u00e9szt.           \ud83c\udf0d Glob\u00e1lis \u2699\ufe0f Steam \ud83d\udddd Digit\u00e1lis kulcs\" \/>\n<meta property=\"og:url\" content=\"https:\/\/prismagamers.com\/hu\/produkt\/barn-finders-amerikai-alom-dlc\/\" \/>\n<meta property=\"og:site_name\" content=\"Prismagamers.com\" \/>\n<meta property=\"article:publisher\" content=\"https:\/\/www.facebook.com\/prismagamers\" \/>\n<meta property=\"article:modified_time\" content=\"2026-03-04T23:00:41+00:00\" \/>\n<meta property=\"og:image\" content=\"https:\/\/prismagamers.com\/wp-content\/uploads\/2023\/07\/barnfinders-amerykan-dream-e1714383390895.jpg\" \/>\n\t<meta property=\"og:image:width\" content=\"300\" \/>\n\t<meta property=\"og:image:height\" content=\"423\" \/>\n\t<meta property=\"og:image:type\" content=\"image\/jpeg\" \/>\n<meta name=\"twitter:card\" content=\"summary_large_image\" \/>\n<meta name=\"twitter:label1\" content=\"Becs\u00fclt olvas\u00e1si id\u0151\" \/>\n\t<meta name=\"twitter:data1\" content=\"2 perc\" \/>\n<script type=\"application\/ld+json\" class=\"yoast-schema-graph\">{\"@context\":\"https:\\\/\\\/schema.org\",\"@graph\":[{\"@type\":\"WebPage\",\"@id\":\"https:\\\/\\\/prismagamers.com\\\/hu\\\/produkt\\\/barn-finders-amerikai-alom-dlc\\\/\",\"url\":\"https:\\\/\\\/prismagamers.com\\\/hu\\\/produkt\\\/barn-finders-amerikai-alom-dlc\\\/\",\"name\":\"Barn Finders: Amerykan Dream - Prismagamers.com\",\"isPartOf\":{\"@id\":\"https:\\\/\\\/prismagamers.com\\\/hu\\\/#website\"},\"primaryImageOfPage\":{\"@id\":\"https:\\\/\\\/prismagamers.com\\\/hu\\\/produkt\\\/barn-finders-amerikai-alom-dlc\\\/#primaryimage\"},\"image\":{\"@id\":\"https:\\\/\\\/prismagamers.com\\\/hu\\\/produkt\\\/barn-finders-amerikai-alom-dlc\\\/#primaryimage\"},\"thumbnailUrl\":\"https:\\\/\\\/prismagamers.com\\\/wp-content\\\/uploads\\\/2023\\\/07\\\/barnfinders-amerykan-dream-e1714383390895.jpg\",\"datePublished\":\"2023-07-03T12:41:51+00:00\",\"dateModified\":\"2026-03-04T23:00:41+00:00\",\"description\":\"Tegyen egy fest\u0151i aut\u00f3s utat Amerik\u00e1ban, hogy \u00faj, izgalmas kalandokkal \u00e9s megszerezhet\u0151 dolgokkal teli helyeket l\u00e1togasson meg. Tudjuk, hogy ha van valami, amit egy igazi kincskeres\u0151 szeret, akkor az az \u00faj lehet\u0151s\u00e9gek, hogy \u00faj t\u00e1rgyakat gy\u0171jts\u00f6n, \u00faj bizom\u00e1nyi t\u00e1rgyakat sz\u00e1ll\u00edtson \u00e9s izgalmas \u00faj aukci\u00f3kon vegyen r\u00e9szt. \ud83c\udf0d Glob\u00e1lis \u2699\ufe0f Steam \ud83d\udddd Digit\u00e1lis kulcs\",\"breadcrumb\":{\"@id\":\"https:\\\/\\\/prismagamers.com\\\/hu\\\/produkt\\\/barn-finders-amerikai-alom-dlc\\\/#breadcrumb\"},\"inLanguage\":\"hu\",\"potentialAction\":[{\"@type\":\"ReadAction\",\"target\":[\"https:\\\/\\\/prismagamers.com\\\/hu\\\/produkt\\\/barn-finders-amerikai-alom-dlc\\\/\"]}]},{\"@type\":\"ImageObject\",\"inLanguage\":\"hu\",\"@id\":\"https:\\\/\\\/prismagamers.com\\\/hu\\\/produkt\\\/barn-finders-amerikai-alom-dlc\\\/#primaryimage\",\"url\":\"https:\\\/\\\/prismagamers.com\\\/wp-content\\\/uploads\\\/2023\\\/07\\\/barnfinders-amerykan-dream-e1714383390895.jpg\",\"contentUrl\":\"https:\\\/\\\/prismagamers.com\\\/wp-content\\\/uploads\\\/2023\\\/07\\\/barnfinders-amerykan-dream-e1714383390895.jpg\",\"width\":300,\"height\":423},{\"@type\":\"BreadcrumbList\",\"@id\":\"https:\\\/\\\/prismagamers.com\\\/hu\\\/produkt\\\/barn-finders-amerikai-alom-dlc\\\/#breadcrumb\",\"itemListElement\":[{\"@type\":\"ListItem\",\"position\":1,\"name\":\"Strona g\u0142\u00f3wna\",\"item\":\"https:\\\/\\\/prismagamers.com\\\/hu\\\/prismagamers\\\/\"},{\"@type\":\"ListItem\",\"position\":2,\"name\":\"Shop\",\"item\":\"https:\\\/\\\/prismagamers.com\\\/hu\\\/shop\\\/\"},{\"@type\":\"ListItem\",\"position\":3,\"name\":\"Barn Finders: Amerykan Dream\"}]},{\"@type\":\"WebSite\",\"@id\":\"https:\\\/\\\/prismagamers.com\\\/hu\\\/#website\",\"url\":\"https:\\\/\\\/prismagamers.com\\\/hu\\\/\",\"name\":\"Prismagamers\",\"description\":\"Sklep z grami PC I Sklep klucze Steam\",\"publisher\":{\"@id\":\"https:\\\/\\\/prismagamers.com\\\/hu\\\/#organization\"},\"potentialAction\":[{\"@type\":\"SearchAction\",\"target\":{\"@type\":\"EntryPoint\",\"urlTemplate\":\"https:\\\/\\\/prismagamers.com\\\/hu\\\/?s={search_term_string}\"},\"query-input\":{\"@type\":\"PropertyValueSpecification\",\"valueRequired\":true,\"valueName\":\"search_term_string\"}}],\"inLanguage\":\"hu\"},{\"@type\":\"Organization\",\"@id\":\"https:\\\/\\\/prismagamers.com\\\/hu\\\/#organization\",\"name\":\"Prismagamers\",\"url\":\"https:\\\/\\\/prismagamers.com\\\/hu\\\/\",\"logo\":{\"@type\":\"ImageObject\",\"inLanguage\":\"hu\",\"@id\":\"https:\\\/\\\/prismagamers.com\\\/hu\\\/#\\\/schema\\\/logo\\\/image\\\/\",\"url\":\"https:\\\/\\\/prismagamers.com\\\/wp-content\\\/uploads\\\/2022\\\/04\\\/cropped-logo-Prismagamers-01-scaled-1.jpg\",\"contentUrl\":\"https:\\\/\\\/prismagamers.com\\\/wp-content\\\/uploads\\\/2022\\\/04\\\/cropped-logo-Prismagamers-01-scaled-1.jpg\",\"width\":512,\"height\":512,\"caption\":\"Prismagamers\"},\"image\":{\"@id\":\"https:\\\/\\\/prismagamers.com\\\/hu\\\/#\\\/schema\\\/logo\\\/image\\\/\"},\"sameAs\":[\"https:\\\/\\\/www.facebook.com\\\/prismagamers\",\"https:\\\/\\\/www.instagram.com\\\/prismagamers_grycyfrowe\\\/\"],\"description\":\"Prismagamers.com to dynamiczny sklep z grami cyfrowymi, stworzony z my\u015bl\u0105 o entuzjastach gier wideo. Nasza strona oferuje szerok\u0105 gam\u0119 gier komputerowych, w tym najnowsze tytu\u0142y, dobrze znane klasyki oraz gry stworzone przez niezale\u017cne studia Ca\u0142y czas d\u0105\u017cymy do rozszerzenia naszej oferty. Do\u0142\u0105cz do nas i sta\u0144 si\u0119 cz\u0119\u015bci\u0105 naszej rosn\u0105cej spo\u0142eczno\u015bci graczy!\",\"email\":\"shop@prismagamers.com\",\"telephone\":\"48795541705\",\"legalName\":\"East Caravan Maksym \u017bukow\",\"foundingDate\":\"2012-05-10\",\"vatID\":\"PL8943038612\",\"taxID\":\"PL8943038612\",\"numberOfEmployees\":{\"@type\":\"QuantitativeValue\",\"minValue\":\"11\",\"maxValue\":\"50\"}}]}<\/script>\n<!-- \/ Yoast SEO Premium plugin. -->","yoast_head_json":{"title":"Barn Finders: Amerykan Dream - Prismagamers.com","description":"Tegyen egy fest\u0151i aut\u00f3s utat Amerik\u00e1ban, hogy \u00faj, izgalmas kalandokkal \u00e9s megszerezhet\u0151 dolgokkal teli helyeket l\u00e1togasson meg. Tudjuk, hogy ha van valami, amit egy igazi kincskeres\u0151 szeret, akkor az az \u00faj lehet\u0151s\u00e9gek, hogy \u00faj t\u00e1rgyakat gy\u0171jts\u00f6n, \u00faj bizom\u00e1nyi t\u00e1rgyakat sz\u00e1ll\u00edtson \u00e9s izgalmas \u00faj aukci\u00f3kon vegyen r\u00e9szt.           \ud83c\udf0d Glob\u00e1lis \u2699\ufe0f Steam \ud83d\udddd Digit\u00e1lis kulcs","robots":{"index":"index","follow":"follow","max-snippet":"max-snippet:-1","max-image-preview":"max-image-preview:large","max-video-preview":"max-video-preview:-1"},"canonical":"https:\/\/prismagamers.com\/hu\/produkt\/barn-finders-amerikai-alom-dlc\/","og_locale":"hu_HU","og_type":"article","og_title":"Barn Finders: Amerykan Dream","og_description":"Tegyen egy fest\u0151i aut\u00f3s utat Amerik\u00e1ban, hogy \u00faj, izgalmas kalandokkal \u00e9s megszerezhet\u0151 dolgokkal teli helyeket l\u00e1togasson meg. Tudjuk, hogy ha van valami, amit egy igazi kincskeres\u0151 szeret, akkor az az \u00faj lehet\u0151s\u00e9gek, hogy \u00faj t\u00e1rgyakat gy\u0171jts\u00f6n, \u00faj bizom\u00e1nyi t\u00e1rgyakat sz\u00e1ll\u00edtson \u00e9s izgalmas \u00faj aukci\u00f3kon vegyen r\u00e9szt.           \ud83c\udf0d Glob\u00e1lis \u2699\ufe0f Steam \ud83d\udddd Digit\u00e1lis kulcs","og_url":"https:\/\/prismagamers.com\/hu\/produkt\/barn-finders-amerikai-alom-dlc\/","og_site_name":"Prismagamers.com","article_publisher":"https:\/\/www.facebook.com\/prismagamers","article_modified_time":"2026-03-04T23:00:41+00:00","og_image":[{"width":300,"height":423,"url":"https:\/\/prismagamers.com\/wp-content\/uploads\/2023\/07\/barnfinders-amerykan-dream-e1714383390895.jpg","type":"image\/jpeg"}],"twitter_card":"summary_large_image","twitter_misc":{"Becs\u00fclt olvas\u00e1si id\u0151":"2 perc"},"schema":{"@context":"https:\/\/schema.org","@graph":[{"@type":"WebPage","@id":"https:\/\/prismagamers.com\/hu\/produkt\/barn-finders-amerikai-alom-dlc\/","url":"https:\/\/prismagamers.com\/hu\/produkt\/barn-finders-amerikai-alom-dlc\/","name":"Barn Finders: Amerykan Dream - Prismagamers.com","isPartOf":{"@id":"https:\/\/prismagamers.com\/hu\/#website"},"primaryImageOfPage":{"@id":"https:\/\/prismagamers.com\/hu\/produkt\/barn-finders-amerikai-alom-dlc\/#primaryimage"},"image":{"@id":"https:\/\/prismagamers.com\/hu\/produkt\/barn-finders-amerikai-alom-dlc\/#primaryimage"},"thumbnailUrl":"https:\/\/prismagamers.com\/wp-content\/uploads\/2023\/07\/barnfinders-amerykan-dream-e1714383390895.jpg","datePublished":"2023-07-03T12:41:51+00:00","dateModified":"2026-03-04T23:00:41+00:00","description":"Tegyen egy fest\u0151i aut\u00f3s utat Amerik\u00e1ban, hogy \u00faj, izgalmas kalandokkal \u00e9s megszerezhet\u0151 dolgokkal teli helyeket l\u00e1togasson meg. Tudjuk, hogy ha van valami, amit egy igazi kincskeres\u0151 szeret, akkor az az \u00faj lehet\u0151s\u00e9gek, hogy \u00faj t\u00e1rgyakat gy\u0171jts\u00f6n, \u00faj bizom\u00e1nyi t\u00e1rgyakat sz\u00e1ll\u00edtson \u00e9s izgalmas \u00faj aukci\u00f3kon vegyen r\u00e9szt. \ud83c\udf0d Glob\u00e1lis \u2699\ufe0f Steam \ud83d\udddd Digit\u00e1lis kulcs","breadcrumb":{"@id":"https:\/\/prismagamers.com\/hu\/produkt\/barn-finders-amerikai-alom-dlc\/#breadcrumb"},"inLanguage":"hu","potentialAction":[{"@type":"ReadAction","target":["https:\/\/prismagamers.com\/hu\/produkt\/barn-finders-amerikai-alom-dlc\/"]}]},{"@type":"ImageObject","inLanguage":"hu","@id":"https:\/\/prismagamers.com\/hu\/produkt\/barn-finders-amerikai-alom-dlc\/#primaryimage","url":"https:\/\/prismagamers.com\/wp-content\/uploads\/2023\/07\/barnfinders-amerykan-dream-e1714383390895.jpg","contentUrl":"https:\/\/prismagamers.com\/wp-content\/uploads\/2023\/07\/barnfinders-amerykan-dream-e1714383390895.jpg","width":300,"height":423},{"@type":"BreadcrumbList","@id":"https:\/\/prismagamers.com\/hu\/produkt\/barn-finders-amerikai-alom-dlc\/#breadcrumb","itemListElement":[{"@type":"ListItem","position":1,"name":"Strona g\u0142\u00f3wna","item":"https:\/\/prismagamers.com\/hu\/prismagamers\/"},{"@type":"ListItem","position":2,"name":"Shop","item":"https:\/\/prismagamers.com\/hu\/shop\/"},{"@type":"ListItem","position":3,"name":"Barn Finders: Amerykan Dream"}]},{"@type":"WebSite","@id":"https:\/\/prismagamers.com\/hu\/#website","url":"https:\/\/prismagamers.com\/hu\/","name":"Prismagamers","description":"Sklep z grami PC I Sklep klucze Steam","publisher":{"@id":"https:\/\/prismagamers.com\/hu\/#organization"},"potentialAction":[{"@type":"SearchAction","target":{"@type":"EntryPoint","urlTemplate":"https:\/\/prismagamers.com\/hu\/?s={search_term_string}"},"query-input":{"@type":"PropertyValueSpecification","valueRequired":true,"valueName":"search_term_string"}}],"inLanguage":"hu"},{"@type":"Organization","@id":"https:\/\/prismagamers.com\/hu\/#organization","name":"Prismagamers","url":"https:\/\/prismagamers.com\/hu\/","logo":{"@type":"ImageObject","inLanguage":"hu","@id":"https:\/\/prismagamers.com\/hu\/#\/schema\/logo\/image\/","url":"https:\/\/prismagamers.com\/wp-content\/uploads\/2022\/04\/cropped-logo-Prismagamers-01-scaled-1.jpg","contentUrl":"https:\/\/prismagamers.com\/wp-content\/uploads\/2022\/04\/cropped-logo-Prismagamers-01-scaled-1.jpg","width":512,"height":512,"caption":"Prismagamers"},"image":{"@id":"https:\/\/prismagamers.com\/hu\/#\/schema\/logo\/image\/"},"sameAs":["https:\/\/www.facebook.com\/prismagamers","https:\/\/www.instagram.com\/prismagamers_grycyfrowe\/"],"description":"Prismagamers.com to dynamiczny sklep z grami cyfrowymi, stworzony z my\u015bl\u0105 o entuzjastach gier wideo. Nasza strona oferuje szerok\u0105 gam\u0119 gier komputerowych, w tym najnowsze tytu\u0142y, dobrze znane klasyki oraz gry stworzone przez niezale\u017cne studia Ca\u0142y czas d\u0105\u017cymy do rozszerzenia naszej oferty. Do\u0142\u0105cz do nas i sta\u0144 si\u0119 cz\u0119\u015bci\u0105 naszej rosn\u0105cej spo\u0142eczno\u015bci graczy!","email":"shop@prismagamers.com","telephone":"48795541705","legalName":"East Caravan Maksym \u017bukow","foundingDate":"2012-05-10","vatID":"PL8943038612","taxID":"PL8943038612","numberOfEmployees":{"@type":"QuantitativeValue","minValue":"11","maxValue":"50"}}]}},"_links":{"self":[{"href":"https:\/\/prismagamers.com\/hu\/wp-json\/wp\/v2\/product\/38489","targetHints":{"allow":["GET"]}}],"collection":[{"href":"https:\/\/prismagamers.com\/hu\/wp-json\/wp\/v2\/product"}],"about":[{"href":"https:\/\/prismagamers.com\/hu\/wp-json\/wp\/v2\/types\/product"}],"wp:featuredmedia":[{"embeddable":true,"href":"https:\/\/prismagamers.com\/hu\/wp-json\/wp\/v2\/media\/25677"}],"wp:attachment":[{"href":"https:\/\/prismagamers.com\/hu\/wp-json\/wp\/v2\/media?parent=38489"}],"wp:term":[{"taxonomy":"product_brand","embeddable":true,"href":"https:\/\/prismagamers.com\/hu\/wp-json\/wp\/v2\/product_brand?post=38489"},{"taxonomy":"product_cat","embeddable":true,"href":"https:\/\/prismagamers.com\/hu\/wp-json\/wp\/v2\/product_cat?post=38489"},{"taxonomy":"product_tag","embeddable":true,"href":"https:\/\/prismagamers.com\/hu\/wp-json\/wp\/v2\/product_tag?post=38489"}],"curies":[{"name":"wp","href":"https:\/\/api.w.org\/{rel}","templated":true}]}}