{"id":38491,"date":"2023-07-03T14:17:29","date_gmt":"2023-07-03T12:17:29","guid":{"rendered":"https:\/\/prismagamers.com\/produkt\/barn-finders\/"},"modified":"2026-03-05T00:00:48","modified_gmt":"2026-03-04T23:00:48","slug":"barn-finders","status":"publish","type":"product","link":"https:\/\/prismagamers.com\/hu\/produkt\/barn-finders\/","title":{"rendered":"Barn Finders"},"content":{"rendered":"<p>Keressen elhagyott pajt\u00e1kban elrejtett \u00e9rt\u00e9kes t\u00e1rgyakat: r\u00e9gi \u00f3r\u00e1kat, hangszereket, r\u00e9gis\u00e9geket, aranyat, fegyvereket, r\u00e9gi aut\u00f3kat \u00e9s motorker\u00e9kp\u00e1rokat. Majd add el \u0151ket haszonnal. <\/p>\n<p>Keress \u00e9rt\u00e9kes t\u00e1rgyakat, \u00e9s add el \u0151ket a z\u00e1logh\u00e1zban. Minden t\u00e1rgynak \u00e9rt\u00e9ke van, ez\u00e9rt gy\u0171jts \u00f6ssze mindent, \u00e9s n\u00e9zz k\u00f6r\u00fcl mindenhol! <\/p>\n<p>Nyerj \u00e1rver\u00e9seket \u00e9s gar\u00e1zsv\u00e1s\u00e1rokat, hogy bejuss a z\u00e1rtkerti birtokokra. Ki tudja, milyen poros kincseket tal\u00e1lsz ott? <\/p>\n<p>L\u00e1togass el 12 eredeti helysz\u00ednre, \u00e9s fedezd fel titkaikat Ammerika f\u00f6ldj\u00e9n (amely nagyban hasonl\u00edt a val\u00f3di Amerik\u00e1ra, de nem eg\u00e9szen). A pajt\u00e1k csak a kezdet. Mit sz\u00f3ln\u00e1l egy l\u00e1togat\u00e1shoz egy r\u00e9gi katonai b\u00e1zison vagy.   . . a Holdon?<\/p>\n<p>Fejl\u0151dj\u00f6n \u00e9s fektessen be z\u00e1logh\u00e1z\u00e1ba. Az \u00fcres polcok \u00fcres p\u00e9nzt\u00e1rc\u00e1t jelentenek. A v\u00e1s\u00e1rl\u00f3k akkor t\u00e9rnek vissza, ha van mit venni\u00fck. Jav\u00edtsa meg a tal\u00e1lt t\u00e1rgyakat, tiszt\u00edtsa meg a piszkosakat, majd adja el mindet. Ha pedig nincsenek v\u00e1s\u00e1rl\u00f3k, akkor mindig kos\u00e1rlabd\u00e1zhatsz a h\u00e1ts\u00f3 udvarodban. Ebb\u0151l is lehet p\u00e9nzt keresni.     <\/p>\n<p>Billy b\u00e1csi nem hagyja, hogy unatkozz. Egy\u00fctt fedezitek fel a k\u00fcl\u00f6nb\u00f6z\u0151 helyeket, de igaz\u00e1b\u00f3l minden munk\u00e1t neked kell elv\u00e9gezned helyette. <\/p>\n<p>Igazi pajtakeres\u0151nek lenni egy lelki\u00e1llapot &#8211; a b\u00e1trak, a kitart\u00f3ak \u00e9s a t\u00fcrelmesek munk\u00e1ja. A versenyt\u00e1rsai csak arra v\u00e1rnak, hogy t\u00fallicit\u00e1lj\u00e1k \u00d6nt, vagy hogy valami olcs\u00f3bbat vegyenek egy z\u00e1logh\u00e1zban. Ugye nem fogja hagyni, hogy ezt megtegy\u00e9k?  <\/p>\n<h2 class=\"bb_tag\">Jellemz\u0151k:<\/h2>\n<ul class=\"bb_ul\">\n<li>T\u00f6bb sz\u00e1z elemet tal\u00e1lhatsz \u00e9s adhatsz el.<\/li>\n<li>Jav\u00edtsa az eladott \u00e1rukat. Sz\u00fcks\u00e9g eset\u00e9n tiszt\u00edtsa meg \u0151ket, \u00e9s jav\u00edtsa meg a s\u00e9r\u00fclteket. <\/li>\n<li>Fedezze fel az elhagyott aut\u00f3kat, majd \u00e9rt\u00e9kes\u00edtse nagy haszonnal.<\/li>\n<li>Fedezze fel a megl\u00e1togatott helyek, valamint az \u00f6sszegy\u0171jt\u00f6tt t\u00e1rgyak elk\u00e9peszt\u0151 t\u00f6rt\u00e9neteit.<\/li>\n<\/ul>\n","protected":false},"excerpt":{"rendered":"<p class=\"ai-optimize-28\">Vegyen r\u00e9szt rakt\u00e1ri \u00e1rver\u00e9seken, nyerjen \u00e1rver\u00e9seket, \u00fczemeltessen z\u00e1logh\u00e1zat \u00e9s keressen p\u00e9nzt. Keress \u00e9rt\u00e9kes t\u00e1rgyakat elhagyott pajt\u00e1kban \u00e9s m\u00e9g sok m\u00e1sban. Ki tudja, milyen titkokat rejtenek a k\u00f6vetkez\u0151 helysz\u00ednek?  <\/p>\n<p class=\"ai-optimize-29\">\ud83c\udf0d Glob\u00e1lis<br \/>\n\u2699\ufe0f Steam<br \/>\n\ud83d\udddd Digit\u00e1lis kulcs<\/p>\n","protected":false},"featured_media":25666,"template":"","meta":{"_acf_changed":false,"site-sidebar-layout":"default","site-content-layout":"default","ast-site-content-layout":"default","site-content-style":"default","site-sidebar-style":"default","ast-global-header-display":"","ast-banner-title-visibility":"","ast-main-header-display":"","ast-hfb-above-header-display":"","ast-hfb-below-header-display":"","ast-hfb-mobile-header-display":"","site-post-title":"","ast-breadcrumbs-content":"","ast-featured-img":"","footer-sml-layout":"","ast-disable-related-posts":"","theme-transparent-header-meta":"default","adv-header-id-meta":"","stick-header-meta":"","header-above-stick-meta":"","header-main-stick-meta":"","header-below-stick-meta":"","astra-migrate-meta-layouts":"default","ast-page-background-enabled":"default","ast-page-background-meta":{"desktop":{"background-color":"var(--ast-global-color-4)","background-image":"","background-repeat":"repeat","background-position":"center center","background-size":"auto","background-attachment":"scroll","background-type":"","background-media":"","overlay-type":"","overlay-color":"","overlay-opacity":"","overlay-gradient":""},"tablet":{"background-color":"","background-image":"","background-repeat":"repeat","background-position":"center center","background-size":"auto","background-attachment":"scroll","background-type":"","background-media":"","overlay-type":"","overlay-color":"","overlay-opacity":"","overlay-gradient":""},"mobile":{"background-color":"","background-image":"","background-repeat":"repeat","background-position":"center center","background-size":"auto","background-attachment":"scroll","background-type":"","background-media":"","overlay-type":"","overlay-color":"","overlay-opacity":"","overlay-gradient":""}},"ast-content-background-meta":{"desktop":{"background-color":"var(--ast-global-color-5)","background-image":"","background-repeat":"repeat","background-position":"center center","background-size":"auto","background-attachment":"scroll","background-type":"","background-media":"","overlay-type":"","overlay-color":"","overlay-opacity":"","overlay-gradient":""},"tablet":{"background-color":"var(--ast-global-color-5)","background-image":"","background-repeat":"repeat","background-position":"center center","background-size":"auto","background-attachment":"scroll","background-type":"","background-media":"","overlay-type":"","overlay-color":"","overlay-opacity":"","overlay-gradient":""},"mobile":{"background-color":"var(--ast-global-color-5)","background-image":"","background-repeat":"repeat","background-position":"center center","background-size":"auto","background-attachment":"scroll","background-type":"","background-media":"","overlay-type":"","overlay-color":"","overlay-opacity":"","overlay-gradient":""}}},"product_brand":[],"product_cat":[369,394,365,372,363,574,378],"product_tag":[],"class_list":{"0":"post-38491","1":"product","2":"type-product","3":"status-publish","4":"has-post-thumbnail","6":"product_cat-csarnokok","7":"product_cat-digitalis-jatekok","8":"product_cat-goz","9":"product_cat-jatekok-szimulatorok","10":"product_cat-kaland-jatekok","11":"product_cat-kettosseg-jatekok","12":"product_cat-minden-digitalis-jatek","13":"desktop-align-left","14":"tablet-align-left","15":"mobile-align-left","17":"first","18":"instock","19":"virtual","20":"purchasable","21":"product-type-simple"},"acf":[],"yoast_head":"<!-- This site is optimized with the Yoast SEO Premium plugin v27.4 (Yoast SEO v27.4) - https:\/\/yoast.com\/product\/yoast-seo-premium-wordpress\/ -->\n<title>Barn Finders - Prismagamers.com<\/title>\n<meta name=\"description\" content=\"Vegyen r\u00e9szt rakt\u00e1ri \u00e1rver\u00e9seken, nyerjen \u00e1rver\u00e9seket, \u00fczemeltessen z\u00e1logh\u00e1zat \u00e9s keressen p\u00e9nzt. Keress \u00e9rt\u00e9kes t\u00e1rgyakat elhagyott pajt\u00e1kban \u00e9s m\u00e9g sok m\u00e1sban. Ki tudja, milyen titkokat rejtenek a k\u00f6vetkez\u0151 helysz\u00ednek?  \ud83c\udf0d Glob\u00e1lis \u2699\ufe0f Steam \ud83d\udddd Digit\u00e1lis kulcs\" \/>\n<meta name=\"robots\" content=\"index, follow, max-snippet:-1, max-image-preview:large, max-video-preview:-1\" \/>\n<link rel=\"canonical\" href=\"https:\/\/prismagamers.com\/hu\/produkt\/barn-finders\/\" \/>\n<meta property=\"og:locale\" content=\"hu_HU\" \/>\n<meta property=\"og:type\" content=\"article\" \/>\n<meta property=\"og:title\" content=\"Barn Finders\" \/>\n<meta property=\"og:description\" content=\"Vegyen r\u00e9szt rakt\u00e1ri \u00e1rver\u00e9seken, nyerjen \u00e1rver\u00e9seket, \u00fczemeltessen z\u00e1logh\u00e1zat \u00e9s keressen p\u00e9nzt. Keress \u00e9rt\u00e9kes t\u00e1rgyakat elhagyott pajt\u00e1kban \u00e9s m\u00e9g sok m\u00e1sban. Ki tudja, milyen titkokat rejtenek a k\u00f6vetkez\u0151 helysz\u00ednek?  \ud83c\udf0d Glob\u00e1lis \u2699\ufe0f Steam \ud83d\udddd Digit\u00e1lis kulcs\" \/>\n<meta property=\"og:url\" content=\"https:\/\/prismagamers.com\/hu\/produkt\/barn-finders\/\" \/>\n<meta property=\"og:site_name\" content=\"Prismagamers.com\" \/>\n<meta property=\"article:publisher\" content=\"https:\/\/www.facebook.com\/prismagamers\" \/>\n<meta property=\"article:modified_time\" content=\"2026-03-04T23:00:48+00:00\" \/>\n<meta property=\"og:image\" content=\"https:\/\/prismagamers.com\/wp-content\/uploads\/2023\/07\/library_600x900_2x-e1714383258581.jpg\" \/>\n\t<meta property=\"og:image:width\" content=\"300\" \/>\n\t<meta property=\"og:image:height\" content=\"450\" \/>\n\t<meta property=\"og:image:type\" content=\"image\/jpeg\" \/>\n<meta name=\"twitter:card\" content=\"summary_large_image\" \/>\n<meta name=\"twitter:label1\" content=\"Becs\u00fclt olvas\u00e1si id\u0151\" \/>\n\t<meta name=\"twitter:data1\" content=\"2 perc\" \/>\n<script type=\"application\/ld+json\" class=\"yoast-schema-graph\">{\"@context\":\"https:\\\/\\\/schema.org\",\"@graph\":[{\"@type\":\"WebPage\",\"@id\":\"https:\\\/\\\/prismagamers.com\\\/hu\\\/produkt\\\/barn-finders\\\/\",\"url\":\"https:\\\/\\\/prismagamers.com\\\/hu\\\/produkt\\\/barn-finders\\\/\",\"name\":\"Barn Finders - Prismagamers.com\",\"isPartOf\":{\"@id\":\"https:\\\/\\\/prismagamers.com\\\/hu\\\/#website\"},\"primaryImageOfPage\":{\"@id\":\"https:\\\/\\\/prismagamers.com\\\/hu\\\/produkt\\\/barn-finders\\\/#primaryimage\"},\"image\":{\"@id\":\"https:\\\/\\\/prismagamers.com\\\/hu\\\/produkt\\\/barn-finders\\\/#primaryimage\"},\"thumbnailUrl\":\"https:\\\/\\\/prismagamers.com\\\/wp-content\\\/uploads\\\/2023\\\/07\\\/library_600x900_2x-e1714383258581.jpg\",\"datePublished\":\"2023-07-03T12:17:29+00:00\",\"dateModified\":\"2026-03-04T23:00:48+00:00\",\"description\":\"Vegyen r\u00e9szt rakt\u00e1ri \u00e1rver\u00e9seken, nyerjen \u00e1rver\u00e9seket, \u00fczemeltessen z\u00e1logh\u00e1zat \u00e9s keressen p\u00e9nzt. Keress \u00e9rt\u00e9kes t\u00e1rgyakat elhagyott pajt\u00e1kban \u00e9s m\u00e9g sok m\u00e1sban. Ki tudja, milyen titkokat rejtenek a k\u00f6vetkez\u0151 helysz\u00ednek? \ud83c\udf0d Glob\u00e1lis \u2699\ufe0f Steam \ud83d\udddd Digit\u00e1lis kulcs\",\"breadcrumb\":{\"@id\":\"https:\\\/\\\/prismagamers.com\\\/hu\\\/produkt\\\/barn-finders\\\/#breadcrumb\"},\"inLanguage\":\"hu\",\"potentialAction\":[{\"@type\":\"ReadAction\",\"target\":[\"https:\\\/\\\/prismagamers.com\\\/hu\\\/produkt\\\/barn-finders\\\/\"]}]},{\"@type\":\"ImageObject\",\"inLanguage\":\"hu\",\"@id\":\"https:\\\/\\\/prismagamers.com\\\/hu\\\/produkt\\\/barn-finders\\\/#primaryimage\",\"url\":\"https:\\\/\\\/prismagamers.com\\\/wp-content\\\/uploads\\\/2023\\\/07\\\/library_600x900_2x-e1714383258581.jpg\",\"contentUrl\":\"https:\\\/\\\/prismagamers.com\\\/wp-content\\\/uploads\\\/2023\\\/07\\\/library_600x900_2x-e1714383258581.jpg\",\"width\":300,\"height\":450},{\"@type\":\"BreadcrumbList\",\"@id\":\"https:\\\/\\\/prismagamers.com\\\/hu\\\/produkt\\\/barn-finders\\\/#breadcrumb\",\"itemListElement\":[{\"@type\":\"ListItem\",\"position\":1,\"name\":\"Strona g\u0142\u00f3wna\",\"item\":\"https:\\\/\\\/prismagamers.com\\\/hu\\\/prismagamers\\\/\"},{\"@type\":\"ListItem\",\"position\":2,\"name\":\"Shop\",\"item\":\"https:\\\/\\\/prismagamers.com\\\/hu\\\/shop\\\/\"},{\"@type\":\"ListItem\",\"position\":3,\"name\":\"Barn Finders\"}]},{\"@type\":\"WebSite\",\"@id\":\"https:\\\/\\\/prismagamers.com\\\/hu\\\/#website\",\"url\":\"https:\\\/\\\/prismagamers.com\\\/hu\\\/\",\"name\":\"Prismagamers\",\"description\":\"Sklep z grami PC I Sklep klucze Steam\",\"publisher\":{\"@id\":\"https:\\\/\\\/prismagamers.com\\\/hu\\\/#organization\"},\"potentialAction\":[{\"@type\":\"SearchAction\",\"target\":{\"@type\":\"EntryPoint\",\"urlTemplate\":\"https:\\\/\\\/prismagamers.com\\\/hu\\\/?s={search_term_string}\"},\"query-input\":{\"@type\":\"PropertyValueSpecification\",\"valueRequired\":true,\"valueName\":\"search_term_string\"}}],\"inLanguage\":\"hu\"},{\"@type\":\"Organization\",\"@id\":\"https:\\\/\\\/prismagamers.com\\\/hu\\\/#organization\",\"name\":\"Prismagamers\",\"url\":\"https:\\\/\\\/prismagamers.com\\\/hu\\\/\",\"logo\":{\"@type\":\"ImageObject\",\"inLanguage\":\"hu\",\"@id\":\"https:\\\/\\\/prismagamers.com\\\/hu\\\/#\\\/schema\\\/logo\\\/image\\\/\",\"url\":\"https:\\\/\\\/prismagamers.com\\\/wp-content\\\/uploads\\\/2022\\\/04\\\/cropped-logo-Prismagamers-01-scaled-1.jpg\",\"contentUrl\":\"https:\\\/\\\/prismagamers.com\\\/wp-content\\\/uploads\\\/2022\\\/04\\\/cropped-logo-Prismagamers-01-scaled-1.jpg\",\"width\":512,\"height\":512,\"caption\":\"Prismagamers\"},\"image\":{\"@id\":\"https:\\\/\\\/prismagamers.com\\\/hu\\\/#\\\/schema\\\/logo\\\/image\\\/\"},\"sameAs\":[\"https:\\\/\\\/www.facebook.com\\\/prismagamers\",\"https:\\\/\\\/www.instagram.com\\\/prismagamers_grycyfrowe\\\/\"],\"description\":\"Prismagamers.com to dynamiczny sklep z grami cyfrowymi, stworzony z my\u015bl\u0105 o entuzjastach gier wideo. Nasza strona oferuje szerok\u0105 gam\u0119 gier komputerowych, w tym najnowsze tytu\u0142y, dobrze znane klasyki oraz gry stworzone przez niezale\u017cne studia Ca\u0142y czas d\u0105\u017cymy do rozszerzenia naszej oferty. Do\u0142\u0105cz do nas i sta\u0144 si\u0119 cz\u0119\u015bci\u0105 naszej rosn\u0105cej spo\u0142eczno\u015bci graczy!\",\"email\":\"shop@prismagamers.com\",\"telephone\":\"48795541705\",\"legalName\":\"East Caravan Maksym \u017bukow\",\"foundingDate\":\"2012-05-10\",\"vatID\":\"PL8943038612\",\"taxID\":\"PL8943038612\",\"numberOfEmployees\":{\"@type\":\"QuantitativeValue\",\"minValue\":\"11\",\"maxValue\":\"50\"}}]}<\/script>\n<!-- \/ Yoast SEO Premium plugin. -->","yoast_head_json":{"title":"Barn Finders - Prismagamers.com","description":"Vegyen r\u00e9szt rakt\u00e1ri \u00e1rver\u00e9seken, nyerjen \u00e1rver\u00e9seket, \u00fczemeltessen z\u00e1logh\u00e1zat \u00e9s keressen p\u00e9nzt. Keress \u00e9rt\u00e9kes t\u00e1rgyakat elhagyott pajt\u00e1kban \u00e9s m\u00e9g sok m\u00e1sban. Ki tudja, milyen titkokat rejtenek a k\u00f6vetkez\u0151 helysz\u00ednek?  \ud83c\udf0d Glob\u00e1lis \u2699\ufe0f Steam \ud83d\udddd Digit\u00e1lis kulcs","robots":{"index":"index","follow":"follow","max-snippet":"max-snippet:-1","max-image-preview":"max-image-preview:large","max-video-preview":"max-video-preview:-1"},"canonical":"https:\/\/prismagamers.com\/hu\/produkt\/barn-finders\/","og_locale":"hu_HU","og_type":"article","og_title":"Barn Finders","og_description":"Vegyen r\u00e9szt rakt\u00e1ri \u00e1rver\u00e9seken, nyerjen \u00e1rver\u00e9seket, \u00fczemeltessen z\u00e1logh\u00e1zat \u00e9s keressen p\u00e9nzt. Keress \u00e9rt\u00e9kes t\u00e1rgyakat elhagyott pajt\u00e1kban \u00e9s m\u00e9g sok m\u00e1sban. Ki tudja, milyen titkokat rejtenek a k\u00f6vetkez\u0151 helysz\u00ednek?  \ud83c\udf0d Glob\u00e1lis \u2699\ufe0f Steam \ud83d\udddd Digit\u00e1lis kulcs","og_url":"https:\/\/prismagamers.com\/hu\/produkt\/barn-finders\/","og_site_name":"Prismagamers.com","article_publisher":"https:\/\/www.facebook.com\/prismagamers","article_modified_time":"2026-03-04T23:00:48+00:00","og_image":[{"width":300,"height":450,"url":"https:\/\/prismagamers.com\/wp-content\/uploads\/2023\/07\/library_600x900_2x-e1714383258581.jpg","type":"image\/jpeg"}],"twitter_card":"summary_large_image","twitter_misc":{"Becs\u00fclt olvas\u00e1si id\u0151":"2 perc"},"schema":{"@context":"https:\/\/schema.org","@graph":[{"@type":"WebPage","@id":"https:\/\/prismagamers.com\/hu\/produkt\/barn-finders\/","url":"https:\/\/prismagamers.com\/hu\/produkt\/barn-finders\/","name":"Barn Finders - Prismagamers.com","isPartOf":{"@id":"https:\/\/prismagamers.com\/hu\/#website"},"primaryImageOfPage":{"@id":"https:\/\/prismagamers.com\/hu\/produkt\/barn-finders\/#primaryimage"},"image":{"@id":"https:\/\/prismagamers.com\/hu\/produkt\/barn-finders\/#primaryimage"},"thumbnailUrl":"https:\/\/prismagamers.com\/wp-content\/uploads\/2023\/07\/library_600x900_2x-e1714383258581.jpg","datePublished":"2023-07-03T12:17:29+00:00","dateModified":"2026-03-04T23:00:48+00:00","description":"Vegyen r\u00e9szt rakt\u00e1ri \u00e1rver\u00e9seken, nyerjen \u00e1rver\u00e9seket, \u00fczemeltessen z\u00e1logh\u00e1zat \u00e9s keressen p\u00e9nzt. Keress \u00e9rt\u00e9kes t\u00e1rgyakat elhagyott pajt\u00e1kban \u00e9s m\u00e9g sok m\u00e1sban. Ki tudja, milyen titkokat rejtenek a k\u00f6vetkez\u0151 helysz\u00ednek? \ud83c\udf0d Glob\u00e1lis \u2699\ufe0f Steam \ud83d\udddd Digit\u00e1lis kulcs","breadcrumb":{"@id":"https:\/\/prismagamers.com\/hu\/produkt\/barn-finders\/#breadcrumb"},"inLanguage":"hu","potentialAction":[{"@type":"ReadAction","target":["https:\/\/prismagamers.com\/hu\/produkt\/barn-finders\/"]}]},{"@type":"ImageObject","inLanguage":"hu","@id":"https:\/\/prismagamers.com\/hu\/produkt\/barn-finders\/#primaryimage","url":"https:\/\/prismagamers.com\/wp-content\/uploads\/2023\/07\/library_600x900_2x-e1714383258581.jpg","contentUrl":"https:\/\/prismagamers.com\/wp-content\/uploads\/2023\/07\/library_600x900_2x-e1714383258581.jpg","width":300,"height":450},{"@type":"BreadcrumbList","@id":"https:\/\/prismagamers.com\/hu\/produkt\/barn-finders\/#breadcrumb","itemListElement":[{"@type":"ListItem","position":1,"name":"Strona g\u0142\u00f3wna","item":"https:\/\/prismagamers.com\/hu\/prismagamers\/"},{"@type":"ListItem","position":2,"name":"Shop","item":"https:\/\/prismagamers.com\/hu\/shop\/"},{"@type":"ListItem","position":3,"name":"Barn Finders"}]},{"@type":"WebSite","@id":"https:\/\/prismagamers.com\/hu\/#website","url":"https:\/\/prismagamers.com\/hu\/","name":"Prismagamers","description":"Sklep z grami PC I Sklep klucze Steam","publisher":{"@id":"https:\/\/prismagamers.com\/hu\/#organization"},"potentialAction":[{"@type":"SearchAction","target":{"@type":"EntryPoint","urlTemplate":"https:\/\/prismagamers.com\/hu\/?s={search_term_string}"},"query-input":{"@type":"PropertyValueSpecification","valueRequired":true,"valueName":"search_term_string"}}],"inLanguage":"hu"},{"@type":"Organization","@id":"https:\/\/prismagamers.com\/hu\/#organization","name":"Prismagamers","url":"https:\/\/prismagamers.com\/hu\/","logo":{"@type":"ImageObject","inLanguage":"hu","@id":"https:\/\/prismagamers.com\/hu\/#\/schema\/logo\/image\/","url":"https:\/\/prismagamers.com\/wp-content\/uploads\/2022\/04\/cropped-logo-Prismagamers-01-scaled-1.jpg","contentUrl":"https:\/\/prismagamers.com\/wp-content\/uploads\/2022\/04\/cropped-logo-Prismagamers-01-scaled-1.jpg","width":512,"height":512,"caption":"Prismagamers"},"image":{"@id":"https:\/\/prismagamers.com\/hu\/#\/schema\/logo\/image\/"},"sameAs":["https:\/\/www.facebook.com\/prismagamers","https:\/\/www.instagram.com\/prismagamers_grycyfrowe\/"],"description":"Prismagamers.com to dynamiczny sklep z grami cyfrowymi, stworzony z my\u015bl\u0105 o entuzjastach gier wideo. Nasza strona oferuje szerok\u0105 gam\u0119 gier komputerowych, w tym najnowsze tytu\u0142y, dobrze znane klasyki oraz gry stworzone przez niezale\u017cne studia Ca\u0142y czas d\u0105\u017cymy do rozszerzenia naszej oferty. Do\u0142\u0105cz do nas i sta\u0144 si\u0119 cz\u0119\u015bci\u0105 naszej rosn\u0105cej spo\u0142eczno\u015bci graczy!","email":"shop@prismagamers.com","telephone":"48795541705","legalName":"East Caravan Maksym \u017bukow","foundingDate":"2012-05-10","vatID":"PL8943038612","taxID":"PL8943038612","numberOfEmployees":{"@type":"QuantitativeValue","minValue":"11","maxValue":"50"}}]}},"_links":{"self":[{"href":"https:\/\/prismagamers.com\/hu\/wp-json\/wp\/v2\/product\/38491","targetHints":{"allow":["GET"]}}],"collection":[{"href":"https:\/\/prismagamers.com\/hu\/wp-json\/wp\/v2\/product"}],"about":[{"href":"https:\/\/prismagamers.com\/hu\/wp-json\/wp\/v2\/types\/product"}],"wp:featuredmedia":[{"embeddable":true,"href":"https:\/\/prismagamers.com\/hu\/wp-json\/wp\/v2\/media\/25666"}],"wp:attachment":[{"href":"https:\/\/prismagamers.com\/hu\/wp-json\/wp\/v2\/media?parent=38491"}],"wp:term":[{"taxonomy":"product_brand","embeddable":true,"href":"https:\/\/prismagamers.com\/hu\/wp-json\/wp\/v2\/product_brand?post=38491"},{"taxonomy":"product_cat","embeddable":true,"href":"https:\/\/prismagamers.com\/hu\/wp-json\/wp\/v2\/product_cat?post=38491"},{"taxonomy":"product_tag","embeddable":true,"href":"https:\/\/prismagamers.com\/hu\/wp-json\/wp\/v2\/product_tag?post=38491"}],"curies":[{"name":"wp","href":"https:\/\/api.w.org\/{rel}","templated":true}]}}