{"id":38496,"date":"2023-07-27T12:07:08","date_gmt":"2023-07-27T10:07:08","guid":{"rendered":"https:\/\/prismagamers.com\/produkt\/usc-counterforce\/"},"modified":"2026-03-05T00:00:53","modified_gmt":"2026-03-04T23:00:53","slug":"usc-counterforce","status":"publish","type":"product","link":"https:\/\/prismagamers.com\/hu\/produkt\/usc-counterforce\/","title":{"rendered":"USC: Counterforce"},"content":{"rendered":"<p>Az <strong>USC<\/strong>: <strong>Counterforce <\/strong>egy fordul\u00f3alap\u00fa csapatj\u00e1t\u00e9k, amely minden taktika rajong\u00f3j\u00e1nak megfelel. A retro st\u00edlus\u00fa, futurisztikus sci-fi j\u00e1t\u00e9k egy elit kommand\u00f3s egys\u00e9g t\u00f6rt\u00e9net\u00e9t mes\u00e9li el, amelyet az M-8322 aszteroid\u00e1ra k\u00fcldenek, hogy felsz\u00e1moljon egy rejt\u00e9lyes idegen fenyeget\u00e9st. Amit a katon\u00e1k azonban a f\u00f6ld\u00f6n tal\u00e1lnak, arr\u00f3l kider\u00fcl, hogy valami sokkal komolyabb dolog, ami megv\u00e1ltoztathatja a t\u00f6rt\u00e9nelem menet\u00e9t.   <\/p>\n<h2>Fordul\u00f3s taktikai j\u00e1t\u00e9k <i>USC: Counterforce<\/i> RPG elemekkel<\/h2>\n<p>AT <i><strong>USC<\/strong>: <\/i><strong><i>Counterforce <\/i><\/strong>a j\u00e1t\u00e9kos feladata egy csapat kommand\u00f3s ir\u00e1ny\u00edt\u00e1sa, akiknek a k\u00fcldet\u00e9se egy ismeretlen \u0171rb\u0151l \u00e9rkez\u0151 fenyeget\u00e9s felsz\u00e1mol\u00e1sa. A j\u00e1t\u00e9km\u00f3dok sz\u00e9les sk\u00e1l\u00e1ja \u00e1ll rendelkez\u00e9sre, a klasszikus b\u00e1zisv\u00e9delemt\u0151l a v\u00e9letlenszer\u0171en gener\u00e1lt k\u00fcldet\u00e9sekig, valamint rengeteg mechanika kipr\u00f3b\u00e1lhat\u00f3 &#8211; k\u00f6zelharci \u00e9s t\u00e1vols\u00e1gi fegyverek, hackel\u00e9s \u00e9s m\u00e9g sok m\u00e1s. RPG elemekkel \u00e9s v\u00e1ltozatos <i><strong>USC<\/strong> <\/i> szintekkel kombin\u00e1lva <i>: <\/i><strong><i>Counterforce <\/i><\/strong>\u00f3r\u00e1kig izgalmas j\u00e1t\u00e9k\u00e9lm\u00e9nyt ny\u00fajt.  <\/p>\n<p><img decoding=\"async\" class=\"aligncenter\" src=\"https:\/\/cdn.akamai.steamstatic.com\/steam\/apps\/1574870\/extras\/1.gif?t=1690295932\"><\/p>\n<p><img decoding=\"async\" src=\"https:\/\/cdn.akamai.steamstatic.com\/steam\/apps\/1574870\/extras\/USC_TITLES-FIELD_TACTICS_pol.png?t=1690295932\"><\/p>\n<p>K\u00e9sz\u00edtse fel csapat\u00e1t minden lehets\u00e9ges helyzetre! A fejlett csapatir\u00e1ny\u00edt\u00e1si rendszer komplex karaktertulajdons\u00e1gokat \u00e9s -k\u00e9pess\u00e9geket, r\u00e9szletes harci mechanik\u00e1t \u00e9s k\u00fcl\u00f6nf\u00e9le felszerel\u00e9seket k\u00edn\u00e1l. Fedezz fel t\u00f6bb sz\u00e1z fegyvert \u00e9s k\u00fcty\u00fct, amelyek k\u00f6z\u00fcl minden j\u00e1t\u00e9kos megtal\u00e1lja a karakter\u00e9hez t\u00f6k\u00e9letesen ill\u0151t.  <\/p>\n<ul class=\"bb_ul\">\n<li>Az oszt\u00e1lyok n\u00e9lk\u00fcli k\u00e9pess\u00e9grendszer, a passz\u00edv k\u00e9pess\u00e9gek gazdag k\u00e9szlet\u00e9vel, megadja a j\u00e1t\u00e9kosoknak a szabads\u00e1got, hogy a karaktereket saj\u00e1t preferenci\u00e1ikra szabj\u00e1k. Nem korl\u00e1toz\u00f3dik a hagyom\u00e1nyos oszt\u00e1lys\u00e9m\u00e1kra, lehet\u0151v\u00e9 t\u00e9ve a k\u00fcl\u00f6nf\u00e9le passz\u00edv k\u00e9pess\u00e9gekkel rendelkez\u0151 karakterek rugalmas l\u00e9trehoz\u00e1s\u00e1t. <\/li>\n<li>A v\u00e1ltozatos fegyverek mind a k\u00f6zelharcban, mind a t\u00e1vols\u00e1gi harcban taktikai v\u00e1ltozatoss\u00e1got k\u00edn\u00e1lnak a helyzett\u0151l f\u00fcgg\u0151en. A rendszer k\u00fcl\u00f6nb\u00f6z\u0151 l\u0151szert\u00edpusokat tartalmaz, ami a strat\u00e9gia egy extra dimenzi\u00f3j\u00e1t adja a j\u00e1t\u00e9kmenetnek. A kardokt\u00f3l \u00e9s b\u00e1rdokt\u00f3l kezdve a pusk\u00e1kig \u00e9s s\u00f6r\u00e9tes pusk\u00e1kig a j\u00e1t\u00e9kosok sz\u00e9les arzen\u00e1l \u00e1ll rendelkez\u00e9s\u00fckre, alkalmazkodva a k\u00fcl\u00f6nb\u00f6z\u0151 harci forgat\u00f3k\u00f6nyvekhez.  <\/li>\n<li>A j\u00e1t\u00e9kban hackereszk\u00f6z\u00f6k, akn\u00e1k, l\u00f6vegtornyok \u00e9s egy\u00e9b \u00fajdons\u00e1gok tal\u00e1lhat\u00f3k, amelyeket a j\u00e1t\u00e9kosok strat\u00e9giailag haszn\u00e1lhatnak. Emellett lehet\u0151s\u00e9g van a fegyverek \u00e9s a p\u00e1nc\u00e9lzat fejleszt\u00e9s\u00e9re is, \u00edgy a j\u00e1t\u00e9kosok saj\u00e1t preferenci\u00e1ikhoz \u00e9s taktik\u00e1jukhoz igaz\u00edthatj\u00e1k felszerel\u00e9s\u00fcket. Ez\u00e1ltal a j\u00e1t\u00e9kosok sz\u00e1mos lehet\u0151s\u00e9get kapnak arra, hogy felszerel\u00e9s\u00fcket a v\u00e1ltoz\u00f3 harci k\u00f6r\u00fclm\u00e9nyekhez \u00e9s saj\u00e1t j\u00e1t\u00e9kst\u00edlusukhoz igaz\u00edts\u00e1k.  <\/li>\n<\/ul>\n<p><img decoding=\"async\" src=\"https:\/\/cdn.akamai.steamstatic.com\/steam\/apps\/1574870\/extras\/USC_TITLES-ADAPTABLE_BATTLEFLIELDS_pol.png?t=1690295932\"><\/p>\n<p>Fedezd fel \u00e9s gy\u0151zd le a dinamikus, teljesen elpuszt\u00edthat\u00f3 k\u00f6rnyezetet. V\u00e1ltoztasd meg a csatat\u00e9r t\u00e1jk\u00e9p\u00e9t, \u00e9p\u00edts barik\u00e1dokat, ker\u00fcld el a vesz\u00e9lyeket, \u00e9s haszn\u00e1ld \u0151ket el\u0151ny\u00f6dre. \u00c1ll\u00edts csapd\u00e1kat, ind\u00edts be l\u00e1ncreakci\u00f3kat, blokkold a zsilipeket vagy t\u00f6rj \u00e1t a falakon. K\u00e9sz\u00fclj fel ugyanerre az ellenfeledt\u0151l is, mivel a k\u00f6rnyezet kreat\u00edv haszn\u00e1lata a strat\u00e9gia \u00e9s a t\u00fal\u00e9l\u00e9s kulcsfontoss\u00e1g\u00fa elem\u00e9v\u00e9 v\u00e1lik.   <\/p>\n<p><img decoding=\"async\" src=\"https:\/\/cdn.akamai.steamstatic.com\/steam\/apps\/1574870\/extras\/USC_TITLES-INFINITE_REPLAYABILITY_pol.png?t=1690295932\"><\/p>\n<p>A k\u00fcl\u00f6nb\u00f6z\u0151 j\u00e1t\u00e9km\u00f3dok r\u00e9v\u00e9n lehet\u0151s\u00e9ged ny\u00edlik arra, hogy pr\u00f3b\u00e1ra tedd k\u00e9pess\u00e9geidet mind a v\u00e9letlenszer\u0171, teljesen testre szabhat\u00f3 egy\u00e9ni k\u00fcldet\u00e9sekben, mind az egyedi c\u00e9lokat tartalmaz\u00f3, kih\u00edv\u00e1st jelent\u0151 m\u0171veletekben. A t\u00f6bbszint\u0171 neh\u00e9zs\u00e9gi rendszer izgalmas \u00e9s kih\u00edv\u00e1sokkal teli j\u00e1t\u00e9kmenetet biztos\u00edt a saj\u00e1t preferenci\u00e1idra szabottan. A kih\u00edv\u00e1st jelent\u0151 neh\u00e9zs\u00e9gi szinteket vagy a nyugodtabb j\u00e1t\u00e9kmenetet kedveled? A v\u00e1laszt\u00e1s a ti\u00e9d.   <\/p>\n<p>Ha nem szeretn\u00e9l egyed\u00fcl szembesz\u00e1llni a hord\u00e1kkal, pr\u00f3b\u00e1ld ki a kooperat\u00edv m\u00f3dot, ahol felv\u00e1ltva j\u00e1tszhatsz egy m\u00e1sik katon\u00e1val. Vagy haszn\u00e1ld a Steam \u201eT\u00e1voli k\u00f6z\u00f6s j\u00e1t\u00e9k\u201d funkci\u00f3j\u00e1t, hogy egyes\u00edtsd er\u0151idet, \u00e9s egy\u00fctt n\u00e9zz szembe a kih\u00edv\u00e1sokkal. <\/p>\n<p><img decoding=\"async\" src=\"https:\/\/cdn.akamai.steamstatic.com\/steam\/apps\/1574870\/extras\/USC_TITLES-DETERMINE_THE_FATE_pol.png?t=1690295932\"><\/p>\n<p>A j\u00e1t\u00e9k teljes verzi\u00f3j\u00e1ban egy nyitott kamp\u00e1nym\u00f3d v\u00e1r r\u00e1d, ahol a d\u00f6nt\u00e9seidt\u0151l f\u00fcgg\u0151en bontakozik ki a t\u00f6rt\u00e9net. Fedezd fel a j\u00e1t\u00e9kvil\u00e1got, hozz kulcsfontoss\u00e1g\u00fa d\u00f6nt\u00e9seket, \u00e9s alak\u00edtsd mind a karaktereid, mind a k\u00f6rnyezeted sors\u00e1t. minden egyes d\u00f6nt\u00e9sed egyedi j\u00e1t\u00e9k\u00e9lm\u00e9nyt befoly\u00e1sol.  <\/p>\n","protected":false},"excerpt":{"rendered":"<p class=\"ai-optimize-introduction ai-optimize-24\">Vezess egy elit \u0171rkommand\u00f3s egys\u00e9get egy epikus, fordul\u00f3alap\u00fa csapattaktikai j\u00e1t\u00e9kban, amelyet olyan c\u00edmek ihlettek, mint az UFO\/XCOM, a Space Hulk \u00e9s az Aliens. Az \u00f6sszetett \u00fcgyess\u00e9gi \u00e9s harci rendszerek, valamint a k\u00fcl\u00f6nf\u00e9le j\u00e1t\u00e9km\u00f3dok lek\u00f6tik a kalandban val\u00f3 r\u00e9szv\u00e9telt. Fejtsd meg az MC83-A kol\u00f3nia \u00f6sszeoml\u00e1s\u00e1nak rejt\u00e9ly\u00e9t, \u00e9s \u00e1llj ki az emberis\u00e9g j\u00f6v\u0151j\u00e9\u00e9rt.  <\/p>\n<p class=\"ai-optimize-25\"><img decoding=\"async\" class=\"emoji\" role=\"img\" draggable=\"false\" src=\"https:\/\/s.w.org\/images\/core\/emoji\/14.0.0\/svg\/1f30d.svg\" alt=\"\ud83c\udf0d\">  Global<br \/>\n<img decoding=\"async\" class=\"emoji\" role=\"img\" draggable=\"false\" src=\"https:\/\/s.w.org\/images\/core\/emoji\/14.0.0\/svg\/2699.svg\" alt=\"\u2699\ufe0f\"> Steam<br \/>\n<img decoding=\"async\" class=\"emoji\" role=\"img\" draggable=\"false\" src=\"https:\/\/s.w.org\/images\/core\/emoji\/14.0.0\/svg\/1f5dd.svg\" alt=\"\ud83d\udddd\"> Digit\u00e1lis kulcs<\/p>\n","protected":false},"featured_media":25775,"template":"","meta":{"_acf_changed":false,"site-sidebar-layout":"default","site-content-layout":"default","ast-site-content-layout":"default","site-content-style":"default","site-sidebar-style":"default","ast-global-header-display":"","ast-banner-title-visibility":"","ast-main-header-display":"","ast-hfb-above-header-display":"","ast-hfb-below-header-display":"","ast-hfb-mobile-header-display":"","site-post-title":"","ast-breadcrumbs-content":"","ast-featured-img":"","footer-sml-layout":"","ast-disable-related-posts":"","theme-transparent-header-meta":"default","adv-header-id-meta":"","stick-header-meta":"","header-above-stick-meta":"","header-main-stick-meta":"","header-below-stick-meta":"","astra-migrate-meta-layouts":"default","ast-page-background-enabled":"default","ast-page-background-meta":{"desktop":{"background-color":"var(--ast-global-color-4)","background-image":"","background-repeat":"repeat","background-position":"center center","background-size":"auto","background-attachment":"scroll","background-type":"","background-media":"","overlay-type":"","overlay-color":"","overlay-opacity":"","overlay-gradient":""},"tablet":{"background-color":"","background-image":"","background-repeat":"repeat","background-position":"center center","background-size":"auto","background-attachment":"scroll","background-type":"","background-media":"","overlay-type":"","overlay-color":"","overlay-opacity":"","overlay-gradient":""},"mobile":{"background-color":"","background-image":"","background-repeat":"repeat","background-position":"center center","background-size":"auto","background-attachment":"scroll","background-type":"","background-media":"","overlay-type":"","overlay-color":"","overlay-opacity":"","overlay-gradient":""}},"ast-content-background-meta":{"desktop":{"background-color":"var(--ast-global-color-5)","background-image":"","background-repeat":"repeat","background-position":"center center","background-size":"auto","background-attachment":"scroll","background-type":"","background-media":"","overlay-type":"","overlay-color":"","overlay-opacity":"","overlay-gradient":""},"tablet":{"background-color":"var(--ast-global-color-5)","background-image":"","background-repeat":"repeat","background-position":"center center","background-size":"auto","background-attachment":"scroll","background-type":"","background-media":"","overlay-type":"","overlay-color":"","overlay-opacity":"","overlay-gradient":""},"mobile":{"background-color":"var(--ast-global-color-5)","background-image":"","background-repeat":"repeat","background-position":"center center","background-size":"auto","background-attachment":"scroll","background-type":"","background-media":"","overlay-type":"","overlay-color":"","overlay-opacity":"","overlay-gradient":""}}},"product_brand":[],"product_cat":[369,394,576,365,378,367,364,386],"product_tag":[],"class_list":{"0":"post-38496","1":"product","2":"type-product","3":"status-publish","4":"has-post-thumbnail","6":"product_cat-csarnokok","7":"product_cat-digitalis-jatekok","8":"product_cat-firesquid-hu","9":"product_cat-goz","10":"product_cat-minden-digitalis-jatek","11":"product_cat-pc-jatekok","12":"product_cat-rpg-k","13":"product_cat-strategiai-jatekok","14":"desktop-align-left","15":"tablet-align-left","16":"mobile-align-left","18":"first","19":"instock","20":"shipping-taxable","21":"purchasable","22":"product-type-simple"},"acf":[],"yoast_head":"<!-- This site is optimized with the Yoast SEO Premium plugin v27.4 (Yoast SEO v27.4) - https:\/\/yoast.com\/product\/yoast-seo-premium-wordpress\/ -->\n<title>USC: Counterforce - Prismagamers.com<\/title>\n<meta name=\"description\" content=\"Fogadd el a kih\u00edv\u00e1st, \u00e9s vezesd az \u0171rkommand\u00f3sok elit egys\u00e9g\u00e9t az epikus, fordul\u00f3alap\u00fa USC: Counterforce j\u00e1t\u00e9kban. N\u00e9zd meg magad!\" \/>\n<meta name=\"robots\" content=\"index, follow, max-snippet:-1, max-image-preview:large, max-video-preview:-1\" \/>\n<link rel=\"canonical\" href=\"https:\/\/prismagamers.com\/hu\/produkt\/usc-counterforce\/\" \/>\n<meta property=\"og:locale\" content=\"hu_HU\" \/>\n<meta property=\"og:type\" content=\"article\" \/>\n<meta property=\"og:title\" content=\"USC: Counterforce\" \/>\n<meta property=\"og:description\" content=\"Fogadd el a kih\u00edv\u00e1st, \u00e9s vezesd az \u0171rkommand\u00f3sok elit egys\u00e9g\u00e9t az epikus, fordul\u00f3alap\u00fa USC: Counterforce j\u00e1t\u00e9kban. N\u00e9zd meg magad!\" \/>\n<meta property=\"og:url\" content=\"https:\/\/prismagamers.com\/hu\/produkt\/usc-counterforce\/\" \/>\n<meta property=\"og:site_name\" content=\"Prismagamers.com\" \/>\n<meta property=\"article:publisher\" content=\"https:\/\/www.facebook.com\/prismagamers\" \/>\n<meta property=\"article:modified_time\" content=\"2026-03-04T23:00:53+00:00\" \/>\n<meta property=\"og:image\" content=\"https:\/\/prismagamers.com\/wp-content\/uploads\/2023\/07\/library_600x900_2x-16.jpg\" \/>\n\t<meta property=\"og:image:width\" content=\"600\" \/>\n\t<meta property=\"og:image:height\" content=\"900\" \/>\n\t<meta property=\"og:image:type\" content=\"image\/jpeg\" \/>\n<meta name=\"twitter:card\" content=\"summary_large_image\" \/>\n<meta name=\"twitter:label1\" content=\"Becs\u00fclt olvas\u00e1si id\u0151\" \/>\n\t<meta name=\"twitter:data1\" content=\"4 perc\" \/>\n<script type=\"application\/ld+json\" class=\"yoast-schema-graph\">{\"@context\":\"https:\\\/\\\/schema.org\",\"@graph\":[{\"@type\":\"WebPage\",\"@id\":\"https:\\\/\\\/prismagamers.com\\\/hu\\\/produkt\\\/usc-counterforce\\\/\",\"url\":\"https:\\\/\\\/prismagamers.com\\\/hu\\\/produkt\\\/usc-counterforce\\\/\",\"name\":\"USC: Counterforce - Prismagamers.com\",\"isPartOf\":{\"@id\":\"https:\\\/\\\/prismagamers.com\\\/hu\\\/#website\"},\"primaryImageOfPage\":{\"@id\":\"https:\\\/\\\/prismagamers.com\\\/hu\\\/produkt\\\/usc-counterforce\\\/#primaryimage\"},\"image\":{\"@id\":\"https:\\\/\\\/prismagamers.com\\\/hu\\\/produkt\\\/usc-counterforce\\\/#primaryimage\"},\"thumbnailUrl\":\"https:\\\/\\\/prismagamers.com\\\/wp-content\\\/uploads\\\/2023\\\/07\\\/library_600x900_2x-16.jpg\",\"datePublished\":\"2023-07-27T10:07:08+00:00\",\"dateModified\":\"2026-03-04T23:00:53+00:00\",\"description\":\"Fogadd el a kih\u00edv\u00e1st, \u00e9s vezesd az \u0171rkommand\u00f3sok elit egys\u00e9g\u00e9t az epikus, fordul\u00f3alap\u00fa USC: Counterforce j\u00e1t\u00e9kban. N\u00e9zd meg magad!\",\"breadcrumb\":{\"@id\":\"https:\\\/\\\/prismagamers.com\\\/hu\\\/produkt\\\/usc-counterforce\\\/#breadcrumb\"},\"inLanguage\":\"hu\",\"potentialAction\":[{\"@type\":\"ReadAction\",\"target\":[\"https:\\\/\\\/prismagamers.com\\\/hu\\\/produkt\\\/usc-counterforce\\\/\"]}]},{\"@type\":\"ImageObject\",\"inLanguage\":\"hu\",\"@id\":\"https:\\\/\\\/prismagamers.com\\\/hu\\\/produkt\\\/usc-counterforce\\\/#primaryimage\",\"url\":\"https:\\\/\\\/prismagamers.com\\\/wp-content\\\/uploads\\\/2023\\\/07\\\/library_600x900_2x-16.jpg\",\"contentUrl\":\"https:\\\/\\\/prismagamers.com\\\/wp-content\\\/uploads\\\/2023\\\/07\\\/library_600x900_2x-16.jpg\",\"width\":600,\"height\":900},{\"@type\":\"BreadcrumbList\",\"@id\":\"https:\\\/\\\/prismagamers.com\\\/hu\\\/produkt\\\/usc-counterforce\\\/#breadcrumb\",\"itemListElement\":[{\"@type\":\"ListItem\",\"position\":1,\"name\":\"Strona g\u0142\u00f3wna\",\"item\":\"https:\\\/\\\/prismagamers.com\\\/hu\\\/prismagamers\\\/\"},{\"@type\":\"ListItem\",\"position\":2,\"name\":\"Shop\",\"item\":\"https:\\\/\\\/prismagamers.com\\\/hu\\\/shop\\\/\"},{\"@type\":\"ListItem\",\"position\":3,\"name\":\"USC: Counterforce\"}]},{\"@type\":\"WebSite\",\"@id\":\"https:\\\/\\\/prismagamers.com\\\/hu\\\/#website\",\"url\":\"https:\\\/\\\/prismagamers.com\\\/hu\\\/\",\"name\":\"Prismagamers\",\"description\":\"Sklep z grami PC I Sklep klucze Steam\",\"publisher\":{\"@id\":\"https:\\\/\\\/prismagamers.com\\\/hu\\\/#organization\"},\"potentialAction\":[{\"@type\":\"SearchAction\",\"target\":{\"@type\":\"EntryPoint\",\"urlTemplate\":\"https:\\\/\\\/prismagamers.com\\\/hu\\\/?s={search_term_string}\"},\"query-input\":{\"@type\":\"PropertyValueSpecification\",\"valueRequired\":true,\"valueName\":\"search_term_string\"}}],\"inLanguage\":\"hu\"},{\"@type\":\"Organization\",\"@id\":\"https:\\\/\\\/prismagamers.com\\\/hu\\\/#organization\",\"name\":\"Prismagamers\",\"url\":\"https:\\\/\\\/prismagamers.com\\\/hu\\\/\",\"logo\":{\"@type\":\"ImageObject\",\"inLanguage\":\"hu\",\"@id\":\"https:\\\/\\\/prismagamers.com\\\/hu\\\/#\\\/schema\\\/logo\\\/image\\\/\",\"url\":\"https:\\\/\\\/prismagamers.com\\\/wp-content\\\/uploads\\\/2022\\\/04\\\/cropped-logo-Prismagamers-01-scaled-1.jpg\",\"contentUrl\":\"https:\\\/\\\/prismagamers.com\\\/wp-content\\\/uploads\\\/2022\\\/04\\\/cropped-logo-Prismagamers-01-scaled-1.jpg\",\"width\":512,\"height\":512,\"caption\":\"Prismagamers\"},\"image\":{\"@id\":\"https:\\\/\\\/prismagamers.com\\\/hu\\\/#\\\/schema\\\/logo\\\/image\\\/\"},\"sameAs\":[\"https:\\\/\\\/www.facebook.com\\\/prismagamers\",\"https:\\\/\\\/www.instagram.com\\\/prismagamers_grycyfrowe\\\/\"],\"description\":\"Prismagamers.com to dynamiczny sklep z grami cyfrowymi, stworzony z my\u015bl\u0105 o entuzjastach gier wideo. Nasza strona oferuje szerok\u0105 gam\u0119 gier komputerowych, w tym najnowsze tytu\u0142y, dobrze znane klasyki oraz gry stworzone przez niezale\u017cne studia Ca\u0142y czas d\u0105\u017cymy do rozszerzenia naszej oferty. Do\u0142\u0105cz do nas i sta\u0144 si\u0119 cz\u0119\u015bci\u0105 naszej rosn\u0105cej spo\u0142eczno\u015bci graczy!\",\"email\":\"shop@prismagamers.com\",\"telephone\":\"48795541705\",\"legalName\":\"East Caravan Maksym \u017bukow\",\"foundingDate\":\"2012-05-10\",\"vatID\":\"PL8943038612\",\"taxID\":\"PL8943038612\",\"numberOfEmployees\":{\"@type\":\"QuantitativeValue\",\"minValue\":\"11\",\"maxValue\":\"50\"}}]}<\/script>\n<!-- \/ Yoast SEO Premium plugin. -->","yoast_head_json":{"title":"USC: Counterforce - Prismagamers.com","description":"Fogadd el a kih\u00edv\u00e1st, \u00e9s vezesd az \u0171rkommand\u00f3sok elit egys\u00e9g\u00e9t az epikus, fordul\u00f3alap\u00fa USC: Counterforce j\u00e1t\u00e9kban. N\u00e9zd meg magad!","robots":{"index":"index","follow":"follow","max-snippet":"max-snippet:-1","max-image-preview":"max-image-preview:large","max-video-preview":"max-video-preview:-1"},"canonical":"https:\/\/prismagamers.com\/hu\/produkt\/usc-counterforce\/","og_locale":"hu_HU","og_type":"article","og_title":"USC: Counterforce","og_description":"Fogadd el a kih\u00edv\u00e1st, \u00e9s vezesd az \u0171rkommand\u00f3sok elit egys\u00e9g\u00e9t az epikus, fordul\u00f3alap\u00fa USC: Counterforce j\u00e1t\u00e9kban. N\u00e9zd meg magad!","og_url":"https:\/\/prismagamers.com\/hu\/produkt\/usc-counterforce\/","og_site_name":"Prismagamers.com","article_publisher":"https:\/\/www.facebook.com\/prismagamers","article_modified_time":"2026-03-04T23:00:53+00:00","og_image":[{"width":600,"height":900,"url":"https:\/\/prismagamers.com\/wp-content\/uploads\/2023\/07\/library_600x900_2x-16.jpg","type":"image\/jpeg"}],"twitter_card":"summary_large_image","twitter_misc":{"Becs\u00fclt olvas\u00e1si id\u0151":"4 perc"},"schema":{"@context":"https:\/\/schema.org","@graph":[{"@type":"WebPage","@id":"https:\/\/prismagamers.com\/hu\/produkt\/usc-counterforce\/","url":"https:\/\/prismagamers.com\/hu\/produkt\/usc-counterforce\/","name":"USC: Counterforce - Prismagamers.com","isPartOf":{"@id":"https:\/\/prismagamers.com\/hu\/#website"},"primaryImageOfPage":{"@id":"https:\/\/prismagamers.com\/hu\/produkt\/usc-counterforce\/#primaryimage"},"image":{"@id":"https:\/\/prismagamers.com\/hu\/produkt\/usc-counterforce\/#primaryimage"},"thumbnailUrl":"https:\/\/prismagamers.com\/wp-content\/uploads\/2023\/07\/library_600x900_2x-16.jpg","datePublished":"2023-07-27T10:07:08+00:00","dateModified":"2026-03-04T23:00:53+00:00","description":"Fogadd el a kih\u00edv\u00e1st, \u00e9s vezesd az \u0171rkommand\u00f3sok elit egys\u00e9g\u00e9t az epikus, fordul\u00f3alap\u00fa USC: Counterforce j\u00e1t\u00e9kban. N\u00e9zd meg magad!","breadcrumb":{"@id":"https:\/\/prismagamers.com\/hu\/produkt\/usc-counterforce\/#breadcrumb"},"inLanguage":"hu","potentialAction":[{"@type":"ReadAction","target":["https:\/\/prismagamers.com\/hu\/produkt\/usc-counterforce\/"]}]},{"@type":"ImageObject","inLanguage":"hu","@id":"https:\/\/prismagamers.com\/hu\/produkt\/usc-counterforce\/#primaryimage","url":"https:\/\/prismagamers.com\/wp-content\/uploads\/2023\/07\/library_600x900_2x-16.jpg","contentUrl":"https:\/\/prismagamers.com\/wp-content\/uploads\/2023\/07\/library_600x900_2x-16.jpg","width":600,"height":900},{"@type":"BreadcrumbList","@id":"https:\/\/prismagamers.com\/hu\/produkt\/usc-counterforce\/#breadcrumb","itemListElement":[{"@type":"ListItem","position":1,"name":"Strona g\u0142\u00f3wna","item":"https:\/\/prismagamers.com\/hu\/prismagamers\/"},{"@type":"ListItem","position":2,"name":"Shop","item":"https:\/\/prismagamers.com\/hu\/shop\/"},{"@type":"ListItem","position":3,"name":"USC: Counterforce"}]},{"@type":"WebSite","@id":"https:\/\/prismagamers.com\/hu\/#website","url":"https:\/\/prismagamers.com\/hu\/","name":"Prismagamers","description":"Sklep z grami PC I Sklep klucze Steam","publisher":{"@id":"https:\/\/prismagamers.com\/hu\/#organization"},"potentialAction":[{"@type":"SearchAction","target":{"@type":"EntryPoint","urlTemplate":"https:\/\/prismagamers.com\/hu\/?s={search_term_string}"},"query-input":{"@type":"PropertyValueSpecification","valueRequired":true,"valueName":"search_term_string"}}],"inLanguage":"hu"},{"@type":"Organization","@id":"https:\/\/prismagamers.com\/hu\/#organization","name":"Prismagamers","url":"https:\/\/prismagamers.com\/hu\/","logo":{"@type":"ImageObject","inLanguage":"hu","@id":"https:\/\/prismagamers.com\/hu\/#\/schema\/logo\/image\/","url":"https:\/\/prismagamers.com\/wp-content\/uploads\/2022\/04\/cropped-logo-Prismagamers-01-scaled-1.jpg","contentUrl":"https:\/\/prismagamers.com\/wp-content\/uploads\/2022\/04\/cropped-logo-Prismagamers-01-scaled-1.jpg","width":512,"height":512,"caption":"Prismagamers"},"image":{"@id":"https:\/\/prismagamers.com\/hu\/#\/schema\/logo\/image\/"},"sameAs":["https:\/\/www.facebook.com\/prismagamers","https:\/\/www.instagram.com\/prismagamers_grycyfrowe\/"],"description":"Prismagamers.com to dynamiczny sklep z grami cyfrowymi, stworzony z my\u015bl\u0105 o entuzjastach gier wideo. Nasza strona oferuje szerok\u0105 gam\u0119 gier komputerowych, w tym najnowsze tytu\u0142y, dobrze znane klasyki oraz gry stworzone przez niezale\u017cne studia Ca\u0142y czas d\u0105\u017cymy do rozszerzenia naszej oferty. Do\u0142\u0105cz do nas i sta\u0144 si\u0119 cz\u0119\u015bci\u0105 naszej rosn\u0105cej spo\u0142eczno\u015bci graczy!","email":"shop@prismagamers.com","telephone":"48795541705","legalName":"East Caravan Maksym \u017bukow","foundingDate":"2012-05-10","vatID":"PL8943038612","taxID":"PL8943038612","numberOfEmployees":{"@type":"QuantitativeValue","minValue":"11","maxValue":"50"}}]}},"_links":{"self":[{"href":"https:\/\/prismagamers.com\/hu\/wp-json\/wp\/v2\/product\/38496","targetHints":{"allow":["GET"]}}],"collection":[{"href":"https:\/\/prismagamers.com\/hu\/wp-json\/wp\/v2\/product"}],"about":[{"href":"https:\/\/prismagamers.com\/hu\/wp-json\/wp\/v2\/types\/product"}],"wp:featuredmedia":[{"embeddable":true,"href":"https:\/\/prismagamers.com\/hu\/wp-json\/wp\/v2\/media\/25775"}],"wp:attachment":[{"href":"https:\/\/prismagamers.com\/hu\/wp-json\/wp\/v2\/media?parent=38496"}],"wp:term":[{"taxonomy":"product_brand","embeddable":true,"href":"https:\/\/prismagamers.com\/hu\/wp-json\/wp\/v2\/product_brand?post=38496"},{"taxonomy":"product_cat","embeddable":true,"href":"https:\/\/prismagamers.com\/hu\/wp-json\/wp\/v2\/product_cat?post=38496"},{"taxonomy":"product_tag","embeddable":true,"href":"https:\/\/prismagamers.com\/hu\/wp-json\/wp\/v2\/product_tag?post=38496"}],"curies":[{"name":"wp","href":"https:\/\/api.w.org\/{rel}","templated":true}]}}