{"id":38567,"date":"2023-05-03T17:28:55","date_gmt":"2023-05-03T15:28:55","guid":{"rendered":"https:\/\/prismagamers.com\/produkt\/trailmakers-airborne-bovites-dlc\/"},"modified":"2026-04-21T01:56:11","modified_gmt":"2026-04-20T23:56:11","slug":"trailmakers-airborne-bovites-dlc","status":"publish","type":"product","link":"https:\/\/prismagamers.com\/hu\/produkt\/trailmakers-airborne-bovites-dlc\/","title":{"rendered":"Trailmakers: Airborne Expansion DLC"},"content":{"rendered":"<p>A Trailmakers: Airborne kieg\u00e9sz\u00edt\u0151 csomagban egy akci\u00f3d\u00fas kamp\u00e1nyban sz\u00e1llhatsz fel az \u00e9gbe, hogy megmentsd a b\u00e9keszeret\u0151 csiripeket a robotpil\u00f3t\u00e1k inv\u00e1zi\u00f3j\u00e1t\u00f3l.<\/p>\n<h2 class=\"bb_tag\">Kamp\u00e1ny<\/h2>\n<p>Ebben a k\u00fcldet\u00e9salap\u00fa kamp\u00e1nyban a Trailmakers vadonat\u00faj vil\u00e1g\u00e1ban navig\u00e1lhatsz, ahol sivatagok, hegyek \u00e9s gy\u00f6ny\u00f6r\u0171 \u00fasz\u00f3 szigetek v\u00e1rnak r\u00e1d. A helyi csiripek lakoss\u00e1ga egyre nehezebb feladatok el\u00e9 \u00e1ll\u00edt, ahogy egyre m\u00e9lyebbre mer\u00e9szkedsz a vesz\u00e9lyes robotkal\u00f3zok ter\u00fclet\u00e9re.<br \/>\nMinden feladat teljes\u00edt\u00e9se ut\u00e1n blokkokat, alkatr\u00e9szeket, motorokat, sz\u00e1rnyakat, hajt\u00f3m\u0171veket \u00e9s m\u00e9g sok m\u00e1st kapsz. \u00cdgy minden sz\u00fcks\u00e9ges eszk\u00f6zt megkapsz ahhoz, hogy fens\u00e9gesen siklani tudj az \u00e9gen, mint egy sas.  <\/p>\n<h2 class=\"bb_tag\">Bar\u00e1ts\u00e1gos \u00e9s ellens\u00e9ges NPC-k<\/h2>\n<p>A csiripel\u0151 madarak bar\u00e1ts\u00e1gos, pelyhes madarak &#8211; nem rep\u00fcl\u0151k. A szerencs\u00e9sebbek a vil\u00e1g minden t\u00e1j\u00e1n sz\u00e9tsz\u00f3rt falvakban \u00e9lnek. Akiknek nincs szerencs\u00e9j\u00fck, robotkal\u00f3zok fogs\u00e1g\u00e1ban tal\u00e1lj\u00e1k magukat. A robotkal\u00f3zok minden egyes faluj\u00e1nak polg\u00e1rmestere kedvesen megk\u00e9r t\u00e9ged, hogy hozd haza t\u00e1rsait.<br \/>\nA robotkal\u00f3zok gonosz, kegyetlen \u00e9s \u00fcgyes harcosai az \u00e9gboltnak. Vad\u00e1szg\u00e9pekkel, l\u00e9gv\u00e9delmi \u00e1gy\u00fakkal, l\u00e9ghaj\u00f3kkal, h\u0151l\u00e9gballonokkal \u00e9s f\u00f6ldi helikopterekkel v\u00e9dik ter\u00fclet\u00fcket. Taktik\u00e1juk az \u201eel\u0151bb l\u0151j, azt\u00e1n k\u00e9rdezz\u201d, ez\u00e9rt a legjobb, ha ugyanezt a strat\u00e9gi\u00e1t k\u00f6veted, amikor vel\u00fck szemben\u00e9zel.     <\/p>\n<h2 class=\"bb_tag\">Sandbox t\u00e9rk\u00e9p<\/h2>\n<p>Az \u00faj t\u00e9rk\u00e9p nagy, \u00e9s saj\u00e1t bel\u00e1t\u00e1sod szerint fedezheted fel. Rajtad m\u00falik, hogy milyen utat v\u00e1lasztasz, de vigy\u00e1zz: egyes ter\u00fcletek vesz\u00e9lyesebbek, mint m\u00e1sok. Ennek megfelel\u0151en k\u00e9sz\u00fclj fel, miel\u0151tt k\u00fcl\u00f6nb\u00f6z\u0151 helyekre m\u00e9sz.  <\/p>\n<h2 class=\"bb_tag\">Felsz\u00e1ll\u00e1si enged\u00e9ly<\/h2>\n<p>A legjobb m\u00f3dja annak, hogy mindezt a saj\u00e1t szem\u00e9vel l\u00e1ssa. Vedd fel a pil\u00f3taszem\u00fcveget, ind\u00edtsd be a motorokat \u00e9s n\u00e9zz az \u00e9gre a Trailmakers: Airborne j\u00e1t\u00e9kban. <\/p>\n<p>&nbsp;<\/p>\n<p><strong>A tartalom lej\u00e1tsz\u00e1s\u00e1hoz a j\u00e1t\u00e9k <a href=\"https:\/\/prismagamers.com\/hu\/produkt\/trailmakers\/\">Trailmakers<\/a> alapverzi\u00f3ja sz\u00fcks\u00e9ges.<\/strong><\/p>\n","protected":false},"excerpt":{"rendered":"<p class=\"ai-optimize-24\">A Trailmakers: Airborne kieg\u00e9sz\u00edt\u0151 csomagban egy akci\u00f3d\u00fas kamp\u00e1nyban sz\u00e1llhatsz fel az \u00e9gbe, hogy megmentsd a b\u00e9keszeret\u0151 csiripeket a robotpil\u00f3t\u00e1k inv\u00e1zi\u00f3j\u00e1t\u00f3l.<\/p>\n<p class=\"ai-optimize-25\"><img decoding=\"async\" class=\"emoji\" role=\"img\" draggable=\"false\" src=\"https:\/\/s.w.org\/images\/core\/emoji\/14.0.0\/svg\/1f30d.svg\" alt=\"\ud83c\udf0d\">  Global<br \/>\n<img decoding=\"async\" class=\"emoji\" role=\"img\" draggable=\"false\" src=\"https:\/\/s.w.org\/images\/core\/emoji\/14.0.0\/svg\/2699.svg\" alt=\"\u2699\ufe0f\"> Steam<br \/>\n<img decoding=\"async\" class=\"emoji\" role=\"img\" draggable=\"false\" src=\"https:\/\/s.w.org\/images\/core\/emoji\/14.0.0\/svg\/1f5dd.svg\" alt=\"\ud83d\udddd\"> Digit\u00e1lis kulcs<\/p>\n","protected":false},"featured_media":25140,"template":"","meta":{"_acf_changed":false,"site-sidebar-layout":"default","site-content-layout":"default","ast-site-content-layout":"default","site-content-style":"default","site-sidebar-style":"default","ast-global-header-display":"","ast-banner-title-visibility":"","ast-main-header-display":"","ast-hfb-above-header-display":"","ast-hfb-below-header-display":"","ast-hfb-mobile-header-display":"","site-post-title":"","ast-breadcrumbs-content":"","ast-featured-img":"","footer-sml-layout":"","ast-disable-related-posts":"","theme-transparent-header-meta":"default","adv-header-id-meta":"","stick-header-meta":"","header-above-stick-meta":"","header-main-stick-meta":"","header-below-stick-meta":"","astra-migrate-meta-layouts":"default","ast-page-background-enabled":"default","ast-page-background-meta":{"desktop":{"background-color":"var(--ast-global-color-4)","background-image":"","background-repeat":"repeat","background-position":"center center","background-size":"auto","background-attachment":"scroll","background-type":"","background-media":"","overlay-type":"","overlay-color":"","overlay-opacity":"","overlay-gradient":""},"tablet":{"background-color":"","background-image":"","background-repeat":"repeat","background-position":"center center","background-size":"auto","background-attachment":"scroll","background-type":"","background-media":"","overlay-type":"","overlay-color":"","overlay-opacity":"","overlay-gradient":""},"mobile":{"background-color":"","background-image":"","background-repeat":"repeat","background-position":"center center","background-size":"auto","background-attachment":"scroll","background-type":"","background-media":"","overlay-type":"","overlay-color":"","overlay-opacity":"","overlay-gradient":""}},"ast-content-background-meta":{"desktop":{"background-color":"var(--ast-global-color-5)","background-image":"","background-repeat":"repeat","background-position":"center center","background-size":"auto","background-attachment":"scroll","background-type":"","background-media":"","overlay-type":"","overlay-color":"","overlay-opacity":"","overlay-gradient":""},"tablet":{"background-color":"var(--ast-global-color-5)","background-image":"","background-repeat":"repeat","background-position":"center center","background-size":"auto","background-attachment":"scroll","background-type":"","background-media":"","overlay-type":"","overlay-color":"","overlay-opacity":"","overlay-gradient":""},"mobile":{"background-color":"var(--ast-global-color-5)","background-image":"","background-repeat":"repeat","background-position":"center center","background-size":"auto","background-attachment":"scroll","background-type":"","background-media":"","overlay-type":"","overlay-color":"","overlay-opacity":"","overlay-gradient":""}}},"product_brand":[],"product_cat":[369,394,368,575,367,335,578],"product_tag":[542],"class_list":{"0":"post-38567","1":"product","2":"type-product","3":"status-publish","4":"has-post-thumbnail","6":"product_cat-csarnokok","7":"product_cat-digitalis-jatekok","8":"product_cat-dlc-hu","9":"product_cat-parazs","10":"product_cat-pc-jatekok","11":"product_cat-wyprzedaz","12":"product_cat-villanofeny","13":"product_tag-pid_04-hu","14":"desktop-align-left","15":"tablet-align-left","16":"mobile-align-left","18":"first","19":"instock","20":"virtual","21":"purchasable","22":"product-type-simple"},"acf":[],"yoast_head":"<!-- This site is optimized with the Yoast SEO Premium plugin v27.4 (Yoast SEO v27.4) - https:\/\/yoast.com\/product\/yoast-seo-premium-wordpress\/ -->\n<title>Trailmakers: Airborne Expansion DLC - Prismagamers.com<\/title>\n<meta name=\"description\" content=\"A Trailmakers: Airborne kieg\u00e9sz\u00edt\u0151 csomagban egy akci\u00f3d\u00fas kamp\u00e1nyban sz\u00e1llhatsz fel az \u00e9gbe, hogy megmentsd a b\u00e9keszeret\u0151 csiripeket a robotpil\u00f3t\u00e1k inv\u00e1zi\u00f3j\u00e1t\u00f3l.  Global Steam Digit\u00e1lis kulcs\" \/>\n<meta name=\"robots\" content=\"index, follow, max-snippet:-1, max-image-preview:large, max-video-preview:-1\" \/>\n<link rel=\"canonical\" href=\"https:\/\/prismagamers.com\/hu\/produkt\/trailmakers-airborne-bovites-dlc\/\" \/>\n<meta property=\"og:locale\" content=\"hu_HU\" \/>\n<meta property=\"og:type\" content=\"article\" \/>\n<meta property=\"og:title\" content=\"Trailmakers: Airborne Expansion DLC\" \/>\n<meta property=\"og:description\" content=\"A Trailmakers: Airborne kieg\u00e9sz\u00edt\u0151 csomagban egy akci\u00f3d\u00fas kamp\u00e1nyban sz\u00e1llhatsz fel az \u00e9gbe, hogy megmentsd a b\u00e9keszeret\u0151 csiripeket a robotpil\u00f3t\u00e1k inv\u00e1zi\u00f3j\u00e1t\u00f3l.  Global Steam Digit\u00e1lis kulcs\" \/>\n<meta property=\"og:url\" content=\"https:\/\/prismagamers.com\/hu\/produkt\/trailmakers-airborne-bovites-dlc\/\" \/>\n<meta property=\"og:site_name\" content=\"Prismagamers.com\" \/>\n<meta property=\"article:publisher\" content=\"https:\/\/www.facebook.com\/prismagamers\" \/>\n<meta property=\"article:modified_time\" content=\"2026-04-20T23:56:11+00:00\" \/>\n<meta property=\"og:image\" content=\"https:\/\/prismagamers.com\/wp-content\/uploads\/2023\/04\/Trailmakers_10.png\" \/>\n\t<meta property=\"og:image:width\" content=\"600\" \/>\n\t<meta property=\"og:image:height\" content=\"900\" \/>\n\t<meta property=\"og:image:type\" content=\"image\/png\" \/>\n<meta name=\"twitter:card\" content=\"summary_large_image\" \/>\n<meta name=\"twitter:label1\" content=\"Becs\u00fclt olvas\u00e1si id\u0151\" \/>\n\t<meta name=\"twitter:data1\" content=\"2 perc\" \/>\n<script type=\"application\/ld+json\" class=\"yoast-schema-graph\">{\"@context\":\"https:\\\/\\\/schema.org\",\"@graph\":[{\"@type\":\"WebPage\",\"@id\":\"https:\\\/\\\/prismagamers.com\\\/hu\\\/produkt\\\/trailmakers-airborne-bovites-dlc\\\/\",\"url\":\"https:\\\/\\\/prismagamers.com\\\/hu\\\/produkt\\\/trailmakers-airborne-bovites-dlc\\\/\",\"name\":\"Trailmakers: Airborne Expansion DLC - Prismagamers.com\",\"isPartOf\":{\"@id\":\"https:\\\/\\\/prismagamers.com\\\/hu\\\/#website\"},\"primaryImageOfPage\":{\"@id\":\"https:\\\/\\\/prismagamers.com\\\/hu\\\/produkt\\\/trailmakers-airborne-bovites-dlc\\\/#primaryimage\"},\"image\":{\"@id\":\"https:\\\/\\\/prismagamers.com\\\/hu\\\/produkt\\\/trailmakers-airborne-bovites-dlc\\\/#primaryimage\"},\"thumbnailUrl\":\"https:\\\/\\\/prismagamers.com\\\/wp-content\\\/uploads\\\/2023\\\/04\\\/Trailmakers_10.png\",\"datePublished\":\"2023-05-03T15:28:55+00:00\",\"dateModified\":\"2026-04-20T23:56:11+00:00\",\"description\":\"A Trailmakers: Airborne kieg\u00e9sz\u00edt\u0151 csomagban egy akci\u00f3d\u00fas kamp\u00e1nyban sz\u00e1llhatsz fel az \u00e9gbe, hogy megmentsd a b\u00e9keszeret\u0151 csiripeket a robotpil\u00f3t\u00e1k inv\u00e1zi\u00f3j\u00e1t\u00f3l. Global Steam Digit\u00e1lis kulcs\",\"breadcrumb\":{\"@id\":\"https:\\\/\\\/prismagamers.com\\\/hu\\\/produkt\\\/trailmakers-airborne-bovites-dlc\\\/#breadcrumb\"},\"inLanguage\":\"hu\",\"potentialAction\":[{\"@type\":\"ReadAction\",\"target\":[\"https:\\\/\\\/prismagamers.com\\\/hu\\\/produkt\\\/trailmakers-airborne-bovites-dlc\\\/\"]}]},{\"@type\":\"ImageObject\",\"inLanguage\":\"hu\",\"@id\":\"https:\\\/\\\/prismagamers.com\\\/hu\\\/produkt\\\/trailmakers-airborne-bovites-dlc\\\/#primaryimage\",\"url\":\"https:\\\/\\\/prismagamers.com\\\/wp-content\\\/uploads\\\/2023\\\/04\\\/Trailmakers_10.png\",\"contentUrl\":\"https:\\\/\\\/prismagamers.com\\\/wp-content\\\/uploads\\\/2023\\\/04\\\/Trailmakers_10.png\",\"width\":600,\"height\":900},{\"@type\":\"BreadcrumbList\",\"@id\":\"https:\\\/\\\/prismagamers.com\\\/hu\\\/produkt\\\/trailmakers-airborne-bovites-dlc\\\/#breadcrumb\",\"itemListElement\":[{\"@type\":\"ListItem\",\"position\":1,\"name\":\"Strona g\u0142\u00f3wna\",\"item\":\"https:\\\/\\\/prismagamers.com\\\/hu\\\/prismagamers\\\/\"},{\"@type\":\"ListItem\",\"position\":2,\"name\":\"Shop\",\"item\":\"https:\\\/\\\/prismagamers.com\\\/hu\\\/shop\\\/\"},{\"@type\":\"ListItem\",\"position\":3,\"name\":\"Trailmakers: Airborne Expansion DLC\"}]},{\"@type\":\"WebSite\",\"@id\":\"https:\\\/\\\/prismagamers.com\\\/hu\\\/#website\",\"url\":\"https:\\\/\\\/prismagamers.com\\\/hu\\\/\",\"name\":\"Prismagamers\",\"description\":\"Sklep z grami PC I Sklep klucze Steam\",\"publisher\":{\"@id\":\"https:\\\/\\\/prismagamers.com\\\/hu\\\/#organization\"},\"potentialAction\":[{\"@type\":\"SearchAction\",\"target\":{\"@type\":\"EntryPoint\",\"urlTemplate\":\"https:\\\/\\\/prismagamers.com\\\/hu\\\/?s={search_term_string}\"},\"query-input\":{\"@type\":\"PropertyValueSpecification\",\"valueRequired\":true,\"valueName\":\"search_term_string\"}}],\"inLanguage\":\"hu\"},{\"@type\":\"Organization\",\"@id\":\"https:\\\/\\\/prismagamers.com\\\/hu\\\/#organization\",\"name\":\"Prismagamers\",\"url\":\"https:\\\/\\\/prismagamers.com\\\/hu\\\/\",\"logo\":{\"@type\":\"ImageObject\",\"inLanguage\":\"hu\",\"@id\":\"https:\\\/\\\/prismagamers.com\\\/hu\\\/#\\\/schema\\\/logo\\\/image\\\/\",\"url\":\"https:\\\/\\\/prismagamers.com\\\/wp-content\\\/uploads\\\/2022\\\/04\\\/cropped-logo-Prismagamers-01-scaled-1.jpg\",\"contentUrl\":\"https:\\\/\\\/prismagamers.com\\\/wp-content\\\/uploads\\\/2022\\\/04\\\/cropped-logo-Prismagamers-01-scaled-1.jpg\",\"width\":512,\"height\":512,\"caption\":\"Prismagamers\"},\"image\":{\"@id\":\"https:\\\/\\\/prismagamers.com\\\/hu\\\/#\\\/schema\\\/logo\\\/image\\\/\"},\"sameAs\":[\"https:\\\/\\\/www.facebook.com\\\/prismagamers\",\"https:\\\/\\\/www.instagram.com\\\/prismagamers_grycyfrowe\\\/\"],\"description\":\"Prismagamers.com to dynamiczny sklep z grami cyfrowymi, stworzony z my\u015bl\u0105 o entuzjastach gier wideo. Nasza strona oferuje szerok\u0105 gam\u0119 gier komputerowych, w tym najnowsze tytu\u0142y, dobrze znane klasyki oraz gry stworzone przez niezale\u017cne studia Ca\u0142y czas d\u0105\u017cymy do rozszerzenia naszej oferty. Do\u0142\u0105cz do nas i sta\u0144 si\u0119 cz\u0119\u015bci\u0105 naszej rosn\u0105cej spo\u0142eczno\u015bci graczy!\",\"email\":\"shop@prismagamers.com\",\"telephone\":\"48795541705\",\"legalName\":\"East Caravan Maksym \u017bukow\",\"foundingDate\":\"2012-05-10\",\"vatID\":\"PL8943038612\",\"taxID\":\"PL8943038612\",\"numberOfEmployees\":{\"@type\":\"QuantitativeValue\",\"minValue\":\"11\",\"maxValue\":\"50\"}}]}<\/script>\n<!-- \/ Yoast SEO Premium plugin. -->","yoast_head_json":{"title":"Trailmakers: Airborne Expansion DLC - Prismagamers.com","description":"A Trailmakers: Airborne kieg\u00e9sz\u00edt\u0151 csomagban egy akci\u00f3d\u00fas kamp\u00e1nyban sz\u00e1llhatsz fel az \u00e9gbe, hogy megmentsd a b\u00e9keszeret\u0151 csiripeket a robotpil\u00f3t\u00e1k inv\u00e1zi\u00f3j\u00e1t\u00f3l.  Global Steam Digit\u00e1lis kulcs","robots":{"index":"index","follow":"follow","max-snippet":"max-snippet:-1","max-image-preview":"max-image-preview:large","max-video-preview":"max-video-preview:-1"},"canonical":"https:\/\/prismagamers.com\/hu\/produkt\/trailmakers-airborne-bovites-dlc\/","og_locale":"hu_HU","og_type":"article","og_title":"Trailmakers: Airborne Expansion DLC","og_description":"A Trailmakers: Airborne kieg\u00e9sz\u00edt\u0151 csomagban egy akci\u00f3d\u00fas kamp\u00e1nyban sz\u00e1llhatsz fel az \u00e9gbe, hogy megmentsd a b\u00e9keszeret\u0151 csiripeket a robotpil\u00f3t\u00e1k inv\u00e1zi\u00f3j\u00e1t\u00f3l.  Global Steam Digit\u00e1lis kulcs","og_url":"https:\/\/prismagamers.com\/hu\/produkt\/trailmakers-airborne-bovites-dlc\/","og_site_name":"Prismagamers.com","article_publisher":"https:\/\/www.facebook.com\/prismagamers","article_modified_time":"2026-04-20T23:56:11+00:00","og_image":[{"width":600,"height":900,"url":"https:\/\/prismagamers.com\/wp-content\/uploads\/2023\/04\/Trailmakers_10.png","type":"image\/png"}],"twitter_card":"summary_large_image","twitter_misc":{"Becs\u00fclt olvas\u00e1si id\u0151":"2 perc"},"schema":{"@context":"https:\/\/schema.org","@graph":[{"@type":"WebPage","@id":"https:\/\/prismagamers.com\/hu\/produkt\/trailmakers-airborne-bovites-dlc\/","url":"https:\/\/prismagamers.com\/hu\/produkt\/trailmakers-airborne-bovites-dlc\/","name":"Trailmakers: Airborne Expansion DLC - Prismagamers.com","isPartOf":{"@id":"https:\/\/prismagamers.com\/hu\/#website"},"primaryImageOfPage":{"@id":"https:\/\/prismagamers.com\/hu\/produkt\/trailmakers-airborne-bovites-dlc\/#primaryimage"},"image":{"@id":"https:\/\/prismagamers.com\/hu\/produkt\/trailmakers-airborne-bovites-dlc\/#primaryimage"},"thumbnailUrl":"https:\/\/prismagamers.com\/wp-content\/uploads\/2023\/04\/Trailmakers_10.png","datePublished":"2023-05-03T15:28:55+00:00","dateModified":"2026-04-20T23:56:11+00:00","description":"A Trailmakers: Airborne kieg\u00e9sz\u00edt\u0151 csomagban egy akci\u00f3d\u00fas kamp\u00e1nyban sz\u00e1llhatsz fel az \u00e9gbe, hogy megmentsd a b\u00e9keszeret\u0151 csiripeket a robotpil\u00f3t\u00e1k inv\u00e1zi\u00f3j\u00e1t\u00f3l. Global Steam Digit\u00e1lis kulcs","breadcrumb":{"@id":"https:\/\/prismagamers.com\/hu\/produkt\/trailmakers-airborne-bovites-dlc\/#breadcrumb"},"inLanguage":"hu","potentialAction":[{"@type":"ReadAction","target":["https:\/\/prismagamers.com\/hu\/produkt\/trailmakers-airborne-bovites-dlc\/"]}]},{"@type":"ImageObject","inLanguage":"hu","@id":"https:\/\/prismagamers.com\/hu\/produkt\/trailmakers-airborne-bovites-dlc\/#primaryimage","url":"https:\/\/prismagamers.com\/wp-content\/uploads\/2023\/04\/Trailmakers_10.png","contentUrl":"https:\/\/prismagamers.com\/wp-content\/uploads\/2023\/04\/Trailmakers_10.png","width":600,"height":900},{"@type":"BreadcrumbList","@id":"https:\/\/prismagamers.com\/hu\/produkt\/trailmakers-airborne-bovites-dlc\/#breadcrumb","itemListElement":[{"@type":"ListItem","position":1,"name":"Strona g\u0142\u00f3wna","item":"https:\/\/prismagamers.com\/hu\/prismagamers\/"},{"@type":"ListItem","position":2,"name":"Shop","item":"https:\/\/prismagamers.com\/hu\/shop\/"},{"@type":"ListItem","position":3,"name":"Trailmakers: Airborne Expansion DLC"}]},{"@type":"WebSite","@id":"https:\/\/prismagamers.com\/hu\/#website","url":"https:\/\/prismagamers.com\/hu\/","name":"Prismagamers","description":"Sklep z grami PC I Sklep klucze Steam","publisher":{"@id":"https:\/\/prismagamers.com\/hu\/#organization"},"potentialAction":[{"@type":"SearchAction","target":{"@type":"EntryPoint","urlTemplate":"https:\/\/prismagamers.com\/hu\/?s={search_term_string}"},"query-input":{"@type":"PropertyValueSpecification","valueRequired":true,"valueName":"search_term_string"}}],"inLanguage":"hu"},{"@type":"Organization","@id":"https:\/\/prismagamers.com\/hu\/#organization","name":"Prismagamers","url":"https:\/\/prismagamers.com\/hu\/","logo":{"@type":"ImageObject","inLanguage":"hu","@id":"https:\/\/prismagamers.com\/hu\/#\/schema\/logo\/image\/","url":"https:\/\/prismagamers.com\/wp-content\/uploads\/2022\/04\/cropped-logo-Prismagamers-01-scaled-1.jpg","contentUrl":"https:\/\/prismagamers.com\/wp-content\/uploads\/2022\/04\/cropped-logo-Prismagamers-01-scaled-1.jpg","width":512,"height":512,"caption":"Prismagamers"},"image":{"@id":"https:\/\/prismagamers.com\/hu\/#\/schema\/logo\/image\/"},"sameAs":["https:\/\/www.facebook.com\/prismagamers","https:\/\/www.instagram.com\/prismagamers_grycyfrowe\/"],"description":"Prismagamers.com to dynamiczny sklep z grami cyfrowymi, stworzony z my\u015bl\u0105 o entuzjastach gier wideo. Nasza strona oferuje szerok\u0105 gam\u0119 gier komputerowych, w tym najnowsze tytu\u0142y, dobrze znane klasyki oraz gry stworzone przez niezale\u017cne studia Ca\u0142y czas d\u0105\u017cymy do rozszerzenia naszej oferty. Do\u0142\u0105cz do nas i sta\u0144 si\u0119 cz\u0119\u015bci\u0105 naszej rosn\u0105cej spo\u0142eczno\u015bci graczy!","email":"shop@prismagamers.com","telephone":"48795541705","legalName":"East Caravan Maksym \u017bukow","foundingDate":"2012-05-10","vatID":"PL8943038612","taxID":"PL8943038612","numberOfEmployees":{"@type":"QuantitativeValue","minValue":"11","maxValue":"50"}}]}},"_links":{"self":[{"href":"https:\/\/prismagamers.com\/hu\/wp-json\/wp\/v2\/product\/38567","targetHints":{"allow":["GET"]}}],"collection":[{"href":"https:\/\/prismagamers.com\/hu\/wp-json\/wp\/v2\/product"}],"about":[{"href":"https:\/\/prismagamers.com\/hu\/wp-json\/wp\/v2\/types\/product"}],"wp:featuredmedia":[{"embeddable":true,"href":"https:\/\/prismagamers.com\/hu\/wp-json\/wp\/v2\/media\/25140"}],"wp:attachment":[{"href":"https:\/\/prismagamers.com\/hu\/wp-json\/wp\/v2\/media?parent=38567"}],"wp:term":[{"taxonomy":"product_brand","embeddable":true,"href":"https:\/\/prismagamers.com\/hu\/wp-json\/wp\/v2\/product_brand?post=38567"},{"taxonomy":"product_cat","embeddable":true,"href":"https:\/\/prismagamers.com\/hu\/wp-json\/wp\/v2\/product_cat?post=38567"},{"taxonomy":"product_tag","embeddable":true,"href":"https:\/\/prismagamers.com\/hu\/wp-json\/wp\/v2\/product_tag?post=38567"}],"curies":[{"name":"wp","href":"https:\/\/api.w.org\/{rel}","templated":true}]}}