{"id":38568,"date":"2023-04-12T20:38:32","date_gmt":"2023-04-12T18:38:32","guid":{"rendered":"https:\/\/prismagamers.com\/produkt\/trailmakers\/"},"modified":"2026-03-05T00:00:52","modified_gmt":"2026-03-04T23:00:52","slug":"trailmakers","status":"publish","type":"product","link":"https:\/\/prismagamers.com\/hu\/produkt\/trailmakers\/","title":{"rendered":"Trailmakers"},"content":{"rendered":"<p>\u00c9p\u00edts egy aut\u00f3t, egy rep\u00fcl\u0151g\u00e9pet, egy haj\u00f3t vagy&#8230; egy szelfit? A Trailmakers intuit\u00edv \u00e9p\u00edt\u00e9si m\u00f3dj\u00e1val ez olyan egyszer\u0171, mintha val\u00f3di \u00e9p\u00edt\u0151kock\u00e1kkal \u00e9p\u00edten\u00e9l. Vidd g\u00e9pedet vesz\u00e9lyes felfedez\u0151 k\u00fcldet\u00e9sekre, vegy\u00e9l r\u00e9szt \u0151r\u00fclt versenyeken, vagy ir\u00e1ny a homokoz\u00f3, \u00e9s k\u00e9sz\u00edtsd el a l\u00e9gp\u00e1rn\u00e1s haj\u00f3t, amir\u0151l mindig is \u00e1lmodt\u00e1l.  <\/p>\n<p><img decoding=\"async\" class=\"alignnone size-medium wp-image-3287 aligncenter\" src=\"https:\/\/prismagamers.com\/wp-content\/uploads\/2023\/04\/Trailmakers_1-300x78.gif\" alt=\"\" width=\"300\" height=\"78\"><\/p>\n<p>&#8211; Intuit\u00edv \u00e9p\u00edt\u00e9s modul\u00e1ris blokkokb\u00f3l &#8211; k\u00f6nnyen \u00e9rthet\u0151 alapok \u00e9s szinte korl\u00e1tlan lehet\u0151s\u00e9gek.<\/p>\n<p><img decoding=\"async\" class=\"alignnone size-medium wp-image-3286 aligncenter\" src=\"https:\/\/prismagamers.com\/wp-content\/uploads\/2023\/04\/Trailmakers-300x78.png\" alt=\"\" width=\"300\" height=\"78\" srcset=\"https:\/\/prismagamers.com\/wp-content\/uploads\/2023\/04\/Trailmakers-300x78.png 300w, https:\/\/prismagamers.com\/wp-content\/uploads\/2023\/04\/Trailmakers.png 600w\" sizes=\"(max-width: 300px) 100vw, 300px\" \/><br \/>\n&#8211; Fedezd fel a hatalmas ny\u00edlt vil\u00e1got, \u00e9s menek\u00fclj el a bolyg\u00f3r\u00f3l a \u201eSpace Survivor\u201d t\u00fal\u00e9l\u0151 m\u00f3dban.<\/p>\n<p><img decoding=\"async\" class=\"alignnone size-medium wp-image-3290 aligncenter\" src=\"https:\/\/prismagamers.com\/wp-content\/uploads\/2023\/04\/Trailmakers_5-300x78.gif\" alt=\"\" width=\"300\" height=\"78\"><br \/>\n&#8211; Vegy\u00e9l r\u00e9szt \u0151r\u00fclt versenyeken, az \u00e1ltalad k\u00e9sz\u00edtett j\u00e1rm\u0171veket vezetve.<br \/>\n&#8211; Alkoss korl\u00e1tok n\u00e9lk\u00fcl k\u00e9t homokoz\u00f3s t\u00e9rk\u00e9pen, amelyek tele vannak ugr\u00e1sokkal, r\u00e1mp\u00e1kkal, rep\u00fcl\u0151g\u00e9p-hordoz\u00f3kkal, katapultokkal \u00e9s m\u00e1s \u0151r\u00fclt akad\u00e1lyokkal.<br \/>\n&#8211; Versenyezz a vil\u00e1gm\u00e9ret\u0171 eredm\u00e9nyt\u00e1bl\u00e1kon a raliversenyeken \u00e9s a versenyeken.<\/p>\n<p><img loading=\"lazy\" decoding=\"async\" class=\"alignnone size-medium wp-image-3289 aligncenter\" src=\"https:\/\/prismagamers.com\/wp-content\/uploads\/2023\/04\/Trailmakers_4-300x78.png\" alt=\"\" width=\"300\" height=\"78\" srcset=\"https:\/\/prismagamers.com\/wp-content\/uploads\/2023\/04\/Trailmakers_4-300x78.png 300w, https:\/\/prismagamers.com\/wp-content\/uploads\/2023\/04\/Trailmakers_4.png 600w\" sizes=\"(max-width: 300px) 100vw, 300px\" \/><br \/>\n&#8211; A t\u00f6bbj\u00e1t\u00e9kos j\u00e1t\u00e9kokhoz b\u00e1rmikor csatlakozhatsz \u00e9s elhagyhatod azokat.<\/p>\n<p><img loading=\"lazy\" decoding=\"async\" class=\"alignnone size-medium wp-image-3291 aligncenter\" src=\"https:\/\/prismagamers.com\/wp-content\/uploads\/2023\/04\/Trailmakers_6-300x78.png\" alt=\"\" width=\"300\" height=\"78\" srcset=\"https:\/\/prismagamers.com\/wp-content\/uploads\/2023\/04\/Trailmakers_6-300x78.png 300w, https:\/\/prismagamers.com\/wp-content\/uploads\/2023\/04\/Trailmakers_6.png 600w\" sizes=\"(max-width: 300px) 100vw, 300px\" \/><br \/>\n&#8211; Az akt\u00edv \u00e9s n\u00f6vekv\u0151 k\u00f6z\u00f6ss\u00e9g egy eg\u00e9sz sereg k\u00e9sz j\u00e1rm\u0171vet k\u00edn\u00e1l a tesztel\u00e9shez.<\/p>\n","protected":false},"excerpt":{"rendered":"<p class=\"ai-optimize-24 ai-optimize-introduction\">Engedd szabadj\u00e1ra kreativit\u00e1sodat, \u00e9s hozz l\u00e9tre k\u00fcl\u00f6nf\u00e9le j\u00e1rm\u0171veket, hogy felfedezd a Trailmakers j\u00e1t\u00e9k nyitott vil\u00e1g\u00e1t, vagy versenyezz bar\u00e1taiddal a legjobb sebess\u00e9g\u00e9rt, kitart\u00e1s\u00e9rt vagy sokoldal\u00fas\u00e1g\u00e9rt. Mit sz\u00f3ln\u00e1l olyan j\u00e1rm\u0171vekhez, amelyek alakot v\u00e1ltoztatnak, hogy rep\u00fcl\u0151g\u00e9pp\u00e9, haj\u00f3v\u00e1 vagy aut\u00f3v\u00e1 v\u00e1ljanak? <\/p>\n<p class=\"ai-optimize-25\"><img decoding=\"async\" class=\"emoji\" role=\"img\" draggable=\"false\" src=\"https:\/\/s.w.org\/images\/core\/emoji\/14.0.0\/svg\/1f30d.svg\" alt=\"\ud83c\udf0d\">  Global<br \/>\n<img decoding=\"async\" class=\"emoji\" role=\"img\" draggable=\"false\" src=\"https:\/\/s.w.org\/images\/core\/emoji\/14.0.0\/svg\/2699.svg\" alt=\"\u2699\ufe0f\"> Steam<br \/>\n<img decoding=\"async\" class=\"emoji\" role=\"img\" draggable=\"false\" src=\"https:\/\/s.w.org\/images\/core\/emoji\/14.0.0\/svg\/1f5dd.svg\" alt=\"\ud83d\udddd\"> Digit\u00e1lis kulcs<\/p>\n","protected":false},"featured_media":25140,"template":"","meta":{"_acf_changed":false,"site-sidebar-layout":"default","site-content-layout":"default","ast-site-content-layout":"default","site-content-style":"default","site-sidebar-style":"default","ast-global-header-display":"","ast-banner-title-visibility":"","ast-main-header-display":"","ast-hfb-above-header-display":"","ast-hfb-below-header-display":"","ast-hfb-mobile-header-display":"","site-post-title":"","ast-breadcrumbs-content":"","ast-featured-img":"","footer-sml-layout":"","ast-disable-related-posts":"","theme-transparent-header-meta":"default","adv-header-id-meta":"","stick-header-meta":"","header-above-stick-meta":"","header-main-stick-meta":"","header-below-stick-meta":"","astra-migrate-meta-layouts":"default","ast-page-background-enabled":"default","ast-page-background-meta":{"desktop":{"background-color":"var(--ast-global-color-4)","background-image":"","background-repeat":"repeat","background-position":"center center","background-size":"auto","background-attachment":"scroll","background-type":"","background-media":"","overlay-type":"","overlay-color":"","overlay-opacity":"","overlay-gradient":""},"tablet":{"background-color":"","background-image":"","background-repeat":"repeat","background-position":"center center","background-size":"auto","background-attachment":"scroll","background-type":"","background-media":"","overlay-type":"","overlay-color":"","overlay-opacity":"","overlay-gradient":""},"mobile":{"background-color":"","background-image":"","background-repeat":"repeat","background-position":"center center","background-size":"auto","background-attachment":"scroll","background-type":"","background-media":"","overlay-type":"","overlay-color":"","overlay-opacity":"","overlay-gradient":""}},"ast-content-background-meta":{"desktop":{"background-color":"var(--ast-global-color-5)","background-image":"","background-repeat":"repeat","background-position":"center center","background-size":"auto","background-attachment":"scroll","background-type":"","background-media":"","overlay-type":"","overlay-color":"","overlay-opacity":"","overlay-gradient":""},"tablet":{"background-color":"var(--ast-global-color-5)","background-image":"","background-repeat":"repeat","background-position":"center center","background-size":"auto","background-attachment":"scroll","background-type":"","background-media":"","overlay-type":"","overlay-color":"","overlay-opacity":"","overlay-gradient":""},"mobile":{"background-color":"var(--ast-global-color-5)","background-image":"","background-repeat":"repeat","background-position":"center center","background-size":"auto","background-attachment":"scroll","background-type":"","background-media":"","overlay-type":"","overlay-color":"","overlay-opacity":"","overlay-gradient":""}}},"product_brand":[],"product_cat":[369,394,365,392,372,378,575,367,417,578],"product_tag":[370],"class_list":{"0":"post-38568","1":"product","2":"type-product","3":"status-publish","4":"has-post-thumbnail","6":"product_cat-csarnokok","7":"product_cat-digitalis-jatekok","8":"product_cat-goz","9":"product_cat-india","10":"product_cat-jatekok-szimulatorok","11":"product_cat-minden-digitalis-jatek","12":"product_cat-parazs","13":"product_cat-pc-jatekok","14":"product_cat-versenyzos-jatekok","15":"product_cat-villanofeny","16":"product_tag-pid-tel","17":"desktop-align-left","18":"tablet-align-left","19":"mobile-align-left","21":"first","22":"instock","23":"virtual","24":"purchasable","25":"product-type-simple"},"acf":[],"yoast_head":"<!-- This site is optimized with the Yoast SEO Premium plugin v27.4 (Yoast SEO v27.4) - https:\/\/yoast.com\/product\/yoast-seo-premium-wordpress\/ -->\n<title>Trailmakers - Prismagamers.com<\/title>\n<meta name=\"description\" content=\"Engedd szabadj\u00e1ra kreativit\u00e1sodat, \u00e9s hozz l\u00e9tre k\u00fcl\u00f6nf\u00e9le j\u00e1rm\u0171veket, hogy felfedezd a Trailmakers j\u00e1t\u00e9k nyitott vil\u00e1g\u00e1t, vagy versenyezz bar\u00e1taiddal a legjobb sebess\u00e9g\u00e9rt, kitart\u00e1s\u00e9rt vagy sokoldal\u00fas\u00e1g\u00e9rt. Mit sz\u00f3ln\u00e1l olyan j\u00e1rm\u0171vekhez, amelyek alakot v\u00e1ltoztatnak, hogy rep\u00fcl\u0151g\u00e9pp\u00e9, haj\u00f3v\u00e1 vagy aut\u00f3v\u00e1 v\u00e1ljanak?  Global Steam Digit\u00e1lis kulcs\" \/>\n<meta name=\"robots\" content=\"index, follow, max-snippet:-1, max-image-preview:large, max-video-preview:-1\" \/>\n<link rel=\"canonical\" href=\"https:\/\/prismagamers.com\/hu\/produkt\/trailmakers\/\" \/>\n<meta property=\"og:locale\" content=\"hu_HU\" \/>\n<meta property=\"og:type\" content=\"article\" \/>\n<meta property=\"og:title\" content=\"Trailmakers\" \/>\n<meta property=\"og:description\" content=\"Engedd szabadj\u00e1ra kreativit\u00e1sodat, \u00e9s hozz l\u00e9tre k\u00fcl\u00f6nf\u00e9le j\u00e1rm\u0171veket, hogy felfedezd a Trailmakers j\u00e1t\u00e9k nyitott vil\u00e1g\u00e1t, vagy versenyezz bar\u00e1taiddal a legjobb sebess\u00e9g\u00e9rt, kitart\u00e1s\u00e9rt vagy sokoldal\u00fas\u00e1g\u00e9rt. Mit sz\u00f3ln\u00e1l olyan j\u00e1rm\u0171vekhez, amelyek alakot v\u00e1ltoztatnak, hogy rep\u00fcl\u0151g\u00e9pp\u00e9, haj\u00f3v\u00e1 vagy aut\u00f3v\u00e1 v\u00e1ljanak?  Global Steam Digit\u00e1lis kulcs\" \/>\n<meta property=\"og:url\" content=\"https:\/\/prismagamers.com\/hu\/produkt\/trailmakers\/\" \/>\n<meta property=\"og:site_name\" content=\"Prismagamers.com\" \/>\n<meta property=\"article:publisher\" content=\"https:\/\/www.facebook.com\/prismagamers\" \/>\n<meta property=\"article:modified_time\" content=\"2026-03-04T23:00:52+00:00\" \/>\n<meta property=\"og:image\" content=\"https:\/\/prismagamers.com\/wp-content\/uploads\/2023\/04\/Trailmakers_10.png\" \/>\n\t<meta property=\"og:image:width\" content=\"600\" \/>\n\t<meta property=\"og:image:height\" content=\"900\" \/>\n\t<meta property=\"og:image:type\" content=\"image\/png\" \/>\n<meta name=\"twitter:card\" content=\"summary_large_image\" \/>\n<meta name=\"twitter:label1\" content=\"Becs\u00fclt olvas\u00e1si id\u0151\" \/>\n\t<meta name=\"twitter:data1\" content=\"1 perc\" \/>\n<script type=\"application\/ld+json\" class=\"yoast-schema-graph\">{\"@context\":\"https:\\\/\\\/schema.org\",\"@graph\":[{\"@type\":\"WebPage\",\"@id\":\"https:\\\/\\\/prismagamers.com\\\/hu\\\/produkt\\\/trailmakers\\\/\",\"url\":\"https:\\\/\\\/prismagamers.com\\\/hu\\\/produkt\\\/trailmakers\\\/\",\"name\":\"Trailmakers - Prismagamers.com\",\"isPartOf\":{\"@id\":\"https:\\\/\\\/prismagamers.com\\\/hu\\\/#website\"},\"primaryImageOfPage\":{\"@id\":\"https:\\\/\\\/prismagamers.com\\\/hu\\\/produkt\\\/trailmakers\\\/#primaryimage\"},\"image\":{\"@id\":\"https:\\\/\\\/prismagamers.com\\\/hu\\\/produkt\\\/trailmakers\\\/#primaryimage\"},\"thumbnailUrl\":\"https:\\\/\\\/prismagamers.com\\\/wp-content\\\/uploads\\\/2023\\\/04\\\/Trailmakers_10.png\",\"datePublished\":\"2023-04-12T18:38:32+00:00\",\"dateModified\":\"2026-03-04T23:00:52+00:00\",\"description\":\"Engedd szabadj\u00e1ra kreativit\u00e1sodat, \u00e9s hozz l\u00e9tre k\u00fcl\u00f6nf\u00e9le j\u00e1rm\u0171veket, hogy felfedezd a Trailmakers j\u00e1t\u00e9k nyitott vil\u00e1g\u00e1t, vagy versenyezz bar\u00e1taiddal a legjobb sebess\u00e9g\u00e9rt, kitart\u00e1s\u00e9rt vagy sokoldal\u00fas\u00e1g\u00e9rt. Mit sz\u00f3ln\u00e1l olyan j\u00e1rm\u0171vekhez, amelyek alakot v\u00e1ltoztatnak, hogy rep\u00fcl\u0151g\u00e9pp\u00e9, haj\u00f3v\u00e1 vagy aut\u00f3v\u00e1 v\u00e1ljanak? Global Steam Digit\u00e1lis kulcs\",\"breadcrumb\":{\"@id\":\"https:\\\/\\\/prismagamers.com\\\/hu\\\/produkt\\\/trailmakers\\\/#breadcrumb\"},\"inLanguage\":\"hu\",\"potentialAction\":[{\"@type\":\"ReadAction\",\"target\":[\"https:\\\/\\\/prismagamers.com\\\/hu\\\/produkt\\\/trailmakers\\\/\"]}]},{\"@type\":\"ImageObject\",\"inLanguage\":\"hu\",\"@id\":\"https:\\\/\\\/prismagamers.com\\\/hu\\\/produkt\\\/trailmakers\\\/#primaryimage\",\"url\":\"https:\\\/\\\/prismagamers.com\\\/wp-content\\\/uploads\\\/2023\\\/04\\\/Trailmakers_10.png\",\"contentUrl\":\"https:\\\/\\\/prismagamers.com\\\/wp-content\\\/uploads\\\/2023\\\/04\\\/Trailmakers_10.png\",\"width\":600,\"height\":900},{\"@type\":\"BreadcrumbList\",\"@id\":\"https:\\\/\\\/prismagamers.com\\\/hu\\\/produkt\\\/trailmakers\\\/#breadcrumb\",\"itemListElement\":[{\"@type\":\"ListItem\",\"position\":1,\"name\":\"Strona g\u0142\u00f3wna\",\"item\":\"https:\\\/\\\/prismagamers.com\\\/hu\\\/prismagamers\\\/\"},{\"@type\":\"ListItem\",\"position\":2,\"name\":\"Shop\",\"item\":\"https:\\\/\\\/prismagamers.com\\\/hu\\\/shop\\\/\"},{\"@type\":\"ListItem\",\"position\":3,\"name\":\"Trailmakers\"}]},{\"@type\":\"WebSite\",\"@id\":\"https:\\\/\\\/prismagamers.com\\\/hu\\\/#website\",\"url\":\"https:\\\/\\\/prismagamers.com\\\/hu\\\/\",\"name\":\"Prismagamers\",\"description\":\"Sklep z grami PC I Sklep klucze Steam\",\"publisher\":{\"@id\":\"https:\\\/\\\/prismagamers.com\\\/hu\\\/#organization\"},\"potentialAction\":[{\"@type\":\"SearchAction\",\"target\":{\"@type\":\"EntryPoint\",\"urlTemplate\":\"https:\\\/\\\/prismagamers.com\\\/hu\\\/?s={search_term_string}\"},\"query-input\":{\"@type\":\"PropertyValueSpecification\",\"valueRequired\":true,\"valueName\":\"search_term_string\"}}],\"inLanguage\":\"hu\"},{\"@type\":\"Organization\",\"@id\":\"https:\\\/\\\/prismagamers.com\\\/hu\\\/#organization\",\"name\":\"Prismagamers\",\"url\":\"https:\\\/\\\/prismagamers.com\\\/hu\\\/\",\"logo\":{\"@type\":\"ImageObject\",\"inLanguage\":\"hu\",\"@id\":\"https:\\\/\\\/prismagamers.com\\\/hu\\\/#\\\/schema\\\/logo\\\/image\\\/\",\"url\":\"https:\\\/\\\/prismagamers.com\\\/wp-content\\\/uploads\\\/2022\\\/04\\\/cropped-logo-Prismagamers-01-scaled-1.jpg\",\"contentUrl\":\"https:\\\/\\\/prismagamers.com\\\/wp-content\\\/uploads\\\/2022\\\/04\\\/cropped-logo-Prismagamers-01-scaled-1.jpg\",\"width\":512,\"height\":512,\"caption\":\"Prismagamers\"},\"image\":{\"@id\":\"https:\\\/\\\/prismagamers.com\\\/hu\\\/#\\\/schema\\\/logo\\\/image\\\/\"},\"sameAs\":[\"https:\\\/\\\/www.facebook.com\\\/prismagamers\",\"https:\\\/\\\/www.instagram.com\\\/prismagamers_grycyfrowe\\\/\"],\"description\":\"Prismagamers.com to dynamiczny sklep z grami cyfrowymi, stworzony z my\u015bl\u0105 o entuzjastach gier wideo. Nasza strona oferuje szerok\u0105 gam\u0119 gier komputerowych, w tym najnowsze tytu\u0142y, dobrze znane klasyki oraz gry stworzone przez niezale\u017cne studia Ca\u0142y czas d\u0105\u017cymy do rozszerzenia naszej oferty. Do\u0142\u0105cz do nas i sta\u0144 si\u0119 cz\u0119\u015bci\u0105 naszej rosn\u0105cej spo\u0142eczno\u015bci graczy!\",\"email\":\"shop@prismagamers.com\",\"telephone\":\"48795541705\",\"legalName\":\"East Caravan Maksym \u017bukow\",\"foundingDate\":\"2012-05-10\",\"vatID\":\"PL8943038612\",\"taxID\":\"PL8943038612\",\"numberOfEmployees\":{\"@type\":\"QuantitativeValue\",\"minValue\":\"11\",\"maxValue\":\"50\"}}]}<\/script>\n<!-- \/ Yoast SEO Premium plugin. -->","yoast_head_json":{"title":"Trailmakers - Prismagamers.com","description":"Engedd szabadj\u00e1ra kreativit\u00e1sodat, \u00e9s hozz l\u00e9tre k\u00fcl\u00f6nf\u00e9le j\u00e1rm\u0171veket, hogy felfedezd a Trailmakers j\u00e1t\u00e9k nyitott vil\u00e1g\u00e1t, vagy versenyezz bar\u00e1taiddal a legjobb sebess\u00e9g\u00e9rt, kitart\u00e1s\u00e9rt vagy sokoldal\u00fas\u00e1g\u00e9rt. Mit sz\u00f3ln\u00e1l olyan j\u00e1rm\u0171vekhez, amelyek alakot v\u00e1ltoztatnak, hogy rep\u00fcl\u0151g\u00e9pp\u00e9, haj\u00f3v\u00e1 vagy aut\u00f3v\u00e1 v\u00e1ljanak?  Global Steam Digit\u00e1lis kulcs","robots":{"index":"index","follow":"follow","max-snippet":"max-snippet:-1","max-image-preview":"max-image-preview:large","max-video-preview":"max-video-preview:-1"},"canonical":"https:\/\/prismagamers.com\/hu\/produkt\/trailmakers\/","og_locale":"hu_HU","og_type":"article","og_title":"Trailmakers","og_description":"Engedd szabadj\u00e1ra kreativit\u00e1sodat, \u00e9s hozz l\u00e9tre k\u00fcl\u00f6nf\u00e9le j\u00e1rm\u0171veket, hogy felfedezd a Trailmakers j\u00e1t\u00e9k nyitott vil\u00e1g\u00e1t, vagy versenyezz bar\u00e1taiddal a legjobb sebess\u00e9g\u00e9rt, kitart\u00e1s\u00e9rt vagy sokoldal\u00fas\u00e1g\u00e9rt. Mit sz\u00f3ln\u00e1l olyan j\u00e1rm\u0171vekhez, amelyek alakot v\u00e1ltoztatnak, hogy rep\u00fcl\u0151g\u00e9pp\u00e9, haj\u00f3v\u00e1 vagy aut\u00f3v\u00e1 v\u00e1ljanak?  Global Steam Digit\u00e1lis kulcs","og_url":"https:\/\/prismagamers.com\/hu\/produkt\/trailmakers\/","og_site_name":"Prismagamers.com","article_publisher":"https:\/\/www.facebook.com\/prismagamers","article_modified_time":"2026-03-04T23:00:52+00:00","og_image":[{"width":600,"height":900,"url":"https:\/\/prismagamers.com\/wp-content\/uploads\/2023\/04\/Trailmakers_10.png","type":"image\/png"}],"twitter_card":"summary_large_image","twitter_misc":{"Becs\u00fclt olvas\u00e1si id\u0151":"1 perc"},"schema":{"@context":"https:\/\/schema.org","@graph":[{"@type":"WebPage","@id":"https:\/\/prismagamers.com\/hu\/produkt\/trailmakers\/","url":"https:\/\/prismagamers.com\/hu\/produkt\/trailmakers\/","name":"Trailmakers - Prismagamers.com","isPartOf":{"@id":"https:\/\/prismagamers.com\/hu\/#website"},"primaryImageOfPage":{"@id":"https:\/\/prismagamers.com\/hu\/produkt\/trailmakers\/#primaryimage"},"image":{"@id":"https:\/\/prismagamers.com\/hu\/produkt\/trailmakers\/#primaryimage"},"thumbnailUrl":"https:\/\/prismagamers.com\/wp-content\/uploads\/2023\/04\/Trailmakers_10.png","datePublished":"2023-04-12T18:38:32+00:00","dateModified":"2026-03-04T23:00:52+00:00","description":"Engedd szabadj\u00e1ra kreativit\u00e1sodat, \u00e9s hozz l\u00e9tre k\u00fcl\u00f6nf\u00e9le j\u00e1rm\u0171veket, hogy felfedezd a Trailmakers j\u00e1t\u00e9k nyitott vil\u00e1g\u00e1t, vagy versenyezz bar\u00e1taiddal a legjobb sebess\u00e9g\u00e9rt, kitart\u00e1s\u00e9rt vagy sokoldal\u00fas\u00e1g\u00e9rt. Mit sz\u00f3ln\u00e1l olyan j\u00e1rm\u0171vekhez, amelyek alakot v\u00e1ltoztatnak, hogy rep\u00fcl\u0151g\u00e9pp\u00e9, haj\u00f3v\u00e1 vagy aut\u00f3v\u00e1 v\u00e1ljanak? Global Steam Digit\u00e1lis kulcs","breadcrumb":{"@id":"https:\/\/prismagamers.com\/hu\/produkt\/trailmakers\/#breadcrumb"},"inLanguage":"hu","potentialAction":[{"@type":"ReadAction","target":["https:\/\/prismagamers.com\/hu\/produkt\/trailmakers\/"]}]},{"@type":"ImageObject","inLanguage":"hu","@id":"https:\/\/prismagamers.com\/hu\/produkt\/trailmakers\/#primaryimage","url":"https:\/\/prismagamers.com\/wp-content\/uploads\/2023\/04\/Trailmakers_10.png","contentUrl":"https:\/\/prismagamers.com\/wp-content\/uploads\/2023\/04\/Trailmakers_10.png","width":600,"height":900},{"@type":"BreadcrumbList","@id":"https:\/\/prismagamers.com\/hu\/produkt\/trailmakers\/#breadcrumb","itemListElement":[{"@type":"ListItem","position":1,"name":"Strona g\u0142\u00f3wna","item":"https:\/\/prismagamers.com\/hu\/prismagamers\/"},{"@type":"ListItem","position":2,"name":"Shop","item":"https:\/\/prismagamers.com\/hu\/shop\/"},{"@type":"ListItem","position":3,"name":"Trailmakers"}]},{"@type":"WebSite","@id":"https:\/\/prismagamers.com\/hu\/#website","url":"https:\/\/prismagamers.com\/hu\/","name":"Prismagamers","description":"Sklep z grami PC I Sklep klucze Steam","publisher":{"@id":"https:\/\/prismagamers.com\/hu\/#organization"},"potentialAction":[{"@type":"SearchAction","target":{"@type":"EntryPoint","urlTemplate":"https:\/\/prismagamers.com\/hu\/?s={search_term_string}"},"query-input":{"@type":"PropertyValueSpecification","valueRequired":true,"valueName":"search_term_string"}}],"inLanguage":"hu"},{"@type":"Organization","@id":"https:\/\/prismagamers.com\/hu\/#organization","name":"Prismagamers","url":"https:\/\/prismagamers.com\/hu\/","logo":{"@type":"ImageObject","inLanguage":"hu","@id":"https:\/\/prismagamers.com\/hu\/#\/schema\/logo\/image\/","url":"https:\/\/prismagamers.com\/wp-content\/uploads\/2022\/04\/cropped-logo-Prismagamers-01-scaled-1.jpg","contentUrl":"https:\/\/prismagamers.com\/wp-content\/uploads\/2022\/04\/cropped-logo-Prismagamers-01-scaled-1.jpg","width":512,"height":512,"caption":"Prismagamers"},"image":{"@id":"https:\/\/prismagamers.com\/hu\/#\/schema\/logo\/image\/"},"sameAs":["https:\/\/www.facebook.com\/prismagamers","https:\/\/www.instagram.com\/prismagamers_grycyfrowe\/"],"description":"Prismagamers.com to dynamiczny sklep z grami cyfrowymi, stworzony z my\u015bl\u0105 o entuzjastach gier wideo. Nasza strona oferuje szerok\u0105 gam\u0119 gier komputerowych, w tym najnowsze tytu\u0142y, dobrze znane klasyki oraz gry stworzone przez niezale\u017cne studia Ca\u0142y czas d\u0105\u017cymy do rozszerzenia naszej oferty. Do\u0142\u0105cz do nas i sta\u0144 si\u0119 cz\u0119\u015bci\u0105 naszej rosn\u0105cej spo\u0142eczno\u015bci graczy!","email":"shop@prismagamers.com","telephone":"48795541705","legalName":"East Caravan Maksym \u017bukow","foundingDate":"2012-05-10","vatID":"PL8943038612","taxID":"PL8943038612","numberOfEmployees":{"@type":"QuantitativeValue","minValue":"11","maxValue":"50"}}]}},"_links":{"self":[{"href":"https:\/\/prismagamers.com\/hu\/wp-json\/wp\/v2\/product\/38568","targetHints":{"allow":["GET"]}}],"collection":[{"href":"https:\/\/prismagamers.com\/hu\/wp-json\/wp\/v2\/product"}],"about":[{"href":"https:\/\/prismagamers.com\/hu\/wp-json\/wp\/v2\/types\/product"}],"wp:featuredmedia":[{"embeddable":true,"href":"https:\/\/prismagamers.com\/hu\/wp-json\/wp\/v2\/media\/25140"}],"wp:attachment":[{"href":"https:\/\/prismagamers.com\/hu\/wp-json\/wp\/v2\/media?parent=38568"}],"wp:term":[{"taxonomy":"product_brand","embeddable":true,"href":"https:\/\/prismagamers.com\/hu\/wp-json\/wp\/v2\/product_brand?post=38568"},{"taxonomy":"product_cat","embeddable":true,"href":"https:\/\/prismagamers.com\/hu\/wp-json\/wp\/v2\/product_cat?post=38568"},{"taxonomy":"product_tag","embeddable":true,"href":"https:\/\/prismagamers.com\/hu\/wp-json\/wp\/v2\/product_tag?post=38568"}],"curies":[{"name":"wp","href":"https:\/\/api.w.org\/{rel}","templated":true}]}}