{"id":38569,"date":"2023-04-12T20:20:51","date_gmt":"2023-04-12T18:20:51","guid":{"rendered":"https:\/\/prismagamers.com\/produkt\/gumi-banditak\/"},"modified":"2026-01-02T00:36:08","modified_gmt":"2026-01-01T23:36:08","slug":"gumi-banditak","status":"publish","type":"product","link":"https:\/\/prismagamers.com\/hu\/produkt\/gumi-banditak\/","title":{"rendered":"Rubber Bandits"},"content":{"rendered":"<div class=\"flex max-w-full flex-col flex-grow\">\n<div class=\"min-h-8 text-message flex w-full flex-col items-end gap-2 whitespace-normal break-words [.text-message+&amp;]:mt-5\" dir=\"auto\" data-message-author-role=\"assistant\" data-message-id=\"35dd1a38-52af-4900-9c44-9279e9bde69e\" data-message-model-slug=\"gpt-4o-mini\">\n<div class=\"flex w-full flex-col gap-1 empty:hidden first:pt-[3px]\">\n<div class=\"markdown prose w-full break-words dark:prose-invert light\">\n<p>A Rubber Bandits a j\u00e1t\u00e9kosokat egy fergeteges partiharcba dobja, hogy lopjanak, romboljanak \u00e9s min\u00e9l t\u00f6bb p\u00e9nzt szerezzenek! K\u00e9sz\u00fclj fel egy sz\u00f3rakoztat\u00f3, fizikai csat\u00e1ra bizarr fegyverekkel \u00e9s b\u0171n\u00f6z\u0151i karakterek hatalmas v\u00e1laszt\u00e9k\u00e1val. Ker\u00fcld el a vesz\u00e9lyes csapd\u00e1kat, verekedj a riv\u00e1lis gengszterekkel, \u00e9s versenyezz a rend\u0151rs\u00e9ggel a t\u00f6k\u00e9letes rabl\u00e1s\u00e9rt &#8211; de ne felejtsd el elrabolni a zs\u00e1km\u00e1nyt!  <\/p>\n<\/div>\n<\/div>\n<\/div>\n<\/div>\n<p><img fetchpriority=\"high\" decoding=\"async\" class=\"size-medium wp-image-3279 aligncenter\" src=\"https:\/\/prismagamers.com\/wp-content\/uploads\/2023\/04\/572d172799f24868adbfeedb-300x169.png\" alt=\"\" width=\"300\" height=\"169\" srcset=\"https:\/\/prismagamers.com\/wp-content\/uploads\/2023\/04\/572d172799f24868adbfeedb-300x169.png 300w, https:\/\/prismagamers.com\/wp-content\/uploads\/2023\/04\/572d172799f24868adbfeedb-768x432.png 768w, https:\/\/prismagamers.com\/wp-content\/uploads\/2023\/04\/572d172799f24868adbfeedb-600x337.png 600w, https:\/\/prismagamers.com\/wp-content\/uploads\/2023\/04\/572d172799f24868adbfeedb.png 770w\" sizes=\"(max-width: 300px) 100vw, 300px\" \/><\/p>\n<p>Riv\u00e1lis b\u0171n\u00f6z\u0151k: J\u00e1tssz a bar\u00e1taiddal vagy m\u00e1s b\u0171n\u00f6z\u0151k ellen online, hogy gy\u0151ztesen menek\u00fclj! Csatlakozz b\u0171nt\u00e1rsaidhoz a helyi kooperat\u00edv m\u00f3dban, vagy \u00e1ll\u00edtsd \u00f6ssze a t\u00f6k\u00e9letes b\u0171n\u00f6z\u0151i csapatot k\u00e9t emberrel egy sz\u00e1m\u00edt\u00f3g\u00e9pen. <\/p>\n<p>T\u00f6rv\u00e9nyt\u00f6r\u0151 szintek: T\u00f6rd meg a fizika t\u00f6rv\u00e9nyeit, \u00e9s iktasd ki a gengsztereket a klasszikus rabl\u00e1si t\u00e9m\u00e1kban, p\u00e9ld\u00e1ul a bankban, a m\u00fazeumban \u00e9s a dokkokban tal\u00e1lhat\u00f3, rendk\u00edv\u00fcl puszt\u00edt\u00f3 szinteken. Harcolj a Brawl m\u00f3dban, hajtsd v\u00e9gre a t\u00f6k\u00e9letes rabl\u00e1st a Heist m\u00f3dban, vagy l\u00e9gy a b\u0171n\u00f6z\u00e9s mestere az Arcade egyj\u00e1t\u00e9kos m\u00f3dban! <\/p>\n<p><img decoding=\"async\" class=\"size-medium wp-image-3278 aligncenter\" src=\"https:\/\/prismagamers.com\/wp-content\/uploads\/2023\/04\/rubber-bandits_1-300x169.png\" alt=\"\" width=\"300\" height=\"169\" srcset=\"https:\/\/prismagamers.com\/wp-content\/uploads\/2023\/04\/rubber-bandits_1-300x169.png 300w, https:\/\/prismagamers.com\/wp-content\/uploads\/2023\/04\/rubber-bandits_1-768x432.png 768w, https:\/\/prismagamers.com\/wp-content\/uploads\/2023\/04\/rubber-bandits_1-600x337.png 600w, https:\/\/prismagamers.com\/wp-content\/uploads\/2023\/04\/rubber-bandits_1.png 770w\" sizes=\"(max-width: 300px) 100vw, 300px\" \/><\/p>\n<p>B\u0171n\u00f6z\u0151i divat: Testre szabhatod b\u0171n\u00f6z\u0151d kin\u00e9zet\u00e9t a sz\u00e1mos klasszikus t\u00f6rv\u00e9nyen k\u00edv\u00fcli \u00e1lruha egyik\u00e9ben: a cowboyt\u00f3l \u00e9s a macskatolvajt\u00f3l kezdve a gumiruh\u00e1n \u00e1t a ban\u00e1nruh\u00e1ig.<\/p>\n<p>Gonosz fegyverzet: Haszn\u00e1lj mindent, ami k\u00e9zn\u00e9l van, hogy legy\u0151zd az ellens\u00e9get \u00e9s megszerezd a zs\u00e1km\u00e1nyt! V\u00e1lassz 20 k\u00fcl\u00f6nb\u00f6z\u0151 fegyver k\u00f6z\u00fcl, a m\u00e1lyvacukort\u00f3l a rak\u00e9tavet\u0151kig, \u00e9s osonj \u00e1t a puszt\u00edt\u00f3 szinteken, hogy sz\u00e9tverd \u00e9s bev\u00e1ltsd a p\u00e9nzt. <\/p>\n<p>&nbsp;<\/p>\n","protected":false},"excerpt":{"rendered":"<p class=\"ai-optimize-24\">A Rubber Bandits egy b\u0171n\u00fcgyi t\u00f6bbj\u00e1t\u00e9kos partij\u00e1t\u00e9k maximum 4 j\u00e1t\u00e9kos sz\u00e1m\u00e1ra. A 8 akci\u00f3d\u00fas j\u00e1t\u00e9km\u00f3dban a j\u00e1t\u00e9kosok lopnak, sz\u00e9tz\u00faznak mindent, \u00e9s a legt\u00f6bb zs\u00e1km\u00e1nnyal a c\u00e9lba rohannak a gy\u0151zelem\u00e9rt! <\/p>\n<p class=\"ai-optimize-25\"><img decoding=\"async\" class=\"emoji\" role=\"img\" src=\"https:\/\/s.w.org\/images\/core\/emoji\/14.0.0\/svg\/1f30d.svg\" alt=\"\ud83c\udf0d\">  Global<br \/>\n<img decoding=\"async\" class=\"emoji\" role=\"img\" src=\"https:\/\/s.w.org\/images\/core\/emoji\/14.0.0\/svg\/2699.svg\" alt=\"\u2699\ufe0f\"> Steam<br \/>\n<img decoding=\"async\" class=\"emoji\" role=\"img\" src=\"https:\/\/s.w.org\/images\/core\/emoji\/14.0.0\/svg\/1f5dd.svg\" alt=\"\ud83d\udddd\"> Digit\u00e1lis kulcs<\/p>\n","protected":false},"featured_media":25126,"template":"","meta":{"_acf_changed":false,"site-sidebar-layout":"default","site-content-layout":"default","ast-site-content-layout":"default","site-content-style":"default","site-sidebar-style":"default","ast-global-header-display":"","ast-banner-title-visibility":"","ast-main-header-display":"","ast-hfb-above-header-display":"","ast-hfb-below-header-display":"","ast-hfb-mobile-header-display":"","site-post-title":"","ast-breadcrumbs-content":"","ast-featured-img":"","footer-sml-layout":"","ast-disable-related-posts":"","theme-transparent-header-meta":"default","adv-header-id-meta":"","stick-header-meta":"","header-above-stick-meta":"","header-main-stick-meta":"","header-below-stick-meta":"","astra-migrate-meta-layouts":"default","ast-page-background-enabled":"default","ast-page-background-meta":{"desktop":{"background-color":"var(--ast-global-color-4)","background-image":"","background-repeat":"repeat","background-position":"center center","background-size":"auto","background-attachment":"scroll","background-type":"","background-media":"","overlay-type":"","overlay-color":"","overlay-opacity":"","overlay-gradient":""},"tablet":{"background-color":"","background-image":"","background-repeat":"repeat","background-position":"center center","background-size":"auto","background-attachment":"scroll","background-type":"","background-media":"","overlay-type":"","overlay-color":"","overlay-opacity":"","overlay-gradient":""},"mobile":{"background-color":"","background-image":"","background-repeat":"repeat","background-position":"center center","background-size":"auto","background-attachment":"scroll","background-type":"","background-media":"","overlay-type":"","overlay-color":"","overlay-opacity":"","overlay-gradient":""}},"ast-content-background-meta":{"desktop":{"background-color":"var(--ast-global-color-5)","background-image":"","background-repeat":"repeat","background-position":"center center","background-size":"auto","background-attachment":"scroll","background-type":"","background-media":"","overlay-type":"","overlay-color":"","overlay-opacity":"","overlay-gradient":""},"tablet":{"background-color":"var(--ast-global-color-5)","background-image":"","background-repeat":"repeat","background-position":"center center","background-size":"auto","background-attachment":"scroll","background-type":"","background-media":"","overlay-type":"","overlay-color":"","overlay-opacity":"","overlay-gradient":""},"mobile":{"background-color":"var(--ast-global-color-5)","background-image":"","background-repeat":"repeat","background-position":"center center","background-size":"auto","background-attachment":"scroll","background-type":"","background-media":"","overlay-type":"","overlay-color":"","overlay-opacity":"","overlay-gradient":""}}},"product_brand":[],"product_cat":[371,394,365,363,378,335,578],"product_tag":[542],"class_list":{"0":"post-38569","1":"product","2":"type-product","3":"status-publish","4":"has-post-thumbnail","6":"product_cat-akcio-jatekok","7":"product_cat-digitalis-jatekok","8":"product_cat-goz","9":"product_cat-kaland-jatekok","10":"product_cat-minden-digitalis-jatek","11":"product_cat-wyprzedaz","12":"product_cat-villanofeny","13":"product_tag-pid_04-hu","14":"desktop-align-left","15":"tablet-align-left","16":"mobile-align-left","18":"first","19":"instock","20":"virtual","21":"purchasable","22":"product-type-simple"},"acf":[],"yoast_head":"<!-- This site is optimized with the Yoast SEO Premium plugin v27.4 (Yoast SEO v27.4) - https:\/\/yoast.com\/product\/yoast-seo-premium-wordpress\/ -->\n<title>Rubber Bandits - Prismagamers.com<\/title>\n<meta name=\"description\" content=\"A Rubber Bandits egy b\u0171n\u00fcgyi t\u00f6bbj\u00e1t\u00e9kos partij\u00e1t\u00e9k maximum 4 j\u00e1t\u00e9kos sz\u00e1m\u00e1ra. A 8 akci\u00f3d\u00fas j\u00e1t\u00e9km\u00f3dban a j\u00e1t\u00e9kosok lopnak, sz\u00e9tz\u00faznak mindent, \u00e9s a legt\u00f6bb zs\u00e1km\u00e1nnyal a c\u00e9lba rohannak a gy\u0151zelem\u00e9rt!  Global Steam Digit\u00e1lis kulcs\" \/>\n<meta name=\"robots\" content=\"index, follow, max-snippet:-1, max-image-preview:large, max-video-preview:-1\" \/>\n<link rel=\"canonical\" href=\"https:\/\/prismagamers.com\/hu\/produkt\/gumi-banditak\/\" \/>\n<meta property=\"og:locale\" content=\"hu_HU\" \/>\n<meta property=\"og:type\" content=\"article\" \/>\n<meta property=\"og:title\" content=\"Rubber Bandits\" \/>\n<meta property=\"og:description\" content=\"A Rubber Bandits egy b\u0171n\u00fcgyi t\u00f6bbj\u00e1t\u00e9kos partij\u00e1t\u00e9k maximum 4 j\u00e1t\u00e9kos sz\u00e1m\u00e1ra. A 8 akci\u00f3d\u00fas j\u00e1t\u00e9km\u00f3dban a j\u00e1t\u00e9kosok lopnak, sz\u00e9tz\u00faznak mindent, \u00e9s a legt\u00f6bb zs\u00e1km\u00e1nnyal a c\u00e9lba rohannak a gy\u0151zelem\u00e9rt!  Global Steam Digit\u00e1lis kulcs\" \/>\n<meta property=\"og:url\" content=\"https:\/\/prismagamers.com\/hu\/produkt\/gumi-banditak\/\" \/>\n<meta property=\"og:site_name\" content=\"Prismagamers.com\" \/>\n<meta property=\"article:publisher\" content=\"https:\/\/www.facebook.com\/prismagamers\" \/>\n<meta property=\"article:modified_time\" content=\"2026-01-01T23:36:08+00:00\" \/>\n<meta property=\"og:image\" content=\"https:\/\/prismagamers.com\/wp-content\/uploads\/2023\/04\/Rubber-Bandits.jpg\" \/>\n\t<meta property=\"og:image:width\" content=\"600\" \/>\n\t<meta property=\"og:image:height\" content=\"900\" \/>\n\t<meta property=\"og:image:type\" content=\"image\/jpeg\" \/>\n<meta name=\"twitter:card\" content=\"summary_large_image\" \/>\n<meta name=\"twitter:label1\" content=\"Becs\u00fclt olvas\u00e1si id\u0151\" \/>\n\t<meta name=\"twitter:data1\" content=\"2 perc\" \/>\n<script type=\"application\/ld+json\" class=\"yoast-schema-graph\">{\"@context\":\"https:\\\/\\\/schema.org\",\"@graph\":[{\"@type\":\"WebPage\",\"@id\":\"https:\\\/\\\/prismagamers.com\\\/hu\\\/produkt\\\/gumi-banditak\\\/\",\"url\":\"https:\\\/\\\/prismagamers.com\\\/hu\\\/produkt\\\/gumi-banditak\\\/\",\"name\":\"Rubber Bandits - Prismagamers.com\",\"isPartOf\":{\"@id\":\"https:\\\/\\\/prismagamers.com\\\/hu\\\/#website\"},\"primaryImageOfPage\":{\"@id\":\"https:\\\/\\\/prismagamers.com\\\/hu\\\/produkt\\\/gumi-banditak\\\/#primaryimage\"},\"image\":{\"@id\":\"https:\\\/\\\/prismagamers.com\\\/hu\\\/produkt\\\/gumi-banditak\\\/#primaryimage\"},\"thumbnailUrl\":\"https:\\\/\\\/prismagamers.com\\\/wp-content\\\/uploads\\\/2023\\\/04\\\/Rubber-Bandits.jpg\",\"datePublished\":\"2023-04-12T18:20:51+00:00\",\"dateModified\":\"2026-01-01T23:36:08+00:00\",\"description\":\"A Rubber Bandits egy b\u0171n\u00fcgyi t\u00f6bbj\u00e1t\u00e9kos partij\u00e1t\u00e9k maximum 4 j\u00e1t\u00e9kos sz\u00e1m\u00e1ra. A 8 akci\u00f3d\u00fas j\u00e1t\u00e9km\u00f3dban a j\u00e1t\u00e9kosok lopnak, sz\u00e9tz\u00faznak mindent, \u00e9s a legt\u00f6bb zs\u00e1km\u00e1nnyal a c\u00e9lba rohannak a gy\u0151zelem\u00e9rt! Global Steam Digit\u00e1lis kulcs\",\"breadcrumb\":{\"@id\":\"https:\\\/\\\/prismagamers.com\\\/hu\\\/produkt\\\/gumi-banditak\\\/#breadcrumb\"},\"inLanguage\":\"hu\",\"potentialAction\":[{\"@type\":\"ReadAction\",\"target\":[\"https:\\\/\\\/prismagamers.com\\\/hu\\\/produkt\\\/gumi-banditak\\\/\"]}]},{\"@type\":\"ImageObject\",\"inLanguage\":\"hu\",\"@id\":\"https:\\\/\\\/prismagamers.com\\\/hu\\\/produkt\\\/gumi-banditak\\\/#primaryimage\",\"url\":\"https:\\\/\\\/prismagamers.com\\\/wp-content\\\/uploads\\\/2023\\\/04\\\/Rubber-Bandits.jpg\",\"contentUrl\":\"https:\\\/\\\/prismagamers.com\\\/wp-content\\\/uploads\\\/2023\\\/04\\\/Rubber-Bandits.jpg\",\"width\":600,\"height\":900},{\"@type\":\"BreadcrumbList\",\"@id\":\"https:\\\/\\\/prismagamers.com\\\/hu\\\/produkt\\\/gumi-banditak\\\/#breadcrumb\",\"itemListElement\":[{\"@type\":\"ListItem\",\"position\":1,\"name\":\"Strona g\u0142\u00f3wna\",\"item\":\"https:\\\/\\\/prismagamers.com\\\/hu\\\/prismagamers\\\/\"},{\"@type\":\"ListItem\",\"position\":2,\"name\":\"Shop\",\"item\":\"https:\\\/\\\/prismagamers.com\\\/hu\\\/shop\\\/\"},{\"@type\":\"ListItem\",\"position\":3,\"name\":\"Rubber Bandits\"}]},{\"@type\":\"WebSite\",\"@id\":\"https:\\\/\\\/prismagamers.com\\\/hu\\\/#website\",\"url\":\"https:\\\/\\\/prismagamers.com\\\/hu\\\/\",\"name\":\"Prismagamers\",\"description\":\"Sklep z grami PC I Sklep klucze Steam\",\"publisher\":{\"@id\":\"https:\\\/\\\/prismagamers.com\\\/hu\\\/#organization\"},\"potentialAction\":[{\"@type\":\"SearchAction\",\"target\":{\"@type\":\"EntryPoint\",\"urlTemplate\":\"https:\\\/\\\/prismagamers.com\\\/hu\\\/?s={search_term_string}\"},\"query-input\":{\"@type\":\"PropertyValueSpecification\",\"valueRequired\":true,\"valueName\":\"search_term_string\"}}],\"inLanguage\":\"hu\"},{\"@type\":\"Organization\",\"@id\":\"https:\\\/\\\/prismagamers.com\\\/hu\\\/#organization\",\"name\":\"Prismagamers\",\"url\":\"https:\\\/\\\/prismagamers.com\\\/hu\\\/\",\"logo\":{\"@type\":\"ImageObject\",\"inLanguage\":\"hu\",\"@id\":\"https:\\\/\\\/prismagamers.com\\\/hu\\\/#\\\/schema\\\/logo\\\/image\\\/\",\"url\":\"https:\\\/\\\/prismagamers.com\\\/wp-content\\\/uploads\\\/2022\\\/04\\\/cropped-logo-Prismagamers-01-scaled-1.jpg\",\"contentUrl\":\"https:\\\/\\\/prismagamers.com\\\/wp-content\\\/uploads\\\/2022\\\/04\\\/cropped-logo-Prismagamers-01-scaled-1.jpg\",\"width\":512,\"height\":512,\"caption\":\"Prismagamers\"},\"image\":{\"@id\":\"https:\\\/\\\/prismagamers.com\\\/hu\\\/#\\\/schema\\\/logo\\\/image\\\/\"},\"sameAs\":[\"https:\\\/\\\/www.facebook.com\\\/prismagamers\",\"https:\\\/\\\/www.instagram.com\\\/prismagamers_grycyfrowe\\\/\"],\"description\":\"Prismagamers.com to dynamiczny sklep z grami cyfrowymi, stworzony z my\u015bl\u0105 o entuzjastach gier wideo. Nasza strona oferuje szerok\u0105 gam\u0119 gier komputerowych, w tym najnowsze tytu\u0142y, dobrze znane klasyki oraz gry stworzone przez niezale\u017cne studia Ca\u0142y czas d\u0105\u017cymy do rozszerzenia naszej oferty. Do\u0142\u0105cz do nas i sta\u0144 si\u0119 cz\u0119\u015bci\u0105 naszej rosn\u0105cej spo\u0142eczno\u015bci graczy!\",\"email\":\"shop@prismagamers.com\",\"telephone\":\"48795541705\",\"legalName\":\"East Caravan Maksym \u017bukow\",\"foundingDate\":\"2012-05-10\",\"vatID\":\"PL8943038612\",\"taxID\":\"PL8943038612\",\"numberOfEmployees\":{\"@type\":\"QuantitativeValue\",\"minValue\":\"11\",\"maxValue\":\"50\"}}]}<\/script>\n<!-- \/ Yoast SEO Premium plugin. -->","yoast_head_json":{"title":"Rubber Bandits - Prismagamers.com","description":"A Rubber Bandits egy b\u0171n\u00fcgyi t\u00f6bbj\u00e1t\u00e9kos partij\u00e1t\u00e9k maximum 4 j\u00e1t\u00e9kos sz\u00e1m\u00e1ra. A 8 akci\u00f3d\u00fas j\u00e1t\u00e9km\u00f3dban a j\u00e1t\u00e9kosok lopnak, sz\u00e9tz\u00faznak mindent, \u00e9s a legt\u00f6bb zs\u00e1km\u00e1nnyal a c\u00e9lba rohannak a gy\u0151zelem\u00e9rt!  Global Steam Digit\u00e1lis kulcs","robots":{"index":"index","follow":"follow","max-snippet":"max-snippet:-1","max-image-preview":"max-image-preview:large","max-video-preview":"max-video-preview:-1"},"canonical":"https:\/\/prismagamers.com\/hu\/produkt\/gumi-banditak\/","og_locale":"hu_HU","og_type":"article","og_title":"Rubber Bandits","og_description":"A Rubber Bandits egy b\u0171n\u00fcgyi t\u00f6bbj\u00e1t\u00e9kos partij\u00e1t\u00e9k maximum 4 j\u00e1t\u00e9kos sz\u00e1m\u00e1ra. A 8 akci\u00f3d\u00fas j\u00e1t\u00e9km\u00f3dban a j\u00e1t\u00e9kosok lopnak, sz\u00e9tz\u00faznak mindent, \u00e9s a legt\u00f6bb zs\u00e1km\u00e1nnyal a c\u00e9lba rohannak a gy\u0151zelem\u00e9rt!  Global Steam Digit\u00e1lis kulcs","og_url":"https:\/\/prismagamers.com\/hu\/produkt\/gumi-banditak\/","og_site_name":"Prismagamers.com","article_publisher":"https:\/\/www.facebook.com\/prismagamers","article_modified_time":"2026-01-01T23:36:08+00:00","og_image":[{"width":600,"height":900,"url":"https:\/\/prismagamers.com\/wp-content\/uploads\/2023\/04\/Rubber-Bandits.jpg","type":"image\/jpeg"}],"twitter_card":"summary_large_image","twitter_misc":{"Becs\u00fclt olvas\u00e1si id\u0151":"2 perc"},"schema":{"@context":"https:\/\/schema.org","@graph":[{"@type":"WebPage","@id":"https:\/\/prismagamers.com\/hu\/produkt\/gumi-banditak\/","url":"https:\/\/prismagamers.com\/hu\/produkt\/gumi-banditak\/","name":"Rubber Bandits - Prismagamers.com","isPartOf":{"@id":"https:\/\/prismagamers.com\/hu\/#website"},"primaryImageOfPage":{"@id":"https:\/\/prismagamers.com\/hu\/produkt\/gumi-banditak\/#primaryimage"},"image":{"@id":"https:\/\/prismagamers.com\/hu\/produkt\/gumi-banditak\/#primaryimage"},"thumbnailUrl":"https:\/\/prismagamers.com\/wp-content\/uploads\/2023\/04\/Rubber-Bandits.jpg","datePublished":"2023-04-12T18:20:51+00:00","dateModified":"2026-01-01T23:36:08+00:00","description":"A Rubber Bandits egy b\u0171n\u00fcgyi t\u00f6bbj\u00e1t\u00e9kos partij\u00e1t\u00e9k maximum 4 j\u00e1t\u00e9kos sz\u00e1m\u00e1ra. A 8 akci\u00f3d\u00fas j\u00e1t\u00e9km\u00f3dban a j\u00e1t\u00e9kosok lopnak, sz\u00e9tz\u00faznak mindent, \u00e9s a legt\u00f6bb zs\u00e1km\u00e1nnyal a c\u00e9lba rohannak a gy\u0151zelem\u00e9rt! Global Steam Digit\u00e1lis kulcs","breadcrumb":{"@id":"https:\/\/prismagamers.com\/hu\/produkt\/gumi-banditak\/#breadcrumb"},"inLanguage":"hu","potentialAction":[{"@type":"ReadAction","target":["https:\/\/prismagamers.com\/hu\/produkt\/gumi-banditak\/"]}]},{"@type":"ImageObject","inLanguage":"hu","@id":"https:\/\/prismagamers.com\/hu\/produkt\/gumi-banditak\/#primaryimage","url":"https:\/\/prismagamers.com\/wp-content\/uploads\/2023\/04\/Rubber-Bandits.jpg","contentUrl":"https:\/\/prismagamers.com\/wp-content\/uploads\/2023\/04\/Rubber-Bandits.jpg","width":600,"height":900},{"@type":"BreadcrumbList","@id":"https:\/\/prismagamers.com\/hu\/produkt\/gumi-banditak\/#breadcrumb","itemListElement":[{"@type":"ListItem","position":1,"name":"Strona g\u0142\u00f3wna","item":"https:\/\/prismagamers.com\/hu\/prismagamers\/"},{"@type":"ListItem","position":2,"name":"Shop","item":"https:\/\/prismagamers.com\/hu\/shop\/"},{"@type":"ListItem","position":3,"name":"Rubber Bandits"}]},{"@type":"WebSite","@id":"https:\/\/prismagamers.com\/hu\/#website","url":"https:\/\/prismagamers.com\/hu\/","name":"Prismagamers","description":"Sklep z grami PC I Sklep klucze Steam","publisher":{"@id":"https:\/\/prismagamers.com\/hu\/#organization"},"potentialAction":[{"@type":"SearchAction","target":{"@type":"EntryPoint","urlTemplate":"https:\/\/prismagamers.com\/hu\/?s={search_term_string}"},"query-input":{"@type":"PropertyValueSpecification","valueRequired":true,"valueName":"search_term_string"}}],"inLanguage":"hu"},{"@type":"Organization","@id":"https:\/\/prismagamers.com\/hu\/#organization","name":"Prismagamers","url":"https:\/\/prismagamers.com\/hu\/","logo":{"@type":"ImageObject","inLanguage":"hu","@id":"https:\/\/prismagamers.com\/hu\/#\/schema\/logo\/image\/","url":"https:\/\/prismagamers.com\/wp-content\/uploads\/2022\/04\/cropped-logo-Prismagamers-01-scaled-1.jpg","contentUrl":"https:\/\/prismagamers.com\/wp-content\/uploads\/2022\/04\/cropped-logo-Prismagamers-01-scaled-1.jpg","width":512,"height":512,"caption":"Prismagamers"},"image":{"@id":"https:\/\/prismagamers.com\/hu\/#\/schema\/logo\/image\/"},"sameAs":["https:\/\/www.facebook.com\/prismagamers","https:\/\/www.instagram.com\/prismagamers_grycyfrowe\/"],"description":"Prismagamers.com to dynamiczny sklep z grami cyfrowymi, stworzony z my\u015bl\u0105 o entuzjastach gier wideo. Nasza strona oferuje szerok\u0105 gam\u0119 gier komputerowych, w tym najnowsze tytu\u0142y, dobrze znane klasyki oraz gry stworzone przez niezale\u017cne studia Ca\u0142y czas d\u0105\u017cymy do rozszerzenia naszej oferty. Do\u0142\u0105cz do nas i sta\u0144 si\u0119 cz\u0119\u015bci\u0105 naszej rosn\u0105cej spo\u0142eczno\u015bci graczy!","email":"shop@prismagamers.com","telephone":"48795541705","legalName":"East Caravan Maksym \u017bukow","foundingDate":"2012-05-10","vatID":"PL8943038612","taxID":"PL8943038612","numberOfEmployees":{"@type":"QuantitativeValue","minValue":"11","maxValue":"50"}}]}},"_links":{"self":[{"href":"https:\/\/prismagamers.com\/hu\/wp-json\/wp\/v2\/product\/38569","targetHints":{"allow":["GET"]}}],"collection":[{"href":"https:\/\/prismagamers.com\/hu\/wp-json\/wp\/v2\/product"}],"about":[{"href":"https:\/\/prismagamers.com\/hu\/wp-json\/wp\/v2\/types\/product"}],"wp:featuredmedia":[{"embeddable":true,"href":"https:\/\/prismagamers.com\/hu\/wp-json\/wp\/v2\/media\/25126"}],"wp:attachment":[{"href":"https:\/\/prismagamers.com\/hu\/wp-json\/wp\/v2\/media?parent=38569"}],"wp:term":[{"taxonomy":"product_brand","embeddable":true,"href":"https:\/\/prismagamers.com\/hu\/wp-json\/wp\/v2\/product_brand?post=38569"},{"taxonomy":"product_cat","embeddable":true,"href":"https:\/\/prismagamers.com\/hu\/wp-json\/wp\/v2\/product_cat?post=38569"},{"taxonomy":"product_tag","embeddable":true,"href":"https:\/\/prismagamers.com\/hu\/wp-json\/wp\/v2\/product_tag?post=38569"}],"curies":[{"name":"wp","href":"https:\/\/api.w.org\/{rel}","templated":true}]}}