{"id":38574,"date":"2024-08-15T21:31:14","date_gmt":"2024-08-15T19:31:14","guid":{"rendered":"https:\/\/prismagamers.com\/produkt\/trine-3-a-hatalom-ereklyei\/"},"modified":"2026-03-05T00:00:44","modified_gmt":"2026-03-04T23:00:44","slug":"trine-3-a-hatalom-ereklyei","status":"publish","type":"product","link":"https:\/\/prismagamers.com\/hu\/produkt\/trine-3-a-hatalom-ereklyei\/","title":{"rendered":"Trine 3: A hatalom erekly\u00e9i"},"content":{"rendered":"<p><img decoding=\"async\" class=\"aligncenter\" src=\"https:\/\/shared.akamai.steamstatic.com\/store_item_assets\/steam\/apps\/319910\/extras\/Trine_3_gif_footage_steam_storepage.gif?t=1717423638\"><\/p>\n<p>Tapasztald meg a l\u00e9legzetel\u00e1ll\u00edt\u00f3 t\u00e1jakkal teli mesevil\u00e1got, \u00e9s n\u00e9zz szembe sz\u00e1mtalan fizika-alap\u00fa rejtv\u00e9nnyel, csod\u00e1s mechanizmusokkal, vesz\u00e9lyes ellens\u00e9gekkel \u00e9s var\u00e1zslatos l\u00e9nyekkel.<\/p>\n<p>A <strong>Trine 3: The Artifacts of Power<\/strong> egy akci\u00f3t, rejtv\u00e9nyeket \u00e9s kalandot \u00f6tv\u00f6z\u0151 platformj\u00e1t\u00e9k, amely a d\u00edjnyertes <strong>Trine<\/strong> \u00e9s <strong>Trine 2<\/strong> j\u00e1t\u00e9kok folytat\u00e1sa.\u00dajra tal\u00e1lkozhatsz a m\u00e1r ismert karakterekkel, Pontius lovaggal, Amadeus var\u00e1zsl\u00f3val \u00e9s Zoya tolvajjal egy vadonat\u00faj kalandban, most el\u0151sz\u00f6r teljes 3D-ben! <\/p>\n<p><strong>Online \u00e9s helyi kooperat\u00edv m\u00f3dok:<\/strong> J\u00e1tssz egyj\u00e1t\u00e9kos vagy kooperat\u00edv m\u00f3dban legfeljebb h\u00e1rom j\u00e1t\u00e9kossal, helyben \u00e9s online. K\u00fcl\u00f6nb\u00f6z\u0151 konfigur\u00e1ci\u00f3kat kombin\u00e1lhatsz (pl. 2 helyi, 1 online), \u00e9s szabadon v\u00e1lthatsz az egyj\u00e1t\u00e9kos \u00e9s a t\u00f6bbj\u00e1t\u00e9kos m\u00f3dok k\u00f6z\u00f6tt. J\u00e1tsszatok a bar\u00e1taitokkal a Steamen, \u00e9s fedezz\u00e9tek fel egy\u00fctt a titkokat!  <\/p>\n<p><strong>Elveszett oldalak:<\/strong> A Lost Pages a legszokatlanabb mechanik\u00e1t, karakterk\u00f6zpont\u00fa diz\u00e1jnt \u00e9s abszurd rejtv\u00e9nyeket k\u00edn\u00e1l. El\u00e9g tehets\u00e9ges vagy ahhoz, hogy feloldd az \u00f6sszes Lost Pages-t? <\/p>\n<p><strong>Soundtrack:<\/strong> A d\u00edjnyertes zeneszerz\u0151, Ari Pulkkinen egy csod\u00e1latos fantasy soundtrackkel t\u00e9r vissza!<\/p>\n<p><strong>Fantasztikus mese:<\/strong> Utazz \u00e1t leny\u0171g\u00f6z\u0151en gy\u00f6ny\u00f6r\u0171 t\u00e1jakon egy var\u00e1zslatos mesevil\u00e1gban, \u00e9s fedezd fel el\u0151sz\u00f6r a Trine vil\u00e1g\u00e1t teljes 3D-ben, felfedezve minden olyan zugot, amely kor\u00e1bban is olyan cs\u00e1b\u00edt\u00f3 volt.<\/p>\n<p><strong>Teljes nyelvi t\u00e1mogat\u00e1s:<\/strong> a j\u00e1t\u00e9k teljes nyelvi t\u00e1mogat\u00e1st ny\u00fajt angol, francia, n\u00e9met, spanyol, orosz, jap\u00e1n \u00e9s portug\u00e1l (brazil) nyelven, bele\u00e9rtve a szinkroniz\u00e1l\u00e1st \u00e9s a feliratoz\u00e1st, valamint tov\u00e1bbi nyelveket a feliratokhoz.<\/p>\n","protected":false},"excerpt":{"rendered":"<p>A Trine 3: The Artifacts of Power egy akci\u00f3t, rejtv\u00e9nyeket \u00e9s kalandot \u00f6tv\u00f6z\u0151 platformj\u00e1t\u00e9k, a d\u00edjnyertes Trine \u00e9s Trine 2 folytat\u00e1sa. Tal\u00e1lkozz \u00fajra a h\u00e1rom karakterrel egy vadonat\u00faj kalandban, most el\u0151sz\u00f6r teljes 3D-ben! <\/p>\n<p>\ud83c\udf0d Glob\u00e1lis<br \/>\n\u2699\ufe0f Steam<br \/>\n\ud83d\udddd Digit\u00e1lis kulcs<\/p>\n","protected":false},"featured_media":32525,"template":"","meta":{"_acf_changed":false,"site-sidebar-layout":"default","site-content-layout":"","ast-site-content-layout":"default","site-content-style":"default","site-sidebar-style":"default","ast-global-header-display":"","ast-banner-title-visibility":"","ast-main-header-display":"","ast-hfb-above-header-display":"","ast-hfb-below-header-display":"","ast-hfb-mobile-header-display":"","site-post-title":"","ast-breadcrumbs-content":"","ast-featured-img":"","footer-sml-layout":"","ast-disable-related-posts":"","theme-transparent-header-meta":"default","adv-header-id-meta":"","stick-header-meta":"","header-above-stick-meta":"","header-main-stick-meta":"","header-below-stick-meta":"","astra-migrate-meta-layouts":"default","ast-page-background-enabled":"default","ast-page-background-meta":{"desktop":{"background-color":"var(--ast-global-color-4)","background-image":"","background-repeat":"repeat","background-position":"center center","background-size":"auto","background-attachment":"scroll","background-type":"","background-media":"","overlay-type":"","overlay-color":"","overlay-opacity":"","overlay-gradient":""},"tablet":{"background-color":"","background-image":"","background-repeat":"repeat","background-position":"center center","background-size":"auto","background-attachment":"scroll","background-type":"","background-media":"","overlay-type":"","overlay-color":"","overlay-opacity":"","overlay-gradient":""},"mobile":{"background-color":"","background-image":"","background-repeat":"repeat","background-position":"center center","background-size":"auto","background-attachment":"scroll","background-type":"","background-media":"","overlay-type":"","overlay-color":"","overlay-opacity":"","overlay-gradient":""}},"ast-content-background-meta":{"desktop":{"background-color":"var(--ast-global-color-5)","background-image":"","background-repeat":"repeat","background-position":"center center","background-size":"auto","background-attachment":"scroll","background-type":"","background-media":"","overlay-type":"","overlay-color":"","overlay-opacity":"","overlay-gradient":""},"tablet":{"background-color":"var(--ast-global-color-5)","background-image":"","background-repeat":"repeat","background-position":"center center","background-size":"auto","background-attachment":"scroll","background-type":"","background-media":"","overlay-type":"","overlay-color":"","overlay-opacity":"","overlay-gradient":""},"mobile":{"background-color":"var(--ast-global-color-5)","background-image":"","background-repeat":"repeat","background-position":"center center","background-size":"auto","background-attachment":"scroll","background-type":"","background-media":"","overlay-type":"","overlay-color":"","overlay-opacity":"","overlay-gradient":""}}},"product_brand":[],"product_cat":[369,579,580,425,364],"product_tag":[370],"class_list":{"0":"post-38574","1":"product","2":"type-product","3":"status-publish","4":"has-post-thumbnail","6":"product_cat-csarnokok","7":"product_cat-frozenbyte-hu","8":"product_cat-mmo-hu","9":"product_cat-platform-jatekok","10":"product_cat-rpg-k","11":"product_tag-pid-tel","12":"desktop-align-left","13":"tablet-align-left","14":"mobile-align-left","16":"first","17":"instock","18":"shipping-taxable","19":"purchasable","20":"product-type-simple"},"acf":[],"yoast_head":"<!-- This site is optimized with the Yoast SEO Premium plugin v27.5 (Yoast SEO v27.5) - https:\/\/yoast.com\/product\/yoast-seo-premium-wordpress\/ -->\n<title>Trine 3: A hatalom erekly\u00e9i - Prismagamers.com<\/title>\n<meta name=\"description\" content=\"A Trine 3: The Artifacts of Power egy akci\u00f3t, rejtv\u00e9nyeket \u00e9s kalandot \u00f6tv\u00f6z\u0151 platformj\u00e1t\u00e9k, a d\u00edjnyertes Trine \u00e9s Trine 2 folytat\u00e1sa. Tal\u00e1lkozz \u00fajra a h\u00e1rom karakterrel egy vadonat\u00faj kalandban, most el\u0151sz\u00f6r teljes 3D-ben!  \ud83c\udf0d Glob\u00e1lis \u2699\ufe0f Steam \ud83d\udddd Digit\u00e1lis kulcs\" \/>\n<meta name=\"robots\" content=\"index, follow, max-snippet:-1, max-image-preview:large, max-video-preview:-1\" \/>\n<link rel=\"canonical\" href=\"https:\/\/prismagamers.com\/hu\/produkt\/trine-3-a-hatalom-ereklyei\/\" \/>\n<meta property=\"og:locale\" content=\"hu_HU\" \/>\n<meta property=\"og:type\" content=\"article\" \/>\n<meta property=\"og:title\" content=\"Trine 3: A hatalom erekly\u00e9i\" \/>\n<meta property=\"og:description\" content=\"A Trine 3: The Artifacts of Power egy akci\u00f3t, rejtv\u00e9nyeket \u00e9s kalandot \u00f6tv\u00f6z\u0151 platformj\u00e1t\u00e9k, a d\u00edjnyertes Trine \u00e9s Trine 2 folytat\u00e1sa. Tal\u00e1lkozz \u00fajra a h\u00e1rom karakterrel egy vadonat\u00faj kalandban, most el\u0151sz\u00f6r teljes 3D-ben!  \ud83c\udf0d Glob\u00e1lis \u2699\ufe0f Steam \ud83d\udddd Digit\u00e1lis kulcs\" \/>\n<meta property=\"og:url\" content=\"https:\/\/prismagamers.com\/hu\/produkt\/trine-3-a-hatalom-ereklyei\/\" \/>\n<meta property=\"og:site_name\" content=\"Prismagamers.com\" \/>\n<meta property=\"article:publisher\" content=\"https:\/\/www.facebook.com\/prismagamers\" \/>\n<meta property=\"article:modified_time\" content=\"2026-03-04T23:00:44+00:00\" \/>\n<meta property=\"og:image\" content=\"https:\/\/prismagamers.com\/wp-content\/uploads\/2024\/08\/Trine-3-The-Artifacts-of-Power_box-e1723750223794.jpeg\" \/>\n\t<meta property=\"og:image:width\" content=\"300\" \/>\n\t<meta property=\"og:image:height\" content=\"450\" \/>\n\t<meta property=\"og:image:type\" content=\"image\/jpeg\" \/>\n<meta name=\"twitter:card\" content=\"summary_large_image\" \/>\n<meta name=\"twitter:label1\" content=\"Becs\u00fclt olvas\u00e1si id\u0151\" \/>\n\t<meta name=\"twitter:data1\" content=\"1 perc\" \/>\n<script type=\"application\/ld+json\" class=\"yoast-schema-graph\">{\"@context\":\"https:\\\/\\\/schema.org\",\"@graph\":[{\"@type\":\"WebPage\",\"@id\":\"https:\\\/\\\/prismagamers.com\\\/hu\\\/produkt\\\/trine-3-a-hatalom-ereklyei\\\/\",\"url\":\"https:\\\/\\\/prismagamers.com\\\/hu\\\/produkt\\\/trine-3-a-hatalom-ereklyei\\\/\",\"name\":\"Trine 3: A hatalom erekly\u00e9i - Prismagamers.com\",\"isPartOf\":{\"@id\":\"https:\\\/\\\/prismagamers.com\\\/hu\\\/#website\"},\"primaryImageOfPage\":{\"@id\":\"https:\\\/\\\/prismagamers.com\\\/hu\\\/produkt\\\/trine-3-a-hatalom-ereklyei\\\/#primaryimage\"},\"image\":{\"@id\":\"https:\\\/\\\/prismagamers.com\\\/hu\\\/produkt\\\/trine-3-a-hatalom-ereklyei\\\/#primaryimage\"},\"thumbnailUrl\":\"https:\\\/\\\/prismagamers.com\\\/wp-content\\\/uploads\\\/2024\\\/08\\\/Trine-3-The-Artifacts-of-Power_box-e1723750223794.jpeg\",\"datePublished\":\"2024-08-15T19:31:14+00:00\",\"dateModified\":\"2026-03-04T23:00:44+00:00\",\"description\":\"A Trine 3: The Artifacts of Power egy akci\u00f3t, rejtv\u00e9nyeket \u00e9s kalandot \u00f6tv\u00f6z\u0151 platformj\u00e1t\u00e9k, a d\u00edjnyertes Trine \u00e9s Trine 2 folytat\u00e1sa. Tal\u00e1lkozz \u00fajra a h\u00e1rom karakterrel egy vadonat\u00faj kalandban, most el\u0151sz\u00f6r teljes 3D-ben! \ud83c\udf0d Glob\u00e1lis \u2699\ufe0f Steam \ud83d\udddd Digit\u00e1lis kulcs\",\"breadcrumb\":{\"@id\":\"https:\\\/\\\/prismagamers.com\\\/hu\\\/produkt\\\/trine-3-a-hatalom-ereklyei\\\/#breadcrumb\"},\"inLanguage\":\"hu\",\"potentialAction\":[{\"@type\":\"ReadAction\",\"target\":[\"https:\\\/\\\/prismagamers.com\\\/hu\\\/produkt\\\/trine-3-a-hatalom-ereklyei\\\/\"]}]},{\"@type\":\"ImageObject\",\"inLanguage\":\"hu\",\"@id\":\"https:\\\/\\\/prismagamers.com\\\/hu\\\/produkt\\\/trine-3-a-hatalom-ereklyei\\\/#primaryimage\",\"url\":\"https:\\\/\\\/prismagamers.com\\\/wp-content\\\/uploads\\\/2024\\\/08\\\/Trine-3-The-Artifacts-of-Power_box-e1723750223794.jpeg\",\"contentUrl\":\"https:\\\/\\\/prismagamers.com\\\/wp-content\\\/uploads\\\/2024\\\/08\\\/Trine-3-The-Artifacts-of-Power_box-e1723750223794.jpeg\",\"width\":300,\"height\":450},{\"@type\":\"BreadcrumbList\",\"@id\":\"https:\\\/\\\/prismagamers.com\\\/hu\\\/produkt\\\/trine-3-a-hatalom-ereklyei\\\/#breadcrumb\",\"itemListElement\":[{\"@type\":\"ListItem\",\"position\":1,\"name\":\"Strona g\u0142\u00f3wna\",\"item\":\"https:\\\/\\\/prismagamers.com\\\/hu\\\/prismagamers\\\/\"},{\"@type\":\"ListItem\",\"position\":2,\"name\":\"Shop\",\"item\":\"https:\\\/\\\/prismagamers.com\\\/hu\\\/shop\\\/\"},{\"@type\":\"ListItem\",\"position\":3,\"name\":\"Trine 3: A hatalom erekly\u00e9i\"}]},{\"@type\":\"WebSite\",\"@id\":\"https:\\\/\\\/prismagamers.com\\\/hu\\\/#website\",\"url\":\"https:\\\/\\\/prismagamers.com\\\/hu\\\/\",\"name\":\"Prismagamers\",\"description\":\"Sklep z grami PC I Sklep klucze Steam\",\"publisher\":{\"@id\":\"https:\\\/\\\/prismagamers.com\\\/hu\\\/#organization\"},\"potentialAction\":[{\"@type\":\"SearchAction\",\"target\":{\"@type\":\"EntryPoint\",\"urlTemplate\":\"https:\\\/\\\/prismagamers.com\\\/hu\\\/?s={search_term_string}\"},\"query-input\":{\"@type\":\"PropertyValueSpecification\",\"valueRequired\":true,\"valueName\":\"search_term_string\"}}],\"inLanguage\":\"hu\"},{\"@type\":\"Organization\",\"@id\":\"https:\\\/\\\/prismagamers.com\\\/hu\\\/#organization\",\"name\":\"Prismagamers\",\"url\":\"https:\\\/\\\/prismagamers.com\\\/hu\\\/\",\"logo\":{\"@type\":\"ImageObject\",\"inLanguage\":\"hu\",\"@id\":\"https:\\\/\\\/prismagamers.com\\\/hu\\\/#\\\/schema\\\/logo\\\/image\\\/\",\"url\":\"https:\\\/\\\/prismagamers.com\\\/wp-content\\\/uploads\\\/2022\\\/04\\\/cropped-logo-Prismagamers-01-scaled-1.jpg\",\"contentUrl\":\"https:\\\/\\\/prismagamers.com\\\/wp-content\\\/uploads\\\/2022\\\/04\\\/cropped-logo-Prismagamers-01-scaled-1.jpg\",\"width\":512,\"height\":512,\"caption\":\"Prismagamers\"},\"image\":{\"@id\":\"https:\\\/\\\/prismagamers.com\\\/hu\\\/#\\\/schema\\\/logo\\\/image\\\/\"},\"sameAs\":[\"https:\\\/\\\/www.facebook.com\\\/prismagamers\",\"https:\\\/\\\/www.instagram.com\\\/prismagamers_grycyfrowe\\\/\"],\"description\":\"Prismagamers.com to dynamiczny sklep z grami cyfrowymi, stworzony z my\u015bl\u0105 o entuzjastach gier wideo. Nasza strona oferuje szerok\u0105 gam\u0119 gier komputerowych, w tym najnowsze tytu\u0142y, dobrze znane klasyki oraz gry stworzone przez niezale\u017cne studia Ca\u0142y czas d\u0105\u017cymy do rozszerzenia naszej oferty. Do\u0142\u0105cz do nas i sta\u0144 si\u0119 cz\u0119\u015bci\u0105 naszej rosn\u0105cej spo\u0142eczno\u015bci graczy!\",\"email\":\"shop@prismagamers.com\",\"telephone\":\"48795541705\",\"legalName\":\"East Caravan Maksym \u017bukow\",\"foundingDate\":\"2012-05-10\",\"vatID\":\"PL8943038612\",\"taxID\":\"PL8943038612\",\"numberOfEmployees\":{\"@type\":\"QuantitativeValue\",\"minValue\":\"11\",\"maxValue\":\"50\"}}]}<\/script>\n<!-- \/ Yoast SEO Premium plugin. -->","yoast_head_json":{"title":"Trine 3: A hatalom erekly\u00e9i - Prismagamers.com","description":"A Trine 3: The Artifacts of Power egy akci\u00f3t, rejtv\u00e9nyeket \u00e9s kalandot \u00f6tv\u00f6z\u0151 platformj\u00e1t\u00e9k, a d\u00edjnyertes Trine \u00e9s Trine 2 folytat\u00e1sa. Tal\u00e1lkozz \u00fajra a h\u00e1rom karakterrel egy vadonat\u00faj kalandban, most el\u0151sz\u00f6r teljes 3D-ben!  \ud83c\udf0d Glob\u00e1lis \u2699\ufe0f Steam \ud83d\udddd Digit\u00e1lis kulcs","robots":{"index":"index","follow":"follow","max-snippet":"max-snippet:-1","max-image-preview":"max-image-preview:large","max-video-preview":"max-video-preview:-1"},"canonical":"https:\/\/prismagamers.com\/hu\/produkt\/trine-3-a-hatalom-ereklyei\/","og_locale":"hu_HU","og_type":"article","og_title":"Trine 3: A hatalom erekly\u00e9i","og_description":"A Trine 3: The Artifacts of Power egy akci\u00f3t, rejtv\u00e9nyeket \u00e9s kalandot \u00f6tv\u00f6z\u0151 platformj\u00e1t\u00e9k, a d\u00edjnyertes Trine \u00e9s Trine 2 folytat\u00e1sa. Tal\u00e1lkozz \u00fajra a h\u00e1rom karakterrel egy vadonat\u00faj kalandban, most el\u0151sz\u00f6r teljes 3D-ben!  \ud83c\udf0d Glob\u00e1lis \u2699\ufe0f Steam \ud83d\udddd Digit\u00e1lis kulcs","og_url":"https:\/\/prismagamers.com\/hu\/produkt\/trine-3-a-hatalom-ereklyei\/","og_site_name":"Prismagamers.com","article_publisher":"https:\/\/www.facebook.com\/prismagamers","article_modified_time":"2026-03-04T23:00:44+00:00","og_image":[{"width":300,"height":450,"url":"https:\/\/prismagamers.com\/wp-content\/uploads\/2024\/08\/Trine-3-The-Artifacts-of-Power_box-e1723750223794.jpeg","type":"image\/jpeg"}],"twitter_card":"summary_large_image","twitter_misc":{"Becs\u00fclt olvas\u00e1si id\u0151":"1 perc"},"schema":{"@context":"https:\/\/schema.org","@graph":[{"@type":"WebPage","@id":"https:\/\/prismagamers.com\/hu\/produkt\/trine-3-a-hatalom-ereklyei\/","url":"https:\/\/prismagamers.com\/hu\/produkt\/trine-3-a-hatalom-ereklyei\/","name":"Trine 3: A hatalom erekly\u00e9i - Prismagamers.com","isPartOf":{"@id":"https:\/\/prismagamers.com\/hu\/#website"},"primaryImageOfPage":{"@id":"https:\/\/prismagamers.com\/hu\/produkt\/trine-3-a-hatalom-ereklyei\/#primaryimage"},"image":{"@id":"https:\/\/prismagamers.com\/hu\/produkt\/trine-3-a-hatalom-ereklyei\/#primaryimage"},"thumbnailUrl":"https:\/\/prismagamers.com\/wp-content\/uploads\/2024\/08\/Trine-3-The-Artifacts-of-Power_box-e1723750223794.jpeg","datePublished":"2024-08-15T19:31:14+00:00","dateModified":"2026-03-04T23:00:44+00:00","description":"A Trine 3: The Artifacts of Power egy akci\u00f3t, rejtv\u00e9nyeket \u00e9s kalandot \u00f6tv\u00f6z\u0151 platformj\u00e1t\u00e9k, a d\u00edjnyertes Trine \u00e9s Trine 2 folytat\u00e1sa. Tal\u00e1lkozz \u00fajra a h\u00e1rom karakterrel egy vadonat\u00faj kalandban, most el\u0151sz\u00f6r teljes 3D-ben! \ud83c\udf0d Glob\u00e1lis \u2699\ufe0f Steam \ud83d\udddd Digit\u00e1lis kulcs","breadcrumb":{"@id":"https:\/\/prismagamers.com\/hu\/produkt\/trine-3-a-hatalom-ereklyei\/#breadcrumb"},"inLanguage":"hu","potentialAction":[{"@type":"ReadAction","target":["https:\/\/prismagamers.com\/hu\/produkt\/trine-3-a-hatalom-ereklyei\/"]}]},{"@type":"ImageObject","inLanguage":"hu","@id":"https:\/\/prismagamers.com\/hu\/produkt\/trine-3-a-hatalom-ereklyei\/#primaryimage","url":"https:\/\/prismagamers.com\/wp-content\/uploads\/2024\/08\/Trine-3-The-Artifacts-of-Power_box-e1723750223794.jpeg","contentUrl":"https:\/\/prismagamers.com\/wp-content\/uploads\/2024\/08\/Trine-3-The-Artifacts-of-Power_box-e1723750223794.jpeg","width":300,"height":450},{"@type":"BreadcrumbList","@id":"https:\/\/prismagamers.com\/hu\/produkt\/trine-3-a-hatalom-ereklyei\/#breadcrumb","itemListElement":[{"@type":"ListItem","position":1,"name":"Strona g\u0142\u00f3wna","item":"https:\/\/prismagamers.com\/hu\/prismagamers\/"},{"@type":"ListItem","position":2,"name":"Shop","item":"https:\/\/prismagamers.com\/hu\/shop\/"},{"@type":"ListItem","position":3,"name":"Trine 3: A hatalom erekly\u00e9i"}]},{"@type":"WebSite","@id":"https:\/\/prismagamers.com\/hu\/#website","url":"https:\/\/prismagamers.com\/hu\/","name":"Prismagamers","description":"Sklep z grami PC I Sklep klucze Steam","publisher":{"@id":"https:\/\/prismagamers.com\/hu\/#organization"},"potentialAction":[{"@type":"SearchAction","target":{"@type":"EntryPoint","urlTemplate":"https:\/\/prismagamers.com\/hu\/?s={search_term_string}"},"query-input":{"@type":"PropertyValueSpecification","valueRequired":true,"valueName":"search_term_string"}}],"inLanguage":"hu"},{"@type":"Organization","@id":"https:\/\/prismagamers.com\/hu\/#organization","name":"Prismagamers","url":"https:\/\/prismagamers.com\/hu\/","logo":{"@type":"ImageObject","inLanguage":"hu","@id":"https:\/\/prismagamers.com\/hu\/#\/schema\/logo\/image\/","url":"https:\/\/prismagamers.com\/wp-content\/uploads\/2022\/04\/cropped-logo-Prismagamers-01-scaled-1.jpg","contentUrl":"https:\/\/prismagamers.com\/wp-content\/uploads\/2022\/04\/cropped-logo-Prismagamers-01-scaled-1.jpg","width":512,"height":512,"caption":"Prismagamers"},"image":{"@id":"https:\/\/prismagamers.com\/hu\/#\/schema\/logo\/image\/"},"sameAs":["https:\/\/www.facebook.com\/prismagamers","https:\/\/www.instagram.com\/prismagamers_grycyfrowe\/"],"description":"Prismagamers.com to dynamiczny sklep z grami cyfrowymi, stworzony z my\u015bl\u0105 o entuzjastach gier wideo. Nasza strona oferuje szerok\u0105 gam\u0119 gier komputerowych, w tym najnowsze tytu\u0142y, dobrze znane klasyki oraz gry stworzone przez niezale\u017cne studia Ca\u0142y czas d\u0105\u017cymy do rozszerzenia naszej oferty. Do\u0142\u0105cz do nas i sta\u0144 si\u0119 cz\u0119\u015bci\u0105 naszej rosn\u0105cej spo\u0142eczno\u015bci graczy!","email":"shop@prismagamers.com","telephone":"48795541705","legalName":"East Caravan Maksym \u017bukow","foundingDate":"2012-05-10","vatID":"PL8943038612","taxID":"PL8943038612","numberOfEmployees":{"@type":"QuantitativeValue","minValue":"11","maxValue":"50"}}]}},"_links":{"self":[{"href":"https:\/\/prismagamers.com\/hu\/wp-json\/wp\/v2\/product\/38574","targetHints":{"allow":["GET"]}}],"collection":[{"href":"https:\/\/prismagamers.com\/hu\/wp-json\/wp\/v2\/product"}],"about":[{"href":"https:\/\/prismagamers.com\/hu\/wp-json\/wp\/v2\/types\/product"}],"wp:featuredmedia":[{"embeddable":true,"href":"https:\/\/prismagamers.com\/hu\/wp-json\/wp\/v2\/media\/32525"}],"wp:attachment":[{"href":"https:\/\/prismagamers.com\/hu\/wp-json\/wp\/v2\/media?parent=38574"}],"wp:term":[{"taxonomy":"product_brand","embeddable":true,"href":"https:\/\/prismagamers.com\/hu\/wp-json\/wp\/v2\/product_brand?post=38574"},{"taxonomy":"product_cat","embeddable":true,"href":"https:\/\/prismagamers.com\/hu\/wp-json\/wp\/v2\/product_cat?post=38574"},{"taxonomy":"product_tag","embeddable":true,"href":"https:\/\/prismagamers.com\/hu\/wp-json\/wp\/v2\/product_tag?post=38574"}],"curies":[{"name":"wp","href":"https:\/\/api.w.org\/{rel}","templated":true}]}}