{"id":38576,"date":"2024-08-15T20:51:17","date_gmt":"2024-08-15T18:51:17","guid":{"rendered":"https:\/\/prismagamers.com\/produkt\/trine-4-a-remalom-herceg\/"},"modified":"2026-03-05T00:00:54","modified_gmt":"2026-03-04T23:00:54","slug":"trine-4-a-remalom-herceg","status":"publish","type":"product","link":"https:\/\/prismagamers.com\/hu\/produkt\/trine-4-a-remalom-herceg\/","title":{"rendered":"Trine 4: A r\u00e9m\u00e1lom herceg"},"content":{"rendered":"<p><img decoding=\"async\" class=\"aligncenter\" src=\"https:\/\/shared.akamai.steamstatic.com\/store_item_assets\/steam\/apps\/690640\/extras\/available_now.gif?t=1717423519\"><\/p>\n<p>Fedezd fel a Trine-sorozat legterjedelmesebb kalandj\u00e1t a <em>Trine 4: The Nightmare<\/em> Prince j\u00e1t\u00e9kkal!<\/p>\n<p>T\u00e9rj vissza a var\u00e1zslatos 2,5D vil\u00e1gba, mik\u00f6zben Amadeus, a var\u00e1zsl\u00f3, Pontius, a lovag \u00e9s Zoya, a tolvaj vesz\u00e9lyes k\u00fcldet\u00e9sre indulnak, hogy megments\u00e9k a meggy\u00f6t\u00f6rt Selius herceget. A s\u00f6t\u00e9t \u00e1lmokt\u00f3l gy\u00f6t\u00f6rt herceg r\u00e9m\u00e1lomszer\u0171 l\u00e1tom\u00e1sait a val\u00f3s\u00e1gba \u00fclteti, k\u00e1oszt \u00e9s vesz\u00e9lyt vetve. Csak a h\u00e1rom h\u0151s tal\u00e1lhatja meg \u0151t, \u00e9s akad\u00e1lyozhatja meg, hogy a vil\u00e1got felem\u00e9ssz\u00e9k ezek a s\u00f6t\u00e9t \u00e1rnyak.  <\/p>\n<p>A <em>Trine 4<\/em> a sorozat meghat\u00e1roz\u00f3 \u00e9lm\u00e9ny\u00e9t ny\u00fajtja, amely a mag\u00e1val ragad\u00f3 t\u00f6rt\u00e9netet leny\u0171g\u00f6z\u0151 grafik\u00e1val \u00e9s mag\u00e1val ragad\u00f3 j\u00e1t\u00e9kmenettel \u00f6tv\u00f6zi.<\/p>\n<p><strong>F\u0151bb jellemz\u0151k<\/strong><\/p>\n<ul>\n<li><strong>Leny\u0171g\u00f6z\u0151 2.5D k\u00f6rnyezet<\/strong>: Fedezd fel a gy\u00f6ny\u00f6r\u0171en megtervezett szinteket, az \u0151si romokt\u00f3l \u00e9s s\u00f6t\u00e9t s\u00edrokt\u00f3l a nyugodt ny\u00edrfa- \u00e9s \u00e1fonyaerd\u0151kig.<\/li>\n<li><strong>T\u00f6bbj\u00e1t\u00e9kos lehet\u0151s\u00e9gek<\/strong>: \u00c9lvezd a kalandot ak\u00e1r 4 j\u00e1t\u00e9kossal helyi vagy online m\u00f3dban.<\/li>\n<li><strong>Leny\u0171g\u00f6z\u0151 t\u00f6rt\u00e9net<\/strong>: k\u00f6vesd Selius herceg szenved\u00e9lyes t\u00f6rt\u00e9net\u00e9t var\u00e1zslatos \u00e9s vesz\u00e9lyes vid\u00e9keken kereszt\u00fcl, bar\u00e1ts\u00e1gos l\u00e9nyekkel \u00e9s f\u00e9lelmetes ellens\u00e9gekkel tal\u00e1lkozva.<\/li>\n<li><strong>Dinamikus rejtv\u00e9nyek<\/strong>: Oldj meg rejtv\u00e9nyeket t\u0171z, leveg\u0151, f\u00e9ny, m\u00e1gnesek, elektromoss\u00e1g \u00e9s sok m\u00e1s seg\u00edts\u00e9g\u00e9vel, sz\u00f3l\u00f3 vagy csapatj\u00e1t\u00e9kra szabott kih\u00edv\u00e1sokkal.<\/li>\n<li><strong>K\u00fcl\u00f6nb\u00f6z\u0151 k\u00e9pess\u00e9gf\u00e1k<\/strong>: Sz\u00e1mos k\u00e9pess\u00e9get \u00e9s \u00faj k\u00e9szs\u00e9get szabad\u00edthatsz fel, hogy fokozd a j\u00e1t\u00e9kmenetedet.<\/li>\n<li><strong>Felfriss\u00edtett harcrendszer<\/strong>: N\u00e9zz szembe a saj\u00e1t f\u00e9lelmetes h\u0151s r\u00e9m\u00e1lmaiddal a f\u0151n\u00f6ki csat\u00e1kban, az \u00faj harcrendszerrel, amely \u00faj kih\u00edv\u00e1sokat \u00e9s izgalmas akci\u00f3t k\u00edn\u00e1l.<\/li>\n<li><strong>Mag\u00e1val ragad\u00f3 hangs\u00e1v<\/strong>: Mer\u00fclj el a var\u00e1zslatos hangs\u00e1vban, amely kieg\u00e9sz\u00edti az egyes k\u00f6rnyezetek sz\u00e9ps\u00e9g\u00e9t \u00e9s rejt\u00e9lyess\u00e9g\u00e9t.<\/li>\n<\/ul>\n","protected":false},"excerpt":{"rendered":"<p class=\"ai-optimize-25\">Az elismert \u00e9s n\u00e9pszer\u0171 Trine sorozat visszat\u00e9r egy var\u00e1zslatos 2.5D vil\u00e1gban! Csatlakozz h\u00e1rom ikonikus karakterhez, akik \u00fatra kelnek a mesebeli t\u00e1jakon kereszt\u00fcl, hogy megments\u00e9k a vil\u00e1got a R\u00e9m\u00e1lmok Herceg\u00e9nek \u00e1rny\u00e9k\u00e1t\u00f3l. <\/p>\n<p class=\"ai-optimize-26\">\ud83c\udf0d Glob\u00e1lis<br \/>\n\u2699\ufe0f Steam<br \/>\n\ud83d\udddd Digit\u00e1lis kulcs<\/p>\n","protected":false},"featured_media":32517,"template":"","meta":{"_acf_changed":false,"site-sidebar-layout":"default","site-content-layout":"","ast-site-content-layout":"default","site-content-style":"default","site-sidebar-style":"default","ast-global-header-display":"","ast-banner-title-visibility":"","ast-main-header-display":"","ast-hfb-above-header-display":"","ast-hfb-below-header-display":"","ast-hfb-mobile-header-display":"","site-post-title":"","ast-breadcrumbs-content":"","ast-featured-img":"","footer-sml-layout":"","ast-disable-related-posts":"","theme-transparent-header-meta":"default","adv-header-id-meta":"","stick-header-meta":"","header-above-stick-meta":"","header-main-stick-meta":"","header-below-stick-meta":"","astra-migrate-meta-layouts":"default","ast-page-background-enabled":"default","ast-page-background-meta":{"desktop":{"background-color":"var(--ast-global-color-4)","background-image":"","background-repeat":"repeat","background-position":"center center","background-size":"auto","background-attachment":"scroll","background-type":"","background-media":"","overlay-type":"","overlay-color":"","overlay-opacity":"","overlay-gradient":""},"tablet":{"background-color":"","background-image":"","background-repeat":"repeat","background-position":"center center","background-size":"auto","background-attachment":"scroll","background-type":"","background-media":"","overlay-type":"","overlay-color":"","overlay-opacity":"","overlay-gradient":""},"mobile":{"background-color":"","background-image":"","background-repeat":"repeat","background-position":"center center","background-size":"auto","background-attachment":"scroll","background-type":"","background-media":"","overlay-type":"","overlay-color":"","overlay-opacity":"","overlay-gradient":""}},"ast-content-background-meta":{"desktop":{"background-color":"var(--ast-global-color-5)","background-image":"","background-repeat":"repeat","background-position":"center center","background-size":"auto","background-attachment":"scroll","background-type":"","background-media":"","overlay-type":"","overlay-color":"","overlay-opacity":"","overlay-gradient":""},"tablet":{"background-color":"var(--ast-global-color-5)","background-image":"","background-repeat":"repeat","background-position":"center center","background-size":"auto","background-attachment":"scroll","background-type":"","background-media":"","overlay-type":"","overlay-color":"","overlay-opacity":"","overlay-gradient":""},"mobile":{"background-color":"var(--ast-global-color-5)","background-image":"","background-repeat":"repeat","background-position":"center center","background-size":"auto","background-attachment":"scroll","background-type":"","background-media":"","overlay-type":"","overlay-color":"","overlay-opacity":"","overlay-gradient":""}}},"product_brand":[],"product_cat":[369,579,363,425,364],"product_tag":[370],"class_list":{"0":"post-38576","1":"product","2":"type-product","3":"status-publish","4":"has-post-thumbnail","6":"product_cat-csarnokok","7":"product_cat-frozenbyte-hu","8":"product_cat-kaland-jatekok","9":"product_cat-platform-jatekok","10":"product_cat-rpg-k","11":"product_tag-pid-tel","12":"desktop-align-left","13":"tablet-align-left","14":"mobile-align-left","16":"first","17":"instock","18":"virtual","19":"purchasable","20":"product-type-simple"},"acf":[],"yoast_head":"<!-- This site is optimized with the Yoast SEO Premium plugin v27.5 (Yoast SEO v27.5) - https:\/\/yoast.com\/product\/yoast-seo-premium-wordpress\/ -->\n<title>Trine 4: A r\u00e9m\u00e1lom herceg - Prismagamers.com<\/title>\n<meta name=\"description\" content=\"Az elismert \u00e9s n\u00e9pszer\u0171 Trine sorozat visszat\u00e9r egy var\u00e1zslatos 2.5D vil\u00e1gban! Csatlakozz h\u00e1rom ikonikus karakterhez, akik \u00fatra kelnek a mesebeli t\u00e1jakon kereszt\u00fcl, hogy megments\u00e9k a vil\u00e1got a R\u00e9m\u00e1lmok Herceg\u00e9nek \u00e1rny\u00e9k\u00e1t\u00f3l. \ud83c\udf0d Glob\u00e1lis \u2699\ufe0f Steam \ud83d\udddd Digit\u00e1lis kulcs\" \/>\n<meta name=\"robots\" content=\"index, follow, max-snippet:-1, max-image-preview:large, max-video-preview:-1\" \/>\n<link rel=\"canonical\" href=\"https:\/\/prismagamers.com\/hu\/produkt\/trine-4-a-remalom-herceg\/\" \/>\n<meta property=\"og:locale\" content=\"hu_HU\" \/>\n<meta property=\"og:type\" content=\"article\" \/>\n<meta property=\"og:title\" content=\"Trine 4: A r\u00e9m\u00e1lom herceg\" \/>\n<meta property=\"og:description\" content=\"Az elismert \u00e9s n\u00e9pszer\u0171 Trine sorozat visszat\u00e9r egy var\u00e1zslatos 2.5D vil\u00e1gban! Csatlakozz h\u00e1rom ikonikus karakterhez, akik \u00fatra kelnek a mesebeli t\u00e1jakon kereszt\u00fcl, hogy megments\u00e9k a vil\u00e1got a R\u00e9m\u00e1lmok Herceg\u00e9nek \u00e1rny\u00e9k\u00e1t\u00f3l. \ud83c\udf0d Glob\u00e1lis \u2699\ufe0f Steam \ud83d\udddd Digit\u00e1lis kulcs\" \/>\n<meta property=\"og:url\" content=\"https:\/\/prismagamers.com\/hu\/produkt\/trine-4-a-remalom-herceg\/\" \/>\n<meta property=\"og:site_name\" content=\"Prismagamers.com\" \/>\n<meta property=\"article:publisher\" content=\"https:\/\/www.facebook.com\/prismagamers\" \/>\n<meta property=\"article:modified_time\" content=\"2026-03-04T23:00:54+00:00\" \/>\n<meta property=\"og:image\" content=\"https:\/\/prismagamers.com\/wp-content\/uploads\/2024\/08\/Trine-4-The-Nightmare-Prince_box-e1723747479620.jpeg\" \/>\n\t<meta property=\"og:image:width\" content=\"300\" \/>\n\t<meta property=\"og:image:height\" content=\"450\" \/>\n\t<meta property=\"og:image:type\" content=\"image\/jpeg\" \/>\n<meta name=\"twitter:card\" content=\"summary_large_image\" \/>\n<meta name=\"twitter:label1\" content=\"Becs\u00fclt olvas\u00e1si id\u0151\" \/>\n\t<meta name=\"twitter:data1\" content=\"2 perc\" \/>\n<script type=\"application\/ld+json\" class=\"yoast-schema-graph\">{\"@context\":\"https:\\\/\\\/schema.org\",\"@graph\":[{\"@type\":\"WebPage\",\"@id\":\"https:\\\/\\\/prismagamers.com\\\/hu\\\/produkt\\\/trine-4-a-remalom-herceg\\\/\",\"url\":\"https:\\\/\\\/prismagamers.com\\\/hu\\\/produkt\\\/trine-4-a-remalom-herceg\\\/\",\"name\":\"Trine 4: A r\u00e9m\u00e1lom herceg - Prismagamers.com\",\"isPartOf\":{\"@id\":\"https:\\\/\\\/prismagamers.com\\\/hu\\\/#website\"},\"primaryImageOfPage\":{\"@id\":\"https:\\\/\\\/prismagamers.com\\\/hu\\\/produkt\\\/trine-4-a-remalom-herceg\\\/#primaryimage\"},\"image\":{\"@id\":\"https:\\\/\\\/prismagamers.com\\\/hu\\\/produkt\\\/trine-4-a-remalom-herceg\\\/#primaryimage\"},\"thumbnailUrl\":\"https:\\\/\\\/prismagamers.com\\\/wp-content\\\/uploads\\\/2024\\\/08\\\/Trine-4-The-Nightmare-Prince_box-e1723747479620.jpeg\",\"datePublished\":\"2024-08-15T18:51:17+00:00\",\"dateModified\":\"2026-03-04T23:00:54+00:00\",\"description\":\"Az elismert \u00e9s n\u00e9pszer\u0171 Trine sorozat visszat\u00e9r egy var\u00e1zslatos 2.5D vil\u00e1gban! Csatlakozz h\u00e1rom ikonikus karakterhez, akik \u00fatra kelnek a mesebeli t\u00e1jakon kereszt\u00fcl, hogy megments\u00e9k a vil\u00e1got a R\u00e9m\u00e1lmok Herceg\u00e9nek \u00e1rny\u00e9k\u00e1t\u00f3l. \ud83c\udf0d Glob\u00e1lis \u2699\ufe0f Steam \ud83d\udddd Digit\u00e1lis kulcs\",\"breadcrumb\":{\"@id\":\"https:\\\/\\\/prismagamers.com\\\/hu\\\/produkt\\\/trine-4-a-remalom-herceg\\\/#breadcrumb\"},\"inLanguage\":\"hu\",\"potentialAction\":[{\"@type\":\"ReadAction\",\"target\":[\"https:\\\/\\\/prismagamers.com\\\/hu\\\/produkt\\\/trine-4-a-remalom-herceg\\\/\"]}]},{\"@type\":\"ImageObject\",\"inLanguage\":\"hu\",\"@id\":\"https:\\\/\\\/prismagamers.com\\\/hu\\\/produkt\\\/trine-4-a-remalom-herceg\\\/#primaryimage\",\"url\":\"https:\\\/\\\/prismagamers.com\\\/wp-content\\\/uploads\\\/2024\\\/08\\\/Trine-4-The-Nightmare-Prince_box-e1723747479620.jpeg\",\"contentUrl\":\"https:\\\/\\\/prismagamers.com\\\/wp-content\\\/uploads\\\/2024\\\/08\\\/Trine-4-The-Nightmare-Prince_box-e1723747479620.jpeg\",\"width\":300,\"height\":450},{\"@type\":\"BreadcrumbList\",\"@id\":\"https:\\\/\\\/prismagamers.com\\\/hu\\\/produkt\\\/trine-4-a-remalom-herceg\\\/#breadcrumb\",\"itemListElement\":[{\"@type\":\"ListItem\",\"position\":1,\"name\":\"Strona g\u0142\u00f3wna\",\"item\":\"https:\\\/\\\/prismagamers.com\\\/hu\\\/prismagamers\\\/\"},{\"@type\":\"ListItem\",\"position\":2,\"name\":\"Shop\",\"item\":\"https:\\\/\\\/prismagamers.com\\\/hu\\\/shop\\\/\"},{\"@type\":\"ListItem\",\"position\":3,\"name\":\"Trine 4: A r\u00e9m\u00e1lom herceg\"}]},{\"@type\":\"WebSite\",\"@id\":\"https:\\\/\\\/prismagamers.com\\\/hu\\\/#website\",\"url\":\"https:\\\/\\\/prismagamers.com\\\/hu\\\/\",\"name\":\"Prismagamers\",\"description\":\"Sklep z grami PC I Sklep klucze Steam\",\"publisher\":{\"@id\":\"https:\\\/\\\/prismagamers.com\\\/hu\\\/#organization\"},\"potentialAction\":[{\"@type\":\"SearchAction\",\"target\":{\"@type\":\"EntryPoint\",\"urlTemplate\":\"https:\\\/\\\/prismagamers.com\\\/hu\\\/?s={search_term_string}\"},\"query-input\":{\"@type\":\"PropertyValueSpecification\",\"valueRequired\":true,\"valueName\":\"search_term_string\"}}],\"inLanguage\":\"hu\"},{\"@type\":\"Organization\",\"@id\":\"https:\\\/\\\/prismagamers.com\\\/hu\\\/#organization\",\"name\":\"Prismagamers\",\"url\":\"https:\\\/\\\/prismagamers.com\\\/hu\\\/\",\"logo\":{\"@type\":\"ImageObject\",\"inLanguage\":\"hu\",\"@id\":\"https:\\\/\\\/prismagamers.com\\\/hu\\\/#\\\/schema\\\/logo\\\/image\\\/\",\"url\":\"https:\\\/\\\/prismagamers.com\\\/wp-content\\\/uploads\\\/2022\\\/04\\\/cropped-logo-Prismagamers-01-scaled-1.jpg\",\"contentUrl\":\"https:\\\/\\\/prismagamers.com\\\/wp-content\\\/uploads\\\/2022\\\/04\\\/cropped-logo-Prismagamers-01-scaled-1.jpg\",\"width\":512,\"height\":512,\"caption\":\"Prismagamers\"},\"image\":{\"@id\":\"https:\\\/\\\/prismagamers.com\\\/hu\\\/#\\\/schema\\\/logo\\\/image\\\/\"},\"sameAs\":[\"https:\\\/\\\/www.facebook.com\\\/prismagamers\",\"https:\\\/\\\/www.instagram.com\\\/prismagamers_grycyfrowe\\\/\"],\"description\":\"Prismagamers.com to dynamiczny sklep z grami cyfrowymi, stworzony z my\u015bl\u0105 o entuzjastach gier wideo. Nasza strona oferuje szerok\u0105 gam\u0119 gier komputerowych, w tym najnowsze tytu\u0142y, dobrze znane klasyki oraz gry stworzone przez niezale\u017cne studia Ca\u0142y czas d\u0105\u017cymy do rozszerzenia naszej oferty. Do\u0142\u0105cz do nas i sta\u0144 si\u0119 cz\u0119\u015bci\u0105 naszej rosn\u0105cej spo\u0142eczno\u015bci graczy!\",\"email\":\"shop@prismagamers.com\",\"telephone\":\"48795541705\",\"legalName\":\"East Caravan Maksym \u017bukow\",\"foundingDate\":\"2012-05-10\",\"vatID\":\"PL8943038612\",\"taxID\":\"PL8943038612\",\"numberOfEmployees\":{\"@type\":\"QuantitativeValue\",\"minValue\":\"11\",\"maxValue\":\"50\"}}]}<\/script>\n<!-- \/ Yoast SEO Premium plugin. -->","yoast_head_json":{"title":"Trine 4: A r\u00e9m\u00e1lom herceg - Prismagamers.com","description":"Az elismert \u00e9s n\u00e9pszer\u0171 Trine sorozat visszat\u00e9r egy var\u00e1zslatos 2.5D vil\u00e1gban! Csatlakozz h\u00e1rom ikonikus karakterhez, akik \u00fatra kelnek a mesebeli t\u00e1jakon kereszt\u00fcl, hogy megments\u00e9k a vil\u00e1got a R\u00e9m\u00e1lmok Herceg\u00e9nek \u00e1rny\u00e9k\u00e1t\u00f3l. \ud83c\udf0d Glob\u00e1lis \u2699\ufe0f Steam \ud83d\udddd Digit\u00e1lis kulcs","robots":{"index":"index","follow":"follow","max-snippet":"max-snippet:-1","max-image-preview":"max-image-preview:large","max-video-preview":"max-video-preview:-1"},"canonical":"https:\/\/prismagamers.com\/hu\/produkt\/trine-4-a-remalom-herceg\/","og_locale":"hu_HU","og_type":"article","og_title":"Trine 4: A r\u00e9m\u00e1lom herceg","og_description":"Az elismert \u00e9s n\u00e9pszer\u0171 Trine sorozat visszat\u00e9r egy var\u00e1zslatos 2.5D vil\u00e1gban! Csatlakozz h\u00e1rom ikonikus karakterhez, akik \u00fatra kelnek a mesebeli t\u00e1jakon kereszt\u00fcl, hogy megments\u00e9k a vil\u00e1got a R\u00e9m\u00e1lmok Herceg\u00e9nek \u00e1rny\u00e9k\u00e1t\u00f3l. \ud83c\udf0d Glob\u00e1lis \u2699\ufe0f Steam \ud83d\udddd Digit\u00e1lis kulcs","og_url":"https:\/\/prismagamers.com\/hu\/produkt\/trine-4-a-remalom-herceg\/","og_site_name":"Prismagamers.com","article_publisher":"https:\/\/www.facebook.com\/prismagamers","article_modified_time":"2026-03-04T23:00:54+00:00","og_image":[{"width":300,"height":450,"url":"https:\/\/prismagamers.com\/wp-content\/uploads\/2024\/08\/Trine-4-The-Nightmare-Prince_box-e1723747479620.jpeg","type":"image\/jpeg"}],"twitter_card":"summary_large_image","twitter_misc":{"Becs\u00fclt olvas\u00e1si id\u0151":"2 perc"},"schema":{"@context":"https:\/\/schema.org","@graph":[{"@type":"WebPage","@id":"https:\/\/prismagamers.com\/hu\/produkt\/trine-4-a-remalom-herceg\/","url":"https:\/\/prismagamers.com\/hu\/produkt\/trine-4-a-remalom-herceg\/","name":"Trine 4: A r\u00e9m\u00e1lom herceg - Prismagamers.com","isPartOf":{"@id":"https:\/\/prismagamers.com\/hu\/#website"},"primaryImageOfPage":{"@id":"https:\/\/prismagamers.com\/hu\/produkt\/trine-4-a-remalom-herceg\/#primaryimage"},"image":{"@id":"https:\/\/prismagamers.com\/hu\/produkt\/trine-4-a-remalom-herceg\/#primaryimage"},"thumbnailUrl":"https:\/\/prismagamers.com\/wp-content\/uploads\/2024\/08\/Trine-4-The-Nightmare-Prince_box-e1723747479620.jpeg","datePublished":"2024-08-15T18:51:17+00:00","dateModified":"2026-03-04T23:00:54+00:00","description":"Az elismert \u00e9s n\u00e9pszer\u0171 Trine sorozat visszat\u00e9r egy var\u00e1zslatos 2.5D vil\u00e1gban! Csatlakozz h\u00e1rom ikonikus karakterhez, akik \u00fatra kelnek a mesebeli t\u00e1jakon kereszt\u00fcl, hogy megments\u00e9k a vil\u00e1got a R\u00e9m\u00e1lmok Herceg\u00e9nek \u00e1rny\u00e9k\u00e1t\u00f3l. \ud83c\udf0d Glob\u00e1lis \u2699\ufe0f Steam \ud83d\udddd Digit\u00e1lis kulcs","breadcrumb":{"@id":"https:\/\/prismagamers.com\/hu\/produkt\/trine-4-a-remalom-herceg\/#breadcrumb"},"inLanguage":"hu","potentialAction":[{"@type":"ReadAction","target":["https:\/\/prismagamers.com\/hu\/produkt\/trine-4-a-remalom-herceg\/"]}]},{"@type":"ImageObject","inLanguage":"hu","@id":"https:\/\/prismagamers.com\/hu\/produkt\/trine-4-a-remalom-herceg\/#primaryimage","url":"https:\/\/prismagamers.com\/wp-content\/uploads\/2024\/08\/Trine-4-The-Nightmare-Prince_box-e1723747479620.jpeg","contentUrl":"https:\/\/prismagamers.com\/wp-content\/uploads\/2024\/08\/Trine-4-The-Nightmare-Prince_box-e1723747479620.jpeg","width":300,"height":450},{"@type":"BreadcrumbList","@id":"https:\/\/prismagamers.com\/hu\/produkt\/trine-4-a-remalom-herceg\/#breadcrumb","itemListElement":[{"@type":"ListItem","position":1,"name":"Strona g\u0142\u00f3wna","item":"https:\/\/prismagamers.com\/hu\/prismagamers\/"},{"@type":"ListItem","position":2,"name":"Shop","item":"https:\/\/prismagamers.com\/hu\/shop\/"},{"@type":"ListItem","position":3,"name":"Trine 4: A r\u00e9m\u00e1lom herceg"}]},{"@type":"WebSite","@id":"https:\/\/prismagamers.com\/hu\/#website","url":"https:\/\/prismagamers.com\/hu\/","name":"Prismagamers","description":"Sklep z grami PC I Sklep klucze Steam","publisher":{"@id":"https:\/\/prismagamers.com\/hu\/#organization"},"potentialAction":[{"@type":"SearchAction","target":{"@type":"EntryPoint","urlTemplate":"https:\/\/prismagamers.com\/hu\/?s={search_term_string}"},"query-input":{"@type":"PropertyValueSpecification","valueRequired":true,"valueName":"search_term_string"}}],"inLanguage":"hu"},{"@type":"Organization","@id":"https:\/\/prismagamers.com\/hu\/#organization","name":"Prismagamers","url":"https:\/\/prismagamers.com\/hu\/","logo":{"@type":"ImageObject","inLanguage":"hu","@id":"https:\/\/prismagamers.com\/hu\/#\/schema\/logo\/image\/","url":"https:\/\/prismagamers.com\/wp-content\/uploads\/2022\/04\/cropped-logo-Prismagamers-01-scaled-1.jpg","contentUrl":"https:\/\/prismagamers.com\/wp-content\/uploads\/2022\/04\/cropped-logo-Prismagamers-01-scaled-1.jpg","width":512,"height":512,"caption":"Prismagamers"},"image":{"@id":"https:\/\/prismagamers.com\/hu\/#\/schema\/logo\/image\/"},"sameAs":["https:\/\/www.facebook.com\/prismagamers","https:\/\/www.instagram.com\/prismagamers_grycyfrowe\/"],"description":"Prismagamers.com to dynamiczny sklep z grami cyfrowymi, stworzony z my\u015bl\u0105 o entuzjastach gier wideo. Nasza strona oferuje szerok\u0105 gam\u0119 gier komputerowych, w tym najnowsze tytu\u0142y, dobrze znane klasyki oraz gry stworzone przez niezale\u017cne studia Ca\u0142y czas d\u0105\u017cymy do rozszerzenia naszej oferty. Do\u0142\u0105cz do nas i sta\u0144 si\u0119 cz\u0119\u015bci\u0105 naszej rosn\u0105cej spo\u0142eczno\u015bci graczy!","email":"shop@prismagamers.com","telephone":"48795541705","legalName":"East Caravan Maksym \u017bukow","foundingDate":"2012-05-10","vatID":"PL8943038612","taxID":"PL8943038612","numberOfEmployees":{"@type":"QuantitativeValue","minValue":"11","maxValue":"50"}}]}},"_links":{"self":[{"href":"https:\/\/prismagamers.com\/hu\/wp-json\/wp\/v2\/product\/38576","targetHints":{"allow":["GET"]}}],"collection":[{"href":"https:\/\/prismagamers.com\/hu\/wp-json\/wp\/v2\/product"}],"about":[{"href":"https:\/\/prismagamers.com\/hu\/wp-json\/wp\/v2\/types\/product"}],"wp:featuredmedia":[{"embeddable":true,"href":"https:\/\/prismagamers.com\/hu\/wp-json\/wp\/v2\/media\/32517"}],"wp:attachment":[{"href":"https:\/\/prismagamers.com\/hu\/wp-json\/wp\/v2\/media?parent=38576"}],"wp:term":[{"taxonomy":"product_brand","embeddable":true,"href":"https:\/\/prismagamers.com\/hu\/wp-json\/wp\/v2\/product_brand?post=38576"},{"taxonomy":"product_cat","embeddable":true,"href":"https:\/\/prismagamers.com\/hu\/wp-json\/wp\/v2\/product_cat?post=38576"},{"taxonomy":"product_tag","embeddable":true,"href":"https:\/\/prismagamers.com\/hu\/wp-json\/wp\/v2\/product_tag?post=38576"}],"curies":[{"name":"wp","href":"https:\/\/api.w.org\/{rel}","templated":true}]}}