{"id":38577,"date":"2024-08-15T20:34:34","date_gmt":"2024-08-15T18:34:34","guid":{"rendered":"https:\/\/prismagamers.com\/produkt\/trine-2-teljes-tortenet\/"},"modified":"2026-03-05T00:00:47","modified_gmt":"2026-03-04T23:00:47","slug":"trine-2-teljes-tortenet","status":"publish","type":"product","link":"https:\/\/prismagamers.com\/hu\/produkt\/trine-2-teljes-tortenet\/","title":{"rendered":"Trine 2: Teljes t\u00f6rt\u00e9net"},"content":{"rendered":"<p>&nbsp;<\/p>\n<p><img decoding=\"async\" class=\"aligncenter\" src=\"https:\/\/shared.akamai.steamstatic.com\/store_item_assets\/steam\/apps\/35720\/extras\/trine_2_gif_footage_steam_storepage_3.gif?t=1717423631\"><\/p>\n<div class=\"flex max-w-full flex-col flex-grow\">\n<div class=\"min-h-[20px] text-message flex w-full flex-col items-end gap-2 whitespace-pre-wrap break-words [.text-message+&amp;]:mt-5 overflow-x-auto\" dir=\"auto\" data-message-author-role=\"assistant\" data-message-id=\"875236c6-85a3-4576-91fd-96e173249cc1\">\n<div class=\"flex w-full flex-col gap-1 empty:hidden first:pt-[3px]\">\n<div class=\"markdown prose w-full break-words dark:prose-invert light\">\n<p class=\"ai-optimize-23\">A <strong>Trine 2<\/strong> egy 2D-s j\u00e1t\u00e9k akci\u00f3val, rejtv\u00e9nyekkel \u00e9s platformj\u00e1t\u00e9kkal, amelyben a H\u00e1rom H\u0151s egyik\u00e9nek szerep\u00e9be b\u00fajva egy vesz\u00e9lyekkel teli fantasy t\u00fcnd\u00e9rvil\u00e1got j\u00e1rsz be.<\/p>\n<p class=\"ai-optimize-24\">Csatlakozz Amadeushoz, a var\u00e1zsl\u00f3hoz, Pontiushoz, a lovaghoz \u00e9s Zoy\u00e1hoz, a tolvajhoz a bar\u00e1ts\u00e1ggal, m\u00e1gi\u00e1val \u00e9s \u00e1rul\u00e1ssal teli kalandjukban.<\/p>\n<p class=\"ai-optimize-25\"><strong>A Trine 2: Complete Story<\/strong> a f\u0151 t\u00f6rt\u00e9netsz\u00e1lat \u00e9s a <em>Goblin Menace<\/em> kamp\u00e1nyt egyes\u00edti egyetlen epikus t\u00f6rt\u00e9netben. A <em>Trine 2: Goblin Menace<\/em> minden tulajdonosa automatikusan a Complete Story kiad\u00e1sra v\u00e1ltozik. <\/p>\n<h3 class=\"ai-optimize-26\">F\u0151bb jellemz\u0151k:<\/h3>\n<ul>\n<li class=\"ai-optimize-27\"><strong>A Complete Story kiad\u00e1s<\/strong> tartalmazza az \u00faj <em>Dwarven Caverns<\/em> szintet, amely a karaktereket m\u00e9ly, s\u00f6t\u00e9t, l\u00e1v\u00e1val teli, \u0151si legend\u00e1kt\u00f3l hemzseg\u0151 alagutakba vezeti be.<\/li>\n<li class=\"ai-optimize-28\"><strong>20 szint<\/strong> tele kalanddal, fizika alap\u00fa rejtv\u00e9nyekkel, vesz\u00e9lyekkel, ellens\u00e9gekkel \u00e9s tal\u00e1lm\u00e1nyokkal.<\/li>\n<li class=\"ai-optimize-29\"><strong>3 h\u0151s<\/strong> &#8211; Amadeus, a var\u00e1zsl\u00f3, Pontius, a lovag \u00e9s Zoya, a tolvaj, mindegyik\u00fck saj\u00e1t k\u00e9pess\u00e9gekkel \u00e9s szem\u00e9lyis\u00e9ggel rendelkezik.<\/li>\n<li class=\"ai-optimize-30\"><strong>\u00daj k\u00e9pess\u00e9gek<\/strong> seg\u00edtik h\u0151seidet a k\u00fcldet\u00e9seken; k\u00fczdj s\u00e1rk\u00e1nyt\u0171z ellen t\u0171znyilakkal vagy v\u00e1ltoztasd j\u00e9gg\u00e9 a goblinokat, rep\u00fclj \u00e1t szakad\u00e9kok felett a s\u00e1rk\u00e1nyvitorla pajzzsal, emelj sz\u00f6rnyeket nagy magass\u00e1gokba \u00e9s z\u00e1rd \u0151ket egy dobozba, vagy lass\u00edtsd le a j\u00e1t\u00e9kvil\u00e1got gravit\u00e1ci\u00f3s bubor\u00e9kkal!<\/li>\n<li class=\"ai-optimize-31\"><strong>Utazz gy\u00f6ny\u00f6r\u0171 t\u00e1jakon<\/strong> \u00e9s k\u00f6rnyezeteken <strong>kereszt\u00fcl<\/strong> (n\u00e9ha rendk\u00edv\u00fcl megb\u00edzhatatlan k\u00f6zleked\u00e9si eszk\u00f6z\u00f6kkel), t\u00f6bbek k\u00f6z\u00f6tt egy tengerparti kast\u00e9lyban, egy perzsel\u0151 sivatagban, havas j\u00e9ghegyeken \u00e9s egy \u00f3ri\u00e1sbog\u00e1r belsej\u00e9ben.<\/li>\n<li class=\"ai-optimize-32\"><strong>Hozz\u00e1f\u00e9rhet\u0151s\u00e9g alkalmi \u00e9s hardcore j\u00e1t\u00e9kosok sz\u00e1m\u00e1ra<\/strong>.<\/li>\n<li class=\"ai-optimize-33\"><strong>Online \u00e9s helyi kooperat\u00edv j\u00e1t\u00e9km\u00f3d<\/strong> maximum h\u00e1rom j\u00e1t\u00e9kos sz\u00e1m\u00e1ra.<\/li>\n<li class=\"ai-optimize-34\"><strong>B\u00e1rhol menthetsz<\/strong>, hogy olyan hossz\u00fa vagy r\u00f6vid ideig j\u00e1tszhass, ameddig csak akarsz, \u00e9s az Unlimited Character \u00e9s Game+ m\u00f3d extra \u00fajraj\u00e1tsz\u00e1si \u00e9rt\u00e9ket biztos\u00edt.<\/li>\n<li class=\"ai-optimize-35\"><strong>Leny\u0171g\u00f6z\u0151 grafika<\/strong>, \u00fajgener\u00e1ci\u00f3s technikai effektekkel, amely egy var\u00e1zslatokkal \u00e9s csod\u00e1kkal teli fantasztikus vil\u00e1gba var\u00e1zsol.<\/li>\n<li class=\"ai-optimize-36\"><strong>Rejtett gy\u0171jt\u0151i t\u00e1rgyak<\/strong> tov\u00e1bbi kalandok\u00e9rt.<\/li>\n<li class=\"ai-optimize-37\"><strong>\u00c9rdekes \u00e9s kih\u00edv\u00e1st jelent\u0151 eredm\u00e9nyek<\/strong>, amelyeket feloldhatsz.<\/li>\n<li class=\"ai-optimize-38\"><strong>Teljes k\u00f6r\u0171 nyelvi t\u00e1mogat\u00e1s<\/strong> angol, francia, n\u00e9met \u00e9s spanyol nyelven, valamint opcion\u00e1lis feliratoz\u00e1s t\u00f6bb mint 10 nyelven.<\/li>\n<li class=\"ai-optimize-39\"><strong>Az NVIDIA 3D Vision t\u00e1mogat\u00e1sa<\/strong>.<\/li>\n<\/ul>\n<\/div>\n<\/div>\n<\/div>\n<\/div>\n<div class=\"mt-1 flex gap-3 empty:hidden -ml-2\">\n<div class=\"items-center justify-start rounded-xl p-1 flex\"><\/div>\n<\/div>\n","protected":false},"excerpt":{"rendered":"<div class=\"flex max-w-full flex-col flex-grow\">\n<div class=\"min-h-[20px] text-message flex w-full flex-col items-end gap-2 whitespace-pre-wrap break-words [.text-message+&amp;]:mt-5 overflow-x-auto\" dir=\"auto\" data-message-author-role=\"assistant\" data-message-id=\"0b487aa8-45c3-49db-95dd-456a0bf0a5d1\">\n<div class=\"flex w-full flex-col gap-1 empty:hidden first:pt-[3px]\">\n<div class=\"markdown prose w-full break-words dark:prose-invert light\">\n<p class=\"ai-optimize-40\">H\u00e1rom h\u0151s indul \u00fatnak egy var\u00e1zslatos, vesz\u00e9lyekkel teli vil\u00e1gban. A j\u00e1t\u00e9k fizikai rejtv\u00e9nyeket, l\u00e9legzetel\u00e1ll\u00edt\u00f3 t\u00e1jakat \u00e9s online kooperat\u00edv m\u00f3dban val\u00f3 k\u00f6z\u00f6s j\u00e1t\u00e9k lehet\u0151s\u00e9g\u00e9t k\u00edn\u00e1lja. <\/p>\n<\/div>\n<\/div>\n<\/div>\n<\/div>\n<div class=\"mt-1 flex gap-3 empty:hidden -ml-2\">\n<div class=\"items-center justify-start rounded-xl p-1 flex\">\n<div class=\"flex items-center\">\ud83c\udf0d Glob\u00e1lis<br \/>\n\u2699\ufe0f Steam<br \/>\n\ud83d\udddd Digit\u00e1lis kulcs<\/div>\n<\/div>\n<\/div>\n","protected":false},"featured_media":32513,"template":"","meta":{"_acf_changed":false,"site-sidebar-layout":"default","site-content-layout":"","ast-site-content-layout":"default","site-content-style":"default","site-sidebar-style":"default","ast-global-header-display":"","ast-banner-title-visibility":"","ast-main-header-display":"","ast-hfb-above-header-display":"","ast-hfb-below-header-display":"","ast-hfb-mobile-header-display":"","site-post-title":"","ast-breadcrumbs-content":"","ast-featured-img":"","footer-sml-layout":"","ast-disable-related-posts":"","theme-transparent-header-meta":"default","adv-header-id-meta":"","stick-header-meta":"","header-above-stick-meta":"","header-main-stick-meta":"","header-below-stick-meta":"","astra-migrate-meta-layouts":"default","ast-page-background-enabled":"default","ast-page-background-meta":{"desktop":{"background-color":"var(--ast-global-color-4)","background-image":"","background-repeat":"repeat","background-position":"center center","background-size":"auto","background-attachment":"scroll","background-type":"","background-media":"","overlay-type":"","overlay-color":"","overlay-opacity":"","overlay-gradient":""},"tablet":{"background-color":"","background-image":"","background-repeat":"repeat","background-position":"center center","background-size":"auto","background-attachment":"scroll","background-type":"","background-media":"","overlay-type":"","overlay-color":"","overlay-opacity":"","overlay-gradient":""},"mobile":{"background-color":"","background-image":"","background-repeat":"repeat","background-position":"center center","background-size":"auto","background-attachment":"scroll","background-type":"","background-media":"","overlay-type":"","overlay-color":"","overlay-opacity":"","overlay-gradient":""}},"ast-content-background-meta":{"desktop":{"background-color":"var(--ast-global-color-5)","background-image":"","background-repeat":"repeat","background-position":"center center","background-size":"auto","background-attachment":"scroll","background-type":"","background-media":"","overlay-type":"","overlay-color":"","overlay-opacity":"","overlay-gradient":""},"tablet":{"background-color":"var(--ast-global-color-5)","background-image":"","background-repeat":"repeat","background-position":"center center","background-size":"auto","background-attachment":"scroll","background-type":"","background-media":"","overlay-type":"","overlay-color":"","overlay-opacity":"","overlay-gradient":""},"mobile":{"background-color":"var(--ast-global-color-5)","background-image":"","background-repeat":"repeat","background-position":"center center","background-size":"auto","background-attachment":"scroll","background-type":"","background-media":"","overlay-type":"","overlay-color":"","overlay-opacity":"","overlay-gradient":""}}},"product_brand":[],"product_cat":[369,579,365,363,425,364],"product_tag":[],"class_list":{"0":"post-38577","1":"product","2":"type-product","3":"status-publish","4":"has-post-thumbnail","6":"product_cat-csarnokok","7":"product_cat-frozenbyte-hu","8":"product_cat-goz","9":"product_cat-kaland-jatekok","10":"product_cat-platform-jatekok","11":"product_cat-rpg-k","12":"desktop-align-left","13":"tablet-align-left","14":"mobile-align-left","16":"first","17":"instock","18":"virtual","19":"purchasable","20":"product-type-simple"},"acf":[],"yoast_head":"<!-- This site is optimized with the Yoast SEO Premium plugin v27.5 (Yoast SEO v27.5) - https:\/\/yoast.com\/product\/yoast-seo-premium-wordpress\/ -->\n<title>Trine 2: Teljes t\u00f6rt\u00e9net - Prismagamers.com<\/title>\n<meta name=\"description\" content=\"H\u00e1rom h\u0151s indul \u00fatnak egy var\u00e1zslatos, vesz\u00e9lyekkel teli vil\u00e1gban. A j\u00e1t\u00e9k fizikai rejtv\u00e9nyeket, l\u00e9legzetel\u00e1ll\u00edt\u00f3 t\u00e1jakat \u00e9s online kooperat\u00edv m\u00f3dban val\u00f3 k\u00f6z\u00f6s j\u00e1t\u00e9k lehet\u0151s\u00e9g\u00e9t k\u00edn\u00e1lja.     \ud83c\udf0d Glob\u00e1lis \u2699\ufe0f Steam \ud83d\udddd Digit\u00e1lis kulcs\" \/>\n<meta name=\"robots\" content=\"index, follow, max-snippet:-1, max-image-preview:large, max-video-preview:-1\" \/>\n<link rel=\"canonical\" href=\"https:\/\/prismagamers.com\/hu\/produkt\/trine-2-teljes-tortenet\/\" \/>\n<meta property=\"og:locale\" content=\"hu_HU\" \/>\n<meta property=\"og:type\" content=\"article\" \/>\n<meta property=\"og:title\" content=\"Trine 2: Teljes t\u00f6rt\u00e9net\" \/>\n<meta property=\"og:description\" content=\"H\u00e1rom h\u0151s indul \u00fatnak egy var\u00e1zslatos, vesz\u00e9lyekkel teli vil\u00e1gban. A j\u00e1t\u00e9k fizikai rejtv\u00e9nyeket, l\u00e9legzetel\u00e1ll\u00edt\u00f3 t\u00e1jakat \u00e9s online kooperat\u00edv m\u00f3dban val\u00f3 k\u00f6z\u00f6s j\u00e1t\u00e9k lehet\u0151s\u00e9g\u00e9t k\u00edn\u00e1lja.     \ud83c\udf0d Glob\u00e1lis \u2699\ufe0f Steam \ud83d\udddd Digit\u00e1lis kulcs\" \/>\n<meta property=\"og:url\" content=\"https:\/\/prismagamers.com\/hu\/produkt\/trine-2-teljes-tortenet\/\" \/>\n<meta property=\"og:site_name\" content=\"Prismagamers.com\" \/>\n<meta property=\"article:publisher\" content=\"https:\/\/www.facebook.com\/prismagamers\" \/>\n<meta property=\"article:modified_time\" content=\"2026-03-04T23:00:47+00:00\" \/>\n<meta property=\"og:image\" content=\"https:\/\/prismagamers.com\/wp-content\/uploads\/2024\/08\/w500-e1733522646187.jpg\" \/>\n\t<meta property=\"og:image:width\" content=\"364\" \/>\n\t<meta property=\"og:image:height\" content=\"450\" \/>\n\t<meta property=\"og:image:type\" content=\"image\/jpeg\" \/>\n<meta name=\"twitter:card\" content=\"summary_large_image\" \/>\n<meta name=\"twitter:label1\" content=\"Becs\u00fclt olvas\u00e1si id\u0151\" \/>\n\t<meta name=\"twitter:data1\" content=\"2 perc\" \/>\n<script type=\"application\/ld+json\" class=\"yoast-schema-graph\">{\"@context\":\"https:\\\/\\\/schema.org\",\"@graph\":[{\"@type\":\"WebPage\",\"@id\":\"https:\\\/\\\/prismagamers.com\\\/hu\\\/produkt\\\/trine-2-teljes-tortenet\\\/\",\"url\":\"https:\\\/\\\/prismagamers.com\\\/hu\\\/produkt\\\/trine-2-teljes-tortenet\\\/\",\"name\":\"Trine 2: Teljes t\u00f6rt\u00e9net - Prismagamers.com\",\"isPartOf\":{\"@id\":\"https:\\\/\\\/prismagamers.com\\\/hu\\\/#website\"},\"primaryImageOfPage\":{\"@id\":\"https:\\\/\\\/prismagamers.com\\\/hu\\\/produkt\\\/trine-2-teljes-tortenet\\\/#primaryimage\"},\"image\":{\"@id\":\"https:\\\/\\\/prismagamers.com\\\/hu\\\/produkt\\\/trine-2-teljes-tortenet\\\/#primaryimage\"},\"thumbnailUrl\":\"https:\\\/\\\/prismagamers.com\\\/wp-content\\\/uploads\\\/2024\\\/08\\\/w500-e1733522646187.jpg\",\"datePublished\":\"2024-08-15T18:34:34+00:00\",\"dateModified\":\"2026-03-04T23:00:47+00:00\",\"description\":\"H\u00e1rom h\u0151s indul \u00fatnak egy var\u00e1zslatos, vesz\u00e9lyekkel teli vil\u00e1gban. A j\u00e1t\u00e9k fizikai rejtv\u00e9nyeket, l\u00e9legzetel\u00e1ll\u00edt\u00f3 t\u00e1jakat \u00e9s online kooperat\u00edv m\u00f3dban val\u00f3 k\u00f6z\u00f6s j\u00e1t\u00e9k lehet\u0151s\u00e9g\u00e9t k\u00edn\u00e1lja. \ud83c\udf0d Glob\u00e1lis \u2699\ufe0f Steam \ud83d\udddd Digit\u00e1lis kulcs\",\"breadcrumb\":{\"@id\":\"https:\\\/\\\/prismagamers.com\\\/hu\\\/produkt\\\/trine-2-teljes-tortenet\\\/#breadcrumb\"},\"inLanguage\":\"hu\",\"potentialAction\":[{\"@type\":\"ReadAction\",\"target\":[\"https:\\\/\\\/prismagamers.com\\\/hu\\\/produkt\\\/trine-2-teljes-tortenet\\\/\"]}]},{\"@type\":\"ImageObject\",\"inLanguage\":\"hu\",\"@id\":\"https:\\\/\\\/prismagamers.com\\\/hu\\\/produkt\\\/trine-2-teljes-tortenet\\\/#primaryimage\",\"url\":\"https:\\\/\\\/prismagamers.com\\\/wp-content\\\/uploads\\\/2024\\\/08\\\/w500-e1733522646187.jpg\",\"contentUrl\":\"https:\\\/\\\/prismagamers.com\\\/wp-content\\\/uploads\\\/2024\\\/08\\\/w500-e1733522646187.jpg\",\"width\":364,\"height\":450},{\"@type\":\"BreadcrumbList\",\"@id\":\"https:\\\/\\\/prismagamers.com\\\/hu\\\/produkt\\\/trine-2-teljes-tortenet\\\/#breadcrumb\",\"itemListElement\":[{\"@type\":\"ListItem\",\"position\":1,\"name\":\"Strona g\u0142\u00f3wna\",\"item\":\"https:\\\/\\\/prismagamers.com\\\/hu\\\/prismagamers\\\/\"},{\"@type\":\"ListItem\",\"position\":2,\"name\":\"Shop\",\"item\":\"https:\\\/\\\/prismagamers.com\\\/hu\\\/shop\\\/\"},{\"@type\":\"ListItem\",\"position\":3,\"name\":\"Trine 2: Teljes t\u00f6rt\u00e9net\"}]},{\"@type\":\"WebSite\",\"@id\":\"https:\\\/\\\/prismagamers.com\\\/hu\\\/#website\",\"url\":\"https:\\\/\\\/prismagamers.com\\\/hu\\\/\",\"name\":\"Prismagamers\",\"description\":\"Sklep z grami PC I Sklep klucze Steam\",\"publisher\":{\"@id\":\"https:\\\/\\\/prismagamers.com\\\/hu\\\/#organization\"},\"potentialAction\":[{\"@type\":\"SearchAction\",\"target\":{\"@type\":\"EntryPoint\",\"urlTemplate\":\"https:\\\/\\\/prismagamers.com\\\/hu\\\/?s={search_term_string}\"},\"query-input\":{\"@type\":\"PropertyValueSpecification\",\"valueRequired\":true,\"valueName\":\"search_term_string\"}}],\"inLanguage\":\"hu\"},{\"@type\":\"Organization\",\"@id\":\"https:\\\/\\\/prismagamers.com\\\/hu\\\/#organization\",\"name\":\"Prismagamers\",\"url\":\"https:\\\/\\\/prismagamers.com\\\/hu\\\/\",\"logo\":{\"@type\":\"ImageObject\",\"inLanguage\":\"hu\",\"@id\":\"https:\\\/\\\/prismagamers.com\\\/hu\\\/#\\\/schema\\\/logo\\\/image\\\/\",\"url\":\"https:\\\/\\\/prismagamers.com\\\/wp-content\\\/uploads\\\/2022\\\/04\\\/cropped-logo-Prismagamers-01-scaled-1.jpg\",\"contentUrl\":\"https:\\\/\\\/prismagamers.com\\\/wp-content\\\/uploads\\\/2022\\\/04\\\/cropped-logo-Prismagamers-01-scaled-1.jpg\",\"width\":512,\"height\":512,\"caption\":\"Prismagamers\"},\"image\":{\"@id\":\"https:\\\/\\\/prismagamers.com\\\/hu\\\/#\\\/schema\\\/logo\\\/image\\\/\"},\"sameAs\":[\"https:\\\/\\\/www.facebook.com\\\/prismagamers\",\"https:\\\/\\\/www.instagram.com\\\/prismagamers_grycyfrowe\\\/\"],\"description\":\"Prismagamers.com to dynamiczny sklep z grami cyfrowymi, stworzony z my\u015bl\u0105 o entuzjastach gier wideo. Nasza strona oferuje szerok\u0105 gam\u0119 gier komputerowych, w tym najnowsze tytu\u0142y, dobrze znane klasyki oraz gry stworzone przez niezale\u017cne studia Ca\u0142y czas d\u0105\u017cymy do rozszerzenia naszej oferty. Do\u0142\u0105cz do nas i sta\u0144 si\u0119 cz\u0119\u015bci\u0105 naszej rosn\u0105cej spo\u0142eczno\u015bci graczy!\",\"email\":\"shop@prismagamers.com\",\"telephone\":\"48795541705\",\"legalName\":\"East Caravan Maksym \u017bukow\",\"foundingDate\":\"2012-05-10\",\"vatID\":\"PL8943038612\",\"taxID\":\"PL8943038612\",\"numberOfEmployees\":{\"@type\":\"QuantitativeValue\",\"minValue\":\"11\",\"maxValue\":\"50\"}}]}<\/script>\n<!-- \/ Yoast SEO Premium plugin. -->","yoast_head_json":{"title":"Trine 2: Teljes t\u00f6rt\u00e9net - Prismagamers.com","description":"H\u00e1rom h\u0151s indul \u00fatnak egy var\u00e1zslatos, vesz\u00e9lyekkel teli vil\u00e1gban. A j\u00e1t\u00e9k fizikai rejtv\u00e9nyeket, l\u00e9legzetel\u00e1ll\u00edt\u00f3 t\u00e1jakat \u00e9s online kooperat\u00edv m\u00f3dban val\u00f3 k\u00f6z\u00f6s j\u00e1t\u00e9k lehet\u0151s\u00e9g\u00e9t k\u00edn\u00e1lja.     \ud83c\udf0d Glob\u00e1lis \u2699\ufe0f Steam \ud83d\udddd Digit\u00e1lis kulcs","robots":{"index":"index","follow":"follow","max-snippet":"max-snippet:-1","max-image-preview":"max-image-preview:large","max-video-preview":"max-video-preview:-1"},"canonical":"https:\/\/prismagamers.com\/hu\/produkt\/trine-2-teljes-tortenet\/","og_locale":"hu_HU","og_type":"article","og_title":"Trine 2: Teljes t\u00f6rt\u00e9net","og_description":"H\u00e1rom h\u0151s indul \u00fatnak egy var\u00e1zslatos, vesz\u00e9lyekkel teli vil\u00e1gban. A j\u00e1t\u00e9k fizikai rejtv\u00e9nyeket, l\u00e9legzetel\u00e1ll\u00edt\u00f3 t\u00e1jakat \u00e9s online kooperat\u00edv m\u00f3dban val\u00f3 k\u00f6z\u00f6s j\u00e1t\u00e9k lehet\u0151s\u00e9g\u00e9t k\u00edn\u00e1lja.     \ud83c\udf0d Glob\u00e1lis \u2699\ufe0f Steam \ud83d\udddd Digit\u00e1lis kulcs","og_url":"https:\/\/prismagamers.com\/hu\/produkt\/trine-2-teljes-tortenet\/","og_site_name":"Prismagamers.com","article_publisher":"https:\/\/www.facebook.com\/prismagamers","article_modified_time":"2026-03-04T23:00:47+00:00","og_image":[{"width":364,"height":450,"url":"https:\/\/prismagamers.com\/wp-content\/uploads\/2024\/08\/w500-e1733522646187.jpg","type":"image\/jpeg"}],"twitter_card":"summary_large_image","twitter_misc":{"Becs\u00fclt olvas\u00e1si id\u0151":"2 perc"},"schema":{"@context":"https:\/\/schema.org","@graph":[{"@type":"WebPage","@id":"https:\/\/prismagamers.com\/hu\/produkt\/trine-2-teljes-tortenet\/","url":"https:\/\/prismagamers.com\/hu\/produkt\/trine-2-teljes-tortenet\/","name":"Trine 2: Teljes t\u00f6rt\u00e9net - Prismagamers.com","isPartOf":{"@id":"https:\/\/prismagamers.com\/hu\/#website"},"primaryImageOfPage":{"@id":"https:\/\/prismagamers.com\/hu\/produkt\/trine-2-teljes-tortenet\/#primaryimage"},"image":{"@id":"https:\/\/prismagamers.com\/hu\/produkt\/trine-2-teljes-tortenet\/#primaryimage"},"thumbnailUrl":"https:\/\/prismagamers.com\/wp-content\/uploads\/2024\/08\/w500-e1733522646187.jpg","datePublished":"2024-08-15T18:34:34+00:00","dateModified":"2026-03-04T23:00:47+00:00","description":"H\u00e1rom h\u0151s indul \u00fatnak egy var\u00e1zslatos, vesz\u00e9lyekkel teli vil\u00e1gban. A j\u00e1t\u00e9k fizikai rejtv\u00e9nyeket, l\u00e9legzetel\u00e1ll\u00edt\u00f3 t\u00e1jakat \u00e9s online kooperat\u00edv m\u00f3dban val\u00f3 k\u00f6z\u00f6s j\u00e1t\u00e9k lehet\u0151s\u00e9g\u00e9t k\u00edn\u00e1lja. \ud83c\udf0d Glob\u00e1lis \u2699\ufe0f Steam \ud83d\udddd Digit\u00e1lis kulcs","breadcrumb":{"@id":"https:\/\/prismagamers.com\/hu\/produkt\/trine-2-teljes-tortenet\/#breadcrumb"},"inLanguage":"hu","potentialAction":[{"@type":"ReadAction","target":["https:\/\/prismagamers.com\/hu\/produkt\/trine-2-teljes-tortenet\/"]}]},{"@type":"ImageObject","inLanguage":"hu","@id":"https:\/\/prismagamers.com\/hu\/produkt\/trine-2-teljes-tortenet\/#primaryimage","url":"https:\/\/prismagamers.com\/wp-content\/uploads\/2024\/08\/w500-e1733522646187.jpg","contentUrl":"https:\/\/prismagamers.com\/wp-content\/uploads\/2024\/08\/w500-e1733522646187.jpg","width":364,"height":450},{"@type":"BreadcrumbList","@id":"https:\/\/prismagamers.com\/hu\/produkt\/trine-2-teljes-tortenet\/#breadcrumb","itemListElement":[{"@type":"ListItem","position":1,"name":"Strona g\u0142\u00f3wna","item":"https:\/\/prismagamers.com\/hu\/prismagamers\/"},{"@type":"ListItem","position":2,"name":"Shop","item":"https:\/\/prismagamers.com\/hu\/shop\/"},{"@type":"ListItem","position":3,"name":"Trine 2: Teljes t\u00f6rt\u00e9net"}]},{"@type":"WebSite","@id":"https:\/\/prismagamers.com\/hu\/#website","url":"https:\/\/prismagamers.com\/hu\/","name":"Prismagamers","description":"Sklep z grami PC I Sklep klucze Steam","publisher":{"@id":"https:\/\/prismagamers.com\/hu\/#organization"},"potentialAction":[{"@type":"SearchAction","target":{"@type":"EntryPoint","urlTemplate":"https:\/\/prismagamers.com\/hu\/?s={search_term_string}"},"query-input":{"@type":"PropertyValueSpecification","valueRequired":true,"valueName":"search_term_string"}}],"inLanguage":"hu"},{"@type":"Organization","@id":"https:\/\/prismagamers.com\/hu\/#organization","name":"Prismagamers","url":"https:\/\/prismagamers.com\/hu\/","logo":{"@type":"ImageObject","inLanguage":"hu","@id":"https:\/\/prismagamers.com\/hu\/#\/schema\/logo\/image\/","url":"https:\/\/prismagamers.com\/wp-content\/uploads\/2022\/04\/cropped-logo-Prismagamers-01-scaled-1.jpg","contentUrl":"https:\/\/prismagamers.com\/wp-content\/uploads\/2022\/04\/cropped-logo-Prismagamers-01-scaled-1.jpg","width":512,"height":512,"caption":"Prismagamers"},"image":{"@id":"https:\/\/prismagamers.com\/hu\/#\/schema\/logo\/image\/"},"sameAs":["https:\/\/www.facebook.com\/prismagamers","https:\/\/www.instagram.com\/prismagamers_grycyfrowe\/"],"description":"Prismagamers.com to dynamiczny sklep z grami cyfrowymi, stworzony z my\u015bl\u0105 o entuzjastach gier wideo. Nasza strona oferuje szerok\u0105 gam\u0119 gier komputerowych, w tym najnowsze tytu\u0142y, dobrze znane klasyki oraz gry stworzone przez niezale\u017cne studia Ca\u0142y czas d\u0105\u017cymy do rozszerzenia naszej oferty. Do\u0142\u0105cz do nas i sta\u0144 si\u0119 cz\u0119\u015bci\u0105 naszej rosn\u0105cej spo\u0142eczno\u015bci graczy!","email":"shop@prismagamers.com","telephone":"48795541705","legalName":"East Caravan Maksym \u017bukow","foundingDate":"2012-05-10","vatID":"PL8943038612","taxID":"PL8943038612","numberOfEmployees":{"@type":"QuantitativeValue","minValue":"11","maxValue":"50"}}]}},"_links":{"self":[{"href":"https:\/\/prismagamers.com\/hu\/wp-json\/wp\/v2\/product\/38577","targetHints":{"allow":["GET"]}}],"collection":[{"href":"https:\/\/prismagamers.com\/hu\/wp-json\/wp\/v2\/product"}],"about":[{"href":"https:\/\/prismagamers.com\/hu\/wp-json\/wp\/v2\/types\/product"}],"wp:featuredmedia":[{"embeddable":true,"href":"https:\/\/prismagamers.com\/hu\/wp-json\/wp\/v2\/media\/32513"}],"wp:attachment":[{"href":"https:\/\/prismagamers.com\/hu\/wp-json\/wp\/v2\/media?parent=38577"}],"wp:term":[{"taxonomy":"product_brand","embeddable":true,"href":"https:\/\/prismagamers.com\/hu\/wp-json\/wp\/v2\/product_brand?post=38577"},{"taxonomy":"product_cat","embeddable":true,"href":"https:\/\/prismagamers.com\/hu\/wp-json\/wp\/v2\/product_cat?post=38577"},{"taxonomy":"product_tag","embeddable":true,"href":"https:\/\/prismagamers.com\/hu\/wp-json\/wp\/v2\/product_tag?post=38577"}],"curies":[{"name":"wp","href":"https:\/\/api.w.org\/{rel}","templated":true}]}}