{"id":38591,"date":"2024-10-22T17:54:01","date_gmt":"2024-10-22T15:54:01","guid":{"rendered":"https:\/\/prismagamers.com\/produkt\/realpolitiks-3-earth-and-beyond\/"},"modified":"2026-03-05T00:00:54","modified_gmt":"2026-03-04T23:00:54","slug":"realpolitiks-3-earth-and-beyond","status":"publish","type":"product","link":"https:\/\/prismagamers.com\/hu\/produkt\/realpolitiks-3-earth-and-beyond\/","title":{"rendered":"Realpolitiks 3: Earth and Beyond"},"content":{"rendered":"<p>B\u00edzik a politikusokban? Nem sz\u00e1m\u00edt &#8211; a Realpolitiks 3-ban es\u00e9lyed van arra, hogy k\u00f6z\u00fcl\u00fck v\u00e1lj az egyik\u00fckk\u00e9, \u00e9s megl\u00e1tod, hogy ez az \u00e9let neked val\u00f3-e. Ki tudja, tal\u00e1n felfedezed a sz\u00fcks\u00e9ges ravaszs\u00e1got, \u00e9s siker\u00fcl uralnod nemcsak a F\u00f6ldet, hanem a Nap k\u00f6r\u00fcl kering\u0151 t\u00f6bbi bolyg\u00f3t is?  <\/p>\n<p><img decoding=\"async\" class=\"bb_img aligncenter\" src=\"https:\/\/shared.fastly.steamstatic.com\/store_item_assets\/steam\/apps\/2298690\/extras\/planets.gif?t=1729594317\"><\/p>\n<p>E v\u00e9gs\u0151 c\u00e9l el\u00e9r\u00e9s\u00e9hez sz\u00e1mos d\u00f6nt\u00e9st kell hoznod, kezdve azzal, hogy melyik orsz\u00e1got szeretn\u00e9d vezetni. Amb\u00edci\u00f3idat b\u00e1rmelyik modern orsz\u00e1gban megval\u00f3s\u00edthatod, Afganiszt\u00e1nt\u00f3l Zimbabw\u00e9ig. <\/p>\n<p><img decoding=\"async\" class=\"bb_img aligncenter\" src=\"https:\/\/shared.fastly.steamstatic.com\/store_item_assets\/steam\/apps\/2298690\/extras\/countries.gif?t=1729594317\"><\/p>\n<p>Ki kell v\u00e1lasztanod az optim\u00e1lis korm\u00e1nyform\u00e1t, l\u00e9tre kell hoznod egy miniszteri kabinetet, fejlesztened kell a karaktered k\u00e9pess\u00e9geit, \u00e9s vezetned kell az orsz\u00e1godat k\u00fcl\u00f6nb\u00f6z\u0151 ter\u00fcleteken, p\u00e9ld\u00e1ul a gazdas\u00e1g, a kutat\u00e1s, a diplom\u00e1cia, a h\u00edrszerz\u00e9s \u00e9s a katonas\u00e1g ter\u00fclet\u00e9n. A csillagok vagy a v\u00e9gs\u0151 pusztul\u00e1s fel\u00e9 vezeted majd nemzetedet? <\/p>\n<p><img decoding=\"async\" class=\"bb_img aligncenter\" src=\"https:\/\/shared.fastly.steamstatic.com\/store_item_assets\/steam\/apps\/2298690\/extras\/nukes.gif?t=1729594317\"><\/p>\n<p><strong>KOMOLY POLITIKA!<\/strong><\/p>\n<p>Befoly\u00e1solja orsz\u00e1ga minden ter\u00fclet\u00e9t &#8211; a gazdas\u00e1gt\u00f3l \u00e9s a szoci\u00e1lis programokt\u00f3l kezdve az \u00e1tt\u00f6r\u00e9st jelent\u0151 technol\u00f3gi\u00e1k kutat\u00e1s\u00e1n \u00e1t a nagy \u00e1llami projektek megval\u00f3s\u00edt\u00e1s\u00e1ig.<\/p>\n<p>Az \u00d6n \u00e1ltal v\u00e1lasztott korm\u00e1nyforma \u00e9s az \u00d6n \u00e1ltal hozott int\u00e9zked\u00e9sek megv\u00e1ltoztatj\u00e1k az orsz\u00e1g \u00e9letm\u00f3dj\u00e1t &#8211; a liberalizmust\u00f3l a tekint\u00e9lyelv\u0171s\u00e9gen \u00e1t a zsarnoks\u00e1gig. Er\u0151teljes (b\u00e1r k\u00f6lts\u00e9ges) v\u00e9grehajt\u00e1si rendeleteket adhatsz ki, vagy a nemzeti \u00f6r\u00f6ks\u00e9g \u00faj attrib\u00fatumait szabad\u00edthatod fel. <\/p>\n<p><strong>Legyen az a politikus, akit szeretne!<\/strong><\/p>\n<p>A v\u00e1laszt\u00e1s teljes szabads\u00e1ga megvan, de ne feledje &#8211; minden d\u00f6nt\u00e9snek k\u00f6vetkezm\u00e9nyei vannak.<\/p>\n<p>Ahogy az orsz\u00e1god fejl\u0151dik, neked is fejlesztened kell a karakteredet, jav\u00edtva a statisztik\u00e1it \u00e9s k\u00e9pess\u00e9geit. A Realpolitiks 3-ban a karaktereddel val\u00f3 szem\u00e9lyes kapcsolat d\u00f6nt\u0151 fontoss\u00e1g\u00fa! <\/p>\n<p><strong>A cs\u00facson egyed\u00fcl vagyunk&#8230;. de nem eg\u00e9szen!<\/strong><\/p>\n<p>A Realpolitiks-sorozatban el\u0151sz\u00f6r van lehet\u0151s\u00e9ged arra, hogy megv\u00e1laszd a korm\u00e1nytisztvisel\u0151kb\u0151l \u00e1ll\u00f3 kabinetedet. \u00c1pold a kapcsolatokat a politikai p\u00e1rtokkal, vagy hagyd figyelmen k\u00edv\u00fcl k\u00f6vetel\u00e9seiket \u00e9s feladataikat &#8211; a saj\u00e1t vesztedre! <\/p>\n<p>V\u00e1lasszon a 9 el\u00e9rhet\u0151 politikai rendszer k\u00f6z\u00fcl &#8211; a monarchi\u00e1t\u00f3l a k\u00f6zt\u00e1rsas\u00e1gig &#8211; saj\u00e1t filoz\u00f3fi\u00e1j\u00e1t\u00f3l f\u00fcgg\u0151en. Puszt\u00e1n pragmatikus okokb\u00f3l ak\u00e1r le is d\u00f6ntheted a hatalmat a piedeszt\u00e1lr\u00f3l &#8211; Viva la revolucion! <\/p>\n<p><strong>A vil\u00e1g a te j\u00e1tsz\u00f3tered!<\/strong><\/p>\n<p>\u00c9lvezze a sz\u00e9les k\u00f6r\u0171 diplom\u00e1ciai lehet\u0151s\u00e9geket &#8211; v\u00e1ljon olyan j\u00f3l ismert nemzetk\u00f6zi t\u00f6mb\u00f6k r\u00e9sz\u00e9v\u00e9, mint az EU, a NATO vagy a BRICS, \u00e9s bel\u00fclr\u0151l befoly\u00e1solhatja \u0151ket. Saj\u00e1t koal\u00edci\u00f3t is l\u00e9trehozhatsz, \u00e9s azt saj\u00e1t preferenci\u00e1id szerint alak\u00edthatod &#8211; vezet\u0151 szerepet szerezhetsz benne, vagy egyszer\u0171en csak profit\u00e1lhatsz a tags\u00e1gb\u00f3l. <\/p>\n<p>A v\u00e1laszt\u00e1s mindig az \u00d6n\u00e9 &#8211; csatlakozhat egy vagy t\u00f6bb k\u00fcl\u00f6nb\u00f6z\u0151 blokkhoz, vagy ha akarja, v\u00e1laszthatja az elszigetel\u0151d\u00e9st.<\/p>\n<p>Fektessen be m\u00e1s orsz\u00e1gokba, \u00e9s t\u00e1mogassa fejl\u0151d\u00e9s\u00fcket, vagy haszn\u00e1lja ki a helyzet\u00e9t azzal, hogy arra k\u00e9nyszer\u00edti \u0151ket, hogy az \u00d6n b\u00e1bjaiv\u00e1 v\u00e1ljanak.<\/p>\n<p><strong>M\u00e9g az \u00e9g sem szab hat\u00e1rt neked!<\/strong><\/p>\n<p>Ne korl\u00e1tozza amb\u00edci\u00f3it &#8211; terjessze ki befoly\u00e1si \u00f6vezet\u00e9t a F\u00f6ld\u00f6n t\u00falra, \u00e9s k\u00e9nyszer\u00edtse politik\u00e1j\u00e1t naprendszer\u00fcnk b\u00e1rmelyik bolyg\u00f3j\u00e1ra. Megel\u00e9gszel a Hold gyarmatos\u00edt\u00e1s\u00e1val, vagy a Marsot is megh\u00f3d\u00edtod, esetleg eljutsz a Neptunuszig? <\/p>\n<p><strong>Az er\u0151szak soha nem m\u0171k\u00f6dik&#8230; vagy mindig m\u0171k\u00f6dik?<\/strong><\/p>\n<p>Fejlessze a katonai technol\u00f3gi\u00e1t, b\u0151v\u00edtse a hadsereget, \u00e9s gondoskodjon arr\u00f3l, hogy hozz\u00e1\u00e9rt\u0151 t\u00e1bornokok \u00e9s tisztek ir\u00e1ny\u00edts\u00e1k.<\/p>\n<p>Saj\u00e1t\u00edtsd el a h\u00e1bor\u00fa m\u0171v\u00e9szet\u00e9t, \u00e9s mutasd meg strat\u00e9giai zsenialit\u00e1sodat az \u00faj frontrendszerrel, amely minden eddigin\u00e9l sokkal dinamikusabb\u00e1 \u00e9s izgalmasabb\u00e1 teszi a fegyveres konfliktusokat.<\/p>\n<p>Az \u00e9gitesteken is harcolhatsz, hogy f\u00f6ld\u00f6nk\u00edv\u00fcli kol\u00f3ni\u00e1kat biztos\u00edts vagy legy\u0151zd riv\u00e1lisaidat az \u0171rben.<\/p>\n<p><strong>N\u00e9h\u00e1ny kis l\u00e9p\u00e9s a j\u00e1t\u00e9knak, egy hatalmas ugr\u00e1s a sorozatnak!<\/strong><\/p>\n<p><em>A Realpolitiks 3: Earth and Beyond<\/em> sz\u00e1mos olyan kieg\u00e9sz\u00edt\u00e9st \u00e9s v\u00e1ltoztat\u00e1st vezet be, amelyek a sorozat kor\u00e1bbi r\u00e9szeiben nem voltak lehets\u00e9gesek.<\/p>\n<p>A vil\u00e1gt\u00e9rk\u00e9pet m\u0171k\u00f6dtet\u0151 \u00faj technol\u00f3gia nem csak a grafik\u00e1ban jelent el\u0151rel\u00e9p\u00e9st, hanem robusztus optimaliz\u00e1l\u00e1ssal \u00e9s a k\u00fcl\u00f6nb\u00f6z\u0151 k\u00e9pform\u00e1tumok t\u00e1mogat\u00e1s\u00e1val is.<\/p>\n<p>Az \u00fajratervezett harci rendszerek lehet\u0151v\u00e9 teszik a rep\u00fcl\u0151g\u00e9pek \u00e9s haj\u00f3k haszn\u00e1lat\u00e1t.<\/p>\n<p>Az \u00faj dinamikus \u00e9p\u00edt\u00e9si rendszer m\u00e1r nem korl\u00e1tozza az egyes tartom\u00e1nyok fejleszt\u00e9s\u00e9t.<\/p>\n","protected":false},"excerpt":{"rendered":"<p class=\"ai-optimize-23\">Bizony\u00edtsd be politikai zsenialit\u00e1sodat egy olyan nagyszab\u00e1s\u00fa strat\u00e9gi\u00e1ban, mint m\u00e9g soha: v\u00e1lassz b\u00e1rmelyik modern \u00e1llamot, \u00e1ll\u00edts fel korm\u00e1nyt, \u00e9s vesd bele magad a bel- \u00e9s nemzetk\u00f6zi politika forgatag\u00e1ba. Dics\u0151s\u00e9ges j\u00f6v\u0151 v\u00e1r r\u00e1d &#8211; nemcsak a F\u00f6ld, hanem az eg\u00e9sz Naprendszer uralma! <\/p>\n<p class=\"ai-optimize-24\">\ud83c\udf0d Glob\u00e1lis<br \/>\n\u2699\ufe0f Steam<br \/>\n\ud83d\udddd Digit\u00e1lis kulcs<\/p>\n","protected":false},"featured_media":32970,"template":"","meta":{"_acf_changed":false,"site-sidebar-layout":"default","site-content-layout":"","ast-site-content-layout":"default","site-content-style":"default","site-sidebar-style":"default","ast-global-header-display":"","ast-banner-title-visibility":"","ast-main-header-display":"","ast-hfb-above-header-display":"","ast-hfb-below-header-display":"","ast-hfb-mobile-header-display":"","site-post-title":"","ast-breadcrumbs-content":"","ast-featured-img":"","footer-sml-layout":"","ast-disable-related-posts":"","theme-transparent-header-meta":"default","adv-header-id-meta":"","stick-header-meta":"","header-above-stick-meta":"","header-main-stick-meta":"","header-below-stick-meta":"","astra-migrate-meta-layouts":"default","ast-page-background-enabled":"default","ast-page-background-meta":{"desktop":{"background-color":"var(--ast-global-color-4)","background-image":"","background-repeat":"repeat","background-position":"center center","background-size":"auto","background-attachment":"scroll","background-type":"","background-media":"","overlay-type":"","overlay-color":"","overlay-opacity":"","overlay-gradient":""},"tablet":{"background-color":"","background-image":"","background-repeat":"repeat","background-position":"center center","background-size":"auto","background-attachment":"scroll","background-type":"","background-media":"","overlay-type":"","overlay-color":"","overlay-opacity":"","overlay-gradient":""},"mobile":{"background-color":"","background-image":"","background-repeat":"repeat","background-position":"center center","background-size":"auto","background-attachment":"scroll","background-type":"","background-media":"","overlay-type":"","overlay-color":"","overlay-opacity":"","overlay-gradient":""}},"ast-content-background-meta":{"desktop":{"background-color":"var(--ast-global-color-5)","background-image":"","background-repeat":"repeat","background-position":"center center","background-size":"auto","background-attachment":"scroll","background-type":"","background-media":"","overlay-type":"","overlay-color":"","overlay-opacity":"","overlay-gradient":""},"tablet":{"background-color":"var(--ast-global-color-5)","background-image":"","background-repeat":"repeat","background-position":"center center","background-size":"auto","background-attachment":"scroll","background-type":"","background-media":"","overlay-type":"","overlay-color":"","overlay-opacity":"","overlay-gradient":""},"mobile":{"background-color":"var(--ast-global-color-5)","background-image":"","background-repeat":"repeat","background-position":"center center","background-size":"auto","background-attachment":"scroll","background-type":"","background-media":"","overlay-type":"","overlay-color":"","overlay-opacity":"","overlay-gradient":""}}},"product_brand":[],"product_cat":[369,387,365,386],"product_tag":[],"class_list":{"0":"post-38591","1":"product","2":"type-product","3":"status-publish","4":"has-post-thumbnail","6":"product_cat-csarnokok","7":"product_cat-fulqrum-publishing-hu","8":"product_cat-goz","9":"product_cat-strategiai-jatekok","10":"desktop-align-left","11":"tablet-align-left","12":"mobile-align-left","14":"first","15":"instock","16":"virtual","17":"purchasable","18":"product-type-simple"},"acf":[],"yoast_head":"<!-- This site is optimized with the Yoast SEO Premium plugin v27.5 (Yoast SEO v27.5) - https:\/\/yoast.com\/product\/yoast-seo-premium-wordpress\/ -->\n<title>Realpolitiks 3: Earth and Beyond - Prismagamers.com<\/title>\n<meta name=\"description\" content=\"Bizony\u00edtsd be politikai zsenialit\u00e1sodat egy olyan nagyszab\u00e1s\u00fa strat\u00e9gi\u00e1ban, mint m\u00e9g soha: v\u00e1lassz b\u00e1rmelyik modern \u00e1llamot, \u00e1ll\u00edts fel korm\u00e1nyt, \u00e9s vesd bele magad a bel- \u00e9s nemzetk\u00f6zi politika forgatag\u00e1ba. Dics\u0151s\u00e9ges j\u00f6v\u0151 v\u00e1r r\u00e1d - nemcsak a F\u00f6ld, hanem az eg\u00e9sz Naprendszer uralma! \ud83c\udf0d Glob\u00e1lis \u2699\ufe0f Steam \ud83d\udddd Digit\u00e1lis kulcs\" \/>\n<meta name=\"robots\" content=\"index, follow, max-snippet:-1, max-image-preview:large, max-video-preview:-1\" \/>\n<link rel=\"canonical\" href=\"https:\/\/prismagamers.com\/hu\/produkt\/realpolitiks-3-earth-and-beyond\/\" \/>\n<meta property=\"og:locale\" content=\"hu_HU\" \/>\n<meta property=\"og:type\" content=\"article\" \/>\n<meta property=\"og:title\" content=\"Realpolitiks 3: Earth and Beyond\" \/>\n<meta property=\"og:description\" content=\"Bizony\u00edtsd be politikai zsenialit\u00e1sodat egy olyan nagyszab\u00e1s\u00fa strat\u00e9gi\u00e1ban, mint m\u00e9g soha: v\u00e1lassz b\u00e1rmelyik modern \u00e1llamot, \u00e1ll\u00edts fel korm\u00e1nyt, \u00e9s vesd bele magad a bel- \u00e9s nemzetk\u00f6zi politika forgatag\u00e1ba. Dics\u0151s\u00e9ges j\u00f6v\u0151 v\u00e1r r\u00e1d - nemcsak a F\u00f6ld, hanem az eg\u00e9sz Naprendszer uralma! \ud83c\udf0d Glob\u00e1lis \u2699\ufe0f Steam \ud83d\udddd Digit\u00e1lis kulcs\" \/>\n<meta property=\"og:url\" content=\"https:\/\/prismagamers.com\/hu\/produkt\/realpolitiks-3-earth-and-beyond\/\" \/>\n<meta property=\"og:site_name\" content=\"Prismagamers.com\" \/>\n<meta property=\"article:publisher\" content=\"https:\/\/www.facebook.com\/prismagamers\" \/>\n<meta property=\"article:modified_time\" content=\"2026-03-04T23:00:54+00:00\" \/>\n<meta property=\"og:image\" content=\"https:\/\/prismagamers.com\/wp-content\/uploads\/2024\/10\/library_600x900_2x-2-e1729612371541.jpg\" \/>\n\t<meta property=\"og:image:width\" content=\"300\" \/>\n\t<meta property=\"og:image:height\" content=\"450\" \/>\n\t<meta property=\"og:image:type\" content=\"image\/jpeg\" \/>\n<meta name=\"twitter:card\" content=\"summary_large_image\" \/>\n<meta name=\"twitter:label1\" content=\"Becs\u00fclt olvas\u00e1si id\u0151\" \/>\n\t<meta name=\"twitter:data1\" content=\"4 perc\" \/>\n<script type=\"application\/ld+json\" class=\"yoast-schema-graph\">{\"@context\":\"https:\\\/\\\/schema.org\",\"@graph\":[{\"@type\":\"WebPage\",\"@id\":\"https:\\\/\\\/prismagamers.com\\\/hu\\\/produkt\\\/realpolitiks-3-earth-and-beyond\\\/\",\"url\":\"https:\\\/\\\/prismagamers.com\\\/hu\\\/produkt\\\/realpolitiks-3-earth-and-beyond\\\/\",\"name\":\"Realpolitiks 3: Earth and Beyond - Prismagamers.com\",\"isPartOf\":{\"@id\":\"https:\\\/\\\/prismagamers.com\\\/hu\\\/#website\"},\"primaryImageOfPage\":{\"@id\":\"https:\\\/\\\/prismagamers.com\\\/hu\\\/produkt\\\/realpolitiks-3-earth-and-beyond\\\/#primaryimage\"},\"image\":{\"@id\":\"https:\\\/\\\/prismagamers.com\\\/hu\\\/produkt\\\/realpolitiks-3-earth-and-beyond\\\/#primaryimage\"},\"thumbnailUrl\":\"https:\\\/\\\/prismagamers.com\\\/wp-content\\\/uploads\\\/2024\\\/10\\\/library_600x900_2x-2-e1729612371541.jpg\",\"datePublished\":\"2024-10-22T15:54:01+00:00\",\"dateModified\":\"2026-03-04T23:00:54+00:00\",\"description\":\"Bizony\u00edtsd be politikai zsenialit\u00e1sodat egy olyan nagyszab\u00e1s\u00fa strat\u00e9gi\u00e1ban, mint m\u00e9g soha: v\u00e1lassz b\u00e1rmelyik modern \u00e1llamot, \u00e1ll\u00edts fel korm\u00e1nyt, \u00e9s vesd bele magad a bel- \u00e9s nemzetk\u00f6zi politika forgatag\u00e1ba. Dics\u0151s\u00e9ges j\u00f6v\u0151 v\u00e1r r\u00e1d - nemcsak a F\u00f6ld, hanem az eg\u00e9sz Naprendszer uralma! \ud83c\udf0d Glob\u00e1lis \u2699\ufe0f Steam \ud83d\udddd Digit\u00e1lis kulcs\",\"breadcrumb\":{\"@id\":\"https:\\\/\\\/prismagamers.com\\\/hu\\\/produkt\\\/realpolitiks-3-earth-and-beyond\\\/#breadcrumb\"},\"inLanguage\":\"hu\",\"potentialAction\":[{\"@type\":\"ReadAction\",\"target\":[\"https:\\\/\\\/prismagamers.com\\\/hu\\\/produkt\\\/realpolitiks-3-earth-and-beyond\\\/\"]}]},{\"@type\":\"ImageObject\",\"inLanguage\":\"hu\",\"@id\":\"https:\\\/\\\/prismagamers.com\\\/hu\\\/produkt\\\/realpolitiks-3-earth-and-beyond\\\/#primaryimage\",\"url\":\"https:\\\/\\\/prismagamers.com\\\/wp-content\\\/uploads\\\/2024\\\/10\\\/library_600x900_2x-2-e1729612371541.jpg\",\"contentUrl\":\"https:\\\/\\\/prismagamers.com\\\/wp-content\\\/uploads\\\/2024\\\/10\\\/library_600x900_2x-2-e1729612371541.jpg\",\"width\":300,\"height\":450},{\"@type\":\"BreadcrumbList\",\"@id\":\"https:\\\/\\\/prismagamers.com\\\/hu\\\/produkt\\\/realpolitiks-3-earth-and-beyond\\\/#breadcrumb\",\"itemListElement\":[{\"@type\":\"ListItem\",\"position\":1,\"name\":\"Strona g\u0142\u00f3wna\",\"item\":\"https:\\\/\\\/prismagamers.com\\\/hu\\\/prismagamers\\\/\"},{\"@type\":\"ListItem\",\"position\":2,\"name\":\"Shop\",\"item\":\"https:\\\/\\\/prismagamers.com\\\/hu\\\/shop\\\/\"},{\"@type\":\"ListItem\",\"position\":3,\"name\":\"Realpolitiks 3: Earth and Beyond\"}]},{\"@type\":\"WebSite\",\"@id\":\"https:\\\/\\\/prismagamers.com\\\/hu\\\/#website\",\"url\":\"https:\\\/\\\/prismagamers.com\\\/hu\\\/\",\"name\":\"Prismagamers\",\"description\":\"Sklep z grami PC I Sklep klucze Steam\",\"publisher\":{\"@id\":\"https:\\\/\\\/prismagamers.com\\\/hu\\\/#organization\"},\"potentialAction\":[{\"@type\":\"SearchAction\",\"target\":{\"@type\":\"EntryPoint\",\"urlTemplate\":\"https:\\\/\\\/prismagamers.com\\\/hu\\\/?s={search_term_string}\"},\"query-input\":{\"@type\":\"PropertyValueSpecification\",\"valueRequired\":true,\"valueName\":\"search_term_string\"}}],\"inLanguage\":\"hu\"},{\"@type\":\"Organization\",\"@id\":\"https:\\\/\\\/prismagamers.com\\\/hu\\\/#organization\",\"name\":\"Prismagamers\",\"url\":\"https:\\\/\\\/prismagamers.com\\\/hu\\\/\",\"logo\":{\"@type\":\"ImageObject\",\"inLanguage\":\"hu\",\"@id\":\"https:\\\/\\\/prismagamers.com\\\/hu\\\/#\\\/schema\\\/logo\\\/image\\\/\",\"url\":\"https:\\\/\\\/prismagamers.com\\\/wp-content\\\/uploads\\\/2022\\\/04\\\/cropped-logo-Prismagamers-01-scaled-1.jpg\",\"contentUrl\":\"https:\\\/\\\/prismagamers.com\\\/wp-content\\\/uploads\\\/2022\\\/04\\\/cropped-logo-Prismagamers-01-scaled-1.jpg\",\"width\":512,\"height\":512,\"caption\":\"Prismagamers\"},\"image\":{\"@id\":\"https:\\\/\\\/prismagamers.com\\\/hu\\\/#\\\/schema\\\/logo\\\/image\\\/\"},\"sameAs\":[\"https:\\\/\\\/www.facebook.com\\\/prismagamers\",\"https:\\\/\\\/www.instagram.com\\\/prismagamers_grycyfrowe\\\/\"],\"description\":\"Prismagamers.com to dynamiczny sklep z grami cyfrowymi, stworzony z my\u015bl\u0105 o entuzjastach gier wideo. Nasza strona oferuje szerok\u0105 gam\u0119 gier komputerowych, w tym najnowsze tytu\u0142y, dobrze znane klasyki oraz gry stworzone przez niezale\u017cne studia Ca\u0142y czas d\u0105\u017cymy do rozszerzenia naszej oferty. Do\u0142\u0105cz do nas i sta\u0144 si\u0119 cz\u0119\u015bci\u0105 naszej rosn\u0105cej spo\u0142eczno\u015bci graczy!\",\"email\":\"shop@prismagamers.com\",\"telephone\":\"48795541705\",\"legalName\":\"East Caravan Maksym \u017bukow\",\"foundingDate\":\"2012-05-10\",\"vatID\":\"PL8943038612\",\"taxID\":\"PL8943038612\",\"numberOfEmployees\":{\"@type\":\"QuantitativeValue\",\"minValue\":\"11\",\"maxValue\":\"50\"}}]}<\/script>\n<!-- \/ Yoast SEO Premium plugin. -->","yoast_head_json":{"title":"Realpolitiks 3: Earth and Beyond - Prismagamers.com","description":"Bizony\u00edtsd be politikai zsenialit\u00e1sodat egy olyan nagyszab\u00e1s\u00fa strat\u00e9gi\u00e1ban, mint m\u00e9g soha: v\u00e1lassz b\u00e1rmelyik modern \u00e1llamot, \u00e1ll\u00edts fel korm\u00e1nyt, \u00e9s vesd bele magad a bel- \u00e9s nemzetk\u00f6zi politika forgatag\u00e1ba. Dics\u0151s\u00e9ges j\u00f6v\u0151 v\u00e1r r\u00e1d - nemcsak a F\u00f6ld, hanem az eg\u00e9sz Naprendszer uralma! \ud83c\udf0d Glob\u00e1lis \u2699\ufe0f Steam \ud83d\udddd Digit\u00e1lis kulcs","robots":{"index":"index","follow":"follow","max-snippet":"max-snippet:-1","max-image-preview":"max-image-preview:large","max-video-preview":"max-video-preview:-1"},"canonical":"https:\/\/prismagamers.com\/hu\/produkt\/realpolitiks-3-earth-and-beyond\/","og_locale":"hu_HU","og_type":"article","og_title":"Realpolitiks 3: Earth and Beyond","og_description":"Bizony\u00edtsd be politikai zsenialit\u00e1sodat egy olyan nagyszab\u00e1s\u00fa strat\u00e9gi\u00e1ban, mint m\u00e9g soha: v\u00e1lassz b\u00e1rmelyik modern \u00e1llamot, \u00e1ll\u00edts fel korm\u00e1nyt, \u00e9s vesd bele magad a bel- \u00e9s nemzetk\u00f6zi politika forgatag\u00e1ba. Dics\u0151s\u00e9ges j\u00f6v\u0151 v\u00e1r r\u00e1d - nemcsak a F\u00f6ld, hanem az eg\u00e9sz Naprendszer uralma! \ud83c\udf0d Glob\u00e1lis \u2699\ufe0f Steam \ud83d\udddd Digit\u00e1lis kulcs","og_url":"https:\/\/prismagamers.com\/hu\/produkt\/realpolitiks-3-earth-and-beyond\/","og_site_name":"Prismagamers.com","article_publisher":"https:\/\/www.facebook.com\/prismagamers","article_modified_time":"2026-03-04T23:00:54+00:00","og_image":[{"width":300,"height":450,"url":"https:\/\/prismagamers.com\/wp-content\/uploads\/2024\/10\/library_600x900_2x-2-e1729612371541.jpg","type":"image\/jpeg"}],"twitter_card":"summary_large_image","twitter_misc":{"Becs\u00fclt olvas\u00e1si id\u0151":"4 perc"},"schema":{"@context":"https:\/\/schema.org","@graph":[{"@type":"WebPage","@id":"https:\/\/prismagamers.com\/hu\/produkt\/realpolitiks-3-earth-and-beyond\/","url":"https:\/\/prismagamers.com\/hu\/produkt\/realpolitiks-3-earth-and-beyond\/","name":"Realpolitiks 3: Earth and Beyond - Prismagamers.com","isPartOf":{"@id":"https:\/\/prismagamers.com\/hu\/#website"},"primaryImageOfPage":{"@id":"https:\/\/prismagamers.com\/hu\/produkt\/realpolitiks-3-earth-and-beyond\/#primaryimage"},"image":{"@id":"https:\/\/prismagamers.com\/hu\/produkt\/realpolitiks-3-earth-and-beyond\/#primaryimage"},"thumbnailUrl":"https:\/\/prismagamers.com\/wp-content\/uploads\/2024\/10\/library_600x900_2x-2-e1729612371541.jpg","datePublished":"2024-10-22T15:54:01+00:00","dateModified":"2026-03-04T23:00:54+00:00","description":"Bizony\u00edtsd be politikai zsenialit\u00e1sodat egy olyan nagyszab\u00e1s\u00fa strat\u00e9gi\u00e1ban, mint m\u00e9g soha: v\u00e1lassz b\u00e1rmelyik modern \u00e1llamot, \u00e1ll\u00edts fel korm\u00e1nyt, \u00e9s vesd bele magad a bel- \u00e9s nemzetk\u00f6zi politika forgatag\u00e1ba. Dics\u0151s\u00e9ges j\u00f6v\u0151 v\u00e1r r\u00e1d - nemcsak a F\u00f6ld, hanem az eg\u00e9sz Naprendszer uralma! \ud83c\udf0d Glob\u00e1lis \u2699\ufe0f Steam \ud83d\udddd Digit\u00e1lis kulcs","breadcrumb":{"@id":"https:\/\/prismagamers.com\/hu\/produkt\/realpolitiks-3-earth-and-beyond\/#breadcrumb"},"inLanguage":"hu","potentialAction":[{"@type":"ReadAction","target":["https:\/\/prismagamers.com\/hu\/produkt\/realpolitiks-3-earth-and-beyond\/"]}]},{"@type":"ImageObject","inLanguage":"hu","@id":"https:\/\/prismagamers.com\/hu\/produkt\/realpolitiks-3-earth-and-beyond\/#primaryimage","url":"https:\/\/prismagamers.com\/wp-content\/uploads\/2024\/10\/library_600x900_2x-2-e1729612371541.jpg","contentUrl":"https:\/\/prismagamers.com\/wp-content\/uploads\/2024\/10\/library_600x900_2x-2-e1729612371541.jpg","width":300,"height":450},{"@type":"BreadcrumbList","@id":"https:\/\/prismagamers.com\/hu\/produkt\/realpolitiks-3-earth-and-beyond\/#breadcrumb","itemListElement":[{"@type":"ListItem","position":1,"name":"Strona g\u0142\u00f3wna","item":"https:\/\/prismagamers.com\/hu\/prismagamers\/"},{"@type":"ListItem","position":2,"name":"Shop","item":"https:\/\/prismagamers.com\/hu\/shop\/"},{"@type":"ListItem","position":3,"name":"Realpolitiks 3: Earth and Beyond"}]},{"@type":"WebSite","@id":"https:\/\/prismagamers.com\/hu\/#website","url":"https:\/\/prismagamers.com\/hu\/","name":"Prismagamers","description":"Sklep z grami PC I Sklep klucze Steam","publisher":{"@id":"https:\/\/prismagamers.com\/hu\/#organization"},"potentialAction":[{"@type":"SearchAction","target":{"@type":"EntryPoint","urlTemplate":"https:\/\/prismagamers.com\/hu\/?s={search_term_string}"},"query-input":{"@type":"PropertyValueSpecification","valueRequired":true,"valueName":"search_term_string"}}],"inLanguage":"hu"},{"@type":"Organization","@id":"https:\/\/prismagamers.com\/hu\/#organization","name":"Prismagamers","url":"https:\/\/prismagamers.com\/hu\/","logo":{"@type":"ImageObject","inLanguage":"hu","@id":"https:\/\/prismagamers.com\/hu\/#\/schema\/logo\/image\/","url":"https:\/\/prismagamers.com\/wp-content\/uploads\/2022\/04\/cropped-logo-Prismagamers-01-scaled-1.jpg","contentUrl":"https:\/\/prismagamers.com\/wp-content\/uploads\/2022\/04\/cropped-logo-Prismagamers-01-scaled-1.jpg","width":512,"height":512,"caption":"Prismagamers"},"image":{"@id":"https:\/\/prismagamers.com\/hu\/#\/schema\/logo\/image\/"},"sameAs":["https:\/\/www.facebook.com\/prismagamers","https:\/\/www.instagram.com\/prismagamers_grycyfrowe\/"],"description":"Prismagamers.com to dynamiczny sklep z grami cyfrowymi, stworzony z my\u015bl\u0105 o entuzjastach gier wideo. Nasza strona oferuje szerok\u0105 gam\u0119 gier komputerowych, w tym najnowsze tytu\u0142y, dobrze znane klasyki oraz gry stworzone przez niezale\u017cne studia Ca\u0142y czas d\u0105\u017cymy do rozszerzenia naszej oferty. Do\u0142\u0105cz do nas i sta\u0144 si\u0119 cz\u0119\u015bci\u0105 naszej rosn\u0105cej spo\u0142eczno\u015bci graczy!","email":"shop@prismagamers.com","telephone":"48795541705","legalName":"East Caravan Maksym \u017bukow","foundingDate":"2012-05-10","vatID":"PL8943038612","taxID":"PL8943038612","numberOfEmployees":{"@type":"QuantitativeValue","minValue":"11","maxValue":"50"}}]}},"_links":{"self":[{"href":"https:\/\/prismagamers.com\/hu\/wp-json\/wp\/v2\/product\/38591","targetHints":{"allow":["GET"]}}],"collection":[{"href":"https:\/\/prismagamers.com\/hu\/wp-json\/wp\/v2\/product"}],"about":[{"href":"https:\/\/prismagamers.com\/hu\/wp-json\/wp\/v2\/types\/product"}],"wp:featuredmedia":[{"embeddable":true,"href":"https:\/\/prismagamers.com\/hu\/wp-json\/wp\/v2\/media\/32970"}],"wp:attachment":[{"href":"https:\/\/prismagamers.com\/hu\/wp-json\/wp\/v2\/media?parent=38591"}],"wp:term":[{"taxonomy":"product_brand","embeddable":true,"href":"https:\/\/prismagamers.com\/hu\/wp-json\/wp\/v2\/product_brand?post=38591"},{"taxonomy":"product_cat","embeddable":true,"href":"https:\/\/prismagamers.com\/hu\/wp-json\/wp\/v2\/product_cat?post=38591"},{"taxonomy":"product_tag","embeddable":true,"href":"https:\/\/prismagamers.com\/hu\/wp-json\/wp\/v2\/product_tag?post=38591"}],"curies":[{"name":"wp","href":"https:\/\/api.w.org\/{rel}","templated":true}]}}