{"id":38605,"date":"2023-04-24T14:15:32","date_gmt":"2023-04-24T12:15:32","guid":{"rendered":"https:\/\/prismagamers.com\/produkt\/akvarium-tervezo\/"},"modified":"2026-03-05T00:00:39","modified_gmt":"2026-03-04T23:00:39","slug":"akvarium-tervezo","status":"publish","type":"product","link":"https:\/\/prismagamers.com\/hu\/produkt\/akvarium-tervezo\/","title":{"rendered":"Aquarium Designer"},"content":{"rendered":"<p>\u00c1lmodozott m\u00e1r valaha saj\u00e1t akv\u00e1riumr\u00f3l? M\u00e1r van, de m\u00e9g mindig nem el\u00e9g? Vagy szeretn\u00e9 kipr\u00f3b\u00e1lni mag\u00e1t, miel\u0151tt igazi akv\u00e1riumot v\u00e1s\u00e1rolna? Az Aquarium Designer a neked val\u00f3 j\u00e1t\u00e9k! Az Aquarium Designer j\u00e1t\u00e9kban mindenf\u00e9le m\u00e9ret\u0171 \u00e9s form\u00e1j\u00fa akv\u00e1riumot l\u00e9trehozhatsz. T\u00f6ltsd meg \u0151ket k\u00fcl\u00f6nb\u00f6z\u0151 faj\u00fa halakkal, \u00e9s hozd l\u00e9tre \u00e1lmaid akv\u00e1rium\u00e1t!     <\/p>\n<p>Az Aquarium Designer j\u00e1t\u00e9kban akv\u00e1riumokat k\u00e9sz\u00edthetsz az \u00fcgyfelek sz\u00e1m\u00e1ra, \u00e9s p\u00e9nzt kereshetsz, hogy a j\u00f6v\u0151ben b\u0151v\u00edthesd a k\u00edn\u00e1latodat. \u00c9ttermek, sz\u00e1llod\u00e1k, irod\u00e1k vagy ak\u00e1r egy multimilliomos lak\u00e1sa &#8211; minden helyis\u00e9g vonz\u00f3bb\u00e1 v\u00e1lik egy sz\u00ednpomp\u00e1s \u00e9s \u00e9lettel teli akv\u00e1riummal. Olvassa el figyelmesen \u00fcgyfelei e-mailjeit, \u00e9s v\u00e1lassza ki a megfelel\u0151 felszerel\u00e9st, hogy biztos\u00edtsa a megfelel\u0151 v\u00edzk\u00f6r\u00fclm\u00e9nyeket a halak \u00e9s a n\u00f6v\u00e9nyek sz\u00e1m\u00e1ra. Gondoskodjon a tisztas\u00e1gr\u00f3l, a megfelel\u0151 pH-\u00e9rt\u00e9kr\u0151l \u00e9s h\u0151m\u00e9rs\u00e9kletr\u0151l, \u00e9s hozza l\u00e9tre \u00e1lmai vagy \u00fcgyfelei akv\u00e1rium\u00e1t.   <\/p>\n<p>Minden szakembernek sz\u00fcks\u00e9ge van n\u00e9ha egy kis sz\u00fcnetre. Az Aquarium Designerben a k\u00fcldet\u00e9sek \u00e9s az \u00fcgyf\u00e9lmegb\u00edz\u00e1sok mellett egy szabad j\u00e1t\u00e9km\u00f3dot is \u00e9lvezhetsz, k\u00e9t j\u00e1t\u00e9km\u00f3ddal: alkalmi \u00e9s realisztikus. Tervezz, kombin\u00e1lj, v\u00e1ltoztass \u00e9s adj kifejez\u00e9st a k\u00e9pzeletednek. Ek\u00f6zben ne felejts el gondoskodni az akv\u00e1riumod leend\u0151 lak\u00f3inak j\u00f3 k\u00f6r\u00fclm\u00e9nyeir\u0151l. Minden fajnak m\u00e1s-m\u00e1s k\u00f6vetelm\u00e9nyei vannak azzal a k\u00f6rnyezettel szemben, amelyben \u00e9lni tud. Gondoskodj r\u00f3luk, \u00e9s n\u00e9zd, ahogy a halak \u00f6r\u00fclnek \u00faj otthonukban.     <\/p>\n","protected":false},"excerpt":{"rendered":"<p class=\"ai-optimize-27 ai-optimize-introduction\">Az Aquarium Designer egyed\u00fcl\u00e1ll\u00f3 lehet\u0151s\u00e9get biztos\u00edt \u00d6nnek, hogy megteremtse \u00e1lmai akv\u00e1rium\u00e1t! Legy\u00e9l profi akvarista, akinek az a feladata, hogy megtervezzen \u00e9s l\u00e9trehozzon egy akv\u00e1riumot, \u00e9s megt\u00f6ltse azt k\u00fcl\u00f6nf\u00e9le halakkal. Kreativit\u00e1sodnak csak a te kreativit\u00e1sod szab hat\u00e1rt!  <\/p>\n<p class=\"ai-optimize-28\"><img decoding=\"async\" class=\"emoji\" role=\"img\" src=\"https:\/\/s.w.org\/images\/core\/emoji\/14.0.0\/svg\/1f30d.svg\" alt=\"\ud83c\udf0d\">  Global<br \/>\n<img decoding=\"async\" class=\"emoji\" role=\"img\" src=\"https:\/\/s.w.org\/images\/core\/emoji\/14.0.0\/svg\/2699.svg\" alt=\"\u2699\ufe0f\"> Steam<br \/>\n<img decoding=\"async\" class=\"emoji\" role=\"img\" src=\"https:\/\/s.w.org\/images\/core\/emoji\/14.0.0\/svg\/1f5dd.svg\" alt=\"\ud83d\udddd\"> Digit\u00e1lis kulcs<\/p>\n","protected":false},"featured_media":25190,"template":"","meta":{"_acf_changed":false,"site-sidebar-layout":"default","site-content-layout":"default","ast-site-content-layout":"default","site-content-style":"default","site-sidebar-style":"default","ast-global-header-display":"","ast-banner-title-visibility":"","ast-main-header-display":"","ast-hfb-above-header-display":"","ast-hfb-below-header-display":"","ast-hfb-mobile-header-display":"","site-post-title":"","ast-breadcrumbs-content":"","ast-featured-img":"","footer-sml-layout":"","ast-disable-related-posts":"","theme-transparent-header-meta":"default","adv-header-id-meta":"","stick-header-meta":"","header-above-stick-meta":"","header-main-stick-meta":"","header-below-stick-meta":"","astra-migrate-meta-layouts":"default","ast-page-background-enabled":"default","ast-page-background-meta":{"desktop":{"background-color":"var(--ast-global-color-4)","background-image":"","background-repeat":"repeat","background-position":"center center","background-size":"auto","background-attachment":"scroll","background-type":"","background-media":"","overlay-type":"","overlay-color":"","overlay-opacity":"","overlay-gradient":""},"tablet":{"background-color":"","background-image":"","background-repeat":"repeat","background-position":"center center","background-size":"auto","background-attachment":"scroll","background-type":"","background-media":"","overlay-type":"","overlay-color":"","overlay-opacity":"","overlay-gradient":""},"mobile":{"background-color":"","background-image":"","background-repeat":"repeat","background-position":"center center","background-size":"auto","background-attachment":"scroll","background-type":"","background-media":"","overlay-type":"","overlay-color":"","overlay-opacity":"","overlay-gradient":""}},"ast-content-background-meta":{"desktop":{"background-color":"var(--ast-global-color-5)","background-image":"","background-repeat":"repeat","background-position":"center center","background-size":"auto","background-attachment":"scroll","background-type":"","background-media":"","overlay-type":"","overlay-color":"","overlay-opacity":"","overlay-gradient":""},"tablet":{"background-color":"var(--ast-global-color-5)","background-image":"","background-repeat":"repeat","background-position":"center center","background-size":"auto","background-attachment":"scroll","background-type":"","background-media":"","overlay-type":"","overlay-color":"","overlay-opacity":"","overlay-gradient":""},"mobile":{"background-color":"var(--ast-global-color-5)","background-image":"","background-repeat":"repeat","background-position":"center center","background-size":"auto","background-attachment":"scroll","background-type":"","background-media":"","overlay-type":"","overlay-color":"","overlay-opacity":"","overlay-gradient":""}}},"product_brand":[],"product_cat":[369,394,454,365,372,378],"product_tag":[],"class_list":{"0":"post-38605","1":"product","2":"type-product","3":"status-publish","4":"has-post-thumbnail","6":"product_cat-csarnokok","7":"product_cat-digitalis-jatekok","8":"product_cat-games-operators-hu","9":"product_cat-goz","10":"product_cat-jatekok-szimulatorok","11":"product_cat-minden-digitalis-jatek","12":"desktop-align-left","13":"tablet-align-left","14":"mobile-align-left","16":"first","17":"instock","18":"virtual","19":"purchasable","20":"product-type-simple"},"acf":[],"yoast_head":"<!-- This site is optimized with the Yoast SEO Premium plugin v27.4 (Yoast SEO v27.4) - https:\/\/yoast.com\/product\/yoast-seo-premium-wordpress\/ -->\n<title>Aquarium Designer - Prismagamers.com<\/title>\n<meta name=\"description\" content=\"Az Aquarium Designer egyed\u00fcl\u00e1ll\u00f3 lehet\u0151s\u00e9get biztos\u00edt \u00d6nnek, hogy megteremtse \u00e1lmai akv\u00e1rium\u00e1t! Legy\u00e9l profi akvarista, akinek az a feladata, hogy megtervezzen \u00e9s l\u00e9trehozzon egy akv\u00e1riumot, \u00e9s megt\u00f6ltse azt k\u00fcl\u00f6nf\u00e9le halakkal. Kreativit\u00e1sodnak csak a te kreativit\u00e1sod szab hat\u00e1rt!   Global Steam Digit\u00e1lis kulcs\" \/>\n<meta name=\"robots\" content=\"index, follow, max-snippet:-1, max-image-preview:large, max-video-preview:-1\" \/>\n<link rel=\"canonical\" href=\"https:\/\/prismagamers.com\/hu\/produkt\/akvarium-tervezo\/\" \/>\n<meta property=\"og:locale\" content=\"hu_HU\" \/>\n<meta property=\"og:type\" content=\"article\" \/>\n<meta property=\"og:title\" content=\"Aquarium Designer\" \/>\n<meta property=\"og:description\" content=\"Az Aquarium Designer egyed\u00fcl\u00e1ll\u00f3 lehet\u0151s\u00e9get biztos\u00edt \u00d6nnek, hogy megteremtse \u00e1lmai akv\u00e1rium\u00e1t! Legy\u00e9l profi akvarista, akinek az a feladata, hogy megtervezzen \u00e9s l\u00e9trehozzon egy akv\u00e1riumot, \u00e9s megt\u00f6ltse azt k\u00fcl\u00f6nf\u00e9le halakkal. Kreativit\u00e1sodnak csak a te kreativit\u00e1sod szab hat\u00e1rt!   Global Steam Digit\u00e1lis kulcs\" \/>\n<meta property=\"og:url\" content=\"https:\/\/prismagamers.com\/hu\/produkt\/akvarium-tervezo\/\" \/>\n<meta property=\"og:site_name\" content=\"Prismagamers.com\" \/>\n<meta property=\"article:publisher\" content=\"https:\/\/www.facebook.com\/prismagamers\" \/>\n<meta property=\"article:modified_time\" content=\"2026-03-04T23:00:39+00:00\" \/>\n<meta property=\"og:image\" content=\"https:\/\/prismagamers.com\/wp-content\/uploads\/2023\/04\/Aquarium-Designer.png\" \/>\n\t<meta property=\"og:image:width\" content=\"600\" \/>\n\t<meta property=\"og:image:height\" content=\"600\" \/>\n\t<meta property=\"og:image:type\" content=\"image\/png\" \/>\n<meta name=\"twitter:card\" content=\"summary_large_image\" \/>\n<meta name=\"twitter:label1\" content=\"Becs\u00fclt olvas\u00e1si id\u0151\" \/>\n\t<meta name=\"twitter:data1\" content=\"2 perc\" \/>\n<script type=\"application\/ld+json\" class=\"yoast-schema-graph\">{\"@context\":\"https:\\\/\\\/schema.org\",\"@graph\":[{\"@type\":\"WebPage\",\"@id\":\"https:\\\/\\\/prismagamers.com\\\/hu\\\/produkt\\\/akvarium-tervezo\\\/\",\"url\":\"https:\\\/\\\/prismagamers.com\\\/hu\\\/produkt\\\/akvarium-tervezo\\\/\",\"name\":\"Aquarium Designer - Prismagamers.com\",\"isPartOf\":{\"@id\":\"https:\\\/\\\/prismagamers.com\\\/hu\\\/#website\"},\"primaryImageOfPage\":{\"@id\":\"https:\\\/\\\/prismagamers.com\\\/hu\\\/produkt\\\/akvarium-tervezo\\\/#primaryimage\"},\"image\":{\"@id\":\"https:\\\/\\\/prismagamers.com\\\/hu\\\/produkt\\\/akvarium-tervezo\\\/#primaryimage\"},\"thumbnailUrl\":\"https:\\\/\\\/prismagamers.com\\\/wp-content\\\/uploads\\\/2023\\\/04\\\/Aquarium-Designer.png\",\"datePublished\":\"2023-04-24T12:15:32+00:00\",\"dateModified\":\"2026-03-04T23:00:39+00:00\",\"description\":\"Az Aquarium Designer egyed\u00fcl\u00e1ll\u00f3 lehet\u0151s\u00e9get biztos\u00edt \u00d6nnek, hogy megteremtse \u00e1lmai akv\u00e1rium\u00e1t! Legy\u00e9l profi akvarista, akinek az a feladata, hogy megtervezzen \u00e9s l\u00e9trehozzon egy akv\u00e1riumot, \u00e9s megt\u00f6ltse azt k\u00fcl\u00f6nf\u00e9le halakkal. Kreativit\u00e1sodnak csak a te kreativit\u00e1sod szab hat\u00e1rt! Global Steam Digit\u00e1lis kulcs\",\"breadcrumb\":{\"@id\":\"https:\\\/\\\/prismagamers.com\\\/hu\\\/produkt\\\/akvarium-tervezo\\\/#breadcrumb\"},\"inLanguage\":\"hu\",\"potentialAction\":[{\"@type\":\"ReadAction\",\"target\":[\"https:\\\/\\\/prismagamers.com\\\/hu\\\/produkt\\\/akvarium-tervezo\\\/\"]}]},{\"@type\":\"ImageObject\",\"inLanguage\":\"hu\",\"@id\":\"https:\\\/\\\/prismagamers.com\\\/hu\\\/produkt\\\/akvarium-tervezo\\\/#primaryimage\",\"url\":\"https:\\\/\\\/prismagamers.com\\\/wp-content\\\/uploads\\\/2023\\\/04\\\/Aquarium-Designer.png\",\"contentUrl\":\"https:\\\/\\\/prismagamers.com\\\/wp-content\\\/uploads\\\/2023\\\/04\\\/Aquarium-Designer.png\",\"width\":600,\"height\":600},{\"@type\":\"BreadcrumbList\",\"@id\":\"https:\\\/\\\/prismagamers.com\\\/hu\\\/produkt\\\/akvarium-tervezo\\\/#breadcrumb\",\"itemListElement\":[{\"@type\":\"ListItem\",\"position\":1,\"name\":\"Strona g\u0142\u00f3wna\",\"item\":\"https:\\\/\\\/prismagamers.com\\\/hu\\\/prismagamers\\\/\"},{\"@type\":\"ListItem\",\"position\":2,\"name\":\"Shop\",\"item\":\"https:\\\/\\\/prismagamers.com\\\/hu\\\/shop\\\/\"},{\"@type\":\"ListItem\",\"position\":3,\"name\":\"Aquarium Designer\"}]},{\"@type\":\"WebSite\",\"@id\":\"https:\\\/\\\/prismagamers.com\\\/hu\\\/#website\",\"url\":\"https:\\\/\\\/prismagamers.com\\\/hu\\\/\",\"name\":\"Prismagamers\",\"description\":\"Sklep z grami PC I Sklep klucze Steam\",\"publisher\":{\"@id\":\"https:\\\/\\\/prismagamers.com\\\/hu\\\/#organization\"},\"potentialAction\":[{\"@type\":\"SearchAction\",\"target\":{\"@type\":\"EntryPoint\",\"urlTemplate\":\"https:\\\/\\\/prismagamers.com\\\/hu\\\/?s={search_term_string}\"},\"query-input\":{\"@type\":\"PropertyValueSpecification\",\"valueRequired\":true,\"valueName\":\"search_term_string\"}}],\"inLanguage\":\"hu\"},{\"@type\":\"Organization\",\"@id\":\"https:\\\/\\\/prismagamers.com\\\/hu\\\/#organization\",\"name\":\"Prismagamers\",\"url\":\"https:\\\/\\\/prismagamers.com\\\/hu\\\/\",\"logo\":{\"@type\":\"ImageObject\",\"inLanguage\":\"hu\",\"@id\":\"https:\\\/\\\/prismagamers.com\\\/hu\\\/#\\\/schema\\\/logo\\\/image\\\/\",\"url\":\"https:\\\/\\\/prismagamers.com\\\/wp-content\\\/uploads\\\/2022\\\/04\\\/cropped-logo-Prismagamers-01-scaled-1.jpg\",\"contentUrl\":\"https:\\\/\\\/prismagamers.com\\\/wp-content\\\/uploads\\\/2022\\\/04\\\/cropped-logo-Prismagamers-01-scaled-1.jpg\",\"width\":512,\"height\":512,\"caption\":\"Prismagamers\"},\"image\":{\"@id\":\"https:\\\/\\\/prismagamers.com\\\/hu\\\/#\\\/schema\\\/logo\\\/image\\\/\"},\"sameAs\":[\"https:\\\/\\\/www.facebook.com\\\/prismagamers\",\"https:\\\/\\\/www.instagram.com\\\/prismagamers_grycyfrowe\\\/\"],\"description\":\"Prismagamers.com to dynamiczny sklep z grami cyfrowymi, stworzony z my\u015bl\u0105 o entuzjastach gier wideo. Nasza strona oferuje szerok\u0105 gam\u0119 gier komputerowych, w tym najnowsze tytu\u0142y, dobrze znane klasyki oraz gry stworzone przez niezale\u017cne studia Ca\u0142y czas d\u0105\u017cymy do rozszerzenia naszej oferty. Do\u0142\u0105cz do nas i sta\u0144 si\u0119 cz\u0119\u015bci\u0105 naszej rosn\u0105cej spo\u0142eczno\u015bci graczy!\",\"email\":\"shop@prismagamers.com\",\"telephone\":\"48795541705\",\"legalName\":\"East Caravan Maksym \u017bukow\",\"foundingDate\":\"2012-05-10\",\"vatID\":\"PL8943038612\",\"taxID\":\"PL8943038612\",\"numberOfEmployees\":{\"@type\":\"QuantitativeValue\",\"minValue\":\"11\",\"maxValue\":\"50\"}}]}<\/script>\n<!-- \/ Yoast SEO Premium plugin. -->","yoast_head_json":{"title":"Aquarium Designer - Prismagamers.com","description":"Az Aquarium Designer egyed\u00fcl\u00e1ll\u00f3 lehet\u0151s\u00e9get biztos\u00edt \u00d6nnek, hogy megteremtse \u00e1lmai akv\u00e1rium\u00e1t! Legy\u00e9l profi akvarista, akinek az a feladata, hogy megtervezzen \u00e9s l\u00e9trehozzon egy akv\u00e1riumot, \u00e9s megt\u00f6ltse azt k\u00fcl\u00f6nf\u00e9le halakkal. Kreativit\u00e1sodnak csak a te kreativit\u00e1sod szab hat\u00e1rt!   Global Steam Digit\u00e1lis kulcs","robots":{"index":"index","follow":"follow","max-snippet":"max-snippet:-1","max-image-preview":"max-image-preview:large","max-video-preview":"max-video-preview:-1"},"canonical":"https:\/\/prismagamers.com\/hu\/produkt\/akvarium-tervezo\/","og_locale":"hu_HU","og_type":"article","og_title":"Aquarium Designer","og_description":"Az Aquarium Designer egyed\u00fcl\u00e1ll\u00f3 lehet\u0151s\u00e9get biztos\u00edt \u00d6nnek, hogy megteremtse \u00e1lmai akv\u00e1rium\u00e1t! Legy\u00e9l profi akvarista, akinek az a feladata, hogy megtervezzen \u00e9s l\u00e9trehozzon egy akv\u00e1riumot, \u00e9s megt\u00f6ltse azt k\u00fcl\u00f6nf\u00e9le halakkal. Kreativit\u00e1sodnak csak a te kreativit\u00e1sod szab hat\u00e1rt!   Global Steam Digit\u00e1lis kulcs","og_url":"https:\/\/prismagamers.com\/hu\/produkt\/akvarium-tervezo\/","og_site_name":"Prismagamers.com","article_publisher":"https:\/\/www.facebook.com\/prismagamers","article_modified_time":"2026-03-04T23:00:39+00:00","og_image":[{"width":600,"height":600,"url":"https:\/\/prismagamers.com\/wp-content\/uploads\/2023\/04\/Aquarium-Designer.png","type":"image\/png"}],"twitter_card":"summary_large_image","twitter_misc":{"Becs\u00fclt olvas\u00e1si id\u0151":"2 perc"},"schema":{"@context":"https:\/\/schema.org","@graph":[{"@type":"WebPage","@id":"https:\/\/prismagamers.com\/hu\/produkt\/akvarium-tervezo\/","url":"https:\/\/prismagamers.com\/hu\/produkt\/akvarium-tervezo\/","name":"Aquarium Designer - Prismagamers.com","isPartOf":{"@id":"https:\/\/prismagamers.com\/hu\/#website"},"primaryImageOfPage":{"@id":"https:\/\/prismagamers.com\/hu\/produkt\/akvarium-tervezo\/#primaryimage"},"image":{"@id":"https:\/\/prismagamers.com\/hu\/produkt\/akvarium-tervezo\/#primaryimage"},"thumbnailUrl":"https:\/\/prismagamers.com\/wp-content\/uploads\/2023\/04\/Aquarium-Designer.png","datePublished":"2023-04-24T12:15:32+00:00","dateModified":"2026-03-04T23:00:39+00:00","description":"Az Aquarium Designer egyed\u00fcl\u00e1ll\u00f3 lehet\u0151s\u00e9get biztos\u00edt \u00d6nnek, hogy megteremtse \u00e1lmai akv\u00e1rium\u00e1t! Legy\u00e9l profi akvarista, akinek az a feladata, hogy megtervezzen \u00e9s l\u00e9trehozzon egy akv\u00e1riumot, \u00e9s megt\u00f6ltse azt k\u00fcl\u00f6nf\u00e9le halakkal. Kreativit\u00e1sodnak csak a te kreativit\u00e1sod szab hat\u00e1rt! Global Steam Digit\u00e1lis kulcs","breadcrumb":{"@id":"https:\/\/prismagamers.com\/hu\/produkt\/akvarium-tervezo\/#breadcrumb"},"inLanguage":"hu","potentialAction":[{"@type":"ReadAction","target":["https:\/\/prismagamers.com\/hu\/produkt\/akvarium-tervezo\/"]}]},{"@type":"ImageObject","inLanguage":"hu","@id":"https:\/\/prismagamers.com\/hu\/produkt\/akvarium-tervezo\/#primaryimage","url":"https:\/\/prismagamers.com\/wp-content\/uploads\/2023\/04\/Aquarium-Designer.png","contentUrl":"https:\/\/prismagamers.com\/wp-content\/uploads\/2023\/04\/Aquarium-Designer.png","width":600,"height":600},{"@type":"BreadcrumbList","@id":"https:\/\/prismagamers.com\/hu\/produkt\/akvarium-tervezo\/#breadcrumb","itemListElement":[{"@type":"ListItem","position":1,"name":"Strona g\u0142\u00f3wna","item":"https:\/\/prismagamers.com\/hu\/prismagamers\/"},{"@type":"ListItem","position":2,"name":"Shop","item":"https:\/\/prismagamers.com\/hu\/shop\/"},{"@type":"ListItem","position":3,"name":"Aquarium Designer"}]},{"@type":"WebSite","@id":"https:\/\/prismagamers.com\/hu\/#website","url":"https:\/\/prismagamers.com\/hu\/","name":"Prismagamers","description":"Sklep z grami PC I Sklep klucze Steam","publisher":{"@id":"https:\/\/prismagamers.com\/hu\/#organization"},"potentialAction":[{"@type":"SearchAction","target":{"@type":"EntryPoint","urlTemplate":"https:\/\/prismagamers.com\/hu\/?s={search_term_string}"},"query-input":{"@type":"PropertyValueSpecification","valueRequired":true,"valueName":"search_term_string"}}],"inLanguage":"hu"},{"@type":"Organization","@id":"https:\/\/prismagamers.com\/hu\/#organization","name":"Prismagamers","url":"https:\/\/prismagamers.com\/hu\/","logo":{"@type":"ImageObject","inLanguage":"hu","@id":"https:\/\/prismagamers.com\/hu\/#\/schema\/logo\/image\/","url":"https:\/\/prismagamers.com\/wp-content\/uploads\/2022\/04\/cropped-logo-Prismagamers-01-scaled-1.jpg","contentUrl":"https:\/\/prismagamers.com\/wp-content\/uploads\/2022\/04\/cropped-logo-Prismagamers-01-scaled-1.jpg","width":512,"height":512,"caption":"Prismagamers"},"image":{"@id":"https:\/\/prismagamers.com\/hu\/#\/schema\/logo\/image\/"},"sameAs":["https:\/\/www.facebook.com\/prismagamers","https:\/\/www.instagram.com\/prismagamers_grycyfrowe\/"],"description":"Prismagamers.com to dynamiczny sklep z grami cyfrowymi, stworzony z my\u015bl\u0105 o entuzjastach gier wideo. Nasza strona oferuje szerok\u0105 gam\u0119 gier komputerowych, w tym najnowsze tytu\u0142y, dobrze znane klasyki oraz gry stworzone przez niezale\u017cne studia Ca\u0142y czas d\u0105\u017cymy do rozszerzenia naszej oferty. Do\u0142\u0105cz do nas i sta\u0144 si\u0119 cz\u0119\u015bci\u0105 naszej rosn\u0105cej spo\u0142eczno\u015bci graczy!","email":"shop@prismagamers.com","telephone":"48795541705","legalName":"East Caravan Maksym \u017bukow","foundingDate":"2012-05-10","vatID":"PL8943038612","taxID":"PL8943038612","numberOfEmployees":{"@type":"QuantitativeValue","minValue":"11","maxValue":"50"}}]}},"_links":{"self":[{"href":"https:\/\/prismagamers.com\/hu\/wp-json\/wp\/v2\/product\/38605","targetHints":{"allow":["GET"]}}],"collection":[{"href":"https:\/\/prismagamers.com\/hu\/wp-json\/wp\/v2\/product"}],"about":[{"href":"https:\/\/prismagamers.com\/hu\/wp-json\/wp\/v2\/types\/product"}],"wp:featuredmedia":[{"embeddable":true,"href":"https:\/\/prismagamers.com\/hu\/wp-json\/wp\/v2\/media\/25190"}],"wp:attachment":[{"href":"https:\/\/prismagamers.com\/hu\/wp-json\/wp\/v2\/media?parent=38605"}],"wp:term":[{"taxonomy":"product_brand","embeddable":true,"href":"https:\/\/prismagamers.com\/hu\/wp-json\/wp\/v2\/product_brand?post=38605"},{"taxonomy":"product_cat","embeddable":true,"href":"https:\/\/prismagamers.com\/hu\/wp-json\/wp\/v2\/product_cat?post=38605"},{"taxonomy":"product_tag","embeddable":true,"href":"https:\/\/prismagamers.com\/hu\/wp-json\/wp\/v2\/product_tag?post=38605"}],"curies":[{"name":"wp","href":"https:\/\/api.w.org\/{rel}","templated":true}]}}