{"id":38614,"date":"2023-10-27T16:44:30","date_gmt":"2023-10-27T14:44:30","guid":{"rendered":"https:\/\/prismagamers.com\/produkt\/turbulencia\/"},"modified":"2025-08-23T00:11:30","modified_gmt":"2025-08-22T22:11:30","slug":"turbulencia","status":"publish","type":"product","link":"https:\/\/prismagamers.com\/hu\/produkt\/turbulencia\/","title":{"rendered":"Turmoil"},"content":{"rendered":"<p>A Turmoil egy vizu\u00e1lisan mag\u00e1val ragad\u00f3, nyelves szimul\u00e1ci\u00f3s j\u00e1t\u00e9kot k\u00edn\u00e1l a j\u00e1t\u00e9kosoknak, amelyet a 19. sz\u00e1zadi \u00e9szak-amerikai olajl\u00e1z ihletett. Kapj \u00edzel\u00edt\u0151t a versenyb\u0151l \u00e9s a kor l\u00e1z\u00e1b\u00f3l, mik\u00f6zben p\u00e9nzt keresel, hogy sikeres v\u00e1llalkoz\u00f3v\u00e1 v\u00e1lj. Mik\u00f6zben az olaj kitermel\u00e9s\u00e9vel \u00e9s elad\u00e1s\u00e1val p\u00e9nzt keresel, a v\u00e1ros veled egy\u00fctt n\u00f6vekszik.  <\/p>\n<p>B\u00e9reljen f\u00f6ldet egy \u00e1rver\u00e9sen a telep\u00fcl\u00e9sen, \u00e9s keressen olajat. \u00c9p\u00edtsen egy olajkutat, hozzon l\u00e9tre egy cs\u0151vezet\u00e9k-h\u00e1l\u00f3zatot \u00e9s termelje ki az olajat, hogy azt tart\u00e1lyokban t\u00e1rolja. Adja el az olajat a legjobb id\u0151pontban, hogy maximaliz\u00e1lja a nyeres\u00e9g\u00e9t. Ezut\u00e1n v\u00e1s\u00e1rolja meg a sz\u00fcks\u00e9ges fejleszt\u00e9seket a telep\u00fcl\u00e9sen, hogy kezelni tudja a k\u0151zeteket, a g\u00e1zt \u00e9s a jeget. Szerezz t\u00f6bb telep\u00fcl\u00e9sr\u00e9szv\u00e9nyt, mint a riv\u00e1lisaid, hogy te lehess az \u00faj polg\u00e1rmester.    <\/p>\n<p><img decoding=\"async\" src=\"https:\/\/cdn.akamai.steamstatic.com\/steam\/apps\/361280\/extras\/everyonewalking_v4_still.png?t=1676993558\"><\/p>\n<p>&#8211; Egy kamp\u00e1ny, amelyben a semmib\u0151l \u00e9p\u00edtheted olajb\u00e1r\u00f3k\u00e9nt a karrieredet, \u00e9s levad\u00e1szhatod a riv\u00e1lisaidat.<br \/>\n&#8211; T\u00f6bb tucatnyi fejleszt\u00e9s \u00e9s \u00faj eszk\u00f6z az olajkitermel\u00e9si m\u0171veletek jav\u00edt\u00e1s\u00e1ra.<br \/>\n&#8211; Tal\u00e1lkozz a v\u00e1ros lak\u00f3ival a kocsm\u00e1ban, \u00e9s csin\u00e1lj vel\u00fck cs\u00ednytev\u00e9seket.<br \/>\n&#8211; J\u00e1tssz egyj\u00e1t\u00e9kos m\u00f3dban, hogy bel\u00e9pj a sz\u00f3 szerint milli\u00f3nyi procedur\u00e1lisan gener\u00e1lt szint egyik\u00e9re, \u00e9s keress annyit, amennyit csak tudsz egy \u00e9v alatt.<br \/>\n&#8211; Steam eredm\u00e9nyek, jelv\u00e9nyek, gy\u0171jt\u0151k\u00e1rty\u00e1k \u00e9s felh\u0151ment\u00e9s.<br \/>\n&#8211; B\u00e9reljen f\u00f6ldter\u00fcletet a telep\u00fcl\u00e9sen egy \u00e1rver\u00e9sen, \u00e9s keressen olajat r\u00e1di\u00f3k\u00e9sz\u00fcl\u00e9kkel, vakonddal vagy szkennerrel.<br \/>\n&#8211; A nyeres\u00e9g maximaliz\u00e1l\u00e1sa a f\u00f6ldg\u00e1z felhaszn\u00e1l\u00e1s\u00e1val az olaj\u00e1rak felhajt\u00e1s\u00e1ra.<br \/>\n&#8211; T\u00fallicit\u00e1lni a riv\u00e1lisokat egy \u00e9rt\u00e9kpap\u00edr-aukci\u00f3n.<\/p>\n","protected":false},"excerpt":{"rendered":"<p class=\"ai-optimize-28\">Olajkitermel\u00e9s, mintha 1899-ben lenn\u00e9nk! A Turmoil egy b\u00e1jos szimul\u00e1tor, amelyet a 19. sz\u00e1zadi amerikai olajl\u00e1z id\u0151szak\u00e1b\u00f3l inspir\u00e1l\u00f3dva, egy kis csavarral hoztak l\u00e9tre. <\/p>\n<p class=\"ai-optimize-29\">\ud83c\udf0d Glob\u00e1lis<br \/>\n\u2699\ufe0f Steam<br \/>\n\ud83d\udddd Digit\u00e1lis kulcs<\/p>\n","protected":false},"featured_media":26833,"template":"","meta":{"_acf_changed":false,"site-sidebar-layout":"default","site-content-layout":"","ast-site-content-layout":"default","site-content-style":"default","site-sidebar-style":"default","ast-global-header-display":"","ast-banner-title-visibility":"","ast-main-header-display":"","ast-hfb-above-header-display":"","ast-hfb-below-header-display":"","ast-hfb-mobile-header-display":"","site-post-title":"","ast-breadcrumbs-content":"","ast-featured-img":"","footer-sml-layout":"","ast-disable-related-posts":"","theme-transparent-header-meta":"default","adv-header-id-meta":"","stick-header-meta":"","header-above-stick-meta":"","header-main-stick-meta":"","header-below-stick-meta":"","astra-migrate-meta-layouts":"default","ast-page-background-enabled":"default","ast-page-background-meta":{"desktop":{"background-color":"var(--ast-global-color-4)","background-image":"","background-repeat":"repeat","background-position":"center center","background-size":"auto","background-attachment":"scroll","background-type":"","background-media":"","overlay-type":"","overlay-color":"","overlay-opacity":"","overlay-gradient":""},"tablet":{"background-color":"","background-image":"","background-repeat":"repeat","background-position":"center center","background-size":"auto","background-attachment":"scroll","background-type":"","background-media":"","overlay-type":"","overlay-color":"","overlay-opacity":"","overlay-gradient":""},"mobile":{"background-color":"","background-image":"","background-repeat":"repeat","background-position":"center center","background-size":"auto","background-attachment":"scroll","background-type":"","background-media":"","overlay-type":"","overlay-color":"","overlay-opacity":"","overlay-gradient":""}},"ast-content-background-meta":{"desktop":{"background-color":"var(--ast-global-color-5)","background-image":"","background-repeat":"repeat","background-position":"center center","background-size":"auto","background-attachment":"scroll","background-type":"","background-media":"","overlay-type":"","overlay-color":"","overlay-opacity":"","overlay-gradient":""},"tablet":{"background-color":"var(--ast-global-color-5)","background-image":"","background-repeat":"repeat","background-position":"center center","background-size":"auto","background-attachment":"scroll","background-type":"","background-media":"","overlay-type":"","overlay-color":"","overlay-opacity":"","overlay-gradient":""},"mobile":{"background-color":"var(--ast-global-color-5)","background-image":"","background-repeat":"repeat","background-position":"center center","background-size":"auto","background-attachment":"scroll","background-type":"","background-media":"","overlay-type":"","overlay-color":"","overlay-opacity":"","overlay-gradient":""}}},"product_brand":[],"product_cat":[455,365,372,386],"product_tag":[],"class_list":{"0":"post-38614","1":"product","2":"type-product","3":"status-publish","4":"has-post-thumbnail","6":"product_cat-gamious-hu","7":"product_cat-goz","8":"product_cat-jatekok-szimulatorok","9":"product_cat-strategiai-jatekok","10":"desktop-align-left","11":"tablet-align-left","12":"mobile-align-left","14":"first","15":"instock","16":"virtual","17":"purchasable","18":"product-type-simple"},"acf":[],"yoast_head":"<!-- This site is optimized with the Yoast SEO Premium plugin v27.4 (Yoast SEO v27.4) - https:\/\/yoast.com\/product\/yoast-seo-premium-wordpress\/ -->\n<title>Turmoil - Prismagamers.com<\/title>\n<meta name=\"description\" content=\"Olajkitermel\u00e9s, mintha 1899-ben lenn\u00e9nk! A Turmoil egy b\u00e1jos szimul\u00e1tor, amelyet a 19. sz\u00e1zadi amerikai olajl\u00e1z id\u0151szak\u00e1b\u00f3l inspir\u00e1l\u00f3dva, egy kis csavarral hoztak l\u00e9tre. \ud83c\udf0d Glob\u00e1lis \u2699\ufe0f Steam \ud83d\udddd Digit\u00e1lis kulcs\" \/>\n<meta name=\"robots\" content=\"index, follow, max-snippet:-1, max-image-preview:large, max-video-preview:-1\" \/>\n<link rel=\"canonical\" href=\"https:\/\/prismagamers.com\/hu\/produkt\/turbulencia\/\" \/>\n<meta property=\"og:locale\" content=\"hu_HU\" \/>\n<meta property=\"og:type\" content=\"article\" \/>\n<meta property=\"og:title\" content=\"Turmoil\" \/>\n<meta property=\"og:description\" content=\"Olajkitermel\u00e9s, mintha 1899-ben lenn\u00e9nk! A Turmoil egy b\u00e1jos szimul\u00e1tor, amelyet a 19. sz\u00e1zadi amerikai olajl\u00e1z id\u0151szak\u00e1b\u00f3l inspir\u00e1l\u00f3dva, egy kis csavarral hoztak l\u00e9tre. \ud83c\udf0d Glob\u00e1lis \u2699\ufe0f Steam \ud83d\udddd Digit\u00e1lis kulcs\" \/>\n<meta property=\"og:url\" content=\"https:\/\/prismagamers.com\/hu\/produkt\/turbulencia\/\" \/>\n<meta property=\"og:site_name\" content=\"Prismagamers.com\" \/>\n<meta property=\"article:publisher\" content=\"https:\/\/www.facebook.com\/prismagamers\" \/>\n<meta property=\"article:modified_time\" content=\"2025-08-22T22:11:30+00:00\" \/>\n<meta property=\"og:image\" content=\"https:\/\/prismagamers.com\/wp-content\/uploads\/2023\/10\/library_600x900-3.jpg\" \/>\n\t<meta property=\"og:image:width\" content=\"300\" \/>\n\t<meta property=\"og:image:height\" content=\"450\" \/>\n\t<meta property=\"og:image:type\" content=\"image\/jpeg\" \/>\n<meta name=\"twitter:card\" content=\"summary_large_image\" \/>\n<meta name=\"twitter:label1\" content=\"Becs\u00fclt olvas\u00e1si id\u0151\" \/>\n\t<meta name=\"twitter:data1\" content=\"2 perc\" \/>\n<script type=\"application\/ld+json\" class=\"yoast-schema-graph\">{\"@context\":\"https:\\\/\\\/schema.org\",\"@graph\":[{\"@type\":\"WebPage\",\"@id\":\"https:\\\/\\\/prismagamers.com\\\/hu\\\/produkt\\\/turbulencia\\\/\",\"url\":\"https:\\\/\\\/prismagamers.com\\\/hu\\\/produkt\\\/turbulencia\\\/\",\"name\":\"Turmoil - Prismagamers.com\",\"isPartOf\":{\"@id\":\"https:\\\/\\\/prismagamers.com\\\/hu\\\/#website\"},\"primaryImageOfPage\":{\"@id\":\"https:\\\/\\\/prismagamers.com\\\/hu\\\/produkt\\\/turbulencia\\\/#primaryimage\"},\"image\":{\"@id\":\"https:\\\/\\\/prismagamers.com\\\/hu\\\/produkt\\\/turbulencia\\\/#primaryimage\"},\"thumbnailUrl\":\"https:\\\/\\\/prismagamers.com\\\/wp-content\\\/uploads\\\/2023\\\/10\\\/library_600x900-3.jpg\",\"datePublished\":\"2023-10-27T14:44:30+00:00\",\"dateModified\":\"2025-08-22T22:11:30+00:00\",\"description\":\"Olajkitermel\u00e9s, mintha 1899-ben lenn\u00e9nk! A Turmoil egy b\u00e1jos szimul\u00e1tor, amelyet a 19. sz\u00e1zadi amerikai olajl\u00e1z id\u0151szak\u00e1b\u00f3l inspir\u00e1l\u00f3dva, egy kis csavarral hoztak l\u00e9tre. \ud83c\udf0d Glob\u00e1lis \u2699\ufe0f Steam \ud83d\udddd Digit\u00e1lis kulcs\",\"breadcrumb\":{\"@id\":\"https:\\\/\\\/prismagamers.com\\\/hu\\\/produkt\\\/turbulencia\\\/#breadcrumb\"},\"inLanguage\":\"hu\",\"potentialAction\":[{\"@type\":\"ReadAction\",\"target\":[\"https:\\\/\\\/prismagamers.com\\\/hu\\\/produkt\\\/turbulencia\\\/\"]}]},{\"@type\":\"ImageObject\",\"inLanguage\":\"hu\",\"@id\":\"https:\\\/\\\/prismagamers.com\\\/hu\\\/produkt\\\/turbulencia\\\/#primaryimage\",\"url\":\"https:\\\/\\\/prismagamers.com\\\/wp-content\\\/uploads\\\/2023\\\/10\\\/library_600x900-3.jpg\",\"contentUrl\":\"https:\\\/\\\/prismagamers.com\\\/wp-content\\\/uploads\\\/2023\\\/10\\\/library_600x900-3.jpg\",\"width\":300,\"height\":450},{\"@type\":\"BreadcrumbList\",\"@id\":\"https:\\\/\\\/prismagamers.com\\\/hu\\\/produkt\\\/turbulencia\\\/#breadcrumb\",\"itemListElement\":[{\"@type\":\"ListItem\",\"position\":1,\"name\":\"Strona g\u0142\u00f3wna\",\"item\":\"https:\\\/\\\/prismagamers.com\\\/hu\\\/prismagamers\\\/\"},{\"@type\":\"ListItem\",\"position\":2,\"name\":\"Shop\",\"item\":\"https:\\\/\\\/prismagamers.com\\\/hu\\\/shop\\\/\"},{\"@type\":\"ListItem\",\"position\":3,\"name\":\"Turmoil\"}]},{\"@type\":\"WebSite\",\"@id\":\"https:\\\/\\\/prismagamers.com\\\/hu\\\/#website\",\"url\":\"https:\\\/\\\/prismagamers.com\\\/hu\\\/\",\"name\":\"Prismagamers\",\"description\":\"Sklep z grami PC I Sklep klucze Steam\",\"publisher\":{\"@id\":\"https:\\\/\\\/prismagamers.com\\\/hu\\\/#organization\"},\"potentialAction\":[{\"@type\":\"SearchAction\",\"target\":{\"@type\":\"EntryPoint\",\"urlTemplate\":\"https:\\\/\\\/prismagamers.com\\\/hu\\\/?s={search_term_string}\"},\"query-input\":{\"@type\":\"PropertyValueSpecification\",\"valueRequired\":true,\"valueName\":\"search_term_string\"}}],\"inLanguage\":\"hu\"},{\"@type\":\"Organization\",\"@id\":\"https:\\\/\\\/prismagamers.com\\\/hu\\\/#organization\",\"name\":\"Prismagamers\",\"url\":\"https:\\\/\\\/prismagamers.com\\\/hu\\\/\",\"logo\":{\"@type\":\"ImageObject\",\"inLanguage\":\"hu\",\"@id\":\"https:\\\/\\\/prismagamers.com\\\/hu\\\/#\\\/schema\\\/logo\\\/image\\\/\",\"url\":\"https:\\\/\\\/prismagamers.com\\\/wp-content\\\/uploads\\\/2022\\\/04\\\/cropped-logo-Prismagamers-01-scaled-1.jpg\",\"contentUrl\":\"https:\\\/\\\/prismagamers.com\\\/wp-content\\\/uploads\\\/2022\\\/04\\\/cropped-logo-Prismagamers-01-scaled-1.jpg\",\"width\":512,\"height\":512,\"caption\":\"Prismagamers\"},\"image\":{\"@id\":\"https:\\\/\\\/prismagamers.com\\\/hu\\\/#\\\/schema\\\/logo\\\/image\\\/\"},\"sameAs\":[\"https:\\\/\\\/www.facebook.com\\\/prismagamers\",\"https:\\\/\\\/www.instagram.com\\\/prismagamers_grycyfrowe\\\/\"],\"description\":\"Prismagamers.com to dynamiczny sklep z grami cyfrowymi, stworzony z my\u015bl\u0105 o entuzjastach gier wideo. Nasza strona oferuje szerok\u0105 gam\u0119 gier komputerowych, w tym najnowsze tytu\u0142y, dobrze znane klasyki oraz gry stworzone przez niezale\u017cne studia Ca\u0142y czas d\u0105\u017cymy do rozszerzenia naszej oferty. Do\u0142\u0105cz do nas i sta\u0144 si\u0119 cz\u0119\u015bci\u0105 naszej rosn\u0105cej spo\u0142eczno\u015bci graczy!\",\"email\":\"shop@prismagamers.com\",\"telephone\":\"48795541705\",\"legalName\":\"East Caravan Maksym \u017bukow\",\"foundingDate\":\"2012-05-10\",\"vatID\":\"PL8943038612\",\"taxID\":\"PL8943038612\",\"numberOfEmployees\":{\"@type\":\"QuantitativeValue\",\"minValue\":\"11\",\"maxValue\":\"50\"}}]}<\/script>\n<!-- \/ Yoast SEO Premium plugin. -->","yoast_head_json":{"title":"Turmoil - Prismagamers.com","description":"Olajkitermel\u00e9s, mintha 1899-ben lenn\u00e9nk! A Turmoil egy b\u00e1jos szimul\u00e1tor, amelyet a 19. sz\u00e1zadi amerikai olajl\u00e1z id\u0151szak\u00e1b\u00f3l inspir\u00e1l\u00f3dva, egy kis csavarral hoztak l\u00e9tre. \ud83c\udf0d Glob\u00e1lis \u2699\ufe0f Steam \ud83d\udddd Digit\u00e1lis kulcs","robots":{"index":"index","follow":"follow","max-snippet":"max-snippet:-1","max-image-preview":"max-image-preview:large","max-video-preview":"max-video-preview:-1"},"canonical":"https:\/\/prismagamers.com\/hu\/produkt\/turbulencia\/","og_locale":"hu_HU","og_type":"article","og_title":"Turmoil","og_description":"Olajkitermel\u00e9s, mintha 1899-ben lenn\u00e9nk! A Turmoil egy b\u00e1jos szimul\u00e1tor, amelyet a 19. sz\u00e1zadi amerikai olajl\u00e1z id\u0151szak\u00e1b\u00f3l inspir\u00e1l\u00f3dva, egy kis csavarral hoztak l\u00e9tre. \ud83c\udf0d Glob\u00e1lis \u2699\ufe0f Steam \ud83d\udddd Digit\u00e1lis kulcs","og_url":"https:\/\/prismagamers.com\/hu\/produkt\/turbulencia\/","og_site_name":"Prismagamers.com","article_publisher":"https:\/\/www.facebook.com\/prismagamers","article_modified_time":"2025-08-22T22:11:30+00:00","og_image":[{"width":300,"height":450,"url":"https:\/\/prismagamers.com\/wp-content\/uploads\/2023\/10\/library_600x900-3.jpg","type":"image\/jpeg"}],"twitter_card":"summary_large_image","twitter_misc":{"Becs\u00fclt olvas\u00e1si id\u0151":"2 perc"},"schema":{"@context":"https:\/\/schema.org","@graph":[{"@type":"WebPage","@id":"https:\/\/prismagamers.com\/hu\/produkt\/turbulencia\/","url":"https:\/\/prismagamers.com\/hu\/produkt\/turbulencia\/","name":"Turmoil - Prismagamers.com","isPartOf":{"@id":"https:\/\/prismagamers.com\/hu\/#website"},"primaryImageOfPage":{"@id":"https:\/\/prismagamers.com\/hu\/produkt\/turbulencia\/#primaryimage"},"image":{"@id":"https:\/\/prismagamers.com\/hu\/produkt\/turbulencia\/#primaryimage"},"thumbnailUrl":"https:\/\/prismagamers.com\/wp-content\/uploads\/2023\/10\/library_600x900-3.jpg","datePublished":"2023-10-27T14:44:30+00:00","dateModified":"2025-08-22T22:11:30+00:00","description":"Olajkitermel\u00e9s, mintha 1899-ben lenn\u00e9nk! A Turmoil egy b\u00e1jos szimul\u00e1tor, amelyet a 19. sz\u00e1zadi amerikai olajl\u00e1z id\u0151szak\u00e1b\u00f3l inspir\u00e1l\u00f3dva, egy kis csavarral hoztak l\u00e9tre. \ud83c\udf0d Glob\u00e1lis \u2699\ufe0f Steam \ud83d\udddd Digit\u00e1lis kulcs","breadcrumb":{"@id":"https:\/\/prismagamers.com\/hu\/produkt\/turbulencia\/#breadcrumb"},"inLanguage":"hu","potentialAction":[{"@type":"ReadAction","target":["https:\/\/prismagamers.com\/hu\/produkt\/turbulencia\/"]}]},{"@type":"ImageObject","inLanguage":"hu","@id":"https:\/\/prismagamers.com\/hu\/produkt\/turbulencia\/#primaryimage","url":"https:\/\/prismagamers.com\/wp-content\/uploads\/2023\/10\/library_600x900-3.jpg","contentUrl":"https:\/\/prismagamers.com\/wp-content\/uploads\/2023\/10\/library_600x900-3.jpg","width":300,"height":450},{"@type":"BreadcrumbList","@id":"https:\/\/prismagamers.com\/hu\/produkt\/turbulencia\/#breadcrumb","itemListElement":[{"@type":"ListItem","position":1,"name":"Strona g\u0142\u00f3wna","item":"https:\/\/prismagamers.com\/hu\/prismagamers\/"},{"@type":"ListItem","position":2,"name":"Shop","item":"https:\/\/prismagamers.com\/hu\/shop\/"},{"@type":"ListItem","position":3,"name":"Turmoil"}]},{"@type":"WebSite","@id":"https:\/\/prismagamers.com\/hu\/#website","url":"https:\/\/prismagamers.com\/hu\/","name":"Prismagamers","description":"Sklep z grami PC I Sklep klucze Steam","publisher":{"@id":"https:\/\/prismagamers.com\/hu\/#organization"},"potentialAction":[{"@type":"SearchAction","target":{"@type":"EntryPoint","urlTemplate":"https:\/\/prismagamers.com\/hu\/?s={search_term_string}"},"query-input":{"@type":"PropertyValueSpecification","valueRequired":true,"valueName":"search_term_string"}}],"inLanguage":"hu"},{"@type":"Organization","@id":"https:\/\/prismagamers.com\/hu\/#organization","name":"Prismagamers","url":"https:\/\/prismagamers.com\/hu\/","logo":{"@type":"ImageObject","inLanguage":"hu","@id":"https:\/\/prismagamers.com\/hu\/#\/schema\/logo\/image\/","url":"https:\/\/prismagamers.com\/wp-content\/uploads\/2022\/04\/cropped-logo-Prismagamers-01-scaled-1.jpg","contentUrl":"https:\/\/prismagamers.com\/wp-content\/uploads\/2022\/04\/cropped-logo-Prismagamers-01-scaled-1.jpg","width":512,"height":512,"caption":"Prismagamers"},"image":{"@id":"https:\/\/prismagamers.com\/hu\/#\/schema\/logo\/image\/"},"sameAs":["https:\/\/www.facebook.com\/prismagamers","https:\/\/www.instagram.com\/prismagamers_grycyfrowe\/"],"description":"Prismagamers.com to dynamiczny sklep z grami cyfrowymi, stworzony z my\u015bl\u0105 o entuzjastach gier wideo. Nasza strona oferuje szerok\u0105 gam\u0119 gier komputerowych, w tym najnowsze tytu\u0142y, dobrze znane klasyki oraz gry stworzone przez niezale\u017cne studia Ca\u0142y czas d\u0105\u017cymy do rozszerzenia naszej oferty. Do\u0142\u0105cz do nas i sta\u0144 si\u0119 cz\u0119\u015bci\u0105 naszej rosn\u0105cej spo\u0142eczno\u015bci graczy!","email":"shop@prismagamers.com","telephone":"48795541705","legalName":"East Caravan Maksym \u017bukow","foundingDate":"2012-05-10","vatID":"PL8943038612","taxID":"PL8943038612","numberOfEmployees":{"@type":"QuantitativeValue","minValue":"11","maxValue":"50"}}]}},"_links":{"self":[{"href":"https:\/\/prismagamers.com\/hu\/wp-json\/wp\/v2\/product\/38614","targetHints":{"allow":["GET"]}}],"collection":[{"href":"https:\/\/prismagamers.com\/hu\/wp-json\/wp\/v2\/product"}],"about":[{"href":"https:\/\/prismagamers.com\/hu\/wp-json\/wp\/v2\/types\/product"}],"wp:featuredmedia":[{"embeddable":true,"href":"https:\/\/prismagamers.com\/hu\/wp-json\/wp\/v2\/media\/26833"}],"wp:attachment":[{"href":"https:\/\/prismagamers.com\/hu\/wp-json\/wp\/v2\/media?parent=38614"}],"wp:term":[{"taxonomy":"product_brand","embeddable":true,"href":"https:\/\/prismagamers.com\/hu\/wp-json\/wp\/v2\/product_brand?post=38614"},{"taxonomy":"product_cat","embeddable":true,"href":"https:\/\/prismagamers.com\/hu\/wp-json\/wp\/v2\/product_cat?post=38614"},{"taxonomy":"product_tag","embeddable":true,"href":"https:\/\/prismagamers.com\/hu\/wp-json\/wp\/v2\/product_tag?post=38614"}],"curies":[{"name":"wp","href":"https:\/\/api.w.org\/{rel}","templated":true}]}}