{"id":38615,"date":"2023-10-27T16:49:48","date_gmt":"2023-10-27T14:49:48","guid":{"rendered":"https:\/\/prismagamers.com\/produkt\/turmoil-a-hoseg-van\/"},"modified":"2025-12-01T00:15:22","modified_gmt":"2025-11-30T23:15:22","slug":"turmoil-a-hoseg-van","status":"publish","type":"product","link":"https:\/\/prismagamers.com\/hu\/produkt\/turmoil-a-hoseg-van\/","title":{"rendered":"Turmoil &#8211; The Heat Is On"},"content":{"rendered":"<p><strong>A kieg\u00e9sz\u00edt\u00e9s tartalmazza:<\/strong><\/p>\n<p>&#8211; Egy \u00faj v\u00e1ros (\u00e9s polg\u00e1rmester!) \u00e9s egy \u00faj, olajban gazdag t\u00e9rk\u00e9p, h\u00e1rom ter\u00fcletre osztva.<br \/>\n&#8211; Minden ter\u00fcleten \u00faj f\u00far\u00e1si mechanizmusokat vezetnek be, amelyeket egy f\u00f6ldalatti anyag, a magma t\u00e1pl\u00e1l.<br \/>\n&#8211; N\u00e9h\u00e1ny ismer\u0151s arc is megjelenik: Edward, Fred \u00e9s William. \u0150k a vagonokban tartj\u00e1k port\u00e9k\u00e1ikat, \u00edgy pillanatok alatt felt\u00f6ltheted a kedvenc f\u00far\u00f3eszk\u00f6zeidet.<br \/>\n&#8211; Vannak \u00faj szerepl\u0151k is, mint p\u00e9ld\u00e1ul Philip, aki egy k\u00e9tes k\u00e1rtyaj\u00e1t\u00e9kot folytat a kocsm\u00e1ban.<br \/>\n&#8211; Jack szint\u00e9n \u00faj szerepl\u0151, aki a magma szersz\u00e1mszervizt vezeti a f\u00e9szer\u00e9b\u0151l, \u00e9s szereti a csirk\u00e9t.<br \/>\n&#8211; Anthony szint\u00e9n visszat\u00e9r\u0151 szerepl\u0151. Ahelyett, hogy gy\u00e9m\u00e1ntokkal kereskedne, most saj\u00e1t boltja van, ahol mindenf\u00e9le f\u00f6ldalatti kincseket v\u00e1s\u00e1rolhatsz.<br \/>\n&#8211; Az \u00faj polg\u00e1rmester nem olyan, mint a r\u00e9gi. A borraval\u00f3ja ingyenes, \u00e9s m\u00e1s \u00e1rver\u00e9si rendszert haszn\u00e1l. De a r\u00e9szv\u00e9nyek m\u00e9g mindig p\u00e9nzbe ker\u00fclnek!<br \/>\n&#8211; Egy macska is k\u00f3sz\u00e1l a faluban! De semmi k\u00fcl\u00f6n\u00f6set nem csin\u00e1l, elv\u00e9gre mit is v\u00e1rhatsz ezekt\u0151l a l\u00e9nyekt\u0151l?<br \/>\n&#8211; \u00c9s v\u00e9g\u00fcl: n\u00e9h\u00e1ny vadonat\u00faj zene!<\/p>\n<p><strong>Evol\u00faci\u00f3<\/strong><br \/>\nA The Heat Is On tartalm\u00e1nak egy r\u00e9sze a Turmoil \u00e9lm\u00e9nyein alapul. \u00c9szrevett\u00fck, hogy nem minden j\u00e1t\u00e9kos haszn\u00e1lja ki a f\u00f6ldg\u00e1zban rejl\u0151 teljes potenci\u00e1lt. Ez\u00e9rt cs\u00f6kkentett\u00fck a g\u00e1z haszn\u00e1lat\u00e1nak bel\u00e9p\u00e9si szintj\u00e9t. A Left and Right Inc. a kezdetekt\u0151l fogva be\u00e9p\u00edtett g\u00e1zelv\u00e9teli k\u00e9pess\u00e9gekkel fog rendelkezni. Nincs sz\u00fcks\u00e9g t\u00f6bb\u00e9 dr\u00e1ga fejleszt\u00e9sekre, magas olaj\u00e1rakra mindenkinek! \u00d6sszess\u00e9g\u00e9ben a g\u00e1zkitermel\u00e9s sokkal egyszer\u0171bb\u00e9 v\u00e1lt. A tapasztalt j\u00e1t\u00e9kosoknak azonban nem kell att\u00f3l tartaniuk, hogy a j\u00e1t\u00e9k t\u00fal k\u00f6nny\u0171 lesz. A kitermel\u00e9ssel val\u00f3 j\u00e1t\u00e9k tov\u00e1bbra is arr\u00f3l sz\u00f3l, hogy id\u0151nyom\u00e1s alatt okos d\u00f6nt\u00e9seket hozzatok, k\u00fcl\u00f6n\u00f6sen az utols\u00f3 ter\u00fcleten!<br \/>\nA metaj\u00e1t\u00e9k ebben az \u00faj kamp\u00e1ny-DLC-ben t\u00f6bb m\u00e9lys\u00e9get k\u00edn\u00e1l. A gy\u00e9m\u00e1ntok helyett 9 f\u00f6ldalatti kincs \u00e1ll rendelkez\u00e9sre. Mindegyiket \u00f6sszegy\u0171jtve (kereskedelem \u00e9s b\u00e1ny\u00e1szat r\u00e9v\u00e9n) nagy el\u0151ny\u00f6kkel j\u00e1r. Ezen k\u00edv\u00fcl a faluban m\u00e9g t\u00f6bb mindent k\u00edn\u00e1lnak, p\u00e9ld\u00e1ul j\u00e1t\u00e9kk\u00e1rty\u00e1kat p\u00e9nz\u00e9rt.   <\/p>\n<p><strong>A kieg\u00e9sz\u00edt\u0151h\u00f6z a <a href=\"https:\/\/prismagamers.com\/hu\/produkt\/turbulencia\/\">Turmoil<\/a> alapverzi\u00f3ja sz\u00fcks\u00e9ges.<\/strong><\/p>\n","protected":false},"excerpt":{"rendered":"<p class=\"ai-optimize-28\">Turmoil &#8211; The Heat Is On egy \u00faj kamp\u00e1ny, melyben hatalmas mennyis\u00e9g\u0171 olajat kell kitermelni \u00e9s k\u00e9szp\u00e9nzre v\u00e1ltani! \u00dagy tervezt\u00e9k, hogy otthon \u00e9rezd magad, mik\u00f6zben sz\u00e1mos \u00faj mechanik\u00e1t \u00e9s sz\u00f3rakoztat\u00f3 funkci\u00f3t k\u00edn\u00e1l. <\/p>\n<p class=\"ai-optimize-29\">\ud83c\udf0d Glob\u00e1lis<br \/>\n\u2699\ufe0f Steam<br \/>\n\ud83d\udddd Digit\u00e1lis kulcs<\/p>\n","protected":false},"featured_media":26101,"template":"","meta":{"_acf_changed":false,"site-sidebar-layout":"default","site-content-layout":"","ast-site-content-layout":"default","site-content-style":"default","site-sidebar-style":"default","ast-global-header-display":"","ast-banner-title-visibility":"","ast-main-header-display":"","ast-hfb-above-header-display":"","ast-hfb-below-header-display":"","ast-hfb-mobile-header-display":"","site-post-title":"","ast-breadcrumbs-content":"","ast-featured-img":"","footer-sml-layout":"","ast-disable-related-posts":"","theme-transparent-header-meta":"default","adv-header-id-meta":"","stick-header-meta":"","header-above-stick-meta":"","header-main-stick-meta":"","header-below-stick-meta":"","astra-migrate-meta-layouts":"default","ast-page-background-enabled":"default","ast-page-background-meta":{"desktop":{"background-color":"var(--ast-global-color-4)","background-image":"","background-repeat":"repeat","background-position":"center center","background-size":"auto","background-attachment":"scroll","background-type":"","background-media":"","overlay-type":"","overlay-color":"","overlay-opacity":"","overlay-gradient":""},"tablet":{"background-color":"","background-image":"","background-repeat":"repeat","background-position":"center center","background-size":"auto","background-attachment":"scroll","background-type":"","background-media":"","overlay-type":"","overlay-color":"","overlay-opacity":"","overlay-gradient":""},"mobile":{"background-color":"","background-image":"","background-repeat":"repeat","background-position":"center center","background-size":"auto","background-attachment":"scroll","background-type":"","background-media":"","overlay-type":"","overlay-color":"","overlay-opacity":"","overlay-gradient":""}},"ast-content-background-meta":{"desktop":{"background-color":"var(--ast-global-color-5)","background-image":"","background-repeat":"repeat","background-position":"center center","background-size":"auto","background-attachment":"scroll","background-type":"","background-media":"","overlay-type":"","overlay-color":"","overlay-opacity":"","overlay-gradient":""},"tablet":{"background-color":"var(--ast-global-color-5)","background-image":"","background-repeat":"repeat","background-position":"center center","background-size":"auto","background-attachment":"scroll","background-type":"","background-media":"","overlay-type":"","overlay-color":"","overlay-opacity":"","overlay-gradient":""},"mobile":{"background-color":"var(--ast-global-color-5)","background-image":"","background-repeat":"repeat","background-position":"center center","background-size":"auto","background-attachment":"scroll","background-type":"","background-media":"","overlay-type":"","overlay-color":"","overlay-opacity":"","overlay-gradient":""}}},"product_brand":[],"product_cat":[394,368,455,365,372,378,386],"product_tag":[],"class_list":{"0":"post-38615","1":"product","2":"type-product","3":"status-publish","4":"has-post-thumbnail","6":"product_cat-digitalis-jatekok","7":"product_cat-dlc-hu","8":"product_cat-gamious-hu","9":"product_cat-goz","10":"product_cat-jatekok-szimulatorok","11":"product_cat-minden-digitalis-jatek","12":"product_cat-strategiai-jatekok","13":"desktop-align-left","14":"tablet-align-left","15":"mobile-align-left","17":"first","18":"instock","19":"shipping-taxable","20":"purchasable","21":"product-type-simple"},"acf":[],"yoast_head":"<!-- This site is optimized with the Yoast SEO Premium plugin v27.4 (Yoast SEO v27.4) - https:\/\/yoast.com\/product\/yoast-seo-premium-wordpress\/ -->\n<title>Turmoil - The Heat Is On - Prismagamers.com<\/title>\n<meta name=\"description\" content=\"Turmoil - The Heat Is On egy \u00faj kamp\u00e1ny, melyben hatalmas mennyis\u00e9g\u0171 olajat kell kitermelni \u00e9s k\u00e9szp\u00e9nzre v\u00e1ltani! \u00dagy tervezt\u00e9k, hogy otthon \u00e9rezd magad, mik\u00f6zben sz\u00e1mos \u00faj mechanik\u00e1t \u00e9s sz\u00f3rakoztat\u00f3 funkci\u00f3t k\u00edn\u00e1l. \ud83c\udf0d Glob\u00e1lis \u2699\ufe0f Steam \ud83d\udddd Digit\u00e1lis kulcs\" \/>\n<meta name=\"robots\" content=\"index, follow, max-snippet:-1, max-image-preview:large, max-video-preview:-1\" \/>\n<link rel=\"canonical\" href=\"https:\/\/prismagamers.com\/hu\/produkt\/turmoil-a-hoseg-van\/\" \/>\n<meta property=\"og:locale\" content=\"hu_HU\" \/>\n<meta property=\"og:type\" content=\"article\" \/>\n<meta property=\"og:title\" content=\"Turmoil - The Heat Is On\" \/>\n<meta property=\"og:description\" content=\"Turmoil - The Heat Is On egy \u00faj kamp\u00e1ny, melyben hatalmas mennyis\u00e9g\u0171 olajat kell kitermelni \u00e9s k\u00e9szp\u00e9nzre v\u00e1ltani! \u00dagy tervezt\u00e9k, hogy otthon \u00e9rezd magad, mik\u00f6zben sz\u00e1mos \u00faj mechanik\u00e1t \u00e9s sz\u00f3rakoztat\u00f3 funkci\u00f3t k\u00edn\u00e1l. \ud83c\udf0d Glob\u00e1lis \u2699\ufe0f Steam \ud83d\udddd Digit\u00e1lis kulcs\" \/>\n<meta property=\"og:url\" content=\"https:\/\/prismagamers.com\/hu\/produkt\/turmoil-a-hoseg-van\/\" \/>\n<meta property=\"og:site_name\" content=\"Prismagamers.com\" \/>\n<meta property=\"article:publisher\" content=\"https:\/\/www.facebook.com\/prismagamers\" \/>\n<meta property=\"article:modified_time\" content=\"2025-11-30T23:15:22+00:00\" \/>\n<meta property=\"og:image\" content=\"https:\/\/prismagamers.com\/wp-content\/uploads\/2023\/10\/BoxShot_Turmoil_DLC.png\" \/>\n\t<meta property=\"og:image:width\" content=\"660\" \/>\n\t<meta property=\"og:image:height\" content=\"930\" \/>\n\t<meta property=\"og:image:type\" content=\"image\/png\" \/>\n<meta name=\"twitter:card\" content=\"summary_large_image\" \/>\n<meta name=\"twitter:label1\" content=\"Becs\u00fclt olvas\u00e1si id\u0151\" \/>\n\t<meta name=\"twitter:data1\" content=\"2 perc\" \/>\n<script type=\"application\/ld+json\" class=\"yoast-schema-graph\">{\"@context\":\"https:\\\/\\\/schema.org\",\"@graph\":[{\"@type\":\"WebPage\",\"@id\":\"https:\\\/\\\/prismagamers.com\\\/hu\\\/produkt\\\/turmoil-a-hoseg-van\\\/\",\"url\":\"https:\\\/\\\/prismagamers.com\\\/hu\\\/produkt\\\/turmoil-a-hoseg-van\\\/\",\"name\":\"Turmoil - The Heat Is On - Prismagamers.com\",\"isPartOf\":{\"@id\":\"https:\\\/\\\/prismagamers.com\\\/hu\\\/#website\"},\"primaryImageOfPage\":{\"@id\":\"https:\\\/\\\/prismagamers.com\\\/hu\\\/produkt\\\/turmoil-a-hoseg-van\\\/#primaryimage\"},\"image\":{\"@id\":\"https:\\\/\\\/prismagamers.com\\\/hu\\\/produkt\\\/turmoil-a-hoseg-van\\\/#primaryimage\"},\"thumbnailUrl\":\"https:\\\/\\\/prismagamers.com\\\/wp-content\\\/uploads\\\/2023\\\/10\\\/BoxShot_Turmoil_DLC.png\",\"datePublished\":\"2023-10-27T14:49:48+00:00\",\"dateModified\":\"2025-11-30T23:15:22+00:00\",\"description\":\"Turmoil - The Heat Is On egy \u00faj kamp\u00e1ny, melyben hatalmas mennyis\u00e9g\u0171 olajat kell kitermelni \u00e9s k\u00e9szp\u00e9nzre v\u00e1ltani! \u00dagy tervezt\u00e9k, hogy otthon \u00e9rezd magad, mik\u00f6zben sz\u00e1mos \u00faj mechanik\u00e1t \u00e9s sz\u00f3rakoztat\u00f3 funkci\u00f3t k\u00edn\u00e1l. \ud83c\udf0d Glob\u00e1lis \u2699\ufe0f Steam \ud83d\udddd Digit\u00e1lis kulcs\",\"breadcrumb\":{\"@id\":\"https:\\\/\\\/prismagamers.com\\\/hu\\\/produkt\\\/turmoil-a-hoseg-van\\\/#breadcrumb\"},\"inLanguage\":\"hu\",\"potentialAction\":[{\"@type\":\"ReadAction\",\"target\":[\"https:\\\/\\\/prismagamers.com\\\/hu\\\/produkt\\\/turmoil-a-hoseg-van\\\/\"]}]},{\"@type\":\"ImageObject\",\"inLanguage\":\"hu\",\"@id\":\"https:\\\/\\\/prismagamers.com\\\/hu\\\/produkt\\\/turmoil-a-hoseg-van\\\/#primaryimage\",\"url\":\"https:\\\/\\\/prismagamers.com\\\/wp-content\\\/uploads\\\/2023\\\/10\\\/BoxShot_Turmoil_DLC.png\",\"contentUrl\":\"https:\\\/\\\/prismagamers.com\\\/wp-content\\\/uploads\\\/2023\\\/10\\\/BoxShot_Turmoil_DLC.png\",\"width\":660,\"height\":930},{\"@type\":\"BreadcrumbList\",\"@id\":\"https:\\\/\\\/prismagamers.com\\\/hu\\\/produkt\\\/turmoil-a-hoseg-van\\\/#breadcrumb\",\"itemListElement\":[{\"@type\":\"ListItem\",\"position\":1,\"name\":\"Strona g\u0142\u00f3wna\",\"item\":\"https:\\\/\\\/prismagamers.com\\\/hu\\\/prismagamers\\\/\"},{\"@type\":\"ListItem\",\"position\":2,\"name\":\"Shop\",\"item\":\"https:\\\/\\\/prismagamers.com\\\/hu\\\/shop\\\/\"},{\"@type\":\"ListItem\",\"position\":3,\"name\":\"Turmoil &#8211; The Heat Is On\"}]},{\"@type\":\"WebSite\",\"@id\":\"https:\\\/\\\/prismagamers.com\\\/hu\\\/#website\",\"url\":\"https:\\\/\\\/prismagamers.com\\\/hu\\\/\",\"name\":\"Prismagamers\",\"description\":\"Sklep z grami PC I Sklep klucze Steam\",\"publisher\":{\"@id\":\"https:\\\/\\\/prismagamers.com\\\/hu\\\/#organization\"},\"potentialAction\":[{\"@type\":\"SearchAction\",\"target\":{\"@type\":\"EntryPoint\",\"urlTemplate\":\"https:\\\/\\\/prismagamers.com\\\/hu\\\/?s={search_term_string}\"},\"query-input\":{\"@type\":\"PropertyValueSpecification\",\"valueRequired\":true,\"valueName\":\"search_term_string\"}}],\"inLanguage\":\"hu\"},{\"@type\":\"Organization\",\"@id\":\"https:\\\/\\\/prismagamers.com\\\/hu\\\/#organization\",\"name\":\"Prismagamers\",\"url\":\"https:\\\/\\\/prismagamers.com\\\/hu\\\/\",\"logo\":{\"@type\":\"ImageObject\",\"inLanguage\":\"hu\",\"@id\":\"https:\\\/\\\/prismagamers.com\\\/hu\\\/#\\\/schema\\\/logo\\\/image\\\/\",\"url\":\"https:\\\/\\\/prismagamers.com\\\/wp-content\\\/uploads\\\/2022\\\/04\\\/cropped-logo-Prismagamers-01-scaled-1.jpg\",\"contentUrl\":\"https:\\\/\\\/prismagamers.com\\\/wp-content\\\/uploads\\\/2022\\\/04\\\/cropped-logo-Prismagamers-01-scaled-1.jpg\",\"width\":512,\"height\":512,\"caption\":\"Prismagamers\"},\"image\":{\"@id\":\"https:\\\/\\\/prismagamers.com\\\/hu\\\/#\\\/schema\\\/logo\\\/image\\\/\"},\"sameAs\":[\"https:\\\/\\\/www.facebook.com\\\/prismagamers\",\"https:\\\/\\\/www.instagram.com\\\/prismagamers_grycyfrowe\\\/\"],\"description\":\"Prismagamers.com to dynamiczny sklep z grami cyfrowymi, stworzony z my\u015bl\u0105 o entuzjastach gier wideo. Nasza strona oferuje szerok\u0105 gam\u0119 gier komputerowych, w tym najnowsze tytu\u0142y, dobrze znane klasyki oraz gry stworzone przez niezale\u017cne studia Ca\u0142y czas d\u0105\u017cymy do rozszerzenia naszej oferty. Do\u0142\u0105cz do nas i sta\u0144 si\u0119 cz\u0119\u015bci\u0105 naszej rosn\u0105cej spo\u0142eczno\u015bci graczy!\",\"email\":\"shop@prismagamers.com\",\"telephone\":\"48795541705\",\"legalName\":\"East Caravan Maksym \u017bukow\",\"foundingDate\":\"2012-05-10\",\"vatID\":\"PL8943038612\",\"taxID\":\"PL8943038612\",\"numberOfEmployees\":{\"@type\":\"QuantitativeValue\",\"minValue\":\"11\",\"maxValue\":\"50\"}}]}<\/script>\n<!-- \/ Yoast SEO Premium plugin. -->","yoast_head_json":{"title":"Turmoil - The Heat Is On - Prismagamers.com","description":"Turmoil - The Heat Is On egy \u00faj kamp\u00e1ny, melyben hatalmas mennyis\u00e9g\u0171 olajat kell kitermelni \u00e9s k\u00e9szp\u00e9nzre v\u00e1ltani! \u00dagy tervezt\u00e9k, hogy otthon \u00e9rezd magad, mik\u00f6zben sz\u00e1mos \u00faj mechanik\u00e1t \u00e9s sz\u00f3rakoztat\u00f3 funkci\u00f3t k\u00edn\u00e1l. \ud83c\udf0d Glob\u00e1lis \u2699\ufe0f Steam \ud83d\udddd Digit\u00e1lis kulcs","robots":{"index":"index","follow":"follow","max-snippet":"max-snippet:-1","max-image-preview":"max-image-preview:large","max-video-preview":"max-video-preview:-1"},"canonical":"https:\/\/prismagamers.com\/hu\/produkt\/turmoil-a-hoseg-van\/","og_locale":"hu_HU","og_type":"article","og_title":"Turmoil - The Heat Is On","og_description":"Turmoil - The Heat Is On egy \u00faj kamp\u00e1ny, melyben hatalmas mennyis\u00e9g\u0171 olajat kell kitermelni \u00e9s k\u00e9szp\u00e9nzre v\u00e1ltani! \u00dagy tervezt\u00e9k, hogy otthon \u00e9rezd magad, mik\u00f6zben sz\u00e1mos \u00faj mechanik\u00e1t \u00e9s sz\u00f3rakoztat\u00f3 funkci\u00f3t k\u00edn\u00e1l. \ud83c\udf0d Glob\u00e1lis \u2699\ufe0f Steam \ud83d\udddd Digit\u00e1lis kulcs","og_url":"https:\/\/prismagamers.com\/hu\/produkt\/turmoil-a-hoseg-van\/","og_site_name":"Prismagamers.com","article_publisher":"https:\/\/www.facebook.com\/prismagamers","article_modified_time":"2025-11-30T23:15:22+00:00","og_image":[{"url":"https:\/\/prismagamers.com\/wp-content\/uploads\/2023\/10\/BoxShot_Turmoil_DLC.png","width":660,"height":930,"type":"image\/png"}],"twitter_card":"summary_large_image","twitter_misc":{"Becs\u00fclt olvas\u00e1si id\u0151":"2 perc"},"schema":{"@context":"https:\/\/schema.org","@graph":[{"@type":"WebPage","@id":"https:\/\/prismagamers.com\/hu\/produkt\/turmoil-a-hoseg-van\/","url":"https:\/\/prismagamers.com\/hu\/produkt\/turmoil-a-hoseg-van\/","name":"Turmoil - The Heat Is On - Prismagamers.com","isPartOf":{"@id":"https:\/\/prismagamers.com\/hu\/#website"},"primaryImageOfPage":{"@id":"https:\/\/prismagamers.com\/hu\/produkt\/turmoil-a-hoseg-van\/#primaryimage"},"image":{"@id":"https:\/\/prismagamers.com\/hu\/produkt\/turmoil-a-hoseg-van\/#primaryimage"},"thumbnailUrl":"https:\/\/prismagamers.com\/wp-content\/uploads\/2023\/10\/BoxShot_Turmoil_DLC.png","datePublished":"2023-10-27T14:49:48+00:00","dateModified":"2025-11-30T23:15:22+00:00","description":"Turmoil - The Heat Is On egy \u00faj kamp\u00e1ny, melyben hatalmas mennyis\u00e9g\u0171 olajat kell kitermelni \u00e9s k\u00e9szp\u00e9nzre v\u00e1ltani! \u00dagy tervezt\u00e9k, hogy otthon \u00e9rezd magad, mik\u00f6zben sz\u00e1mos \u00faj mechanik\u00e1t \u00e9s sz\u00f3rakoztat\u00f3 funkci\u00f3t k\u00edn\u00e1l. \ud83c\udf0d Glob\u00e1lis \u2699\ufe0f Steam \ud83d\udddd Digit\u00e1lis kulcs","breadcrumb":{"@id":"https:\/\/prismagamers.com\/hu\/produkt\/turmoil-a-hoseg-van\/#breadcrumb"},"inLanguage":"hu","potentialAction":[{"@type":"ReadAction","target":["https:\/\/prismagamers.com\/hu\/produkt\/turmoil-a-hoseg-van\/"]}]},{"@type":"ImageObject","inLanguage":"hu","@id":"https:\/\/prismagamers.com\/hu\/produkt\/turmoil-a-hoseg-van\/#primaryimage","url":"https:\/\/prismagamers.com\/wp-content\/uploads\/2023\/10\/BoxShot_Turmoil_DLC.png","contentUrl":"https:\/\/prismagamers.com\/wp-content\/uploads\/2023\/10\/BoxShot_Turmoil_DLC.png","width":660,"height":930},{"@type":"BreadcrumbList","@id":"https:\/\/prismagamers.com\/hu\/produkt\/turmoil-a-hoseg-van\/#breadcrumb","itemListElement":[{"@type":"ListItem","position":1,"name":"Strona g\u0142\u00f3wna","item":"https:\/\/prismagamers.com\/hu\/prismagamers\/"},{"@type":"ListItem","position":2,"name":"Shop","item":"https:\/\/prismagamers.com\/hu\/shop\/"},{"@type":"ListItem","position":3,"name":"Turmoil &#8211; The Heat Is On"}]},{"@type":"WebSite","@id":"https:\/\/prismagamers.com\/hu\/#website","url":"https:\/\/prismagamers.com\/hu\/","name":"Prismagamers","description":"Sklep z grami PC I Sklep klucze Steam","publisher":{"@id":"https:\/\/prismagamers.com\/hu\/#organization"},"potentialAction":[{"@type":"SearchAction","target":{"@type":"EntryPoint","urlTemplate":"https:\/\/prismagamers.com\/hu\/?s={search_term_string}"},"query-input":{"@type":"PropertyValueSpecification","valueRequired":true,"valueName":"search_term_string"}}],"inLanguage":"hu"},{"@type":"Organization","@id":"https:\/\/prismagamers.com\/hu\/#organization","name":"Prismagamers","url":"https:\/\/prismagamers.com\/hu\/","logo":{"@type":"ImageObject","inLanguage":"hu","@id":"https:\/\/prismagamers.com\/hu\/#\/schema\/logo\/image\/","url":"https:\/\/prismagamers.com\/wp-content\/uploads\/2022\/04\/cropped-logo-Prismagamers-01-scaled-1.jpg","contentUrl":"https:\/\/prismagamers.com\/wp-content\/uploads\/2022\/04\/cropped-logo-Prismagamers-01-scaled-1.jpg","width":512,"height":512,"caption":"Prismagamers"},"image":{"@id":"https:\/\/prismagamers.com\/hu\/#\/schema\/logo\/image\/"},"sameAs":["https:\/\/www.facebook.com\/prismagamers","https:\/\/www.instagram.com\/prismagamers_grycyfrowe\/"],"description":"Prismagamers.com to dynamiczny sklep z grami cyfrowymi, stworzony z my\u015bl\u0105 o entuzjastach gier wideo. Nasza strona oferuje szerok\u0105 gam\u0119 gier komputerowych, w tym najnowsze tytu\u0142y, dobrze znane klasyki oraz gry stworzone przez niezale\u017cne studia Ca\u0142y czas d\u0105\u017cymy do rozszerzenia naszej oferty. Do\u0142\u0105cz do nas i sta\u0144 si\u0119 cz\u0119\u015bci\u0105 naszej rosn\u0105cej spo\u0142eczno\u015bci graczy!","email":"shop@prismagamers.com","telephone":"48795541705","legalName":"East Caravan Maksym \u017bukow","foundingDate":"2012-05-10","vatID":"PL8943038612","taxID":"PL8943038612","numberOfEmployees":{"@type":"QuantitativeValue","minValue":"11","maxValue":"50"}}]}},"_links":{"self":[{"href":"https:\/\/prismagamers.com\/hu\/wp-json\/wp\/v2\/product\/38615","targetHints":{"allow":["GET"]}}],"collection":[{"href":"https:\/\/prismagamers.com\/hu\/wp-json\/wp\/v2\/product"}],"about":[{"href":"https:\/\/prismagamers.com\/hu\/wp-json\/wp\/v2\/types\/product"}],"wp:featuredmedia":[{"embeddable":true,"href":"https:\/\/prismagamers.com\/hu\/wp-json\/wp\/v2\/media\/26101"}],"wp:attachment":[{"href":"https:\/\/prismagamers.com\/hu\/wp-json\/wp\/v2\/media?parent=38615"}],"wp:term":[{"taxonomy":"product_brand","embeddable":true,"href":"https:\/\/prismagamers.com\/hu\/wp-json\/wp\/v2\/product_brand?post=38615"},{"taxonomy":"product_cat","embeddable":true,"href":"https:\/\/prismagamers.com\/hu\/wp-json\/wp\/v2\/product_cat?post=38615"},{"taxonomy":"product_tag","embeddable":true,"href":"https:\/\/prismagamers.com\/hu\/wp-json\/wp\/v2\/product_tag?post=38615"}],"curies":[{"name":"wp","href":"https:\/\/api.w.org\/{rel}","templated":true}]}}