{"id":38649,"date":"2024-12-25T18:26:10","date_gmt":"2024-12-25T17:26:10","guid":{"rendered":"https:\/\/prismagamers.com\/produkt\/farming-simulator-22-szivattyuk-es-tomlok-csomagja\/"},"modified":"2024-12-25T18:26:10","modified_gmt":"2024-12-25T17:26:10","slug":"farming-simulator-22-szivattyuk-es-tomlok-csomagja","status":"publish","type":"product","link":"https:\/\/prismagamers.com\/hu\/produkt\/farming-simulator-22-szivattyuk-es-tomlok-csomagja\/","title":{"rendered":"Farming Simulator 22 &#8211; Szivatty\u00fak \u00e9s t\u00f6ml\u0151k csomagja"},"content":{"rendered":"<p>N\u00f6velje gazdas\u00e1ga hat\u00e9konys\u00e1g\u00e1t \u00faj tr\u00e1gy\u00e1z\u00e1si rendszerekkel, tr\u00e1gyasz\u00e9tv\u00e1laszt\u00e1ssal \u00e9s testre szabhat\u00f3 biog\u00e1z\u00fczemekkel! A Farming Simulator 22 t\u00f6bb mint 30 \u00faj g\u00e9ppel, eszk\u00f6zzel \u00e9s \u00e9p\u00fclettel gazdag\u00edtja a j\u00e1t\u00e9kmenetet, amelyek olyan neves gy\u00e1rt\u00f3kt\u00f3l sz\u00e1rmaznak, mint a SCHOUTEN, a Stallkamp \u00e9s a BVL. <\/p>\n<h3>\u00daj funkci\u00f3k:<\/h3>\n<ul>\n<li><strong>K\u00f6ld\u00f6kzsin\u00f3rrendszerek<\/strong>: a neh\u00e9z tart\u00e1lyokat k\u00f6nny\u0171 t\u00f6ml\u0151kkel \u00e9s sz\u00f3r\u00f3kkal helyettes\u00edtheti, amelyek v\u00e9dik a talajt \u00e9s n\u00f6velik a termel\u00e9kenys\u00e9get. Csatlakoztasson t\u00f6bb sz\u00e1z m\u00e9teres t\u00f6ml\u0151ket, haszn\u00e1ljon mobil szivatty\u00faegys\u00e9geket, v\u00edztart\u00e1lyokat \u00e9s kompresszorokat a f\u00f6ldek egyszer\u0171 tr\u00e1gy\u00e1z\u00e1s\u00e1hoz. <\/li>\n<li><strong>A tr\u00e1gya elk\u00fcl\u00f6n\u00edt\u00e9se<\/strong>: A foly\u00e9kony \u00e9s szil\u00e1rd frakci\u00f3k sz\u00e9tv\u00e1laszt\u00e1sa szepar\u00e1torokkal, n\u00f6velve az er\u0151forr\u00e1s-hasznos\u00edt\u00e1si lehet\u0151s\u00e9geket. Haszn\u00e1lja a szil\u00e1rd frakci\u00f3t alomk\u00e9nt, tr\u00e1gyak\u00e9nt vagy nyeres\u00e9ggel \u00e9rt\u00e9kes\u00edtheti. <\/li>\n<li><strong>Konfigur\u00e1lhat\u00f3 biog\u00e1z\u00fczemek<\/strong>: A biog\u00e1z\u00fczemek szem\u00e9lyre szabhat\u00f3k olyan modulok hozz\u00e1ad\u00e1s\u00e1val, mint a bogr\u00e1csok, g\u00e1ztart\u00e1lyok vagy \u00e1ramfejleszt\u0151k. Szabja a rendszert az \u00d6n ig\u00e9nyeihez, \u00e9s n\u00f6velje a biog\u00e1ztermel\u00e9s hat\u00e9konys\u00e1g\u00e1t. <\/li>\n<\/ul>\n<p>Fedezze fel az er\u0151forr\u00e1sok kezel\u00e9s\u00e9nek \u00faj lehet\u0151s\u00e9geit, b\u0151v\u00edtse infrastrukt\u00far\u00e1j\u00e1t \u00e9s n\u00f6velje a termel\u00e9kenys\u00e9get a gazdas\u00e1g\u00e1ban!<\/p>\n","protected":false},"excerpt":{"rendered":"<p>A Farming Simulator 22 olyan \u00faj funkci\u00f3kat vezet be, amelyek jav\u00edtj\u00e1k a gazdas\u00e1gok ir\u00e1ny\u00edt\u00e1s\u00e1t:<\/p>\n<ul>\n<li><strong>K\u00e1beles rendszerek<\/strong>: modern megold\u00e1sok a sz\u00e1nt\u00f3f\u00f6ldi tr\u00e1gy\u00e1z\u00e1shoz k\u00f6nny\u0171 t\u00f6ml\u0151k \u00e9s mobil szivatty\u00faegys\u00e9gek haszn\u00e1lat\u00e1val.<\/li>\n<li><strong>A tr\u00e1gya elk\u00fcl\u00f6n\u00edt\u00e9se<\/strong>: A tr\u00e1gya foly\u00e9kony \u00e9s szil\u00e1rd frakci\u00f3inak sz\u00e9tv\u00e1laszt\u00e1sa, ami n\u00f6veli az er\u0151forr\u00e1sok hasznos\u00edt\u00e1s\u00e1t a gazdas\u00e1gban.<\/li>\n<li><strong>Konfigur\u00e1lhat\u00f3 biog\u00e1z\u00fczemek<\/strong>: A biog\u00e1z\u00fczem szem\u00e9lyre szabhat\u00f3 a biog\u00e1ztermel\u00e9s optimaliz\u00e1l\u00e1s\u00e1hoz sz\u00fcks\u00e9ges modulok hozz\u00e1ad\u00e1s\u00e1val.<\/li>\n<\/ul>\n<p>A neves gy\u00e1rt\u00f3k t\u00f6bb mint 30 \u00faj elem\u00e9vel \u00e9s technol\u00f3gi\u00e1j\u00e1val a j\u00e1t\u00e9kosok b\u0151v\u00edthetik farmjaikat \u00e9s n\u00f6velhetik a termel\u00e9s hat\u00e9konys\u00e1g\u00e1t.<\/p>\n<p>\ud83c\udf0d Global \u2699\ufe0f Steam<br \/>\n\ud83d\udddd digit\u00e1lis kulcs<\/p>\n","protected":false},"featured_media":33446,"template":"","meta":{"_acf_changed":false,"site-sidebar-layout":"default","site-content-layout":"","ast-site-content-layout":"default","site-content-style":"default","site-sidebar-style":"default","ast-global-header-display":"","ast-banner-title-visibility":"","ast-main-header-display":"","ast-hfb-above-header-display":"","ast-hfb-below-header-display":"","ast-hfb-mobile-header-display":"","site-post-title":"","ast-breadcrumbs-content":"","ast-featured-img":"","footer-sml-layout":"","ast-disable-related-posts":"","theme-transparent-header-meta":"default","adv-header-id-meta":"","stick-header-meta":"","header-above-stick-meta":"","header-main-stick-meta":"","header-below-stick-meta":"","astra-migrate-meta-layouts":"default","ast-page-background-enabled":"default","ast-page-background-meta":{"desktop":{"background-color":"var(--ast-global-color-4)","background-image":"","background-repeat":"repeat","background-position":"center center","background-size":"auto","background-attachment":"scroll","background-type":"","background-media":"","overlay-type":"","overlay-color":"","overlay-opacity":"","overlay-gradient":""},"tablet":{"background-color":"","background-image":"","background-repeat":"repeat","background-position":"center center","background-size":"auto","background-attachment":"scroll","background-type":"","background-media":"","overlay-type":"","overlay-color":"","overlay-opacity":"","overlay-gradient":""},"mobile":{"background-color":"","background-image":"","background-repeat":"repeat","background-position":"center center","background-size":"auto","background-attachment":"scroll","background-type":"","background-media":"","overlay-type":"","overlay-color":"","overlay-opacity":"","overlay-gradient":""}},"ast-content-background-meta":{"desktop":{"background-color":"var(--ast-global-color-5)","background-image":"","background-repeat":"repeat","background-position":"center center","background-size":"auto","background-attachment":"scroll","background-type":"","background-media":"","overlay-type":"","overlay-color":"","overlay-opacity":"","overlay-gradient":""},"tablet":{"background-color":"var(--ast-global-color-5)","background-image":"","background-repeat":"repeat","background-position":"center center","background-size":"auto","background-attachment":"scroll","background-type":"","background-media":"","overlay-type":"","overlay-color":"","overlay-opacity":"","overlay-gradient":""},"mobile":{"background-color":"var(--ast-global-color-5)","background-image":"","background-repeat":"repeat","background-position":"center center","background-size":"auto","background-attachment":"scroll","background-type":"","background-media":"","overlay-type":"","overlay-color":"","overlay-opacity":"","overlay-gradient":""}}},"product_brand":[],"product_cat":[451,365,372],"product_tag":[],"class_list":{"0":"post-38649","1":"product","2":"type-product","3":"status-publish","4":"has-post-thumbnail","6":"product_cat-giants-software-gmbh-hu","7":"product_cat-goz","8":"product_cat-jatekok-szimulatorok","9":"desktop-align-left","10":"tablet-align-left","11":"mobile-align-left","13":"first","14":"instock","15":"virtual","16":"purchasable","17":"product-type-simple"},"acf":[],"yoast_head":"<!-- This site is optimized with the Yoast SEO Premium plugin v27.4 (Yoast SEO v27.4) - https:\/\/yoast.com\/product\/yoast-seo-premium-wordpress\/ -->\n<title>Farming Simulator 22 - Szivatty\u00fak \u00e9s t\u00f6ml\u0151k csomagja - Prismagamers.com<\/title>\n<meta name=\"description\" content=\"A Farming Simulator 22 olyan \u00faj funkci\u00f3kat vezet be, amelyek jav\u00edtj\u00e1k a gazdas\u00e1gok ir\u00e1ny\u00edt\u00e1s\u00e1t:  K\u00e1beles rendszerek: modern megold\u00e1sok a sz\u00e1nt\u00f3f\u00f6ldi tr\u00e1gy\u00e1z\u00e1shoz k\u00f6nny\u0171 t\u00f6ml\u0151k \u00e9s mobil szivatty\u00faegys\u00e9gek haszn\u00e1lat\u00e1val.  A tr\u00e1gya elk\u00fcl\u00f6n\u00edt\u00e9se: A tr\u00e1gya foly\u00e9kony \u00e9s szil\u00e1rd frakci\u00f3inak sz\u00e9tv\u00e1laszt\u00e1sa, ami n\u00f6veli az er\u0151forr\u00e1sok hasznos\u00edt\u00e1s\u00e1t a gazdas\u00e1gban.  Konfigur\u00e1lhat\u00f3 biog\u00e1z\u00fczemek: A biog\u00e1z\u00fczem szem\u00e9lyre szabhat\u00f3 a biog\u00e1ztermel\u00e9s optimaliz\u00e1l\u00e1s\u00e1hoz sz\u00fcks\u00e9ges modulok hozz\u00e1ad\u00e1s\u00e1val. A neves gy\u00e1rt\u00f3k t\u00f6bb mint 30 \u00faj elem\u00e9vel \u00e9s technol\u00f3gi\u00e1j\u00e1val a j\u00e1t\u00e9kosok b\u0151v\u00edthetik farmjaikat \u00e9s n\u00f6velhetik a termel\u00e9s hat\u00e9konys\u00e1g\u00e1t. \ud83c\udf0d Global \u2699\ufe0f Steam \ud83d\udddd digit\u00e1lis kulcs\" \/>\n<meta name=\"robots\" content=\"index, follow, max-snippet:-1, max-image-preview:large, max-video-preview:-1\" \/>\n<link rel=\"canonical\" href=\"https:\/\/prismagamers.com\/hu\/produkt\/farming-simulator-22-szivattyuk-es-tomlok-csomagja\/\" \/>\n<meta property=\"og:locale\" content=\"hu_HU\" \/>\n<meta property=\"og:type\" content=\"article\" \/>\n<meta property=\"og:title\" content=\"Farming Simulator 22 - Szivatty\u00fak \u00e9s t\u00f6ml\u0151k csomagja\" \/>\n<meta property=\"og:description\" content=\"A Farming Simulator 22 olyan \u00faj funkci\u00f3kat vezet be, amelyek jav\u00edtj\u00e1k a gazdas\u00e1gok ir\u00e1ny\u00edt\u00e1s\u00e1t:  K\u00e1beles rendszerek: modern megold\u00e1sok a sz\u00e1nt\u00f3f\u00f6ldi tr\u00e1gy\u00e1z\u00e1shoz k\u00f6nny\u0171 t\u00f6ml\u0151k \u00e9s mobil szivatty\u00faegys\u00e9gek haszn\u00e1lat\u00e1val.  A tr\u00e1gya elk\u00fcl\u00f6n\u00edt\u00e9se: A tr\u00e1gya foly\u00e9kony \u00e9s szil\u00e1rd frakci\u00f3inak sz\u00e9tv\u00e1laszt\u00e1sa, ami n\u00f6veli az er\u0151forr\u00e1sok hasznos\u00edt\u00e1s\u00e1t a gazdas\u00e1gban.  Konfigur\u00e1lhat\u00f3 biog\u00e1z\u00fczemek: A biog\u00e1z\u00fczem szem\u00e9lyre szabhat\u00f3 a biog\u00e1ztermel\u00e9s optimaliz\u00e1l\u00e1s\u00e1hoz sz\u00fcks\u00e9ges modulok hozz\u00e1ad\u00e1s\u00e1val. A neves gy\u00e1rt\u00f3k t\u00f6bb mint 30 \u00faj elem\u00e9vel \u00e9s technol\u00f3gi\u00e1j\u00e1val a j\u00e1t\u00e9kosok b\u0151v\u00edthetik farmjaikat \u00e9s n\u00f6velhetik a termel\u00e9s hat\u00e9konys\u00e1g\u00e1t. \ud83c\udf0d Global \u2699\ufe0f Steam \ud83d\udddd digit\u00e1lis kulcs\" \/>\n<meta property=\"og:url\" content=\"https:\/\/prismagamers.com\/hu\/produkt\/farming-simulator-22-szivattyuk-es-tomlok-csomagja\/\" \/>\n<meta property=\"og:site_name\" content=\"Prismagamers.com\" \/>\n<meta property=\"article:publisher\" content=\"https:\/\/www.facebook.com\/prismagamers\" \/>\n<meta property=\"og:image\" content=\"https:\/\/prismagamers.com\/wp-content\/uploads\/2024\/12\/Farming-Simulator-22-Pumps-n-Hoses-Pack-1-1-e1735147341300.jpg\" \/>\n\t<meta property=\"og:image:width\" content=\"300\" \/>\n\t<meta property=\"og:image:height\" content=\"450\" \/>\n\t<meta property=\"og:image:type\" content=\"image\/jpeg\" \/>\n<meta name=\"twitter:card\" content=\"summary_large_image\" \/>\n<meta name=\"twitter:label1\" content=\"Becs\u00fclt olvas\u00e1si id\u0151\" \/>\n\t<meta name=\"twitter:data1\" content=\"1 perc\" \/>\n<script type=\"application\/ld+json\" class=\"yoast-schema-graph\">{\"@context\":\"https:\\\/\\\/schema.org\",\"@graph\":[{\"@type\":\"WebPage\",\"@id\":\"https:\\\/\\\/prismagamers.com\\\/hu\\\/produkt\\\/farming-simulator-22-szivattyuk-es-tomlok-csomagja\\\/\",\"url\":\"https:\\\/\\\/prismagamers.com\\\/hu\\\/produkt\\\/farming-simulator-22-szivattyuk-es-tomlok-csomagja\\\/\",\"name\":\"Farming Simulator 22 - Szivatty\u00fak \u00e9s t\u00f6ml\u0151k csomagja - Prismagamers.com\",\"isPartOf\":{\"@id\":\"https:\\\/\\\/prismagamers.com\\\/hu\\\/#website\"},\"primaryImageOfPage\":{\"@id\":\"https:\\\/\\\/prismagamers.com\\\/hu\\\/produkt\\\/farming-simulator-22-szivattyuk-es-tomlok-csomagja\\\/#primaryimage\"},\"image\":{\"@id\":\"https:\\\/\\\/prismagamers.com\\\/hu\\\/produkt\\\/farming-simulator-22-szivattyuk-es-tomlok-csomagja\\\/#primaryimage\"},\"thumbnailUrl\":\"https:\\\/\\\/prismagamers.com\\\/wp-content\\\/uploads\\\/2024\\\/12\\\/Farming-Simulator-22-Pumps-n-Hoses-Pack-1-1-e1735147341300.jpg\",\"datePublished\":\"2024-12-25T17:26:10+00:00\",\"description\":\"A Farming Simulator 22 olyan \u00faj funkci\u00f3kat vezet be, amelyek jav\u00edtj\u00e1k a gazdas\u00e1gok ir\u00e1ny\u00edt\u00e1s\u00e1t: K\u00e1beles rendszerek: modern megold\u00e1sok a sz\u00e1nt\u00f3f\u00f6ldi tr\u00e1gy\u00e1z\u00e1shoz k\u00f6nny\u0171 t\u00f6ml\u0151k \u00e9s mobil szivatty\u00faegys\u00e9gek haszn\u00e1lat\u00e1val. A tr\u00e1gya elk\u00fcl\u00f6n\u00edt\u00e9se: A tr\u00e1gya foly\u00e9kony \u00e9s szil\u00e1rd frakci\u00f3inak sz\u00e9tv\u00e1laszt\u00e1sa, ami n\u00f6veli az er\u0151forr\u00e1sok hasznos\u00edt\u00e1s\u00e1t a gazdas\u00e1gban. Konfigur\u00e1lhat\u00f3 biog\u00e1z\u00fczemek: A biog\u00e1z\u00fczem szem\u00e9lyre szabhat\u00f3 a biog\u00e1ztermel\u00e9s optimaliz\u00e1l\u00e1s\u00e1hoz sz\u00fcks\u00e9ges modulok hozz\u00e1ad\u00e1s\u00e1val. A neves gy\u00e1rt\u00f3k t\u00f6bb mint 30 \u00faj elem\u00e9vel \u00e9s technol\u00f3gi\u00e1j\u00e1val a j\u00e1t\u00e9kosok b\u0151v\u00edthetik farmjaikat \u00e9s n\u00f6velhetik a termel\u00e9s hat\u00e9konys\u00e1g\u00e1t. \ud83c\udf0d Global \u2699\ufe0f Steam \ud83d\udddd digit\u00e1lis kulcs\",\"breadcrumb\":{\"@id\":\"https:\\\/\\\/prismagamers.com\\\/hu\\\/produkt\\\/farming-simulator-22-szivattyuk-es-tomlok-csomagja\\\/#breadcrumb\"},\"inLanguage\":\"hu\",\"potentialAction\":[{\"@type\":\"ReadAction\",\"target\":[\"https:\\\/\\\/prismagamers.com\\\/hu\\\/produkt\\\/farming-simulator-22-szivattyuk-es-tomlok-csomagja\\\/\"]}]},{\"@type\":\"ImageObject\",\"inLanguage\":\"hu\",\"@id\":\"https:\\\/\\\/prismagamers.com\\\/hu\\\/produkt\\\/farming-simulator-22-szivattyuk-es-tomlok-csomagja\\\/#primaryimage\",\"url\":\"https:\\\/\\\/prismagamers.com\\\/wp-content\\\/uploads\\\/2024\\\/12\\\/Farming-Simulator-22-Pumps-n-Hoses-Pack-1-1-e1735147341300.jpg\",\"contentUrl\":\"https:\\\/\\\/prismagamers.com\\\/wp-content\\\/uploads\\\/2024\\\/12\\\/Farming-Simulator-22-Pumps-n-Hoses-Pack-1-1-e1735147341300.jpg\",\"width\":300,\"height\":450},{\"@type\":\"BreadcrumbList\",\"@id\":\"https:\\\/\\\/prismagamers.com\\\/hu\\\/produkt\\\/farming-simulator-22-szivattyuk-es-tomlok-csomagja\\\/#breadcrumb\",\"itemListElement\":[{\"@type\":\"ListItem\",\"position\":1,\"name\":\"Strona g\u0142\u00f3wna\",\"item\":\"https:\\\/\\\/prismagamers.com\\\/hu\\\/prismagamers\\\/\"},{\"@type\":\"ListItem\",\"position\":2,\"name\":\"Shop\",\"item\":\"https:\\\/\\\/prismagamers.com\\\/hu\\\/shop\\\/\"},{\"@type\":\"ListItem\",\"position\":3,\"name\":\"Farming Simulator 22 &#8211; Szivatty\u00fak \u00e9s t\u00f6ml\u0151k csomagja\"}]},{\"@type\":\"WebSite\",\"@id\":\"https:\\\/\\\/prismagamers.com\\\/hu\\\/#website\",\"url\":\"https:\\\/\\\/prismagamers.com\\\/hu\\\/\",\"name\":\"Prismagamers\",\"description\":\"Sklep z grami PC I Sklep klucze Steam\",\"publisher\":{\"@id\":\"https:\\\/\\\/prismagamers.com\\\/hu\\\/#organization\"},\"potentialAction\":[{\"@type\":\"SearchAction\",\"target\":{\"@type\":\"EntryPoint\",\"urlTemplate\":\"https:\\\/\\\/prismagamers.com\\\/hu\\\/?s={search_term_string}\"},\"query-input\":{\"@type\":\"PropertyValueSpecification\",\"valueRequired\":true,\"valueName\":\"search_term_string\"}}],\"inLanguage\":\"hu\"},{\"@type\":\"Organization\",\"@id\":\"https:\\\/\\\/prismagamers.com\\\/hu\\\/#organization\",\"name\":\"Prismagamers\",\"url\":\"https:\\\/\\\/prismagamers.com\\\/hu\\\/\",\"logo\":{\"@type\":\"ImageObject\",\"inLanguage\":\"hu\",\"@id\":\"https:\\\/\\\/prismagamers.com\\\/hu\\\/#\\\/schema\\\/logo\\\/image\\\/\",\"url\":\"https:\\\/\\\/prismagamers.com\\\/wp-content\\\/uploads\\\/2022\\\/04\\\/cropped-logo-Prismagamers-01-scaled-1.jpg\",\"contentUrl\":\"https:\\\/\\\/prismagamers.com\\\/wp-content\\\/uploads\\\/2022\\\/04\\\/cropped-logo-Prismagamers-01-scaled-1.jpg\",\"width\":512,\"height\":512,\"caption\":\"Prismagamers\"},\"image\":{\"@id\":\"https:\\\/\\\/prismagamers.com\\\/hu\\\/#\\\/schema\\\/logo\\\/image\\\/\"},\"sameAs\":[\"https:\\\/\\\/www.facebook.com\\\/prismagamers\",\"https:\\\/\\\/www.instagram.com\\\/prismagamers_grycyfrowe\\\/\"],\"description\":\"Prismagamers.com to dynamiczny sklep z grami cyfrowymi, stworzony z my\u015bl\u0105 o entuzjastach gier wideo. Nasza strona oferuje szerok\u0105 gam\u0119 gier komputerowych, w tym najnowsze tytu\u0142y, dobrze znane klasyki oraz gry stworzone przez niezale\u017cne studia Ca\u0142y czas d\u0105\u017cymy do rozszerzenia naszej oferty. Do\u0142\u0105cz do nas i sta\u0144 si\u0119 cz\u0119\u015bci\u0105 naszej rosn\u0105cej spo\u0142eczno\u015bci graczy!\",\"email\":\"shop@prismagamers.com\",\"telephone\":\"48795541705\",\"legalName\":\"East Caravan Maksym \u017bukow\",\"foundingDate\":\"2012-05-10\",\"vatID\":\"PL8943038612\",\"taxID\":\"PL8943038612\",\"numberOfEmployees\":{\"@type\":\"QuantitativeValue\",\"minValue\":\"11\",\"maxValue\":\"50\"}}]}<\/script>\n<!-- \/ Yoast SEO Premium plugin. -->","yoast_head_json":{"title":"Farming Simulator 22 - Szivatty\u00fak \u00e9s t\u00f6ml\u0151k csomagja - Prismagamers.com","description":"A Farming Simulator 22 olyan \u00faj funkci\u00f3kat vezet be, amelyek jav\u00edtj\u00e1k a gazdas\u00e1gok ir\u00e1ny\u00edt\u00e1s\u00e1t:  K\u00e1beles rendszerek: modern megold\u00e1sok a sz\u00e1nt\u00f3f\u00f6ldi tr\u00e1gy\u00e1z\u00e1shoz k\u00f6nny\u0171 t\u00f6ml\u0151k \u00e9s mobil szivatty\u00faegys\u00e9gek haszn\u00e1lat\u00e1val.  A tr\u00e1gya elk\u00fcl\u00f6n\u00edt\u00e9se: A tr\u00e1gya foly\u00e9kony \u00e9s szil\u00e1rd frakci\u00f3inak sz\u00e9tv\u00e1laszt\u00e1sa, ami n\u00f6veli az er\u0151forr\u00e1sok hasznos\u00edt\u00e1s\u00e1t a gazdas\u00e1gban.  Konfigur\u00e1lhat\u00f3 biog\u00e1z\u00fczemek: A biog\u00e1z\u00fczem szem\u00e9lyre szabhat\u00f3 a biog\u00e1ztermel\u00e9s optimaliz\u00e1l\u00e1s\u00e1hoz sz\u00fcks\u00e9ges modulok hozz\u00e1ad\u00e1s\u00e1val. A neves gy\u00e1rt\u00f3k t\u00f6bb mint 30 \u00faj elem\u00e9vel \u00e9s technol\u00f3gi\u00e1j\u00e1val a j\u00e1t\u00e9kosok b\u0151v\u00edthetik farmjaikat \u00e9s n\u00f6velhetik a termel\u00e9s hat\u00e9konys\u00e1g\u00e1t. \ud83c\udf0d Global \u2699\ufe0f Steam \ud83d\udddd digit\u00e1lis kulcs","robots":{"index":"index","follow":"follow","max-snippet":"max-snippet:-1","max-image-preview":"max-image-preview:large","max-video-preview":"max-video-preview:-1"},"canonical":"https:\/\/prismagamers.com\/hu\/produkt\/farming-simulator-22-szivattyuk-es-tomlok-csomagja\/","og_locale":"hu_HU","og_type":"article","og_title":"Farming Simulator 22 - Szivatty\u00fak \u00e9s t\u00f6ml\u0151k csomagja","og_description":"A Farming Simulator 22 olyan \u00faj funkci\u00f3kat vezet be, amelyek jav\u00edtj\u00e1k a gazdas\u00e1gok ir\u00e1ny\u00edt\u00e1s\u00e1t:  K\u00e1beles rendszerek: modern megold\u00e1sok a sz\u00e1nt\u00f3f\u00f6ldi tr\u00e1gy\u00e1z\u00e1shoz k\u00f6nny\u0171 t\u00f6ml\u0151k \u00e9s mobil szivatty\u00faegys\u00e9gek haszn\u00e1lat\u00e1val.  A tr\u00e1gya elk\u00fcl\u00f6n\u00edt\u00e9se: A tr\u00e1gya foly\u00e9kony \u00e9s szil\u00e1rd frakci\u00f3inak sz\u00e9tv\u00e1laszt\u00e1sa, ami n\u00f6veli az er\u0151forr\u00e1sok hasznos\u00edt\u00e1s\u00e1t a gazdas\u00e1gban.  Konfigur\u00e1lhat\u00f3 biog\u00e1z\u00fczemek: A biog\u00e1z\u00fczem szem\u00e9lyre szabhat\u00f3 a biog\u00e1ztermel\u00e9s optimaliz\u00e1l\u00e1s\u00e1hoz sz\u00fcks\u00e9ges modulok hozz\u00e1ad\u00e1s\u00e1val. A neves gy\u00e1rt\u00f3k t\u00f6bb mint 30 \u00faj elem\u00e9vel \u00e9s technol\u00f3gi\u00e1j\u00e1val a j\u00e1t\u00e9kosok b\u0151v\u00edthetik farmjaikat \u00e9s n\u00f6velhetik a termel\u00e9s hat\u00e9konys\u00e1g\u00e1t. \ud83c\udf0d Global \u2699\ufe0f Steam \ud83d\udddd digit\u00e1lis kulcs","og_url":"https:\/\/prismagamers.com\/hu\/produkt\/farming-simulator-22-szivattyuk-es-tomlok-csomagja\/","og_site_name":"Prismagamers.com","article_publisher":"https:\/\/www.facebook.com\/prismagamers","og_image":[{"width":300,"height":450,"url":"https:\/\/prismagamers.com\/wp-content\/uploads\/2024\/12\/Farming-Simulator-22-Pumps-n-Hoses-Pack-1-1-e1735147341300.jpg","type":"image\/jpeg"}],"twitter_card":"summary_large_image","twitter_misc":{"Becs\u00fclt olvas\u00e1si id\u0151":"1 perc"},"schema":{"@context":"https:\/\/schema.org","@graph":[{"@type":"WebPage","@id":"https:\/\/prismagamers.com\/hu\/produkt\/farming-simulator-22-szivattyuk-es-tomlok-csomagja\/","url":"https:\/\/prismagamers.com\/hu\/produkt\/farming-simulator-22-szivattyuk-es-tomlok-csomagja\/","name":"Farming Simulator 22 - Szivatty\u00fak \u00e9s t\u00f6ml\u0151k csomagja - Prismagamers.com","isPartOf":{"@id":"https:\/\/prismagamers.com\/hu\/#website"},"primaryImageOfPage":{"@id":"https:\/\/prismagamers.com\/hu\/produkt\/farming-simulator-22-szivattyuk-es-tomlok-csomagja\/#primaryimage"},"image":{"@id":"https:\/\/prismagamers.com\/hu\/produkt\/farming-simulator-22-szivattyuk-es-tomlok-csomagja\/#primaryimage"},"thumbnailUrl":"https:\/\/prismagamers.com\/wp-content\/uploads\/2024\/12\/Farming-Simulator-22-Pumps-n-Hoses-Pack-1-1-e1735147341300.jpg","datePublished":"2024-12-25T17:26:10+00:00","description":"A Farming Simulator 22 olyan \u00faj funkci\u00f3kat vezet be, amelyek jav\u00edtj\u00e1k a gazdas\u00e1gok ir\u00e1ny\u00edt\u00e1s\u00e1t: K\u00e1beles rendszerek: modern megold\u00e1sok a sz\u00e1nt\u00f3f\u00f6ldi tr\u00e1gy\u00e1z\u00e1shoz k\u00f6nny\u0171 t\u00f6ml\u0151k \u00e9s mobil szivatty\u00faegys\u00e9gek haszn\u00e1lat\u00e1val. A tr\u00e1gya elk\u00fcl\u00f6n\u00edt\u00e9se: A tr\u00e1gya foly\u00e9kony \u00e9s szil\u00e1rd frakci\u00f3inak sz\u00e9tv\u00e1laszt\u00e1sa, ami n\u00f6veli az er\u0151forr\u00e1sok hasznos\u00edt\u00e1s\u00e1t a gazdas\u00e1gban. Konfigur\u00e1lhat\u00f3 biog\u00e1z\u00fczemek: A biog\u00e1z\u00fczem szem\u00e9lyre szabhat\u00f3 a biog\u00e1ztermel\u00e9s optimaliz\u00e1l\u00e1s\u00e1hoz sz\u00fcks\u00e9ges modulok hozz\u00e1ad\u00e1s\u00e1val. A neves gy\u00e1rt\u00f3k t\u00f6bb mint 30 \u00faj elem\u00e9vel \u00e9s technol\u00f3gi\u00e1j\u00e1val a j\u00e1t\u00e9kosok b\u0151v\u00edthetik farmjaikat \u00e9s n\u00f6velhetik a termel\u00e9s hat\u00e9konys\u00e1g\u00e1t. \ud83c\udf0d Global \u2699\ufe0f Steam \ud83d\udddd digit\u00e1lis kulcs","breadcrumb":{"@id":"https:\/\/prismagamers.com\/hu\/produkt\/farming-simulator-22-szivattyuk-es-tomlok-csomagja\/#breadcrumb"},"inLanguage":"hu","potentialAction":[{"@type":"ReadAction","target":["https:\/\/prismagamers.com\/hu\/produkt\/farming-simulator-22-szivattyuk-es-tomlok-csomagja\/"]}]},{"@type":"ImageObject","inLanguage":"hu","@id":"https:\/\/prismagamers.com\/hu\/produkt\/farming-simulator-22-szivattyuk-es-tomlok-csomagja\/#primaryimage","url":"https:\/\/prismagamers.com\/wp-content\/uploads\/2024\/12\/Farming-Simulator-22-Pumps-n-Hoses-Pack-1-1-e1735147341300.jpg","contentUrl":"https:\/\/prismagamers.com\/wp-content\/uploads\/2024\/12\/Farming-Simulator-22-Pumps-n-Hoses-Pack-1-1-e1735147341300.jpg","width":300,"height":450},{"@type":"BreadcrumbList","@id":"https:\/\/prismagamers.com\/hu\/produkt\/farming-simulator-22-szivattyuk-es-tomlok-csomagja\/#breadcrumb","itemListElement":[{"@type":"ListItem","position":1,"name":"Strona g\u0142\u00f3wna","item":"https:\/\/prismagamers.com\/hu\/prismagamers\/"},{"@type":"ListItem","position":2,"name":"Shop","item":"https:\/\/prismagamers.com\/hu\/shop\/"},{"@type":"ListItem","position":3,"name":"Farming Simulator 22 &#8211; Szivatty\u00fak \u00e9s t\u00f6ml\u0151k csomagja"}]},{"@type":"WebSite","@id":"https:\/\/prismagamers.com\/hu\/#website","url":"https:\/\/prismagamers.com\/hu\/","name":"Prismagamers","description":"Sklep z grami PC I Sklep klucze Steam","publisher":{"@id":"https:\/\/prismagamers.com\/hu\/#organization"},"potentialAction":[{"@type":"SearchAction","target":{"@type":"EntryPoint","urlTemplate":"https:\/\/prismagamers.com\/hu\/?s={search_term_string}"},"query-input":{"@type":"PropertyValueSpecification","valueRequired":true,"valueName":"search_term_string"}}],"inLanguage":"hu"},{"@type":"Organization","@id":"https:\/\/prismagamers.com\/hu\/#organization","name":"Prismagamers","url":"https:\/\/prismagamers.com\/hu\/","logo":{"@type":"ImageObject","inLanguage":"hu","@id":"https:\/\/prismagamers.com\/hu\/#\/schema\/logo\/image\/","url":"https:\/\/prismagamers.com\/wp-content\/uploads\/2022\/04\/cropped-logo-Prismagamers-01-scaled-1.jpg","contentUrl":"https:\/\/prismagamers.com\/wp-content\/uploads\/2022\/04\/cropped-logo-Prismagamers-01-scaled-1.jpg","width":512,"height":512,"caption":"Prismagamers"},"image":{"@id":"https:\/\/prismagamers.com\/hu\/#\/schema\/logo\/image\/"},"sameAs":["https:\/\/www.facebook.com\/prismagamers","https:\/\/www.instagram.com\/prismagamers_grycyfrowe\/"],"description":"Prismagamers.com to dynamiczny sklep z grami cyfrowymi, stworzony z my\u015bl\u0105 o entuzjastach gier wideo. Nasza strona oferuje szerok\u0105 gam\u0119 gier komputerowych, w tym najnowsze tytu\u0142y, dobrze znane klasyki oraz gry stworzone przez niezale\u017cne studia Ca\u0142y czas d\u0105\u017cymy do rozszerzenia naszej oferty. Do\u0142\u0105cz do nas i sta\u0144 si\u0119 cz\u0119\u015bci\u0105 naszej rosn\u0105cej spo\u0142eczno\u015bci graczy!","email":"shop@prismagamers.com","telephone":"48795541705","legalName":"East Caravan Maksym \u017bukow","foundingDate":"2012-05-10","vatID":"PL8943038612","taxID":"PL8943038612","numberOfEmployees":{"@type":"QuantitativeValue","minValue":"11","maxValue":"50"}}]}},"_links":{"self":[{"href":"https:\/\/prismagamers.com\/hu\/wp-json\/wp\/v2\/product\/38649","targetHints":{"allow":["GET"]}}],"collection":[{"href":"https:\/\/prismagamers.com\/hu\/wp-json\/wp\/v2\/product"}],"about":[{"href":"https:\/\/prismagamers.com\/hu\/wp-json\/wp\/v2\/types\/product"}],"wp:featuredmedia":[{"embeddable":true,"href":"https:\/\/prismagamers.com\/hu\/wp-json\/wp\/v2\/media\/33446"}],"wp:attachment":[{"href":"https:\/\/prismagamers.com\/hu\/wp-json\/wp\/v2\/media?parent=38649"}],"wp:term":[{"taxonomy":"product_brand","embeddable":true,"href":"https:\/\/prismagamers.com\/hu\/wp-json\/wp\/v2\/product_brand?post=38649"},{"taxonomy":"product_cat","embeddable":true,"href":"https:\/\/prismagamers.com\/hu\/wp-json\/wp\/v2\/product_cat?post=38649"},{"taxonomy":"product_tag","embeddable":true,"href":"https:\/\/prismagamers.com\/hu\/wp-json\/wp\/v2\/product_tag?post=38649"}],"curies":[{"name":"wp","href":"https:\/\/api.w.org\/{rel}","templated":true}]}}