{"id":38653,"date":"2024-10-31T11:18:03","date_gmt":"2024-10-31T10:18:03","guid":{"rendered":"https:\/\/prismagamers.com\/produkt\/mezogazdasagi-szimulator-25\/"},"modified":"2025-07-14T00:01:21","modified_gmt":"2025-07-13T22:01:21","slug":"mezogazdasagi-szimulator-25","status":"publish","type":"product","link":"https:\/\/prismagamers.com\/hu\/produkt\/mezogazdasagi-szimulator-25\/","title":{"rendered":"Mez\u0151gazdas\u00e1gi szimul\u00e1tor 25"},"content":{"rendered":"<p>A Farming Simulator 25 \u00faj g\u00e9pekkel, j\u00e1t\u00e9klehet\u0151s\u00e9gekkel, vizu\u00e1lis fejleszt\u00e9sekkel \u00e9s friss v\u00edzzel t\u00f6lti meg a rizstermeszt\u00e9shez sz\u00fcks\u00e9ges ter\u00fcletet. M\u00e9g r\u00e9szletesebb \u00e9s v\u00e1ltozatosabb gazd\u00e1lkod\u00e1si \u00e9lm\u00e9ny a csal\u00e1dbar\u00e1t j\u00e1t\u00e9ksorozatban. <\/p>\n<div class=\"highlight_player_area_spacer\" style=\"text-align: center\"><\/div>\n<div id=\"highlight_screenshot_ss_744872d541017a193671809b740f13945af5d4bf.jpg\" class=\"highlight_player_item highlight_screenshot\" data-panel=\"{\"focusable\":true,\"clickOnActivate\":true}\">\n<div class=\"screenshot_holder\"><a class=\"highlight_screenshot_link\" href=\"https:\/\/shared.cloudflare.steamstatic.com\/store_item_assets\/steam\/apps\/2300320\/ss_744872d541017a193671809b740f13945af5d4bf.1920x1080.jpg?t=1729598544\" target=\"_blank\" rel=\"noopener\" data-screenshotid=\"ss_744872d541017a193671809b740f13945af5d4bf.jpg\"><img decoding=\"async\" class=\"aligncenter\" src=\"https:\/\/shared.cloudflare.steamstatic.com\/store_item_assets\/steam\/apps\/2300320\/ss_744872d541017a193671809b740f13945af5d4bf.600x338.jpg?t=1729598544\"><\/a><\/div>\n<\/div>\n<p>T\u00f6bb j\u00e1t\u00e9klehet\u0151s\u00e9g &#8211; \u00faj n\u00f6v\u00e9nyek, \u00e1llatok \u00e9s m\u00e9g sok minden m\u00e1s<\/p>\n<p>Induljon el egy glob\u00e1lis mez\u0151gazdas\u00e1gi kalandra, \u00e9s \u00e9p\u00edtsen z\u00f6ld birodalmat Kelet-\u00c1zsia rizzsel teli t\u00e1jain, \u00c9szak-Amerika b\u0151s\u00e9ggel teli vid\u00e9kein vagy a tavak \u00e9s foly\u00f3k k\u00f6z\u00f6tti z\u00f6ld mez\u0151k k\u00f6z\u00e9p-eur\u00f3pai \u00f6vezet\u00e9ben.<\/p>\n<p>Termesszen k\u00e9tf\u00e9le rizst, spen\u00f3tot \u00e9s m\u00e1s \u00faj n\u00f6v\u00e9nyeket, t\u00f6bb mint 20 lehet\u0151s\u00e9g k\u00f6z\u00fcl v\u00e1laszthat. A tehenekhez, juhokhoz, diszn\u00f3khoz, csirk\u00e9khez, lovakhoz \u00e9s a t\u00f6bbi j\u00f3sz\u00e1ghoz hatalmas bivalyok csatlakoznak. Az \u00faj termel\u00e9si l\u00e1ncok \u00e9s \u00e9p\u00edt\u00e9si k\u00fcldet\u00e9sek tov\u00e1bb b\u0151v\u00edtik az \u00fczleti lehet\u0151s\u00e9geket.  <\/p>\n<p>Tov\u00e1bbi g\u00e9pek nemzetk\u00f6zi m\u00e1rk\u00e1kt\u00f3l<\/p>\n<p>T\u00f6bb mint 400 autentikus g\u00e9p \u00e9s berendez\u00e9s t\u00f6bb mint 150 legismertebb nemzetk\u00f6zi m\u00e1rk\u00e1t\u00f3l: Case IH, CLAAS, Fendt, John Deere, Kubota, Massey Ferguson, New Holland, Valtra \u00e9s m\u00e9g sok m\u00e1s. Haszn\u00e1ld \u0151ket a gazdas\u00e1gban, az erd\u0151ben \u00e9s az \u00e1llatteny\u00e9szt\u00e9s sor\u00e1n. \u00c9p\u00edtsd az \u00f6r\u00f6ks\u00e9gedet egyed\u00fcl vagy egy kooperat\u00edv csapatban &#8211; amelyiket csak szeretn\u00e9d!  <\/p>\n<p>Nagyobb realizmus &#8211; technol\u00f3giai fejleszt\u00e9sek a mez\u0151k \u00e9s a vizu\u00e1lis effektek ter\u00e9n<\/p>\n<p>\u00c9rezd er\u0151sebbnek a kapcsolatot a mez\u0151kkel \u00e9s a term\u00e9szettel egy \u00e1ltal\u00e1nos technikai friss\u00edt\u00e9ssel, grafikai jav\u00edt\u00e1sokkal \u00e9s jav\u00edtott fizik\u00e1val, amely a leg\u00fajabb GIANTS Engine 10-en alapul, \u00e9s lehet\u0151v\u00e9 teszi a modok haszn\u00e1lat\u00e1t is. A rendelkez\u00e9sre \u00e1ll\u00f3 funkci\u00f3k k\u00f6z\u00e9 tartozik a l\u00e1that\u00f3s\u00e1got cs\u00f6kkent\u0151 k\u00f6d, a tov\u00e1bbfejlesztett \u00e1rny\u00e9krendszer, a dinamikus id\u0151j\u00e1r\u00e1s \u00e9s a talajdeform\u00e1ci\u00f3. A romantikus \u00e9let a virtu\u00e1lis farmon m\u00e9g realisztikusabb\u00e1 \u00e9s \u00e9l\u00e9nkebb\u00e9 v\u00e1lik!   <\/p>\n<div class=\"highlight_player_area_spacer\" style=\"text-align: center\"><\/div>\n<div id=\"highlight_screenshot_ss_c6f742fdd18494ce0718e3b7929ff7d5568e158f.jpg\" class=\"highlight_player_item highlight_screenshot\" data-panel=\"{\"focusable\":true,\"clickOnActivate\":true}\">\n<div class=\"screenshot_holder\"><a class=\"highlight_screenshot_link\" href=\"https:\/\/shared.cloudflare.steamstatic.com\/store_item_assets\/steam\/apps\/2300320\/ss_c6f742fdd18494ce0718e3b7929ff7d5568e158f.1920x1080.jpg?t=1729598544\" target=\"_blank\" rel=\"noopener\" data-screenshotid=\"ss_c6f742fdd18494ce0718e3b7929ff7d5568e158f.jpg\"><img decoding=\"async\" class=\"aligncenter\" src=\"https:\/\/shared.cloudflare.steamstatic.com\/store_item_assets\/steam\/apps\/2300320\/ss_c6f742fdd18494ce0718e3b7929ff7d5568e158f.600x338.jpg?t=1729598544\"><\/a><\/div>\n<\/div>\n<p>Tov\u00e1bbi h\u00edrek \u00e9s r\u00e9szletek hamarosan!<\/p>\n","protected":false},"excerpt":{"rendered":"<p>A Farming Simulator 25 arra invit\u00e1l, hogy megtapasztald a gazdas\u00e1gban t\u00f6lt\u00f6tt \u00e9letet &#8211; sz\u00f3l\u00f3 \u00e9s t\u00f6bbj\u00e1t\u00e9kos m\u00f3dban egyar\u00e1nt. Ez a te farmod, amit a kedvedre fejleszthetsz! <\/p>\n<p><strong>Premier: november 12.<\/strong><\/p>\n<p>\ud83c\udf0d Glob\u00e1lis<br \/>\n\u2699\ufe0f Steam<br \/>\n\ud83d\udddd Digit\u00e1lis kulcs<\/p>\n","protected":false},"featured_media":32125,"template":"","meta":{"_acf_changed":false,"site-sidebar-layout":"default","site-content-layout":"","ast-site-content-layout":"default","site-content-style":"default","site-sidebar-style":"default","ast-global-header-display":"","ast-banner-title-visibility":"","ast-main-header-display":"","ast-hfb-above-header-display":"","ast-hfb-below-header-display":"","ast-hfb-mobile-header-display":"","site-post-title":"","ast-breadcrumbs-content":"","ast-featured-img":"","footer-sml-layout":"","ast-disable-related-posts":"","theme-transparent-header-meta":"default","adv-header-id-meta":"","stick-header-meta":"","header-above-stick-meta":"","header-main-stick-meta":"","header-below-stick-meta":"","astra-migrate-meta-layouts":"default","ast-page-background-enabled":"default","ast-page-background-meta":{"desktop":{"background-color":"var(--ast-global-color-4)","background-image":"","background-repeat":"repeat","background-position":"center center","background-size":"auto","background-attachment":"scroll","background-type":"","background-media":"","overlay-type":"","overlay-color":"","overlay-opacity":"","overlay-gradient":""},"tablet":{"background-color":"","background-image":"","background-repeat":"repeat","background-position":"center center","background-size":"auto","background-attachment":"scroll","background-type":"","background-media":"","overlay-type":"","overlay-color":"","overlay-opacity":"","overlay-gradient":""},"mobile":{"background-color":"","background-image":"","background-repeat":"repeat","background-position":"center center","background-size":"auto","background-attachment":"scroll","background-type":"","background-media":"","overlay-type":"","overlay-color":"","overlay-opacity":"","overlay-gradient":""}},"ast-content-background-meta":{"desktop":{"background-color":"var(--ast-global-color-5)","background-image":"","background-repeat":"repeat","background-position":"center center","background-size":"auto","background-attachment":"scroll","background-type":"","background-media":"","overlay-type":"","overlay-color":"","overlay-opacity":"","overlay-gradient":""},"tablet":{"background-color":"var(--ast-global-color-5)","background-image":"","background-repeat":"repeat","background-position":"center center","background-size":"auto","background-attachment":"scroll","background-type":"","background-media":"","overlay-type":"","overlay-color":"","overlay-opacity":"","overlay-gradient":""},"mobile":{"background-color":"var(--ast-global-color-5)","background-image":"","background-repeat":"repeat","background-position":"center center","background-size":"auto","background-attachment":"scroll","background-type":"","background-media":"","overlay-type":"","overlay-color":"","overlay-opacity":"","overlay-gradient":""}}},"product_brand":[],"product_cat":[359,451,372],"product_tag":[],"class_list":{"0":"post-38653","1":"product","2":"type-product","3":"status-publish","4":"has-post-thumbnail","6":"product_cat-bestseller-hu","7":"product_cat-giants-software-gmbh-hu","8":"product_cat-jatekok-szimulatorok","9":"desktop-align-left","10":"tablet-align-left","11":"mobile-align-left","13":"first","14":"instock","15":"virtual","16":"purchasable","17":"product-type-simple"},"acf":[],"yoast_head":"<!-- This site is optimized with the Yoast SEO Premium plugin v27.5 (Yoast SEO v27.5) - https:\/\/yoast.com\/product\/yoast-seo-premium-wordpress\/ -->\n<title>Mez\u0151gazdas\u00e1gi szimul\u00e1tor 25 - Prismagamers.com<\/title>\n<meta name=\"description\" content=\"A Farming Simulator 25 arra invit\u00e1l, hogy megtapasztald a gazdas\u00e1gban t\u00f6lt\u00f6tt \u00e9letet - sz\u00f3l\u00f3 \u00e9s t\u00f6bbj\u00e1t\u00e9kos m\u00f3dban egyar\u00e1nt. Ez a te farmod, amit a kedvedre fejleszthetsz!  Premier: november 12. \ud83c\udf0d Glob\u00e1lis \u2699\ufe0f Steam \ud83d\udddd Digit\u00e1lis kulcs\" \/>\n<meta name=\"robots\" content=\"index, follow, max-snippet:-1, max-image-preview:large, max-video-preview:-1\" \/>\n<link rel=\"canonical\" href=\"https:\/\/prismagamers.com\/hu\/produkt\/mezogazdasagi-szimulator-25\/\" \/>\n<meta property=\"og:locale\" content=\"hu_HU\" \/>\n<meta property=\"og:type\" content=\"article\" \/>\n<meta property=\"og:title\" content=\"Mez\u0151gazdas\u00e1gi szimul\u00e1tor 25\" \/>\n<meta property=\"og:description\" content=\"A Farming Simulator 25 arra invit\u00e1l, hogy megtapasztald a gazdas\u00e1gban t\u00f6lt\u00f6tt \u00e9letet - sz\u00f3l\u00f3 \u00e9s t\u00f6bbj\u00e1t\u00e9kos m\u00f3dban egyar\u00e1nt. Ez a te farmod, amit a kedvedre fejleszthetsz!  Premier: november 12. \ud83c\udf0d Glob\u00e1lis \u2699\ufe0f Steam \ud83d\udddd Digit\u00e1lis kulcs\" \/>\n<meta property=\"og:url\" content=\"https:\/\/prismagamers.com\/hu\/produkt\/mezogazdasagi-szimulator-25\/\" \/>\n<meta property=\"og:site_name\" content=\"Prismagamers.com\" \/>\n<meta property=\"article:publisher\" content=\"https:\/\/www.facebook.com\/prismagamers\" \/>\n<meta property=\"article:modified_time\" content=\"2025-07-13T22:01:21+00:00\" \/>\n<meta property=\"og:image\" content=\"https:\/\/prismagamers.com\/wp-content\/uploads\/2024\/07\/06-LibraryCapsule_600x900-e1730369868771.png\" \/>\n\t<meta property=\"og:image:width\" content=\"300\" \/>\n\t<meta property=\"og:image:height\" content=\"450\" \/>\n\t<meta property=\"og:image:type\" content=\"image\/png\" \/>\n<meta name=\"twitter:card\" content=\"summary_large_image\" \/>\n<meta name=\"twitter:label1\" content=\"Becs\u00fclt olvas\u00e1si id\u0151\" \/>\n\t<meta name=\"twitter:data1\" content=\"2 perc\" \/>\n<script type=\"application\/ld+json\" class=\"yoast-schema-graph\">{\"@context\":\"https:\\\/\\\/schema.org\",\"@graph\":[{\"@type\":\"WebPage\",\"@id\":\"https:\\\/\\\/prismagamers.com\\\/hu\\\/produkt\\\/mezogazdasagi-szimulator-25\\\/\",\"url\":\"https:\\\/\\\/prismagamers.com\\\/hu\\\/produkt\\\/mezogazdasagi-szimulator-25\\\/\",\"name\":\"Mez\u0151gazdas\u00e1gi szimul\u00e1tor 25 - Prismagamers.com\",\"isPartOf\":{\"@id\":\"https:\\\/\\\/prismagamers.com\\\/hu\\\/#website\"},\"primaryImageOfPage\":{\"@id\":\"https:\\\/\\\/prismagamers.com\\\/hu\\\/produkt\\\/mezogazdasagi-szimulator-25\\\/#primaryimage\"},\"image\":{\"@id\":\"https:\\\/\\\/prismagamers.com\\\/hu\\\/produkt\\\/mezogazdasagi-szimulator-25\\\/#primaryimage\"},\"thumbnailUrl\":\"https:\\\/\\\/prismagamers.com\\\/wp-content\\\/uploads\\\/2024\\\/07\\\/06-LibraryCapsule_600x900-e1730369868771.png\",\"datePublished\":\"2024-10-31T10:18:03+00:00\",\"dateModified\":\"2025-07-13T22:01:21+00:00\",\"description\":\"A Farming Simulator 25 arra invit\u00e1l, hogy megtapasztald a gazdas\u00e1gban t\u00f6lt\u00f6tt \u00e9letet - sz\u00f3l\u00f3 \u00e9s t\u00f6bbj\u00e1t\u00e9kos m\u00f3dban egyar\u00e1nt. Ez a te farmod, amit a kedvedre fejleszthetsz! Premier: november 12. \ud83c\udf0d Glob\u00e1lis \u2699\ufe0f Steam \ud83d\udddd Digit\u00e1lis kulcs\",\"breadcrumb\":{\"@id\":\"https:\\\/\\\/prismagamers.com\\\/hu\\\/produkt\\\/mezogazdasagi-szimulator-25\\\/#breadcrumb\"},\"inLanguage\":\"hu\",\"potentialAction\":[{\"@type\":\"ReadAction\",\"target\":[\"https:\\\/\\\/prismagamers.com\\\/hu\\\/produkt\\\/mezogazdasagi-szimulator-25\\\/\"]}]},{\"@type\":\"ImageObject\",\"inLanguage\":\"hu\",\"@id\":\"https:\\\/\\\/prismagamers.com\\\/hu\\\/produkt\\\/mezogazdasagi-szimulator-25\\\/#primaryimage\",\"url\":\"https:\\\/\\\/prismagamers.com\\\/wp-content\\\/uploads\\\/2024\\\/07\\\/06-LibraryCapsule_600x900-e1730369868771.png\",\"contentUrl\":\"https:\\\/\\\/prismagamers.com\\\/wp-content\\\/uploads\\\/2024\\\/07\\\/06-LibraryCapsule_600x900-e1730369868771.png\",\"width\":300,\"height\":450},{\"@type\":\"BreadcrumbList\",\"@id\":\"https:\\\/\\\/prismagamers.com\\\/hu\\\/produkt\\\/mezogazdasagi-szimulator-25\\\/#breadcrumb\",\"itemListElement\":[{\"@type\":\"ListItem\",\"position\":1,\"name\":\"Strona g\u0142\u00f3wna\",\"item\":\"https:\\\/\\\/prismagamers.com\\\/hu\\\/prismagamers\\\/\"},{\"@type\":\"ListItem\",\"position\":2,\"name\":\"Shop\",\"item\":\"https:\\\/\\\/prismagamers.com\\\/hu\\\/shop\\\/\"},{\"@type\":\"ListItem\",\"position\":3,\"name\":\"Mez\u0151gazdas\u00e1gi szimul\u00e1tor 25\"}]},{\"@type\":\"WebSite\",\"@id\":\"https:\\\/\\\/prismagamers.com\\\/hu\\\/#website\",\"url\":\"https:\\\/\\\/prismagamers.com\\\/hu\\\/\",\"name\":\"Prismagamers\",\"description\":\"Sklep z grami PC I Sklep klucze Steam\",\"publisher\":{\"@id\":\"https:\\\/\\\/prismagamers.com\\\/hu\\\/#organization\"},\"potentialAction\":[{\"@type\":\"SearchAction\",\"target\":{\"@type\":\"EntryPoint\",\"urlTemplate\":\"https:\\\/\\\/prismagamers.com\\\/hu\\\/?s={search_term_string}\"},\"query-input\":{\"@type\":\"PropertyValueSpecification\",\"valueRequired\":true,\"valueName\":\"search_term_string\"}}],\"inLanguage\":\"hu\"},{\"@type\":\"Organization\",\"@id\":\"https:\\\/\\\/prismagamers.com\\\/hu\\\/#organization\",\"name\":\"Prismagamers\",\"url\":\"https:\\\/\\\/prismagamers.com\\\/hu\\\/\",\"logo\":{\"@type\":\"ImageObject\",\"inLanguage\":\"hu\",\"@id\":\"https:\\\/\\\/prismagamers.com\\\/hu\\\/#\\\/schema\\\/logo\\\/image\\\/\",\"url\":\"https:\\\/\\\/prismagamers.com\\\/wp-content\\\/uploads\\\/2022\\\/04\\\/cropped-logo-Prismagamers-01-scaled-1.jpg\",\"contentUrl\":\"https:\\\/\\\/prismagamers.com\\\/wp-content\\\/uploads\\\/2022\\\/04\\\/cropped-logo-Prismagamers-01-scaled-1.jpg\",\"width\":512,\"height\":512,\"caption\":\"Prismagamers\"},\"image\":{\"@id\":\"https:\\\/\\\/prismagamers.com\\\/hu\\\/#\\\/schema\\\/logo\\\/image\\\/\"},\"sameAs\":[\"https:\\\/\\\/www.facebook.com\\\/prismagamers\",\"https:\\\/\\\/www.instagram.com\\\/prismagamers_grycyfrowe\\\/\"],\"description\":\"Prismagamers.com to dynamiczny sklep z grami cyfrowymi, stworzony z my\u015bl\u0105 o entuzjastach gier wideo. Nasza strona oferuje szerok\u0105 gam\u0119 gier komputerowych, w tym najnowsze tytu\u0142y, dobrze znane klasyki oraz gry stworzone przez niezale\u017cne studia Ca\u0142y czas d\u0105\u017cymy do rozszerzenia naszej oferty. Do\u0142\u0105cz do nas i sta\u0144 si\u0119 cz\u0119\u015bci\u0105 naszej rosn\u0105cej spo\u0142eczno\u015bci graczy!\",\"email\":\"shop@prismagamers.com\",\"telephone\":\"48795541705\",\"legalName\":\"East Caravan Maksym \u017bukow\",\"foundingDate\":\"2012-05-10\",\"vatID\":\"PL8943038612\",\"taxID\":\"PL8943038612\",\"numberOfEmployees\":{\"@type\":\"QuantitativeValue\",\"minValue\":\"11\",\"maxValue\":\"50\"}}]}<\/script>\n<!-- \/ Yoast SEO Premium plugin. -->","yoast_head_json":{"title":"Mez\u0151gazdas\u00e1gi szimul\u00e1tor 25 - Prismagamers.com","description":"A Farming Simulator 25 arra invit\u00e1l, hogy megtapasztald a gazdas\u00e1gban t\u00f6lt\u00f6tt \u00e9letet - sz\u00f3l\u00f3 \u00e9s t\u00f6bbj\u00e1t\u00e9kos m\u00f3dban egyar\u00e1nt. Ez a te farmod, amit a kedvedre fejleszthetsz!  Premier: november 12. \ud83c\udf0d Glob\u00e1lis \u2699\ufe0f Steam \ud83d\udddd Digit\u00e1lis kulcs","robots":{"index":"index","follow":"follow","max-snippet":"max-snippet:-1","max-image-preview":"max-image-preview:large","max-video-preview":"max-video-preview:-1"},"canonical":"https:\/\/prismagamers.com\/hu\/produkt\/mezogazdasagi-szimulator-25\/","og_locale":"hu_HU","og_type":"article","og_title":"Mez\u0151gazdas\u00e1gi szimul\u00e1tor 25","og_description":"A Farming Simulator 25 arra invit\u00e1l, hogy megtapasztald a gazdas\u00e1gban t\u00f6lt\u00f6tt \u00e9letet - sz\u00f3l\u00f3 \u00e9s t\u00f6bbj\u00e1t\u00e9kos m\u00f3dban egyar\u00e1nt. Ez a te farmod, amit a kedvedre fejleszthetsz!  Premier: november 12. \ud83c\udf0d Glob\u00e1lis \u2699\ufe0f Steam \ud83d\udddd Digit\u00e1lis kulcs","og_url":"https:\/\/prismagamers.com\/hu\/produkt\/mezogazdasagi-szimulator-25\/","og_site_name":"Prismagamers.com","article_publisher":"https:\/\/www.facebook.com\/prismagamers","article_modified_time":"2025-07-13T22:01:21+00:00","og_image":[{"width":300,"height":450,"url":"https:\/\/prismagamers.com\/wp-content\/uploads\/2024\/07\/06-LibraryCapsule_600x900-e1730369868771.png","type":"image\/png"}],"twitter_card":"summary_large_image","twitter_misc":{"Becs\u00fclt olvas\u00e1si id\u0151":"2 perc"},"schema":{"@context":"https:\/\/schema.org","@graph":[{"@type":"WebPage","@id":"https:\/\/prismagamers.com\/hu\/produkt\/mezogazdasagi-szimulator-25\/","url":"https:\/\/prismagamers.com\/hu\/produkt\/mezogazdasagi-szimulator-25\/","name":"Mez\u0151gazdas\u00e1gi szimul\u00e1tor 25 - Prismagamers.com","isPartOf":{"@id":"https:\/\/prismagamers.com\/hu\/#website"},"primaryImageOfPage":{"@id":"https:\/\/prismagamers.com\/hu\/produkt\/mezogazdasagi-szimulator-25\/#primaryimage"},"image":{"@id":"https:\/\/prismagamers.com\/hu\/produkt\/mezogazdasagi-szimulator-25\/#primaryimage"},"thumbnailUrl":"https:\/\/prismagamers.com\/wp-content\/uploads\/2024\/07\/06-LibraryCapsule_600x900-e1730369868771.png","datePublished":"2024-10-31T10:18:03+00:00","dateModified":"2025-07-13T22:01:21+00:00","description":"A Farming Simulator 25 arra invit\u00e1l, hogy megtapasztald a gazdas\u00e1gban t\u00f6lt\u00f6tt \u00e9letet - sz\u00f3l\u00f3 \u00e9s t\u00f6bbj\u00e1t\u00e9kos m\u00f3dban egyar\u00e1nt. Ez a te farmod, amit a kedvedre fejleszthetsz! Premier: november 12. \ud83c\udf0d Glob\u00e1lis \u2699\ufe0f Steam \ud83d\udddd Digit\u00e1lis kulcs","breadcrumb":{"@id":"https:\/\/prismagamers.com\/hu\/produkt\/mezogazdasagi-szimulator-25\/#breadcrumb"},"inLanguage":"hu","potentialAction":[{"@type":"ReadAction","target":["https:\/\/prismagamers.com\/hu\/produkt\/mezogazdasagi-szimulator-25\/"]}]},{"@type":"ImageObject","inLanguage":"hu","@id":"https:\/\/prismagamers.com\/hu\/produkt\/mezogazdasagi-szimulator-25\/#primaryimage","url":"https:\/\/prismagamers.com\/wp-content\/uploads\/2024\/07\/06-LibraryCapsule_600x900-e1730369868771.png","contentUrl":"https:\/\/prismagamers.com\/wp-content\/uploads\/2024\/07\/06-LibraryCapsule_600x900-e1730369868771.png","width":300,"height":450},{"@type":"BreadcrumbList","@id":"https:\/\/prismagamers.com\/hu\/produkt\/mezogazdasagi-szimulator-25\/#breadcrumb","itemListElement":[{"@type":"ListItem","position":1,"name":"Strona g\u0142\u00f3wna","item":"https:\/\/prismagamers.com\/hu\/prismagamers\/"},{"@type":"ListItem","position":2,"name":"Shop","item":"https:\/\/prismagamers.com\/hu\/shop\/"},{"@type":"ListItem","position":3,"name":"Mez\u0151gazdas\u00e1gi szimul\u00e1tor 25"}]},{"@type":"WebSite","@id":"https:\/\/prismagamers.com\/hu\/#website","url":"https:\/\/prismagamers.com\/hu\/","name":"Prismagamers","description":"Sklep z grami PC I Sklep klucze Steam","publisher":{"@id":"https:\/\/prismagamers.com\/hu\/#organization"},"potentialAction":[{"@type":"SearchAction","target":{"@type":"EntryPoint","urlTemplate":"https:\/\/prismagamers.com\/hu\/?s={search_term_string}"},"query-input":{"@type":"PropertyValueSpecification","valueRequired":true,"valueName":"search_term_string"}}],"inLanguage":"hu"},{"@type":"Organization","@id":"https:\/\/prismagamers.com\/hu\/#organization","name":"Prismagamers","url":"https:\/\/prismagamers.com\/hu\/","logo":{"@type":"ImageObject","inLanguage":"hu","@id":"https:\/\/prismagamers.com\/hu\/#\/schema\/logo\/image\/","url":"https:\/\/prismagamers.com\/wp-content\/uploads\/2022\/04\/cropped-logo-Prismagamers-01-scaled-1.jpg","contentUrl":"https:\/\/prismagamers.com\/wp-content\/uploads\/2022\/04\/cropped-logo-Prismagamers-01-scaled-1.jpg","width":512,"height":512,"caption":"Prismagamers"},"image":{"@id":"https:\/\/prismagamers.com\/hu\/#\/schema\/logo\/image\/"},"sameAs":["https:\/\/www.facebook.com\/prismagamers","https:\/\/www.instagram.com\/prismagamers_grycyfrowe\/"],"description":"Prismagamers.com to dynamiczny sklep z grami cyfrowymi, stworzony z my\u015bl\u0105 o entuzjastach gier wideo. Nasza strona oferuje szerok\u0105 gam\u0119 gier komputerowych, w tym najnowsze tytu\u0142y, dobrze znane klasyki oraz gry stworzone przez niezale\u017cne studia Ca\u0142y czas d\u0105\u017cymy do rozszerzenia naszej oferty. Do\u0142\u0105cz do nas i sta\u0144 si\u0119 cz\u0119\u015bci\u0105 naszej rosn\u0105cej spo\u0142eczno\u015bci graczy!","email":"shop@prismagamers.com","telephone":"48795541705","legalName":"East Caravan Maksym \u017bukow","foundingDate":"2012-05-10","vatID":"PL8943038612","taxID":"PL8943038612","numberOfEmployees":{"@type":"QuantitativeValue","minValue":"11","maxValue":"50"}}]}},"_links":{"self":[{"href":"https:\/\/prismagamers.com\/hu\/wp-json\/wp\/v2\/product\/38653","targetHints":{"allow":["GET"]}}],"collection":[{"href":"https:\/\/prismagamers.com\/hu\/wp-json\/wp\/v2\/product"}],"about":[{"href":"https:\/\/prismagamers.com\/hu\/wp-json\/wp\/v2\/types\/product"}],"wp:featuredmedia":[{"embeddable":true,"href":"https:\/\/prismagamers.com\/hu\/wp-json\/wp\/v2\/media\/32125"}],"wp:attachment":[{"href":"https:\/\/prismagamers.com\/hu\/wp-json\/wp\/v2\/media?parent=38653"}],"wp:term":[{"taxonomy":"product_brand","embeddable":true,"href":"https:\/\/prismagamers.com\/hu\/wp-json\/wp\/v2\/product_brand?post=38653"},{"taxonomy":"product_cat","embeddable":true,"href":"https:\/\/prismagamers.com\/hu\/wp-json\/wp\/v2\/product_cat?post=38653"},{"taxonomy":"product_tag","embeddable":true,"href":"https:\/\/prismagamers.com\/hu\/wp-json\/wp\/v2\/product_tag?post=38653"}],"curies":[{"name":"wp","href":"https:\/\/api.w.org\/{rel}","templated":true}]}}