{"id":38654,"date":"2024-03-13T15:01:29","date_gmt":"2024-03-13T14:01:29","guid":{"rendered":"https:\/\/prismagamers.com\/produkt\/mezogazdasagi-szimulator-22\/"},"modified":"2024-03-13T15:01:29","modified_gmt":"2024-03-13T14:01:29","slug":"mezogazdasagi-szimulator-22","status":"publish","type":"product","link":"https:\/\/prismagamers.com\/hu\/produkt\/mezogazdasagi-szimulator-22\/","title":{"rendered":"Mez\u0151gazdas\u00e1gi szimul\u00e1tor 22"},"content":{"rendered":"<p>Vedd \u00e1t egy modern farmer szerep\u00e9t, \u00e9s \u00e9p\u00edtsd fel kreat\u00edvan a farmodat h\u00e1rom k\u00fcl\u00f6nb\u00f6z\u0151 amerikai \u00e9s eur\u00f3pai k\u00f6rnyezetben. A Farming Simulator 22 a mez\u0151gazdas\u00e1gra, \u00e1llatteny\u00e9szt\u00e9sre \u00e9s erd\u0151gazd\u00e1lkod\u00e1sra \u00f6sszpontos\u00edt\u00f3 mez\u0151gazdas\u00e1gi m\u0171veletek hatalmas v\u00e1laszt\u00e9k\u00e1t k\u00edn\u00e1lja &#8211; most az \u00e9vszakok izgalmas kieg\u00e9sz\u00edt\u00e9s\u00e9vel! <\/p>\n<p>T\u00f6bb mint 400 g\u00e9p \u00e9s munkag\u00e9p t\u00f6bb mint 100 val\u00f3di mez\u0151gazdas\u00e1gi m\u00e1rk\u00e1t\u00f3l, mint p\u00e9ld\u00e1ul John Deere, CLAAS, Case IH, New Holland, Fendt, Massey Ferguson, Valtra \u00e9s m\u00e9g sok m\u00e1s, lehet\u0151v\u00e9 teszi, hogy olyan n\u00f6v\u00e9nyeket, mint a b\u00faza, a kukorica, a burgonya \u00e9s a gyapot, vetni \u00e9s betakar\u00edtani tudjon. A g\u00e9pek \u00e9s term\u00e9nyek \u00faj kateg\u00f3ri\u00e1i \u00faj mechanik\u00e1kkal gazdag\u00edtj\u00e1k a j\u00e1t\u00e9kmenetet. <\/p>\n<p>A farmodat ak\u00e1r kooperat\u00edv t\u00f6bbj\u00e1t\u00e9kos m\u00f3dban is m\u0171k\u00f6dtetheted, \u00e9s a j\u00e1t\u00e9kot sz\u00e1mos ingyenes, a k\u00f6z\u00f6ss\u00e9g \u00e1ltal k\u00e9sz\u00edtett m\u00f3dos\u00edt\u00e1ssal b\u0151v\u00edtheted. A Farming Simulator 22 minden eddigin\u00e9l nagyobb szabads\u00e1got k\u00edn\u00e1l a j\u00e1t\u00e9kosoknak, \u00e9s kih\u00edv\u00e1st jelent, hogy sikeres farmerr\u00e9 v\u00e1lj &#8211; \u00fagyhogy kezdj el gazd\u00e1lkodni, \u00e9s induljon a j\u00f3 id\u0151! <\/p>\n","protected":false},"excerpt":{"rendered":"<p>Fejleszd a farmodat, \u00e9s n\u00e9zd, ahogy minden vir\u00e1gzik \u00e9s er\u0151teljesen n\u00f6vekszik! \u00c1pold a n\u00f6v\u00e9nyeket, gondozd az \u00e1llatokat, ir\u00e1ny\u00edtsd a termel\u00e9st, \u00e9s k\u00fczdj meg a k\u00fcl\u00f6nb\u00f6z\u0151 szezon\u00e1lis kih\u00edv\u00e1sokkal. <\/p>\n<p><img decoding=\"async\" class=\"emoji\" role=\"img\" src=\"https:\/\/s.w.org\/images\/core\/emoji\/14.0.0\/svg\/1f30d.svg\" alt=\"\ud83c\udf0d\">  Glob\u00e1lis<br \/>\n<img decoding=\"async\" class=\"emoji\" role=\"img\" src=\"https:\/\/s.w.org\/images\/core\/emoji\/14.0.0\/svg\/2699.svg\" alt=\"\u2699\ufe0f\">  G\u0151z<br \/>\n<img decoding=\"async\" class=\"emoji\" role=\"img\" src=\"https:\/\/s.w.org\/images\/core\/emoji\/14.0.0\/svg\/1f5dd.svg\" alt=\"\ud83d\udddd\">  Digit\u00e1lis kulcs<\/p>\n<p>&nbsp;<\/p>\n","protected":false},"featured_media":28737,"template":"","meta":{"_acf_changed":false,"site-sidebar-layout":"default","site-content-layout":"","ast-site-content-layout":"default","site-content-style":"default","site-sidebar-style":"default","ast-global-header-display":"","ast-banner-title-visibility":"","ast-main-header-display":"","ast-hfb-above-header-display":"","ast-hfb-below-header-display":"","ast-hfb-mobile-header-display":"","site-post-title":"","ast-breadcrumbs-content":"","ast-featured-img":"","footer-sml-layout":"","ast-disable-related-posts":"","theme-transparent-header-meta":"default","adv-header-id-meta":"","stick-header-meta":"","header-above-stick-meta":"","header-main-stick-meta":"","header-below-stick-meta":"","astra-migrate-meta-layouts":"default","ast-page-background-enabled":"default","ast-page-background-meta":{"desktop":{"background-color":"var(--ast-global-color-4)","background-image":"","background-repeat":"repeat","background-position":"center center","background-size":"auto","background-attachment":"scroll","background-type":"","background-media":"","overlay-type":"","overlay-color":"","overlay-opacity":"","overlay-gradient":""},"tablet":{"background-color":"","background-image":"","background-repeat":"repeat","background-position":"center center","background-size":"auto","background-attachment":"scroll","background-type":"","background-media":"","overlay-type":"","overlay-color":"","overlay-opacity":"","overlay-gradient":""},"mobile":{"background-color":"","background-image":"","background-repeat":"repeat","background-position":"center center","background-size":"auto","background-attachment":"scroll","background-type":"","background-media":"","overlay-type":"","overlay-color":"","overlay-opacity":"","overlay-gradient":""}},"ast-content-background-meta":{"desktop":{"background-color":"var(--ast-global-color-5)","background-image":"","background-repeat":"repeat","background-position":"center center","background-size":"auto","background-attachment":"scroll","background-type":"","background-media":"","overlay-type":"","overlay-color":"","overlay-opacity":"","overlay-gradient":""},"tablet":{"background-color":"var(--ast-global-color-5)","background-image":"","background-repeat":"repeat","background-position":"center center","background-size":"auto","background-attachment":"scroll","background-type":"","background-media":"","overlay-type":"","overlay-color":"","overlay-opacity":"","overlay-gradient":""},"mobile":{"background-color":"var(--ast-global-color-5)","background-image":"","background-repeat":"repeat","background-position":"center center","background-size":"auto","background-attachment":"scroll","background-type":"","background-media":"","overlay-type":"","overlay-color":"","overlay-opacity":"","overlay-gradient":""}}},"product_brand":[],"product_cat":[451,365,372],"product_tag":[],"class_list":{"0":"post-38654","1":"product","2":"type-product","3":"status-publish","4":"has-post-thumbnail","6":"product_cat-giants-software-gmbh-hu","7":"product_cat-goz","8":"product_cat-jatekok-szimulatorok","9":"desktop-align-left","10":"tablet-align-left","11":"mobile-align-left","13":"first","14":"instock","15":"shipping-taxable","16":"purchasable","17":"product-type-simple"},"acf":[],"yoast_head":"<!-- This site is optimized with the Yoast SEO Premium plugin v27.4 (Yoast SEO v27.4) - https:\/\/yoast.com\/product\/yoast-seo-premium-wordpress\/ -->\n<title>Mez\u0151gazdas\u00e1gi szimul\u00e1tor 22 - Prismagamers.com<\/title>\n<meta name=\"description\" content=\"Fejleszd a farmodat, \u00e9s n\u00e9zd, ahogy minden vir\u00e1gzik \u00e9s er\u0151teljesen n\u00f6vekszik! \u00c1pold a n\u00f6v\u00e9nyeket, gondozd az \u00e1llatokat, ir\u00e1ny\u00edtsd a termel\u00e9st, \u00e9s k\u00fczdj meg a k\u00fcl\u00f6nb\u00f6z\u0151 szezon\u00e1lis kih\u00edv\u00e1sokkal.   Glob\u00e1lis  G\u0151z  Digit\u00e1lis kulcs &nbsp;\" \/>\n<meta name=\"robots\" content=\"index, follow, max-snippet:-1, max-image-preview:large, max-video-preview:-1\" \/>\n<link rel=\"canonical\" href=\"https:\/\/prismagamers.com\/hu\/produkt\/mezogazdasagi-szimulator-22\/\" \/>\n<meta property=\"og:locale\" content=\"hu_HU\" \/>\n<meta property=\"og:type\" content=\"article\" \/>\n<meta property=\"og:title\" content=\"Mez\u0151gazdas\u00e1gi szimul\u00e1tor 22\" \/>\n<meta property=\"og:description\" content=\"Fejleszd a farmodat, \u00e9s n\u00e9zd, ahogy minden vir\u00e1gzik \u00e9s er\u0151teljesen n\u00f6vekszik! \u00c1pold a n\u00f6v\u00e9nyeket, gondozd az \u00e1llatokat, ir\u00e1ny\u00edtsd a termel\u00e9st, \u00e9s k\u00fczdj meg a k\u00fcl\u00f6nb\u00f6z\u0151 szezon\u00e1lis kih\u00edv\u00e1sokkal.   Glob\u00e1lis  G\u0151z  Digit\u00e1lis kulcs &nbsp;\" \/>\n<meta property=\"og:url\" content=\"https:\/\/prismagamers.com\/hu\/produkt\/mezogazdasagi-szimulator-22\/\" \/>\n<meta property=\"og:site_name\" content=\"Prismagamers.com\" \/>\n<meta property=\"article:publisher\" content=\"https:\/\/www.facebook.com\/prismagamers\" \/>\n<meta property=\"og:image\" content=\"https:\/\/prismagamers.com\/wp-content\/uploads\/2023\/11\/library_600x900-17.jpg\" \/>\n\t<meta property=\"og:image:width\" content=\"300\" \/>\n\t<meta property=\"og:image:height\" content=\"450\" \/>\n\t<meta property=\"og:image:type\" content=\"image\/jpeg\" \/>\n<meta name=\"twitter:card\" content=\"summary_large_image\" \/>\n<meta name=\"twitter:label1\" content=\"Becs\u00fclt olvas\u00e1si id\u0151\" \/>\n\t<meta name=\"twitter:data1\" content=\"1 perc\" \/>\n<script type=\"application\/ld+json\" class=\"yoast-schema-graph\">{\"@context\":\"https:\\\/\\\/schema.org\",\"@graph\":[{\"@type\":\"WebPage\",\"@id\":\"https:\\\/\\\/prismagamers.com\\\/hu\\\/produkt\\\/mezogazdasagi-szimulator-22\\\/\",\"url\":\"https:\\\/\\\/prismagamers.com\\\/hu\\\/produkt\\\/mezogazdasagi-szimulator-22\\\/\",\"name\":\"Mez\u0151gazdas\u00e1gi szimul\u00e1tor 22 - Prismagamers.com\",\"isPartOf\":{\"@id\":\"https:\\\/\\\/prismagamers.com\\\/hu\\\/#website\"},\"primaryImageOfPage\":{\"@id\":\"https:\\\/\\\/prismagamers.com\\\/hu\\\/produkt\\\/mezogazdasagi-szimulator-22\\\/#primaryimage\"},\"image\":{\"@id\":\"https:\\\/\\\/prismagamers.com\\\/hu\\\/produkt\\\/mezogazdasagi-szimulator-22\\\/#primaryimage\"},\"thumbnailUrl\":\"https:\\\/\\\/prismagamers.com\\\/wp-content\\\/uploads\\\/2023\\\/11\\\/library_600x900-17.jpg\",\"datePublished\":\"2024-03-13T14:01:29+00:00\",\"description\":\"Fejleszd a farmodat, \u00e9s n\u00e9zd, ahogy minden vir\u00e1gzik \u00e9s er\u0151teljesen n\u00f6vekszik! \u00c1pold a n\u00f6v\u00e9nyeket, gondozd az \u00e1llatokat, ir\u00e1ny\u00edtsd a termel\u00e9st, \u00e9s k\u00fczdj meg a k\u00fcl\u00f6nb\u00f6z\u0151 szezon\u00e1lis kih\u00edv\u00e1sokkal. Glob\u00e1lis G\u0151z Digit\u00e1lis kulcs &nbsp;\",\"breadcrumb\":{\"@id\":\"https:\\\/\\\/prismagamers.com\\\/hu\\\/produkt\\\/mezogazdasagi-szimulator-22\\\/#breadcrumb\"},\"inLanguage\":\"hu\",\"potentialAction\":[{\"@type\":\"ReadAction\",\"target\":[\"https:\\\/\\\/prismagamers.com\\\/hu\\\/produkt\\\/mezogazdasagi-szimulator-22\\\/\"]}]},{\"@type\":\"ImageObject\",\"inLanguage\":\"hu\",\"@id\":\"https:\\\/\\\/prismagamers.com\\\/hu\\\/produkt\\\/mezogazdasagi-szimulator-22\\\/#primaryimage\",\"url\":\"https:\\\/\\\/prismagamers.com\\\/wp-content\\\/uploads\\\/2023\\\/11\\\/library_600x900-17.jpg\",\"contentUrl\":\"https:\\\/\\\/prismagamers.com\\\/wp-content\\\/uploads\\\/2023\\\/11\\\/library_600x900-17.jpg\",\"width\":300,\"height\":450},{\"@type\":\"BreadcrumbList\",\"@id\":\"https:\\\/\\\/prismagamers.com\\\/hu\\\/produkt\\\/mezogazdasagi-szimulator-22\\\/#breadcrumb\",\"itemListElement\":[{\"@type\":\"ListItem\",\"position\":1,\"name\":\"Strona g\u0142\u00f3wna\",\"item\":\"https:\\\/\\\/prismagamers.com\\\/hu\\\/prismagamers\\\/\"},{\"@type\":\"ListItem\",\"position\":2,\"name\":\"Shop\",\"item\":\"https:\\\/\\\/prismagamers.com\\\/hu\\\/shop\\\/\"},{\"@type\":\"ListItem\",\"position\":3,\"name\":\"Mez\u0151gazdas\u00e1gi szimul\u00e1tor 22\"}]},{\"@type\":\"WebSite\",\"@id\":\"https:\\\/\\\/prismagamers.com\\\/hu\\\/#website\",\"url\":\"https:\\\/\\\/prismagamers.com\\\/hu\\\/\",\"name\":\"Prismagamers\",\"description\":\"Sklep z grami PC I Sklep klucze Steam\",\"publisher\":{\"@id\":\"https:\\\/\\\/prismagamers.com\\\/hu\\\/#organization\"},\"potentialAction\":[{\"@type\":\"SearchAction\",\"target\":{\"@type\":\"EntryPoint\",\"urlTemplate\":\"https:\\\/\\\/prismagamers.com\\\/hu\\\/?s={search_term_string}\"},\"query-input\":{\"@type\":\"PropertyValueSpecification\",\"valueRequired\":true,\"valueName\":\"search_term_string\"}}],\"inLanguage\":\"hu\"},{\"@type\":\"Organization\",\"@id\":\"https:\\\/\\\/prismagamers.com\\\/hu\\\/#organization\",\"name\":\"Prismagamers\",\"url\":\"https:\\\/\\\/prismagamers.com\\\/hu\\\/\",\"logo\":{\"@type\":\"ImageObject\",\"inLanguage\":\"hu\",\"@id\":\"https:\\\/\\\/prismagamers.com\\\/hu\\\/#\\\/schema\\\/logo\\\/image\\\/\",\"url\":\"https:\\\/\\\/prismagamers.com\\\/wp-content\\\/uploads\\\/2022\\\/04\\\/cropped-logo-Prismagamers-01-scaled-1.jpg\",\"contentUrl\":\"https:\\\/\\\/prismagamers.com\\\/wp-content\\\/uploads\\\/2022\\\/04\\\/cropped-logo-Prismagamers-01-scaled-1.jpg\",\"width\":512,\"height\":512,\"caption\":\"Prismagamers\"},\"image\":{\"@id\":\"https:\\\/\\\/prismagamers.com\\\/hu\\\/#\\\/schema\\\/logo\\\/image\\\/\"},\"sameAs\":[\"https:\\\/\\\/www.facebook.com\\\/prismagamers\",\"https:\\\/\\\/www.instagram.com\\\/prismagamers_grycyfrowe\\\/\"],\"description\":\"Prismagamers.com to dynamiczny sklep z grami cyfrowymi, stworzony z my\u015bl\u0105 o entuzjastach gier wideo. Nasza strona oferuje szerok\u0105 gam\u0119 gier komputerowych, w tym najnowsze tytu\u0142y, dobrze znane klasyki oraz gry stworzone przez niezale\u017cne studia Ca\u0142y czas d\u0105\u017cymy do rozszerzenia naszej oferty. Do\u0142\u0105cz do nas i sta\u0144 si\u0119 cz\u0119\u015bci\u0105 naszej rosn\u0105cej spo\u0142eczno\u015bci graczy!\",\"email\":\"shop@prismagamers.com\",\"telephone\":\"48795541705\",\"legalName\":\"East Caravan Maksym \u017bukow\",\"foundingDate\":\"2012-05-10\",\"vatID\":\"PL8943038612\",\"taxID\":\"PL8943038612\",\"numberOfEmployees\":{\"@type\":\"QuantitativeValue\",\"minValue\":\"11\",\"maxValue\":\"50\"}}]}<\/script>\n<!-- \/ Yoast SEO Premium plugin. -->","yoast_head_json":{"title":"Mez\u0151gazdas\u00e1gi szimul\u00e1tor 22 - Prismagamers.com","description":"Fejleszd a farmodat, \u00e9s n\u00e9zd, ahogy minden vir\u00e1gzik \u00e9s er\u0151teljesen n\u00f6vekszik! \u00c1pold a n\u00f6v\u00e9nyeket, gondozd az \u00e1llatokat, ir\u00e1ny\u00edtsd a termel\u00e9st, \u00e9s k\u00fczdj meg a k\u00fcl\u00f6nb\u00f6z\u0151 szezon\u00e1lis kih\u00edv\u00e1sokkal.   Glob\u00e1lis  G\u0151z  Digit\u00e1lis kulcs &nbsp;","robots":{"index":"index","follow":"follow","max-snippet":"max-snippet:-1","max-image-preview":"max-image-preview:large","max-video-preview":"max-video-preview:-1"},"canonical":"https:\/\/prismagamers.com\/hu\/produkt\/mezogazdasagi-szimulator-22\/","og_locale":"hu_HU","og_type":"article","og_title":"Mez\u0151gazdas\u00e1gi szimul\u00e1tor 22","og_description":"Fejleszd a farmodat, \u00e9s n\u00e9zd, ahogy minden vir\u00e1gzik \u00e9s er\u0151teljesen n\u00f6vekszik! \u00c1pold a n\u00f6v\u00e9nyeket, gondozd az \u00e1llatokat, ir\u00e1ny\u00edtsd a termel\u00e9st, \u00e9s k\u00fczdj meg a k\u00fcl\u00f6nb\u00f6z\u0151 szezon\u00e1lis kih\u00edv\u00e1sokkal.   Glob\u00e1lis  G\u0151z  Digit\u00e1lis kulcs &nbsp;","og_url":"https:\/\/prismagamers.com\/hu\/produkt\/mezogazdasagi-szimulator-22\/","og_site_name":"Prismagamers.com","article_publisher":"https:\/\/www.facebook.com\/prismagamers","og_image":[{"width":300,"height":450,"url":"https:\/\/prismagamers.com\/wp-content\/uploads\/2023\/11\/library_600x900-17.jpg","type":"image\/jpeg"}],"twitter_card":"summary_large_image","twitter_misc":{"Becs\u00fclt olvas\u00e1si id\u0151":"1 perc"},"schema":{"@context":"https:\/\/schema.org","@graph":[{"@type":"WebPage","@id":"https:\/\/prismagamers.com\/hu\/produkt\/mezogazdasagi-szimulator-22\/","url":"https:\/\/prismagamers.com\/hu\/produkt\/mezogazdasagi-szimulator-22\/","name":"Mez\u0151gazdas\u00e1gi szimul\u00e1tor 22 - Prismagamers.com","isPartOf":{"@id":"https:\/\/prismagamers.com\/hu\/#website"},"primaryImageOfPage":{"@id":"https:\/\/prismagamers.com\/hu\/produkt\/mezogazdasagi-szimulator-22\/#primaryimage"},"image":{"@id":"https:\/\/prismagamers.com\/hu\/produkt\/mezogazdasagi-szimulator-22\/#primaryimage"},"thumbnailUrl":"https:\/\/prismagamers.com\/wp-content\/uploads\/2023\/11\/library_600x900-17.jpg","datePublished":"2024-03-13T14:01:29+00:00","description":"Fejleszd a farmodat, \u00e9s n\u00e9zd, ahogy minden vir\u00e1gzik \u00e9s er\u0151teljesen n\u00f6vekszik! \u00c1pold a n\u00f6v\u00e9nyeket, gondozd az \u00e1llatokat, ir\u00e1ny\u00edtsd a termel\u00e9st, \u00e9s k\u00fczdj meg a k\u00fcl\u00f6nb\u00f6z\u0151 szezon\u00e1lis kih\u00edv\u00e1sokkal. Glob\u00e1lis G\u0151z Digit\u00e1lis kulcs &nbsp;","breadcrumb":{"@id":"https:\/\/prismagamers.com\/hu\/produkt\/mezogazdasagi-szimulator-22\/#breadcrumb"},"inLanguage":"hu","potentialAction":[{"@type":"ReadAction","target":["https:\/\/prismagamers.com\/hu\/produkt\/mezogazdasagi-szimulator-22\/"]}]},{"@type":"ImageObject","inLanguage":"hu","@id":"https:\/\/prismagamers.com\/hu\/produkt\/mezogazdasagi-szimulator-22\/#primaryimage","url":"https:\/\/prismagamers.com\/wp-content\/uploads\/2023\/11\/library_600x900-17.jpg","contentUrl":"https:\/\/prismagamers.com\/wp-content\/uploads\/2023\/11\/library_600x900-17.jpg","width":300,"height":450},{"@type":"BreadcrumbList","@id":"https:\/\/prismagamers.com\/hu\/produkt\/mezogazdasagi-szimulator-22\/#breadcrumb","itemListElement":[{"@type":"ListItem","position":1,"name":"Strona g\u0142\u00f3wna","item":"https:\/\/prismagamers.com\/hu\/prismagamers\/"},{"@type":"ListItem","position":2,"name":"Shop","item":"https:\/\/prismagamers.com\/hu\/shop\/"},{"@type":"ListItem","position":3,"name":"Mez\u0151gazdas\u00e1gi szimul\u00e1tor 22"}]},{"@type":"WebSite","@id":"https:\/\/prismagamers.com\/hu\/#website","url":"https:\/\/prismagamers.com\/hu\/","name":"Prismagamers","description":"Sklep z grami PC I Sklep klucze Steam","publisher":{"@id":"https:\/\/prismagamers.com\/hu\/#organization"},"potentialAction":[{"@type":"SearchAction","target":{"@type":"EntryPoint","urlTemplate":"https:\/\/prismagamers.com\/hu\/?s={search_term_string}"},"query-input":{"@type":"PropertyValueSpecification","valueRequired":true,"valueName":"search_term_string"}}],"inLanguage":"hu"},{"@type":"Organization","@id":"https:\/\/prismagamers.com\/hu\/#organization","name":"Prismagamers","url":"https:\/\/prismagamers.com\/hu\/","logo":{"@type":"ImageObject","inLanguage":"hu","@id":"https:\/\/prismagamers.com\/hu\/#\/schema\/logo\/image\/","url":"https:\/\/prismagamers.com\/wp-content\/uploads\/2022\/04\/cropped-logo-Prismagamers-01-scaled-1.jpg","contentUrl":"https:\/\/prismagamers.com\/wp-content\/uploads\/2022\/04\/cropped-logo-Prismagamers-01-scaled-1.jpg","width":512,"height":512,"caption":"Prismagamers"},"image":{"@id":"https:\/\/prismagamers.com\/hu\/#\/schema\/logo\/image\/"},"sameAs":["https:\/\/www.facebook.com\/prismagamers","https:\/\/www.instagram.com\/prismagamers_grycyfrowe\/"],"description":"Prismagamers.com to dynamiczny sklep z grami cyfrowymi, stworzony z my\u015bl\u0105 o entuzjastach gier wideo. Nasza strona oferuje szerok\u0105 gam\u0119 gier komputerowych, w tym najnowsze tytu\u0142y, dobrze znane klasyki oraz gry stworzone przez niezale\u017cne studia Ca\u0142y czas d\u0105\u017cymy do rozszerzenia naszej oferty. Do\u0142\u0105cz do nas i sta\u0144 si\u0119 cz\u0119\u015bci\u0105 naszej rosn\u0105cej spo\u0142eczno\u015bci graczy!","email":"shop@prismagamers.com","telephone":"48795541705","legalName":"East Caravan Maksym \u017bukow","foundingDate":"2012-05-10","vatID":"PL8943038612","taxID":"PL8943038612","numberOfEmployees":{"@type":"QuantitativeValue","minValue":"11","maxValue":"50"}}]}},"_links":{"self":[{"href":"https:\/\/prismagamers.com\/hu\/wp-json\/wp\/v2\/product\/38654","targetHints":{"allow":["GET"]}}],"collection":[{"href":"https:\/\/prismagamers.com\/hu\/wp-json\/wp\/v2\/product"}],"about":[{"href":"https:\/\/prismagamers.com\/hu\/wp-json\/wp\/v2\/types\/product"}],"wp:featuredmedia":[{"embeddable":true,"href":"https:\/\/prismagamers.com\/hu\/wp-json\/wp\/v2\/media\/28737"}],"wp:attachment":[{"href":"https:\/\/prismagamers.com\/hu\/wp-json\/wp\/v2\/media?parent=38654"}],"wp:term":[{"taxonomy":"product_brand","embeddable":true,"href":"https:\/\/prismagamers.com\/hu\/wp-json\/wp\/v2\/product_brand?post=38654"},{"taxonomy":"product_cat","embeddable":true,"href":"https:\/\/prismagamers.com\/hu\/wp-json\/wp\/v2\/product_cat?post=38654"},{"taxonomy":"product_tag","embeddable":true,"href":"https:\/\/prismagamers.com\/hu\/wp-json\/wp\/v2\/product_tag?post=38654"}],"curies":[{"name":"wp","href":"https:\/\/api.w.org\/{rel}","templated":true}]}}