{"id":38655,"date":"2024-03-13T14:54:36","date_gmt":"2024-03-13T13:54:36","guid":{"rendered":"https:\/\/prismagamers.com\/produkt\/mezogazdasagi-szimulator-2011\/"},"modified":"2025-06-04T23:02:22","modified_gmt":"2025-06-04T21:02:22","slug":"mezogazdasagi-szimulator-2011","status":"publish","type":"product","link":"https:\/\/prismagamers.com\/hu\/produkt\/mezogazdasagi-szimulator-2011\/","title":{"rendered":"Mez\u0151gazdas\u00e1gi szimul\u00e1tor 2011"},"content":{"rendered":"<p>A vil\u00e1g legsikeresebb \u201eFarming Simulator\u201d folytat\u00e1sa rengeteg \u00faj funkci\u00f3val rendelkezik!<\/p>\n<p>Vedd \u00e1t egy farmer szerep\u00e9t, aki egy 18 \u00f3r\u00e1s munkanap kih\u00edv\u00e1s\u00e1t \u00e9li \u00e1t egy \u00faj farmon, a gy\u00f6ny\u00f6r\u0171, hull\u00e1mz\u00f3 vid\u00e9k k\u00f6zep\u00e9n.<br \/>\nA j\u00e1t\u00e9kot \u00fagy kezded, hogy egy kis j\u00e1rm\u0171- \u00e9s g\u00e9pkollekci\u00f3b\u00f3l v\u00e1lasztasz, hogy felfedezd a mind\u00f6ssze 4 km-es, meglehet\u0151sen gy\u00e9r mez\u0151gazdas\u00e1gi ter\u00fcletet. Ahogy haladsz el\u0151re a j\u00e1t\u00e9kban, k\u00fcl\u00f6nb\u00f6z\u0151 feladatokat v\u00e9gzel, p\u00e9ld\u00e1ul teheneket nevelsz \u00e9s etetsz, vagy tr\u00e1gy\u00e1t sz\u00f3rsz, fejsz, sz\u00e1ntasz, vetsz \u00e9s b\u00e1l\u00e1zol, hogy vagyont gy\u0171jts \u00e9s \u00fajabb \u00e9s jobb felszerel\u00e9sekbe \u00e9s g\u00e9pekbe fektess. <\/p>\n<p>A t\u00f6bbj\u00e1t\u00e9kos m\u00f3d lehet\u0151v\u00e9 teszi, hogy bar\u00e1taiddal egy\u00fctt ir\u00e1ny\u00edtsd a farmodat az interneten vagy helyi h\u00e1l\u00f3zaton kereszt\u00fcl.<br \/>\nA karrier m\u00f3dban egy fiatal farmer szerep\u00e9be b\u00fajhatsz, \u00e9s megtapasztalhatod a mindennapi farm\u00e9letet egy teljesen adapt\u00e1lhat\u00f3 vil\u00e1gban.<br \/>\nV\u00e1logass a hiteles licencelt mez\u0151gazdas\u00e1gi g\u00e9pek sokas\u00e1ga k\u00f6z\u00fcl, bele\u00e9rtve a traktorokat, komb\u00e1jnokat, ek\u00e9ket, vet\u0151g\u00e9peket \u00e9s b\u00e1l\u00e1z\u00f3kat.<br \/>\nA vezet\u0151 gy\u00e1rt\u00f3k, p\u00e9ld\u00e1ul a DEUTZ-FAHR, KRONE, HORSCH, P\u00d6TTINGER \u00e9s VOGEL &amp; NOOT licencelt g\u00e9peinek k\u00f6sz\u00f6nhet\u0151en autentikus mez\u0151gazdas\u00e1gi g\u00e9pek felett veheted \u00e1t az ir\u00e1ny\u00edt\u00e1st.<\/p>\n<p><strong>JELLEMZ\u0150K:<\/strong><br \/>\nKarrier m\u00f3d \u00fczleti r\u00e9sszel \u00e9s szarvasmarha teny\u00e9szt\u00e9ssel<br \/>\nT\u00f6bbj\u00e1t\u00e9kos m\u00f3d a bar\u00e1tokkal val\u00f3 j\u00e1t\u00e9khoz az interneten\/LAN-on kereszt\u00fcl<br \/>\nNagy \u00faj j\u00e1rm\u0171park autentikus DEUTZ-FAHR, KRONE, HORSCH, P\u00d6TTINGER \u00e9s VOGEL &amp; NOOT mez\u0151gazdas\u00e1gi g\u00e9pekkel<br \/>\nRengeteg fejlett felszerel\u00e9s<br \/>\nSz\u00e1m\u00edt\u00f3g\u00e9p \u00e1ltal vez\u00e9relt seg\u00edt\u0151k<br \/>\nGamepad \u00e9s korm\u00e1nyker\u00e9k t\u00e1mogat\u00e1sa<\/p>\n<p>&nbsp;<\/p>\n","protected":false},"excerpt":{"rendered":"<p>A vil\u00e1gszerte bestsellerr\u00e9 v\u00e1lt \u201eFarming Simulator\u201d folytat\u00e1sa rengeteg \u00faj funkci\u00f3val rendelkezik! Vedd \u00e1t egy farmer szerep\u00e9t, aki megtapasztalja a 18 \u00f3r\u00e1s napok kih\u00edv\u00e1sait, amikor egy \u00faj farmot vezet egy gy\u00f6ny\u00f6r\u0171, dombos vid\u00e9k k\u00f6zep\u00e9n. <\/p>\n<p><img decoding=\"async\" class=\"emoji\" role=\"img\" src=\"https:\/\/s.w.org\/images\/core\/emoji\/14.0.0\/svg\/1f30d.svg\" alt=\"\ud83c\udf0d\">  Glob\u00e1lis<br \/>\n<img decoding=\"async\" class=\"emoji\" role=\"img\" src=\"https:\/\/s.w.org\/images\/core\/emoji\/14.0.0\/svg\/2699.svg\" alt=\"\u2699\ufe0f\">  G\u0151z<br \/>\n<img decoding=\"async\" class=\"emoji\" role=\"img\" src=\"https:\/\/s.w.org\/images\/core\/emoji\/14.0.0\/svg\/1f5dd.svg\" alt=\"\ud83d\udddd\">  Digit\u00e1lis kulcs<\/p>\n","protected":false},"featured_media":28856,"template":"","meta":{"_acf_changed":false,"site-sidebar-layout":"default","site-content-layout":"","ast-site-content-layout":"default","site-content-style":"default","site-sidebar-style":"default","ast-global-header-display":"","ast-banner-title-visibility":"","ast-main-header-display":"","ast-hfb-above-header-display":"","ast-hfb-below-header-display":"","ast-hfb-mobile-header-display":"","site-post-title":"","ast-breadcrumbs-content":"","ast-featured-img":"","footer-sml-layout":"","ast-disable-related-posts":"","theme-transparent-header-meta":"default","adv-header-id-meta":"","stick-header-meta":"","header-above-stick-meta":"","header-main-stick-meta":"","header-below-stick-meta":"","astra-migrate-meta-layouts":"default","ast-page-background-enabled":"default","ast-page-background-meta":{"desktop":{"background-color":"var(--ast-global-color-4)","background-image":"","background-repeat":"repeat","background-position":"center center","background-size":"auto","background-attachment":"scroll","background-type":"","background-media":"","overlay-type":"","overlay-color":"","overlay-opacity":"","overlay-gradient":""},"tablet":{"background-color":"","background-image":"","background-repeat":"repeat","background-position":"center center","background-size":"auto","background-attachment":"scroll","background-type":"","background-media":"","overlay-type":"","overlay-color":"","overlay-opacity":"","overlay-gradient":""},"mobile":{"background-color":"","background-image":"","background-repeat":"repeat","background-position":"center center","background-size":"auto","background-attachment":"scroll","background-type":"","background-media":"","overlay-type":"","overlay-color":"","overlay-opacity":"","overlay-gradient":""}},"ast-content-background-meta":{"desktop":{"background-color":"var(--ast-global-color-5)","background-image":"","background-repeat":"repeat","background-position":"center center","background-size":"auto","background-attachment":"scroll","background-type":"","background-media":"","overlay-type":"","overlay-color":"","overlay-opacity":"","overlay-gradient":""},"tablet":{"background-color":"var(--ast-global-color-5)","background-image":"","background-repeat":"repeat","background-position":"center center","background-size":"auto","background-attachment":"scroll","background-type":"","background-media":"","overlay-type":"","overlay-color":"","overlay-opacity":"","overlay-gradient":""},"mobile":{"background-color":"var(--ast-global-color-5)","background-image":"","background-repeat":"repeat","background-position":"center center","background-size":"auto","background-attachment":"scroll","background-type":"","background-media":"","overlay-type":"","overlay-color":"","overlay-opacity":"","overlay-gradient":""}}},"product_brand":[],"product_cat":[451,365,372],"product_tag":[],"class_list":{"0":"post-38655","1":"product","2":"type-product","3":"status-publish","4":"has-post-thumbnail","6":"product_cat-giants-software-gmbh-hu","7":"product_cat-goz","8":"product_cat-jatekok-szimulatorok","9":"desktop-align-left","10":"tablet-align-left","11":"mobile-align-left","13":"first","14":"instock","15":"shipping-taxable","16":"purchasable","17":"product-type-simple"},"acf":[],"yoast_head":"<!-- This site is optimized with the Yoast SEO Premium plugin v27.4 (Yoast SEO v27.4) - https:\/\/yoast.com\/product\/yoast-seo-premium-wordpress\/ -->\n<title>Mez\u0151gazdas\u00e1gi szimul\u00e1tor 2011 - Prismagamers.com<\/title>\n<meta name=\"description\" content=\"A vil\u00e1gszerte bestsellerr\u00e9 v\u00e1lt \u201eFarming Simulator\u201d folytat\u00e1sa rengeteg \u00faj funkci\u00f3val rendelkezik! Vedd \u00e1t egy farmer szerep\u00e9t, aki megtapasztalja a 18 \u00f3r\u00e1s napok kih\u00edv\u00e1sait, amikor egy \u00faj farmot vezet egy gy\u00f6ny\u00f6r\u0171, dombos vid\u00e9k k\u00f6zep\u00e9n.   Glob\u00e1lis  G\u0151z  Digit\u00e1lis kulcs\" \/>\n<meta name=\"robots\" content=\"index, follow, max-snippet:-1, max-image-preview:large, max-video-preview:-1\" \/>\n<link rel=\"canonical\" href=\"https:\/\/prismagamers.com\/hu\/produkt\/mezogazdasagi-szimulator-2011\/\" \/>\n<meta property=\"og:locale\" content=\"hu_HU\" \/>\n<meta property=\"og:type\" content=\"article\" \/>\n<meta property=\"og:title\" content=\"Mez\u0151gazdas\u00e1gi szimul\u00e1tor 2011\" \/>\n<meta property=\"og:description\" content=\"A vil\u00e1gszerte bestsellerr\u00e9 v\u00e1lt \u201eFarming Simulator\u201d folytat\u00e1sa rengeteg \u00faj funkci\u00f3val rendelkezik! Vedd \u00e1t egy farmer szerep\u00e9t, aki megtapasztalja a 18 \u00f3r\u00e1s napok kih\u00edv\u00e1sait, amikor egy \u00faj farmot vezet egy gy\u00f6ny\u00f6r\u0171, dombos vid\u00e9k k\u00f6zep\u00e9n.   Glob\u00e1lis  G\u0151z  Digit\u00e1lis kulcs\" \/>\n<meta property=\"og:url\" content=\"https:\/\/prismagamers.com\/hu\/produkt\/mezogazdasagi-szimulator-2011\/\" \/>\n<meta property=\"og:site_name\" content=\"Prismagamers.com\" \/>\n<meta property=\"article:publisher\" content=\"https:\/\/www.facebook.com\/prismagamers\" \/>\n<meta property=\"article:modified_time\" content=\"2025-06-04T21:02:22+00:00\" \/>\n<meta property=\"og:image\" content=\"https:\/\/prismagamers.com\/wp-content\/uploads\/2023\/11\/library_600x900_2x-14-e1710338062748.jpg\" \/>\n\t<meta property=\"og:image:width\" content=\"300\" \/>\n\t<meta property=\"og:image:height\" content=\"450\" \/>\n\t<meta property=\"og:image:type\" content=\"image\/jpeg\" \/>\n<meta name=\"twitter:card\" content=\"summary_large_image\" \/>\n<meta name=\"twitter:label1\" content=\"Becs\u00fclt olvas\u00e1si id\u0151\" \/>\n\t<meta name=\"twitter:data1\" content=\"2 perc\" \/>\n<script type=\"application\/ld+json\" class=\"yoast-schema-graph\">{\"@context\":\"https:\\\/\\\/schema.org\",\"@graph\":[{\"@type\":\"WebPage\",\"@id\":\"https:\\\/\\\/prismagamers.com\\\/hu\\\/produkt\\\/mezogazdasagi-szimulator-2011\\\/\",\"url\":\"https:\\\/\\\/prismagamers.com\\\/hu\\\/produkt\\\/mezogazdasagi-szimulator-2011\\\/\",\"name\":\"Mez\u0151gazdas\u00e1gi szimul\u00e1tor 2011 - Prismagamers.com\",\"isPartOf\":{\"@id\":\"https:\\\/\\\/prismagamers.com\\\/hu\\\/#website\"},\"primaryImageOfPage\":{\"@id\":\"https:\\\/\\\/prismagamers.com\\\/hu\\\/produkt\\\/mezogazdasagi-szimulator-2011\\\/#primaryimage\"},\"image\":{\"@id\":\"https:\\\/\\\/prismagamers.com\\\/hu\\\/produkt\\\/mezogazdasagi-szimulator-2011\\\/#primaryimage\"},\"thumbnailUrl\":\"https:\\\/\\\/prismagamers.com\\\/wp-content\\\/uploads\\\/2023\\\/11\\\/library_600x900_2x-14-e1710338062748.jpg\",\"datePublished\":\"2024-03-13T13:54:36+00:00\",\"dateModified\":\"2025-06-04T21:02:22+00:00\",\"description\":\"A vil\u00e1gszerte bestsellerr\u00e9 v\u00e1lt \u201eFarming Simulator\u201d folytat\u00e1sa rengeteg \u00faj funkci\u00f3val rendelkezik! Vedd \u00e1t egy farmer szerep\u00e9t, aki megtapasztalja a 18 \u00f3r\u00e1s napok kih\u00edv\u00e1sait, amikor egy \u00faj farmot vezet egy gy\u00f6ny\u00f6r\u0171, dombos vid\u00e9k k\u00f6zep\u00e9n. Glob\u00e1lis G\u0151z Digit\u00e1lis kulcs\",\"breadcrumb\":{\"@id\":\"https:\\\/\\\/prismagamers.com\\\/hu\\\/produkt\\\/mezogazdasagi-szimulator-2011\\\/#breadcrumb\"},\"inLanguage\":\"hu\",\"potentialAction\":[{\"@type\":\"ReadAction\",\"target\":[\"https:\\\/\\\/prismagamers.com\\\/hu\\\/produkt\\\/mezogazdasagi-szimulator-2011\\\/\"]}]},{\"@type\":\"ImageObject\",\"inLanguage\":\"hu\",\"@id\":\"https:\\\/\\\/prismagamers.com\\\/hu\\\/produkt\\\/mezogazdasagi-szimulator-2011\\\/#primaryimage\",\"url\":\"https:\\\/\\\/prismagamers.com\\\/wp-content\\\/uploads\\\/2023\\\/11\\\/library_600x900_2x-14-e1710338062748.jpg\",\"contentUrl\":\"https:\\\/\\\/prismagamers.com\\\/wp-content\\\/uploads\\\/2023\\\/11\\\/library_600x900_2x-14-e1710338062748.jpg\",\"width\":300,\"height\":450},{\"@type\":\"BreadcrumbList\",\"@id\":\"https:\\\/\\\/prismagamers.com\\\/hu\\\/produkt\\\/mezogazdasagi-szimulator-2011\\\/#breadcrumb\",\"itemListElement\":[{\"@type\":\"ListItem\",\"position\":1,\"name\":\"Strona g\u0142\u00f3wna\",\"item\":\"https:\\\/\\\/prismagamers.com\\\/hu\\\/prismagamers\\\/\"},{\"@type\":\"ListItem\",\"position\":2,\"name\":\"Shop\",\"item\":\"https:\\\/\\\/prismagamers.com\\\/hu\\\/shop\\\/\"},{\"@type\":\"ListItem\",\"position\":3,\"name\":\"Mez\u0151gazdas\u00e1gi szimul\u00e1tor 2011\"}]},{\"@type\":\"WebSite\",\"@id\":\"https:\\\/\\\/prismagamers.com\\\/hu\\\/#website\",\"url\":\"https:\\\/\\\/prismagamers.com\\\/hu\\\/\",\"name\":\"Prismagamers\",\"description\":\"Sklep z grami PC I Sklep klucze Steam\",\"publisher\":{\"@id\":\"https:\\\/\\\/prismagamers.com\\\/hu\\\/#organization\"},\"potentialAction\":[{\"@type\":\"SearchAction\",\"target\":{\"@type\":\"EntryPoint\",\"urlTemplate\":\"https:\\\/\\\/prismagamers.com\\\/hu\\\/?s={search_term_string}\"},\"query-input\":{\"@type\":\"PropertyValueSpecification\",\"valueRequired\":true,\"valueName\":\"search_term_string\"}}],\"inLanguage\":\"hu\"},{\"@type\":\"Organization\",\"@id\":\"https:\\\/\\\/prismagamers.com\\\/hu\\\/#organization\",\"name\":\"Prismagamers\",\"url\":\"https:\\\/\\\/prismagamers.com\\\/hu\\\/\",\"logo\":{\"@type\":\"ImageObject\",\"inLanguage\":\"hu\",\"@id\":\"https:\\\/\\\/prismagamers.com\\\/hu\\\/#\\\/schema\\\/logo\\\/image\\\/\",\"url\":\"https:\\\/\\\/prismagamers.com\\\/wp-content\\\/uploads\\\/2022\\\/04\\\/cropped-logo-Prismagamers-01-scaled-1.jpg\",\"contentUrl\":\"https:\\\/\\\/prismagamers.com\\\/wp-content\\\/uploads\\\/2022\\\/04\\\/cropped-logo-Prismagamers-01-scaled-1.jpg\",\"width\":512,\"height\":512,\"caption\":\"Prismagamers\"},\"image\":{\"@id\":\"https:\\\/\\\/prismagamers.com\\\/hu\\\/#\\\/schema\\\/logo\\\/image\\\/\"},\"sameAs\":[\"https:\\\/\\\/www.facebook.com\\\/prismagamers\",\"https:\\\/\\\/www.instagram.com\\\/prismagamers_grycyfrowe\\\/\"],\"description\":\"Prismagamers.com to dynamiczny sklep z grami cyfrowymi, stworzony z my\u015bl\u0105 o entuzjastach gier wideo. Nasza strona oferuje szerok\u0105 gam\u0119 gier komputerowych, w tym najnowsze tytu\u0142y, dobrze znane klasyki oraz gry stworzone przez niezale\u017cne studia Ca\u0142y czas d\u0105\u017cymy do rozszerzenia naszej oferty. Do\u0142\u0105cz do nas i sta\u0144 si\u0119 cz\u0119\u015bci\u0105 naszej rosn\u0105cej spo\u0142eczno\u015bci graczy!\",\"email\":\"shop@prismagamers.com\",\"telephone\":\"48795541705\",\"legalName\":\"East Caravan Maksym \u017bukow\",\"foundingDate\":\"2012-05-10\",\"vatID\":\"PL8943038612\",\"taxID\":\"PL8943038612\",\"numberOfEmployees\":{\"@type\":\"QuantitativeValue\",\"minValue\":\"11\",\"maxValue\":\"50\"}}]}<\/script>\n<!-- \/ Yoast SEO Premium plugin. -->","yoast_head_json":{"title":"Mez\u0151gazdas\u00e1gi szimul\u00e1tor 2011 - Prismagamers.com","description":"A vil\u00e1gszerte bestsellerr\u00e9 v\u00e1lt \u201eFarming Simulator\u201d folytat\u00e1sa rengeteg \u00faj funkci\u00f3val rendelkezik! Vedd \u00e1t egy farmer szerep\u00e9t, aki megtapasztalja a 18 \u00f3r\u00e1s napok kih\u00edv\u00e1sait, amikor egy \u00faj farmot vezet egy gy\u00f6ny\u00f6r\u0171, dombos vid\u00e9k k\u00f6zep\u00e9n.   Glob\u00e1lis  G\u0151z  Digit\u00e1lis kulcs","robots":{"index":"index","follow":"follow","max-snippet":"max-snippet:-1","max-image-preview":"max-image-preview:large","max-video-preview":"max-video-preview:-1"},"canonical":"https:\/\/prismagamers.com\/hu\/produkt\/mezogazdasagi-szimulator-2011\/","og_locale":"hu_HU","og_type":"article","og_title":"Mez\u0151gazdas\u00e1gi szimul\u00e1tor 2011","og_description":"A vil\u00e1gszerte bestsellerr\u00e9 v\u00e1lt \u201eFarming Simulator\u201d folytat\u00e1sa rengeteg \u00faj funkci\u00f3val rendelkezik! Vedd \u00e1t egy farmer szerep\u00e9t, aki megtapasztalja a 18 \u00f3r\u00e1s napok kih\u00edv\u00e1sait, amikor egy \u00faj farmot vezet egy gy\u00f6ny\u00f6r\u0171, dombos vid\u00e9k k\u00f6zep\u00e9n.   Glob\u00e1lis  G\u0151z  Digit\u00e1lis kulcs","og_url":"https:\/\/prismagamers.com\/hu\/produkt\/mezogazdasagi-szimulator-2011\/","og_site_name":"Prismagamers.com","article_publisher":"https:\/\/www.facebook.com\/prismagamers","article_modified_time":"2025-06-04T21:02:22+00:00","og_image":[{"width":300,"height":450,"url":"https:\/\/prismagamers.com\/wp-content\/uploads\/2023\/11\/library_600x900_2x-14-e1710338062748.jpg","type":"image\/jpeg"}],"twitter_card":"summary_large_image","twitter_misc":{"Becs\u00fclt olvas\u00e1si id\u0151":"2 perc"},"schema":{"@context":"https:\/\/schema.org","@graph":[{"@type":"WebPage","@id":"https:\/\/prismagamers.com\/hu\/produkt\/mezogazdasagi-szimulator-2011\/","url":"https:\/\/prismagamers.com\/hu\/produkt\/mezogazdasagi-szimulator-2011\/","name":"Mez\u0151gazdas\u00e1gi szimul\u00e1tor 2011 - Prismagamers.com","isPartOf":{"@id":"https:\/\/prismagamers.com\/hu\/#website"},"primaryImageOfPage":{"@id":"https:\/\/prismagamers.com\/hu\/produkt\/mezogazdasagi-szimulator-2011\/#primaryimage"},"image":{"@id":"https:\/\/prismagamers.com\/hu\/produkt\/mezogazdasagi-szimulator-2011\/#primaryimage"},"thumbnailUrl":"https:\/\/prismagamers.com\/wp-content\/uploads\/2023\/11\/library_600x900_2x-14-e1710338062748.jpg","datePublished":"2024-03-13T13:54:36+00:00","dateModified":"2025-06-04T21:02:22+00:00","description":"A vil\u00e1gszerte bestsellerr\u00e9 v\u00e1lt \u201eFarming Simulator\u201d folytat\u00e1sa rengeteg \u00faj funkci\u00f3val rendelkezik! Vedd \u00e1t egy farmer szerep\u00e9t, aki megtapasztalja a 18 \u00f3r\u00e1s napok kih\u00edv\u00e1sait, amikor egy \u00faj farmot vezet egy gy\u00f6ny\u00f6r\u0171, dombos vid\u00e9k k\u00f6zep\u00e9n. Glob\u00e1lis G\u0151z Digit\u00e1lis kulcs","breadcrumb":{"@id":"https:\/\/prismagamers.com\/hu\/produkt\/mezogazdasagi-szimulator-2011\/#breadcrumb"},"inLanguage":"hu","potentialAction":[{"@type":"ReadAction","target":["https:\/\/prismagamers.com\/hu\/produkt\/mezogazdasagi-szimulator-2011\/"]}]},{"@type":"ImageObject","inLanguage":"hu","@id":"https:\/\/prismagamers.com\/hu\/produkt\/mezogazdasagi-szimulator-2011\/#primaryimage","url":"https:\/\/prismagamers.com\/wp-content\/uploads\/2023\/11\/library_600x900_2x-14-e1710338062748.jpg","contentUrl":"https:\/\/prismagamers.com\/wp-content\/uploads\/2023\/11\/library_600x900_2x-14-e1710338062748.jpg","width":300,"height":450},{"@type":"BreadcrumbList","@id":"https:\/\/prismagamers.com\/hu\/produkt\/mezogazdasagi-szimulator-2011\/#breadcrumb","itemListElement":[{"@type":"ListItem","position":1,"name":"Strona g\u0142\u00f3wna","item":"https:\/\/prismagamers.com\/hu\/prismagamers\/"},{"@type":"ListItem","position":2,"name":"Shop","item":"https:\/\/prismagamers.com\/hu\/shop\/"},{"@type":"ListItem","position":3,"name":"Mez\u0151gazdas\u00e1gi szimul\u00e1tor 2011"}]},{"@type":"WebSite","@id":"https:\/\/prismagamers.com\/hu\/#website","url":"https:\/\/prismagamers.com\/hu\/","name":"Prismagamers","description":"Sklep z grami PC I Sklep klucze Steam","publisher":{"@id":"https:\/\/prismagamers.com\/hu\/#organization"},"potentialAction":[{"@type":"SearchAction","target":{"@type":"EntryPoint","urlTemplate":"https:\/\/prismagamers.com\/hu\/?s={search_term_string}"},"query-input":{"@type":"PropertyValueSpecification","valueRequired":true,"valueName":"search_term_string"}}],"inLanguage":"hu"},{"@type":"Organization","@id":"https:\/\/prismagamers.com\/hu\/#organization","name":"Prismagamers","url":"https:\/\/prismagamers.com\/hu\/","logo":{"@type":"ImageObject","inLanguage":"hu","@id":"https:\/\/prismagamers.com\/hu\/#\/schema\/logo\/image\/","url":"https:\/\/prismagamers.com\/wp-content\/uploads\/2022\/04\/cropped-logo-Prismagamers-01-scaled-1.jpg","contentUrl":"https:\/\/prismagamers.com\/wp-content\/uploads\/2022\/04\/cropped-logo-Prismagamers-01-scaled-1.jpg","width":512,"height":512,"caption":"Prismagamers"},"image":{"@id":"https:\/\/prismagamers.com\/hu\/#\/schema\/logo\/image\/"},"sameAs":["https:\/\/www.facebook.com\/prismagamers","https:\/\/www.instagram.com\/prismagamers_grycyfrowe\/"],"description":"Prismagamers.com to dynamiczny sklep z grami cyfrowymi, stworzony z my\u015bl\u0105 o entuzjastach gier wideo. Nasza strona oferuje szerok\u0105 gam\u0119 gier komputerowych, w tym najnowsze tytu\u0142y, dobrze znane klasyki oraz gry stworzone przez niezale\u017cne studia Ca\u0142y czas d\u0105\u017cymy do rozszerzenia naszej oferty. Do\u0142\u0105cz do nas i sta\u0144 si\u0119 cz\u0119\u015bci\u0105 naszej rosn\u0105cej spo\u0142eczno\u015bci graczy!","email":"shop@prismagamers.com","telephone":"48795541705","legalName":"East Caravan Maksym \u017bukow","foundingDate":"2012-05-10","vatID":"PL8943038612","taxID":"PL8943038612","numberOfEmployees":{"@type":"QuantitativeValue","minValue":"11","maxValue":"50"}}]}},"_links":{"self":[{"href":"https:\/\/prismagamers.com\/hu\/wp-json\/wp\/v2\/product\/38655","targetHints":{"allow":["GET"]}}],"collection":[{"href":"https:\/\/prismagamers.com\/hu\/wp-json\/wp\/v2\/product"}],"about":[{"href":"https:\/\/prismagamers.com\/hu\/wp-json\/wp\/v2\/types\/product"}],"wp:featuredmedia":[{"embeddable":true,"href":"https:\/\/prismagamers.com\/hu\/wp-json\/wp\/v2\/media\/28856"}],"wp:attachment":[{"href":"https:\/\/prismagamers.com\/hu\/wp-json\/wp\/v2\/media?parent=38655"}],"wp:term":[{"taxonomy":"product_brand","embeddable":true,"href":"https:\/\/prismagamers.com\/hu\/wp-json\/wp\/v2\/product_brand?post=38655"},{"taxonomy":"product_cat","embeddable":true,"href":"https:\/\/prismagamers.com\/hu\/wp-json\/wp\/v2\/product_cat?post=38655"},{"taxonomy":"product_tag","embeddable":true,"href":"https:\/\/prismagamers.com\/hu\/wp-json\/wp\/v2\/product_tag?post=38655"}],"curies":[{"name":"wp","href":"https:\/\/api.w.org\/{rel}","templated":true}]}}