{"id":38860,"date":"2024-09-30T15:51:53","date_gmt":"2024-09-30T13:51:53","guid":{"rendered":"https:\/\/prismagamers.com\/produkt\/a-citadella\/"},"modified":"2026-03-05T00:00:45","modified_gmt":"2026-03-04T23:00:45","slug":"a-citadella","status":"publish","type":"product","link":"https:\/\/prismagamers.com\/hu\/produkt\/a-citadella\/","title":{"rendered":"A Citadella"},"content":{"rendered":"<p>A Citadel egy hardcore, brut\u00e1lis, old-school akci\u00f3d\u00fas l\u00f6v\u00f6ld\u00f6z\u0151s j\u00e1t\u00e9k, amely a klasszikus 90-es \u00e9vekbeli j\u00e1t\u00e9kokhoz ny\u00fal vissza, amelyeket mindannyian szeret\u00fcnk. Juss v\u00e9gig 6 epiz\u00f3don, 30 akci\u00f3d\u00fas p\u00e1ly\u00e1n (plusz tov\u00e1bbi 6 titkos p\u00e1ly\u00e1n). N\u00e9zz szembe 6 fenyeget\u0151 f\u0151n\u00f6kkel. Haszn\u00e1lj 14 k\u00fcl\u00f6nb\u00f6z\u0151 fegyvert, puszt\u00edt\u00f3 m\u00e1sodik t\u0171z funkci\u00f3val. Reszkessz\u00e9tek meg a vil\u00e1got 3 f\u00e9le egyszer haszn\u00e1latos speci\u00e1lis fegyverrel.    <\/p>\n<p>\u30fb Korl\u00e1tlan <strong>folytat\u00e1sok<\/strong>. \u30fb Addig pr\u00f3b\u00e1lkozhatsz, am\u00edg sikerrel j\u00e1rsz. A k\u00f6zponti ter\u00fcletek pihen\u00e9sre szolg\u00e1lnak, ha az epiz\u00f3d t\u00fal neh\u00e9znek bizonyul.  <\/p>\n<p>\u30fb Teljesen<strong>k\u00e9szs\u00e9galap\u00fa<\/strong>: nincs olcs\u00f3 tal\u00e1lat, minden goly\u00f3. Annyira \u00e9lsz, amennyire kit\u00e9rsz. <\/p>\n<p><strong>\u30fbAz ellens\u00e9gek<\/strong> nagy<strong>v\u00e1ltozatoss\u00e1ga \u00e9s sokf\u00e9les\u00e9ge<\/strong>. A baltadob\u00e1l\u00f3 kultist\u00e1kt\u00f3l az \u00f6ngyilkos dr\u00f3nokig, mecha tankokig \u00e9s l\u00e1ngsz\u00f3r\u00f3s katon\u00e1kig. R\u00fagd az ellenfeled a l\u00e1v\u00e1ba!  <\/p>\n<p>\u30fbAz <strong>ellens\u00e9geket meg lehet r\u00fagni \u00e9s el lehet k\u00e1b\u00edtani<\/strong>. Helyezkedj el ennek megfelel\u0151en, \u00e9s feneketlen g\u00f6d\u00f6rbe vagy l\u00e1vag\u00f6d\u00f6rbe is dobhatod \u0151ket. Fejleszthet\u0151 fegyverek  <\/p>\n<p><strong>\u30fbEgyes fegyverek fejleszthet\u0151k vagy jobb v\u00e1ltozatokra cser\u00e9lhet\u0151k.<\/strong>  T\u00f6red\u00e9kek!<\/p>\n<p>\u30fb Az ellens\u00e9gek<strong>h\u00fas- vagy f\u00e9mdarabokk\u00e1 robbannak sz\u00e9t, amikor meghalnak<\/strong>. A\u00fa! V\u00e1laszthat\u00f3 funkci\u00f3k: A Tilt and Jam Weapons Fortress sz\u00e1mos opcion\u00e1lis funkci\u00f3t tartalmaz a j\u00e1t\u00e9koss\u00e1g \u00e9s a neh\u00e9zs\u00e9g n\u00f6vel\u00e9se \u00e9rdek\u00e9ben.  <\/p>\n<p>\u30fb A kiker\u00fcl\u00e9s <strong>enged\u00e9lyezhet\u0151 az opci\u00f3k men\u00fcben<\/strong>. A kit\u00e9r\u00e9s nem az egyetlen m\u00f3dja az ellens\u00e9ges t\u0171z elker\u00fcl\u00e9s\u00e9nek. \u30fbA fegyver\u00e1llapot-funkci\u00f3kat az opci\u00f3k men\u00fcben lehet enged\u00e9lyezni. \u30fbAutomata fegyverek a csata k\u00f6zep\u00e9n elakadhatnak, \u00e9s v\u00e9g\u00fcl elromolhatnak.   <\/p>\n","protected":false},"excerpt":{"rendered":"<p class=\"ai-optimize-23\">A Citadel egy brut\u00e1lis els\u0151 szem\u00e9ly\u0171 l\u00f6v\u00f6ld\u00f6z\u0151s j\u00e1t\u00e9k, amely olyan klasszikus j\u00e1t\u00e9kok el\u0151tt tiszteleg, mint a Marathon, a Doom \u00e9s a Wolfenstein 3D. Ereszkedj le egy s\u00f6t\u00e9t er\u0151d m\u00e9ly\u00e9re, \u00e9s n\u00e9zz szembe 6 epiz\u00f3ddal \u00e9s 30 akci\u00f3d\u00fas p\u00e1ly\u00e1val, 6 kih\u00edv\u00e1st jelent\u0151 f\u0151n\u00f6kkel. El\u0151re, m\u00e1rt\u00edr!  <\/p>\n<p class=\"ai-optimize-24\">\ud83c\udf0d Glob\u00e1lis<br \/>\n\u2699\ufe0f Steam<br \/>\n\ud83d\udddd Digit\u00e1lis kulcs<\/p>\n","protected":false},"featured_media":32858,"template":"","meta":{"_acf_changed":false,"site-sidebar-layout":"default","site-content-layout":"","ast-site-content-layout":"default","site-content-style":"default","site-sidebar-style":"default","ast-global-header-display":"","ast-banner-title-visibility":"","ast-main-header-display":"","ast-hfb-above-header-display":"","ast-hfb-below-header-display":"","ast-hfb-mobile-header-display":"","site-post-title":"","ast-breadcrumbs-content":"","ast-featured-img":"","footer-sml-layout":"","ast-disable-related-posts":"","theme-transparent-header-meta":"default","adv-header-id-meta":"","stick-header-meta":"","header-above-stick-meta":"","header-main-stick-meta":"","header-below-stick-meta":"","astra-migrate-meta-layouts":"default","ast-page-background-enabled":"default","ast-page-background-meta":{"desktop":{"background-color":"var(--ast-global-color-4)","background-image":"","background-repeat":"repeat","background-position":"center center","background-size":"auto","background-attachment":"scroll","background-type":"","background-media":"","overlay-type":"","overlay-color":"","overlay-opacity":"","overlay-gradient":""},"tablet":{"background-color":"","background-image":"","background-repeat":"repeat","background-position":"center center","background-size":"auto","background-attachment":"scroll","background-type":"","background-media":"","overlay-type":"","overlay-color":"","overlay-opacity":"","overlay-gradient":""},"mobile":{"background-color":"","background-image":"","background-repeat":"repeat","background-position":"center center","background-size":"auto","background-attachment":"scroll","background-type":"","background-media":"","overlay-type":"","overlay-color":"","overlay-opacity":"","overlay-gradient":""}},"ast-content-background-meta":{"desktop":{"background-color":"var(--ast-global-color-5)","background-image":"","background-repeat":"repeat","background-position":"center center","background-size":"auto","background-attachment":"scroll","background-type":"","background-media":"","overlay-type":"","overlay-color":"","overlay-opacity":"","overlay-gradient":""},"tablet":{"background-color":"var(--ast-global-color-5)","background-image":"","background-repeat":"repeat","background-position":"center center","background-size":"auto","background-attachment":"scroll","background-type":"","background-media":"","overlay-type":"","overlay-color":"","overlay-opacity":"","overlay-gradient":""},"mobile":{"background-color":"var(--ast-global-color-5)","background-image":"","background-repeat":"repeat","background-position":"center center","background-size":"auto","background-attachment":"scroll","background-type":"","background-media":"","overlay-type":"","overlay-color":"","overlay-opacity":"","overlay-gradient":""}}},"product_brand":[],"product_cat":[371,369,396,421],"product_tag":[370],"class_list":{"0":"post-38860","1":"product","2":"type-product","3":"status-publish","4":"has-post-thumbnail","6":"product_cat-akcio-jatekok","7":"product_cat-csarnokok","8":"product_cat-lovoldozos-jatekok-a-steamen","9":"product_cat-top-hat-studios-hu","10":"product_tag-pid-tel","11":"desktop-align-left","12":"tablet-align-left","13":"mobile-align-left","15":"first","16":"instock","17":"virtual","18":"purchasable","19":"product-type-simple"},"acf":[],"yoast_head":"<!-- This site is optimized with the Yoast SEO Premium plugin v27.4 (Yoast SEO v27.4) - https:\/\/yoast.com\/product\/yoast-seo-premium-wordpress\/ -->\n<title>A Citadella - Prismagamers.com<\/title>\n<meta name=\"description\" content=\"A Citadel egy brut\u00e1lis els\u0151 szem\u00e9ly\u0171 l\u00f6v\u00f6ld\u00f6z\u0151s j\u00e1t\u00e9k, amely olyan klasszikus j\u00e1t\u00e9kok el\u0151tt tiszteleg, mint a Marathon, a Doom \u00e9s a Wolfenstein 3D. Ereszkedj le egy s\u00f6t\u00e9t er\u0151d m\u00e9ly\u00e9re, \u00e9s n\u00e9zz szembe 6 epiz\u00f3ddal \u00e9s 30 akci\u00f3d\u00fas p\u00e1ly\u00e1val, 6 kih\u00edv\u00e1st jelent\u0151 f\u0151n\u00f6kkel. El\u0151re, m\u00e1rt\u00edr!  \ud83c\udf0d Glob\u00e1lis \u2699\ufe0f Steam \ud83d\udddd Digit\u00e1lis kulcs\" \/>\n<meta name=\"robots\" content=\"index, follow, max-snippet:-1, max-image-preview:large, max-video-preview:-1\" \/>\n<link rel=\"canonical\" href=\"https:\/\/prismagamers.com\/hu\/produkt\/a-citadella\/\" \/>\n<meta property=\"og:locale\" content=\"hu_HU\" \/>\n<meta property=\"og:type\" content=\"article\" \/>\n<meta property=\"og:title\" content=\"A Citadella\" \/>\n<meta property=\"og:description\" content=\"A Citadel egy brut\u00e1lis els\u0151 szem\u00e9ly\u0171 l\u00f6v\u00f6ld\u00f6z\u0151s j\u00e1t\u00e9k, amely olyan klasszikus j\u00e1t\u00e9kok el\u0151tt tiszteleg, mint a Marathon, a Doom \u00e9s a Wolfenstein 3D. Ereszkedj le egy s\u00f6t\u00e9t er\u0151d m\u00e9ly\u00e9re, \u00e9s n\u00e9zz szembe 6 epiz\u00f3ddal \u00e9s 30 akci\u00f3d\u00fas p\u00e1ly\u00e1val, 6 kih\u00edv\u00e1st jelent\u0151 f\u0151n\u00f6kkel. El\u0151re, m\u00e1rt\u00edr!  \ud83c\udf0d Glob\u00e1lis \u2699\ufe0f Steam \ud83d\udddd Digit\u00e1lis kulcs\" \/>\n<meta property=\"og:url\" content=\"https:\/\/prismagamers.com\/hu\/produkt\/a-citadella\/\" \/>\n<meta property=\"og:site_name\" content=\"Prismagamers.com\" \/>\n<meta property=\"article:publisher\" content=\"https:\/\/www.facebook.com\/prismagamers\" \/>\n<meta property=\"article:modified_time\" content=\"2026-03-04T23:00:45+00:00\" \/>\n<meta property=\"og:image\" content=\"https:\/\/prismagamers.com\/wp-content\/uploads\/2024\/09\/library_600x900_2x-6-e1727704274189.jpg\" \/>\n\t<meta property=\"og:image:width\" content=\"300\" \/>\n\t<meta property=\"og:image:height\" content=\"450\" \/>\n\t<meta property=\"og:image:type\" content=\"image\/jpeg\" \/>\n<meta name=\"twitter:card\" content=\"summary_large_image\" \/>\n<meta name=\"twitter:label1\" content=\"Becs\u00fclt olvas\u00e1si id\u0151\" \/>\n\t<meta name=\"twitter:data1\" content=\"2 perc\" \/>\n<script type=\"application\/ld+json\" class=\"yoast-schema-graph\">{\"@context\":\"https:\\\/\\\/schema.org\",\"@graph\":[{\"@type\":\"WebPage\",\"@id\":\"https:\\\/\\\/prismagamers.com\\\/hu\\\/produkt\\\/a-citadella\\\/\",\"url\":\"https:\\\/\\\/prismagamers.com\\\/hu\\\/produkt\\\/a-citadella\\\/\",\"name\":\"A Citadella - Prismagamers.com\",\"isPartOf\":{\"@id\":\"https:\\\/\\\/prismagamers.com\\\/hu\\\/#website\"},\"primaryImageOfPage\":{\"@id\":\"https:\\\/\\\/prismagamers.com\\\/hu\\\/produkt\\\/a-citadella\\\/#primaryimage\"},\"image\":{\"@id\":\"https:\\\/\\\/prismagamers.com\\\/hu\\\/produkt\\\/a-citadella\\\/#primaryimage\"},\"thumbnailUrl\":\"https:\\\/\\\/prismagamers.com\\\/wp-content\\\/uploads\\\/2024\\\/09\\\/library_600x900_2x-6-e1727704274189.jpg\",\"datePublished\":\"2024-09-30T13:51:53+00:00\",\"dateModified\":\"2026-03-04T23:00:45+00:00\",\"description\":\"A Citadel egy brut\u00e1lis els\u0151 szem\u00e9ly\u0171 l\u00f6v\u00f6ld\u00f6z\u0151s j\u00e1t\u00e9k, amely olyan klasszikus j\u00e1t\u00e9kok el\u0151tt tiszteleg, mint a Marathon, a Doom \u00e9s a Wolfenstein 3D. Ereszkedj le egy s\u00f6t\u00e9t er\u0151d m\u00e9ly\u00e9re, \u00e9s n\u00e9zz szembe 6 epiz\u00f3ddal \u00e9s 30 akci\u00f3d\u00fas p\u00e1ly\u00e1val, 6 kih\u00edv\u00e1st jelent\u0151 f\u0151n\u00f6kkel. El\u0151re, m\u00e1rt\u00edr! \ud83c\udf0d Glob\u00e1lis \u2699\ufe0f Steam \ud83d\udddd Digit\u00e1lis kulcs\",\"breadcrumb\":{\"@id\":\"https:\\\/\\\/prismagamers.com\\\/hu\\\/produkt\\\/a-citadella\\\/#breadcrumb\"},\"inLanguage\":\"hu\",\"potentialAction\":[{\"@type\":\"ReadAction\",\"target\":[\"https:\\\/\\\/prismagamers.com\\\/hu\\\/produkt\\\/a-citadella\\\/\"]}]},{\"@type\":\"ImageObject\",\"inLanguage\":\"hu\",\"@id\":\"https:\\\/\\\/prismagamers.com\\\/hu\\\/produkt\\\/a-citadella\\\/#primaryimage\",\"url\":\"https:\\\/\\\/prismagamers.com\\\/wp-content\\\/uploads\\\/2024\\\/09\\\/library_600x900_2x-6-e1727704274189.jpg\",\"contentUrl\":\"https:\\\/\\\/prismagamers.com\\\/wp-content\\\/uploads\\\/2024\\\/09\\\/library_600x900_2x-6-e1727704274189.jpg\",\"width\":300,\"height\":450},{\"@type\":\"BreadcrumbList\",\"@id\":\"https:\\\/\\\/prismagamers.com\\\/hu\\\/produkt\\\/a-citadella\\\/#breadcrumb\",\"itemListElement\":[{\"@type\":\"ListItem\",\"position\":1,\"name\":\"Strona g\u0142\u00f3wna\",\"item\":\"https:\\\/\\\/prismagamers.com\\\/hu\\\/prismagamers\\\/\"},{\"@type\":\"ListItem\",\"position\":2,\"name\":\"Shop\",\"item\":\"https:\\\/\\\/prismagamers.com\\\/hu\\\/shop\\\/\"},{\"@type\":\"ListItem\",\"position\":3,\"name\":\"A Citadella\"}]},{\"@type\":\"WebSite\",\"@id\":\"https:\\\/\\\/prismagamers.com\\\/hu\\\/#website\",\"url\":\"https:\\\/\\\/prismagamers.com\\\/hu\\\/\",\"name\":\"Prismagamers\",\"description\":\"Sklep z grami PC I Sklep klucze Steam\",\"publisher\":{\"@id\":\"https:\\\/\\\/prismagamers.com\\\/hu\\\/#organization\"},\"potentialAction\":[{\"@type\":\"SearchAction\",\"target\":{\"@type\":\"EntryPoint\",\"urlTemplate\":\"https:\\\/\\\/prismagamers.com\\\/hu\\\/?s={search_term_string}\"},\"query-input\":{\"@type\":\"PropertyValueSpecification\",\"valueRequired\":true,\"valueName\":\"search_term_string\"}}],\"inLanguage\":\"hu\"},{\"@type\":\"Organization\",\"@id\":\"https:\\\/\\\/prismagamers.com\\\/hu\\\/#organization\",\"name\":\"Prismagamers\",\"url\":\"https:\\\/\\\/prismagamers.com\\\/hu\\\/\",\"logo\":{\"@type\":\"ImageObject\",\"inLanguage\":\"hu\",\"@id\":\"https:\\\/\\\/prismagamers.com\\\/hu\\\/#\\\/schema\\\/logo\\\/image\\\/\",\"url\":\"https:\\\/\\\/prismagamers.com\\\/wp-content\\\/uploads\\\/2022\\\/04\\\/cropped-logo-Prismagamers-01-scaled-1.jpg\",\"contentUrl\":\"https:\\\/\\\/prismagamers.com\\\/wp-content\\\/uploads\\\/2022\\\/04\\\/cropped-logo-Prismagamers-01-scaled-1.jpg\",\"width\":512,\"height\":512,\"caption\":\"Prismagamers\"},\"image\":{\"@id\":\"https:\\\/\\\/prismagamers.com\\\/hu\\\/#\\\/schema\\\/logo\\\/image\\\/\"},\"sameAs\":[\"https:\\\/\\\/www.facebook.com\\\/prismagamers\",\"https:\\\/\\\/www.instagram.com\\\/prismagamers_grycyfrowe\\\/\"],\"description\":\"Prismagamers.com to dynamiczny sklep z grami cyfrowymi, stworzony z my\u015bl\u0105 o entuzjastach gier wideo. Nasza strona oferuje szerok\u0105 gam\u0119 gier komputerowych, w tym najnowsze tytu\u0142y, dobrze znane klasyki oraz gry stworzone przez niezale\u017cne studia Ca\u0142y czas d\u0105\u017cymy do rozszerzenia naszej oferty. Do\u0142\u0105cz do nas i sta\u0144 si\u0119 cz\u0119\u015bci\u0105 naszej rosn\u0105cej spo\u0142eczno\u015bci graczy!\",\"email\":\"shop@prismagamers.com\",\"telephone\":\"48795541705\",\"legalName\":\"East Caravan Maksym \u017bukow\",\"foundingDate\":\"2012-05-10\",\"vatID\":\"PL8943038612\",\"taxID\":\"PL8943038612\",\"numberOfEmployees\":{\"@type\":\"QuantitativeValue\",\"minValue\":\"11\",\"maxValue\":\"50\"}}]}<\/script>\n<!-- \/ Yoast SEO Premium plugin. -->","yoast_head_json":{"title":"A Citadella - Prismagamers.com","description":"A Citadel egy brut\u00e1lis els\u0151 szem\u00e9ly\u0171 l\u00f6v\u00f6ld\u00f6z\u0151s j\u00e1t\u00e9k, amely olyan klasszikus j\u00e1t\u00e9kok el\u0151tt tiszteleg, mint a Marathon, a Doom \u00e9s a Wolfenstein 3D. Ereszkedj le egy s\u00f6t\u00e9t er\u0151d m\u00e9ly\u00e9re, \u00e9s n\u00e9zz szembe 6 epiz\u00f3ddal \u00e9s 30 akci\u00f3d\u00fas p\u00e1ly\u00e1val, 6 kih\u00edv\u00e1st jelent\u0151 f\u0151n\u00f6kkel. El\u0151re, m\u00e1rt\u00edr!  \ud83c\udf0d Glob\u00e1lis \u2699\ufe0f Steam \ud83d\udddd Digit\u00e1lis kulcs","robots":{"index":"index","follow":"follow","max-snippet":"max-snippet:-1","max-image-preview":"max-image-preview:large","max-video-preview":"max-video-preview:-1"},"canonical":"https:\/\/prismagamers.com\/hu\/produkt\/a-citadella\/","og_locale":"hu_HU","og_type":"article","og_title":"A Citadella","og_description":"A Citadel egy brut\u00e1lis els\u0151 szem\u00e9ly\u0171 l\u00f6v\u00f6ld\u00f6z\u0151s j\u00e1t\u00e9k, amely olyan klasszikus j\u00e1t\u00e9kok el\u0151tt tiszteleg, mint a Marathon, a Doom \u00e9s a Wolfenstein 3D. Ereszkedj le egy s\u00f6t\u00e9t er\u0151d m\u00e9ly\u00e9re, \u00e9s n\u00e9zz szembe 6 epiz\u00f3ddal \u00e9s 30 akci\u00f3d\u00fas p\u00e1ly\u00e1val, 6 kih\u00edv\u00e1st jelent\u0151 f\u0151n\u00f6kkel. El\u0151re, m\u00e1rt\u00edr!  \ud83c\udf0d Glob\u00e1lis \u2699\ufe0f Steam \ud83d\udddd Digit\u00e1lis kulcs","og_url":"https:\/\/prismagamers.com\/hu\/produkt\/a-citadella\/","og_site_name":"Prismagamers.com","article_publisher":"https:\/\/www.facebook.com\/prismagamers","article_modified_time":"2026-03-04T23:00:45+00:00","og_image":[{"width":300,"height":450,"url":"https:\/\/prismagamers.com\/wp-content\/uploads\/2024\/09\/library_600x900_2x-6-e1727704274189.jpg","type":"image\/jpeg"}],"twitter_card":"summary_large_image","twitter_misc":{"Becs\u00fclt olvas\u00e1si id\u0151":"2 perc"},"schema":{"@context":"https:\/\/schema.org","@graph":[{"@type":"WebPage","@id":"https:\/\/prismagamers.com\/hu\/produkt\/a-citadella\/","url":"https:\/\/prismagamers.com\/hu\/produkt\/a-citadella\/","name":"A Citadella - Prismagamers.com","isPartOf":{"@id":"https:\/\/prismagamers.com\/hu\/#website"},"primaryImageOfPage":{"@id":"https:\/\/prismagamers.com\/hu\/produkt\/a-citadella\/#primaryimage"},"image":{"@id":"https:\/\/prismagamers.com\/hu\/produkt\/a-citadella\/#primaryimage"},"thumbnailUrl":"https:\/\/prismagamers.com\/wp-content\/uploads\/2024\/09\/library_600x900_2x-6-e1727704274189.jpg","datePublished":"2024-09-30T13:51:53+00:00","dateModified":"2026-03-04T23:00:45+00:00","description":"A Citadel egy brut\u00e1lis els\u0151 szem\u00e9ly\u0171 l\u00f6v\u00f6ld\u00f6z\u0151s j\u00e1t\u00e9k, amely olyan klasszikus j\u00e1t\u00e9kok el\u0151tt tiszteleg, mint a Marathon, a Doom \u00e9s a Wolfenstein 3D. Ereszkedj le egy s\u00f6t\u00e9t er\u0151d m\u00e9ly\u00e9re, \u00e9s n\u00e9zz szembe 6 epiz\u00f3ddal \u00e9s 30 akci\u00f3d\u00fas p\u00e1ly\u00e1val, 6 kih\u00edv\u00e1st jelent\u0151 f\u0151n\u00f6kkel. El\u0151re, m\u00e1rt\u00edr! \ud83c\udf0d Glob\u00e1lis \u2699\ufe0f Steam \ud83d\udddd Digit\u00e1lis kulcs","breadcrumb":{"@id":"https:\/\/prismagamers.com\/hu\/produkt\/a-citadella\/#breadcrumb"},"inLanguage":"hu","potentialAction":[{"@type":"ReadAction","target":["https:\/\/prismagamers.com\/hu\/produkt\/a-citadella\/"]}]},{"@type":"ImageObject","inLanguage":"hu","@id":"https:\/\/prismagamers.com\/hu\/produkt\/a-citadella\/#primaryimage","url":"https:\/\/prismagamers.com\/wp-content\/uploads\/2024\/09\/library_600x900_2x-6-e1727704274189.jpg","contentUrl":"https:\/\/prismagamers.com\/wp-content\/uploads\/2024\/09\/library_600x900_2x-6-e1727704274189.jpg","width":300,"height":450},{"@type":"BreadcrumbList","@id":"https:\/\/prismagamers.com\/hu\/produkt\/a-citadella\/#breadcrumb","itemListElement":[{"@type":"ListItem","position":1,"name":"Strona g\u0142\u00f3wna","item":"https:\/\/prismagamers.com\/hu\/prismagamers\/"},{"@type":"ListItem","position":2,"name":"Shop","item":"https:\/\/prismagamers.com\/hu\/shop\/"},{"@type":"ListItem","position":3,"name":"A Citadella"}]},{"@type":"WebSite","@id":"https:\/\/prismagamers.com\/hu\/#website","url":"https:\/\/prismagamers.com\/hu\/","name":"Prismagamers","description":"Sklep z grami PC I Sklep klucze Steam","publisher":{"@id":"https:\/\/prismagamers.com\/hu\/#organization"},"potentialAction":[{"@type":"SearchAction","target":{"@type":"EntryPoint","urlTemplate":"https:\/\/prismagamers.com\/hu\/?s={search_term_string}"},"query-input":{"@type":"PropertyValueSpecification","valueRequired":true,"valueName":"search_term_string"}}],"inLanguage":"hu"},{"@type":"Organization","@id":"https:\/\/prismagamers.com\/hu\/#organization","name":"Prismagamers","url":"https:\/\/prismagamers.com\/hu\/","logo":{"@type":"ImageObject","inLanguage":"hu","@id":"https:\/\/prismagamers.com\/hu\/#\/schema\/logo\/image\/","url":"https:\/\/prismagamers.com\/wp-content\/uploads\/2022\/04\/cropped-logo-Prismagamers-01-scaled-1.jpg","contentUrl":"https:\/\/prismagamers.com\/wp-content\/uploads\/2022\/04\/cropped-logo-Prismagamers-01-scaled-1.jpg","width":512,"height":512,"caption":"Prismagamers"},"image":{"@id":"https:\/\/prismagamers.com\/hu\/#\/schema\/logo\/image\/"},"sameAs":["https:\/\/www.facebook.com\/prismagamers","https:\/\/www.instagram.com\/prismagamers_grycyfrowe\/"],"description":"Prismagamers.com to dynamiczny sklep z grami cyfrowymi, stworzony z my\u015bl\u0105 o entuzjastach gier wideo. Nasza strona oferuje szerok\u0105 gam\u0119 gier komputerowych, w tym najnowsze tytu\u0142y, dobrze znane klasyki oraz gry stworzone przez niezale\u017cne studia Ca\u0142y czas d\u0105\u017cymy do rozszerzenia naszej oferty. Do\u0142\u0105cz do nas i sta\u0144 si\u0119 cz\u0119\u015bci\u0105 naszej rosn\u0105cej spo\u0142eczno\u015bci graczy!","email":"shop@prismagamers.com","telephone":"48795541705","legalName":"East Caravan Maksym \u017bukow","foundingDate":"2012-05-10","vatID":"PL8943038612","taxID":"PL8943038612","numberOfEmployees":{"@type":"QuantitativeValue","minValue":"11","maxValue":"50"}}]}},"_links":{"self":[{"href":"https:\/\/prismagamers.com\/hu\/wp-json\/wp\/v2\/product\/38860","targetHints":{"allow":["GET"]}}],"collection":[{"href":"https:\/\/prismagamers.com\/hu\/wp-json\/wp\/v2\/product"}],"about":[{"href":"https:\/\/prismagamers.com\/hu\/wp-json\/wp\/v2\/types\/product"}],"wp:featuredmedia":[{"embeddable":true,"href":"https:\/\/prismagamers.com\/hu\/wp-json\/wp\/v2\/media\/32858"}],"wp:attachment":[{"href":"https:\/\/prismagamers.com\/hu\/wp-json\/wp\/v2\/media?parent=38860"}],"wp:term":[{"taxonomy":"product_brand","embeddable":true,"href":"https:\/\/prismagamers.com\/hu\/wp-json\/wp\/v2\/product_brand?post=38860"},{"taxonomy":"product_cat","embeddable":true,"href":"https:\/\/prismagamers.com\/hu\/wp-json\/wp\/v2\/product_cat?post=38860"},{"taxonomy":"product_tag","embeddable":true,"href":"https:\/\/prismagamers.com\/hu\/wp-json\/wp\/v2\/product_tag?post=38860"}],"curies":[{"name":"wp","href":"https:\/\/api.w.org\/{rel}","templated":true}]}}