{"id":38866,"date":"2023-05-17T11:17:45","date_gmt":"2023-05-17T09:17:45","guid":{"rendered":"https:\/\/prismagamers.com\/produkt\/elypse-pc\/"},"modified":"2026-03-05T00:00:48","modified_gmt":"2026-03-04T23:00:48","slug":"elypse-pc","status":"publish","type":"product","link":"https:\/\/prismagamers.com\/hu\/produkt\/elypse-pc\/","title":{"rendered":"Elypse"},"content":{"rendered":"<p>T\u00edz\u00e9vente \u00e1ldozatot kell hozni, hogy megv\u00e9dj\u00e9tek a n\u00e9peteket a m\u00e9lys\u00e9gt\u0151l, egy olyan helyt\u0151l, amelyet \u00e9pp\u00fagy tisztelnek, mint amennyire ostromolnak&#8230;.. Ez\u00fattal t\u00e9ged v\u00e1lasztottak ki \u00e9s tasz\u00edtottak a s\u00f6t\u00e9ts\u00e9gbe&#8230;.. Soha senki nem t\u00e9rt m\u00e9g vissza, de tal\u00e1n te meg tudod val\u00f3s\u00edtani a lehetetlent ? Nyx fogadta be, egyed\u00fcl \u00e9lsz a barlangban a szikl\u00e1ival, \u00e9s t\u00edz \u00e9vet \u00e9lt\u00e9l t\u00fal. Az \u0151 seg\u00edts\u00e9g\u00e9vel pr\u00f3b\u00e1lod el\u00e9rni a port\u00e1lt, amely v\u00e9gre lehet\u0151v\u00e9 teheti sz\u00e1modra, hogy kiszabadulj a m\u00e9lys\u00e9gb\u0151l ebben a metroidvania platformerben.    <\/p>\n<div id=\"oa-360-1684315184792_gbgc68x1f\" class=\"container-for-on-network\">\n<div id=\"ndONNP249a06f7d152a1dab4c77340b6a87ab91684315185547\"><\/div>\n<\/div>\n<p><strong>A j\u00e1t\u00e9k f\u0151bb jellemz\u0151i:<\/strong><\/p>\n<ul>\n<li>2D-s akci\u00f3-platformer s\u00f6t\u00e9t \u00e9s komor st\u00edlusban &#8211; Az Elypse egy 2D-s metroidvania, amely a platformoz\u00e1st \u00e9s az akci\u00f3t \u00f6tv\u00f6zi, \u00e9s egy pokoli vil\u00e1g m\u00e9ly\u00e9n j\u00e1tsz\u00f3dik.<\/li>\n<li>Csapd\u00e1kkal \u00e9s vesz\u00e9lyekkel teli k\u00f6rnyezet &#8211; Fedezd fel az Abyss m\u00e9lys\u00e9geit egy k\u00f6nny\u0171 \u00e9s mozg\u00e9kony l\u00e1b\u00fa karakter seg\u00edts\u00e9g\u00e9vel. \u00dcgyess\u00e9gre \u00e9s \u00e1ll\u00f3k\u00e9pess\u00e9gre lesz sz\u00fcks\u00e9ged, ha fel akarod fedezni \u00e9s s\u00e9rtetlen\u00fcl ki akarsz jutni a m\u00e9lys\u00e9gb\u0151l. <\/li>\n<li>J\u00e1rd \u00e1t az Abyss-t intuit\u00edv dash and slash rendszerrel &#8211; Haszn\u00e1ld a tuningolt \u00e9s intuit\u00edv dash and slash rendszert, hogy megbirk\u00f3zz az alattomos k\u00f6rnyezetekkel \u00e9s a k\u00f6ny\u00f6rtelen ellens\u00e9gekkel.<\/li>\n<li>Fejl\u0151dj \u00faj k\u00e9szs\u00e9gekkel \u00e9s k\u00e9pess\u00e9gekkel &#8211; Haszn\u00e1ld a feloldhat\u00f3 k\u00e9szs\u00e9gek \u00e9s k\u00e9pess\u00e9gek sz\u00e9les sk\u00e1l\u00e1j\u00e1t, hogy t\u00fal\u00e9ld az Elypse kimer\u00edt\u0151 pr\u00f3bat\u00e9teleit.<\/li>\n<li>Fedezd fel a leny\u0171g\u00f6z\u0151, atmoszf\u00e9r\u00e1val \u00e1titatott k\u00f6rnyezeteket &#8211; Fedezd fel ezt az univerzumot csod\u00e1latos t\u00e1jakkal, mik\u00f6zben k\u00e9ts\u00e9gbeesetten pr\u00f3b\u00e1lsz egyszer s mindenkorra elmenek\u00fclni a m\u00e9lys\u00e9gb\u0151l.<\/li>\n<li>Te leszel az els\u0151, aki megmenek\u00fcl az Elypse s\u00f6t\u00e9ts\u00e9g\u00e9b\u0151l, \u00e9s felfedezi titkait?<\/li>\n<\/ul>\n","protected":false},"excerpt":{"rendered":"<p class=\"ai-optimize-28\">Az Elypse egy k\u00e9tdimenzi\u00f3s akci\u00f3-kalandj\u00e1t\u00e9k. A j\u00e1t\u00e9k egy s\u00f6t\u00e9t vil\u00e1gban j\u00e1tsz\u00f3dik, ahol t\u00edz\u00e9vente \u00e1ldozatot hoznak, hogy ideiglenesen legy\u0151zz\u00e9k a m\u00e9lys\u00e9get. <\/p>\n<p class=\"ai-optimize-29\"><img decoding=\"async\" class=\"emoji\" role=\"img\" draggable=\"false\" src=\"https:\/\/s.w.org\/images\/core\/emoji\/14.0.0\/svg\/1f30d.svg\" alt=\"\ud83c\udf0d\">  Global<br \/>\n<img decoding=\"async\" class=\"emoji\" role=\"img\" draggable=\"false\" src=\"https:\/\/s.w.org\/images\/core\/emoji\/14.0.0\/svg\/2699.svg\" alt=\"\u2699\ufe0f\"> Steam<br \/>\n<img decoding=\"async\" class=\"emoji\" role=\"img\" draggable=\"false\" src=\"https:\/\/s.w.org\/images\/core\/emoji\/14.0.0\/svg\/1f5dd.svg\" alt=\"\ud83d\udddd\"> Digit\u00e1lis kulcs<\/p>\n","protected":false},"featured_media":25328,"template":"","meta":{"_acf_changed":false,"site-sidebar-layout":"default","site-content-layout":"default","ast-site-content-layout":"default","site-content-style":"default","site-sidebar-style":"default","ast-global-header-display":"","ast-banner-title-visibility":"","ast-main-header-display":"","ast-hfb-above-header-display":"","ast-hfb-below-header-display":"","ast-hfb-mobile-header-display":"","site-post-title":"","ast-breadcrumbs-content":"","ast-featured-img":"","footer-sml-layout":"","ast-disable-related-posts":"","theme-transparent-header-meta":"default","adv-header-id-meta":"","stick-header-meta":"","header-above-stick-meta":"","header-main-stick-meta":"","header-below-stick-meta":"","astra-migrate-meta-layouts":"default","ast-page-background-enabled":"default","ast-page-background-meta":{"desktop":{"background-color":"var(--ast-global-color-4)","background-image":"","background-repeat":"repeat","background-position":"center center","background-size":"auto","background-attachment":"scroll","background-type":"","background-media":"","overlay-type":"","overlay-color":"","overlay-opacity":"","overlay-gradient":""},"tablet":{"background-color":"","background-image":"","background-repeat":"repeat","background-position":"center center","background-size":"auto","background-attachment":"scroll","background-type":"","background-media":"","overlay-type":"","overlay-color":"","overlay-opacity":"","overlay-gradient":""},"mobile":{"background-color":"","background-image":"","background-repeat":"repeat","background-position":"center center","background-size":"auto","background-attachment":"scroll","background-type":"","background-media":"","overlay-type":"","overlay-color":"","overlay-opacity":"","overlay-gradient":""}},"ast-content-background-meta":{"desktop":{"background-color":"var(--ast-global-color-5)","background-image":"","background-repeat":"repeat","background-position":"center center","background-size":"auto","background-attachment":"scroll","background-type":"","background-media":"","overlay-type":"","overlay-color":"","overlay-opacity":"","overlay-gradient":""},"tablet":{"background-color":"var(--ast-global-color-5)","background-image":"","background-repeat":"repeat","background-position":"center center","background-size":"auto","background-attachment":"scroll","background-type":"","background-media":"","overlay-type":"","overlay-color":"","overlay-opacity":"","overlay-gradient":""},"mobile":{"background-color":"var(--ast-global-color-5)","background-image":"","background-repeat":"repeat","background-position":"center center","background-size":"auto","background-attachment":"scroll","background-type":"","background-media":"","overlay-type":"","overlay-color":"","overlay-opacity":"","overlay-gradient":""}}},"product_brand":[],"product_cat":[369,394,365,363,396,378,367,590],"product_tag":[591,542],"class_list":{"0":"post-38866","1":"product","2":"type-product","3":"status-publish","4":"has-post-thumbnail","6":"product_cat-csarnokok","7":"product_cat-digitalis-jatekok","8":"product_cat-goz","9":"product_cat-kaland-jatekok","10":"product_cat-lovoldozos-jatekok-a-steamen","11":"product_cat-minden-digitalis-jatek","12":"product_cat-pc-jatekok","13":"product_cat-pid-jatekok","14":"product_tag-may_60","15":"product_tag-pid_04-hu","16":"desktop-align-left","17":"tablet-align-left","18":"mobile-align-left","20":"first","21":"instock","22":"virtual","23":"purchasable","24":"product-type-simple"},"acf":[],"yoast_head":"<!-- This site is optimized with the Yoast SEO Premium plugin v27.4 (Yoast SEO v27.4) - https:\/\/yoast.com\/product\/yoast-seo-premium-wordpress\/ -->\n<title>Elypse - Prismagamers.com<\/title>\n<meta name=\"description\" content=\"Az Elypse egy k\u00e9tdimenzi\u00f3s akci\u00f3-kalandj\u00e1t\u00e9k. A j\u00e1t\u00e9k egy s\u00f6t\u00e9t vil\u00e1gban j\u00e1tsz\u00f3dik, ahol t\u00edz\u00e9vente \u00e1ldozatot hoznak, hogy ideiglenesen legy\u0151zz\u00e9k a m\u00e9lys\u00e9get.  Global Steam Digit\u00e1lis kulcs\" \/>\n<meta name=\"robots\" content=\"index, follow, max-snippet:-1, max-image-preview:large, max-video-preview:-1\" \/>\n<link rel=\"canonical\" href=\"https:\/\/prismagamers.com\/hu\/produkt\/elypse-pc\/\" \/>\n<meta property=\"og:locale\" content=\"hu_HU\" \/>\n<meta property=\"og:type\" content=\"article\" \/>\n<meta property=\"og:title\" content=\"Elypse\" \/>\n<meta property=\"og:description\" content=\"Az Elypse egy k\u00e9tdimenzi\u00f3s akci\u00f3-kalandj\u00e1t\u00e9k. A j\u00e1t\u00e9k egy s\u00f6t\u00e9t vil\u00e1gban j\u00e1tsz\u00f3dik, ahol t\u00edz\u00e9vente \u00e1ldozatot hoznak, hogy ideiglenesen legy\u0151zz\u00e9k a m\u00e9lys\u00e9get.  Global Steam Digit\u00e1lis kulcs\" \/>\n<meta property=\"og:url\" content=\"https:\/\/prismagamers.com\/hu\/produkt\/elypse-pc\/\" \/>\n<meta property=\"og:site_name\" content=\"Prismagamers.com\" \/>\n<meta property=\"article:publisher\" content=\"https:\/\/www.facebook.com\/prismagamers\" \/>\n<meta property=\"article:modified_time\" content=\"2026-03-04T23:00:48+00:00\" \/>\n<meta property=\"og:image\" content=\"https:\/\/prismagamers.com\/wp-content\/uploads\/2023\/05\/library_600x900_2x-11.jpg\" \/>\n\t<meta property=\"og:image:width\" content=\"600\" \/>\n\t<meta property=\"og:image:height\" content=\"900\" \/>\n\t<meta property=\"og:image:type\" content=\"image\/jpeg\" \/>\n<meta name=\"twitter:card\" content=\"summary_large_image\" \/>\n<meta name=\"twitter:label1\" content=\"Becs\u00fclt olvas\u00e1si id\u0151\" \/>\n\t<meta name=\"twitter:data1\" content=\"2 perc\" \/>\n<script type=\"application\/ld+json\" class=\"yoast-schema-graph\">{\"@context\":\"https:\\\/\\\/schema.org\",\"@graph\":[{\"@type\":\"WebPage\",\"@id\":\"https:\\\/\\\/prismagamers.com\\\/hu\\\/produkt\\\/elypse-pc\\\/\",\"url\":\"https:\\\/\\\/prismagamers.com\\\/hu\\\/produkt\\\/elypse-pc\\\/\",\"name\":\"Elypse - Prismagamers.com\",\"isPartOf\":{\"@id\":\"https:\\\/\\\/prismagamers.com\\\/hu\\\/#website\"},\"primaryImageOfPage\":{\"@id\":\"https:\\\/\\\/prismagamers.com\\\/hu\\\/produkt\\\/elypse-pc\\\/#primaryimage\"},\"image\":{\"@id\":\"https:\\\/\\\/prismagamers.com\\\/hu\\\/produkt\\\/elypse-pc\\\/#primaryimage\"},\"thumbnailUrl\":\"https:\\\/\\\/prismagamers.com\\\/wp-content\\\/uploads\\\/2023\\\/05\\\/library_600x900_2x-11.jpg\",\"datePublished\":\"2023-05-17T09:17:45+00:00\",\"dateModified\":\"2026-03-04T23:00:48+00:00\",\"description\":\"Az Elypse egy k\u00e9tdimenzi\u00f3s akci\u00f3-kalandj\u00e1t\u00e9k. A j\u00e1t\u00e9k egy s\u00f6t\u00e9t vil\u00e1gban j\u00e1tsz\u00f3dik, ahol t\u00edz\u00e9vente \u00e1ldozatot hoznak, hogy ideiglenesen legy\u0151zz\u00e9k a m\u00e9lys\u00e9get. Global Steam Digit\u00e1lis kulcs\",\"breadcrumb\":{\"@id\":\"https:\\\/\\\/prismagamers.com\\\/hu\\\/produkt\\\/elypse-pc\\\/#breadcrumb\"},\"inLanguage\":\"hu\",\"potentialAction\":[{\"@type\":\"ReadAction\",\"target\":[\"https:\\\/\\\/prismagamers.com\\\/hu\\\/produkt\\\/elypse-pc\\\/\"]}]},{\"@type\":\"ImageObject\",\"inLanguage\":\"hu\",\"@id\":\"https:\\\/\\\/prismagamers.com\\\/hu\\\/produkt\\\/elypse-pc\\\/#primaryimage\",\"url\":\"https:\\\/\\\/prismagamers.com\\\/wp-content\\\/uploads\\\/2023\\\/05\\\/library_600x900_2x-11.jpg\",\"contentUrl\":\"https:\\\/\\\/prismagamers.com\\\/wp-content\\\/uploads\\\/2023\\\/05\\\/library_600x900_2x-11.jpg\",\"width\":600,\"height\":900},{\"@type\":\"BreadcrumbList\",\"@id\":\"https:\\\/\\\/prismagamers.com\\\/hu\\\/produkt\\\/elypse-pc\\\/#breadcrumb\",\"itemListElement\":[{\"@type\":\"ListItem\",\"position\":1,\"name\":\"Strona g\u0142\u00f3wna\",\"item\":\"https:\\\/\\\/prismagamers.com\\\/hu\\\/prismagamers\\\/\"},{\"@type\":\"ListItem\",\"position\":2,\"name\":\"Shop\",\"item\":\"https:\\\/\\\/prismagamers.com\\\/hu\\\/shop\\\/\"},{\"@type\":\"ListItem\",\"position\":3,\"name\":\"Elypse\"}]},{\"@type\":\"WebSite\",\"@id\":\"https:\\\/\\\/prismagamers.com\\\/hu\\\/#website\",\"url\":\"https:\\\/\\\/prismagamers.com\\\/hu\\\/\",\"name\":\"Prismagamers\",\"description\":\"Sklep z grami PC I Sklep klucze Steam\",\"publisher\":{\"@id\":\"https:\\\/\\\/prismagamers.com\\\/hu\\\/#organization\"},\"potentialAction\":[{\"@type\":\"SearchAction\",\"target\":{\"@type\":\"EntryPoint\",\"urlTemplate\":\"https:\\\/\\\/prismagamers.com\\\/hu\\\/?s={search_term_string}\"},\"query-input\":{\"@type\":\"PropertyValueSpecification\",\"valueRequired\":true,\"valueName\":\"search_term_string\"}}],\"inLanguage\":\"hu\"},{\"@type\":\"Organization\",\"@id\":\"https:\\\/\\\/prismagamers.com\\\/hu\\\/#organization\",\"name\":\"Prismagamers\",\"url\":\"https:\\\/\\\/prismagamers.com\\\/hu\\\/\",\"logo\":{\"@type\":\"ImageObject\",\"inLanguage\":\"hu\",\"@id\":\"https:\\\/\\\/prismagamers.com\\\/hu\\\/#\\\/schema\\\/logo\\\/image\\\/\",\"url\":\"https:\\\/\\\/prismagamers.com\\\/wp-content\\\/uploads\\\/2022\\\/04\\\/cropped-logo-Prismagamers-01-scaled-1.jpg\",\"contentUrl\":\"https:\\\/\\\/prismagamers.com\\\/wp-content\\\/uploads\\\/2022\\\/04\\\/cropped-logo-Prismagamers-01-scaled-1.jpg\",\"width\":512,\"height\":512,\"caption\":\"Prismagamers\"},\"image\":{\"@id\":\"https:\\\/\\\/prismagamers.com\\\/hu\\\/#\\\/schema\\\/logo\\\/image\\\/\"},\"sameAs\":[\"https:\\\/\\\/www.facebook.com\\\/prismagamers\",\"https:\\\/\\\/www.instagram.com\\\/prismagamers_grycyfrowe\\\/\"],\"description\":\"Prismagamers.com to dynamiczny sklep z grami cyfrowymi, stworzony z my\u015bl\u0105 o entuzjastach gier wideo. Nasza strona oferuje szerok\u0105 gam\u0119 gier komputerowych, w tym najnowsze tytu\u0142y, dobrze znane klasyki oraz gry stworzone przez niezale\u017cne studia Ca\u0142y czas d\u0105\u017cymy do rozszerzenia naszej oferty. Do\u0142\u0105cz do nas i sta\u0144 si\u0119 cz\u0119\u015bci\u0105 naszej rosn\u0105cej spo\u0142eczno\u015bci graczy!\",\"email\":\"shop@prismagamers.com\",\"telephone\":\"48795541705\",\"legalName\":\"East Caravan Maksym \u017bukow\",\"foundingDate\":\"2012-05-10\",\"vatID\":\"PL8943038612\",\"taxID\":\"PL8943038612\",\"numberOfEmployees\":{\"@type\":\"QuantitativeValue\",\"minValue\":\"11\",\"maxValue\":\"50\"}}]}<\/script>\n<!-- \/ Yoast SEO Premium plugin. -->","yoast_head_json":{"title":"Elypse - Prismagamers.com","description":"Az Elypse egy k\u00e9tdimenzi\u00f3s akci\u00f3-kalandj\u00e1t\u00e9k. A j\u00e1t\u00e9k egy s\u00f6t\u00e9t vil\u00e1gban j\u00e1tsz\u00f3dik, ahol t\u00edz\u00e9vente \u00e1ldozatot hoznak, hogy ideiglenesen legy\u0151zz\u00e9k a m\u00e9lys\u00e9get.  Global Steam Digit\u00e1lis kulcs","robots":{"index":"index","follow":"follow","max-snippet":"max-snippet:-1","max-image-preview":"max-image-preview:large","max-video-preview":"max-video-preview:-1"},"canonical":"https:\/\/prismagamers.com\/hu\/produkt\/elypse-pc\/","og_locale":"hu_HU","og_type":"article","og_title":"Elypse","og_description":"Az Elypse egy k\u00e9tdimenzi\u00f3s akci\u00f3-kalandj\u00e1t\u00e9k. A j\u00e1t\u00e9k egy s\u00f6t\u00e9t vil\u00e1gban j\u00e1tsz\u00f3dik, ahol t\u00edz\u00e9vente \u00e1ldozatot hoznak, hogy ideiglenesen legy\u0151zz\u00e9k a m\u00e9lys\u00e9get.  Global Steam Digit\u00e1lis kulcs","og_url":"https:\/\/prismagamers.com\/hu\/produkt\/elypse-pc\/","og_site_name":"Prismagamers.com","article_publisher":"https:\/\/www.facebook.com\/prismagamers","article_modified_time":"2026-03-04T23:00:48+00:00","og_image":[{"width":600,"height":900,"url":"https:\/\/prismagamers.com\/wp-content\/uploads\/2023\/05\/library_600x900_2x-11.jpg","type":"image\/jpeg"}],"twitter_card":"summary_large_image","twitter_misc":{"Becs\u00fclt olvas\u00e1si id\u0151":"2 perc"},"schema":{"@context":"https:\/\/schema.org","@graph":[{"@type":"WebPage","@id":"https:\/\/prismagamers.com\/hu\/produkt\/elypse-pc\/","url":"https:\/\/prismagamers.com\/hu\/produkt\/elypse-pc\/","name":"Elypse - Prismagamers.com","isPartOf":{"@id":"https:\/\/prismagamers.com\/hu\/#website"},"primaryImageOfPage":{"@id":"https:\/\/prismagamers.com\/hu\/produkt\/elypse-pc\/#primaryimage"},"image":{"@id":"https:\/\/prismagamers.com\/hu\/produkt\/elypse-pc\/#primaryimage"},"thumbnailUrl":"https:\/\/prismagamers.com\/wp-content\/uploads\/2023\/05\/library_600x900_2x-11.jpg","datePublished":"2023-05-17T09:17:45+00:00","dateModified":"2026-03-04T23:00:48+00:00","description":"Az Elypse egy k\u00e9tdimenzi\u00f3s akci\u00f3-kalandj\u00e1t\u00e9k. A j\u00e1t\u00e9k egy s\u00f6t\u00e9t vil\u00e1gban j\u00e1tsz\u00f3dik, ahol t\u00edz\u00e9vente \u00e1ldozatot hoznak, hogy ideiglenesen legy\u0151zz\u00e9k a m\u00e9lys\u00e9get. Global Steam Digit\u00e1lis kulcs","breadcrumb":{"@id":"https:\/\/prismagamers.com\/hu\/produkt\/elypse-pc\/#breadcrumb"},"inLanguage":"hu","potentialAction":[{"@type":"ReadAction","target":["https:\/\/prismagamers.com\/hu\/produkt\/elypse-pc\/"]}]},{"@type":"ImageObject","inLanguage":"hu","@id":"https:\/\/prismagamers.com\/hu\/produkt\/elypse-pc\/#primaryimage","url":"https:\/\/prismagamers.com\/wp-content\/uploads\/2023\/05\/library_600x900_2x-11.jpg","contentUrl":"https:\/\/prismagamers.com\/wp-content\/uploads\/2023\/05\/library_600x900_2x-11.jpg","width":600,"height":900},{"@type":"BreadcrumbList","@id":"https:\/\/prismagamers.com\/hu\/produkt\/elypse-pc\/#breadcrumb","itemListElement":[{"@type":"ListItem","position":1,"name":"Strona g\u0142\u00f3wna","item":"https:\/\/prismagamers.com\/hu\/prismagamers\/"},{"@type":"ListItem","position":2,"name":"Shop","item":"https:\/\/prismagamers.com\/hu\/shop\/"},{"@type":"ListItem","position":3,"name":"Elypse"}]},{"@type":"WebSite","@id":"https:\/\/prismagamers.com\/hu\/#website","url":"https:\/\/prismagamers.com\/hu\/","name":"Prismagamers","description":"Sklep z grami PC I Sklep klucze Steam","publisher":{"@id":"https:\/\/prismagamers.com\/hu\/#organization"},"potentialAction":[{"@type":"SearchAction","target":{"@type":"EntryPoint","urlTemplate":"https:\/\/prismagamers.com\/hu\/?s={search_term_string}"},"query-input":{"@type":"PropertyValueSpecification","valueRequired":true,"valueName":"search_term_string"}}],"inLanguage":"hu"},{"@type":"Organization","@id":"https:\/\/prismagamers.com\/hu\/#organization","name":"Prismagamers","url":"https:\/\/prismagamers.com\/hu\/","logo":{"@type":"ImageObject","inLanguage":"hu","@id":"https:\/\/prismagamers.com\/hu\/#\/schema\/logo\/image\/","url":"https:\/\/prismagamers.com\/wp-content\/uploads\/2022\/04\/cropped-logo-Prismagamers-01-scaled-1.jpg","contentUrl":"https:\/\/prismagamers.com\/wp-content\/uploads\/2022\/04\/cropped-logo-Prismagamers-01-scaled-1.jpg","width":512,"height":512,"caption":"Prismagamers"},"image":{"@id":"https:\/\/prismagamers.com\/hu\/#\/schema\/logo\/image\/"},"sameAs":["https:\/\/www.facebook.com\/prismagamers","https:\/\/www.instagram.com\/prismagamers_grycyfrowe\/"],"description":"Prismagamers.com to dynamiczny sklep z grami cyfrowymi, stworzony z my\u015bl\u0105 o entuzjastach gier wideo. Nasza strona oferuje szerok\u0105 gam\u0119 gier komputerowych, w tym najnowsze tytu\u0142y, dobrze znane klasyki oraz gry stworzone przez niezale\u017cne studia Ca\u0142y czas d\u0105\u017cymy do rozszerzenia naszej oferty. Do\u0142\u0105cz do nas i sta\u0144 si\u0119 cz\u0119\u015bci\u0105 naszej rosn\u0105cej spo\u0142eczno\u015bci graczy!","email":"shop@prismagamers.com","telephone":"48795541705","legalName":"East Caravan Maksym \u017bukow","foundingDate":"2012-05-10","vatID":"PL8943038612","taxID":"PL8943038612","numberOfEmployees":{"@type":"QuantitativeValue","minValue":"11","maxValue":"50"}}]}},"_links":{"self":[{"href":"https:\/\/prismagamers.com\/hu\/wp-json\/wp\/v2\/product\/38866","targetHints":{"allow":["GET"]}}],"collection":[{"href":"https:\/\/prismagamers.com\/hu\/wp-json\/wp\/v2\/product"}],"about":[{"href":"https:\/\/prismagamers.com\/hu\/wp-json\/wp\/v2\/types\/product"}],"wp:featuredmedia":[{"embeddable":true,"href":"https:\/\/prismagamers.com\/hu\/wp-json\/wp\/v2\/media\/25328"}],"wp:attachment":[{"href":"https:\/\/prismagamers.com\/hu\/wp-json\/wp\/v2\/media?parent=38866"}],"wp:term":[{"taxonomy":"product_brand","embeddable":true,"href":"https:\/\/prismagamers.com\/hu\/wp-json\/wp\/v2\/product_brand?post=38866"},{"taxonomy":"product_cat","embeddable":true,"href":"https:\/\/prismagamers.com\/hu\/wp-json\/wp\/v2\/product_cat?post=38866"},{"taxonomy":"product_tag","embeddable":true,"href":"https:\/\/prismagamers.com\/hu\/wp-json\/wp\/v2\/product_tag?post=38866"}],"curies":[{"name":"wp","href":"https:\/\/api.w.org\/{rel}","templated":true}]}}