{"id":38867,"date":"2023-06-13T21:29:24","date_gmt":"2023-06-13T19:29:24","guid":{"rendered":"https:\/\/prismagamers.com\/produkt\/dinosystem\/"},"modified":"2023-06-13T21:29:24","modified_gmt":"2023-06-13T19:29:24","slug":"dinosystem","status":"publish","type":"product","link":"https:\/\/prismagamers.com\/hu\/produkt\/dinosystem\/","title":{"rendered":"DinoSystem"},"content":{"rendered":"<div class=\"flex-1 overflow-hidden\">\n<div class=\"react-scroll-to-bottom--css-mxfve-79elbk h-full\">\n<div class=\"react-scroll-to-bottom--css-mxfve-1n7m0yu\">\n<div class=\"flex flex-col text-sm pb-9\">\n<div class=\"w-full text-token-text-primary\" data-testid=\"conversation-turn-11\">\n<div class=\"px-4 py-2 justify-center text-base md:gap-6 m-auto\">\n<div class=\"flex flex-1 text-base mx-auto gap-3 md:px-5 lg:px-1 xl:px-5 md:max-w-3xl lg:max-w-[40rem] xl:max-w-[48rem] group final-completion\">\n<div class=\"relative flex w-full flex-col agent-turn\">\n<div class=\"flex-col gap-1 md:gap-3\">\n<div class=\"flex flex-grow flex-col max-w-full\">\n<div class=\"min-h-[20px] text-message flex flex-col items-start gap-3 whitespace-pre-wrap break-words [.text-message+&amp;]:mt-5 overflow-x-auto\" data-message-author-role=\"assistant\" data-message-id=\"faa18609-9663-438e-bf45-8ad3583b2830\">\n<div class=\"markdown prose w-full break-words dark:prose-invert light\">\n<p>A DinoSystem egy 2D-s, fel\u00fcln\u00e9zetes \u00f6kosziszt\u00e9ma- \u00e9s t\u00fal\u00e9l\u0151szimul\u00e1ci\u00f3, amelyben vagy egy fejl\u0151d\u0151 (dinoszauruszok \u00e1ltal ben\u00e9pes\u00edtett) sziget \u00f6kol\u00f3gi\u00e1j\u00e1t ir\u00e1ny\u00edtod, vagy emberk\u00e9nt t\u00fal\u00e9lsz, re\u00e1lis t\u00fal\u00e9l\u00e9si mechanik\u00e1kkal \u00e9s egy m\u00e9ly karakterfejl\u0151d\u00e9si rendszerrel foglalkozva, amely nyomon k\u00f6veti, hogyan alkalmazkodik a karaktered az id\u0151 m\u00fal\u00e1s\u00e1val. A DinoSystemet olyan j\u00e1t\u00e9kok ihlett\u00e9k, mint a Dwarf Fortress, a SimLife \u00e9s a Notrium. <\/p>\n<p>Egy felt\u00f6rekv\u0151, \u00e9l\u0151 vil\u00e1g:<\/p>\n<p>A szigeten minden biol\u00f3giai \u00e9s fizikai szab\u00e1lyoknak van al\u00e1vetve, \u00e9s semmi sem j\u00f6n l\u00e9tre a semmib\u0151l: levad\u00e1szod a faj\u00e1nak utols\u00f3 dinoszaurusz\u00e1t egy steak\u00e9rt, vagy megv\u00e9ded a kihal\u00e1st\u00f3l, \u00e9s gondoskodsz arr\u00f3l, hogy kikeljenek a toj\u00e1sai? Ezekkel a dilemm\u00e1kkal kell szemben\u00e9zned a j\u00e1t\u00e9kban, am\u00edg TE ki nem halsz. <\/p>\n<p>J\u00e1t\u00e9km\u00f3dok:<\/p>\n<ul>\n<li>Isten: Ir\u00e1ny\u00edtsd a sziget \u00f6kol\u00f3gi\u00e1j\u00e1t, v\u00e1ltoztasd meg az id\u0151j\u00e1r\u00e1st, ind\u00edts el puszt\u00edt\u00f3 esem\u00e9nyeket, \u00e9s figyeld, hogyan alkalmazkodik az \u00f6kosziszt\u00e9ma.<\/li>\n<li>T\u00fal\u00e9l\u00e9s: Csatlakozz a szigethez, mint egy partra vetett ember, n\u00e9zd meg, meddig tudod t\u00fal\u00e9lni a sziget r\u00e9szek\u00e9nt, \u00e9s hogyan v\u00e1ltozik a tested a folyamat sor\u00e1n.<\/li>\n<\/ul>\n<p>Vil\u00e1gjellemz\u0151k:<\/p>\n<ul>\n<li>Szimul\u00e1lt \u00f6kol\u00f3gia: a j\u00e1t\u00e9k a kr\u00e9ta id\u0151szak \u00f6kosziszt\u00e9m\u00e1j\u00e1t szimul\u00e1lja, amelyet f\u0151k\u00e9nt a dinoszauruszok uralnak. Az \u00e1llatok \u00e9s n\u00f6v\u00e9nyek nem \u201e\u00fajratermel\u0151dnek\u201d; megsz\u00fcletnek, n\u00f6vekednek, szaporodnak \u00e9s meghalnak. <\/li>\n<li>A DinoSystem egy \u00e9vszakos modellt haszn\u00e1l, amely kisz\u00e1m\u00edtja a nappal\/\u00e9jszaka hossz\u00e1t, a nap relat\u00edv helyzet\u00e9t \u00e9s befoly\u00e1solja az id\u0151j\u00e1r\u00e1st; az \u00e9vszakok k\u00f6z\u00f6tti \u00e1tmenet teljesen fokozatos.<\/li>\n<li>Val\u00f3s\u00e1gh\u0171 id\u0151j\u00e1r\u00e1si modell, amely figyelembe veszi az olyan v\u00e1ltoz\u00f3kat, mint a napszak, a p\u00e1ratartalom, a h\u0151m\u00e9rs\u00e9klet \u00e9s a l\u00e9gnyom\u00e1s; olyan id\u0151j\u00e1r\u00e1si k\u00f6r\u00fclm\u00e9nyeket gener\u00e1l, mint es\u0151, h\u00f3, sz\u00e9l, homok\/h\u00f3vihar, zivatar \u00e9s k\u00f6d.<\/li>\n<li>A zivatarok erd\u0151t\u00fczeket okozhatnak, amelyek eg\u00e9sz erd\u0151ket \u00e9gethetnek le.<\/li>\n<li>Val\u00f3s\u00e1gh\u0171 v\u00edzk\u00f6rforg\u00e1s: az es\u0151 t\u00f3cs\u00e1kat k\u00e9pez, amelyek vagy elp\u00e1rolognak, vagy tavakk\u00e1 \u00e9s tavakk\u00e1 n\u0151nek. A p\u00e1rolg\u00e1s figyelembe veszi a p\u00e1ratartalmat, a h\u0151m\u00e9rs\u00e9kletet \u00e9s a naps\u00fct\u00e9st. <\/li>\n<li>A domborzat olyan t\u00e9nyez\u0151k f\u00fcggv\u00e9ny\u00e9ben v\u00e1ltozik, mint a v\u00edz jelenl\u00e9te, az id\u0151j\u00e1r\u00e1s, a n\u00f6v\u00e9nyzet \u00e9s a helysz\u00edn. B\u00e1rmely ter\u00fclet term\u00e9kenny\u00e9 vagy kop\u00e1rr\u00e1 v\u00e1lhat, \u00faj erd\u0151k vagy f\u00fcves s\u00edks\u00e1gok keletkezhetnek vagy t\u0171nhetnek el az id\u0151 m\u00fal\u00e1s\u00e1val. <\/li>\n<li>A t\u0171z (a f\u00e1kly\u00e1kt\u00f3l kezdve a m\u00e1gly\u00e1kon \u00e1t az erd\u0151t\u00fczekig) a rendelkez\u00e9sre \u00e1ll\u00f3 t\u00fczel\u0151anyagot fogyasztja, h\u0151t \u00e9s f\u00e9nyt bocs\u00e1t ki, \u00e9s a p\u00e1ratartalom \u00e9s a sz\u00e9l is befoly\u00e1solja; az \u00d6n teste \u00e9s a t\u0171z k\u00f6zel\u00e9ben l\u00e9v\u0151 t\u00e1rgyak felforr\u00f3sodnak. A t\u0171z \u00e1tterjedhet a k\u00f6zeli n\u00f6v\u00e9nyzetre, \u00e9s kedvez\u0151 id\u0151j\u00e1r\u00e1si k\u00f6r\u00fclm\u00e9nyek eset\u00e9n erd\u0151t\u00fczet okozhat. <\/li>\n<li>Az \u00e1llatok mesters\u00e9ges intelligenci\u00e1ja lehet\u0151v\u00e9 teszi sz\u00e1mukra, hogy t\u00fal\u00e9ljenek a vil\u00e1gukban \u00e9s alkalmazkodjanak; szaporodnak, gondoskodnak a kicsinyeikr\u0151l, v\u00e9delmet keresnek, vagy versenyeznek az \u00e9lelem\u00e9rt \u00e9s a szaporod\u00e1s\u00e9rt.<\/li>\n<li>Minden \u00faj sziget a j\u00e1t\u00e9k kezdet\u00e9n gener\u00e1l\u00f3dik a j\u00e1t\u00e9kos \u00e1ltal meghat\u00e1rozott param\u00e9terek alapj\u00e1n.<\/li>\n<li>Az elpusztult \u00e1llatokt\u00f3l kezdve az \u00e1gakig minden bomlik az olyan t\u00e9nyez\u0151k f\u00fcggv\u00e9ny\u00e9ben, mint a h\u0151m\u00e9rs\u00e9klet, a p\u00e1ratartalom \u00e9s a helysz\u00edn. Nincs olyan \u201eid\u0151z\u00edt\u0151\u201d, amely ut\u00e1n egy t\u00e1rgy vagy hullad\u00e9ka elt\u0171nik. <\/li>\n<\/ul>\n<p>T\u00fal\u00e9l\u00e9si tulajdons\u00e1gok:<\/p>\n<ul>\n<li>M\u00e9ly, \u00f6sszetett \u00e9s kifizet\u0151d\u0151 karakterfejl\u0151d\u00e9si rendszer: az anyagcsere, az izomzat \u00e9s a testzs\u00edr az \u00e9letm\u00f3dodt\u00f3l f\u00fcgg\u0151en v\u00e1ltozik, \u00e9s a karaktered sprite megjelen\u00e9se is ennek megfelel\u0151en v\u00e1ltozik. H\u00edzz, hogy t\u00fal\u00e9ld a telet, fogyj, hogy k\u00f6nnyebb \u00e9s gyorsabb legy\u00e9l, vagy \u00e9p\u00edts izmot, hogy er\u0151sebb legy\u00e9l a harcban \u00e9s jobban b\u00edrd a kem\u00e9ny munk\u00e1t, de \u00fcgyelj arra, hogy elegend\u0151 feh\u00e9rj\u00e9t fogyassz. <\/li>\n<li>A b\u0151rsz\u00edn \u00e9s a haj id\u0151vel v\u00e1ltozik\/n\u00f6vekszik: a barnas\u00e1g seg\u00edt ny\u00e1ron, m\u00edg a hossz\u00fa haj seg\u00edt melegen tartani t\u00e9len.<\/li>\n<li>Az olyan sz\u00fcks\u00e9gletek, mint a szomj\u00fas\u00e1g \u00e9s az \u00e9hs\u00e9g, nem csak \u00e1lland\u00f3 \u00fctemben cs\u00f6kken\u0151 rudak: a tev\u00e9kenys\u00e9gekt\u0151l kezdve az anyagcser\u00e9n \u00e1t a tests\u00falyig minden befoly\u00e1solja, hogy milyen \u00fctemben \u00e9getsz kal\u00f3ri\u00e1t, fogyasztasz vizet vagy f\u00e1radsz el. A magas h\u0151m\u00e9rs\u00e9klet vagy az intenz\u00edv tev\u00e9kenys\u00e9g p\u00e9ld\u00e1ul izzad\u00e1sra k\u00e9sztet, ami t\u00f6bb vizet ig\u00e9nyel. R\u00e1ad\u00e1sul nem halsz meg k\u00f6zvetlen\u00fcl az alult\u00e1pl\u00e1lts\u00e1gt\u00f3l, de ha \u00e9hezteted magad, akkor addig vesz\u00edtesz zs\u00edrt, am\u00edg t\u00fals\u00e1gosan legyeng\u00fclsz, \u00e9s v\u00e9g\u00fcl az id\u0151j\u00e1r\u00e1si k\u00f6r\u00fclm\u00e9nyek miatt meghalsz.  <\/li>\n<li>Tucatnyi k\u00e9pess\u00e9g, mind ment\u00e1lis, mind fizikai, amelyek a teljes\u00edtm\u00e9nyed n\u00f6veked\u00e9s\u00e9vel n\u0151nek.<\/li>\n<\/ul>\n<\/div>\n<\/div>\n<\/div>\n<div class=\"mt-1 flex justify-start gap-3 empty:hidden\"><\/div>\n<div class=\"pr-2 lg:pr-0\"><\/div>\n<\/div>\n<div class=\"absolute\">\n<div class=\"flex w-full gap-2 items-center justify-center\"><\/div>\n<\/div>\n<\/div>\n<\/div>\n<\/div>\n<\/div>\n<\/div>\n<\/div>\n<\/div>\n<\/div>\n<div class=\"w-full pt-2 md:pt-0 dark:border-white\/20 md:border-transparent md:dark:border-transparent md:w-[calc(100%-.5rem)]\">\n<form class=\"stretch mx-2 flex flex-row gap-3 last:mb-2 md:mx-4 md:last:mb-6 lg:mx-auto lg:max-w-2xl xl:max-w-3xl\">\n<div class=\"relative flex h-full flex-1 flex-col\">\n<div class=\"absolute bottom-full left-0 right-0\"><\/div>\n<div class=\"flex w-full items-center\">\n<div class=\"overflow-hidden [&amp;:has(textarea:focus)]:border-token-border-xheavy [&amp;:has(textarea:focus)]:shadow-[0_2px_6px_rgba(0,0,0,.05)] flex flex-col w-full flex-grow relative border dark:text-white rounded-2xl bg-token-main-surface-primary border-token-border-medium\"><\/div>\n<\/div>\n<\/div>\n<\/form>\n<\/div>\n","protected":false},"excerpt":{"rendered":"<p class=\"ai-optimize-28\">A DinoSystem egy 2D \u00f6kosziszt\u00e9ma \u00e9s t\u00fal\u00e9l\u0151 szimul\u00e1ci\u00f3, amelyben egy fejl\u0151d\u0151 sziget \u00f6kol\u00f3gi\u00e1j\u00e1t kezeled, \u00e9s emberk\u00e9nt t\u00fal\u00e9lsz benne, re\u00e1lis t\u00fal\u00e9l\u00e9si mechanik\u00e1val \u00e9s m\u00e9ly karakterfejl\u0151d\u00e9si rendszerrel foglalkozva.<\/p>\n<p class=\"ai-optimize-29\"><img decoding=\"async\" class=\"emoji\" role=\"img\" draggable=\"false\" src=\"https:\/\/s.w.org\/images\/core\/emoji\/14.0.0\/svg\/1f30d.svg\" alt=\"\ud83c\udf0d\">  Global<br \/>\n<img decoding=\"async\" class=\"emoji\" role=\"img\" draggable=\"false\" src=\"https:\/\/s.w.org\/images\/core\/emoji\/14.0.0\/svg\/2699.svg\" alt=\"\u2699\ufe0f\"> Steam<br \/>\n<img decoding=\"async\" class=\"emoji\" role=\"img\" draggable=\"false\" src=\"https:\/\/s.w.org\/images\/core\/emoji\/14.0.0\/svg\/1f5dd.svg\" alt=\"\ud83d\udddd\"> Digit\u00e1lis kulcs<\/p>\n","protected":false},"featured_media":25552,"template":"","meta":{"_acf_changed":false,"site-sidebar-layout":"default","site-content-layout":"default","ast-site-content-layout":"default","site-content-style":"default","site-sidebar-style":"default","ast-global-header-display":"","ast-banner-title-visibility":"","ast-main-header-display":"","ast-hfb-above-header-display":"","ast-hfb-below-header-display":"","ast-hfb-mobile-header-display":"","site-post-title":"","ast-breadcrumbs-content":"","ast-featured-img":"","footer-sml-layout":"","ast-disable-related-posts":"","theme-transparent-header-meta":"default","adv-header-id-meta":"","stick-header-meta":"","header-above-stick-meta":"","header-main-stick-meta":"","header-below-stick-meta":"","astra-migrate-meta-layouts":"default","ast-page-background-enabled":"default","ast-page-background-meta":{"desktop":{"background-color":"var(--ast-global-color-4)","background-image":"","background-repeat":"repeat","background-position":"center center","background-size":"auto","background-attachment":"scroll","background-type":"","background-media":"","overlay-type":"","overlay-color":"","overlay-opacity":"","overlay-gradient":""},"tablet":{"background-color":"","background-image":"","background-repeat":"repeat","background-position":"center center","background-size":"auto","background-attachment":"scroll","background-type":"","background-media":"","overlay-type":"","overlay-color":"","overlay-opacity":"","overlay-gradient":""},"mobile":{"background-color":"","background-image":"","background-repeat":"repeat","background-position":"center center","background-size":"auto","background-attachment":"scroll","background-type":"","background-media":"","overlay-type":"","overlay-color":"","overlay-opacity":"","overlay-gradient":""}},"ast-content-background-meta":{"desktop":{"background-color":"var(--ast-global-color-5)","background-image":"","background-repeat":"repeat","background-position":"center center","background-size":"auto","background-attachment":"scroll","background-type":"","background-media":"","overlay-type":"","overlay-color":"","overlay-opacity":"","overlay-gradient":""},"tablet":{"background-color":"var(--ast-global-color-5)","background-image":"","background-repeat":"repeat","background-position":"center center","background-size":"auto","background-attachment":"scroll","background-type":"","background-media":"","overlay-type":"","overlay-color":"","overlay-opacity":"","overlay-gradient":""},"mobile":{"background-color":"var(--ast-global-color-5)","background-image":"","background-repeat":"repeat","background-position":"center center","background-size":"auto","background-attachment":"scroll","background-type":"","background-media":"","overlay-type":"","overlay-color":"","overlay-opacity":"","overlay-gradient":""}}},"product_brand":[],"product_cat":[394,365,372,378,367,590,364],"product_tag":[589,542],"class_list":{"0":"post-38867","1":"product","2":"type-product","3":"status-publish","4":"has-post-thumbnail","6":"product_cat-digitalis-jatekok","7":"product_cat-goz","8":"product_cat-jatekok-szimulatorok","9":"product_cat-minden-digitalis-jatek","10":"product_cat-pc-jatekok","11":"product_cat-pid-jatekok","12":"product_cat-rpg-k","13":"product_tag-may_90","14":"product_tag-pid_04-hu","15":"desktop-align-left","16":"tablet-align-left","17":"mobile-align-left","19":"first","20":"instock","21":"shipping-taxable","22":"purchasable","23":"product-type-simple"},"acf":[],"yoast_head":"<!-- This site is optimized with the Yoast SEO Premium plugin v27.4 (Yoast SEO v27.4) - https:\/\/yoast.com\/product\/yoast-seo-premium-wordpress\/ -->\n<title>DinoSystem - Prismagamers.com<\/title>\n<meta name=\"description\" content=\"A DinoSystem egy 2D \u00f6kosziszt\u00e9ma \u00e9s t\u00fal\u00e9l\u0151 szimul\u00e1ci\u00f3, amelyben egy fejl\u0151d\u0151 sziget \u00f6kol\u00f3gi\u00e1j\u00e1t kezeled, \u00e9s emberk\u00e9nt t\u00fal\u00e9lsz benne, re\u00e1lis t\u00fal\u00e9l\u00e9si mechanik\u00e1val \u00e9s m\u00e9ly karakterfejl\u0151d\u00e9si rendszerrel foglalkozva.  Global Steam Digit\u00e1lis kulcs\" \/>\n<meta name=\"robots\" content=\"index, follow, max-snippet:-1, max-image-preview:large, max-video-preview:-1\" \/>\n<link rel=\"canonical\" href=\"https:\/\/prismagamers.com\/hu\/produkt\/dinosystem\/\" \/>\n<meta property=\"og:locale\" content=\"hu_HU\" \/>\n<meta property=\"og:type\" content=\"article\" \/>\n<meta property=\"og:title\" content=\"DinoSystem\" \/>\n<meta property=\"og:description\" content=\"A DinoSystem egy 2D \u00f6kosziszt\u00e9ma \u00e9s t\u00fal\u00e9l\u0151 szimul\u00e1ci\u00f3, amelyben egy fejl\u0151d\u0151 sziget \u00f6kol\u00f3gi\u00e1j\u00e1t kezeled, \u00e9s emberk\u00e9nt t\u00fal\u00e9lsz benne, re\u00e1lis t\u00fal\u00e9l\u00e9si mechanik\u00e1val \u00e9s m\u00e9ly karakterfejl\u0151d\u00e9si rendszerrel foglalkozva.  Global Steam Digit\u00e1lis kulcs\" \/>\n<meta property=\"og:url\" content=\"https:\/\/prismagamers.com\/hu\/produkt\/dinosystem\/\" \/>\n<meta property=\"og:site_name\" content=\"Prismagamers.com\" \/>\n<meta property=\"article:publisher\" content=\"https:\/\/www.facebook.com\/prismagamers\" \/>\n<meta property=\"og:image\" content=\"https:\/\/prismagamers.com\/wp-content\/uploads\/2023\/06\/boxshot.png\" \/>\n\t<meta property=\"og:image:width\" content=\"600\" \/>\n\t<meta property=\"og:image:height\" content=\"900\" \/>\n\t<meta property=\"og:image:type\" content=\"image\/png\" \/>\n<meta name=\"twitter:card\" content=\"summary_large_image\" \/>\n<meta name=\"twitter:label1\" content=\"Becs\u00fclt olvas\u00e1si id\u0151\" \/>\n\t<meta name=\"twitter:data1\" content=\"5 perc\" \/>\n<script type=\"application\/ld+json\" class=\"yoast-schema-graph\">{\"@context\":\"https:\\\/\\\/schema.org\",\"@graph\":[{\"@type\":\"WebPage\",\"@id\":\"https:\\\/\\\/prismagamers.com\\\/hu\\\/produkt\\\/dinosystem\\\/\",\"url\":\"https:\\\/\\\/prismagamers.com\\\/hu\\\/produkt\\\/dinosystem\\\/\",\"name\":\"DinoSystem - Prismagamers.com\",\"isPartOf\":{\"@id\":\"https:\\\/\\\/prismagamers.com\\\/hu\\\/#website\"},\"primaryImageOfPage\":{\"@id\":\"https:\\\/\\\/prismagamers.com\\\/hu\\\/produkt\\\/dinosystem\\\/#primaryimage\"},\"image\":{\"@id\":\"https:\\\/\\\/prismagamers.com\\\/hu\\\/produkt\\\/dinosystem\\\/#primaryimage\"},\"thumbnailUrl\":\"https:\\\/\\\/prismagamers.com\\\/wp-content\\\/uploads\\\/2023\\\/06\\\/boxshot.png\",\"datePublished\":\"2023-06-13T19:29:24+00:00\",\"description\":\"A DinoSystem egy 2D \u00f6kosziszt\u00e9ma \u00e9s t\u00fal\u00e9l\u0151 szimul\u00e1ci\u00f3, amelyben egy fejl\u0151d\u0151 sziget \u00f6kol\u00f3gi\u00e1j\u00e1t kezeled, \u00e9s emberk\u00e9nt t\u00fal\u00e9lsz benne, re\u00e1lis t\u00fal\u00e9l\u00e9si mechanik\u00e1val \u00e9s m\u00e9ly karakterfejl\u0151d\u00e9si rendszerrel foglalkozva. Global Steam Digit\u00e1lis kulcs\",\"breadcrumb\":{\"@id\":\"https:\\\/\\\/prismagamers.com\\\/hu\\\/produkt\\\/dinosystem\\\/#breadcrumb\"},\"inLanguage\":\"hu\",\"potentialAction\":[{\"@type\":\"ReadAction\",\"target\":[\"https:\\\/\\\/prismagamers.com\\\/hu\\\/produkt\\\/dinosystem\\\/\"]}]},{\"@type\":\"ImageObject\",\"inLanguage\":\"hu\",\"@id\":\"https:\\\/\\\/prismagamers.com\\\/hu\\\/produkt\\\/dinosystem\\\/#primaryimage\",\"url\":\"https:\\\/\\\/prismagamers.com\\\/wp-content\\\/uploads\\\/2023\\\/06\\\/boxshot.png\",\"contentUrl\":\"https:\\\/\\\/prismagamers.com\\\/wp-content\\\/uploads\\\/2023\\\/06\\\/boxshot.png\",\"width\":600,\"height\":900},{\"@type\":\"BreadcrumbList\",\"@id\":\"https:\\\/\\\/prismagamers.com\\\/hu\\\/produkt\\\/dinosystem\\\/#breadcrumb\",\"itemListElement\":[{\"@type\":\"ListItem\",\"position\":1,\"name\":\"Strona g\u0142\u00f3wna\",\"item\":\"https:\\\/\\\/prismagamers.com\\\/hu\\\/prismagamers\\\/\"},{\"@type\":\"ListItem\",\"position\":2,\"name\":\"Shop\",\"item\":\"https:\\\/\\\/prismagamers.com\\\/hu\\\/shop\\\/\"},{\"@type\":\"ListItem\",\"position\":3,\"name\":\"DinoSystem\"}]},{\"@type\":\"WebSite\",\"@id\":\"https:\\\/\\\/prismagamers.com\\\/hu\\\/#website\",\"url\":\"https:\\\/\\\/prismagamers.com\\\/hu\\\/\",\"name\":\"Prismagamers\",\"description\":\"Sklep z grami PC I Sklep klucze Steam\",\"publisher\":{\"@id\":\"https:\\\/\\\/prismagamers.com\\\/hu\\\/#organization\"},\"potentialAction\":[{\"@type\":\"SearchAction\",\"target\":{\"@type\":\"EntryPoint\",\"urlTemplate\":\"https:\\\/\\\/prismagamers.com\\\/hu\\\/?s={search_term_string}\"},\"query-input\":{\"@type\":\"PropertyValueSpecification\",\"valueRequired\":true,\"valueName\":\"search_term_string\"}}],\"inLanguage\":\"hu\"},{\"@type\":\"Organization\",\"@id\":\"https:\\\/\\\/prismagamers.com\\\/hu\\\/#organization\",\"name\":\"Prismagamers\",\"url\":\"https:\\\/\\\/prismagamers.com\\\/hu\\\/\",\"logo\":{\"@type\":\"ImageObject\",\"inLanguage\":\"hu\",\"@id\":\"https:\\\/\\\/prismagamers.com\\\/hu\\\/#\\\/schema\\\/logo\\\/image\\\/\",\"url\":\"https:\\\/\\\/prismagamers.com\\\/wp-content\\\/uploads\\\/2022\\\/04\\\/cropped-logo-Prismagamers-01-scaled-1.jpg\",\"contentUrl\":\"https:\\\/\\\/prismagamers.com\\\/wp-content\\\/uploads\\\/2022\\\/04\\\/cropped-logo-Prismagamers-01-scaled-1.jpg\",\"width\":512,\"height\":512,\"caption\":\"Prismagamers\"},\"image\":{\"@id\":\"https:\\\/\\\/prismagamers.com\\\/hu\\\/#\\\/schema\\\/logo\\\/image\\\/\"},\"sameAs\":[\"https:\\\/\\\/www.facebook.com\\\/prismagamers\",\"https:\\\/\\\/www.instagram.com\\\/prismagamers_grycyfrowe\\\/\"],\"description\":\"Prismagamers.com to dynamiczny sklep z grami cyfrowymi, stworzony z my\u015bl\u0105 o entuzjastach gier wideo. Nasza strona oferuje szerok\u0105 gam\u0119 gier komputerowych, w tym najnowsze tytu\u0142y, dobrze znane klasyki oraz gry stworzone przez niezale\u017cne studia Ca\u0142y czas d\u0105\u017cymy do rozszerzenia naszej oferty. Do\u0142\u0105cz do nas i sta\u0144 si\u0119 cz\u0119\u015bci\u0105 naszej rosn\u0105cej spo\u0142eczno\u015bci graczy!\",\"email\":\"shop@prismagamers.com\",\"telephone\":\"48795541705\",\"legalName\":\"East Caravan Maksym \u017bukow\",\"foundingDate\":\"2012-05-10\",\"vatID\":\"PL8943038612\",\"taxID\":\"PL8943038612\",\"numberOfEmployees\":{\"@type\":\"QuantitativeValue\",\"minValue\":\"11\",\"maxValue\":\"50\"}}]}<\/script>\n<!-- \/ Yoast SEO Premium plugin. -->","yoast_head_json":{"title":"DinoSystem - Prismagamers.com","description":"A DinoSystem egy 2D \u00f6kosziszt\u00e9ma \u00e9s t\u00fal\u00e9l\u0151 szimul\u00e1ci\u00f3, amelyben egy fejl\u0151d\u0151 sziget \u00f6kol\u00f3gi\u00e1j\u00e1t kezeled, \u00e9s emberk\u00e9nt t\u00fal\u00e9lsz benne, re\u00e1lis t\u00fal\u00e9l\u00e9si mechanik\u00e1val \u00e9s m\u00e9ly karakterfejl\u0151d\u00e9si rendszerrel foglalkozva.  Global Steam Digit\u00e1lis kulcs","robots":{"index":"index","follow":"follow","max-snippet":"max-snippet:-1","max-image-preview":"max-image-preview:large","max-video-preview":"max-video-preview:-1"},"canonical":"https:\/\/prismagamers.com\/hu\/produkt\/dinosystem\/","og_locale":"hu_HU","og_type":"article","og_title":"DinoSystem","og_description":"A DinoSystem egy 2D \u00f6kosziszt\u00e9ma \u00e9s t\u00fal\u00e9l\u0151 szimul\u00e1ci\u00f3, amelyben egy fejl\u0151d\u0151 sziget \u00f6kol\u00f3gi\u00e1j\u00e1t kezeled, \u00e9s emberk\u00e9nt t\u00fal\u00e9lsz benne, re\u00e1lis t\u00fal\u00e9l\u00e9si mechanik\u00e1val \u00e9s m\u00e9ly karakterfejl\u0151d\u00e9si rendszerrel foglalkozva.  Global Steam Digit\u00e1lis kulcs","og_url":"https:\/\/prismagamers.com\/hu\/produkt\/dinosystem\/","og_site_name":"Prismagamers.com","article_publisher":"https:\/\/www.facebook.com\/prismagamers","og_image":[{"width":600,"height":900,"url":"https:\/\/prismagamers.com\/wp-content\/uploads\/2023\/06\/boxshot.png","type":"image\/png"}],"twitter_card":"summary_large_image","twitter_misc":{"Becs\u00fclt olvas\u00e1si id\u0151":"5 perc"},"schema":{"@context":"https:\/\/schema.org","@graph":[{"@type":"WebPage","@id":"https:\/\/prismagamers.com\/hu\/produkt\/dinosystem\/","url":"https:\/\/prismagamers.com\/hu\/produkt\/dinosystem\/","name":"DinoSystem - Prismagamers.com","isPartOf":{"@id":"https:\/\/prismagamers.com\/hu\/#website"},"primaryImageOfPage":{"@id":"https:\/\/prismagamers.com\/hu\/produkt\/dinosystem\/#primaryimage"},"image":{"@id":"https:\/\/prismagamers.com\/hu\/produkt\/dinosystem\/#primaryimage"},"thumbnailUrl":"https:\/\/prismagamers.com\/wp-content\/uploads\/2023\/06\/boxshot.png","datePublished":"2023-06-13T19:29:24+00:00","description":"A DinoSystem egy 2D \u00f6kosziszt\u00e9ma \u00e9s t\u00fal\u00e9l\u0151 szimul\u00e1ci\u00f3, amelyben egy fejl\u0151d\u0151 sziget \u00f6kol\u00f3gi\u00e1j\u00e1t kezeled, \u00e9s emberk\u00e9nt t\u00fal\u00e9lsz benne, re\u00e1lis t\u00fal\u00e9l\u00e9si mechanik\u00e1val \u00e9s m\u00e9ly karakterfejl\u0151d\u00e9si rendszerrel foglalkozva. Global Steam Digit\u00e1lis kulcs","breadcrumb":{"@id":"https:\/\/prismagamers.com\/hu\/produkt\/dinosystem\/#breadcrumb"},"inLanguage":"hu","potentialAction":[{"@type":"ReadAction","target":["https:\/\/prismagamers.com\/hu\/produkt\/dinosystem\/"]}]},{"@type":"ImageObject","inLanguage":"hu","@id":"https:\/\/prismagamers.com\/hu\/produkt\/dinosystem\/#primaryimage","url":"https:\/\/prismagamers.com\/wp-content\/uploads\/2023\/06\/boxshot.png","contentUrl":"https:\/\/prismagamers.com\/wp-content\/uploads\/2023\/06\/boxshot.png","width":600,"height":900},{"@type":"BreadcrumbList","@id":"https:\/\/prismagamers.com\/hu\/produkt\/dinosystem\/#breadcrumb","itemListElement":[{"@type":"ListItem","position":1,"name":"Strona g\u0142\u00f3wna","item":"https:\/\/prismagamers.com\/hu\/prismagamers\/"},{"@type":"ListItem","position":2,"name":"Shop","item":"https:\/\/prismagamers.com\/hu\/shop\/"},{"@type":"ListItem","position":3,"name":"DinoSystem"}]},{"@type":"WebSite","@id":"https:\/\/prismagamers.com\/hu\/#website","url":"https:\/\/prismagamers.com\/hu\/","name":"Prismagamers","description":"Sklep z grami PC I Sklep klucze Steam","publisher":{"@id":"https:\/\/prismagamers.com\/hu\/#organization"},"potentialAction":[{"@type":"SearchAction","target":{"@type":"EntryPoint","urlTemplate":"https:\/\/prismagamers.com\/hu\/?s={search_term_string}"},"query-input":{"@type":"PropertyValueSpecification","valueRequired":true,"valueName":"search_term_string"}}],"inLanguage":"hu"},{"@type":"Organization","@id":"https:\/\/prismagamers.com\/hu\/#organization","name":"Prismagamers","url":"https:\/\/prismagamers.com\/hu\/","logo":{"@type":"ImageObject","inLanguage":"hu","@id":"https:\/\/prismagamers.com\/hu\/#\/schema\/logo\/image\/","url":"https:\/\/prismagamers.com\/wp-content\/uploads\/2022\/04\/cropped-logo-Prismagamers-01-scaled-1.jpg","contentUrl":"https:\/\/prismagamers.com\/wp-content\/uploads\/2022\/04\/cropped-logo-Prismagamers-01-scaled-1.jpg","width":512,"height":512,"caption":"Prismagamers"},"image":{"@id":"https:\/\/prismagamers.com\/hu\/#\/schema\/logo\/image\/"},"sameAs":["https:\/\/www.facebook.com\/prismagamers","https:\/\/www.instagram.com\/prismagamers_grycyfrowe\/"],"description":"Prismagamers.com to dynamiczny sklep z grami cyfrowymi, stworzony z my\u015bl\u0105 o entuzjastach gier wideo. Nasza strona oferuje szerok\u0105 gam\u0119 gier komputerowych, w tym najnowsze tytu\u0142y, dobrze znane klasyki oraz gry stworzone przez niezale\u017cne studia Ca\u0142y czas d\u0105\u017cymy do rozszerzenia naszej oferty. Do\u0142\u0105cz do nas i sta\u0144 si\u0119 cz\u0119\u015bci\u0105 naszej rosn\u0105cej spo\u0142eczno\u015bci graczy!","email":"shop@prismagamers.com","telephone":"48795541705","legalName":"East Caravan Maksym \u017bukow","foundingDate":"2012-05-10","vatID":"PL8943038612","taxID":"PL8943038612","numberOfEmployees":{"@type":"QuantitativeValue","minValue":"11","maxValue":"50"}}]}},"_links":{"self":[{"href":"https:\/\/prismagamers.com\/hu\/wp-json\/wp\/v2\/product\/38867","targetHints":{"allow":["GET"]}}],"collection":[{"href":"https:\/\/prismagamers.com\/hu\/wp-json\/wp\/v2\/product"}],"about":[{"href":"https:\/\/prismagamers.com\/hu\/wp-json\/wp\/v2\/types\/product"}],"wp:featuredmedia":[{"embeddable":true,"href":"https:\/\/prismagamers.com\/hu\/wp-json\/wp\/v2\/media\/25552"}],"wp:attachment":[{"href":"https:\/\/prismagamers.com\/hu\/wp-json\/wp\/v2\/media?parent=38867"}],"wp:term":[{"taxonomy":"product_brand","embeddable":true,"href":"https:\/\/prismagamers.com\/hu\/wp-json\/wp\/v2\/product_brand?post=38867"},{"taxonomy":"product_cat","embeddable":true,"href":"https:\/\/prismagamers.com\/hu\/wp-json\/wp\/v2\/product_cat?post=38867"},{"taxonomy":"product_tag","embeddable":true,"href":"https:\/\/prismagamers.com\/hu\/wp-json\/wp\/v2\/product_tag?post=38867"}],"curies":[{"name":"wp","href":"https:\/\/api.w.org\/{rel}","templated":true}]}}