{"id":38869,"date":"2023-07-27T11:22:27","date_gmt":"2023-07-27T09:22:27","guid":{"rendered":"https:\/\/prismagamers.com\/produkt\/roto-force\/"},"modified":"2026-03-05T00:00:39","modified_gmt":"2026-03-04T23:00:39","slug":"roto-force","status":"publish","type":"product","link":"https:\/\/prismagamers.com\/hu\/produkt\/roto-force\/","title":{"rendered":"Roto Force"},"content":{"rendered":"<p>A Roto Force egy dinamikus, energi\u00e1val \u00e9s goly\u00f3kkal teli 2D-s l\u00f6v\u00f6ld\u00f6z\u0151s j\u00e1t\u00e9k, amely a gyors temp\u00f3j\u00fa akci\u00f3t kih\u00edv\u00e1sokkal teli j\u00e1t\u00e9kmenettel \u00f6tv\u00f6zi. Egy j\u00e1t\u00e9k, amely pr\u00f3b\u00e1ra teszi k\u00e9pess\u00e9geidet \u00e9s reflexeidet kilenc egyedi helysz\u00ednen, ahol ellens\u00e9gek \u00e9s akad\u00e1lyok t\u00f6ltik meg a gondosan megtervezett teret! <\/p>\n<p>A Roto Force gyakornokak\u00e9nt sz\u00e1mos k\u00fcldet\u00e9sre m\u00e9sz, \u00e9s a f\u0151n\u00f6k\u00f6d szesz\u00e9lyeit teljes\u00edted. A k\u00fcl\u00f6nb\u00f6z\u0151 vil\u00e1gok k\u00fcl\u00f6nb\u00f6z\u0151 k\u00f6rnyezeteken kereszt\u00fcl vezetnek majd, a vesz\u00e9lyes dzsungelt\u0151l a ny\u00e1lk\u00e1val teli v\u00e1rosig. <\/p>\n<p>A kih\u00edv\u00e1sok teljes\u00edt\u00e9s\u00e9hez \u00faj fegyvereket \u00e9s egyedi l\u00f6v\u00e9szst\u00edlusokat oldhatsz fel, mik\u00f6zben a j\u00e1t\u00e9k sz\u00ednes t\u00e1jait j\u00e1rod. A f\u0151 p\u00e1ly\u00e1kon k\u00edv\u00fcl a Roto Force 10 kih\u00edv\u00e1st jelent\u0151 f\u0151n\u00f6ki csat\u00e1t is k\u00edn\u00e1l, amelyek a k\u00e9pess\u00e9geid v\u00e9gs\u0151 pr\u00f3b\u00e1j\u00e1t jelentik. Ezek reflexeket, strat\u00e9giai gondolkod\u00e1st \u00e9s t\u00f6k\u00e9letes id\u0151z\u00edt\u00e9st ig\u00e9nyelnek.  <\/p>\n<p>Teh\u00e1t ne k\u00e9slekedj, t\u00f6ltsd ki a jelentkez\u00e9si lapot \u00e9s kezdd el a szakmai gyakorlatodat a Roto Force-n\u00e1l most!<\/p>\n<h2 class=\"bb_tag\">Amit ez a j\u00e1t\u00e9k garant\u00e1l neked:<\/h2>\n<ul class=\"bb_ul\">\n<li>Intuit\u00edv vez\u00e9rl\u00e9s;<\/li>\n<li>Mag\u00e1val ragad\u00f3 hangs\u00e1v;<\/li>\n<li>9 k\u00fcl\u00f6nb\u00f6z\u0151 fegyver, amelyek mindegyike m\u00e1s t\u00edpus\u00fa j\u00e1t\u00e9kmenetet k\u00edn\u00e1l;<\/li>\n<li>K\u00f6r\u00fclbel\u00fcl 30 miniboss \u00e9s 10 er\u0151s f\u0151n\u00f6k;<\/li>\n<li>Egy d\u00e9lut\u00e1n, h\u00e9tv\u00e9g\u00e9n vagy h\u00e9tk\u00f6zben is elv\u00e9gezhet\u0151 (a k\u00e9szs\u00e9gekt\u0151l f\u00fcgg\u0151en);<\/li>\n<li>Magasabb neh\u00e9zs\u00e9gi szintek felold\u00e1sa (ha t\u00e9nyleg akarod \u0151ket);<\/li>\n<li>T\u00f6bbf\u00e9le lehet\u0151s\u00e9g (a j\u00e1t\u00e9k lass\u00edt\u00e1sa, a sebz\u00e9s n\u00f6vel\u00e9se, halhatatlans\u00e1gi m\u00f3d);<\/li>\n<li>Eg\u00e9r, billenty\u0171zet \u00e9s vez\u00e9rl\u0151 t\u00e1mogat\u00e1sa;<\/li>\n<li>V\u00e1laszthat\u00f3 fix kamera \u00fczemm\u00f3d.<\/li>\n<\/ul>\n","protected":false},"excerpt":{"rendered":"<p class=\"ai-optimize-28\">Egy dinamikus, energi\u00e1val \u00e9s goly\u00f3kkal teli 2D-s l\u00f6v\u00f6ld\u00f6z\u0151s j\u00e1t\u00e9k, amely a gyors temp\u00f3j\u00fa akci\u00f3t kih\u00edv\u00e1st jelent\u0151 j\u00e1t\u00e9kmenettel \u00f6tv\u00f6zi. A k\u00e9t anal\u00f3got ig\u00e9nyl\u0151 j\u00e1t\u00e9k pr\u00f3b\u00e1ra teszi k\u00e9pess\u00e9geidet \u00e9s reflexeidet kilenc egyedi helysz\u00ednen, ahol a gondosan megtervezett t\u00e9r tele van ellens\u00e9gekkel \u00e9s akad\u00e1lyokkal! <\/p>\n<p class=\"ai-optimize-29\">\ud83c\udf0d Glob\u00e1lis<br \/>\n\u2699\ufe0f Steam<br \/>\n\ud83d\udddd Digit\u00e1lis kulcs<\/p>\n","protected":false},"featured_media":25759,"template":"","meta":{"_acf_changed":false,"site-sidebar-layout":"default","site-content-layout":"default","ast-site-content-layout":"default","site-content-style":"default","site-sidebar-style":"default","ast-global-header-display":"","ast-banner-title-visibility":"","ast-main-header-display":"","ast-hfb-above-header-display":"","ast-hfb-below-header-display":"","ast-hfb-mobile-header-display":"","site-post-title":"","ast-breadcrumbs-content":"","ast-featured-img":"","footer-sml-layout":"","ast-disable-related-posts":"","theme-transparent-header-meta":"default","adv-header-id-meta":"","stick-header-meta":"","header-above-stick-meta":"","header-main-stick-meta":"","header-below-stick-meta":"","astra-migrate-meta-layouts":"default","ast-page-background-enabled":"default","ast-page-background-meta":{"desktop":{"background-color":"var(--ast-global-color-4)","background-image":"","background-repeat":"repeat","background-position":"center center","background-size":"auto","background-attachment":"scroll","background-type":"","background-media":"","overlay-type":"","overlay-color":"","overlay-opacity":"","overlay-gradient":""},"tablet":{"background-color":"","background-image":"","background-repeat":"repeat","background-position":"center center","background-size":"auto","background-attachment":"scroll","background-type":"","background-media":"","overlay-type":"","overlay-color":"","overlay-opacity":"","overlay-gradient":""},"mobile":{"background-color":"","background-image":"","background-repeat":"repeat","background-position":"center center","background-size":"auto","background-attachment":"scroll","background-type":"","background-media":"","overlay-type":"","overlay-color":"","overlay-opacity":"","overlay-gradient":""}},"ast-content-background-meta":{"desktop":{"background-color":"var(--ast-global-color-5)","background-image":"","background-repeat":"repeat","background-position":"center center","background-size":"auto","background-attachment":"scroll","background-type":"","background-media":"","overlay-type":"","overlay-color":"","overlay-opacity":"","overlay-gradient":""},"tablet":{"background-color":"var(--ast-global-color-5)","background-image":"","background-repeat":"repeat","background-position":"center center","background-size":"auto","background-attachment":"scroll","background-type":"","background-media":"","overlay-type":"","overlay-color":"","overlay-opacity":"","overlay-gradient":""},"mobile":{"background-color":"var(--ast-global-color-5)","background-image":"","background-repeat":"repeat","background-position":"center center","background-size":"auto","background-attachment":"scroll","background-type":"","background-media":"","overlay-type":"","overlay-color":"","overlay-opacity":"","overlay-gradient":""}}},"product_brand":[],"product_cat":[369,394,365,396,367,590],"product_tag":[591,542],"class_list":{"0":"post-38869","1":"product","2":"type-product","3":"status-publish","4":"has-post-thumbnail","6":"product_cat-csarnokok","7":"product_cat-digitalis-jatekok","8":"product_cat-goz","9":"product_cat-lovoldozos-jatekok-a-steamen","10":"product_cat-pc-jatekok","11":"product_cat-pid-jatekok","12":"product_tag-may_60","13":"product_tag-pid_04-hu","14":"desktop-align-left","15":"tablet-align-left","16":"mobile-align-left","18":"first","19":"instock","20":"virtual","21":"purchasable","22":"product-type-simple"},"acf":[],"yoast_head":"<!-- This site is optimized with the Yoast SEO Premium plugin v27.4 (Yoast SEO v27.4) - https:\/\/yoast.com\/product\/yoast-seo-premium-wordpress\/ -->\n<title>Roto Force - Prismagamers.com<\/title>\n<meta name=\"description\" content=\"Egy dinamikus, energi\u00e1val \u00e9s goly\u00f3kkal teli 2D-s l\u00f6v\u00f6ld\u00f6z\u0151s j\u00e1t\u00e9k, amely a gyors temp\u00f3j\u00fa akci\u00f3t kih\u00edv\u00e1st jelent\u0151 j\u00e1t\u00e9kmenettel \u00f6tv\u00f6zi. A k\u00e9t anal\u00f3got ig\u00e9nyl\u0151 j\u00e1t\u00e9k pr\u00f3b\u00e1ra teszi k\u00e9pess\u00e9geidet \u00e9s reflexeidet kilenc egyedi helysz\u00ednen, ahol a gondosan megtervezett t\u00e9r tele van ellens\u00e9gekkel \u00e9s akad\u00e1lyokkal! \ud83c\udf0d Glob\u00e1lis \u2699\ufe0f Steam \ud83d\udddd Digit\u00e1lis kulcs\" \/>\n<meta name=\"robots\" content=\"index, follow, max-snippet:-1, max-image-preview:large, max-video-preview:-1\" \/>\n<link rel=\"canonical\" href=\"https:\/\/prismagamers.com\/hu\/produkt\/roto-force\/\" \/>\n<meta property=\"og:locale\" content=\"hu_HU\" \/>\n<meta property=\"og:type\" content=\"article\" \/>\n<meta property=\"og:title\" content=\"Roto Force\" \/>\n<meta property=\"og:description\" content=\"Egy dinamikus, energi\u00e1val \u00e9s goly\u00f3kkal teli 2D-s l\u00f6v\u00f6ld\u00f6z\u0151s j\u00e1t\u00e9k, amely a gyors temp\u00f3j\u00fa akci\u00f3t kih\u00edv\u00e1st jelent\u0151 j\u00e1t\u00e9kmenettel \u00f6tv\u00f6zi. A k\u00e9t anal\u00f3got ig\u00e9nyl\u0151 j\u00e1t\u00e9k pr\u00f3b\u00e1ra teszi k\u00e9pess\u00e9geidet \u00e9s reflexeidet kilenc egyedi helysz\u00ednen, ahol a gondosan megtervezett t\u00e9r tele van ellens\u00e9gekkel \u00e9s akad\u00e1lyokkal! \ud83c\udf0d Glob\u00e1lis \u2699\ufe0f Steam \ud83d\udddd Digit\u00e1lis kulcs\" \/>\n<meta property=\"og:url\" content=\"https:\/\/prismagamers.com\/hu\/produkt\/roto-force\/\" \/>\n<meta property=\"og:site_name\" content=\"Prismagamers.com\" \/>\n<meta property=\"article:publisher\" content=\"https:\/\/www.facebook.com\/prismagamers\" \/>\n<meta property=\"article:modified_time\" content=\"2026-03-04T23:00:39+00:00\" \/>\n<meta property=\"og:image\" content=\"https:\/\/prismagamers.com\/wp-content\/uploads\/2023\/07\/library_600x900_2x-13.jpg\" \/>\n\t<meta property=\"og:image:width\" content=\"600\" \/>\n\t<meta property=\"og:image:height\" content=\"900\" \/>\n\t<meta property=\"og:image:type\" content=\"image\/jpeg\" \/>\n<meta name=\"twitter:card\" content=\"summary_large_image\" \/>\n<meta name=\"twitter:label1\" content=\"Becs\u00fclt olvas\u00e1si id\u0151\" \/>\n\t<meta name=\"twitter:data1\" content=\"2 perc\" \/>\n<script type=\"application\/ld+json\" class=\"yoast-schema-graph\">{\"@context\":\"https:\\\/\\\/schema.org\",\"@graph\":[{\"@type\":\"WebPage\",\"@id\":\"https:\\\/\\\/prismagamers.com\\\/hu\\\/produkt\\\/roto-force\\\/\",\"url\":\"https:\\\/\\\/prismagamers.com\\\/hu\\\/produkt\\\/roto-force\\\/\",\"name\":\"Roto Force - Prismagamers.com\",\"isPartOf\":{\"@id\":\"https:\\\/\\\/prismagamers.com\\\/hu\\\/#website\"},\"primaryImageOfPage\":{\"@id\":\"https:\\\/\\\/prismagamers.com\\\/hu\\\/produkt\\\/roto-force\\\/#primaryimage\"},\"image\":{\"@id\":\"https:\\\/\\\/prismagamers.com\\\/hu\\\/produkt\\\/roto-force\\\/#primaryimage\"},\"thumbnailUrl\":\"https:\\\/\\\/prismagamers.com\\\/wp-content\\\/uploads\\\/2023\\\/07\\\/library_600x900_2x-13.jpg\",\"datePublished\":\"2023-07-27T09:22:27+00:00\",\"dateModified\":\"2026-03-04T23:00:39+00:00\",\"description\":\"Egy dinamikus, energi\u00e1val \u00e9s goly\u00f3kkal teli 2D-s l\u00f6v\u00f6ld\u00f6z\u0151s j\u00e1t\u00e9k, amely a gyors temp\u00f3j\u00fa akci\u00f3t kih\u00edv\u00e1st jelent\u0151 j\u00e1t\u00e9kmenettel \u00f6tv\u00f6zi. A k\u00e9t anal\u00f3got ig\u00e9nyl\u0151 j\u00e1t\u00e9k pr\u00f3b\u00e1ra teszi k\u00e9pess\u00e9geidet \u00e9s reflexeidet kilenc egyedi helysz\u00ednen, ahol a gondosan megtervezett t\u00e9r tele van ellens\u00e9gekkel \u00e9s akad\u00e1lyokkal! \ud83c\udf0d Glob\u00e1lis \u2699\ufe0f Steam \ud83d\udddd Digit\u00e1lis kulcs\",\"breadcrumb\":{\"@id\":\"https:\\\/\\\/prismagamers.com\\\/hu\\\/produkt\\\/roto-force\\\/#breadcrumb\"},\"inLanguage\":\"hu\",\"potentialAction\":[{\"@type\":\"ReadAction\",\"target\":[\"https:\\\/\\\/prismagamers.com\\\/hu\\\/produkt\\\/roto-force\\\/\"]}]},{\"@type\":\"ImageObject\",\"inLanguage\":\"hu\",\"@id\":\"https:\\\/\\\/prismagamers.com\\\/hu\\\/produkt\\\/roto-force\\\/#primaryimage\",\"url\":\"https:\\\/\\\/prismagamers.com\\\/wp-content\\\/uploads\\\/2023\\\/07\\\/library_600x900_2x-13.jpg\",\"contentUrl\":\"https:\\\/\\\/prismagamers.com\\\/wp-content\\\/uploads\\\/2023\\\/07\\\/library_600x900_2x-13.jpg\",\"width\":600,\"height\":900},{\"@type\":\"BreadcrumbList\",\"@id\":\"https:\\\/\\\/prismagamers.com\\\/hu\\\/produkt\\\/roto-force\\\/#breadcrumb\",\"itemListElement\":[{\"@type\":\"ListItem\",\"position\":1,\"name\":\"Strona g\u0142\u00f3wna\",\"item\":\"https:\\\/\\\/prismagamers.com\\\/hu\\\/prismagamers\\\/\"},{\"@type\":\"ListItem\",\"position\":2,\"name\":\"Shop\",\"item\":\"https:\\\/\\\/prismagamers.com\\\/hu\\\/shop\\\/\"},{\"@type\":\"ListItem\",\"position\":3,\"name\":\"Roto Force\"}]},{\"@type\":\"WebSite\",\"@id\":\"https:\\\/\\\/prismagamers.com\\\/hu\\\/#website\",\"url\":\"https:\\\/\\\/prismagamers.com\\\/hu\\\/\",\"name\":\"Prismagamers\",\"description\":\"Sklep z grami PC I Sklep klucze Steam\",\"publisher\":{\"@id\":\"https:\\\/\\\/prismagamers.com\\\/hu\\\/#organization\"},\"potentialAction\":[{\"@type\":\"SearchAction\",\"target\":{\"@type\":\"EntryPoint\",\"urlTemplate\":\"https:\\\/\\\/prismagamers.com\\\/hu\\\/?s={search_term_string}\"},\"query-input\":{\"@type\":\"PropertyValueSpecification\",\"valueRequired\":true,\"valueName\":\"search_term_string\"}}],\"inLanguage\":\"hu\"},{\"@type\":\"Organization\",\"@id\":\"https:\\\/\\\/prismagamers.com\\\/hu\\\/#organization\",\"name\":\"Prismagamers\",\"url\":\"https:\\\/\\\/prismagamers.com\\\/hu\\\/\",\"logo\":{\"@type\":\"ImageObject\",\"inLanguage\":\"hu\",\"@id\":\"https:\\\/\\\/prismagamers.com\\\/hu\\\/#\\\/schema\\\/logo\\\/image\\\/\",\"url\":\"https:\\\/\\\/prismagamers.com\\\/wp-content\\\/uploads\\\/2022\\\/04\\\/cropped-logo-Prismagamers-01-scaled-1.jpg\",\"contentUrl\":\"https:\\\/\\\/prismagamers.com\\\/wp-content\\\/uploads\\\/2022\\\/04\\\/cropped-logo-Prismagamers-01-scaled-1.jpg\",\"width\":512,\"height\":512,\"caption\":\"Prismagamers\"},\"image\":{\"@id\":\"https:\\\/\\\/prismagamers.com\\\/hu\\\/#\\\/schema\\\/logo\\\/image\\\/\"},\"sameAs\":[\"https:\\\/\\\/www.facebook.com\\\/prismagamers\",\"https:\\\/\\\/www.instagram.com\\\/prismagamers_grycyfrowe\\\/\"],\"description\":\"Prismagamers.com to dynamiczny sklep z grami cyfrowymi, stworzony z my\u015bl\u0105 o entuzjastach gier wideo. Nasza strona oferuje szerok\u0105 gam\u0119 gier komputerowych, w tym najnowsze tytu\u0142y, dobrze znane klasyki oraz gry stworzone przez niezale\u017cne studia Ca\u0142y czas d\u0105\u017cymy do rozszerzenia naszej oferty. Do\u0142\u0105cz do nas i sta\u0144 si\u0119 cz\u0119\u015bci\u0105 naszej rosn\u0105cej spo\u0142eczno\u015bci graczy!\",\"email\":\"shop@prismagamers.com\",\"telephone\":\"48795541705\",\"legalName\":\"East Caravan Maksym \u017bukow\",\"foundingDate\":\"2012-05-10\",\"vatID\":\"PL8943038612\",\"taxID\":\"PL8943038612\",\"numberOfEmployees\":{\"@type\":\"QuantitativeValue\",\"minValue\":\"11\",\"maxValue\":\"50\"}}]}<\/script>\n<!-- \/ Yoast SEO Premium plugin. -->","yoast_head_json":{"title":"Roto Force - Prismagamers.com","description":"Egy dinamikus, energi\u00e1val \u00e9s goly\u00f3kkal teli 2D-s l\u00f6v\u00f6ld\u00f6z\u0151s j\u00e1t\u00e9k, amely a gyors temp\u00f3j\u00fa akci\u00f3t kih\u00edv\u00e1st jelent\u0151 j\u00e1t\u00e9kmenettel \u00f6tv\u00f6zi. A k\u00e9t anal\u00f3got ig\u00e9nyl\u0151 j\u00e1t\u00e9k pr\u00f3b\u00e1ra teszi k\u00e9pess\u00e9geidet \u00e9s reflexeidet kilenc egyedi helysz\u00ednen, ahol a gondosan megtervezett t\u00e9r tele van ellens\u00e9gekkel \u00e9s akad\u00e1lyokkal! \ud83c\udf0d Glob\u00e1lis \u2699\ufe0f Steam \ud83d\udddd Digit\u00e1lis kulcs","robots":{"index":"index","follow":"follow","max-snippet":"max-snippet:-1","max-image-preview":"max-image-preview:large","max-video-preview":"max-video-preview:-1"},"canonical":"https:\/\/prismagamers.com\/hu\/produkt\/roto-force\/","og_locale":"hu_HU","og_type":"article","og_title":"Roto Force","og_description":"Egy dinamikus, energi\u00e1val \u00e9s goly\u00f3kkal teli 2D-s l\u00f6v\u00f6ld\u00f6z\u0151s j\u00e1t\u00e9k, amely a gyors temp\u00f3j\u00fa akci\u00f3t kih\u00edv\u00e1st jelent\u0151 j\u00e1t\u00e9kmenettel \u00f6tv\u00f6zi. A k\u00e9t anal\u00f3got ig\u00e9nyl\u0151 j\u00e1t\u00e9k pr\u00f3b\u00e1ra teszi k\u00e9pess\u00e9geidet \u00e9s reflexeidet kilenc egyedi helysz\u00ednen, ahol a gondosan megtervezett t\u00e9r tele van ellens\u00e9gekkel \u00e9s akad\u00e1lyokkal! \ud83c\udf0d Glob\u00e1lis \u2699\ufe0f Steam \ud83d\udddd Digit\u00e1lis kulcs","og_url":"https:\/\/prismagamers.com\/hu\/produkt\/roto-force\/","og_site_name":"Prismagamers.com","article_publisher":"https:\/\/www.facebook.com\/prismagamers","article_modified_time":"2026-03-04T23:00:39+00:00","og_image":[{"width":600,"height":900,"url":"https:\/\/prismagamers.com\/wp-content\/uploads\/2023\/07\/library_600x900_2x-13.jpg","type":"image\/jpeg"}],"twitter_card":"summary_large_image","twitter_misc":{"Becs\u00fclt olvas\u00e1si id\u0151":"2 perc"},"schema":{"@context":"https:\/\/schema.org","@graph":[{"@type":"WebPage","@id":"https:\/\/prismagamers.com\/hu\/produkt\/roto-force\/","url":"https:\/\/prismagamers.com\/hu\/produkt\/roto-force\/","name":"Roto Force - Prismagamers.com","isPartOf":{"@id":"https:\/\/prismagamers.com\/hu\/#website"},"primaryImageOfPage":{"@id":"https:\/\/prismagamers.com\/hu\/produkt\/roto-force\/#primaryimage"},"image":{"@id":"https:\/\/prismagamers.com\/hu\/produkt\/roto-force\/#primaryimage"},"thumbnailUrl":"https:\/\/prismagamers.com\/wp-content\/uploads\/2023\/07\/library_600x900_2x-13.jpg","datePublished":"2023-07-27T09:22:27+00:00","dateModified":"2026-03-04T23:00:39+00:00","description":"Egy dinamikus, energi\u00e1val \u00e9s goly\u00f3kkal teli 2D-s l\u00f6v\u00f6ld\u00f6z\u0151s j\u00e1t\u00e9k, amely a gyors temp\u00f3j\u00fa akci\u00f3t kih\u00edv\u00e1st jelent\u0151 j\u00e1t\u00e9kmenettel \u00f6tv\u00f6zi. A k\u00e9t anal\u00f3got ig\u00e9nyl\u0151 j\u00e1t\u00e9k pr\u00f3b\u00e1ra teszi k\u00e9pess\u00e9geidet \u00e9s reflexeidet kilenc egyedi helysz\u00ednen, ahol a gondosan megtervezett t\u00e9r tele van ellens\u00e9gekkel \u00e9s akad\u00e1lyokkal! \ud83c\udf0d Glob\u00e1lis \u2699\ufe0f Steam \ud83d\udddd Digit\u00e1lis kulcs","breadcrumb":{"@id":"https:\/\/prismagamers.com\/hu\/produkt\/roto-force\/#breadcrumb"},"inLanguage":"hu","potentialAction":[{"@type":"ReadAction","target":["https:\/\/prismagamers.com\/hu\/produkt\/roto-force\/"]}]},{"@type":"ImageObject","inLanguage":"hu","@id":"https:\/\/prismagamers.com\/hu\/produkt\/roto-force\/#primaryimage","url":"https:\/\/prismagamers.com\/wp-content\/uploads\/2023\/07\/library_600x900_2x-13.jpg","contentUrl":"https:\/\/prismagamers.com\/wp-content\/uploads\/2023\/07\/library_600x900_2x-13.jpg","width":600,"height":900},{"@type":"BreadcrumbList","@id":"https:\/\/prismagamers.com\/hu\/produkt\/roto-force\/#breadcrumb","itemListElement":[{"@type":"ListItem","position":1,"name":"Strona g\u0142\u00f3wna","item":"https:\/\/prismagamers.com\/hu\/prismagamers\/"},{"@type":"ListItem","position":2,"name":"Shop","item":"https:\/\/prismagamers.com\/hu\/shop\/"},{"@type":"ListItem","position":3,"name":"Roto Force"}]},{"@type":"WebSite","@id":"https:\/\/prismagamers.com\/hu\/#website","url":"https:\/\/prismagamers.com\/hu\/","name":"Prismagamers","description":"Sklep z grami PC I Sklep klucze Steam","publisher":{"@id":"https:\/\/prismagamers.com\/hu\/#organization"},"potentialAction":[{"@type":"SearchAction","target":{"@type":"EntryPoint","urlTemplate":"https:\/\/prismagamers.com\/hu\/?s={search_term_string}"},"query-input":{"@type":"PropertyValueSpecification","valueRequired":true,"valueName":"search_term_string"}}],"inLanguage":"hu"},{"@type":"Organization","@id":"https:\/\/prismagamers.com\/hu\/#organization","name":"Prismagamers","url":"https:\/\/prismagamers.com\/hu\/","logo":{"@type":"ImageObject","inLanguage":"hu","@id":"https:\/\/prismagamers.com\/hu\/#\/schema\/logo\/image\/","url":"https:\/\/prismagamers.com\/wp-content\/uploads\/2022\/04\/cropped-logo-Prismagamers-01-scaled-1.jpg","contentUrl":"https:\/\/prismagamers.com\/wp-content\/uploads\/2022\/04\/cropped-logo-Prismagamers-01-scaled-1.jpg","width":512,"height":512,"caption":"Prismagamers"},"image":{"@id":"https:\/\/prismagamers.com\/hu\/#\/schema\/logo\/image\/"},"sameAs":["https:\/\/www.facebook.com\/prismagamers","https:\/\/www.instagram.com\/prismagamers_grycyfrowe\/"],"description":"Prismagamers.com to dynamiczny sklep z grami cyfrowymi, stworzony z my\u015bl\u0105 o entuzjastach gier wideo. Nasza strona oferuje szerok\u0105 gam\u0119 gier komputerowych, w tym najnowsze tytu\u0142y, dobrze znane klasyki oraz gry stworzone przez niezale\u017cne studia Ca\u0142y czas d\u0105\u017cymy do rozszerzenia naszej oferty. Do\u0142\u0105cz do nas i sta\u0144 si\u0119 cz\u0119\u015bci\u0105 naszej rosn\u0105cej spo\u0142eczno\u015bci graczy!","email":"shop@prismagamers.com","telephone":"48795541705","legalName":"East Caravan Maksym \u017bukow","foundingDate":"2012-05-10","vatID":"PL8943038612","taxID":"PL8943038612","numberOfEmployees":{"@type":"QuantitativeValue","minValue":"11","maxValue":"50"}}]}},"_links":{"self":[{"href":"https:\/\/prismagamers.com\/hu\/wp-json\/wp\/v2\/product\/38869","targetHints":{"allow":["GET"]}}],"collection":[{"href":"https:\/\/prismagamers.com\/hu\/wp-json\/wp\/v2\/product"}],"about":[{"href":"https:\/\/prismagamers.com\/hu\/wp-json\/wp\/v2\/types\/product"}],"wp:featuredmedia":[{"embeddable":true,"href":"https:\/\/prismagamers.com\/hu\/wp-json\/wp\/v2\/media\/25759"}],"wp:attachment":[{"href":"https:\/\/prismagamers.com\/hu\/wp-json\/wp\/v2\/media?parent=38869"}],"wp:term":[{"taxonomy":"product_brand","embeddable":true,"href":"https:\/\/prismagamers.com\/hu\/wp-json\/wp\/v2\/product_brand?post=38869"},{"taxonomy":"product_cat","embeddable":true,"href":"https:\/\/prismagamers.com\/hu\/wp-json\/wp\/v2\/product_cat?post=38869"},{"taxonomy":"product_tag","embeddable":true,"href":"https:\/\/prismagamers.com\/hu\/wp-json\/wp\/v2\/product_tag?post=38869"}],"curies":[{"name":"wp","href":"https:\/\/api.w.org\/{rel}","templated":true}]}}