{"id":38871,"date":"2022-06-29T22:37:11","date_gmt":"2022-06-29T20:37:11","guid":{"rendered":"https:\/\/prismagamers.com\/produkt\/lust-from-beyond\/"},"modified":"2026-01-02T00:36:11","modified_gmt":"2026-01-01T23:36:11","slug":"lust-from-beyond","status":"publish","type":"product","link":"https:\/\/prismagamers.com\/hu\/produkt\/lust-from-beyond\/","title":{"rendered":"Lust from Beyond"},"content":{"rendered":"<p>\u00d6n <strong>Victor Holloway<\/strong>, egy antikv\u00e1rius, akit egy balj\u00f3s birodalom l\u00e1tom\u00e1sai gy\u00f6t\u00f6rnek, ahol nincs k\u00fcl\u00f6nbs\u00e9g f\u00e1jdalom \u00e9s \u00e9lvezet k\u00f6z\u00f6tt. Hogy megfejtse \u00e1lmai val\u00f3di jelent\u00e9s\u00e9t, csatlakozik az ezoterikus <strong>Ekszt\u00e1zis Kultusz\u00e1hoz<\/strong>. <\/p>\n<p>K\u00f3stolj bele egy szekt\u00e1s \u00e9let\u00e9be bel\u00fclr\u0151l. Mer\u00fclj\u00f6n el istenk\u00e1roml\u00f3 \u00e9s szexu\u00e1lis szok\u00e1saiban. Tudja meg, mi t\u00f6rt\u00e9nik, amikor e vil\u00e1g \u00f6r\u00f6mei m\u00e1r nem el\u00e9gs\u00e9gesek.  <\/p>\n<p>Fedezd fel <strong>Lusst&#8217;ghaa<\/strong> kapuit <strong>, az ext\u00e1zis mitikus f\u00f6ldj\u00e9t a val\u00f3s\u00e1g \u00e9s a meg\u00e9rt\u00e9s hat\u00e1rain t\u00fal<\/strong>.<\/p>\n<p><strong>Jellemz\u0151k:<\/strong><\/p>\n<ul>\n<li>\u00c9rett ezoterikus horror mer\u00e9sz erotikus t\u00e9m\u00e1kkal<\/li>\n<li>Egy okkult szekta tagjainak n\u00e9z\u0151pontj\u00e1nak felt\u00e1r\u00e1sa<\/li>\n<li>Fuss, b\u00fajj el, lopakodj vagy harcolj a t\u00fal\u00e9l\u0151 horror mechanika seg\u00edts\u00e9g\u00e9vel.<\/li>\n<li>A helysz\u00edn \u00e9s a st\u00edlus Lovecraft, Giger \u00e9s Beksinski m\u0171vei \u00e1ltal inspir\u00e1lt.<\/li>\n<li>\u00c9rtelmes v\u00e1laszt\u00e1si lehet\u0151s\u00e9gek \u00e9s RPG-st\u00edlus\u00fa fejl\u0151d\u00e9si elemek<\/li>\n<li>Meglep\u0151 rejtv\u00e9nyek az okoss\u00e1god tesztel\u00e9s\u00e9re<\/li>\n<li>Hangfelv\u00e9telek elhagyatott, korabeli \u00e9p\u00fcletekben<\/li>\n<\/ul>\n<div class=\"URplpg\">Nyelvek:<\/div>\n<ul>\n<li style=\"list-style-type: none;\">\n<ul class=\"r1iAKt\">\n<li>Angol<\/li>\n<\/ul>\n<\/li>\n<\/ul>\n<div class=\"URplpg\">M\u0171k\u00f6dik:<\/div>\n<ul>\n<li style=\"list-style-type: none;\">\n<ul class=\"r1iAKt\">\n<li>Windows<\/li>\n<\/ul>\n<\/li>\n<\/ul>\n","protected":false},"excerpt":{"rendered":"<p class=\"ai-optimize-24\">\u00d6n Victor Holloway , egy antikv\u00e1rius, akit egy balj\u00f3s birodalom l\u00e1tom\u00e1sai gy\u00f6t\u00f6rnek, ahol nincs k\u00fcl\u00f6nbs\u00e9g f\u00e1jdalom \u00e9s \u00e9lvezet k\u00f6z\u00f6tt. Hogy megfejtse \u00e1lmai val\u00f3di jelent\u00e9s\u00e9t, csatlakozik az ezoterikus <strong>Ekszt\u00e1zis Kultusz\u00e1hoz<\/strong>. <\/p>\n<p class=\"ai-optimize-25\">\ud83c\udf0d Glob\u00e1lis<br \/>\n\u2699\ufe0f Steam<br \/>\n\ud83d\udddd Digit\u00e1lis kulcs<\/p>\n","protected":false},"featured_media":24786,"template":"","meta":{"_acf_changed":false,"site-sidebar-layout":"default","site-content-layout":"default","ast-site-content-layout":"default","site-content-style":"default","site-sidebar-style":"default","ast-global-header-display":"","ast-banner-title-visibility":"","ast-main-header-display":"","ast-hfb-above-header-display":"","ast-hfb-below-header-display":"","ast-hfb-mobile-header-display":"","site-post-title":"","ast-breadcrumbs-content":"","ast-featured-img":"","footer-sml-layout":"","ast-disable-related-posts":"","theme-transparent-header-meta":"default","adv-header-id-meta":"","stick-header-meta":"","header-above-stick-meta":"","header-main-stick-meta":"","header-below-stick-meta":"","astra-migrate-meta-layouts":"default","ast-page-background-enabled":"default","ast-page-background-meta":{"desktop":{"background-color":"var(--ast-global-color-4)","background-image":"","background-repeat":"repeat","background-position":"center center","background-size":"auto","background-attachment":"scroll","background-type":"","background-media":"","overlay-type":"","overlay-color":"","overlay-opacity":"","overlay-gradient":""},"tablet":{"background-color":"","background-image":"","background-repeat":"repeat","background-position":"center center","background-size":"auto","background-attachment":"scroll","background-type":"","background-media":"","overlay-type":"","overlay-color":"","overlay-opacity":"","overlay-gradient":""},"mobile":{"background-color":"","background-image":"","background-repeat":"repeat","background-position":"center center","background-size":"auto","background-attachment":"scroll","background-type":"","background-media":"","overlay-type":"","overlay-color":"","overlay-opacity":"","overlay-gradient":""}},"ast-content-background-meta":{"desktop":{"background-color":"var(--ast-global-color-5)","background-image":"","background-repeat":"repeat","background-position":"center center","background-size":"auto","background-attachment":"scroll","background-type":"","background-media":"","overlay-type":"","overlay-color":"","overlay-opacity":"","overlay-gradient":""},"tablet":{"background-color":"var(--ast-global-color-5)","background-image":"","background-repeat":"repeat","background-position":"center center","background-size":"auto","background-attachment":"scroll","background-type":"","background-media":"","overlay-type":"","overlay-color":"","overlay-opacity":"","overlay-gradient":""},"mobile":{"background-color":"var(--ast-global-color-5)","background-image":"","background-repeat":"repeat","background-position":"center center","background-size":"auto","background-attachment":"scroll","background-type":"","background-media":"","overlay-type":"","overlay-color":"","overlay-opacity":"","overlay-gradient":""}}},"product_brand":[],"product_cat":[371,369,394,373,365,392,363,378,335],"product_tag":[],"class_list":{"0":"post-38871","1":"product","2":"type-product","3":"status-publish","4":"has-post-thumbnail","6":"product_cat-akcio-jatekok","7":"product_cat-csarnokok","8":"product_cat-digitalis-jatekok","9":"product_cat-filmes-jatekok","10":"product_cat-goz","11":"product_cat-india","12":"product_cat-kaland-jatekok","13":"product_cat-minden-digitalis-jatek","14":"product_cat-wyprzedaz","15":"desktop-align-left","16":"tablet-align-left","17":"mobile-align-left","19":"first","20":"instock","21":"shipping-taxable","22":"purchasable","23":"product-type-simple"},"acf":[],"yoast_head":"<!-- This site is optimized with the Yoast SEO Premium plugin v27.4 (Yoast SEO v27.4) - https:\/\/yoast.com\/product\/yoast-seo-premium-wordpress\/ -->\n<title>Lust from Beyond - Prismagamers.com<\/title>\n<meta name=\"description\" content=\"\u00d6n Victor Holloway , egy antikv\u00e1rius, akit egy balj\u00f3s birodalom l\u00e1tom\u00e1sai gy\u00f6t\u00f6rnek, ahol nincs k\u00fcl\u00f6nbs\u00e9g f\u00e1jdalom \u00e9s \u00e9lvezet k\u00f6z\u00f6tt. Hogy megfejtse \u00e1lmai val\u00f3di jelent\u00e9s\u00e9t, csatlakozik az ezoterikus Ekszt\u00e1zis Kultusz\u00e1hoz. \ud83c\udf0d Glob\u00e1lis \u2699\ufe0f Steam \ud83d\udddd Digit\u00e1lis kulcs\" \/>\n<meta name=\"robots\" content=\"index, follow, max-snippet:-1, max-image-preview:large, max-video-preview:-1\" \/>\n<link rel=\"canonical\" href=\"https:\/\/prismagamers.com\/hu\/produkt\/lust-from-beyond\/\" \/>\n<meta property=\"og:locale\" content=\"hu_HU\" \/>\n<meta property=\"og:type\" content=\"article\" \/>\n<meta property=\"og:title\" content=\"Lust from Beyond\" \/>\n<meta property=\"og:description\" content=\"\u00d6n Victor Holloway , egy antikv\u00e1rius, akit egy balj\u00f3s birodalom l\u00e1tom\u00e1sai gy\u00f6t\u00f6rnek, ahol nincs k\u00fcl\u00f6nbs\u00e9g f\u00e1jdalom \u00e9s \u00e9lvezet k\u00f6z\u00f6tt. Hogy megfejtse \u00e1lmai val\u00f3di jelent\u00e9s\u00e9t, csatlakozik az ezoterikus Ekszt\u00e1zis Kultusz\u00e1hoz. \ud83c\udf0d Glob\u00e1lis \u2699\ufe0f Steam \ud83d\udddd Digit\u00e1lis kulcs\" \/>\n<meta property=\"og:url\" content=\"https:\/\/prismagamers.com\/hu\/produkt\/lust-from-beyond\/\" \/>\n<meta property=\"og:site_name\" content=\"Prismagamers.com\" \/>\n<meta property=\"article:publisher\" content=\"https:\/\/www.facebook.com\/prismagamers\" \/>\n<meta property=\"article:modified_time\" content=\"2026-01-01T23:36:11+00:00\" \/>\n<meta property=\"og:image\" content=\"https:\/\/prismagamers.com\/wp-content\/uploads\/2022\/06\/Lust-from-Beyond.jpeg\" \/>\n\t<meta property=\"og:image:width\" content=\"350\" \/>\n\t<meta property=\"og:image:height\" content=\"506\" \/>\n\t<meta property=\"og:image:type\" content=\"image\/jpeg\" \/>\n<meta name=\"twitter:card\" content=\"summary_large_image\" \/>\n<meta name=\"twitter:label1\" content=\"Becs\u00fclt olvas\u00e1si id\u0151\" \/>\n\t<meta name=\"twitter:data1\" content=\"1 perc\" \/>\n<script type=\"application\/ld+json\" class=\"yoast-schema-graph\">{\"@context\":\"https:\\\/\\\/schema.org\",\"@graph\":[{\"@type\":\"WebPage\",\"@id\":\"https:\\\/\\\/prismagamers.com\\\/hu\\\/produkt\\\/lust-from-beyond\\\/\",\"url\":\"https:\\\/\\\/prismagamers.com\\\/hu\\\/produkt\\\/lust-from-beyond\\\/\",\"name\":\"Lust from Beyond - Prismagamers.com\",\"isPartOf\":{\"@id\":\"https:\\\/\\\/prismagamers.com\\\/hu\\\/#website\"},\"primaryImageOfPage\":{\"@id\":\"https:\\\/\\\/prismagamers.com\\\/hu\\\/produkt\\\/lust-from-beyond\\\/#primaryimage\"},\"image\":{\"@id\":\"https:\\\/\\\/prismagamers.com\\\/hu\\\/produkt\\\/lust-from-beyond\\\/#primaryimage\"},\"thumbnailUrl\":\"https:\\\/\\\/prismagamers.com\\\/wp-content\\\/uploads\\\/2022\\\/06\\\/Lust-from-Beyond.jpeg\",\"datePublished\":\"2022-06-29T20:37:11+00:00\",\"dateModified\":\"2026-01-01T23:36:11+00:00\",\"description\":\"\u00d6n Victor Holloway , egy antikv\u00e1rius, akit egy balj\u00f3s birodalom l\u00e1tom\u00e1sai gy\u00f6t\u00f6rnek, ahol nincs k\u00fcl\u00f6nbs\u00e9g f\u00e1jdalom \u00e9s \u00e9lvezet k\u00f6z\u00f6tt. Hogy megfejtse \u00e1lmai val\u00f3di jelent\u00e9s\u00e9t, csatlakozik az ezoterikus Ekszt\u00e1zis Kultusz\u00e1hoz. \ud83c\udf0d Glob\u00e1lis \u2699\ufe0f Steam \ud83d\udddd Digit\u00e1lis kulcs\",\"breadcrumb\":{\"@id\":\"https:\\\/\\\/prismagamers.com\\\/hu\\\/produkt\\\/lust-from-beyond\\\/#breadcrumb\"},\"inLanguage\":\"hu\",\"potentialAction\":[{\"@type\":\"ReadAction\",\"target\":[\"https:\\\/\\\/prismagamers.com\\\/hu\\\/produkt\\\/lust-from-beyond\\\/\"]}]},{\"@type\":\"ImageObject\",\"inLanguage\":\"hu\",\"@id\":\"https:\\\/\\\/prismagamers.com\\\/hu\\\/produkt\\\/lust-from-beyond\\\/#primaryimage\",\"url\":\"https:\\\/\\\/prismagamers.com\\\/wp-content\\\/uploads\\\/2022\\\/06\\\/Lust-from-Beyond.jpeg\",\"contentUrl\":\"https:\\\/\\\/prismagamers.com\\\/wp-content\\\/uploads\\\/2022\\\/06\\\/Lust-from-Beyond.jpeg\",\"width\":350,\"height\":506},{\"@type\":\"BreadcrumbList\",\"@id\":\"https:\\\/\\\/prismagamers.com\\\/hu\\\/produkt\\\/lust-from-beyond\\\/#breadcrumb\",\"itemListElement\":[{\"@type\":\"ListItem\",\"position\":1,\"name\":\"Strona g\u0142\u00f3wna\",\"item\":\"https:\\\/\\\/prismagamers.com\\\/hu\\\/prismagamers\\\/\"},{\"@type\":\"ListItem\",\"position\":2,\"name\":\"Shop\",\"item\":\"https:\\\/\\\/prismagamers.com\\\/hu\\\/shop\\\/\"},{\"@type\":\"ListItem\",\"position\":3,\"name\":\"Lust from Beyond\"}]},{\"@type\":\"WebSite\",\"@id\":\"https:\\\/\\\/prismagamers.com\\\/hu\\\/#website\",\"url\":\"https:\\\/\\\/prismagamers.com\\\/hu\\\/\",\"name\":\"Prismagamers\",\"description\":\"Sklep z grami PC I Sklep klucze Steam\",\"publisher\":{\"@id\":\"https:\\\/\\\/prismagamers.com\\\/hu\\\/#organization\"},\"potentialAction\":[{\"@type\":\"SearchAction\",\"target\":{\"@type\":\"EntryPoint\",\"urlTemplate\":\"https:\\\/\\\/prismagamers.com\\\/hu\\\/?s={search_term_string}\"},\"query-input\":{\"@type\":\"PropertyValueSpecification\",\"valueRequired\":true,\"valueName\":\"search_term_string\"}}],\"inLanguage\":\"hu\"},{\"@type\":\"Organization\",\"@id\":\"https:\\\/\\\/prismagamers.com\\\/hu\\\/#organization\",\"name\":\"Prismagamers\",\"url\":\"https:\\\/\\\/prismagamers.com\\\/hu\\\/\",\"logo\":{\"@type\":\"ImageObject\",\"inLanguage\":\"hu\",\"@id\":\"https:\\\/\\\/prismagamers.com\\\/hu\\\/#\\\/schema\\\/logo\\\/image\\\/\",\"url\":\"https:\\\/\\\/prismagamers.com\\\/wp-content\\\/uploads\\\/2022\\\/04\\\/cropped-logo-Prismagamers-01-scaled-1.jpg\",\"contentUrl\":\"https:\\\/\\\/prismagamers.com\\\/wp-content\\\/uploads\\\/2022\\\/04\\\/cropped-logo-Prismagamers-01-scaled-1.jpg\",\"width\":512,\"height\":512,\"caption\":\"Prismagamers\"},\"image\":{\"@id\":\"https:\\\/\\\/prismagamers.com\\\/hu\\\/#\\\/schema\\\/logo\\\/image\\\/\"},\"sameAs\":[\"https:\\\/\\\/www.facebook.com\\\/prismagamers\",\"https:\\\/\\\/www.instagram.com\\\/prismagamers_grycyfrowe\\\/\"],\"description\":\"Prismagamers.com to dynamiczny sklep z grami cyfrowymi, stworzony z my\u015bl\u0105 o entuzjastach gier wideo. Nasza strona oferuje szerok\u0105 gam\u0119 gier komputerowych, w tym najnowsze tytu\u0142y, dobrze znane klasyki oraz gry stworzone przez niezale\u017cne studia Ca\u0142y czas d\u0105\u017cymy do rozszerzenia naszej oferty. Do\u0142\u0105cz do nas i sta\u0144 si\u0119 cz\u0119\u015bci\u0105 naszej rosn\u0105cej spo\u0142eczno\u015bci graczy!\",\"email\":\"shop@prismagamers.com\",\"telephone\":\"48795541705\",\"legalName\":\"East Caravan Maksym \u017bukow\",\"foundingDate\":\"2012-05-10\",\"vatID\":\"PL8943038612\",\"taxID\":\"PL8943038612\",\"numberOfEmployees\":{\"@type\":\"QuantitativeValue\",\"minValue\":\"11\",\"maxValue\":\"50\"}}]}<\/script>\n<!-- \/ Yoast SEO Premium plugin. -->","yoast_head_json":{"title":"Lust from Beyond - Prismagamers.com","description":"\u00d6n Victor Holloway , egy antikv\u00e1rius, akit egy balj\u00f3s birodalom l\u00e1tom\u00e1sai gy\u00f6t\u00f6rnek, ahol nincs k\u00fcl\u00f6nbs\u00e9g f\u00e1jdalom \u00e9s \u00e9lvezet k\u00f6z\u00f6tt. Hogy megfejtse \u00e1lmai val\u00f3di jelent\u00e9s\u00e9t, csatlakozik az ezoterikus Ekszt\u00e1zis Kultusz\u00e1hoz. \ud83c\udf0d Glob\u00e1lis \u2699\ufe0f Steam \ud83d\udddd Digit\u00e1lis kulcs","robots":{"index":"index","follow":"follow","max-snippet":"max-snippet:-1","max-image-preview":"max-image-preview:large","max-video-preview":"max-video-preview:-1"},"canonical":"https:\/\/prismagamers.com\/hu\/produkt\/lust-from-beyond\/","og_locale":"hu_HU","og_type":"article","og_title":"Lust from Beyond","og_description":"\u00d6n Victor Holloway , egy antikv\u00e1rius, akit egy balj\u00f3s birodalom l\u00e1tom\u00e1sai gy\u00f6t\u00f6rnek, ahol nincs k\u00fcl\u00f6nbs\u00e9g f\u00e1jdalom \u00e9s \u00e9lvezet k\u00f6z\u00f6tt. Hogy megfejtse \u00e1lmai val\u00f3di jelent\u00e9s\u00e9t, csatlakozik az ezoterikus Ekszt\u00e1zis Kultusz\u00e1hoz. \ud83c\udf0d Glob\u00e1lis \u2699\ufe0f Steam \ud83d\udddd Digit\u00e1lis kulcs","og_url":"https:\/\/prismagamers.com\/hu\/produkt\/lust-from-beyond\/","og_site_name":"Prismagamers.com","article_publisher":"https:\/\/www.facebook.com\/prismagamers","article_modified_time":"2026-01-01T23:36:11+00:00","og_image":[{"width":350,"height":506,"url":"https:\/\/prismagamers.com\/wp-content\/uploads\/2022\/06\/Lust-from-Beyond.jpeg","type":"image\/jpeg"}],"twitter_card":"summary_large_image","twitter_misc":{"Becs\u00fclt olvas\u00e1si id\u0151":"1 perc"},"schema":{"@context":"https:\/\/schema.org","@graph":[{"@type":"WebPage","@id":"https:\/\/prismagamers.com\/hu\/produkt\/lust-from-beyond\/","url":"https:\/\/prismagamers.com\/hu\/produkt\/lust-from-beyond\/","name":"Lust from Beyond - Prismagamers.com","isPartOf":{"@id":"https:\/\/prismagamers.com\/hu\/#website"},"primaryImageOfPage":{"@id":"https:\/\/prismagamers.com\/hu\/produkt\/lust-from-beyond\/#primaryimage"},"image":{"@id":"https:\/\/prismagamers.com\/hu\/produkt\/lust-from-beyond\/#primaryimage"},"thumbnailUrl":"https:\/\/prismagamers.com\/wp-content\/uploads\/2022\/06\/Lust-from-Beyond.jpeg","datePublished":"2022-06-29T20:37:11+00:00","dateModified":"2026-01-01T23:36:11+00:00","description":"\u00d6n Victor Holloway , egy antikv\u00e1rius, akit egy balj\u00f3s birodalom l\u00e1tom\u00e1sai gy\u00f6t\u00f6rnek, ahol nincs k\u00fcl\u00f6nbs\u00e9g f\u00e1jdalom \u00e9s \u00e9lvezet k\u00f6z\u00f6tt. Hogy megfejtse \u00e1lmai val\u00f3di jelent\u00e9s\u00e9t, csatlakozik az ezoterikus Ekszt\u00e1zis Kultusz\u00e1hoz. \ud83c\udf0d Glob\u00e1lis \u2699\ufe0f Steam \ud83d\udddd Digit\u00e1lis kulcs","breadcrumb":{"@id":"https:\/\/prismagamers.com\/hu\/produkt\/lust-from-beyond\/#breadcrumb"},"inLanguage":"hu","potentialAction":[{"@type":"ReadAction","target":["https:\/\/prismagamers.com\/hu\/produkt\/lust-from-beyond\/"]}]},{"@type":"ImageObject","inLanguage":"hu","@id":"https:\/\/prismagamers.com\/hu\/produkt\/lust-from-beyond\/#primaryimage","url":"https:\/\/prismagamers.com\/wp-content\/uploads\/2022\/06\/Lust-from-Beyond.jpeg","contentUrl":"https:\/\/prismagamers.com\/wp-content\/uploads\/2022\/06\/Lust-from-Beyond.jpeg","width":350,"height":506},{"@type":"BreadcrumbList","@id":"https:\/\/prismagamers.com\/hu\/produkt\/lust-from-beyond\/#breadcrumb","itemListElement":[{"@type":"ListItem","position":1,"name":"Strona g\u0142\u00f3wna","item":"https:\/\/prismagamers.com\/hu\/prismagamers\/"},{"@type":"ListItem","position":2,"name":"Shop","item":"https:\/\/prismagamers.com\/hu\/shop\/"},{"@type":"ListItem","position":3,"name":"Lust from Beyond"}]},{"@type":"WebSite","@id":"https:\/\/prismagamers.com\/hu\/#website","url":"https:\/\/prismagamers.com\/hu\/","name":"Prismagamers","description":"Sklep z grami PC I Sklep klucze Steam","publisher":{"@id":"https:\/\/prismagamers.com\/hu\/#organization"},"potentialAction":[{"@type":"SearchAction","target":{"@type":"EntryPoint","urlTemplate":"https:\/\/prismagamers.com\/hu\/?s={search_term_string}"},"query-input":{"@type":"PropertyValueSpecification","valueRequired":true,"valueName":"search_term_string"}}],"inLanguage":"hu"},{"@type":"Organization","@id":"https:\/\/prismagamers.com\/hu\/#organization","name":"Prismagamers","url":"https:\/\/prismagamers.com\/hu\/","logo":{"@type":"ImageObject","inLanguage":"hu","@id":"https:\/\/prismagamers.com\/hu\/#\/schema\/logo\/image\/","url":"https:\/\/prismagamers.com\/wp-content\/uploads\/2022\/04\/cropped-logo-Prismagamers-01-scaled-1.jpg","contentUrl":"https:\/\/prismagamers.com\/wp-content\/uploads\/2022\/04\/cropped-logo-Prismagamers-01-scaled-1.jpg","width":512,"height":512,"caption":"Prismagamers"},"image":{"@id":"https:\/\/prismagamers.com\/hu\/#\/schema\/logo\/image\/"},"sameAs":["https:\/\/www.facebook.com\/prismagamers","https:\/\/www.instagram.com\/prismagamers_grycyfrowe\/"],"description":"Prismagamers.com to dynamiczny sklep z grami cyfrowymi, stworzony z my\u015bl\u0105 o entuzjastach gier wideo. Nasza strona oferuje szerok\u0105 gam\u0119 gier komputerowych, w tym najnowsze tytu\u0142y, dobrze znane klasyki oraz gry stworzone przez niezale\u017cne studia Ca\u0142y czas d\u0105\u017cymy do rozszerzenia naszej oferty. Do\u0142\u0105cz do nas i sta\u0144 si\u0119 cz\u0119\u015bci\u0105 naszej rosn\u0105cej spo\u0142eczno\u015bci graczy!","email":"shop@prismagamers.com","telephone":"48795541705","legalName":"East Caravan Maksym \u017bukow","foundingDate":"2012-05-10","vatID":"PL8943038612","taxID":"PL8943038612","numberOfEmployees":{"@type":"QuantitativeValue","minValue":"11","maxValue":"50"}}]}},"_links":{"self":[{"href":"https:\/\/prismagamers.com\/hu\/wp-json\/wp\/v2\/product\/38871","targetHints":{"allow":["GET"]}}],"collection":[{"href":"https:\/\/prismagamers.com\/hu\/wp-json\/wp\/v2\/product"}],"about":[{"href":"https:\/\/prismagamers.com\/hu\/wp-json\/wp\/v2\/types\/product"}],"wp:featuredmedia":[{"embeddable":true,"href":"https:\/\/prismagamers.com\/hu\/wp-json\/wp\/v2\/media\/24786"}],"wp:attachment":[{"href":"https:\/\/prismagamers.com\/hu\/wp-json\/wp\/v2\/media?parent=38871"}],"wp:term":[{"taxonomy":"product_brand","embeddable":true,"href":"https:\/\/prismagamers.com\/hu\/wp-json\/wp\/v2\/product_brand?post=38871"},{"taxonomy":"product_cat","embeddable":true,"href":"https:\/\/prismagamers.com\/hu\/wp-json\/wp\/v2\/product_cat?post=38871"},{"taxonomy":"product_tag","embeddable":true,"href":"https:\/\/prismagamers.com\/hu\/wp-json\/wp\/v2\/product_tag?post=38871"}],"curies":[{"name":"wp","href":"https:\/\/api.w.org\/{rel}","templated":true}]}}