{"id":38875,"date":"2023-07-27T12:34:20","date_gmt":"2023-07-27T10:34:20","guid":{"rendered":"https:\/\/prismagamers.com\/produkt\/plane-mechanic-szimulator\/"},"modified":"2026-01-02T00:36:12","modified_gmt":"2026-01-01T23:36:12","slug":"plane-mechanic-szimulator","status":"publish","type":"product","link":"https:\/\/prismagamers.com\/hu\/produkt\/plane-mechanic-szimulator\/","title":{"rendered":"Plane Mechanic Simulator"},"content":{"rendered":"<p>A Plane Mechanic Simulator j\u00e1t\u00e9k a RAF f\u00f6ldi karbantart\u00f3 mechanikus\u00e1nak poz\u00edci\u00f3j\u00e1ba helyez a brit csata kezdet\u00e9n. Sz\u00e1mos kih\u00edv\u00e1s v\u00e1r r\u00e1d, az olyan egyszer\u0171 feladatokt\u00f3l kezdve, mint a tankol\u00e1s, eg\u00e9szen a bonyolult hajt\u00f3m\u0171jav\u00edt\u00e1sokig \u00e9s a fegyverek kalibr\u00e1l\u00e1s\u00e1ig. A korszak h\u00e1rom legend\u00e1s brit rep\u00fcl\u0151g\u00e9p\u00e9t pontosan \u00fajraalkott\u00e1k, hogy a j\u00e1t\u00e9kmenet a lehet\u0151 legmagasabb min\u0151s\u00e9get ny\u00fajtsa:  <\/p>\n<ul class=\"bb_ul\">\n<li>Supermarine Spitfire Mk.1<\/li>\n<li>De Havilland Tiger Moth<\/li>\n<li>De Havilland Mosquito<\/li>\n<li>Hawker Hurricane<\/li>\n<\/ul>\n<p><img decoding=\"async\" class=\"aligncenter\" src=\"https:\/\/cdn.akamai.steamstatic.com\/steam\/apps\/803980\/extras\/pms_timeline_hurricane.png?t=1689942775\"><\/p>\n<p>A Plane Mechanic Simulator 81 v\u00e1ltozatos k\u00fcldet\u00e9st, k\u00f6zel 800 jav\u00edtand\u00f3 alkatr\u00e9szt \u00e9s p\u00e1ratlan figyelmet ford\u00edt a r\u00e9szletekre.<\/p>\n<p>A j\u00e1t\u00e9k egy egyedi kamp\u00e1nyt is k\u00edn\u00e1l, amelyben egy adott sz\u00e1zadhoz van rendelve, saj\u00e1t rep\u00fcl\u0151g\u00e9ppel \u00e9s pil\u00f3t\u00e1val. B\u00e1rmilyen hiba tragikusan v\u00e9gz\u0151dhet a pil\u00f3ta sz\u00e1m\u00e1ra. Teljes\u00edtsd sikeresen a feladatokat, \u00e9s a pil\u00f3ta \u00e1sz lehet.  <\/p>\n","protected":false},"excerpt":{"rendered":"<p class=\"ai-optimize-26 ai-optimize-introduction\">A Plane Mechanic Simulator c\u00edm\u0171 j\u00e1t\u00e9kban a RAF f\u00f6ldi szerel\u0151j\u00e9nek szerep\u00e9be cs\u00f6ppenhetsz az angliai csata kezdet\u00e9n. K\u00fcl\u00f6nf\u00e9le feladatok v\u00e1rnak r\u00e1d, az egyszer\u0171 feladatokt\u00f3l kezdve az olyanokt\u00f3l, mint az \u00fczemanyag-ut\u00e1nt\u00f6lt\u00e9s, a fejlett hajt\u00f3m\u0171jav\u00edt\u00e1sokig \u00e9s a fegyverek kalibr\u00e1l\u00e1s\u00e1ig. <\/p>\n<p class=\"ai-optimize-27\"><img decoding=\"async\" class=\"emoji\" role=\"img\" draggable=\"false\" src=\"https:\/\/s.w.org\/images\/core\/emoji\/14.0.0\/svg\/1f30d.svg\" alt=\"\ud83c\udf0d\">  Global<br \/>\n<img decoding=\"async\" class=\"emoji\" role=\"img\" draggable=\"false\" src=\"https:\/\/s.w.org\/images\/core\/emoji\/14.0.0\/svg\/2699.svg\" alt=\"\u2699\ufe0f\"> Steam<br \/>\n<img decoding=\"async\" class=\"emoji\" role=\"img\" draggable=\"false\" src=\"https:\/\/s.w.org\/images\/core\/emoji\/14.0.0\/svg\/1f5dd.svg\" alt=\"\ud83d\udddd\"> Digit\u00e1lis kulcs<\/p>\n","protected":false},"featured_media":25785,"template":"","meta":{"_acf_changed":false,"site-sidebar-layout":"default","site-content-layout":"default","ast-site-content-layout":"default","site-content-style":"default","site-sidebar-style":"default","ast-global-header-display":"","ast-banner-title-visibility":"","ast-main-header-display":"","ast-hfb-above-header-display":"","ast-hfb-below-header-display":"","ast-hfb-mobile-header-display":"","site-post-title":"","ast-breadcrumbs-content":"","ast-featured-img":"","footer-sml-layout":"","ast-disable-related-posts":"","theme-transparent-header-meta":"default","adv-header-id-meta":"","stick-header-meta":"","header-above-stick-meta":"","header-main-stick-meta":"","header-below-stick-meta":"","astra-migrate-meta-layouts":"default","ast-page-background-enabled":"default","ast-page-background-meta":{"desktop":{"background-color":"var(--ast-global-color-4)","background-image":"","background-repeat":"repeat","background-position":"center center","background-size":"auto","background-attachment":"scroll","background-type":"","background-media":"","overlay-type":"","overlay-color":"","overlay-opacity":"","overlay-gradient":""},"tablet":{"background-color":"","background-image":"","background-repeat":"repeat","background-position":"center center","background-size":"auto","background-attachment":"scroll","background-type":"","background-media":"","overlay-type":"","overlay-color":"","overlay-opacity":"","overlay-gradient":""},"mobile":{"background-color":"","background-image":"","background-repeat":"repeat","background-position":"center center","background-size":"auto","background-attachment":"scroll","background-type":"","background-media":"","overlay-type":"","overlay-color":"","overlay-opacity":"","overlay-gradient":""}},"ast-content-background-meta":{"desktop":{"background-color":"var(--ast-global-color-5)","background-image":"","background-repeat":"repeat","background-position":"center center","background-size":"auto","background-attachment":"scroll","background-type":"","background-media":"","overlay-type":"","overlay-color":"","overlay-opacity":"","overlay-gradient":""},"tablet":{"background-color":"var(--ast-global-color-5)","background-image":"","background-repeat":"repeat","background-position":"center center","background-size":"auto","background-attachment":"scroll","background-type":"","background-media":"","overlay-type":"","overlay-color":"","overlay-opacity":"","overlay-gradient":""},"mobile":{"background-color":"var(--ast-global-color-5)","background-image":"","background-repeat":"repeat","background-position":"center center","background-size":"auto","background-attachment":"scroll","background-type":"","background-media":"","overlay-type":"","overlay-color":"","overlay-opacity":"","overlay-gradient":""}}},"product_brand":[],"product_cat":[394,373,365,372,363,367],"product_tag":[],"class_list":{"0":"post-38875","1":"product","2":"type-product","3":"status-publish","4":"has-post-thumbnail","6":"product_cat-digitalis-jatekok","7":"product_cat-filmes-jatekok","8":"product_cat-goz","9":"product_cat-jatekok-szimulatorok","10":"product_cat-kaland-jatekok","11":"product_cat-pc-jatekok","12":"desktop-align-left","13":"tablet-align-left","14":"mobile-align-left","16":"first","17":"instock","18":"virtual","19":"purchasable","20":"product-type-simple"},"acf":[],"yoast_head":"<!-- This site is optimized with the Yoast SEO Premium plugin v27.5 (Yoast SEO v27.5) - https:\/\/yoast.com\/product\/yoast-seo-premium-wordpress\/ -->\n<title>Plane Mechanic Simulator - Prismagamers.com<\/title>\n<meta name=\"description\" content=\"A Plane Mechanic Simulator c\u00edm\u0171 j\u00e1t\u00e9kban a RAF f\u00f6ldi szerel\u0151j\u00e9nek szerep\u00e9be cs\u00f6ppenhetsz az angliai csata kezdet\u00e9n. K\u00fcl\u00f6nf\u00e9le feladatok v\u00e1rnak r\u00e1d, az egyszer\u0171 feladatokt\u00f3l kezdve az olyanokt\u00f3l, mint az \u00fczemanyag-ut\u00e1nt\u00f6lt\u00e9s, a fejlett hajt\u00f3m\u0171jav\u00edt\u00e1sokig \u00e9s a fegyverek kalibr\u00e1l\u00e1s\u00e1ig.  Global Steam Digit\u00e1lis kulcs\" \/>\n<meta name=\"robots\" content=\"index, follow, max-snippet:-1, max-image-preview:large, max-video-preview:-1\" \/>\n<link rel=\"canonical\" href=\"https:\/\/prismagamers.com\/hu\/produkt\/plane-mechanic-szimulator\/\" \/>\n<meta property=\"og:locale\" content=\"hu_HU\" \/>\n<meta property=\"og:type\" content=\"article\" \/>\n<meta property=\"og:title\" content=\"Plane Mechanic Simulator\" \/>\n<meta property=\"og:description\" content=\"A Plane Mechanic Simulator c\u00edm\u0171 j\u00e1t\u00e9kban a RAF f\u00f6ldi szerel\u0151j\u00e9nek szerep\u00e9be cs\u00f6ppenhetsz az angliai csata kezdet\u00e9n. K\u00fcl\u00f6nf\u00e9le feladatok v\u00e1rnak r\u00e1d, az egyszer\u0171 feladatokt\u00f3l kezdve az olyanokt\u00f3l, mint az \u00fczemanyag-ut\u00e1nt\u00f6lt\u00e9s, a fejlett hajt\u00f3m\u0171jav\u00edt\u00e1sokig \u00e9s a fegyverek kalibr\u00e1l\u00e1s\u00e1ig.  Global Steam Digit\u00e1lis kulcs\" \/>\n<meta property=\"og:url\" content=\"https:\/\/prismagamers.com\/hu\/produkt\/plane-mechanic-szimulator\/\" \/>\n<meta property=\"og:site_name\" content=\"Prismagamers.com\" \/>\n<meta property=\"article:publisher\" content=\"https:\/\/www.facebook.com\/prismagamers\" \/>\n<meta property=\"article:modified_time\" content=\"2026-01-01T23:36:12+00:00\" \/>\n<meta property=\"og:image\" content=\"https:\/\/prismagamers.com\/wp-content\/uploads\/2023\/07\/boxshot-1.png\" \/>\n\t<meta property=\"og:image:width\" content=\"600\" \/>\n\t<meta property=\"og:image:height\" content=\"855\" \/>\n\t<meta property=\"og:image:type\" content=\"image\/png\" \/>\n<meta name=\"twitter:card\" content=\"summary_large_image\" \/>\n<meta name=\"twitter:label1\" content=\"Becs\u00fclt olvas\u00e1si id\u0151\" \/>\n\t<meta name=\"twitter:data1\" content=\"1 perc\" \/>\n<script type=\"application\/ld+json\" class=\"yoast-schema-graph\">{\"@context\":\"https:\\\/\\\/schema.org\",\"@graph\":[{\"@type\":\"WebPage\",\"@id\":\"https:\\\/\\\/prismagamers.com\\\/hu\\\/produkt\\\/plane-mechanic-szimulator\\\/\",\"url\":\"https:\\\/\\\/prismagamers.com\\\/hu\\\/produkt\\\/plane-mechanic-szimulator\\\/\",\"name\":\"Plane Mechanic Simulator - Prismagamers.com\",\"isPartOf\":{\"@id\":\"https:\\\/\\\/prismagamers.com\\\/hu\\\/#website\"},\"primaryImageOfPage\":{\"@id\":\"https:\\\/\\\/prismagamers.com\\\/hu\\\/produkt\\\/plane-mechanic-szimulator\\\/#primaryimage\"},\"image\":{\"@id\":\"https:\\\/\\\/prismagamers.com\\\/hu\\\/produkt\\\/plane-mechanic-szimulator\\\/#primaryimage\"},\"thumbnailUrl\":\"https:\\\/\\\/prismagamers.com\\\/wp-content\\\/uploads\\\/2023\\\/07\\\/boxshot-1.png\",\"datePublished\":\"2023-07-27T10:34:20+00:00\",\"dateModified\":\"2026-01-01T23:36:12+00:00\",\"description\":\"A Plane Mechanic Simulator c\u00edm\u0171 j\u00e1t\u00e9kban a RAF f\u00f6ldi szerel\u0151j\u00e9nek szerep\u00e9be cs\u00f6ppenhetsz az angliai csata kezdet\u00e9n. K\u00fcl\u00f6nf\u00e9le feladatok v\u00e1rnak r\u00e1d, az egyszer\u0171 feladatokt\u00f3l kezdve az olyanokt\u00f3l, mint az \u00fczemanyag-ut\u00e1nt\u00f6lt\u00e9s, a fejlett hajt\u00f3m\u0171jav\u00edt\u00e1sokig \u00e9s a fegyverek kalibr\u00e1l\u00e1s\u00e1ig. Global Steam Digit\u00e1lis kulcs\",\"breadcrumb\":{\"@id\":\"https:\\\/\\\/prismagamers.com\\\/hu\\\/produkt\\\/plane-mechanic-szimulator\\\/#breadcrumb\"},\"inLanguage\":\"hu\",\"potentialAction\":[{\"@type\":\"ReadAction\",\"target\":[\"https:\\\/\\\/prismagamers.com\\\/hu\\\/produkt\\\/plane-mechanic-szimulator\\\/\"]}]},{\"@type\":\"ImageObject\",\"inLanguage\":\"hu\",\"@id\":\"https:\\\/\\\/prismagamers.com\\\/hu\\\/produkt\\\/plane-mechanic-szimulator\\\/#primaryimage\",\"url\":\"https:\\\/\\\/prismagamers.com\\\/wp-content\\\/uploads\\\/2023\\\/07\\\/boxshot-1.png\",\"contentUrl\":\"https:\\\/\\\/prismagamers.com\\\/wp-content\\\/uploads\\\/2023\\\/07\\\/boxshot-1.png\",\"width\":600,\"height\":855},{\"@type\":\"BreadcrumbList\",\"@id\":\"https:\\\/\\\/prismagamers.com\\\/hu\\\/produkt\\\/plane-mechanic-szimulator\\\/#breadcrumb\",\"itemListElement\":[{\"@type\":\"ListItem\",\"position\":1,\"name\":\"Strona g\u0142\u00f3wna\",\"item\":\"https:\\\/\\\/prismagamers.com\\\/hu\\\/prismagamers\\\/\"},{\"@type\":\"ListItem\",\"position\":2,\"name\":\"Shop\",\"item\":\"https:\\\/\\\/prismagamers.com\\\/hu\\\/shop\\\/\"},{\"@type\":\"ListItem\",\"position\":3,\"name\":\"Plane Mechanic Simulator\"}]},{\"@type\":\"WebSite\",\"@id\":\"https:\\\/\\\/prismagamers.com\\\/hu\\\/#website\",\"url\":\"https:\\\/\\\/prismagamers.com\\\/hu\\\/\",\"name\":\"Prismagamers\",\"description\":\"Sklep z grami PC I Sklep klucze Steam\",\"publisher\":{\"@id\":\"https:\\\/\\\/prismagamers.com\\\/hu\\\/#organization\"},\"potentialAction\":[{\"@type\":\"SearchAction\",\"target\":{\"@type\":\"EntryPoint\",\"urlTemplate\":\"https:\\\/\\\/prismagamers.com\\\/hu\\\/?s={search_term_string}\"},\"query-input\":{\"@type\":\"PropertyValueSpecification\",\"valueRequired\":true,\"valueName\":\"search_term_string\"}}],\"inLanguage\":\"hu\"},{\"@type\":\"Organization\",\"@id\":\"https:\\\/\\\/prismagamers.com\\\/hu\\\/#organization\",\"name\":\"Prismagamers\",\"url\":\"https:\\\/\\\/prismagamers.com\\\/hu\\\/\",\"logo\":{\"@type\":\"ImageObject\",\"inLanguage\":\"hu\",\"@id\":\"https:\\\/\\\/prismagamers.com\\\/hu\\\/#\\\/schema\\\/logo\\\/image\\\/\",\"url\":\"https:\\\/\\\/prismagamers.com\\\/wp-content\\\/uploads\\\/2022\\\/04\\\/cropped-logo-Prismagamers-01-scaled-1.jpg\",\"contentUrl\":\"https:\\\/\\\/prismagamers.com\\\/wp-content\\\/uploads\\\/2022\\\/04\\\/cropped-logo-Prismagamers-01-scaled-1.jpg\",\"width\":512,\"height\":512,\"caption\":\"Prismagamers\"},\"image\":{\"@id\":\"https:\\\/\\\/prismagamers.com\\\/hu\\\/#\\\/schema\\\/logo\\\/image\\\/\"},\"sameAs\":[\"https:\\\/\\\/www.facebook.com\\\/prismagamers\",\"https:\\\/\\\/www.instagram.com\\\/prismagamers_grycyfrowe\\\/\"],\"description\":\"Prismagamers.com to dynamiczny sklep z grami cyfrowymi, stworzony z my\u015bl\u0105 o entuzjastach gier wideo. Nasza strona oferuje szerok\u0105 gam\u0119 gier komputerowych, w tym najnowsze tytu\u0142y, dobrze znane klasyki oraz gry stworzone przez niezale\u017cne studia Ca\u0142y czas d\u0105\u017cymy do rozszerzenia naszej oferty. Do\u0142\u0105cz do nas i sta\u0144 si\u0119 cz\u0119\u015bci\u0105 naszej rosn\u0105cej spo\u0142eczno\u015bci graczy!\",\"email\":\"shop@prismagamers.com\",\"telephone\":\"48795541705\",\"legalName\":\"East Caravan Maksym \u017bukow\",\"foundingDate\":\"2012-05-10\",\"vatID\":\"PL8943038612\",\"taxID\":\"PL8943038612\",\"numberOfEmployees\":{\"@type\":\"QuantitativeValue\",\"minValue\":\"11\",\"maxValue\":\"50\"}}]}<\/script>\n<!-- \/ Yoast SEO Premium plugin. -->","yoast_head_json":{"title":"Plane Mechanic Simulator - Prismagamers.com","description":"A Plane Mechanic Simulator c\u00edm\u0171 j\u00e1t\u00e9kban a RAF f\u00f6ldi szerel\u0151j\u00e9nek szerep\u00e9be cs\u00f6ppenhetsz az angliai csata kezdet\u00e9n. K\u00fcl\u00f6nf\u00e9le feladatok v\u00e1rnak r\u00e1d, az egyszer\u0171 feladatokt\u00f3l kezdve az olyanokt\u00f3l, mint az \u00fczemanyag-ut\u00e1nt\u00f6lt\u00e9s, a fejlett hajt\u00f3m\u0171jav\u00edt\u00e1sokig \u00e9s a fegyverek kalibr\u00e1l\u00e1s\u00e1ig.  Global Steam Digit\u00e1lis kulcs","robots":{"index":"index","follow":"follow","max-snippet":"max-snippet:-1","max-image-preview":"max-image-preview:large","max-video-preview":"max-video-preview:-1"},"canonical":"https:\/\/prismagamers.com\/hu\/produkt\/plane-mechanic-szimulator\/","og_locale":"hu_HU","og_type":"article","og_title":"Plane Mechanic Simulator","og_description":"A Plane Mechanic Simulator c\u00edm\u0171 j\u00e1t\u00e9kban a RAF f\u00f6ldi szerel\u0151j\u00e9nek szerep\u00e9be cs\u00f6ppenhetsz az angliai csata kezdet\u00e9n. K\u00fcl\u00f6nf\u00e9le feladatok v\u00e1rnak r\u00e1d, az egyszer\u0171 feladatokt\u00f3l kezdve az olyanokt\u00f3l, mint az \u00fczemanyag-ut\u00e1nt\u00f6lt\u00e9s, a fejlett hajt\u00f3m\u0171jav\u00edt\u00e1sokig \u00e9s a fegyverek kalibr\u00e1l\u00e1s\u00e1ig.  Global Steam Digit\u00e1lis kulcs","og_url":"https:\/\/prismagamers.com\/hu\/produkt\/plane-mechanic-szimulator\/","og_site_name":"Prismagamers.com","article_publisher":"https:\/\/www.facebook.com\/prismagamers","article_modified_time":"2026-01-01T23:36:12+00:00","og_image":[{"width":600,"height":855,"url":"https:\/\/prismagamers.com\/wp-content\/uploads\/2023\/07\/boxshot-1.png","type":"image\/png"}],"twitter_card":"summary_large_image","twitter_misc":{"Becs\u00fclt olvas\u00e1si id\u0151":"1 perc"},"schema":{"@context":"https:\/\/schema.org","@graph":[{"@type":"WebPage","@id":"https:\/\/prismagamers.com\/hu\/produkt\/plane-mechanic-szimulator\/","url":"https:\/\/prismagamers.com\/hu\/produkt\/plane-mechanic-szimulator\/","name":"Plane Mechanic Simulator - Prismagamers.com","isPartOf":{"@id":"https:\/\/prismagamers.com\/hu\/#website"},"primaryImageOfPage":{"@id":"https:\/\/prismagamers.com\/hu\/produkt\/plane-mechanic-szimulator\/#primaryimage"},"image":{"@id":"https:\/\/prismagamers.com\/hu\/produkt\/plane-mechanic-szimulator\/#primaryimage"},"thumbnailUrl":"https:\/\/prismagamers.com\/wp-content\/uploads\/2023\/07\/boxshot-1.png","datePublished":"2023-07-27T10:34:20+00:00","dateModified":"2026-01-01T23:36:12+00:00","description":"A Plane Mechanic Simulator c\u00edm\u0171 j\u00e1t\u00e9kban a RAF f\u00f6ldi szerel\u0151j\u00e9nek szerep\u00e9be cs\u00f6ppenhetsz az angliai csata kezdet\u00e9n. K\u00fcl\u00f6nf\u00e9le feladatok v\u00e1rnak r\u00e1d, az egyszer\u0171 feladatokt\u00f3l kezdve az olyanokt\u00f3l, mint az \u00fczemanyag-ut\u00e1nt\u00f6lt\u00e9s, a fejlett hajt\u00f3m\u0171jav\u00edt\u00e1sokig \u00e9s a fegyverek kalibr\u00e1l\u00e1s\u00e1ig. Global Steam Digit\u00e1lis kulcs","breadcrumb":{"@id":"https:\/\/prismagamers.com\/hu\/produkt\/plane-mechanic-szimulator\/#breadcrumb"},"inLanguage":"hu","potentialAction":[{"@type":"ReadAction","target":["https:\/\/prismagamers.com\/hu\/produkt\/plane-mechanic-szimulator\/"]}]},{"@type":"ImageObject","inLanguage":"hu","@id":"https:\/\/prismagamers.com\/hu\/produkt\/plane-mechanic-szimulator\/#primaryimage","url":"https:\/\/prismagamers.com\/wp-content\/uploads\/2023\/07\/boxshot-1.png","contentUrl":"https:\/\/prismagamers.com\/wp-content\/uploads\/2023\/07\/boxshot-1.png","width":600,"height":855},{"@type":"BreadcrumbList","@id":"https:\/\/prismagamers.com\/hu\/produkt\/plane-mechanic-szimulator\/#breadcrumb","itemListElement":[{"@type":"ListItem","position":1,"name":"Strona g\u0142\u00f3wna","item":"https:\/\/prismagamers.com\/hu\/prismagamers\/"},{"@type":"ListItem","position":2,"name":"Shop","item":"https:\/\/prismagamers.com\/hu\/shop\/"},{"@type":"ListItem","position":3,"name":"Plane Mechanic Simulator"}]},{"@type":"WebSite","@id":"https:\/\/prismagamers.com\/hu\/#website","url":"https:\/\/prismagamers.com\/hu\/","name":"Prismagamers","description":"Sklep z grami PC I Sklep klucze Steam","publisher":{"@id":"https:\/\/prismagamers.com\/hu\/#organization"},"potentialAction":[{"@type":"SearchAction","target":{"@type":"EntryPoint","urlTemplate":"https:\/\/prismagamers.com\/hu\/?s={search_term_string}"},"query-input":{"@type":"PropertyValueSpecification","valueRequired":true,"valueName":"search_term_string"}}],"inLanguage":"hu"},{"@type":"Organization","@id":"https:\/\/prismagamers.com\/hu\/#organization","name":"Prismagamers","url":"https:\/\/prismagamers.com\/hu\/","logo":{"@type":"ImageObject","inLanguage":"hu","@id":"https:\/\/prismagamers.com\/hu\/#\/schema\/logo\/image\/","url":"https:\/\/prismagamers.com\/wp-content\/uploads\/2022\/04\/cropped-logo-Prismagamers-01-scaled-1.jpg","contentUrl":"https:\/\/prismagamers.com\/wp-content\/uploads\/2022\/04\/cropped-logo-Prismagamers-01-scaled-1.jpg","width":512,"height":512,"caption":"Prismagamers"},"image":{"@id":"https:\/\/prismagamers.com\/hu\/#\/schema\/logo\/image\/"},"sameAs":["https:\/\/www.facebook.com\/prismagamers","https:\/\/www.instagram.com\/prismagamers_grycyfrowe\/"],"description":"Prismagamers.com to dynamiczny sklep z grami cyfrowymi, stworzony z my\u015bl\u0105 o entuzjastach gier wideo. Nasza strona oferuje szerok\u0105 gam\u0119 gier komputerowych, w tym najnowsze tytu\u0142y, dobrze znane klasyki oraz gry stworzone przez niezale\u017cne studia Ca\u0142y czas d\u0105\u017cymy do rozszerzenia naszej oferty. Do\u0142\u0105cz do nas i sta\u0144 si\u0119 cz\u0119\u015bci\u0105 naszej rosn\u0105cej spo\u0142eczno\u015bci graczy!","email":"shop@prismagamers.com","telephone":"48795541705","legalName":"East Caravan Maksym \u017bukow","foundingDate":"2012-05-10","vatID":"PL8943038612","taxID":"PL8943038612","numberOfEmployees":{"@type":"QuantitativeValue","minValue":"11","maxValue":"50"}}]}},"_links":{"self":[{"href":"https:\/\/prismagamers.com\/hu\/wp-json\/wp\/v2\/product\/38875","targetHints":{"allow":["GET"]}}],"collection":[{"href":"https:\/\/prismagamers.com\/hu\/wp-json\/wp\/v2\/product"}],"about":[{"href":"https:\/\/prismagamers.com\/hu\/wp-json\/wp\/v2\/types\/product"}],"wp:featuredmedia":[{"embeddable":true,"href":"https:\/\/prismagamers.com\/hu\/wp-json\/wp\/v2\/media\/25785"}],"wp:attachment":[{"href":"https:\/\/prismagamers.com\/hu\/wp-json\/wp\/v2\/media?parent=38875"}],"wp:term":[{"taxonomy":"product_brand","embeddable":true,"href":"https:\/\/prismagamers.com\/hu\/wp-json\/wp\/v2\/product_brand?post=38875"},{"taxonomy":"product_cat","embeddable":true,"href":"https:\/\/prismagamers.com\/hu\/wp-json\/wp\/v2\/product_cat?post=38875"},{"taxonomy":"product_tag","embeddable":true,"href":"https:\/\/prismagamers.com\/hu\/wp-json\/wp\/v2\/product_tag?post=38875"}],"curies":[{"name":"wp","href":"https:\/\/api.w.org\/{rel}","templated":true}]}}