{"id":38903,"date":"2025-06-08T23:05:43","date_gmt":"2025-06-08T21:05:43","guid":{"rendered":"https:\/\/prismagamers.com\/produkt\/halaszat-eszak-atlanti-ocean-fesukagylo-bovites\/"},"modified":"2026-03-05T00:00:43","modified_gmt":"2026-03-04T23:00:43","slug":"halaszat-eszak-atlanti-ocean-fesukagylo-bovites","status":"publish","type":"product","link":"https:\/\/prismagamers.com\/hu\/produkt\/halaszat-eszak-atlanti-ocean-fesukagylo-bovites\/","title":{"rendered":"Fishing: North Atlantic &#8211; Scallops Expansion"},"content":{"rendered":"<p data-start=\"111\" data-end=\"185\"><strong data-start=\"111\" data-end=\"185\">Horg\u00e1szat: \u00c9szak-atlanti hal\u00e1szat &#8211; \u00daj DLC: Sk\u00f3ciai f\u00e9s\u0171kagyl\u00f3hal\u00e1szat: F\u00e9s\u0171kagyl\u00f3hal\u00e1szat \u00daj-Sk\u00f3ci\u00e1ban<\/strong><\/p>\n<p data-start=\"187\" data-end=\"496\">Ismerje meg a <em data-start=\"222\" data-end=\"247\">Fishing: North Atlantic<\/em> egy izgalmas \u00faj funkci\u00f3j\u00e1t &#8211; a f\u00e9s\u0171kagyl\u00f3hal\u00e1szatot! A gazdag tonhal-, hom\u00e1r- \u00e9s kardhalhal\u00e1szat\u00e1r\u00f3l h\u00edres \u00daj-Sk\u00f3cia a f\u00e9s\u0171kagyl\u00f3hal\u00e1szat egyik vezet\u0151 k\u00f6zpontja is. Az \u00faj DLC r\u00e9szek\u00e9nt a j\u00e1t\u00e9kosok kipr\u00f3b\u00e1lhatj\u00e1k magukat ebben az izgalmas \u00e9s kih\u00edv\u00e1sokkal teli feladatban!<\/p>\n<p data-start=\"498\" data-end=\"546\"><strong data-start=\"498\" data-end=\"546\">\u00daj minij\u00e1t\u00e9kok \u00e9s a f\u00e9s\u0171kagyl\u00f3 hal\u00e1szat mechanik\u00e1ja<\/strong><\/p>\n<p data-start=\"548\" data-end=\"1028\">A Scallop <em data-start=\"554\" data-end=\"574\">Fishing<\/em> DLC-ben teljesen \u00faj kih\u00edv\u00e1sok v\u00e1rnak r\u00e1d. Keresd meg a legjobb f\u00e9s\u0171kagyl\u00f3-hal\u00e1szhelyeket, \u00e9s \u00e9lj \u00e1t egy izgalmas kalandot \u00faj minij\u00e1t\u00e9kokkal. Ir\u00e1ny\u00edtsd a darukat a kotr\u00f3h\u00e1l\u00f3k el\u0151k\u00e9sz\u00edt\u00e9s\u00e9hez, kidob\u00e1s\u00e1hoz \u00e9s ki\u00fcr\u00edt\u00e9s\u00e9hez, a t\u00e1rcs\u00e1kat pedig a h\u00e1l\u00f3knak az \u00f3ce\u00e1n fenek\u00e9re val\u00f3 leereszt\u00e9s\u00e9hez \u00e9s visszah\u00faz\u00e1s\u00e1hoz. V\u00e1logasd gondosan a f\u00e9s\u0171kagyl\u00f3kat, majd tiszt\u00edtsd meg \u0151ket, hogy el\u0151k\u00e9sz\u00edtsd \u0151ket a kik\u00f6t\u0151i elad\u00e1sra. K\u00e9sz\u00edtsd el saj\u00e1t hal\u00e1szati terveidet, \u00e9s l\u00e9gy f\u00e9s\u0171kagyl\u00f3mester!<\/p>\n<p data-start=\"1030\" data-end=\"1066\"><strong data-start=\"1030\" data-end=\"1066\">\u00daj haj\u00f3k \u00e9s licencpartner<\/strong><\/p>\n<p data-start=\"1068\" data-end=\"1374\">A DLC <strong data-start=\"1079\" data-end=\"1096\">3 \u00faj haj\u00f3val<\/strong> b\u0151v\u00fcl, amelyek a kis vintage st\u00edlus\u00fa haj\u00f3kt\u00f3l a nagy teljes\u00edtm\u00e9ny\u0171 v\u00e1g\u00f3haj\u00f3kig terjednek. A <em data-start=\"1188\" data-end=\"1213\">Fishing: North Atlantic<\/em> emellett \u00faj <strong data-start=\"1229\" data-end=\"1294\">licencpartnert<\/strong> is kap <strong data-start=\"1229\" data-end=\"1294\">az Egyes\u00fclt \u00c1llamok hal\u00e1szflott\u00e1j\u00e1t\u00f3l<\/strong>, ami \u00faj hal\u00e1szati lehet\u0151s\u00e9geket \u00e9s \u00faj f\u00e9s\u0171kagyl\u00f3-hal\u00e1szati technol\u00f3gi\u00e1t hoz.<\/p>\n<p data-start=\"1376\" data-end=\"1404\"><strong data-start=\"1376\" data-end=\"1403\">\u00daj elemek \u00e9s funkci\u00f3k<\/strong>:<\/p>\n<ul data-start=\"1406\" data-end=\"1788\">\n<li data-start=\"1406\" data-end=\"1469\">\n<p data-start=\"1408\" data-end=\"1469\"><strong data-start=\"1408\" data-end=\"1425\">3 \u00faj haj\u00f3<\/strong> &#8211; a vintage st\u00edlus\u00fa haj\u00f3kt\u00f3l a nagy teljes\u00edtm\u00e9ny\u0171 v\u00e1g\u00f3haj\u00f3kig<\/p>\n<\/li>\n<li data-start=\"1470\" data-end=\"1521\">\n<p data-start=\"1472\" data-end=\"1521\"><strong data-start=\"1472\" data-end=\"1499\">\u00daj enged\u00e9lyez\u0151 partner<\/strong> &#8211; amerikai hal\u00e1szflotta<\/p>\n<\/li>\n<li data-start=\"1522\" data-end=\"1617\">\n<p data-start=\"1524\" data-end=\"1617\"><strong data-start=\"1524\" data-end=\"1557\">F\u00e9s\u0171kagyl\u00f3-hal\u00e1szat mechanik\u00e1ja<\/strong> &#8211; daru vez\u00e9rl\u00e9se, kotr\u00f3h\u00e1l\u00f3 ki\u00f6nt\u00e9se \u00e9s \u00fcr\u00edt\u00e9se<\/p>\n<\/li>\n<li data-start=\"1618\" data-end=\"1697\">\n<p data-start=\"1620\" data-end=\"1697\"><strong data-start=\"1620\" data-end=\"1662\">F\u00e9s\u0171kagyl\u00f3k v\u00e1logat\u00e1sa \u00e9s tiszt\u00edt\u00e1sa<\/strong> &#8211; h\u00fas el\u0151k\u00e9sz\u00edt\u00e9se \u00e9rt\u00e9kes\u00edt\u00e9sre<\/p>\n<\/li>\n<li data-start=\"1698\" data-end=\"1788\">\n<p data-start=\"1700\" data-end=\"1788\"><strong data-start=\"1700\" data-end=\"1735\">Dinamikus f\u00e9s\u0171kagyl\u00f3hal\u00e1szat<\/strong> &#8211; tal\u00e1lja meg a legjobb horg\u00e1szhelyeket \u00daj-Sk\u00f3ci\u00e1ban<\/p>\n<\/li>\n<\/ul>\n<p><strong>A kieg\u00e9sz\u00edt\u0151h\u00f6z a j\u00e1t\u00e9k alapverzi\u00f3ja sz\u00fcks\u00e9ges: <a href=\"https:\/\/prismagamers.com\/hu\/produkt\/halaszat-eszak-atlanti-halaszat\/\">Fishing: North Atlantic<\/a><\/strong><\/p>\n","protected":false},"excerpt":{"rendered":"<p>Horg\u00e1szat: \u00c9szak-atlanti hal\u00e1szat &#8211; \u00daj DLC: Sk\u00f3ciai f\u00e9s\u0171kagyl\u00f3hal\u00e1szat: F\u00e9s\u0171kagyl\u00f3hal\u00e1szat \u00daj-Sk\u00f3ci\u00e1ban Ismerje meg a Fishing: North Atlantic egy izgalmas \u00faj funkci\u00f3j\u00e1t &#8211; a f\u00e9s\u0171kagyl\u00f3hal\u00e1szatot! A gazdag tonhal-, hom\u00e1r- \u00e9s kardhalhal\u00e1szat\u00e1r\u00f3l h\u00edres \u00daj-Sk\u00f3cia a f\u00e9s\u0171kagyl\u00f3hal\u00e1szat egyik vezet\u0151 k\u00f6zpontja is. Az \u00faj DLC r\u00e9szek\u00e9nt a j\u00e1t\u00e9kosok kipr\u00f3b\u00e1lhatj\u00e1k magukat ebben az izgalmas \u00e9s kih\u00edv\u00e1sokkal teli feladatban! \u00daj minij\u00e1t\u00e9kok \u00e9s [&hellip;]<\/p>\n","protected":false},"featured_media":38884,"template":"","meta":{"_acf_changed":false,"site-sidebar-layout":"default","site-content-layout":"","ast-site-content-layout":"default","site-content-style":"default","site-sidebar-style":"default","ast-global-header-display":"","ast-banner-title-visibility":"","ast-main-header-display":"","ast-hfb-above-header-display":"","ast-hfb-below-header-display":"","ast-hfb-mobile-header-display":"","site-post-title":"","ast-breadcrumbs-content":"","ast-featured-img":"","footer-sml-layout":"","ast-disable-related-posts":"","theme-transparent-header-meta":"default","adv-header-id-meta":"","stick-header-meta":"","header-above-stick-meta":"","header-main-stick-meta":"","header-below-stick-meta":"","astra-migrate-meta-layouts":"set","ast-page-background-enabled":"default","ast-page-background-meta":{"desktop":{"background-color":"var(--ast-global-color-4)","background-image":"","background-repeat":"repeat","background-position":"center center","background-size":"auto","background-attachment":"scroll","background-type":"","background-media":"","overlay-type":"","overlay-color":"","overlay-opacity":"","overlay-gradient":""},"tablet":{"background-color":"","background-image":"","background-repeat":"repeat","background-position":"center center","background-size":"auto","background-attachment":"scroll","background-type":"","background-media":"","overlay-type":"","overlay-color":"","overlay-opacity":"","overlay-gradient":""},"mobile":{"background-color":"","background-image":"","background-repeat":"repeat","background-position":"center center","background-size":"auto","background-attachment":"scroll","background-type":"","background-media":"","overlay-type":"","overlay-color":"","overlay-opacity":"","overlay-gradient":""}},"ast-content-background-meta":{"desktop":{"background-color":"var(--ast-global-color-5)","background-image":"","background-repeat":"repeat","background-position":"center center","background-size":"auto","background-attachment":"scroll","background-type":"","background-media":"","overlay-type":"","overlay-color":"","overlay-opacity":"","overlay-gradient":""},"tablet":{"background-color":"var(--ast-global-color-5)","background-image":"","background-repeat":"repeat","background-position":"center center","background-size":"auto","background-attachment":"scroll","background-type":"","background-media":"","overlay-type":"","overlay-color":"","overlay-opacity":"","overlay-gradient":""},"mobile":{"background-color":"var(--ast-global-color-5)","background-image":"","background-repeat":"repeat","background-position":"center center","background-size":"auto","background-attachment":"scroll","background-type":"","background-media":"","overlay-type":"","overlay-color":"","overlay-opacity":"","overlay-gradient":""}}},"product_brand":[],"product_cat":[369,368,594,365,372],"product_tag":[],"class_list":{"0":"post-38903","1":"product","2":"type-product","3":"status-publish","4":"has-post-thumbnail","6":"product_cat-csarnokok","7":"product_cat-dlc-hu","8":"product_cat-egyeb-jatekok","9":"product_cat-goz","10":"product_cat-jatekok-szimulatorok","11":"desktop-align-left","12":"tablet-align-left","13":"mobile-align-left","15":"first","16":"instock","17":"virtual","18":"purchasable","19":"product-type-simple"},"acf":[],"yoast_head":"<!-- This site is optimized with the Yoast SEO Premium plugin v27.4 (Yoast SEO v27.4) - https:\/\/yoast.com\/product\/yoast-seo-premium-wordpress\/ -->\n<title>Fishing: North Atlantic - Scallops Expansion - Prismagamers.com<\/title>\n<meta name=\"description\" content=\"Horg\u00e1szat: \u00c9szak-atlanti hal\u00e1szat - \u00daj DLC: Sk\u00f3ciai f\u00e9s\u0171kagyl\u00f3hal\u00e1szat: F\u00e9s\u0171kagyl\u00f3hal\u00e1szat \u00daj-Sk\u00f3ci\u00e1ban Ismerje meg a Fishing: North Atlantic egy izgalmas\" \/>\n<meta name=\"robots\" content=\"index, follow, max-snippet:-1, max-image-preview:large, max-video-preview:-1\" \/>\n<link rel=\"canonical\" href=\"https:\/\/prismagamers.com\/hu\/produkt\/halaszat-eszak-atlanti-ocean-fesukagylo-bovites\/\" \/>\n<meta property=\"og:locale\" content=\"hu_HU\" \/>\n<meta property=\"og:type\" content=\"article\" \/>\n<meta property=\"og:title\" content=\"Fishing: North Atlantic - Scallops Expansion\" \/>\n<meta property=\"og:description\" content=\"Horg\u00e1szat: \u00c9szak-atlanti hal\u00e1szat - \u00daj DLC: Sk\u00f3ciai f\u00e9s\u0171kagyl\u00f3hal\u00e1szat: F\u00e9s\u0171kagyl\u00f3hal\u00e1szat \u00daj-Sk\u00f3ci\u00e1ban Ismerje meg a Fishing: North Atlantic egy izgalmas\" \/>\n<meta property=\"og:url\" content=\"https:\/\/prismagamers.com\/hu\/produkt\/halaszat-eszak-atlanti-ocean-fesukagylo-bovites\/\" \/>\n<meta property=\"og:site_name\" content=\"Prismagamers.com\" \/>\n<meta property=\"article:publisher\" content=\"https:\/\/www.facebook.com\/prismagamers\" \/>\n<meta property=\"article:modified_time\" content=\"2026-03-04T23:00:43+00:00\" \/>\n<meta property=\"og:image\" content=\"https:\/\/prismagamers.com\/wp-content\/uploads\/2025\/06\/Fishing-north-atlantic-e1749415631721.jpeg\" \/>\n\t<meta property=\"og:image:width\" content=\"700\" \/>\n\t<meta property=\"og:image:height\" content=\"1011\" \/>\n\t<meta property=\"og:image:type\" content=\"image\/jpeg\" \/>\n<meta name=\"twitter:card\" content=\"summary_large_image\" \/>\n<meta name=\"twitter:label1\" content=\"Becs\u00fclt olvas\u00e1si id\u0151\" \/>\n\t<meta name=\"twitter:data1\" content=\"2 perc\" \/>\n<script type=\"application\/ld+json\" class=\"yoast-schema-graph\">{\"@context\":\"https:\\\/\\\/schema.org\",\"@graph\":[{\"@type\":\"WebPage\",\"@id\":\"https:\\\/\\\/prismagamers.com\\\/hu\\\/produkt\\\/halaszat-eszak-atlanti-ocean-fesukagylo-bovites\\\/\",\"url\":\"https:\\\/\\\/prismagamers.com\\\/hu\\\/produkt\\\/halaszat-eszak-atlanti-ocean-fesukagylo-bovites\\\/\",\"name\":\"Fishing: North Atlantic - Scallops Expansion - Prismagamers.com\",\"isPartOf\":{\"@id\":\"https:\\\/\\\/prismagamers.com\\\/hu\\\/#website\"},\"primaryImageOfPage\":{\"@id\":\"https:\\\/\\\/prismagamers.com\\\/hu\\\/produkt\\\/halaszat-eszak-atlanti-ocean-fesukagylo-bovites\\\/#primaryimage\"},\"image\":{\"@id\":\"https:\\\/\\\/prismagamers.com\\\/hu\\\/produkt\\\/halaszat-eszak-atlanti-ocean-fesukagylo-bovites\\\/#primaryimage\"},\"thumbnailUrl\":\"https:\\\/\\\/prismagamers.com\\\/wp-content\\\/uploads\\\/2025\\\/06\\\/Fishing-north-atlantic-e1749415631721.jpeg\",\"datePublished\":\"2025-06-08T21:05:43+00:00\",\"dateModified\":\"2026-03-04T23:00:43+00:00\",\"description\":\"Horg\u00e1szat: \u00c9szak-atlanti hal\u00e1szat - \u00daj DLC: Sk\u00f3ciai f\u00e9s\u0171kagyl\u00f3hal\u00e1szat: F\u00e9s\u0171kagyl\u00f3hal\u00e1szat \u00daj-Sk\u00f3ci\u00e1ban Ismerje meg a Fishing: North Atlantic egy izgalmas\",\"breadcrumb\":{\"@id\":\"https:\\\/\\\/prismagamers.com\\\/hu\\\/produkt\\\/halaszat-eszak-atlanti-ocean-fesukagylo-bovites\\\/#breadcrumb\"},\"inLanguage\":\"hu\",\"potentialAction\":[{\"@type\":\"ReadAction\",\"target\":[\"https:\\\/\\\/prismagamers.com\\\/hu\\\/produkt\\\/halaszat-eszak-atlanti-ocean-fesukagylo-bovites\\\/\"]}]},{\"@type\":\"ImageObject\",\"inLanguage\":\"hu\",\"@id\":\"https:\\\/\\\/prismagamers.com\\\/hu\\\/produkt\\\/halaszat-eszak-atlanti-ocean-fesukagylo-bovites\\\/#primaryimage\",\"url\":\"https:\\\/\\\/prismagamers.com\\\/wp-content\\\/uploads\\\/2025\\\/06\\\/Fishing-north-atlantic-e1749415631721.jpeg\",\"contentUrl\":\"https:\\\/\\\/prismagamers.com\\\/wp-content\\\/uploads\\\/2025\\\/06\\\/Fishing-north-atlantic-e1749415631721.jpeg\",\"width\":700,\"height\":1011},{\"@type\":\"BreadcrumbList\",\"@id\":\"https:\\\/\\\/prismagamers.com\\\/hu\\\/produkt\\\/halaszat-eszak-atlanti-ocean-fesukagylo-bovites\\\/#breadcrumb\",\"itemListElement\":[{\"@type\":\"ListItem\",\"position\":1,\"name\":\"Strona g\u0142\u00f3wna\",\"item\":\"https:\\\/\\\/prismagamers.com\\\/hu\\\/prismagamers\\\/\"},{\"@type\":\"ListItem\",\"position\":2,\"name\":\"Shop\",\"item\":\"https:\\\/\\\/prismagamers.com\\\/hu\\\/shop\\\/\"},{\"@type\":\"ListItem\",\"position\":3,\"name\":\"Fishing: North Atlantic &#8211; Scallops Expansion\"}]},{\"@type\":\"WebSite\",\"@id\":\"https:\\\/\\\/prismagamers.com\\\/hu\\\/#website\",\"url\":\"https:\\\/\\\/prismagamers.com\\\/hu\\\/\",\"name\":\"Prismagamers\",\"description\":\"Sklep z grami PC I Sklep klucze Steam\",\"publisher\":{\"@id\":\"https:\\\/\\\/prismagamers.com\\\/hu\\\/#organization\"},\"potentialAction\":[{\"@type\":\"SearchAction\",\"target\":{\"@type\":\"EntryPoint\",\"urlTemplate\":\"https:\\\/\\\/prismagamers.com\\\/hu\\\/?s={search_term_string}\"},\"query-input\":{\"@type\":\"PropertyValueSpecification\",\"valueRequired\":true,\"valueName\":\"search_term_string\"}}],\"inLanguage\":\"hu\"},{\"@type\":\"Organization\",\"@id\":\"https:\\\/\\\/prismagamers.com\\\/hu\\\/#organization\",\"name\":\"Prismagamers\",\"url\":\"https:\\\/\\\/prismagamers.com\\\/hu\\\/\",\"logo\":{\"@type\":\"ImageObject\",\"inLanguage\":\"hu\",\"@id\":\"https:\\\/\\\/prismagamers.com\\\/hu\\\/#\\\/schema\\\/logo\\\/image\\\/\",\"url\":\"https:\\\/\\\/prismagamers.com\\\/wp-content\\\/uploads\\\/2022\\\/04\\\/cropped-logo-Prismagamers-01-scaled-1.jpg\",\"contentUrl\":\"https:\\\/\\\/prismagamers.com\\\/wp-content\\\/uploads\\\/2022\\\/04\\\/cropped-logo-Prismagamers-01-scaled-1.jpg\",\"width\":512,\"height\":512,\"caption\":\"Prismagamers\"},\"image\":{\"@id\":\"https:\\\/\\\/prismagamers.com\\\/hu\\\/#\\\/schema\\\/logo\\\/image\\\/\"},\"sameAs\":[\"https:\\\/\\\/www.facebook.com\\\/prismagamers\",\"https:\\\/\\\/www.instagram.com\\\/prismagamers_grycyfrowe\\\/\"],\"description\":\"Prismagamers.com to dynamiczny sklep z grami cyfrowymi, stworzony z my\u015bl\u0105 o entuzjastach gier wideo. Nasza strona oferuje szerok\u0105 gam\u0119 gier komputerowych, w tym najnowsze tytu\u0142y, dobrze znane klasyki oraz gry stworzone przez niezale\u017cne studia Ca\u0142y czas d\u0105\u017cymy do rozszerzenia naszej oferty. Do\u0142\u0105cz do nas i sta\u0144 si\u0119 cz\u0119\u015bci\u0105 naszej rosn\u0105cej spo\u0142eczno\u015bci graczy!\",\"email\":\"shop@prismagamers.com\",\"telephone\":\"48795541705\",\"legalName\":\"East Caravan Maksym \u017bukow\",\"foundingDate\":\"2012-05-10\",\"vatID\":\"PL8943038612\",\"taxID\":\"PL8943038612\",\"numberOfEmployees\":{\"@type\":\"QuantitativeValue\",\"minValue\":\"11\",\"maxValue\":\"50\"}}]}<\/script>\n<!-- \/ Yoast SEO Premium plugin. -->","yoast_head_json":{"title":"Fishing: North Atlantic - Scallops Expansion - Prismagamers.com","description":"Horg\u00e1szat: \u00c9szak-atlanti hal\u00e1szat - \u00daj DLC: Sk\u00f3ciai f\u00e9s\u0171kagyl\u00f3hal\u00e1szat: F\u00e9s\u0171kagyl\u00f3hal\u00e1szat \u00daj-Sk\u00f3ci\u00e1ban Ismerje meg a Fishing: North Atlantic egy izgalmas","robots":{"index":"index","follow":"follow","max-snippet":"max-snippet:-1","max-image-preview":"max-image-preview:large","max-video-preview":"max-video-preview:-1"},"canonical":"https:\/\/prismagamers.com\/hu\/produkt\/halaszat-eszak-atlanti-ocean-fesukagylo-bovites\/","og_locale":"hu_HU","og_type":"article","og_title":"Fishing: North Atlantic - Scallops Expansion","og_description":"Horg\u00e1szat: \u00c9szak-atlanti hal\u00e1szat - \u00daj DLC: Sk\u00f3ciai f\u00e9s\u0171kagyl\u00f3hal\u00e1szat: F\u00e9s\u0171kagyl\u00f3hal\u00e1szat \u00daj-Sk\u00f3ci\u00e1ban Ismerje meg a Fishing: North Atlantic egy izgalmas","og_url":"https:\/\/prismagamers.com\/hu\/produkt\/halaszat-eszak-atlanti-ocean-fesukagylo-bovites\/","og_site_name":"Prismagamers.com","article_publisher":"https:\/\/www.facebook.com\/prismagamers","article_modified_time":"2026-03-04T23:00:43+00:00","og_image":[{"width":700,"height":1011,"url":"https:\/\/prismagamers.com\/wp-content\/uploads\/2025\/06\/Fishing-north-atlantic-e1749415631721.jpeg","type":"image\/jpeg"}],"twitter_card":"summary_large_image","twitter_misc":{"Becs\u00fclt olvas\u00e1si id\u0151":"2 perc"},"schema":{"@context":"https:\/\/schema.org","@graph":[{"@type":"WebPage","@id":"https:\/\/prismagamers.com\/hu\/produkt\/halaszat-eszak-atlanti-ocean-fesukagylo-bovites\/","url":"https:\/\/prismagamers.com\/hu\/produkt\/halaszat-eszak-atlanti-ocean-fesukagylo-bovites\/","name":"Fishing: North Atlantic - Scallops Expansion - Prismagamers.com","isPartOf":{"@id":"https:\/\/prismagamers.com\/hu\/#website"},"primaryImageOfPage":{"@id":"https:\/\/prismagamers.com\/hu\/produkt\/halaszat-eszak-atlanti-ocean-fesukagylo-bovites\/#primaryimage"},"image":{"@id":"https:\/\/prismagamers.com\/hu\/produkt\/halaszat-eszak-atlanti-ocean-fesukagylo-bovites\/#primaryimage"},"thumbnailUrl":"https:\/\/prismagamers.com\/wp-content\/uploads\/2025\/06\/Fishing-north-atlantic-e1749415631721.jpeg","datePublished":"2025-06-08T21:05:43+00:00","dateModified":"2026-03-04T23:00:43+00:00","description":"Horg\u00e1szat: \u00c9szak-atlanti hal\u00e1szat - \u00daj DLC: Sk\u00f3ciai f\u00e9s\u0171kagyl\u00f3hal\u00e1szat: F\u00e9s\u0171kagyl\u00f3hal\u00e1szat \u00daj-Sk\u00f3ci\u00e1ban Ismerje meg a Fishing: North Atlantic egy izgalmas","breadcrumb":{"@id":"https:\/\/prismagamers.com\/hu\/produkt\/halaszat-eszak-atlanti-ocean-fesukagylo-bovites\/#breadcrumb"},"inLanguage":"hu","potentialAction":[{"@type":"ReadAction","target":["https:\/\/prismagamers.com\/hu\/produkt\/halaszat-eszak-atlanti-ocean-fesukagylo-bovites\/"]}]},{"@type":"ImageObject","inLanguage":"hu","@id":"https:\/\/prismagamers.com\/hu\/produkt\/halaszat-eszak-atlanti-ocean-fesukagylo-bovites\/#primaryimage","url":"https:\/\/prismagamers.com\/wp-content\/uploads\/2025\/06\/Fishing-north-atlantic-e1749415631721.jpeg","contentUrl":"https:\/\/prismagamers.com\/wp-content\/uploads\/2025\/06\/Fishing-north-atlantic-e1749415631721.jpeg","width":700,"height":1011},{"@type":"BreadcrumbList","@id":"https:\/\/prismagamers.com\/hu\/produkt\/halaszat-eszak-atlanti-ocean-fesukagylo-bovites\/#breadcrumb","itemListElement":[{"@type":"ListItem","position":1,"name":"Strona g\u0142\u00f3wna","item":"https:\/\/prismagamers.com\/hu\/prismagamers\/"},{"@type":"ListItem","position":2,"name":"Shop","item":"https:\/\/prismagamers.com\/hu\/shop\/"},{"@type":"ListItem","position":3,"name":"Fishing: North Atlantic &#8211; Scallops Expansion"}]},{"@type":"WebSite","@id":"https:\/\/prismagamers.com\/hu\/#website","url":"https:\/\/prismagamers.com\/hu\/","name":"Prismagamers","description":"Sklep z grami PC I Sklep klucze Steam","publisher":{"@id":"https:\/\/prismagamers.com\/hu\/#organization"},"potentialAction":[{"@type":"SearchAction","target":{"@type":"EntryPoint","urlTemplate":"https:\/\/prismagamers.com\/hu\/?s={search_term_string}"},"query-input":{"@type":"PropertyValueSpecification","valueRequired":true,"valueName":"search_term_string"}}],"inLanguage":"hu"},{"@type":"Organization","@id":"https:\/\/prismagamers.com\/hu\/#organization","name":"Prismagamers","url":"https:\/\/prismagamers.com\/hu\/","logo":{"@type":"ImageObject","inLanguage":"hu","@id":"https:\/\/prismagamers.com\/hu\/#\/schema\/logo\/image\/","url":"https:\/\/prismagamers.com\/wp-content\/uploads\/2022\/04\/cropped-logo-Prismagamers-01-scaled-1.jpg","contentUrl":"https:\/\/prismagamers.com\/wp-content\/uploads\/2022\/04\/cropped-logo-Prismagamers-01-scaled-1.jpg","width":512,"height":512,"caption":"Prismagamers"},"image":{"@id":"https:\/\/prismagamers.com\/hu\/#\/schema\/logo\/image\/"},"sameAs":["https:\/\/www.facebook.com\/prismagamers","https:\/\/www.instagram.com\/prismagamers_grycyfrowe\/"],"description":"Prismagamers.com to dynamiczny sklep z grami cyfrowymi, stworzony z my\u015bl\u0105 o entuzjastach gier wideo. Nasza strona oferuje szerok\u0105 gam\u0119 gier komputerowych, w tym najnowsze tytu\u0142y, dobrze znane klasyki oraz gry stworzone przez niezale\u017cne studia Ca\u0142y czas d\u0105\u017cymy do rozszerzenia naszej oferty. Do\u0142\u0105cz do nas i sta\u0144 si\u0119 cz\u0119\u015bci\u0105 naszej rosn\u0105cej spo\u0142eczno\u015bci graczy!","email":"shop@prismagamers.com","telephone":"48795541705","legalName":"East Caravan Maksym \u017bukow","foundingDate":"2012-05-10","vatID":"PL8943038612","taxID":"PL8943038612","numberOfEmployees":{"@type":"QuantitativeValue","minValue":"11","maxValue":"50"}}]}},"_links":{"self":[{"href":"https:\/\/prismagamers.com\/hu\/wp-json\/wp\/v2\/product\/38903","targetHints":{"allow":["GET"]}}],"collection":[{"href":"https:\/\/prismagamers.com\/hu\/wp-json\/wp\/v2\/product"}],"about":[{"href":"https:\/\/prismagamers.com\/hu\/wp-json\/wp\/v2\/types\/product"}],"wp:featuredmedia":[{"embeddable":true,"href":"https:\/\/prismagamers.com\/hu\/wp-json\/wp\/v2\/media\/38884"}],"wp:attachment":[{"href":"https:\/\/prismagamers.com\/hu\/wp-json\/wp\/v2\/media?parent=38903"}],"wp:term":[{"taxonomy":"product_brand","embeddable":true,"href":"https:\/\/prismagamers.com\/hu\/wp-json\/wp\/v2\/product_brand?post=38903"},{"taxonomy":"product_cat","embeddable":true,"href":"https:\/\/prismagamers.com\/hu\/wp-json\/wp\/v2\/product_cat?post=38903"},{"taxonomy":"product_tag","embeddable":true,"href":"https:\/\/prismagamers.com\/hu\/wp-json\/wp\/v2\/product_tag?post=38903"}],"curies":[{"name":"wp","href":"https:\/\/api.w.org\/{rel}","templated":true}]}}