{"id":38912,"date":"2024-12-13T15:41:17","date_gmt":"2024-12-13T14:41:17","guid":{"rendered":"https:\/\/prismagamers.com\/produkt\/pathfinder-az-igazak-haragja-a-semmi-ura\/"},"modified":"2026-03-05T00:00:41","modified_gmt":"2026-03-04T23:00:41","slug":"pathfinder-az-igazak-haragja-a-semmi-ura","status":"publish","type":"product","link":"https:\/\/prismagamers.com\/hu\/produkt\/pathfinder-az-igazak-haragja-a-semmi-ura\/","title":{"rendered":"Pathfinder: Az igazak haragja &#8211; A semmi ura"},"content":{"rendered":"<p><strong>A Lord of Nothingness<\/strong> a <em>Pathfinder: Wrath of the Righteous<\/em> \u00f6t\u00f6dik fizet\u0151s DLC-je, amely a m\u00e1sodik DLC, a <em>Through the Ashes<\/em> t\u00f6rt\u00e9net\u00e9t fejezi be. Fedezz fel \u00faj \u00e9s egyedi helysz\u00edneket, k\u00f6ss bar\u00e1ts\u00e1gokat \u00e9s sz\u00e1llj szembe egy hatalmas d\u00e9mon\u00farral, hogy Sendri \u00e9s Rekarth t\u00f6rt\u00e9nete el\u00e9rje a v\u00e1rva v\u00e1rt fin\u00e1l\u00e9t. A karakterek sorsa \u00e9s a kaland befejez\u00e9se teljesen rajtad m\u00falik &#8211; r\u00e1ad\u00e1sul t\u00f6bb mint \u00f6t egyedi befejez\u00e9ssel.  <\/p>\n<p>A <em>Lord of Nothing<\/em> DLC-ben t\u00fal\u00e9lhetsz a fagyos vadonban, felfedezheted egy titokzatos var\u00e1zsl\u00f3torony titkait, seg\u00edthetsz a kellid\u00f6knek a ny\u00fczsg\u0151 barlangokban, \u00e9s m\u00e9g az \u00c1rny\u00e9ks\u00edkokba is elmer\u00fclhetsz! De nem leszel egyed\u00fcl: egy tragikus m\u00falt\u00fa angyal, Sarenrae \u00e9s egy leny\u0171g\u00f6z\u0151 \u00faj android is elk\u00eds\u00e9r majd utadon. R\u00e1ad\u00e1sul a parancsnokod sem marad ki &#8211; az alapkamp\u00e1ny \u00f6t\u00f6dik fejezet\u00e9ben egy \u00faj k\u00fcldet\u00e9s \u00e9s egy \u00faj v\u00e1rb\u00f6rt\u00f6n v\u00e1r r\u00e1d.  <\/p>\n<p>Folytasd a kalandot a <em>Through the Ashes<\/em> DLC karakter\u00e9vel, vagy hozz l\u00e9tre egy \u00fajat: 15 \u00faj archet\u00edpus, \u00faj var\u00e1zslatok \u00e9s \u00faj perkek v\u00e1rnak r\u00e1d, amelyek a f\u0151 kamp\u00e1nyban is el\u00e9rhet\u0151ek lesznek, ha \u00faj karaktert hozol l\u00e9tre vagy k\u00e9pezel ki.<\/p>\n<p><a href=\"https:\/\/prismagamers.com\/produkt\/pathfinder-wrath-of-the-righteous-enhanced-edition\/\" rel=\"bookmark\">Pathfinder: Wrath of the Righteous Enhanced Edition<\/a> alapj\u00e1t\u00e9k verzi\u00f3 sz\u00fcks\u00e9ges<\/p>\n","protected":false},"excerpt":{"rendered":"<p>Folytasd az epikus kalandot a <em>Lord of Nothing<\/em> DLC-ben, fedezd fel a fagyos pusztas\u00e1gokat, az \u00c1rny\u00e9ktervet \u00e9s a var\u00e1zsl\u00f3torony titkait, k\u00eds\u00e9rd el az \u00faj h\u0151s\u00f6ket, \u00e9s d\u00f6nts Sendri \u00e9s Rekarth sors\u00e1r\u00f3l a t\u00f6rt\u00e9net\u00fck fin\u00e1l\u00e9j\u00e1ban.<\/p>\n<p>\ud83c\udf0d Glob\u00e1lis<\/p>\n<p>\u2699\ufe0f Steam<\/p>\n<p>\ud83d\udddd Digit\u00e1lis kulcs<\/p>\n","protected":false},"featured_media":33349,"template":"","meta":{"_acf_changed":false,"site-sidebar-layout":"default","site-content-layout":"","ast-site-content-layout":"default","site-content-style":"default","site-sidebar-style":"default","ast-global-header-display":"","ast-banner-title-visibility":"","ast-main-header-display":"","ast-hfb-above-header-display":"","ast-hfb-below-header-display":"","ast-hfb-mobile-header-display":"","site-post-title":"","ast-breadcrumbs-content":"","ast-featured-img":"","footer-sml-layout":"","ast-disable-related-posts":"","theme-transparent-header-meta":"default","adv-header-id-meta":"","stick-header-meta":"","header-above-stick-meta":"","header-main-stick-meta":"","header-below-stick-meta":"","astra-migrate-meta-layouts":"default","ast-page-background-enabled":"default","ast-page-background-meta":{"desktop":{"background-color":"var(--ast-global-color-4)","background-image":"","background-repeat":"repeat","background-position":"center center","background-size":"auto","background-attachment":"scroll","background-type":"","background-media":"","overlay-type":"","overlay-color":"","overlay-opacity":"","overlay-gradient":""},"tablet":{"background-color":"","background-image":"","background-repeat":"repeat","background-position":"center center","background-size":"auto","background-attachment":"scroll","background-type":"","background-media":"","overlay-type":"","overlay-color":"","overlay-opacity":"","overlay-gradient":""},"mobile":{"background-color":"","background-image":"","background-repeat":"repeat","background-position":"center center","background-size":"auto","background-attachment":"scroll","background-type":"","background-media":"","overlay-type":"","overlay-color":"","overlay-opacity":"","overlay-gradient":""}},"ast-content-background-meta":{"desktop":{"background-color":"var(--ast-global-color-5)","background-image":"","background-repeat":"repeat","background-position":"center center","background-size":"auto","background-attachment":"scroll","background-type":"","background-media":"","overlay-type":"","overlay-color":"","overlay-opacity":"","overlay-gradient":""},"tablet":{"background-color":"var(--ast-global-color-5)","background-image":"","background-repeat":"repeat","background-position":"center center","background-size":"auto","background-attachment":"scroll","background-type":"","background-media":"","overlay-type":"","overlay-color":"","overlay-opacity":"","overlay-gradient":""},"mobile":{"background-color":"var(--ast-global-color-5)","background-image":"","background-repeat":"repeat","background-position":"center center","background-size":"auto","background-attachment":"scroll","background-type":"","background-media":"","overlay-type":"","overlay-color":"","overlay-opacity":"","overlay-gradient":""}}},"product_brand":[],"product_cat":[369,365,363,366,364],"product_tag":[],"class_list":{"0":"post-38912","1":"product","2":"type-product","3":"status-publish","4":"has-post-thumbnail","6":"product_cat-csarnokok","7":"product_cat-goz","8":"product_cat-kaland-jatekok","9":"product_cat-meta-publishing-hu","10":"product_cat-rpg-k","11":"desktop-align-left","12":"tablet-align-left","13":"mobile-align-left","15":"first","16":"instock","17":"virtual","18":"purchasable","19":"product-type-simple"},"acf":[],"yoast_head":"<!-- This site is optimized with the Yoast SEO Premium plugin v27.4 (Yoast SEO v27.4) - https:\/\/yoast.com\/product\/yoast-seo-premium-wordpress\/ -->\n<title>Pathfinder: Az igazak haragja - A semmi ura - Prismagamers.com<\/title>\n<meta name=\"description\" content=\"Folytasd az epikus kalandot a Lord of Nothing DLC-ben, fedezd fel a fagyos pusztas\u00e1gokat, az \u00c1rny\u00e9ktervet \u00e9s a var\u00e1zsl\u00f3torony titkait, k\u00eds\u00e9rd el az \u00faj h\u0151s\u00f6ket, \u00e9s d\u00f6nts Sendri \u00e9s Rekarth sors\u00e1r\u00f3l a t\u00f6rt\u00e9net\u00fck fin\u00e1l\u00e9j\u00e1ban. \ud83c\udf0d Glob\u00e1lis \u2699\ufe0f Steam \ud83d\udddd Digit\u00e1lis kulcs\" \/>\n<meta name=\"robots\" content=\"index, follow, max-snippet:-1, max-image-preview:large, max-video-preview:-1\" \/>\n<link rel=\"canonical\" href=\"https:\/\/prismagamers.com\/hu\/produkt\/pathfinder-az-igazak-haragja-a-semmi-ura\/\" \/>\n<meta property=\"og:locale\" content=\"hu_HU\" \/>\n<meta property=\"og:type\" content=\"article\" \/>\n<meta property=\"og:title\" content=\"Pathfinder: Az igazak haragja - A semmi ura\" \/>\n<meta property=\"og:description\" content=\"Folytasd az epikus kalandot a Lord of Nothing DLC-ben, fedezd fel a fagyos pusztas\u00e1gokat, az \u00c1rny\u00e9ktervet \u00e9s a var\u00e1zsl\u00f3torony titkait, k\u00eds\u00e9rd el az \u00faj h\u0151s\u00f6ket, \u00e9s d\u00f6nts Sendri \u00e9s Rekarth sors\u00e1r\u00f3l a t\u00f6rt\u00e9net\u00fck fin\u00e1l\u00e9j\u00e1ban. \ud83c\udf0d Glob\u00e1lis \u2699\ufe0f Steam \ud83d\udddd Digit\u00e1lis kulcs\" \/>\n<meta property=\"og:url\" content=\"https:\/\/prismagamers.com\/hu\/produkt\/pathfinder-az-igazak-haragja-a-semmi-ura\/\" \/>\n<meta property=\"og:site_name\" content=\"Prismagamers.com\" \/>\n<meta property=\"article:publisher\" content=\"https:\/\/www.facebook.com\/prismagamers\" \/>\n<meta property=\"article:modified_time\" content=\"2026-03-04T23:00:41+00:00\" \/>\n<meta property=\"og:image\" content=\"https:\/\/prismagamers.com\/wp-content\/uploads\/2024\/12\/Pathfinder-Wrath-of-the-Righteous-The-Lord-of-Nothing1-e1734100564673.png\" \/>\n\t<meta property=\"og:image:width\" content=\"300\" \/>\n\t<meta property=\"og:image:height\" content=\"450\" \/>\n\t<meta property=\"og:image:type\" content=\"image\/png\" \/>\n<meta name=\"twitter:card\" content=\"summary_large_image\" \/>\n<meta name=\"twitter:label1\" content=\"Becs\u00fclt olvas\u00e1si id\u0151\" \/>\n\t<meta name=\"twitter:data1\" content=\"1 perc\" \/>\n<script type=\"application\/ld+json\" class=\"yoast-schema-graph\">{\"@context\":\"https:\\\/\\\/schema.org\",\"@graph\":[{\"@type\":\"WebPage\",\"@id\":\"https:\\\/\\\/prismagamers.com\\\/hu\\\/produkt\\\/pathfinder-az-igazak-haragja-a-semmi-ura\\\/\",\"url\":\"https:\\\/\\\/prismagamers.com\\\/hu\\\/produkt\\\/pathfinder-az-igazak-haragja-a-semmi-ura\\\/\",\"name\":\"Pathfinder: Az igazak haragja - A semmi ura - Prismagamers.com\",\"isPartOf\":{\"@id\":\"https:\\\/\\\/prismagamers.com\\\/hu\\\/#website\"},\"primaryImageOfPage\":{\"@id\":\"https:\\\/\\\/prismagamers.com\\\/hu\\\/produkt\\\/pathfinder-az-igazak-haragja-a-semmi-ura\\\/#primaryimage\"},\"image\":{\"@id\":\"https:\\\/\\\/prismagamers.com\\\/hu\\\/produkt\\\/pathfinder-az-igazak-haragja-a-semmi-ura\\\/#primaryimage\"},\"thumbnailUrl\":\"https:\\\/\\\/prismagamers.com\\\/wp-content\\\/uploads\\\/2024\\\/12\\\/Pathfinder-Wrath-of-the-Righteous-The-Lord-of-Nothing1-e1734100564673.png\",\"datePublished\":\"2024-12-13T14:41:17+00:00\",\"dateModified\":\"2026-03-04T23:00:41+00:00\",\"description\":\"Folytasd az epikus kalandot a Lord of Nothing DLC-ben, fedezd fel a fagyos pusztas\u00e1gokat, az \u00c1rny\u00e9ktervet \u00e9s a var\u00e1zsl\u00f3torony titkait, k\u00eds\u00e9rd el az \u00faj h\u0151s\u00f6ket, \u00e9s d\u00f6nts Sendri \u00e9s Rekarth sors\u00e1r\u00f3l a t\u00f6rt\u00e9net\u00fck fin\u00e1l\u00e9j\u00e1ban. \ud83c\udf0d Glob\u00e1lis \u2699\ufe0f Steam \ud83d\udddd Digit\u00e1lis kulcs\",\"breadcrumb\":{\"@id\":\"https:\\\/\\\/prismagamers.com\\\/hu\\\/produkt\\\/pathfinder-az-igazak-haragja-a-semmi-ura\\\/#breadcrumb\"},\"inLanguage\":\"hu\",\"potentialAction\":[{\"@type\":\"ReadAction\",\"target\":[\"https:\\\/\\\/prismagamers.com\\\/hu\\\/produkt\\\/pathfinder-az-igazak-haragja-a-semmi-ura\\\/\"]}]},{\"@type\":\"ImageObject\",\"inLanguage\":\"hu\",\"@id\":\"https:\\\/\\\/prismagamers.com\\\/hu\\\/produkt\\\/pathfinder-az-igazak-haragja-a-semmi-ura\\\/#primaryimage\",\"url\":\"https:\\\/\\\/prismagamers.com\\\/wp-content\\\/uploads\\\/2024\\\/12\\\/Pathfinder-Wrath-of-the-Righteous-The-Lord-of-Nothing1-e1734100564673.png\",\"contentUrl\":\"https:\\\/\\\/prismagamers.com\\\/wp-content\\\/uploads\\\/2024\\\/12\\\/Pathfinder-Wrath-of-the-Righteous-The-Lord-of-Nothing1-e1734100564673.png\",\"width\":300,\"height\":450},{\"@type\":\"BreadcrumbList\",\"@id\":\"https:\\\/\\\/prismagamers.com\\\/hu\\\/produkt\\\/pathfinder-az-igazak-haragja-a-semmi-ura\\\/#breadcrumb\",\"itemListElement\":[{\"@type\":\"ListItem\",\"position\":1,\"name\":\"Strona g\u0142\u00f3wna\",\"item\":\"https:\\\/\\\/prismagamers.com\\\/hu\\\/prismagamers\\\/\"},{\"@type\":\"ListItem\",\"position\":2,\"name\":\"Shop\",\"item\":\"https:\\\/\\\/prismagamers.com\\\/hu\\\/shop\\\/\"},{\"@type\":\"ListItem\",\"position\":3,\"name\":\"Pathfinder: Az igazak haragja &#8211; A semmi ura\"}]},{\"@type\":\"WebSite\",\"@id\":\"https:\\\/\\\/prismagamers.com\\\/hu\\\/#website\",\"url\":\"https:\\\/\\\/prismagamers.com\\\/hu\\\/\",\"name\":\"Prismagamers\",\"description\":\"Sklep z grami PC I Sklep klucze Steam\",\"publisher\":{\"@id\":\"https:\\\/\\\/prismagamers.com\\\/hu\\\/#organization\"},\"potentialAction\":[{\"@type\":\"SearchAction\",\"target\":{\"@type\":\"EntryPoint\",\"urlTemplate\":\"https:\\\/\\\/prismagamers.com\\\/hu\\\/?s={search_term_string}\"},\"query-input\":{\"@type\":\"PropertyValueSpecification\",\"valueRequired\":true,\"valueName\":\"search_term_string\"}}],\"inLanguage\":\"hu\"},{\"@type\":\"Organization\",\"@id\":\"https:\\\/\\\/prismagamers.com\\\/hu\\\/#organization\",\"name\":\"Prismagamers\",\"url\":\"https:\\\/\\\/prismagamers.com\\\/hu\\\/\",\"logo\":{\"@type\":\"ImageObject\",\"inLanguage\":\"hu\",\"@id\":\"https:\\\/\\\/prismagamers.com\\\/hu\\\/#\\\/schema\\\/logo\\\/image\\\/\",\"url\":\"https:\\\/\\\/prismagamers.com\\\/wp-content\\\/uploads\\\/2022\\\/04\\\/cropped-logo-Prismagamers-01-scaled-1.jpg\",\"contentUrl\":\"https:\\\/\\\/prismagamers.com\\\/wp-content\\\/uploads\\\/2022\\\/04\\\/cropped-logo-Prismagamers-01-scaled-1.jpg\",\"width\":512,\"height\":512,\"caption\":\"Prismagamers\"},\"image\":{\"@id\":\"https:\\\/\\\/prismagamers.com\\\/hu\\\/#\\\/schema\\\/logo\\\/image\\\/\"},\"sameAs\":[\"https:\\\/\\\/www.facebook.com\\\/prismagamers\",\"https:\\\/\\\/www.instagram.com\\\/prismagamers_grycyfrowe\\\/\"],\"description\":\"Prismagamers.com to dynamiczny sklep z grami cyfrowymi, stworzony z my\u015bl\u0105 o entuzjastach gier wideo. Nasza strona oferuje szerok\u0105 gam\u0119 gier komputerowych, w tym najnowsze tytu\u0142y, dobrze znane klasyki oraz gry stworzone przez niezale\u017cne studia Ca\u0142y czas d\u0105\u017cymy do rozszerzenia naszej oferty. Do\u0142\u0105cz do nas i sta\u0144 si\u0119 cz\u0119\u015bci\u0105 naszej rosn\u0105cej spo\u0142eczno\u015bci graczy!\",\"email\":\"shop@prismagamers.com\",\"telephone\":\"48795541705\",\"legalName\":\"East Caravan Maksym \u017bukow\",\"foundingDate\":\"2012-05-10\",\"vatID\":\"PL8943038612\",\"taxID\":\"PL8943038612\",\"numberOfEmployees\":{\"@type\":\"QuantitativeValue\",\"minValue\":\"11\",\"maxValue\":\"50\"}}]}<\/script>\n<!-- \/ Yoast SEO Premium plugin. -->","yoast_head_json":{"title":"Pathfinder: Az igazak haragja - A semmi ura - Prismagamers.com","description":"Folytasd az epikus kalandot a Lord of Nothing DLC-ben, fedezd fel a fagyos pusztas\u00e1gokat, az \u00c1rny\u00e9ktervet \u00e9s a var\u00e1zsl\u00f3torony titkait, k\u00eds\u00e9rd el az \u00faj h\u0151s\u00f6ket, \u00e9s d\u00f6nts Sendri \u00e9s Rekarth sors\u00e1r\u00f3l a t\u00f6rt\u00e9net\u00fck fin\u00e1l\u00e9j\u00e1ban. \ud83c\udf0d Glob\u00e1lis \u2699\ufe0f Steam \ud83d\udddd Digit\u00e1lis kulcs","robots":{"index":"index","follow":"follow","max-snippet":"max-snippet:-1","max-image-preview":"max-image-preview:large","max-video-preview":"max-video-preview:-1"},"canonical":"https:\/\/prismagamers.com\/hu\/produkt\/pathfinder-az-igazak-haragja-a-semmi-ura\/","og_locale":"hu_HU","og_type":"article","og_title":"Pathfinder: Az igazak haragja - A semmi ura","og_description":"Folytasd az epikus kalandot a Lord of Nothing DLC-ben, fedezd fel a fagyos pusztas\u00e1gokat, az \u00c1rny\u00e9ktervet \u00e9s a var\u00e1zsl\u00f3torony titkait, k\u00eds\u00e9rd el az \u00faj h\u0151s\u00f6ket, \u00e9s d\u00f6nts Sendri \u00e9s Rekarth sors\u00e1r\u00f3l a t\u00f6rt\u00e9net\u00fck fin\u00e1l\u00e9j\u00e1ban. \ud83c\udf0d Glob\u00e1lis \u2699\ufe0f Steam \ud83d\udddd Digit\u00e1lis kulcs","og_url":"https:\/\/prismagamers.com\/hu\/produkt\/pathfinder-az-igazak-haragja-a-semmi-ura\/","og_site_name":"Prismagamers.com","article_publisher":"https:\/\/www.facebook.com\/prismagamers","article_modified_time":"2026-03-04T23:00:41+00:00","og_image":[{"width":300,"height":450,"url":"https:\/\/prismagamers.com\/wp-content\/uploads\/2024\/12\/Pathfinder-Wrath-of-the-Righteous-The-Lord-of-Nothing1-e1734100564673.png","type":"image\/png"}],"twitter_card":"summary_large_image","twitter_misc":{"Becs\u00fclt olvas\u00e1si id\u0151":"1 perc"},"schema":{"@context":"https:\/\/schema.org","@graph":[{"@type":"WebPage","@id":"https:\/\/prismagamers.com\/hu\/produkt\/pathfinder-az-igazak-haragja-a-semmi-ura\/","url":"https:\/\/prismagamers.com\/hu\/produkt\/pathfinder-az-igazak-haragja-a-semmi-ura\/","name":"Pathfinder: Az igazak haragja - A semmi ura - Prismagamers.com","isPartOf":{"@id":"https:\/\/prismagamers.com\/hu\/#website"},"primaryImageOfPage":{"@id":"https:\/\/prismagamers.com\/hu\/produkt\/pathfinder-az-igazak-haragja-a-semmi-ura\/#primaryimage"},"image":{"@id":"https:\/\/prismagamers.com\/hu\/produkt\/pathfinder-az-igazak-haragja-a-semmi-ura\/#primaryimage"},"thumbnailUrl":"https:\/\/prismagamers.com\/wp-content\/uploads\/2024\/12\/Pathfinder-Wrath-of-the-Righteous-The-Lord-of-Nothing1-e1734100564673.png","datePublished":"2024-12-13T14:41:17+00:00","dateModified":"2026-03-04T23:00:41+00:00","description":"Folytasd az epikus kalandot a Lord of Nothing DLC-ben, fedezd fel a fagyos pusztas\u00e1gokat, az \u00c1rny\u00e9ktervet \u00e9s a var\u00e1zsl\u00f3torony titkait, k\u00eds\u00e9rd el az \u00faj h\u0151s\u00f6ket, \u00e9s d\u00f6nts Sendri \u00e9s Rekarth sors\u00e1r\u00f3l a t\u00f6rt\u00e9net\u00fck fin\u00e1l\u00e9j\u00e1ban. \ud83c\udf0d Glob\u00e1lis \u2699\ufe0f Steam \ud83d\udddd Digit\u00e1lis kulcs","breadcrumb":{"@id":"https:\/\/prismagamers.com\/hu\/produkt\/pathfinder-az-igazak-haragja-a-semmi-ura\/#breadcrumb"},"inLanguage":"hu","potentialAction":[{"@type":"ReadAction","target":["https:\/\/prismagamers.com\/hu\/produkt\/pathfinder-az-igazak-haragja-a-semmi-ura\/"]}]},{"@type":"ImageObject","inLanguage":"hu","@id":"https:\/\/prismagamers.com\/hu\/produkt\/pathfinder-az-igazak-haragja-a-semmi-ura\/#primaryimage","url":"https:\/\/prismagamers.com\/wp-content\/uploads\/2024\/12\/Pathfinder-Wrath-of-the-Righteous-The-Lord-of-Nothing1-e1734100564673.png","contentUrl":"https:\/\/prismagamers.com\/wp-content\/uploads\/2024\/12\/Pathfinder-Wrath-of-the-Righteous-The-Lord-of-Nothing1-e1734100564673.png","width":300,"height":450},{"@type":"BreadcrumbList","@id":"https:\/\/prismagamers.com\/hu\/produkt\/pathfinder-az-igazak-haragja-a-semmi-ura\/#breadcrumb","itemListElement":[{"@type":"ListItem","position":1,"name":"Strona g\u0142\u00f3wna","item":"https:\/\/prismagamers.com\/hu\/prismagamers\/"},{"@type":"ListItem","position":2,"name":"Shop","item":"https:\/\/prismagamers.com\/hu\/shop\/"},{"@type":"ListItem","position":3,"name":"Pathfinder: Az igazak haragja &#8211; A semmi ura"}]},{"@type":"WebSite","@id":"https:\/\/prismagamers.com\/hu\/#website","url":"https:\/\/prismagamers.com\/hu\/","name":"Prismagamers","description":"Sklep z grami PC I Sklep klucze Steam","publisher":{"@id":"https:\/\/prismagamers.com\/hu\/#organization"},"potentialAction":[{"@type":"SearchAction","target":{"@type":"EntryPoint","urlTemplate":"https:\/\/prismagamers.com\/hu\/?s={search_term_string}"},"query-input":{"@type":"PropertyValueSpecification","valueRequired":true,"valueName":"search_term_string"}}],"inLanguage":"hu"},{"@type":"Organization","@id":"https:\/\/prismagamers.com\/hu\/#organization","name":"Prismagamers","url":"https:\/\/prismagamers.com\/hu\/","logo":{"@type":"ImageObject","inLanguage":"hu","@id":"https:\/\/prismagamers.com\/hu\/#\/schema\/logo\/image\/","url":"https:\/\/prismagamers.com\/wp-content\/uploads\/2022\/04\/cropped-logo-Prismagamers-01-scaled-1.jpg","contentUrl":"https:\/\/prismagamers.com\/wp-content\/uploads\/2022\/04\/cropped-logo-Prismagamers-01-scaled-1.jpg","width":512,"height":512,"caption":"Prismagamers"},"image":{"@id":"https:\/\/prismagamers.com\/hu\/#\/schema\/logo\/image\/"},"sameAs":["https:\/\/www.facebook.com\/prismagamers","https:\/\/www.instagram.com\/prismagamers_grycyfrowe\/"],"description":"Prismagamers.com to dynamiczny sklep z grami cyfrowymi, stworzony z my\u015bl\u0105 o entuzjastach gier wideo. Nasza strona oferuje szerok\u0105 gam\u0119 gier komputerowych, w tym najnowsze tytu\u0142y, dobrze znane klasyki oraz gry stworzone przez niezale\u017cne studia Ca\u0142y czas d\u0105\u017cymy do rozszerzenia naszej oferty. Do\u0142\u0105cz do nas i sta\u0144 si\u0119 cz\u0119\u015bci\u0105 naszej rosn\u0105cej spo\u0142eczno\u015bci graczy!","email":"shop@prismagamers.com","telephone":"48795541705","legalName":"East Caravan Maksym \u017bukow","foundingDate":"2012-05-10","vatID":"PL8943038612","taxID":"PL8943038612","numberOfEmployees":{"@type":"QuantitativeValue","minValue":"11","maxValue":"50"}}]}},"_links":{"self":[{"href":"https:\/\/prismagamers.com\/hu\/wp-json\/wp\/v2\/product\/38912","targetHints":{"allow":["GET"]}}],"collection":[{"href":"https:\/\/prismagamers.com\/hu\/wp-json\/wp\/v2\/product"}],"about":[{"href":"https:\/\/prismagamers.com\/hu\/wp-json\/wp\/v2\/types\/product"}],"wp:featuredmedia":[{"embeddable":true,"href":"https:\/\/prismagamers.com\/hu\/wp-json\/wp\/v2\/media\/33349"}],"wp:attachment":[{"href":"https:\/\/prismagamers.com\/hu\/wp-json\/wp\/v2\/media?parent=38912"}],"wp:term":[{"taxonomy":"product_brand","embeddable":true,"href":"https:\/\/prismagamers.com\/hu\/wp-json\/wp\/v2\/product_brand?post=38912"},{"taxonomy":"product_cat","embeddable":true,"href":"https:\/\/prismagamers.com\/hu\/wp-json\/wp\/v2\/product_cat?post=38912"},{"taxonomy":"product_tag","embeddable":true,"href":"https:\/\/prismagamers.com\/hu\/wp-json\/wp\/v2\/product_tag?post=38912"}],"curies":[{"name":"wp","href":"https:\/\/api.w.org\/{rel}","templated":true}]}}