{"id":38913,"date":"2024-12-13T16:13:09","date_gmt":"2024-12-13T15:13:09","guid":{"rendered":"https:\/\/prismagamers.com\/produkt\/pathfinder-az-igazak-haragja-az-utolso-sarkoriak\/"},"modified":"2026-03-05T00:00:41","modified_gmt":"2026-03-04T23:00:41","slug":"pathfinder-az-igazak-haragja-az-utolso-sarkoriak","status":"publish","type":"product","link":"https:\/\/prismagamers.com\/hu\/produkt\/pathfinder-az-igazak-haragja-az-utolso-sarkoriak\/","title":{"rendered":"Pathfinder: Az igazak haragja &#8211; Az utols\u00f3 sarkoriak"},"content":{"rendered":"<p>Ismerd meg Ulbrig Olesket, a lerombolt Sarkoris nemzet egyik utols\u00f3 k\u00e9pvisel\u0151j\u00e9t. Felfegyverkezve azzal a k\u00e9pess\u00e9ggel, hogy hatalmas griff\u00e9 tud \u00e1talakulni, rendk\u00edv\u00fcl er\u0151s harcoss\u00e1 v\u00e1lhat a csapatodban, megb\u00edzhat\u00f3 bar\u00e1todd\u00e1, \u00e9s tal\u00e1n m\u00e9g t\u00f6bb\u00e9 is. <\/p>\n<p>Egy \u00faj j\u00e1tszhat\u00f3 oszt\u00e1ly 6 v\u00e1ltozatos archet\u00edpussal. Legy\u00e9l alakv\u00e1lt\u00f3, \u00e9s haszn\u00e1ld az \u00e1llati aspektusokat \u00e9s form\u00e1kat, hogy egy vad\u00e1llat d\u00fch\u00e9vel puszt\u00edtsd el ellens\u00e9geidet! Egy \u00faj t\u00e1rs a csapatodban: egy sarkori t\u00f6rzsf\u0151n\u00f6k, aki rejt\u00e9lyes m\u00f3don t\u00fal\u00e9lte haz\u00e1ja pusztul\u00e1s\u00e1t. Egy \u00faj, eddig el\u00e9rhetetlen ter\u00fclet, amelyet \u00faj sz\u00f6vets\u00e9geseddel egy\u00fctt fedezhetsz fel, \u00faj ellens\u00e9gekkel harcolhatsz \u00e9s r\u00e9gi titkokat fedezhetsz fel. 9 \u00faj var\u00e1zslat, amelyek seg\u00edtenek az \u00faj \u00e9s r\u00e9gi ellens\u00e9gek elleni harcban. V\u00e1laszthat\u00f3 rom\u00e1nc Ulbriggal, amely f\u00e9rfi \u00e9s n\u0151i karakterek sz\u00e1m\u00e1ra egyar\u00e1nt el\u00e9rhet\u0151.     <\/p>\n<p><strong><a href=\"https:\/\/prismagamers.com\/produkt\/pathfinder-wrath-of-the-righteous-enhanced-edition\/\" rel=\"bookmark\">Pathfinder: Wrath of the Righteous Enhanced Edition<\/a> alapj\u00e1t\u00e9k verzi\u00f3 sz\u00fcks\u00e9ges<\/strong><\/p>\n","protected":false},"excerpt":{"rendered":"<div class=\"flex max-w-full flex-col flex-grow\">\n<div class=\"min-h-8 text-message flex w-full flex-col items-end gap-2 whitespace-normal break-words text-start [.text-message+&amp;]:mt-5\" dir=\"auto\" data-message-author-role=\"assistant\" data-message-id=\"80e8e124-6840-4b2c-97dd-e3fc12e5057f\" data-message-model-slug=\"gpt-4o-mini\">\n<div class=\"flex w-full flex-col gap-1 empty:hidden first:pt-[3px]\">\n<div class=\"markdown prose w-full break-words dark:prose-invert light\">\n<p class=\"ai-optimize-28\">Ismerkedj meg Ulbrig Oleskkel, a j\u00e1t\u00e9k \u00faj t\u00e1rs\u00e1val, aki a csapatod er\u0151s harcos\u00e1v\u00e1 v\u00e1lhat, aki k\u00e9pes griff\u00e9 alakulni, \u00e9s lehet\u0151s\u00e9get k\u00edn\u00e1l a rom\u00e1ncra, valamint egy \u00faj ter\u00fclet k\u00f6z\u00f6s felfedez\u00e9s\u00e9re 9 \u00faj var\u00e1zslattal \u00e9s ellens\u00e9ggel.<\/p>\n<p class=\"ai-optimize-29\"><img decoding=\"async\" class=\"emoji\" role=\"img\" src=\"https:\/\/s.w.org\/images\/core\/emoji\/14.0.0\/svg\/1f30d.svg\" alt=\"\ud83c\udf0d\">  Global<br \/>\n<img decoding=\"async\" class=\"emoji\" role=\"img\" src=\"https:\/\/s.w.org\/images\/core\/emoji\/14.0.0\/svg\/2699.svg\" alt=\"\u2699\ufe0f\"> Steam<br \/>\n<img decoding=\"async\" class=\"emoji\" role=\"img\" src=\"https:\/\/s.w.org\/images\/core\/emoji\/14.0.0\/svg\/1f5dd.svg\" alt=\"\ud83d\udddd\"> Digit\u00e1lis kulcs<\/p>\n<\/div>\n<\/div>\n<\/div>\n<\/div>\n","protected":false},"featured_media":33355,"template":"","meta":{"_acf_changed":false,"site-sidebar-layout":"default","site-content-layout":"","ast-site-content-layout":"default","site-content-style":"default","site-sidebar-style":"default","ast-global-header-display":"","ast-banner-title-visibility":"","ast-main-header-display":"","ast-hfb-above-header-display":"","ast-hfb-below-header-display":"","ast-hfb-mobile-header-display":"","site-post-title":"","ast-breadcrumbs-content":"","ast-featured-img":"","footer-sml-layout":"","ast-disable-related-posts":"","theme-transparent-header-meta":"default","adv-header-id-meta":"","stick-header-meta":"","header-above-stick-meta":"","header-main-stick-meta":"","header-below-stick-meta":"","astra-migrate-meta-layouts":"default","ast-page-background-enabled":"default","ast-page-background-meta":{"desktop":{"background-color":"var(--ast-global-color-4)","background-image":"","background-repeat":"repeat","background-position":"center center","background-size":"auto","background-attachment":"scroll","background-type":"","background-media":"","overlay-type":"","overlay-color":"","overlay-opacity":"","overlay-gradient":""},"tablet":{"background-color":"","background-image":"","background-repeat":"repeat","background-position":"center center","background-size":"auto","background-attachment":"scroll","background-type":"","background-media":"","overlay-type":"","overlay-color":"","overlay-opacity":"","overlay-gradient":""},"mobile":{"background-color":"","background-image":"","background-repeat":"repeat","background-position":"center center","background-size":"auto","background-attachment":"scroll","background-type":"","background-media":"","overlay-type":"","overlay-color":"","overlay-opacity":"","overlay-gradient":""}},"ast-content-background-meta":{"desktop":{"background-color":"var(--ast-global-color-5)","background-image":"","background-repeat":"repeat","background-position":"center center","background-size":"auto","background-attachment":"scroll","background-type":"","background-media":"","overlay-type":"","overlay-color":"","overlay-opacity":"","overlay-gradient":""},"tablet":{"background-color":"var(--ast-global-color-5)","background-image":"","background-repeat":"repeat","background-position":"center center","background-size":"auto","background-attachment":"scroll","background-type":"","background-media":"","overlay-type":"","overlay-color":"","overlay-opacity":"","overlay-gradient":""},"mobile":{"background-color":"var(--ast-global-color-5)","background-image":"","background-repeat":"repeat","background-position":"center center","background-size":"auto","background-attachment":"scroll","background-type":"","background-media":"","overlay-type":"","overlay-color":"","overlay-opacity":"","overlay-gradient":""}}},"product_brand":[],"product_cat":[369,365,363,366,364],"product_tag":[543,542],"class_list":{"0":"post-38913","1":"product","2":"type-product","3":"status-publish","4":"has-post-thumbnail","6":"product_cat-csarnokok","7":"product_cat-goz","8":"product_cat-kaland-jatekok","9":"product_cat-meta-publishing-hu","10":"product_cat-rpg-k","11":"product_tag-may_50","12":"product_tag-pid_04-hu","13":"desktop-align-left","14":"tablet-align-left","15":"mobile-align-left","17":"first","18":"instock","19":"virtual","20":"purchasable","21":"product-type-simple"},"acf":[],"yoast_head":"<!-- This site is optimized with the Yoast SEO Premium plugin v27.4 (Yoast SEO v27.4) - https:\/\/yoast.com\/product\/yoast-seo-premium-wordpress\/ -->\n<title>Pathfinder: Az igazak haragja - Az utols\u00f3 sarkoriak - Prismagamers.com<\/title>\n<meta name=\"description\" content=\"Ismerkedj meg Ulbrig Oleskkel, a j\u00e1t\u00e9k \u00faj t\u00e1rs\u00e1val, aki a csapatod er\u0151s harcos\u00e1v\u00e1 v\u00e1lhat, aki k\u00e9pes griff\u00e9 alakulni, \u00e9s lehet\u0151s\u00e9get k\u00edn\u00e1l a rom\u00e1ncra, valamint egy \u00faj ter\u00fclet k\u00f6z\u00f6s felfedez\u00e9s\u00e9re 9 \u00faj var\u00e1zslattal \u00e9s ellens\u00e9ggel.  Global Steam Digit\u00e1lis kulcs\" \/>\n<meta name=\"robots\" content=\"index, follow, max-snippet:-1, max-image-preview:large, max-video-preview:-1\" \/>\n<link rel=\"canonical\" href=\"https:\/\/prismagamers.com\/hu\/produkt\/pathfinder-az-igazak-haragja-az-utolso-sarkoriak\/\" \/>\n<meta property=\"og:locale\" content=\"hu_HU\" \/>\n<meta property=\"og:type\" content=\"article\" \/>\n<meta property=\"og:title\" content=\"Pathfinder: Az igazak haragja - Az utols\u00f3 sarkoriak\" \/>\n<meta property=\"og:description\" content=\"Ismerkedj meg Ulbrig Oleskkel, a j\u00e1t\u00e9k \u00faj t\u00e1rs\u00e1val, aki a csapatod er\u0151s harcos\u00e1v\u00e1 v\u00e1lhat, aki k\u00e9pes griff\u00e9 alakulni, \u00e9s lehet\u0151s\u00e9get k\u00edn\u00e1l a rom\u00e1ncra, valamint egy \u00faj ter\u00fclet k\u00f6z\u00f6s felfedez\u00e9s\u00e9re 9 \u00faj var\u00e1zslattal \u00e9s ellens\u00e9ggel.  Global Steam Digit\u00e1lis kulcs\" \/>\n<meta property=\"og:url\" content=\"https:\/\/prismagamers.com\/hu\/produkt\/pathfinder-az-igazak-haragja-az-utolso-sarkoriak\/\" \/>\n<meta property=\"og:site_name\" content=\"Prismagamers.com\" \/>\n<meta property=\"article:publisher\" content=\"https:\/\/www.facebook.com\/prismagamers\" \/>\n<meta property=\"article:modified_time\" content=\"2026-03-04T23:00:41+00:00\" \/>\n<meta property=\"og:image\" content=\"https:\/\/prismagamers.com\/wp-content\/uploads\/2024\/12\/Pathfinder-Wrath-of-the-Righteous-The-Last-Sarkorians1-e1734102531697.png\" \/>\n\t<meta property=\"og:image:width\" content=\"300\" \/>\n\t<meta property=\"og:image:height\" content=\"450\" \/>\n\t<meta property=\"og:image:type\" content=\"image\/png\" \/>\n<meta name=\"twitter:card\" content=\"summary_large_image\" \/>\n<meta name=\"twitter:label1\" content=\"Becs\u00fclt olvas\u00e1si id\u0151\" \/>\n\t<meta name=\"twitter:data1\" content=\"1 perc\" \/>\n<script type=\"application\/ld+json\" class=\"yoast-schema-graph\">{\"@context\":\"https:\\\/\\\/schema.org\",\"@graph\":[{\"@type\":\"WebPage\",\"@id\":\"https:\\\/\\\/prismagamers.com\\\/hu\\\/produkt\\\/pathfinder-az-igazak-haragja-az-utolso-sarkoriak\\\/\",\"url\":\"https:\\\/\\\/prismagamers.com\\\/hu\\\/produkt\\\/pathfinder-az-igazak-haragja-az-utolso-sarkoriak\\\/\",\"name\":\"Pathfinder: Az igazak haragja - Az utols\u00f3 sarkoriak - Prismagamers.com\",\"isPartOf\":{\"@id\":\"https:\\\/\\\/prismagamers.com\\\/hu\\\/#website\"},\"primaryImageOfPage\":{\"@id\":\"https:\\\/\\\/prismagamers.com\\\/hu\\\/produkt\\\/pathfinder-az-igazak-haragja-az-utolso-sarkoriak\\\/#primaryimage\"},\"image\":{\"@id\":\"https:\\\/\\\/prismagamers.com\\\/hu\\\/produkt\\\/pathfinder-az-igazak-haragja-az-utolso-sarkoriak\\\/#primaryimage\"},\"thumbnailUrl\":\"https:\\\/\\\/prismagamers.com\\\/wp-content\\\/uploads\\\/2024\\\/12\\\/Pathfinder-Wrath-of-the-Righteous-The-Last-Sarkorians1-e1734102531697.png\",\"datePublished\":\"2024-12-13T15:13:09+00:00\",\"dateModified\":\"2026-03-04T23:00:41+00:00\",\"description\":\"Ismerkedj meg Ulbrig Oleskkel, a j\u00e1t\u00e9k \u00faj t\u00e1rs\u00e1val, aki a csapatod er\u0151s harcos\u00e1v\u00e1 v\u00e1lhat, aki k\u00e9pes griff\u00e9 alakulni, \u00e9s lehet\u0151s\u00e9get k\u00edn\u00e1l a rom\u00e1ncra, valamint egy \u00faj ter\u00fclet k\u00f6z\u00f6s felfedez\u00e9s\u00e9re 9 \u00faj var\u00e1zslattal \u00e9s ellens\u00e9ggel. Global Steam Digit\u00e1lis kulcs\",\"breadcrumb\":{\"@id\":\"https:\\\/\\\/prismagamers.com\\\/hu\\\/produkt\\\/pathfinder-az-igazak-haragja-az-utolso-sarkoriak\\\/#breadcrumb\"},\"inLanguage\":\"hu\",\"potentialAction\":[{\"@type\":\"ReadAction\",\"target\":[\"https:\\\/\\\/prismagamers.com\\\/hu\\\/produkt\\\/pathfinder-az-igazak-haragja-az-utolso-sarkoriak\\\/\"]}]},{\"@type\":\"ImageObject\",\"inLanguage\":\"hu\",\"@id\":\"https:\\\/\\\/prismagamers.com\\\/hu\\\/produkt\\\/pathfinder-az-igazak-haragja-az-utolso-sarkoriak\\\/#primaryimage\",\"url\":\"https:\\\/\\\/prismagamers.com\\\/wp-content\\\/uploads\\\/2024\\\/12\\\/Pathfinder-Wrath-of-the-Righteous-The-Last-Sarkorians1-e1734102531697.png\",\"contentUrl\":\"https:\\\/\\\/prismagamers.com\\\/wp-content\\\/uploads\\\/2024\\\/12\\\/Pathfinder-Wrath-of-the-Righteous-The-Last-Sarkorians1-e1734102531697.png\",\"width\":300,\"height\":450},{\"@type\":\"BreadcrumbList\",\"@id\":\"https:\\\/\\\/prismagamers.com\\\/hu\\\/produkt\\\/pathfinder-az-igazak-haragja-az-utolso-sarkoriak\\\/#breadcrumb\",\"itemListElement\":[{\"@type\":\"ListItem\",\"position\":1,\"name\":\"Strona g\u0142\u00f3wna\",\"item\":\"https:\\\/\\\/prismagamers.com\\\/hu\\\/prismagamers\\\/\"},{\"@type\":\"ListItem\",\"position\":2,\"name\":\"Shop\",\"item\":\"https:\\\/\\\/prismagamers.com\\\/hu\\\/shop\\\/\"},{\"@type\":\"ListItem\",\"position\":3,\"name\":\"Pathfinder: Az igazak haragja &#8211; Az utols\u00f3 sarkoriak\"}]},{\"@type\":\"WebSite\",\"@id\":\"https:\\\/\\\/prismagamers.com\\\/hu\\\/#website\",\"url\":\"https:\\\/\\\/prismagamers.com\\\/hu\\\/\",\"name\":\"Prismagamers\",\"description\":\"Sklep z grami PC I Sklep klucze Steam\",\"publisher\":{\"@id\":\"https:\\\/\\\/prismagamers.com\\\/hu\\\/#organization\"},\"potentialAction\":[{\"@type\":\"SearchAction\",\"target\":{\"@type\":\"EntryPoint\",\"urlTemplate\":\"https:\\\/\\\/prismagamers.com\\\/hu\\\/?s={search_term_string}\"},\"query-input\":{\"@type\":\"PropertyValueSpecification\",\"valueRequired\":true,\"valueName\":\"search_term_string\"}}],\"inLanguage\":\"hu\"},{\"@type\":\"Organization\",\"@id\":\"https:\\\/\\\/prismagamers.com\\\/hu\\\/#organization\",\"name\":\"Prismagamers\",\"url\":\"https:\\\/\\\/prismagamers.com\\\/hu\\\/\",\"logo\":{\"@type\":\"ImageObject\",\"inLanguage\":\"hu\",\"@id\":\"https:\\\/\\\/prismagamers.com\\\/hu\\\/#\\\/schema\\\/logo\\\/image\\\/\",\"url\":\"https:\\\/\\\/prismagamers.com\\\/wp-content\\\/uploads\\\/2022\\\/04\\\/cropped-logo-Prismagamers-01-scaled-1.jpg\",\"contentUrl\":\"https:\\\/\\\/prismagamers.com\\\/wp-content\\\/uploads\\\/2022\\\/04\\\/cropped-logo-Prismagamers-01-scaled-1.jpg\",\"width\":512,\"height\":512,\"caption\":\"Prismagamers\"},\"image\":{\"@id\":\"https:\\\/\\\/prismagamers.com\\\/hu\\\/#\\\/schema\\\/logo\\\/image\\\/\"},\"sameAs\":[\"https:\\\/\\\/www.facebook.com\\\/prismagamers\",\"https:\\\/\\\/www.instagram.com\\\/prismagamers_grycyfrowe\\\/\"],\"description\":\"Prismagamers.com to dynamiczny sklep z grami cyfrowymi, stworzony z my\u015bl\u0105 o entuzjastach gier wideo. Nasza strona oferuje szerok\u0105 gam\u0119 gier komputerowych, w tym najnowsze tytu\u0142y, dobrze znane klasyki oraz gry stworzone przez niezale\u017cne studia Ca\u0142y czas d\u0105\u017cymy do rozszerzenia naszej oferty. Do\u0142\u0105cz do nas i sta\u0144 si\u0119 cz\u0119\u015bci\u0105 naszej rosn\u0105cej spo\u0142eczno\u015bci graczy!\",\"email\":\"shop@prismagamers.com\",\"telephone\":\"48795541705\",\"legalName\":\"East Caravan Maksym \u017bukow\",\"foundingDate\":\"2012-05-10\",\"vatID\":\"PL8943038612\",\"taxID\":\"PL8943038612\",\"numberOfEmployees\":{\"@type\":\"QuantitativeValue\",\"minValue\":\"11\",\"maxValue\":\"50\"}}]}<\/script>\n<!-- \/ Yoast SEO Premium plugin. -->","yoast_head_json":{"title":"Pathfinder: Az igazak haragja - Az utols\u00f3 sarkoriak - Prismagamers.com","description":"Ismerkedj meg Ulbrig Oleskkel, a j\u00e1t\u00e9k \u00faj t\u00e1rs\u00e1val, aki a csapatod er\u0151s harcos\u00e1v\u00e1 v\u00e1lhat, aki k\u00e9pes griff\u00e9 alakulni, \u00e9s lehet\u0151s\u00e9get k\u00edn\u00e1l a rom\u00e1ncra, valamint egy \u00faj ter\u00fclet k\u00f6z\u00f6s felfedez\u00e9s\u00e9re 9 \u00faj var\u00e1zslattal \u00e9s ellens\u00e9ggel.  Global Steam Digit\u00e1lis kulcs","robots":{"index":"index","follow":"follow","max-snippet":"max-snippet:-1","max-image-preview":"max-image-preview:large","max-video-preview":"max-video-preview:-1"},"canonical":"https:\/\/prismagamers.com\/hu\/produkt\/pathfinder-az-igazak-haragja-az-utolso-sarkoriak\/","og_locale":"hu_HU","og_type":"article","og_title":"Pathfinder: Az igazak haragja - Az utols\u00f3 sarkoriak","og_description":"Ismerkedj meg Ulbrig Oleskkel, a j\u00e1t\u00e9k \u00faj t\u00e1rs\u00e1val, aki a csapatod er\u0151s harcos\u00e1v\u00e1 v\u00e1lhat, aki k\u00e9pes griff\u00e9 alakulni, \u00e9s lehet\u0151s\u00e9get k\u00edn\u00e1l a rom\u00e1ncra, valamint egy \u00faj ter\u00fclet k\u00f6z\u00f6s felfedez\u00e9s\u00e9re 9 \u00faj var\u00e1zslattal \u00e9s ellens\u00e9ggel.  Global Steam Digit\u00e1lis kulcs","og_url":"https:\/\/prismagamers.com\/hu\/produkt\/pathfinder-az-igazak-haragja-az-utolso-sarkoriak\/","og_site_name":"Prismagamers.com","article_publisher":"https:\/\/www.facebook.com\/prismagamers","article_modified_time":"2026-03-04T23:00:41+00:00","og_image":[{"width":300,"height":450,"url":"https:\/\/prismagamers.com\/wp-content\/uploads\/2024\/12\/Pathfinder-Wrath-of-the-Righteous-The-Last-Sarkorians1-e1734102531697.png","type":"image\/png"}],"twitter_card":"summary_large_image","twitter_misc":{"Becs\u00fclt olvas\u00e1si id\u0151":"1 perc"},"schema":{"@context":"https:\/\/schema.org","@graph":[{"@type":"WebPage","@id":"https:\/\/prismagamers.com\/hu\/produkt\/pathfinder-az-igazak-haragja-az-utolso-sarkoriak\/","url":"https:\/\/prismagamers.com\/hu\/produkt\/pathfinder-az-igazak-haragja-az-utolso-sarkoriak\/","name":"Pathfinder: Az igazak haragja - Az utols\u00f3 sarkoriak - Prismagamers.com","isPartOf":{"@id":"https:\/\/prismagamers.com\/hu\/#website"},"primaryImageOfPage":{"@id":"https:\/\/prismagamers.com\/hu\/produkt\/pathfinder-az-igazak-haragja-az-utolso-sarkoriak\/#primaryimage"},"image":{"@id":"https:\/\/prismagamers.com\/hu\/produkt\/pathfinder-az-igazak-haragja-az-utolso-sarkoriak\/#primaryimage"},"thumbnailUrl":"https:\/\/prismagamers.com\/wp-content\/uploads\/2024\/12\/Pathfinder-Wrath-of-the-Righteous-The-Last-Sarkorians1-e1734102531697.png","datePublished":"2024-12-13T15:13:09+00:00","dateModified":"2026-03-04T23:00:41+00:00","description":"Ismerkedj meg Ulbrig Oleskkel, a j\u00e1t\u00e9k \u00faj t\u00e1rs\u00e1val, aki a csapatod er\u0151s harcos\u00e1v\u00e1 v\u00e1lhat, aki k\u00e9pes griff\u00e9 alakulni, \u00e9s lehet\u0151s\u00e9get k\u00edn\u00e1l a rom\u00e1ncra, valamint egy \u00faj ter\u00fclet k\u00f6z\u00f6s felfedez\u00e9s\u00e9re 9 \u00faj var\u00e1zslattal \u00e9s ellens\u00e9ggel. Global Steam Digit\u00e1lis kulcs","breadcrumb":{"@id":"https:\/\/prismagamers.com\/hu\/produkt\/pathfinder-az-igazak-haragja-az-utolso-sarkoriak\/#breadcrumb"},"inLanguage":"hu","potentialAction":[{"@type":"ReadAction","target":["https:\/\/prismagamers.com\/hu\/produkt\/pathfinder-az-igazak-haragja-az-utolso-sarkoriak\/"]}]},{"@type":"ImageObject","inLanguage":"hu","@id":"https:\/\/prismagamers.com\/hu\/produkt\/pathfinder-az-igazak-haragja-az-utolso-sarkoriak\/#primaryimage","url":"https:\/\/prismagamers.com\/wp-content\/uploads\/2024\/12\/Pathfinder-Wrath-of-the-Righteous-The-Last-Sarkorians1-e1734102531697.png","contentUrl":"https:\/\/prismagamers.com\/wp-content\/uploads\/2024\/12\/Pathfinder-Wrath-of-the-Righteous-The-Last-Sarkorians1-e1734102531697.png","width":300,"height":450},{"@type":"BreadcrumbList","@id":"https:\/\/prismagamers.com\/hu\/produkt\/pathfinder-az-igazak-haragja-az-utolso-sarkoriak\/#breadcrumb","itemListElement":[{"@type":"ListItem","position":1,"name":"Strona g\u0142\u00f3wna","item":"https:\/\/prismagamers.com\/hu\/prismagamers\/"},{"@type":"ListItem","position":2,"name":"Shop","item":"https:\/\/prismagamers.com\/hu\/shop\/"},{"@type":"ListItem","position":3,"name":"Pathfinder: Az igazak haragja &#8211; Az utols\u00f3 sarkoriak"}]},{"@type":"WebSite","@id":"https:\/\/prismagamers.com\/hu\/#website","url":"https:\/\/prismagamers.com\/hu\/","name":"Prismagamers","description":"Sklep z grami PC I Sklep klucze Steam","publisher":{"@id":"https:\/\/prismagamers.com\/hu\/#organization"},"potentialAction":[{"@type":"SearchAction","target":{"@type":"EntryPoint","urlTemplate":"https:\/\/prismagamers.com\/hu\/?s={search_term_string}"},"query-input":{"@type":"PropertyValueSpecification","valueRequired":true,"valueName":"search_term_string"}}],"inLanguage":"hu"},{"@type":"Organization","@id":"https:\/\/prismagamers.com\/hu\/#organization","name":"Prismagamers","url":"https:\/\/prismagamers.com\/hu\/","logo":{"@type":"ImageObject","inLanguage":"hu","@id":"https:\/\/prismagamers.com\/hu\/#\/schema\/logo\/image\/","url":"https:\/\/prismagamers.com\/wp-content\/uploads\/2022\/04\/cropped-logo-Prismagamers-01-scaled-1.jpg","contentUrl":"https:\/\/prismagamers.com\/wp-content\/uploads\/2022\/04\/cropped-logo-Prismagamers-01-scaled-1.jpg","width":512,"height":512,"caption":"Prismagamers"},"image":{"@id":"https:\/\/prismagamers.com\/hu\/#\/schema\/logo\/image\/"},"sameAs":["https:\/\/www.facebook.com\/prismagamers","https:\/\/www.instagram.com\/prismagamers_grycyfrowe\/"],"description":"Prismagamers.com to dynamiczny sklep z grami cyfrowymi, stworzony z my\u015bl\u0105 o entuzjastach gier wideo. Nasza strona oferuje szerok\u0105 gam\u0119 gier komputerowych, w tym najnowsze tytu\u0142y, dobrze znane klasyki oraz gry stworzone przez niezale\u017cne studia Ca\u0142y czas d\u0105\u017cymy do rozszerzenia naszej oferty. Do\u0142\u0105cz do nas i sta\u0144 si\u0119 cz\u0119\u015bci\u0105 naszej rosn\u0105cej spo\u0142eczno\u015bci graczy!","email":"shop@prismagamers.com","telephone":"48795541705","legalName":"East Caravan Maksym \u017bukow","foundingDate":"2012-05-10","vatID":"PL8943038612","taxID":"PL8943038612","numberOfEmployees":{"@type":"QuantitativeValue","minValue":"11","maxValue":"50"}}]}},"_links":{"self":[{"href":"https:\/\/prismagamers.com\/hu\/wp-json\/wp\/v2\/product\/38913","targetHints":{"allow":["GET"]}}],"collection":[{"href":"https:\/\/prismagamers.com\/hu\/wp-json\/wp\/v2\/product"}],"about":[{"href":"https:\/\/prismagamers.com\/hu\/wp-json\/wp\/v2\/types\/product"}],"wp:featuredmedia":[{"embeddable":true,"href":"https:\/\/prismagamers.com\/hu\/wp-json\/wp\/v2\/media\/33355"}],"wp:attachment":[{"href":"https:\/\/prismagamers.com\/hu\/wp-json\/wp\/v2\/media?parent=38913"}],"wp:term":[{"taxonomy":"product_brand","embeddable":true,"href":"https:\/\/prismagamers.com\/hu\/wp-json\/wp\/v2\/product_brand?post=38913"},{"taxonomy":"product_cat","embeddable":true,"href":"https:\/\/prismagamers.com\/hu\/wp-json\/wp\/v2\/product_cat?post=38913"},{"taxonomy":"product_tag","embeddable":true,"href":"https:\/\/prismagamers.com\/hu\/wp-json\/wp\/v2\/product_tag?post=38913"}],"curies":[{"name":"wp","href":"https:\/\/api.w.org\/{rel}","templated":true}]}}