{"id":38915,"date":"2024-06-11T18:27:24","date_gmt":"2024-06-11T16:27:24","guid":{"rendered":"https:\/\/prismagamers.com\/produkt\/warhammer-40000-rogue-trader\/"},"modified":"2025-06-17T00:00:49","modified_gmt":"2025-06-16T22:00:49","slug":"warhammer-40000-rogue-trader","status":"publish","type":"product","link":"https:\/\/prismagamers.com\/hu\/produkt\/warhammer-40000-rogue-trader\/","title":{"rendered":"Warhammer 40,000: Rogue Trader"},"content":{"rendered":"<h4>Fedezze fel a Coronus Space-t.<\/h4>\n<p>Kezdd a kalandot a szem\u00e9lyes \u00f3ri\u00e1s \u0171rhaj\u00f3d fed\u00e9lzet\u00e9n, \u00e9s utazz a Coronus \u0171r sz\u00e1mos rendszere k\u00f6z\u00f6tt, az \u0171r egy rosszul felt\u00e9rk\u00e9pezett \u00e9s hihetetlen\u00fcl vesz\u00e9lyes r\u00e9gi\u00f3j\u00e1ban. B\u00e1r a Birodalom h\u00e1torsz\u00e1g\u00e1nak tekintik, ez a ter\u00fclet egy hatalmas \u00fcres ter\u00fcletet foglal mag\u00e1ban, tele vesz\u00e9lyes l\u00e9nyekkel \u00e9s hatalmas profit- \u00e9s felfedez\u00e9si lehet\u0151s\u00e9gekkel. <\/p>\n<p><img decoding=\"async\" class=\"aligncenter\" src=\"https:\/\/shared.akamai.steamstatic.com\/store_item_assets\/steam\/apps\/2186680\/extras\/GIF_Fightingfire.gif?t=1717088193\"><\/p>\n<h4>Szedd \u00f6ssze a csapatodat.<\/h4>\n<p>A t\u00f6rv\u00e9nyen k\u00edv\u00fcli keresked\u0151k soha nem utaznak egyed\u00fcl. Gy\u0171jtsd \u00f6ssze a k\u00eds\u00e9retedet igaz h\u0151s\u00f6kb\u0151l, csavaros psz\u00fckerekb\u0151l \u00e9s \u00e1rul\u00f3 xen\u00f3kb\u00f3l. Mindannyian k\u00e9szen \u00e1llnak arra, hogy k\u00f6vessenek a csillagok k\u00f6z\u00f6tti s\u00f6t\u00e9ts\u00e9gbe. Tan\u00e1csot adnak neked, seg\u00edtenek a harcban, \u00e9s lehet\u0151v\u00e9 teszik, hogy egyre nagyobb hatalmat halmozz fel. Cser\u00e9be v\u00e9gigvezetheted \u0151ket a saj\u00e1t szem\u00e9lyes \u00fatjukon, \u00f6r\u00f6kre megv\u00e1ltoztatva a sorsukat.    <\/p>\n<p><img decoding=\"async\" class=\"aligncenter\" src=\"https:\/\/shared.akamai.steamstatic.com\/store_item_assets\/steam\/apps\/2186680\/extras\/GIF_Companions.gif?t=1717088193\"><\/p>\n<div class=\"flex flex-grow flex-col max-w-full\">\n<div class=\"min-h-[20px] text-message flex flex-col items-start whitespace-pre-wrap break-words [.text-message+&amp;]:mt-5 juice:w-full juice:items-end overflow-x-auto gap-2\" dir=\"auto\" data-message-author-role=\"assistant\" data-message-id=\"b3e3b516-27d3-4154-b70d-dda09a1852af\">\n<div class=\"flex w-full flex-col gap-1 juice:empty:hidden juice:first:pt-[3px]\">\n<div class=\"markdown prose w-full break-words dark:prose-invert light\">\n<h4>A d\u00f6nt\u00e9sei sz\u00e1m\u00edtanak, kapit\u00e1ny \u00far.<\/h4>\n<p>A k\u00fcldet\u00e9sek sor\u00e1n mutass kegyet vagy megvet\u00e9st beosztottjaidnak, maradj h\u0171s\u00e9ges az Isten-Imper\u00e1torhoz vagy sz\u00f6vetkezz az emberis\u00e9g ellens\u00e9geivel &#8211; minden d\u00f6nt\u00e9sed \u00e9s cselekedeted, m\u00e9g a karakteralkot\u00e1s sor\u00e1n is, megv\u00e1ltoztatja a j\u00e1t\u00e9k nyitott vil\u00e1g\u00e1t \u00e9s a benne \u00e9l\u0151ket.<\/p>\n<\/div>\n<\/div>\n<\/div>\n<\/div>\n<p><img decoding=\"async\" class=\"aligncenter\" src=\"https:\/\/shared.akamai.steamstatic.com\/store_item_assets\/steam\/apps\/2186680\/extras\/new_steam-2_1.gif?t=1717088193\"><\/p>\n<div class=\"flex flex-grow flex-col max-w-full\">\n<div class=\"min-h-[20px] text-message flex flex-col items-start whitespace-pre-wrap break-words [.text-message+&amp;]:mt-5 juice:w-full juice:items-end overflow-x-auto gap-2\" dir=\"auto\" data-message-author-role=\"assistant\" data-message-id=\"5d1589d5-488f-4462-b909-251c1d169b6d\">\n<div class=\"flex w-full flex-col gap-1 juice:empty:hidden juice:first:pt-[3px]\">\n<div class=\"markdown prose w-full break-words dark:prose-invert light\">\n<h4>Gondosan tervezze meg tev\u00e9kenys\u00e9geit.<\/h4>\n<p>\u00d6ld meg az emberis\u00e9g ellens\u00e9geit teljes \u00e9rt\u00e9k\u0171 izometrikus, taktikai, fordul\u00f3alap\u00fa harcban. Haszn\u00e1ld a fedez\u00e9ket, a k\u00f6rnyezetet \u00e9s a gondos helyv\u00e1ltoztat\u00e1st, hogy legy\u0151zd ellens\u00e9geidet. Ha ez nem el\u00e9g &#8211; haszn\u00e1ld t\u00e1rsaid er\u0151teljes k\u00e9pess\u00e9geit, hogy megford\u00edtsd a csata menet\u00e9t, \u00e9s m\u00e9g a legrem\u00e9nytelenebb helyzetekben is gy\u0151zelmet arass. A klasszikus Rogue Trader szab\u00e1lyk\u00f6nyv videoj\u00e1t\u00e9k-adapt\u00e1ci\u00f3ja rengeteg felfedez\u00e9sre v\u00e1r\u00f3 lehet\u0151s\u00e9get k\u00edn\u00e1l.   <\/p>\n<\/div>\n<\/div>\n<\/div>\n<\/div>\n<p><img decoding=\"async\" class=\"aligncenter\" src=\"https:\/\/shared.akamai.steamstatic.com\/store_item_assets\/steam\/apps\/2186680\/extras\/GIF_Locations.gif?t=1717088193\"><\/p>\n","protected":false},"excerpt":{"rendered":"<p class=\"ai-optimize-23\">A Games Workshop-pal egy\u00fcttm\u0171k\u00f6dve fejlesztett Warhammer 40,000: Rogue Trader egy t\u00f6rt\u00e9netben gazdag klasszikus RPG az Owlcat Games-t\u0151l, a kritikusok \u00e1ltal elismert Pathfinder: Wrath of the Righteous alkot\u00f3it\u00f3l.<\/p>\n<p class=\"ai-optimize-24\">\ud83c\udf0d Glob\u00e1lis<br \/>\n\u2699\ufe0f Steam<br \/>\n\ud83d\udddd Digit\u00e1lis kulcs<\/p>\n","protected":false},"featured_media":31781,"template":"","meta":{"_acf_changed":false,"site-sidebar-layout":"default","site-content-layout":"","ast-site-content-layout":"default","site-content-style":"default","site-sidebar-style":"default","ast-global-header-display":"","ast-banner-title-visibility":"","ast-main-header-display":"","ast-hfb-above-header-display":"","ast-hfb-below-header-display":"","ast-hfb-mobile-header-display":"","site-post-title":"","ast-breadcrumbs-content":"","ast-featured-img":"","footer-sml-layout":"","ast-disable-related-posts":"","theme-transparent-header-meta":"default","adv-header-id-meta":"","stick-header-meta":"","header-above-stick-meta":"","header-main-stick-meta":"","header-below-stick-meta":"","astra-migrate-meta-layouts":"default","ast-page-background-enabled":"default","ast-page-background-meta":{"desktop":{"background-color":"var(--ast-global-color-4)","background-image":"","background-repeat":"repeat","background-position":"center center","background-size":"auto","background-attachment":"scroll","background-type":"","background-media":"","overlay-type":"","overlay-color":"","overlay-opacity":"","overlay-gradient":""},"tablet":{"background-color":"","background-image":"","background-repeat":"repeat","background-position":"center center","background-size":"auto","background-attachment":"scroll","background-type":"","background-media":"","overlay-type":"","overlay-color":"","overlay-opacity":"","overlay-gradient":""},"mobile":{"background-color":"","background-image":"","background-repeat":"repeat","background-position":"center center","background-size":"auto","background-attachment":"scroll","background-type":"","background-media":"","overlay-type":"","overlay-color":"","overlay-opacity":"","overlay-gradient":""}},"ast-content-background-meta":{"desktop":{"background-color":"var(--ast-global-color-5)","background-image":"","background-repeat":"repeat","background-position":"center center","background-size":"auto","background-attachment":"scroll","background-type":"","background-media":"","overlay-type":"","overlay-color":"","overlay-opacity":"","overlay-gradient":""},"tablet":{"background-color":"var(--ast-global-color-5)","background-image":"","background-repeat":"repeat","background-position":"center center","background-size":"auto","background-attachment":"scroll","background-type":"","background-media":"","overlay-type":"","overlay-color":"","overlay-opacity":"","overlay-gradient":""},"mobile":{"background-color":"var(--ast-global-color-5)","background-image":"","background-repeat":"repeat","background-position":"center center","background-size":"auto","background-attachment":"scroll","background-type":"","background-media":"","overlay-type":"","overlay-color":"","overlay-opacity":"","overlay-gradient":""}}},"product_brand":[],"product_cat":[359,369,365,363,366,364,335],"product_tag":[592,542],"class_list":{"0":"post-38915","1":"product","2":"type-product","3":"status-publish","4":"has-post-thumbnail","6":"product_cat-bestseller-hu","7":"product_cat-csarnokok","8":"product_cat-goz","9":"product_cat-kaland-jatekok","10":"product_cat-meta-publishing-hu","11":"product_cat-rpg-k","12":"product_cat-wyprzedaz","13":"product_tag-may_55","14":"product_tag-pid_04-hu","15":"desktop-align-left","16":"tablet-align-left","17":"mobile-align-left","19":"first","20":"instock","21":"virtual","22":"purchasable","23":"product-type-simple"},"acf":[],"yoast_head":"<!-- This site is optimized with the Yoast SEO Premium plugin v27.4 (Yoast SEO v27.4) - https:\/\/yoast.com\/product\/yoast-seo-premium-wordpress\/ -->\n<title>Warhammer 40,000: Rogue Trader - Prismagamers.com<\/title>\n<meta name=\"description\" content=\"A Games Workshop-pal egy\u00fcttm\u0171k\u00f6dve fejlesztett Warhammer 40,000: Rogue Trader egy t\u00f6rt\u00e9netben gazdag klasszikus RPG az Owlcat Games-t\u0151l, a kritikusok \u00e1ltal elismert Pathfinder: Wrath of the Righteous alkot\u00f3it\u00f3l. \ud83c\udf0d Glob\u00e1lis \u2699\ufe0f Steam \ud83d\udddd Digit\u00e1lis kulcs\" \/>\n<meta name=\"robots\" content=\"index, follow, max-snippet:-1, max-image-preview:large, max-video-preview:-1\" \/>\n<link rel=\"canonical\" href=\"https:\/\/prismagamers.com\/hu\/produkt\/warhammer-40000-rogue-trader\/\" \/>\n<meta property=\"og:locale\" content=\"hu_HU\" \/>\n<meta property=\"og:type\" content=\"article\" \/>\n<meta property=\"og:title\" content=\"Warhammer 40,000: Rogue Trader\" \/>\n<meta property=\"og:description\" content=\"A Games Workshop-pal egy\u00fcttm\u0171k\u00f6dve fejlesztett Warhammer 40,000: Rogue Trader egy t\u00f6rt\u00e9netben gazdag klasszikus RPG az Owlcat Games-t\u0151l, a kritikusok \u00e1ltal elismert Pathfinder: Wrath of the Righteous alkot\u00f3it\u00f3l. \ud83c\udf0d Glob\u00e1lis \u2699\ufe0f Steam \ud83d\udddd Digit\u00e1lis kulcs\" \/>\n<meta property=\"og:url\" content=\"https:\/\/prismagamers.com\/hu\/produkt\/warhammer-40000-rogue-trader\/\" \/>\n<meta property=\"og:site_name\" content=\"Prismagamers.com\" \/>\n<meta property=\"article:publisher\" content=\"https:\/\/www.facebook.com\/prismagamers\" \/>\n<meta property=\"article:modified_time\" content=\"2025-06-16T22:00:49+00:00\" \/>\n<meta property=\"og:image\" content=\"https:\/\/prismagamers.com\/wp-content\/uploads\/2024\/06\/library_600x900_2x-2-e1718123207725.jpg\" \/>\n\t<meta property=\"og:image:width\" content=\"300\" \/>\n\t<meta property=\"og:image:height\" content=\"450\" \/>\n\t<meta property=\"og:image:type\" content=\"image\/jpeg\" \/>\n<meta name=\"twitter:card\" content=\"summary_large_image\" \/>\n<meta name=\"twitter:label1\" content=\"Becs\u00fclt olvas\u00e1si id\u0151\" \/>\n\t<meta name=\"twitter:data1\" content=\"2 perc\" \/>\n<script type=\"application\/ld+json\" class=\"yoast-schema-graph\">{\"@context\":\"https:\\\/\\\/schema.org\",\"@graph\":[{\"@type\":\"WebPage\",\"@id\":\"https:\\\/\\\/prismagamers.com\\\/hu\\\/produkt\\\/warhammer-40000-rogue-trader\\\/\",\"url\":\"https:\\\/\\\/prismagamers.com\\\/hu\\\/produkt\\\/warhammer-40000-rogue-trader\\\/\",\"name\":\"Warhammer 40,000: Rogue Trader - Prismagamers.com\",\"isPartOf\":{\"@id\":\"https:\\\/\\\/prismagamers.com\\\/hu\\\/#website\"},\"primaryImageOfPage\":{\"@id\":\"https:\\\/\\\/prismagamers.com\\\/hu\\\/produkt\\\/warhammer-40000-rogue-trader\\\/#primaryimage\"},\"image\":{\"@id\":\"https:\\\/\\\/prismagamers.com\\\/hu\\\/produkt\\\/warhammer-40000-rogue-trader\\\/#primaryimage\"},\"thumbnailUrl\":\"https:\\\/\\\/prismagamers.com\\\/wp-content\\\/uploads\\\/2024\\\/06\\\/library_600x900_2x-2-e1718123207725.jpg\",\"datePublished\":\"2024-06-11T16:27:24+00:00\",\"dateModified\":\"2025-06-16T22:00:49+00:00\",\"description\":\"A Games Workshop-pal egy\u00fcttm\u0171k\u00f6dve fejlesztett Warhammer 40,000: Rogue Trader egy t\u00f6rt\u00e9netben gazdag klasszikus RPG az Owlcat Games-t\u0151l, a kritikusok \u00e1ltal elismert Pathfinder: Wrath of the Righteous alkot\u00f3it\u00f3l. \ud83c\udf0d Glob\u00e1lis \u2699\ufe0f Steam \ud83d\udddd Digit\u00e1lis kulcs\",\"breadcrumb\":{\"@id\":\"https:\\\/\\\/prismagamers.com\\\/hu\\\/produkt\\\/warhammer-40000-rogue-trader\\\/#breadcrumb\"},\"inLanguage\":\"hu\",\"potentialAction\":[{\"@type\":\"ReadAction\",\"target\":[\"https:\\\/\\\/prismagamers.com\\\/hu\\\/produkt\\\/warhammer-40000-rogue-trader\\\/\"]}]},{\"@type\":\"ImageObject\",\"inLanguage\":\"hu\",\"@id\":\"https:\\\/\\\/prismagamers.com\\\/hu\\\/produkt\\\/warhammer-40000-rogue-trader\\\/#primaryimage\",\"url\":\"https:\\\/\\\/prismagamers.com\\\/wp-content\\\/uploads\\\/2024\\\/06\\\/library_600x900_2x-2-e1718123207725.jpg\",\"contentUrl\":\"https:\\\/\\\/prismagamers.com\\\/wp-content\\\/uploads\\\/2024\\\/06\\\/library_600x900_2x-2-e1718123207725.jpg\",\"width\":300,\"height\":450},{\"@type\":\"BreadcrumbList\",\"@id\":\"https:\\\/\\\/prismagamers.com\\\/hu\\\/produkt\\\/warhammer-40000-rogue-trader\\\/#breadcrumb\",\"itemListElement\":[{\"@type\":\"ListItem\",\"position\":1,\"name\":\"Strona g\u0142\u00f3wna\",\"item\":\"https:\\\/\\\/prismagamers.com\\\/hu\\\/prismagamers\\\/\"},{\"@type\":\"ListItem\",\"position\":2,\"name\":\"Shop\",\"item\":\"https:\\\/\\\/prismagamers.com\\\/hu\\\/shop\\\/\"},{\"@type\":\"ListItem\",\"position\":3,\"name\":\"Warhammer 40,000: Rogue Trader\"}]},{\"@type\":\"WebSite\",\"@id\":\"https:\\\/\\\/prismagamers.com\\\/hu\\\/#website\",\"url\":\"https:\\\/\\\/prismagamers.com\\\/hu\\\/\",\"name\":\"Prismagamers\",\"description\":\"Sklep z grami PC I Sklep klucze Steam\",\"publisher\":{\"@id\":\"https:\\\/\\\/prismagamers.com\\\/hu\\\/#organization\"},\"potentialAction\":[{\"@type\":\"SearchAction\",\"target\":{\"@type\":\"EntryPoint\",\"urlTemplate\":\"https:\\\/\\\/prismagamers.com\\\/hu\\\/?s={search_term_string}\"},\"query-input\":{\"@type\":\"PropertyValueSpecification\",\"valueRequired\":true,\"valueName\":\"search_term_string\"}}],\"inLanguage\":\"hu\"},{\"@type\":\"Organization\",\"@id\":\"https:\\\/\\\/prismagamers.com\\\/hu\\\/#organization\",\"name\":\"Prismagamers\",\"url\":\"https:\\\/\\\/prismagamers.com\\\/hu\\\/\",\"logo\":{\"@type\":\"ImageObject\",\"inLanguage\":\"hu\",\"@id\":\"https:\\\/\\\/prismagamers.com\\\/hu\\\/#\\\/schema\\\/logo\\\/image\\\/\",\"url\":\"https:\\\/\\\/prismagamers.com\\\/wp-content\\\/uploads\\\/2022\\\/04\\\/cropped-logo-Prismagamers-01-scaled-1.jpg\",\"contentUrl\":\"https:\\\/\\\/prismagamers.com\\\/wp-content\\\/uploads\\\/2022\\\/04\\\/cropped-logo-Prismagamers-01-scaled-1.jpg\",\"width\":512,\"height\":512,\"caption\":\"Prismagamers\"},\"image\":{\"@id\":\"https:\\\/\\\/prismagamers.com\\\/hu\\\/#\\\/schema\\\/logo\\\/image\\\/\"},\"sameAs\":[\"https:\\\/\\\/www.facebook.com\\\/prismagamers\",\"https:\\\/\\\/www.instagram.com\\\/prismagamers_grycyfrowe\\\/\"],\"description\":\"Prismagamers.com to dynamiczny sklep z grami cyfrowymi, stworzony z my\u015bl\u0105 o entuzjastach gier wideo. Nasza strona oferuje szerok\u0105 gam\u0119 gier komputerowych, w tym najnowsze tytu\u0142y, dobrze znane klasyki oraz gry stworzone przez niezale\u017cne studia Ca\u0142y czas d\u0105\u017cymy do rozszerzenia naszej oferty. Do\u0142\u0105cz do nas i sta\u0144 si\u0119 cz\u0119\u015bci\u0105 naszej rosn\u0105cej spo\u0142eczno\u015bci graczy!\",\"email\":\"shop@prismagamers.com\",\"telephone\":\"48795541705\",\"legalName\":\"East Caravan Maksym \u017bukow\",\"foundingDate\":\"2012-05-10\",\"vatID\":\"PL8943038612\",\"taxID\":\"PL8943038612\",\"numberOfEmployees\":{\"@type\":\"QuantitativeValue\",\"minValue\":\"11\",\"maxValue\":\"50\"}}]}<\/script>\n<!-- \/ Yoast SEO Premium plugin. -->","yoast_head_json":{"title":"Warhammer 40,000: Rogue Trader - Prismagamers.com","description":"A Games Workshop-pal egy\u00fcttm\u0171k\u00f6dve fejlesztett Warhammer 40,000: Rogue Trader egy t\u00f6rt\u00e9netben gazdag klasszikus RPG az Owlcat Games-t\u0151l, a kritikusok \u00e1ltal elismert Pathfinder: Wrath of the Righteous alkot\u00f3it\u00f3l. \ud83c\udf0d Glob\u00e1lis \u2699\ufe0f Steam \ud83d\udddd Digit\u00e1lis kulcs","robots":{"index":"index","follow":"follow","max-snippet":"max-snippet:-1","max-image-preview":"max-image-preview:large","max-video-preview":"max-video-preview:-1"},"canonical":"https:\/\/prismagamers.com\/hu\/produkt\/warhammer-40000-rogue-trader\/","og_locale":"hu_HU","og_type":"article","og_title":"Warhammer 40,000: Rogue Trader","og_description":"A Games Workshop-pal egy\u00fcttm\u0171k\u00f6dve fejlesztett Warhammer 40,000: Rogue Trader egy t\u00f6rt\u00e9netben gazdag klasszikus RPG az Owlcat Games-t\u0151l, a kritikusok \u00e1ltal elismert Pathfinder: Wrath of the Righteous alkot\u00f3it\u00f3l. \ud83c\udf0d Glob\u00e1lis \u2699\ufe0f Steam \ud83d\udddd Digit\u00e1lis kulcs","og_url":"https:\/\/prismagamers.com\/hu\/produkt\/warhammer-40000-rogue-trader\/","og_site_name":"Prismagamers.com","article_publisher":"https:\/\/www.facebook.com\/prismagamers","article_modified_time":"2025-06-16T22:00:49+00:00","og_image":[{"width":300,"height":450,"url":"https:\/\/prismagamers.com\/wp-content\/uploads\/2024\/06\/library_600x900_2x-2-e1718123207725.jpg","type":"image\/jpeg"}],"twitter_card":"summary_large_image","twitter_misc":{"Becs\u00fclt olvas\u00e1si id\u0151":"2 perc"},"schema":{"@context":"https:\/\/schema.org","@graph":[{"@type":"WebPage","@id":"https:\/\/prismagamers.com\/hu\/produkt\/warhammer-40000-rogue-trader\/","url":"https:\/\/prismagamers.com\/hu\/produkt\/warhammer-40000-rogue-trader\/","name":"Warhammer 40,000: Rogue Trader - Prismagamers.com","isPartOf":{"@id":"https:\/\/prismagamers.com\/hu\/#website"},"primaryImageOfPage":{"@id":"https:\/\/prismagamers.com\/hu\/produkt\/warhammer-40000-rogue-trader\/#primaryimage"},"image":{"@id":"https:\/\/prismagamers.com\/hu\/produkt\/warhammer-40000-rogue-trader\/#primaryimage"},"thumbnailUrl":"https:\/\/prismagamers.com\/wp-content\/uploads\/2024\/06\/library_600x900_2x-2-e1718123207725.jpg","datePublished":"2024-06-11T16:27:24+00:00","dateModified":"2025-06-16T22:00:49+00:00","description":"A Games Workshop-pal egy\u00fcttm\u0171k\u00f6dve fejlesztett Warhammer 40,000: Rogue Trader egy t\u00f6rt\u00e9netben gazdag klasszikus RPG az Owlcat Games-t\u0151l, a kritikusok \u00e1ltal elismert Pathfinder: Wrath of the Righteous alkot\u00f3it\u00f3l. \ud83c\udf0d Glob\u00e1lis \u2699\ufe0f Steam \ud83d\udddd Digit\u00e1lis kulcs","breadcrumb":{"@id":"https:\/\/prismagamers.com\/hu\/produkt\/warhammer-40000-rogue-trader\/#breadcrumb"},"inLanguage":"hu","potentialAction":[{"@type":"ReadAction","target":["https:\/\/prismagamers.com\/hu\/produkt\/warhammer-40000-rogue-trader\/"]}]},{"@type":"ImageObject","inLanguage":"hu","@id":"https:\/\/prismagamers.com\/hu\/produkt\/warhammer-40000-rogue-trader\/#primaryimage","url":"https:\/\/prismagamers.com\/wp-content\/uploads\/2024\/06\/library_600x900_2x-2-e1718123207725.jpg","contentUrl":"https:\/\/prismagamers.com\/wp-content\/uploads\/2024\/06\/library_600x900_2x-2-e1718123207725.jpg","width":300,"height":450},{"@type":"BreadcrumbList","@id":"https:\/\/prismagamers.com\/hu\/produkt\/warhammer-40000-rogue-trader\/#breadcrumb","itemListElement":[{"@type":"ListItem","position":1,"name":"Strona g\u0142\u00f3wna","item":"https:\/\/prismagamers.com\/hu\/prismagamers\/"},{"@type":"ListItem","position":2,"name":"Shop","item":"https:\/\/prismagamers.com\/hu\/shop\/"},{"@type":"ListItem","position":3,"name":"Warhammer 40,000: Rogue Trader"}]},{"@type":"WebSite","@id":"https:\/\/prismagamers.com\/hu\/#website","url":"https:\/\/prismagamers.com\/hu\/","name":"Prismagamers","description":"Sklep z grami PC I Sklep klucze Steam","publisher":{"@id":"https:\/\/prismagamers.com\/hu\/#organization"},"potentialAction":[{"@type":"SearchAction","target":{"@type":"EntryPoint","urlTemplate":"https:\/\/prismagamers.com\/hu\/?s={search_term_string}"},"query-input":{"@type":"PropertyValueSpecification","valueRequired":true,"valueName":"search_term_string"}}],"inLanguage":"hu"},{"@type":"Organization","@id":"https:\/\/prismagamers.com\/hu\/#organization","name":"Prismagamers","url":"https:\/\/prismagamers.com\/hu\/","logo":{"@type":"ImageObject","inLanguage":"hu","@id":"https:\/\/prismagamers.com\/hu\/#\/schema\/logo\/image\/","url":"https:\/\/prismagamers.com\/wp-content\/uploads\/2022\/04\/cropped-logo-Prismagamers-01-scaled-1.jpg","contentUrl":"https:\/\/prismagamers.com\/wp-content\/uploads\/2022\/04\/cropped-logo-Prismagamers-01-scaled-1.jpg","width":512,"height":512,"caption":"Prismagamers"},"image":{"@id":"https:\/\/prismagamers.com\/hu\/#\/schema\/logo\/image\/"},"sameAs":["https:\/\/www.facebook.com\/prismagamers","https:\/\/www.instagram.com\/prismagamers_grycyfrowe\/"],"description":"Prismagamers.com to dynamiczny sklep z grami cyfrowymi, stworzony z my\u015bl\u0105 o entuzjastach gier wideo. Nasza strona oferuje szerok\u0105 gam\u0119 gier komputerowych, w tym najnowsze tytu\u0142y, dobrze znane klasyki oraz gry stworzone przez niezale\u017cne studia Ca\u0142y czas d\u0105\u017cymy do rozszerzenia naszej oferty. Do\u0142\u0105cz do nas i sta\u0144 si\u0119 cz\u0119\u015bci\u0105 naszej rosn\u0105cej spo\u0142eczno\u015bci graczy!","email":"shop@prismagamers.com","telephone":"48795541705","legalName":"East Caravan Maksym \u017bukow","foundingDate":"2012-05-10","vatID":"PL8943038612","taxID":"PL8943038612","numberOfEmployees":{"@type":"QuantitativeValue","minValue":"11","maxValue":"50"}}]}},"_links":{"self":[{"href":"https:\/\/prismagamers.com\/hu\/wp-json\/wp\/v2\/product\/38915","targetHints":{"allow":["GET"]}}],"collection":[{"href":"https:\/\/prismagamers.com\/hu\/wp-json\/wp\/v2\/product"}],"about":[{"href":"https:\/\/prismagamers.com\/hu\/wp-json\/wp\/v2\/types\/product"}],"wp:featuredmedia":[{"embeddable":true,"href":"https:\/\/prismagamers.com\/hu\/wp-json\/wp\/v2\/media\/31781"}],"wp:attachment":[{"href":"https:\/\/prismagamers.com\/hu\/wp-json\/wp\/v2\/media?parent=38915"}],"wp:term":[{"taxonomy":"product_brand","embeddable":true,"href":"https:\/\/prismagamers.com\/hu\/wp-json\/wp\/v2\/product_brand?post=38915"},{"taxonomy":"product_cat","embeddable":true,"href":"https:\/\/prismagamers.com\/hu\/wp-json\/wp\/v2\/product_cat?post=38915"},{"taxonomy":"product_tag","embeddable":true,"href":"https:\/\/prismagamers.com\/hu\/wp-json\/wp\/v2\/product_tag?post=38915"}],"curies":[{"name":"wp","href":"https:\/\/api.w.org\/{rel}","templated":true}]}}