{"id":39007,"date":"2024-02-21T10:20:35","date_gmt":"2024-02-21T09:20:35","guid":{"rendered":"https:\/\/prismagamers.com\/produkt\/repafiu-kirabol-egy-bankot\/"},"modified":"2026-04-18T01:51:56","modified_gmt":"2026-04-17T23:51:56","slug":"repafiu-kirabol-egy-bankot","status":"publish","type":"product","link":"https:\/\/prismagamers.com\/hu\/produkt\/repafiu-kirabol-egy-bankot\/","title":{"rendered":"R\u00e9pafi\u00fa kirabol egy bankot"},"content":{"rendered":"<p style=\"text-align: center;\"><a href=\"https:\/\/prismagamers.com\/wp-content\/uploads\/2024\/02\/turnip-boy.png\"><img decoding=\"async\" class=\"alignnone size-medium wp-image-10918\" src=\"https:\/\/prismagamers.com\/wp-content\/uploads\/2024\/02\/turnip-boy-300x126.png\" alt=\"\" width=\"300\" height=\"126\" srcset=\"https:\/\/prismagamers.com\/wp-content\/uploads\/2024\/02\/turnip-boy-300x126.png 300w, https:\/\/prismagamers.com\/wp-content\/uploads\/2024\/02\/turnip-boy-600x251.png 600w, https:\/\/prismagamers.com\/wp-content\/uploads\/2024\/02\/turnip-boy.png 640w\" sizes=\"(max-width: 300px) 100vw, 300px\" \/><\/a><\/p>\n<div class=\"flex-1 overflow-hidden\">\n<div class=\"react-scroll-to-bottom--css-dadnn-79elbk h-full\">\n<div class=\"react-scroll-to-bottom--css-dadnn-1n7m0yu\">\n<div class=\"flex flex-col pb-9 text-sm\">\n<div class=\"w-full text-token-text-primary\" data-testid=\"conversation-turn-23\">\n<div class=\"px-4 py-2 justify-center text-base md:gap-6 m-auto\">\n<div class=\"flex flex-1 text-base mx-auto gap-3 md:px-5 lg:px-1 xl:px-5 md:max-w-3xl lg:max-w-[40rem] xl:max-w-[48rem] group final-completion\">\n<div class=\"relative flex w-full flex-col agent-turn\">\n<div class=\"flex-col gap-1 md:gap-3\">\n<div class=\"flex flex-grow flex-col max-w-full\">\n<div class=\"min-h-[20px] text-message flex flex-col items-start gap-3 whitespace-pre-wrap break-words [.text-message+&amp;]:mt-5 overflow-x-auto\" data-message-author-role=\"assistant\" data-message-id=\"fe16aa34-ea4f-43b6-b28f-7abe5edbcfe5\">\n<div class=\"markdown prose w-full break-words dark:prose-invert light\">\n<p>Turnip Boy k\u00e9szen \u00e1ll arra, hogy t\u00f6bb b\u0171ncselekm\u00e9nyt k\u00f6vessen el ebben a roguelite elemekkel tark\u00edtott v\u00edgj\u00e1t\u00e9kban. Ez\u00fattal a hivat\u00e1sos b\u0171n\u00f6z\u0151 egyes\u00edti er\u0151it a fenyeget\u0151 Mariners Csoporttal, hogy megtervezz\u00e9k \u00e9s v\u00e9grehajts\u00e1k minden id\u0151k legfurcs\u00e1bb rabl\u00e1s\u00e1t! Zsarolj t\u00faszokat, lopj \u00e9rt\u00e9kes \u00e9rt\u00e9kt\u00e1rgyakat, \u00e9s fedezd fel a Botanic Bank m\u00e9ly, s\u00f6t\u00e9t bugyrait \u00e9s t\u00f6rt\u00e9net\u00e9t.  <\/p>\n<p>A t\u00f6k\u00e9letes rabl\u00e1shoz a fekete h\u00e1l\u00f3b\u00f3l k\u00fcl\u00f6nb\u00f6z\u0151 vesz\u00e9lyes \u00e9s furcsa eszk\u00f6z\u00f6ket kell beszerezned, k\u00f6zt\u00fck egy gy\u00e9m\u00e1ntcs\u00e1k\u00e1nyt, C4-et \u00e9s egy&#8230; kartondoboz? A bankrabl\u00e1s azonban nem k\u00f6nny\u0171, ez\u00e9rt k\u00e9sz\u00fclj fel a biztons\u00e1gi \u0151r\u00f6kkel, rend\u0151r\u00f6kkel, elit SWAT-csapatokkal \u00e9s m\u00e1sokkal val\u00f3 heves l\u00f6v\u00f6ld\u00f6z\u00e9sekre! <\/p>\n<table class=\"m_6782571613985945151r0-o\" role=\"presentation\" border=\"0\" width=\"399\" cellspacing=\"0\" cellpadding=\"0\">\n<tbody>\n<tr>\n<td class=\"m_6782571613985945151r35-i\"><img decoding=\"async\" class=\"CToWUd a6T aligncenter\" tabindex=\"0\" src=\"https:\/\/ci3.googleusercontent.com\/meips\/ADKq_NZ5uGiFBJNSXuPWZxytlQoa_DJsNB1Fgo9i7tKBhTDhF5HRCvzekJSbVqyw4tXn6mNrId8FCbq7AUnNOnA0RSpZuo3O65k3tEacVokp_NCL4Dwtffuo5AWyjctO42Xe8sXG0tF2-BUN78huF6kPlqINCBXT7A=s0-d-e1-ft#https:\/\/img.mail.plugindigital.com\/im\/sh\/tmXH8xeyA6oX.png?u=92pJLo34vnrQtz63txBdGHWZF3kCVj33h9X\" width=\"399\" border=\"0\" data-bit=\"iit\"><\/p>\n<p><img decoding=\"async\" class=\"an1\" src=\"https:\/\/fonts.gstatic.com\/s\/e\/notoemoji\/15.0\/1f9c5\/72.png\" alt=\"\ud83e\uddc5\" data-emoji=\"\ud83e\uddc5\" aria-label=\"\ud83e\uddc5\">  Szenved\u00e9lyes egyj\u00e1t\u00e9kos kaland, tele bankrabl\u00e1ssal, a s\u00f6t\u00e9t vil\u00e1gh\u00e1l\u00f3 b\u00f6ng\u00e9sz\u00e9s\u00e9vel \u00e9s a rend\u0151rs\u00e9ggel val\u00f3 harccal.<\/p>\n<p>&nbsp;<\/p>\n<p><img decoding=\"async\" class=\"an1\" src=\"https:\/\/fonts.gstatic.com\/s\/e\/notoemoji\/15.0\/1f955\/72.png\" alt=\"\ud83e\udd55\" data-emoji=\"\ud83e\udd55\" aria-label=\"\ud83e\udd55\">  A roguelite elemei f\u0171szerezik az akci\u00f3t.<\/p>\n<p>&nbsp;<\/p>\n<p><img decoding=\"async\" class=\"an1\" src=\"https:\/\/fonts.gstatic.com\/s\/e\/notoemoji\/15.0\/1f34e\/72.png\" alt=\"\ud83c\udf4e\" data-emoji=\"\ud83c\udf4e\" aria-label=\"\ud83c\udf4e\">  Egy nagy, r\u00e9gi bank, amelyet fel kell fedezni \u00e9s ki kell rabolni.<\/p>\n<p>&nbsp;<\/p>\n<p><img decoding=\"async\" class=\"an1\" src=\"https:\/\/fonts.gstatic.com\/s\/e\/notoemoji\/15.0\/1f33d\/72.png\" alt=\"\ud83c\udf3d\" data-emoji=\"\ud83c\udf3d\" aria-label=\"\ud83c\udf3d\"> <span style=\"font-size: 16px; font-family: inherit;\">Egy sor \u0151r\u00fclt fegyver.<\/span><\/p>\n<p><img decoding=\"async\" class=\"an1\" src=\"https:\/\/fonts.gstatic.com\/s\/e\/notoemoji\/15.0\/1f9c4\/72.png\" alt=\"\ud83e\uddc4\" data-emoji=\"\ud83e\uddc4\" aria-label=\"\ud83e\uddc4\">  Sz\u00e1llj szembe b\u00e1rkivel, akit a bank az utadba dob, intenz\u00edv l\u00f6v\u00f6ld\u00f6z\u00e9sekben, a biztons\u00e1gi \u0151r\u00f6kt\u0151l kezdve az elit SWAT csapatokig, n\u00f6v\u00e9nyi h\u0151s\u00f6kkel!<\/p>\n<p>&nbsp;<\/p>\n<p><img decoding=\"async\" class=\"an1\" src=\"https:\/\/fonts.gstatic.com\/s\/e\/notoemoji\/15.0\/1f345\/72.png\" alt=\"\ud83c\udf45\" data-emoji=\"\ud83c\udf45\" aria-label=\"\ud83c\udf45\"> <span style=\"font-size: 16px; font-family: inherit;\">K\u00fcl\u00f6nc, \u00e9teleken alapul\u00f3 karakterek sokas\u00e1ga, k\u00f6zt\u00fck n\u00e9h\u00e1ny ismer\u0151s arc \u00e9s \u00faj lakosok saj\u00e1t t\u00f6rt\u00e9netekkel \u00e9s probl\u00e9m\u00e1kkal.<\/span><\/p>\n<p>&nbsp;<\/p>\n<p><img decoding=\"async\" class=\"an1\" src=\"https:\/\/fonts.gstatic.com\/s\/e\/notoemoji\/15.0\/1f966\/72.png\" alt=\"\ud83e\udd66\" data-emoji=\"\ud83e\udd66\" aria-label=\"\ud83e\udd66\"> <span style=\"font-size: 16px; font-family: inherit;\">Gy\u0171jthet\u0151 fejfed\u0151ket viselhetsz, \u00e9s nagyszer\u0171 \u00faj zen\u00e9ket j\u00e1tszhatsz le teljes sebess\u00e9ggel.<\/span><\/p>\n<p>&nbsp;<\/p>\n<p><img decoding=\"async\" class=\"an1\" src=\"https:\/\/fonts.gstatic.com\/s\/e\/notoemoji\/15.0\/1f352\/72.png\" alt=\"\ud83c\udf52\" data-emoji=\"\ud83c\udf52\" aria-label=\"\ud83c\udf52\">  Fedezd fel a R\u00e9pafi\u00fa vil\u00e1g\u00e1nak m\u00e9lyebb t\u00f6rt\u00e9net\u00e9t, \u00e9s azt, hogyan v\u00e1lt azz\u00e1, ami.<\/td>\n<\/tr>\n<\/tbody>\n<\/table>\n<\/div>\n<\/div>\n<\/div>\n<\/div>\n<\/div>\n<\/div>\n<\/div>\n<\/div>\n<\/div>\n<\/div>\n<\/div>\n<\/div>\n","protected":false},"excerpt":{"rendered":"<p class=\"ai-optimize-26\">A R\u00e9pafi\u00fa visszat\u00e9rt! Ez\u00fattal \u00f6sszefog a fenyeget\u0151 Mariners csoporttal, hogy megtervezz\u00e9k \u00e9s v\u00e9grehajts\u00e1k minden id\u0151k legfurcs\u00e1bb rabl\u00e1s\u00e1t. Zsarolj t\u00faszokat, lopj el \u00e9rt\u00e9kes \u00e9rt\u00e9kt\u00e1rgyakat, sz\u00e1llj szembe a rend\u0151rs\u00e9ggel, \u00e9s haszn\u00e1lj az internet s\u00f6t\u00e9t oldal\u00e1n v\u00e1s\u00e1rolt \u0151r\u00fclt eszk\u00f6z\u00f6ket, hogy m\u00e9g m\u00e9lyebbre juss a Botanical Bank p\u00e1nc\u00e9lterm\u00e9ben.  <\/p>\n<p class=\"ai-optimize-27\"><img decoding=\"async\" class=\"emoji\" role=\"img\" src=\"https:\/\/s.w.org\/images\/core\/emoji\/14.0.0\/svg\/1f30d.svg\" alt=\"\ud83c\udf0d\">  Global<br \/>\n<img decoding=\"async\" class=\"emoji\" role=\"img\" src=\"https:\/\/s.w.org\/images\/core\/emoji\/14.0.0\/svg\/2699.svg\" alt=\"\u2699\ufe0f\"> Steam<br \/>\n<img decoding=\"async\" class=\"emoji\" role=\"img\" src=\"https:\/\/s.w.org\/images\/core\/emoji\/14.0.0\/svg\/1f5dd.svg\" alt=\"\ud83d\udddd\"> Digit\u00e1lis kulcs<\/p>\n","protected":false},"featured_media":30113,"template":"","meta":{"_acf_changed":false,"site-sidebar-layout":"default","site-content-layout":"","ast-site-content-layout":"default","site-content-style":"default","site-sidebar-style":"default","ast-global-header-display":"","ast-banner-title-visibility":"","ast-main-header-display":"","ast-hfb-above-header-display":"","ast-hfb-below-header-display":"","ast-hfb-mobile-header-display":"","site-post-title":"","ast-breadcrumbs-content":"","ast-featured-img":"","footer-sml-layout":"","ast-disable-related-posts":"","theme-transparent-header-meta":"default","adv-header-id-meta":"","stick-header-meta":"","header-above-stick-meta":"","header-main-stick-meta":"","header-below-stick-meta":"","astra-migrate-meta-layouts":"default","ast-page-background-enabled":"default","ast-page-background-meta":{"desktop":{"background-color":"var(--ast-global-color-4)","background-image":"","background-repeat":"repeat","background-position":"center center","background-size":"auto","background-attachment":"scroll","background-type":"","background-media":"","overlay-type":"","overlay-color":"","overlay-opacity":"","overlay-gradient":""},"tablet":{"background-color":"","background-image":"","background-repeat":"repeat","background-position":"center center","background-size":"auto","background-attachment":"scroll","background-type":"","background-media":"","overlay-type":"","overlay-color":"","overlay-opacity":"","overlay-gradient":""},"mobile":{"background-color":"","background-image":"","background-repeat":"repeat","background-position":"center center","background-size":"auto","background-attachment":"scroll","background-type":"","background-media":"","overlay-type":"","overlay-color":"","overlay-opacity":"","overlay-gradient":""}},"ast-content-background-meta":{"desktop":{"background-color":"var(--ast-global-color-5)","background-image":"","background-repeat":"repeat","background-position":"center center","background-size":"auto","background-attachment":"scroll","background-type":"","background-media":"","overlay-type":"","overlay-color":"","overlay-opacity":"","overlay-gradient":""},"tablet":{"background-color":"var(--ast-global-color-5)","background-image":"","background-repeat":"repeat","background-position":"center center","background-size":"auto","background-attachment":"scroll","background-type":"","background-media":"","overlay-type":"","overlay-color":"","overlay-opacity":"","overlay-gradient":""},"mobile":{"background-color":"var(--ast-global-color-5)","background-image":"","background-repeat":"repeat","background-position":"center center","background-size":"auto","background-attachment":"scroll","background-type":"","background-media":"","overlay-type":"","overlay-color":"","overlay-opacity":"","overlay-gradient":""}}},"product_brand":[],"product_cat":[371,365,458,363,378,367],"product_tag":[],"class_list":{"0":"post-39007","1":"product","2":"type-product","3":"status-publish","4":"has-post-thumbnail","6":"product_cat-akcio-jatekok","7":"product_cat-goz","8":"product_cat-graffiti-games-hu","9":"product_cat-kaland-jatekok","10":"product_cat-minden-digitalis-jatek","11":"product_cat-pc-jatekok","12":"desktop-align-left","13":"tablet-align-left","14":"mobile-align-left","16":"first","17":"instock","18":"virtual","19":"purchasable","20":"product-type-simple"},"acf":[],"yoast_head":"<!-- This site is optimized with the Yoast SEO Premium plugin v27.4 (Yoast SEO v27.4) - https:\/\/yoast.com\/product\/yoast-seo-premium-wordpress\/ -->\n<title>R\u00e9pafi\u00fa kirabol egy bankot - Prismagamers.com<\/title>\n<meta name=\"description\" content=\"A R\u00e9pafi\u00fa visszat\u00e9rt! Ez\u00fattal \u00f6sszefog a fenyeget\u0151 Mariners csoporttal, hogy megtervezz\u00e9k \u00e9s v\u00e9grehajts\u00e1k minden id\u0151k legfurcs\u00e1bb rabl\u00e1s\u00e1t. Zsarolj t\u00faszokat, lopj el \u00e9rt\u00e9kes \u00e9rt\u00e9kt\u00e1rgyakat, sz\u00e1llj szembe a rend\u0151rs\u00e9ggel, \u00e9s haszn\u00e1lj az internet s\u00f6t\u00e9t oldal\u00e1n v\u00e1s\u00e1rolt \u0151r\u00fclt eszk\u00f6z\u00f6ket, hogy m\u00e9g m\u00e9lyebbre juss a Botanical Bank p\u00e1nc\u00e9lterm\u00e9ben.   Global Steam Digit\u00e1lis kulcs\" \/>\n<meta name=\"robots\" content=\"index, follow, max-snippet:-1, max-image-preview:large, max-video-preview:-1\" \/>\n<link rel=\"canonical\" href=\"https:\/\/prismagamers.com\/hu\/produkt\/repafiu-kirabol-egy-bankot\/\" \/>\n<meta property=\"og:locale\" content=\"hu_HU\" \/>\n<meta property=\"og:type\" content=\"article\" \/>\n<meta property=\"og:title\" content=\"R\u00e9pafi\u00fa kirabol egy bankot\" \/>\n<meta property=\"og:description\" content=\"A R\u00e9pafi\u00fa visszat\u00e9rt! Ez\u00fattal \u00f6sszefog a fenyeget\u0151 Mariners csoporttal, hogy megtervezz\u00e9k \u00e9s v\u00e9grehajts\u00e1k minden id\u0151k legfurcs\u00e1bb rabl\u00e1s\u00e1t. Zsarolj t\u00faszokat, lopj el \u00e9rt\u00e9kes \u00e9rt\u00e9kt\u00e1rgyakat, sz\u00e1llj szembe a rend\u0151rs\u00e9ggel, \u00e9s haszn\u00e1lj az internet s\u00f6t\u00e9t oldal\u00e1n v\u00e1s\u00e1rolt \u0151r\u00fclt eszk\u00f6z\u00f6ket, hogy m\u00e9g m\u00e9lyebbre juss a Botanical Bank p\u00e1nc\u00e9lterm\u00e9ben.   Global Steam Digit\u00e1lis kulcs\" \/>\n<meta property=\"og:url\" content=\"https:\/\/prismagamers.com\/hu\/produkt\/repafiu-kirabol-egy-bankot\/\" \/>\n<meta property=\"og:site_name\" content=\"Prismagamers.com\" \/>\n<meta property=\"article:publisher\" content=\"https:\/\/www.facebook.com\/prismagamers\" \/>\n<meta property=\"article:modified_time\" content=\"2026-04-17T23:51:56+00:00\" \/>\n<meta property=\"og:image\" content=\"https:\/\/prismagamers.com\/wp-content\/uploads\/2024\/02\/unnamed_box-e1708507032191.jpg\" \/>\n\t<meta property=\"og:image:width\" content=\"285\" \/>\n\t<meta property=\"og:image:height\" content=\"353\" \/>\n\t<meta property=\"og:image:type\" content=\"image\/jpeg\" \/>\n<meta name=\"twitter:card\" content=\"summary_large_image\" \/>\n<meta name=\"twitter:label1\" content=\"Becs\u00fclt olvas\u00e1si id\u0151\" \/>\n\t<meta name=\"twitter:data1\" content=\"2 perc\" \/>\n<script type=\"application\/ld+json\" class=\"yoast-schema-graph\">{\"@context\":\"https:\\\/\\\/schema.org\",\"@graph\":[{\"@type\":\"WebPage\",\"@id\":\"https:\\\/\\\/prismagamers.com\\\/hu\\\/produkt\\\/repafiu-kirabol-egy-bankot\\\/\",\"url\":\"https:\\\/\\\/prismagamers.com\\\/hu\\\/produkt\\\/repafiu-kirabol-egy-bankot\\\/\",\"name\":\"R\u00e9pafi\u00fa kirabol egy bankot - Prismagamers.com\",\"isPartOf\":{\"@id\":\"https:\\\/\\\/prismagamers.com\\\/hu\\\/#website\"},\"primaryImageOfPage\":{\"@id\":\"https:\\\/\\\/prismagamers.com\\\/hu\\\/produkt\\\/repafiu-kirabol-egy-bankot\\\/#primaryimage\"},\"image\":{\"@id\":\"https:\\\/\\\/prismagamers.com\\\/hu\\\/produkt\\\/repafiu-kirabol-egy-bankot\\\/#primaryimage\"},\"thumbnailUrl\":\"https:\\\/\\\/prismagamers.com\\\/wp-content\\\/uploads\\\/2024\\\/02\\\/unnamed_box-e1708507032191.jpg\",\"datePublished\":\"2024-02-21T09:20:35+00:00\",\"dateModified\":\"2026-04-17T23:51:56+00:00\",\"description\":\"A R\u00e9pafi\u00fa visszat\u00e9rt! Ez\u00fattal \u00f6sszefog a fenyeget\u0151 Mariners csoporttal, hogy megtervezz\u00e9k \u00e9s v\u00e9grehajts\u00e1k minden id\u0151k legfurcs\u00e1bb rabl\u00e1s\u00e1t. Zsarolj t\u00faszokat, lopj el \u00e9rt\u00e9kes \u00e9rt\u00e9kt\u00e1rgyakat, sz\u00e1llj szembe a rend\u0151rs\u00e9ggel, \u00e9s haszn\u00e1lj az internet s\u00f6t\u00e9t oldal\u00e1n v\u00e1s\u00e1rolt \u0151r\u00fclt eszk\u00f6z\u00f6ket, hogy m\u00e9g m\u00e9lyebbre juss a Botanical Bank p\u00e1nc\u00e9lterm\u00e9ben. Global Steam Digit\u00e1lis kulcs\",\"breadcrumb\":{\"@id\":\"https:\\\/\\\/prismagamers.com\\\/hu\\\/produkt\\\/repafiu-kirabol-egy-bankot\\\/#breadcrumb\"},\"inLanguage\":\"hu\",\"potentialAction\":[{\"@type\":\"ReadAction\",\"target\":[\"https:\\\/\\\/prismagamers.com\\\/hu\\\/produkt\\\/repafiu-kirabol-egy-bankot\\\/\"]}]},{\"@type\":\"ImageObject\",\"inLanguage\":\"hu\",\"@id\":\"https:\\\/\\\/prismagamers.com\\\/hu\\\/produkt\\\/repafiu-kirabol-egy-bankot\\\/#primaryimage\",\"url\":\"https:\\\/\\\/prismagamers.com\\\/wp-content\\\/uploads\\\/2024\\\/02\\\/unnamed_box-e1708507032191.jpg\",\"contentUrl\":\"https:\\\/\\\/prismagamers.com\\\/wp-content\\\/uploads\\\/2024\\\/02\\\/unnamed_box-e1708507032191.jpg\",\"width\":285,\"height\":353},{\"@type\":\"BreadcrumbList\",\"@id\":\"https:\\\/\\\/prismagamers.com\\\/hu\\\/produkt\\\/repafiu-kirabol-egy-bankot\\\/#breadcrumb\",\"itemListElement\":[{\"@type\":\"ListItem\",\"position\":1,\"name\":\"Strona g\u0142\u00f3wna\",\"item\":\"https:\\\/\\\/prismagamers.com\\\/hu\\\/prismagamers\\\/\"},{\"@type\":\"ListItem\",\"position\":2,\"name\":\"Shop\",\"item\":\"https:\\\/\\\/prismagamers.com\\\/hu\\\/shop\\\/\"},{\"@type\":\"ListItem\",\"position\":3,\"name\":\"R\u00e9pafi\u00fa kirabol egy bankot\"}]},{\"@type\":\"WebSite\",\"@id\":\"https:\\\/\\\/prismagamers.com\\\/hu\\\/#website\",\"url\":\"https:\\\/\\\/prismagamers.com\\\/hu\\\/\",\"name\":\"Prismagamers\",\"description\":\"Sklep z grami PC I Sklep klucze Steam\",\"publisher\":{\"@id\":\"https:\\\/\\\/prismagamers.com\\\/hu\\\/#organization\"},\"potentialAction\":[{\"@type\":\"SearchAction\",\"target\":{\"@type\":\"EntryPoint\",\"urlTemplate\":\"https:\\\/\\\/prismagamers.com\\\/hu\\\/?s={search_term_string}\"},\"query-input\":{\"@type\":\"PropertyValueSpecification\",\"valueRequired\":true,\"valueName\":\"search_term_string\"}}],\"inLanguage\":\"hu\"},{\"@type\":\"Organization\",\"@id\":\"https:\\\/\\\/prismagamers.com\\\/hu\\\/#organization\",\"name\":\"Prismagamers\",\"url\":\"https:\\\/\\\/prismagamers.com\\\/hu\\\/\",\"logo\":{\"@type\":\"ImageObject\",\"inLanguage\":\"hu\",\"@id\":\"https:\\\/\\\/prismagamers.com\\\/hu\\\/#\\\/schema\\\/logo\\\/image\\\/\",\"url\":\"https:\\\/\\\/prismagamers.com\\\/wp-content\\\/uploads\\\/2022\\\/04\\\/cropped-logo-Prismagamers-01-scaled-1.jpg\",\"contentUrl\":\"https:\\\/\\\/prismagamers.com\\\/wp-content\\\/uploads\\\/2022\\\/04\\\/cropped-logo-Prismagamers-01-scaled-1.jpg\",\"width\":512,\"height\":512,\"caption\":\"Prismagamers\"},\"image\":{\"@id\":\"https:\\\/\\\/prismagamers.com\\\/hu\\\/#\\\/schema\\\/logo\\\/image\\\/\"},\"sameAs\":[\"https:\\\/\\\/www.facebook.com\\\/prismagamers\",\"https:\\\/\\\/www.instagram.com\\\/prismagamers_grycyfrowe\\\/\"],\"description\":\"Prismagamers.com to dynamiczny sklep z grami cyfrowymi, stworzony z my\u015bl\u0105 o entuzjastach gier wideo. Nasza strona oferuje szerok\u0105 gam\u0119 gier komputerowych, w tym najnowsze tytu\u0142y, dobrze znane klasyki oraz gry stworzone przez niezale\u017cne studia Ca\u0142y czas d\u0105\u017cymy do rozszerzenia naszej oferty. Do\u0142\u0105cz do nas i sta\u0144 si\u0119 cz\u0119\u015bci\u0105 naszej rosn\u0105cej spo\u0142eczno\u015bci graczy!\",\"email\":\"shop@prismagamers.com\",\"telephone\":\"48795541705\",\"legalName\":\"East Caravan Maksym \u017bukow\",\"foundingDate\":\"2012-05-10\",\"vatID\":\"PL8943038612\",\"taxID\":\"PL8943038612\",\"numberOfEmployees\":{\"@type\":\"QuantitativeValue\",\"minValue\":\"11\",\"maxValue\":\"50\"}}]}<\/script>\n<!-- \/ Yoast SEO Premium plugin. -->","yoast_head_json":{"title":"R\u00e9pafi\u00fa kirabol egy bankot - Prismagamers.com","description":"A R\u00e9pafi\u00fa visszat\u00e9rt! Ez\u00fattal \u00f6sszefog a fenyeget\u0151 Mariners csoporttal, hogy megtervezz\u00e9k \u00e9s v\u00e9grehajts\u00e1k minden id\u0151k legfurcs\u00e1bb rabl\u00e1s\u00e1t. Zsarolj t\u00faszokat, lopj el \u00e9rt\u00e9kes \u00e9rt\u00e9kt\u00e1rgyakat, sz\u00e1llj szembe a rend\u0151rs\u00e9ggel, \u00e9s haszn\u00e1lj az internet s\u00f6t\u00e9t oldal\u00e1n v\u00e1s\u00e1rolt \u0151r\u00fclt eszk\u00f6z\u00f6ket, hogy m\u00e9g m\u00e9lyebbre juss a Botanical Bank p\u00e1nc\u00e9lterm\u00e9ben.   Global Steam Digit\u00e1lis kulcs","robots":{"index":"index","follow":"follow","max-snippet":"max-snippet:-1","max-image-preview":"max-image-preview:large","max-video-preview":"max-video-preview:-1"},"canonical":"https:\/\/prismagamers.com\/hu\/produkt\/repafiu-kirabol-egy-bankot\/","og_locale":"hu_HU","og_type":"article","og_title":"R\u00e9pafi\u00fa kirabol egy bankot","og_description":"A R\u00e9pafi\u00fa visszat\u00e9rt! Ez\u00fattal \u00f6sszefog a fenyeget\u0151 Mariners csoporttal, hogy megtervezz\u00e9k \u00e9s v\u00e9grehajts\u00e1k minden id\u0151k legfurcs\u00e1bb rabl\u00e1s\u00e1t. Zsarolj t\u00faszokat, lopj el \u00e9rt\u00e9kes \u00e9rt\u00e9kt\u00e1rgyakat, sz\u00e1llj szembe a rend\u0151rs\u00e9ggel, \u00e9s haszn\u00e1lj az internet s\u00f6t\u00e9t oldal\u00e1n v\u00e1s\u00e1rolt \u0151r\u00fclt eszk\u00f6z\u00f6ket, hogy m\u00e9g m\u00e9lyebbre juss a Botanical Bank p\u00e1nc\u00e9lterm\u00e9ben.   Global Steam Digit\u00e1lis kulcs","og_url":"https:\/\/prismagamers.com\/hu\/produkt\/repafiu-kirabol-egy-bankot\/","og_site_name":"Prismagamers.com","article_publisher":"https:\/\/www.facebook.com\/prismagamers","article_modified_time":"2026-04-17T23:51:56+00:00","og_image":[{"width":285,"height":353,"url":"https:\/\/prismagamers.com\/wp-content\/uploads\/2024\/02\/unnamed_box-e1708507032191.jpg","type":"image\/jpeg"}],"twitter_card":"summary_large_image","twitter_misc":{"Becs\u00fclt olvas\u00e1si id\u0151":"2 perc"},"schema":{"@context":"https:\/\/schema.org","@graph":[{"@type":"WebPage","@id":"https:\/\/prismagamers.com\/hu\/produkt\/repafiu-kirabol-egy-bankot\/","url":"https:\/\/prismagamers.com\/hu\/produkt\/repafiu-kirabol-egy-bankot\/","name":"R\u00e9pafi\u00fa kirabol egy bankot - Prismagamers.com","isPartOf":{"@id":"https:\/\/prismagamers.com\/hu\/#website"},"primaryImageOfPage":{"@id":"https:\/\/prismagamers.com\/hu\/produkt\/repafiu-kirabol-egy-bankot\/#primaryimage"},"image":{"@id":"https:\/\/prismagamers.com\/hu\/produkt\/repafiu-kirabol-egy-bankot\/#primaryimage"},"thumbnailUrl":"https:\/\/prismagamers.com\/wp-content\/uploads\/2024\/02\/unnamed_box-e1708507032191.jpg","datePublished":"2024-02-21T09:20:35+00:00","dateModified":"2026-04-17T23:51:56+00:00","description":"A R\u00e9pafi\u00fa visszat\u00e9rt! Ez\u00fattal \u00f6sszefog a fenyeget\u0151 Mariners csoporttal, hogy megtervezz\u00e9k \u00e9s v\u00e9grehajts\u00e1k minden id\u0151k legfurcs\u00e1bb rabl\u00e1s\u00e1t. Zsarolj t\u00faszokat, lopj el \u00e9rt\u00e9kes \u00e9rt\u00e9kt\u00e1rgyakat, sz\u00e1llj szembe a rend\u0151rs\u00e9ggel, \u00e9s haszn\u00e1lj az internet s\u00f6t\u00e9t oldal\u00e1n v\u00e1s\u00e1rolt \u0151r\u00fclt eszk\u00f6z\u00f6ket, hogy m\u00e9g m\u00e9lyebbre juss a Botanical Bank p\u00e1nc\u00e9lterm\u00e9ben. Global Steam Digit\u00e1lis kulcs","breadcrumb":{"@id":"https:\/\/prismagamers.com\/hu\/produkt\/repafiu-kirabol-egy-bankot\/#breadcrumb"},"inLanguage":"hu","potentialAction":[{"@type":"ReadAction","target":["https:\/\/prismagamers.com\/hu\/produkt\/repafiu-kirabol-egy-bankot\/"]}]},{"@type":"ImageObject","inLanguage":"hu","@id":"https:\/\/prismagamers.com\/hu\/produkt\/repafiu-kirabol-egy-bankot\/#primaryimage","url":"https:\/\/prismagamers.com\/wp-content\/uploads\/2024\/02\/unnamed_box-e1708507032191.jpg","contentUrl":"https:\/\/prismagamers.com\/wp-content\/uploads\/2024\/02\/unnamed_box-e1708507032191.jpg","width":285,"height":353},{"@type":"BreadcrumbList","@id":"https:\/\/prismagamers.com\/hu\/produkt\/repafiu-kirabol-egy-bankot\/#breadcrumb","itemListElement":[{"@type":"ListItem","position":1,"name":"Strona g\u0142\u00f3wna","item":"https:\/\/prismagamers.com\/hu\/prismagamers\/"},{"@type":"ListItem","position":2,"name":"Shop","item":"https:\/\/prismagamers.com\/hu\/shop\/"},{"@type":"ListItem","position":3,"name":"R\u00e9pafi\u00fa kirabol egy bankot"}]},{"@type":"WebSite","@id":"https:\/\/prismagamers.com\/hu\/#website","url":"https:\/\/prismagamers.com\/hu\/","name":"Prismagamers","description":"Sklep z grami PC I Sklep klucze Steam","publisher":{"@id":"https:\/\/prismagamers.com\/hu\/#organization"},"potentialAction":[{"@type":"SearchAction","target":{"@type":"EntryPoint","urlTemplate":"https:\/\/prismagamers.com\/hu\/?s={search_term_string}"},"query-input":{"@type":"PropertyValueSpecification","valueRequired":true,"valueName":"search_term_string"}}],"inLanguage":"hu"},{"@type":"Organization","@id":"https:\/\/prismagamers.com\/hu\/#organization","name":"Prismagamers","url":"https:\/\/prismagamers.com\/hu\/","logo":{"@type":"ImageObject","inLanguage":"hu","@id":"https:\/\/prismagamers.com\/hu\/#\/schema\/logo\/image\/","url":"https:\/\/prismagamers.com\/wp-content\/uploads\/2022\/04\/cropped-logo-Prismagamers-01-scaled-1.jpg","contentUrl":"https:\/\/prismagamers.com\/wp-content\/uploads\/2022\/04\/cropped-logo-Prismagamers-01-scaled-1.jpg","width":512,"height":512,"caption":"Prismagamers"},"image":{"@id":"https:\/\/prismagamers.com\/hu\/#\/schema\/logo\/image\/"},"sameAs":["https:\/\/www.facebook.com\/prismagamers","https:\/\/www.instagram.com\/prismagamers_grycyfrowe\/"],"description":"Prismagamers.com to dynamiczny sklep z grami cyfrowymi, stworzony z my\u015bl\u0105 o entuzjastach gier wideo. Nasza strona oferuje szerok\u0105 gam\u0119 gier komputerowych, w tym najnowsze tytu\u0142y, dobrze znane klasyki oraz gry stworzone przez niezale\u017cne studia Ca\u0142y czas d\u0105\u017cymy do rozszerzenia naszej oferty. Do\u0142\u0105cz do nas i sta\u0144 si\u0119 cz\u0119\u015bci\u0105 naszej rosn\u0105cej spo\u0142eczno\u015bci graczy!","email":"shop@prismagamers.com","telephone":"48795541705","legalName":"East Caravan Maksym \u017bukow","foundingDate":"2012-05-10","vatID":"PL8943038612","taxID":"PL8943038612","numberOfEmployees":{"@type":"QuantitativeValue","minValue":"11","maxValue":"50"}}]}},"_links":{"self":[{"href":"https:\/\/prismagamers.com\/hu\/wp-json\/wp\/v2\/product\/39007","targetHints":{"allow":["GET"]}}],"collection":[{"href":"https:\/\/prismagamers.com\/hu\/wp-json\/wp\/v2\/product"}],"about":[{"href":"https:\/\/prismagamers.com\/hu\/wp-json\/wp\/v2\/types\/product"}],"wp:featuredmedia":[{"embeddable":true,"href":"https:\/\/prismagamers.com\/hu\/wp-json\/wp\/v2\/media\/30113"}],"wp:attachment":[{"href":"https:\/\/prismagamers.com\/hu\/wp-json\/wp\/v2\/media?parent=39007"}],"wp:term":[{"taxonomy":"product_brand","embeddable":true,"href":"https:\/\/prismagamers.com\/hu\/wp-json\/wp\/v2\/product_brand?post=39007"},{"taxonomy":"product_cat","embeddable":true,"href":"https:\/\/prismagamers.com\/hu\/wp-json\/wp\/v2\/product_cat?post=39007"},{"taxonomy":"product_tag","embeddable":true,"href":"https:\/\/prismagamers.com\/hu\/wp-json\/wp\/v2\/product_tag?post=39007"}],"curies":[{"name":"wp","href":"https:\/\/api.w.org\/{rel}","templated":true}]}}