{"id":39185,"date":"2025-06-18T21:36:26","date_gmt":"2025-06-18T19:36:26","guid":{"rendered":"https:\/\/prismagamers.com\/produkt\/jotunnslayer-hordes-of-hel\/"},"modified":"2025-12-01T00:15:09","modified_gmt":"2025-11-30T23:15:09","slug":"jotunnslayer-hordes-of-hel","status":"publish","type":"product","link":"https:\/\/prismagamers.com\/hu\/produkt\/jotunnslayer-hordes-of-hel\/","title":{"rendered":"Jotunnslayer: Hordes of Hel"},"content":{"rendered":"<p class=\"ai-optimize-29 ai-optimize-introduction\" data-start=\"53\" data-end=\"380\">A <strong data-start=\"53\" data-end=\"84\">Jotunnslayer: Hordes of Hel<\/strong> egy izgalmas horda-t\u00fal\u00e9l\u0151 roguelike j\u00e1t\u00e9k, amely leny\u0171g\u00f6z\u0151 grafik\u00e1t \u00e9s dinamikus j\u00e1t\u00e9kmenetet k\u00edn\u00e1l. V\u00e1lassz egyet a hal\u00e1lra\u00edt\u00e9lt h\u0151s\u00f6k k\u00f6z\u00fcl, \u00e9s n\u00e9zz szembe az istenek megpr\u00f3b\u00e1ltat\u00e1saival, mik\u00f6zben mitikus ellenfelek hull\u00e1maival k\u00fczdesz. Ha siker\u00fcl t\u00fal\u00e9lned az \u00f6sszes pr\u00f3b\u00e1t, te leszel a kiv\u00e1lasztott Jotunnslayer.  <\/p>\n<p class=\"ai-optimize-30\" data-start=\"382\" data-end=\"675\">Vegy\u00e9l r\u00e9szt izgalmas csat\u00e1kban, v\u00e9dd ki az ellens\u00e9g v\u00e9gtelen hull\u00e1mait, teljes\u00edtsd a c\u00e9lokat, gy\u0151zd le a v\u00e9gs\u0151 f\u0151n\u00f6k\u00f6t \u00e9s szerezz jutalmat. Minden j\u00e1t\u00e9k \u00faj kih\u00edv\u00e1sokat k\u00edn\u00e1l, bele\u00e9rtve k\u00fcl\u00f6nleges k\u00fcldet\u00e9seket \u00e9s tov\u00e1bbi akad\u00e1lyokat, amelyek pr\u00f3b\u00e1ra teszik k\u00e9pess\u00e9geidet a v\u00e9gs\u0151 csat\u00e1ig vezet\u0151 \u00faton. <\/p>\n<p class=\"ai-optimize-31\" data-start=\"677\" data-end=\"926\">A meta-progresszi\u00f3s rendszer lehet\u0151v\u00e9 teszi, hogy \u00faj k\u00e9pess\u00e9geket, perkeket \u00e9s fejleszt\u00e9seket nyiss fel a j\u00e1t\u00e9kst\u00edlusodnak megfelel\u0151en. Minden egyes fejl\u0151d\u00e9ssel \u00faj fegyverekhez, k\u00e9pess\u00e9gekhez \u00e9s b\u00f3nuszokhoz jutsz hozz\u00e1, amelyek n\u00f6velik a t\u00fal\u00e9l\u00e9si es\u00e9lyeidet. <\/p>\n<p class=\"ai-optimize-32\" data-start=\"928\" data-end=\"1155\">V\u00e1lassz a karakterek sz\u00e9les sk\u00e1l\u00e1j\u00e1b\u00f3l, amelyek mindegyike egyedi k\u00e9pess\u00e9gekkel, fegyverekkel \u00e9s harcst\u00edlusokkal rendelkezik. P\u00e1ros\u00edtsd \u00f6ssze k\u00e9pess\u00e9geidet \u00e9s fegyvereidet, hogy t\u00f6k\u00e9letes kombin\u00e1ci\u00f3t alkoss a Horde of Hel egyre n\u00f6vekv\u0151 kih\u00edv\u00e1sainak lek\u00fczd\u00e9s\u00e9hez. <\/p>\n<p class=\"ai-optimize-33\" data-start=\"1157\" data-end=\"1313\">N\u00e9zz szembe a k\u00fcl\u00f6nb\u00f6z\u0151, egyre nehezebb f\u0151n\u00f6k\u00f6kkel, haszn\u00e1ld a k\u00f6rnyezetet, a k\u00e9pess\u00e9geidet \u00e9s a taktik\u00e1dat, hogy legy\u0151zd ezeket a hatalmas fenevadakat, \u00e9s gy\u0151zedelmeskedj.<\/p>\n","protected":false},"excerpt":{"rendered":"<article class=\"text-token-text-primary w-full\" dir=\"auto\" data-testid=\"conversation-turn-36\" data-scroll-anchor=\"true\">\n<div class=\"text-base my-auto mx-auto py-5 [--thread-content-margin:--spacing(4)] @[37rem]:[--thread-content-margin:--spacing(6)] @[72rem]:[--thread-content-margin:--spacing(16)] px-(--thread-content-margin)\">\n<div class=\"[--thread-content-max-width:32rem] @[34rem]:[--thread-content-max-width:40rem] @[64rem]:[--thread-content-max-width:48rem] mx-auto flex max-w-(--thread-content-max-width) flex-1 text-base gap-4 md:gap-5 lg:gap-6 group\/turn-messages focus-visible:outline-hidden\" tabindex=\"-1\">\n<div class=\"group\/conversation-turn relative flex w-full min-w-0 flex-col agent-turn\">\n<div class=\"relative flex-col gap-1 md:gap-3\">\n<div class=\"flex max-w-full flex-col grow\">\n<div class=\"min-h-8 text-message relative flex w-full flex-col items-end gap-2 text-start break-words whitespace-normal [.text-message+&amp;]:mt-5\" dir=\"auto\" data-message-author-role=\"assistant\" data-message-id=\"df340ddd-15b7-440f-808f-0f7afe10c0a6\" data-message-model-slug=\"gpt-4o-mini\">\n<div class=\"flex w-full flex-col gap-1 empty:hidden first:pt-[3px]\">\n<div class=\"markdown prose dark:prose-invert w-full break-words light\">\n<p class=\"ai-optimize-42\" data-start=\"0\" data-end=\"321\" data-is-last-node=\"\" data-is-only-node=\"\">A <strong data-start=\"0\" data-end=\"17\" data-is-only-node=\"\">Hordes of Hel<\/strong> egy addikt\u00edv horda-t\u00fal\u00e9l\u0151 roguelike j\u00e1t\u00e9k, amely az \u00e9szaki mitol\u00f3gia s\u00f6t\u00e9t vid\u00e9kein j\u00e1tsz\u00f3dik. K\u00fczdj meg ellens\u00e9gek hull\u00e1maival, hogy elnyerd az \u0151si \u00e9szaki istens\u00e9gek isteni \u00e1ld\u00e1s\u00e1t, fedezd fel az ellens\u00e9ges vil\u00e1gokat, \u00e9s n\u00e9zz szembe hatalmas f\u0151n\u00f6k\u00f6kkel. V\u00e1lj istenhez m\u00e9lt\u00f3 harcoss\u00e1 ebben a v\u00e9gs\u0151 csat\u00e1ban.  <\/p>\n<p class=\"ai-optimize-43\" data-start=\"0\" data-end=\"321\" data-is-last-node=\"\" data-is-only-node=\"\">\ud83c\udf0d Glob\u00e1lis<br \/>\n\u2699\ufe0f Steam<br \/>\n\ud83d\udddd Digit\u00e1lis kulcs<\/p>\n<\/div>\n<\/div>\n<\/div>\n<\/div>\n<\/div>\n<\/div>\n<\/div>\n<\/div>\n<\/article>\n","protected":false},"featured_media":39177,"template":"","meta":{"_acf_changed":false,"site-sidebar-layout":"default","site-content-layout":"","ast-site-content-layout":"default","site-content-style":"default","site-sidebar-style":"default","ast-global-header-display":"","ast-banner-title-visibility":"","ast-main-header-display":"","ast-hfb-above-header-display":"","ast-hfb-below-header-display":"","ast-hfb-mobile-header-display":"","site-post-title":"","ast-breadcrumbs-content":"","ast-featured-img":"","footer-sml-layout":"","ast-disable-related-posts":"","theme-transparent-header-meta":"default","adv-header-id-meta":"","stick-header-meta":"","header-above-stick-meta":"","header-main-stick-meta":"","header-below-stick-meta":"","astra-migrate-meta-layouts":"default","ast-page-background-enabled":"default","ast-page-background-meta":{"desktop":{"background-color":"var(--ast-global-color-4)","background-image":"","background-repeat":"repeat","background-position":"center center","background-size":"auto","background-attachment":"scroll","background-type":"","background-media":"","overlay-type":"","overlay-color":"","overlay-opacity":"","overlay-gradient":""},"tablet":{"background-color":"","background-image":"","background-repeat":"repeat","background-position":"center center","background-size":"auto","background-attachment":"scroll","background-type":"","background-media":"","overlay-type":"","overlay-color":"","overlay-opacity":"","overlay-gradient":""},"mobile":{"background-color":"","background-image":"","background-repeat":"repeat","background-position":"center center","background-size":"auto","background-attachment":"scroll","background-type":"","background-media":"","overlay-type":"","overlay-color":"","overlay-opacity":"","overlay-gradient":""}},"ast-content-background-meta":{"desktop":{"background-color":"var(--ast-global-color-5)","background-image":"","background-repeat":"repeat","background-position":"center center","background-size":"auto","background-attachment":"scroll","background-type":"","background-media":"","overlay-type":"","overlay-color":"","overlay-opacity":"","overlay-gradient":""},"tablet":{"background-color":"var(--ast-global-color-5)","background-image":"","background-repeat":"repeat","background-position":"center center","background-size":"auto","background-attachment":"scroll","background-type":"","background-media":"","overlay-type":"","overlay-color":"","overlay-opacity":"","overlay-gradient":""},"mobile":{"background-color":"var(--ast-global-color-5)","background-image":"","background-repeat":"repeat","background-position":"center center","background-size":"auto","background-attachment":"scroll","background-type":"","background-media":"","overlay-type":"","overlay-color":"","overlay-opacity":"","overlay-gradient":""}}},"product_brand":[],"product_cat":[371,369,601,364],"product_tag":[],"class_list":{"0":"post-39185","1":"product","2":"type-product","3":"status-publish","4":"has-post-thumbnail","6":"product_cat-akcio-jatekok","7":"product_cat-csarnokok","8":"product_cat-grindstone-hu","9":"product_cat-rpg-k","10":"desktop-align-left","11":"tablet-align-left","12":"mobile-align-left","14":"first","15":"instock","16":"virtual","17":"purchasable","18":"product-type-simple"},"acf":[],"yoast_head":"<!-- This site is optimized with the Yoast SEO Premium plugin v27.5 (Yoast SEO v27.5) - https:\/\/yoast.com\/product\/yoast-seo-premium-wordpress\/ -->\n<title>Jotunnslayer: Hordes of Hel - Prismagamers.com<\/title>\n<meta name=\"description\" content=\"A Hordes of Hel egy addikt\u00edv horda-t\u00fal\u00e9l\u0151 roguelike j\u00e1t\u00e9k, amely az \u00e9szaki mitol\u00f3gia s\u00f6t\u00e9t vid\u00e9kein j\u00e1tsz\u00f3dik. K\u00fczdj meg ellens\u00e9gek hull\u00e1maival, hogy elnyerd az \u0151si \u00e9szaki istens\u00e9gek isteni \u00e1ld\u00e1s\u00e1t, fedezd fel az ellens\u00e9ges vil\u00e1gokat, \u00e9s n\u00e9zz szembe hatalmas f\u0151n\u00f6k\u00f6kkel. V\u00e1lj istenhez m\u00e9lt\u00f3 harcoss\u00e1 ebben a v\u00e9gs\u0151 csat\u00e1ban.  \ud83c\udf0d Glob\u00e1lis \u2699\ufe0f Steam \ud83d\udddd Digit\u00e1lis kulcs\" \/>\n<meta name=\"robots\" content=\"index, follow, max-snippet:-1, max-image-preview:large, max-video-preview:-1\" \/>\n<link rel=\"canonical\" href=\"https:\/\/prismagamers.com\/hu\/produkt\/jotunnslayer-hordes-of-hel\/\" \/>\n<meta property=\"og:locale\" content=\"hu_HU\" \/>\n<meta property=\"og:type\" content=\"article\" \/>\n<meta property=\"og:title\" content=\"Jotunnslayer: Hordes of Hel\" \/>\n<meta property=\"og:description\" content=\"A Hordes of Hel egy addikt\u00edv horda-t\u00fal\u00e9l\u0151 roguelike j\u00e1t\u00e9k, amely az \u00e9szaki mitol\u00f3gia s\u00f6t\u00e9t vid\u00e9kein j\u00e1tsz\u00f3dik. K\u00fczdj meg ellens\u00e9gek hull\u00e1maival, hogy elnyerd az \u0151si \u00e9szaki istens\u00e9gek isteni \u00e1ld\u00e1s\u00e1t, fedezd fel az ellens\u00e9ges vil\u00e1gokat, \u00e9s n\u00e9zz szembe hatalmas f\u0151n\u00f6k\u00f6kkel. V\u00e1lj istenhez m\u00e9lt\u00f3 harcoss\u00e1 ebben a v\u00e9gs\u0151 csat\u00e1ban.  \ud83c\udf0d Glob\u00e1lis \u2699\ufe0f Steam \ud83d\udddd Digit\u00e1lis kulcs\" \/>\n<meta property=\"og:url\" content=\"https:\/\/prismagamers.com\/hu\/produkt\/jotunnslayer-hordes-of-hel\/\" \/>\n<meta property=\"og:site_name\" content=\"Prismagamers.com\" \/>\n<meta property=\"article:publisher\" content=\"https:\/\/www.facebook.com\/prismagamers\" \/>\n<meta property=\"article:modified_time\" content=\"2025-11-30T23:15:09+00:00\" \/>\n<meta property=\"og:image\" content=\"https:\/\/prismagamers.com\/wp-content\/uploads\/2025\/06\/library_600x900_2x-5.jpg\" \/>\n\t<meta property=\"og:image:width\" content=\"600\" \/>\n\t<meta property=\"og:image:height\" content=\"900\" \/>\n\t<meta property=\"og:image:type\" content=\"image\/jpeg\" \/>\n<meta name=\"twitter:card\" content=\"summary_large_image\" \/>\n<meta name=\"twitter:label1\" content=\"Becs\u00fclt olvas\u00e1si id\u0151\" \/>\n\t<meta name=\"twitter:data1\" content=\"1 perc\" \/>\n<script type=\"application\/ld+json\" class=\"yoast-schema-graph\">{\"@context\":\"https:\\\/\\\/schema.org\",\"@graph\":[{\"@type\":\"WebPage\",\"@id\":\"https:\\\/\\\/prismagamers.com\\\/hu\\\/produkt\\\/jotunnslayer-hordes-of-hel\\\/\",\"url\":\"https:\\\/\\\/prismagamers.com\\\/hu\\\/produkt\\\/jotunnslayer-hordes-of-hel\\\/\",\"name\":\"Jotunnslayer: Hordes of Hel - Prismagamers.com\",\"isPartOf\":{\"@id\":\"https:\\\/\\\/prismagamers.com\\\/hu\\\/#website\"},\"primaryImageOfPage\":{\"@id\":\"https:\\\/\\\/prismagamers.com\\\/hu\\\/produkt\\\/jotunnslayer-hordes-of-hel\\\/#primaryimage\"},\"image\":{\"@id\":\"https:\\\/\\\/prismagamers.com\\\/hu\\\/produkt\\\/jotunnslayer-hordes-of-hel\\\/#primaryimage\"},\"thumbnailUrl\":\"https:\\\/\\\/prismagamers.com\\\/wp-content\\\/uploads\\\/2025\\\/06\\\/library_600x900_2x-5.jpg\",\"datePublished\":\"2025-06-18T19:36:26+00:00\",\"dateModified\":\"2025-11-30T23:15:09+00:00\",\"description\":\"A Hordes of Hel egy addikt\u00edv horda-t\u00fal\u00e9l\u0151 roguelike j\u00e1t\u00e9k, amely az \u00e9szaki mitol\u00f3gia s\u00f6t\u00e9t vid\u00e9kein j\u00e1tsz\u00f3dik. K\u00fczdj meg ellens\u00e9gek hull\u00e1maival, hogy elnyerd az \u0151si \u00e9szaki istens\u00e9gek isteni \u00e1ld\u00e1s\u00e1t, fedezd fel az ellens\u00e9ges vil\u00e1gokat, \u00e9s n\u00e9zz szembe hatalmas f\u0151n\u00f6k\u00f6kkel. V\u00e1lj istenhez m\u00e9lt\u00f3 harcoss\u00e1 ebben a v\u00e9gs\u0151 csat\u00e1ban. \ud83c\udf0d Glob\u00e1lis \u2699\ufe0f Steam \ud83d\udddd Digit\u00e1lis kulcs\",\"breadcrumb\":{\"@id\":\"https:\\\/\\\/prismagamers.com\\\/hu\\\/produkt\\\/jotunnslayer-hordes-of-hel\\\/#breadcrumb\"},\"inLanguage\":\"hu\",\"potentialAction\":[{\"@type\":\"ReadAction\",\"target\":[\"https:\\\/\\\/prismagamers.com\\\/hu\\\/produkt\\\/jotunnslayer-hordes-of-hel\\\/\"]}]},{\"@type\":\"ImageObject\",\"inLanguage\":\"hu\",\"@id\":\"https:\\\/\\\/prismagamers.com\\\/hu\\\/produkt\\\/jotunnslayer-hordes-of-hel\\\/#primaryimage\",\"url\":\"https:\\\/\\\/prismagamers.com\\\/wp-content\\\/uploads\\\/2025\\\/06\\\/library_600x900_2x-5.jpg\",\"contentUrl\":\"https:\\\/\\\/prismagamers.com\\\/wp-content\\\/uploads\\\/2025\\\/06\\\/library_600x900_2x-5.jpg\",\"width\":600,\"height\":900},{\"@type\":\"BreadcrumbList\",\"@id\":\"https:\\\/\\\/prismagamers.com\\\/hu\\\/produkt\\\/jotunnslayer-hordes-of-hel\\\/#breadcrumb\",\"itemListElement\":[{\"@type\":\"ListItem\",\"position\":1,\"name\":\"Strona g\u0142\u00f3wna\",\"item\":\"https:\\\/\\\/prismagamers.com\\\/hu\\\/prismagamers\\\/\"},{\"@type\":\"ListItem\",\"position\":2,\"name\":\"Shop\",\"item\":\"https:\\\/\\\/prismagamers.com\\\/hu\\\/shop\\\/\"},{\"@type\":\"ListItem\",\"position\":3,\"name\":\"Jotunnslayer: Hordes of Hel\"}]},{\"@type\":\"WebSite\",\"@id\":\"https:\\\/\\\/prismagamers.com\\\/hu\\\/#website\",\"url\":\"https:\\\/\\\/prismagamers.com\\\/hu\\\/\",\"name\":\"Prismagamers\",\"description\":\"Sklep z grami PC I Sklep klucze Steam\",\"publisher\":{\"@id\":\"https:\\\/\\\/prismagamers.com\\\/hu\\\/#organization\"},\"potentialAction\":[{\"@type\":\"SearchAction\",\"target\":{\"@type\":\"EntryPoint\",\"urlTemplate\":\"https:\\\/\\\/prismagamers.com\\\/hu\\\/?s={search_term_string}\"},\"query-input\":{\"@type\":\"PropertyValueSpecification\",\"valueRequired\":true,\"valueName\":\"search_term_string\"}}],\"inLanguage\":\"hu\"},{\"@type\":\"Organization\",\"@id\":\"https:\\\/\\\/prismagamers.com\\\/hu\\\/#organization\",\"name\":\"Prismagamers\",\"url\":\"https:\\\/\\\/prismagamers.com\\\/hu\\\/\",\"logo\":{\"@type\":\"ImageObject\",\"inLanguage\":\"hu\",\"@id\":\"https:\\\/\\\/prismagamers.com\\\/hu\\\/#\\\/schema\\\/logo\\\/image\\\/\",\"url\":\"https:\\\/\\\/prismagamers.com\\\/wp-content\\\/uploads\\\/2022\\\/04\\\/cropped-logo-Prismagamers-01-scaled-1.jpg\",\"contentUrl\":\"https:\\\/\\\/prismagamers.com\\\/wp-content\\\/uploads\\\/2022\\\/04\\\/cropped-logo-Prismagamers-01-scaled-1.jpg\",\"width\":512,\"height\":512,\"caption\":\"Prismagamers\"},\"image\":{\"@id\":\"https:\\\/\\\/prismagamers.com\\\/hu\\\/#\\\/schema\\\/logo\\\/image\\\/\"},\"sameAs\":[\"https:\\\/\\\/www.facebook.com\\\/prismagamers\",\"https:\\\/\\\/www.instagram.com\\\/prismagamers_grycyfrowe\\\/\"],\"description\":\"Prismagamers.com to dynamiczny sklep z grami cyfrowymi, stworzony z my\u015bl\u0105 o entuzjastach gier wideo. Nasza strona oferuje szerok\u0105 gam\u0119 gier komputerowych, w tym najnowsze tytu\u0142y, dobrze znane klasyki oraz gry stworzone przez niezale\u017cne studia Ca\u0142y czas d\u0105\u017cymy do rozszerzenia naszej oferty. Do\u0142\u0105cz do nas i sta\u0144 si\u0119 cz\u0119\u015bci\u0105 naszej rosn\u0105cej spo\u0142eczno\u015bci graczy!\",\"email\":\"shop@prismagamers.com\",\"telephone\":\"48795541705\",\"legalName\":\"East Caravan Maksym \u017bukow\",\"foundingDate\":\"2012-05-10\",\"vatID\":\"PL8943038612\",\"taxID\":\"PL8943038612\",\"numberOfEmployees\":{\"@type\":\"QuantitativeValue\",\"minValue\":\"11\",\"maxValue\":\"50\"}}]}<\/script>\n<!-- \/ Yoast SEO Premium plugin. -->","yoast_head_json":{"title":"Jotunnslayer: Hordes of Hel - Prismagamers.com","description":"A Hordes of Hel egy addikt\u00edv horda-t\u00fal\u00e9l\u0151 roguelike j\u00e1t\u00e9k, amely az \u00e9szaki mitol\u00f3gia s\u00f6t\u00e9t vid\u00e9kein j\u00e1tsz\u00f3dik. K\u00fczdj meg ellens\u00e9gek hull\u00e1maival, hogy elnyerd az \u0151si \u00e9szaki istens\u00e9gek isteni \u00e1ld\u00e1s\u00e1t, fedezd fel az ellens\u00e9ges vil\u00e1gokat, \u00e9s n\u00e9zz szembe hatalmas f\u0151n\u00f6k\u00f6kkel. V\u00e1lj istenhez m\u00e9lt\u00f3 harcoss\u00e1 ebben a v\u00e9gs\u0151 csat\u00e1ban.  \ud83c\udf0d Glob\u00e1lis \u2699\ufe0f Steam \ud83d\udddd Digit\u00e1lis kulcs","robots":{"index":"index","follow":"follow","max-snippet":"max-snippet:-1","max-image-preview":"max-image-preview:large","max-video-preview":"max-video-preview:-1"},"canonical":"https:\/\/prismagamers.com\/hu\/produkt\/jotunnslayer-hordes-of-hel\/","og_locale":"hu_HU","og_type":"article","og_title":"Jotunnslayer: Hordes of Hel","og_description":"A Hordes of Hel egy addikt\u00edv horda-t\u00fal\u00e9l\u0151 roguelike j\u00e1t\u00e9k, amely az \u00e9szaki mitol\u00f3gia s\u00f6t\u00e9t vid\u00e9kein j\u00e1tsz\u00f3dik. K\u00fczdj meg ellens\u00e9gek hull\u00e1maival, hogy elnyerd az \u0151si \u00e9szaki istens\u00e9gek isteni \u00e1ld\u00e1s\u00e1t, fedezd fel az ellens\u00e9ges vil\u00e1gokat, \u00e9s n\u00e9zz szembe hatalmas f\u0151n\u00f6k\u00f6kkel. V\u00e1lj istenhez m\u00e9lt\u00f3 harcoss\u00e1 ebben a v\u00e9gs\u0151 csat\u00e1ban.  \ud83c\udf0d Glob\u00e1lis \u2699\ufe0f Steam \ud83d\udddd Digit\u00e1lis kulcs","og_url":"https:\/\/prismagamers.com\/hu\/produkt\/jotunnslayer-hordes-of-hel\/","og_site_name":"Prismagamers.com","article_publisher":"https:\/\/www.facebook.com\/prismagamers","article_modified_time":"2025-11-30T23:15:09+00:00","og_image":[{"width":600,"height":900,"url":"https:\/\/prismagamers.com\/wp-content\/uploads\/2025\/06\/library_600x900_2x-5.jpg","type":"image\/jpeg"}],"twitter_card":"summary_large_image","twitter_misc":{"Becs\u00fclt olvas\u00e1si id\u0151":"1 perc"},"schema":{"@context":"https:\/\/schema.org","@graph":[{"@type":"WebPage","@id":"https:\/\/prismagamers.com\/hu\/produkt\/jotunnslayer-hordes-of-hel\/","url":"https:\/\/prismagamers.com\/hu\/produkt\/jotunnslayer-hordes-of-hel\/","name":"Jotunnslayer: Hordes of Hel - Prismagamers.com","isPartOf":{"@id":"https:\/\/prismagamers.com\/hu\/#website"},"primaryImageOfPage":{"@id":"https:\/\/prismagamers.com\/hu\/produkt\/jotunnslayer-hordes-of-hel\/#primaryimage"},"image":{"@id":"https:\/\/prismagamers.com\/hu\/produkt\/jotunnslayer-hordes-of-hel\/#primaryimage"},"thumbnailUrl":"https:\/\/prismagamers.com\/wp-content\/uploads\/2025\/06\/library_600x900_2x-5.jpg","datePublished":"2025-06-18T19:36:26+00:00","dateModified":"2025-11-30T23:15:09+00:00","description":"A Hordes of Hel egy addikt\u00edv horda-t\u00fal\u00e9l\u0151 roguelike j\u00e1t\u00e9k, amely az \u00e9szaki mitol\u00f3gia s\u00f6t\u00e9t vid\u00e9kein j\u00e1tsz\u00f3dik. K\u00fczdj meg ellens\u00e9gek hull\u00e1maival, hogy elnyerd az \u0151si \u00e9szaki istens\u00e9gek isteni \u00e1ld\u00e1s\u00e1t, fedezd fel az ellens\u00e9ges vil\u00e1gokat, \u00e9s n\u00e9zz szembe hatalmas f\u0151n\u00f6k\u00f6kkel. V\u00e1lj istenhez m\u00e9lt\u00f3 harcoss\u00e1 ebben a v\u00e9gs\u0151 csat\u00e1ban. \ud83c\udf0d Glob\u00e1lis \u2699\ufe0f Steam \ud83d\udddd Digit\u00e1lis kulcs","breadcrumb":{"@id":"https:\/\/prismagamers.com\/hu\/produkt\/jotunnslayer-hordes-of-hel\/#breadcrumb"},"inLanguage":"hu","potentialAction":[{"@type":"ReadAction","target":["https:\/\/prismagamers.com\/hu\/produkt\/jotunnslayer-hordes-of-hel\/"]}]},{"@type":"ImageObject","inLanguage":"hu","@id":"https:\/\/prismagamers.com\/hu\/produkt\/jotunnslayer-hordes-of-hel\/#primaryimage","url":"https:\/\/prismagamers.com\/wp-content\/uploads\/2025\/06\/library_600x900_2x-5.jpg","contentUrl":"https:\/\/prismagamers.com\/wp-content\/uploads\/2025\/06\/library_600x900_2x-5.jpg","width":600,"height":900},{"@type":"BreadcrumbList","@id":"https:\/\/prismagamers.com\/hu\/produkt\/jotunnslayer-hordes-of-hel\/#breadcrumb","itemListElement":[{"@type":"ListItem","position":1,"name":"Strona g\u0142\u00f3wna","item":"https:\/\/prismagamers.com\/hu\/prismagamers\/"},{"@type":"ListItem","position":2,"name":"Shop","item":"https:\/\/prismagamers.com\/hu\/shop\/"},{"@type":"ListItem","position":3,"name":"Jotunnslayer: Hordes of Hel"}]},{"@type":"WebSite","@id":"https:\/\/prismagamers.com\/hu\/#website","url":"https:\/\/prismagamers.com\/hu\/","name":"Prismagamers","description":"Sklep z grami PC I Sklep klucze Steam","publisher":{"@id":"https:\/\/prismagamers.com\/hu\/#organization"},"potentialAction":[{"@type":"SearchAction","target":{"@type":"EntryPoint","urlTemplate":"https:\/\/prismagamers.com\/hu\/?s={search_term_string}"},"query-input":{"@type":"PropertyValueSpecification","valueRequired":true,"valueName":"search_term_string"}}],"inLanguage":"hu"},{"@type":"Organization","@id":"https:\/\/prismagamers.com\/hu\/#organization","name":"Prismagamers","url":"https:\/\/prismagamers.com\/hu\/","logo":{"@type":"ImageObject","inLanguage":"hu","@id":"https:\/\/prismagamers.com\/hu\/#\/schema\/logo\/image\/","url":"https:\/\/prismagamers.com\/wp-content\/uploads\/2022\/04\/cropped-logo-Prismagamers-01-scaled-1.jpg","contentUrl":"https:\/\/prismagamers.com\/wp-content\/uploads\/2022\/04\/cropped-logo-Prismagamers-01-scaled-1.jpg","width":512,"height":512,"caption":"Prismagamers"},"image":{"@id":"https:\/\/prismagamers.com\/hu\/#\/schema\/logo\/image\/"},"sameAs":["https:\/\/www.facebook.com\/prismagamers","https:\/\/www.instagram.com\/prismagamers_grycyfrowe\/"],"description":"Prismagamers.com to dynamiczny sklep z grami cyfrowymi, stworzony z my\u015bl\u0105 o entuzjastach gier wideo. Nasza strona oferuje szerok\u0105 gam\u0119 gier komputerowych, w tym najnowsze tytu\u0142y, dobrze znane klasyki oraz gry stworzone przez niezale\u017cne studia Ca\u0142y czas d\u0105\u017cymy do rozszerzenia naszej oferty. Do\u0142\u0105cz do nas i sta\u0144 si\u0119 cz\u0119\u015bci\u0105 naszej rosn\u0105cej spo\u0142eczno\u015bci graczy!","email":"shop@prismagamers.com","telephone":"48795541705","legalName":"East Caravan Maksym \u017bukow","foundingDate":"2012-05-10","vatID":"PL8943038612","taxID":"PL8943038612","numberOfEmployees":{"@type":"QuantitativeValue","minValue":"11","maxValue":"50"}}]}},"_links":{"self":[{"href":"https:\/\/prismagamers.com\/hu\/wp-json\/wp\/v2\/product\/39185","targetHints":{"allow":["GET"]}}],"collection":[{"href":"https:\/\/prismagamers.com\/hu\/wp-json\/wp\/v2\/product"}],"about":[{"href":"https:\/\/prismagamers.com\/hu\/wp-json\/wp\/v2\/types\/product"}],"wp:featuredmedia":[{"embeddable":true,"href":"https:\/\/prismagamers.com\/hu\/wp-json\/wp\/v2\/media\/39177"}],"wp:attachment":[{"href":"https:\/\/prismagamers.com\/hu\/wp-json\/wp\/v2\/media?parent=39185"}],"wp:term":[{"taxonomy":"product_brand","embeddable":true,"href":"https:\/\/prismagamers.com\/hu\/wp-json\/wp\/v2\/product_brand?post=39185"},{"taxonomy":"product_cat","embeddable":true,"href":"https:\/\/prismagamers.com\/hu\/wp-json\/wp\/v2\/product_cat?post=39185"},{"taxonomy":"product_tag","embeddable":true,"href":"https:\/\/prismagamers.com\/hu\/wp-json\/wp\/v2\/product_tag?post=39185"}],"curies":[{"name":"wp","href":"https:\/\/api.w.org\/{rel}","templated":true}]}}