{"id":40945,"date":"2022-06-29T22:20:49","date_gmt":"2022-06-29T20:20:49","guid":{"rendered":"https:\/\/prismagamers.com\/produkt\/lords-of-the-fallen-goty\/"},"modified":"2026-03-05T00:00:54","modified_gmt":"2026-03-04T23:00:54","slug":"lords-of-the-fallen-goty","status":"publish","type":"product","link":"https:\/\/prismagamers.com\/hu\/produkt\/lords-of-the-fallen-goty\/","title":{"rendered":"Lords of the Fallen"},"content":{"rendered":"<h2><i>Lords of the Fallen<\/i> &#8211; Steam kulcs<\/h2>\n<p>A Deck13 \u00e9s a CI Games st\u00fadi\u00f3 \u00e1ltal 2014-ben k\u00e9sz\u00edtett akci\u00f3 RPG <i><strong>Lords of the Fallen <\/strong><\/i>egy s\u00f6t\u00e9t fantasy vil\u00e1gba kalauzolja a j\u00e1t\u00e9kost, ahol az emberis\u00e9gnek szembe kell n\u00e9znie a Rhogar d\u00e9moni l\u00e9gi\u00f3j\u00e1val, amely t\u00f6bb ezer \u00e9vvel azut\u00e1n t\u00e9r vissza, hogy a l\u00e1zad\u00f3 emberek megd\u00f6nt\u00f6tt\u00e9k. \u00c9vsz\u00e1zadokkal ezel\u0151tt egy gonosz isten uralma alatt rabszolgasorban voltak, de legy\u0151zt\u00e9k \u0151t, \u00e9s ezzel egy \u00faj rendet vezettek be, amelyben nincs helye sem a b\u0171nnek, sem a megv\u00e1lt\u00e1snak. Az egyik b\u0171n\u00f6s, a sz\u00e1m\u0171z\u00f6tt Harkyn azonban az emberis\u00e9g utols\u00f3 rem\u00e9ny\u00e9nek bizonyul. Az \u0151 feladata ugyanis az, hogy behatoljon a S\u00f6t\u00e9ts\u00e9g forr\u00e1s\u00e1ba, \u00e9s v\u00e9g\u00fcl legy\u0151zze azt. \u0150benne fog szerepet v\u00e1llalni a j\u00e1t\u00e9kos.     <\/p>\n<h2>Steam kulcs a <i>Lords of the Fallenhez<\/i> (2014)<\/h2>\n<p>A <strong>Lords of the Fallen<\/strong> az &#8222;\u00c9v j\u00e1t\u00e9ka&#8221; kiad\u00e1sban, amelyhez <strong>Steam kulcsot<\/strong> k\u00edn\u00e1lunk, egy hangulatos akci\u00f3-RPG, amelyet gyakran hasonl\u00edtanak a h\u00edres <i>Dark Souls<\/i> sorozathoz. A j\u00e1t\u00e9kos a 3 el\u00e9rhet\u0151 karakteroszt\u00e1ly k\u00f6z\u00fcl v\u00e1laszt egyet h\u0151s\u00e9nek &#8211; Warrior, Villain vagy Cleric -, \u00e9s rengeteg k\u00fcl\u00f6nb\u00f6z\u0151 fegyver \u00e9s var\u00e1zslat \u00e1ll a rendelkez\u00e9s\u00e9re, hogy seg\u00edtsen harcolni a Lords of the Fallen ellen. Az \u00f6sszetett, kiel\u00e9g\u00edt\u0151 harcrendszer, a k\u00e9pess\u00e9gek fejleszt\u00e9se, az egyre javul\u00f3 felszerel\u00e9sek kieg\u00e9sz\u00edt\u00e9se, a tiltott var\u00e1zslatok &#8211; mindezek biztos\u00edtj\u00e1k az izgalmas, a j\u00e1t\u00e9kos egy\u00e9ni preferenci\u00e1ihoz alkalmazkod\u00f3 j\u00e1t\u00e9kmenetet. R\u00e1ad\u00e1sul a j\u00e1t\u00e9kmenetet a j\u00e1t\u00e9kban a j\u00e1t\u00e9kosok is \u00e9lvezhetik,<br \/>\n<i><strong>Lords of the Fallen <\/strong><\/i>A Lords of the Fallen s\u00f6t\u00e9t t\u00f6rt\u00e9net\u00e9vel is vonz, \u00e9s a d\u00f6nt\u00e9seid jelent\u0151s hat\u00e1ssal vannak a t\u00f6rt\u00e9net alakul\u00e1s\u00e1ra. Rendeld meg a j\u00e1t\u00e9k <strong>Steam-kulcs\u00e1t<\/strong>, \u00e9s gy\u0151z\u0151dj meg r\u00f3la saj\u00e1t magad! <\/p>\n<p><strong>Jellemz\u0151k:<\/strong><\/p>\n<ul class=\"features-list\">\n<li>Indulj el egy epikus k\u00fcldet\u00e9sre, amely \u00e1t\u00edvel az emberi \u00e9s d\u00e9moni birodalmakon egyar\u00e1nt<\/li>\n<li>Szemben\u00e9zni a hatalmas urakkal, a Rhogar sereg t\u00e1bornokaival&#8230;<\/li>\n<li>Fedezz fel egy hatalmas, s\u00f6t\u00e9t fantasy vil\u00e1got<\/li>\n<li>V\u00e1lassz b\u00f6lcsen, mert megpecs\u00e9telhetik a sorsodat.<\/li>\n<li>Haszn\u00e1lj legend\u00e1s fegyvereket \u00e9s p\u00e1nc\u00e9lokat egy hatalmas arzen\u00e1lb\u00f3l<\/li>\n<li>V\u00e1lassza ki az oszt\u00e1ly\u00e1t: \u00e9s teljesen testre szabhatod \u0151ket k\u00e9szs\u00e9gekkel \u00e9s fegyverekkel.<\/li>\n<\/ul>\n<p><strong>Tartalmazza:<\/strong><\/p>\n<ul>\n<li>Lords of the Fallen<\/li>\n<li>DLC A szerzetes megfejt\u00e9se<\/li>\n<li>DLC csomag d\u00e9moni fegyverekkel<\/li>\n<li>DLC Boost Alap\u00edtv\u00e1ny<\/li>\n<li>Arcane Boost DLC<\/li>\n<li>Lion Heart DLC csomag<\/li>\n<li>Ancient Labyrinth DLC<\/li>\n<li>M\u0171v\u00e9szeti k\u00f6nyv<\/li>\n<li>Soundtrack<\/li>\n<\/ul>\n<div class=\"URplpg\">Nyelvek:<\/div>\n<ul>\n<li style=\"list-style-type: none;\">\n<ul class=\"r1iAKt\">\n<li>Cseh K\u00f6zt\u00e1rsas\u00e1g<\/li>\n<li>Angol<\/li>\n<li>Francia<\/li>\n<li>N\u00e9met<\/li>\n<li>Olasz<\/li>\n<li>Jap\u00e1n<\/li>\n<li>Lengyel<\/li>\n<li>Portug\u00e1l<\/li>\n<li>Portug\u00e1l-brazil<\/li>\n<li>Orosz<\/li>\n<li>Egyszer\u0171s\u00edtett k\u00ednai<\/li>\n<li>Spanyol<\/li>\n<\/ul>\n<\/li>\n<\/ul>\n<div class=\"URplpg\">M\u0171k\u00f6dik:<\/div>\n<ul>\n<li style=\"list-style-type: none;\">\n<ul class=\"r1iAKt\">\n<li>Windows<\/li>\n<\/ul>\n<\/li>\n<\/ul>\n","protected":false},"excerpt":{"rendered":"<p>Mer\u00fclj el egy gyors temp\u00f3j\u00fa akci\u00f3-RPG-ben egy \u00f6sszetett \u00e9s kiel\u00e9g\u00edt\u0151 k\u00f6zelharcrendszerrel, ahol a fegyverek, p\u00e1nc\u00e9lok \u00e9s k\u00e9pess\u00e9gek k\u00f6zvetlen\u00fcl befoly\u00e1solj\u00e1k az ellens\u00e9g sebess\u00e9g\u00e9t \u00e9s t\u00e1mad\u00e1sait&#8230; ha minden m\u00e1s nem siker\u00fcl, puszt\u00edtsd el ellens\u00e9geidet tiltott m\u00e1gikus er\u0151vel.<\/p>\n<p>\ud83c\udf0d Global<br \/>\n\u2699\ufe0f Steam<br \/>\n\ud83d\udddd Digital key<\/p>\n","protected":false},"featured_media":24772,"template":"","meta":{"_acf_changed":false,"site-sidebar-layout":"default","site-content-layout":"default","ast-site-content-layout":"default","site-content-style":"default","site-sidebar-style":"default","ast-global-header-display":"","ast-banner-title-visibility":"","ast-main-header-display":"","ast-hfb-above-header-display":"","ast-hfb-below-header-display":"","ast-hfb-mobile-header-display":"","site-post-title":"","ast-breadcrumbs-content":"","ast-featured-img":"","footer-sml-layout":"","ast-disable-related-posts":"","theme-transparent-header-meta":"default","adv-header-id-meta":"","stick-header-meta":"","header-above-stick-meta":"","header-main-stick-meta":"","header-below-stick-meta":"","astra-migrate-meta-layouts":"default","ast-page-background-enabled":"default","ast-page-background-meta":{"desktop":{"background-color":"var(--ast-global-color-4)","background-image":"","background-repeat":"repeat","background-position":"center center","background-size":"auto","background-attachment":"scroll","background-type":"","background-media":"","overlay-type":"","overlay-color":"","overlay-opacity":"","overlay-gradient":""},"tablet":{"background-color":"","background-image":"","background-repeat":"repeat","background-position":"center center","background-size":"auto","background-attachment":"scroll","background-type":"","background-media":"","overlay-type":"","overlay-color":"","overlay-opacity":"","overlay-gradient":""},"mobile":{"background-color":"","background-image":"","background-repeat":"repeat","background-position":"center center","background-size":"auto","background-attachment":"scroll","background-type":"","background-media":"","overlay-type":"","overlay-color":"","overlay-opacity":"","overlay-gradient":""}},"ast-content-background-meta":{"desktop":{"background-color":"var(--ast-global-color-5)","background-image":"","background-repeat":"repeat","background-position":"center center","background-size":"auto","background-attachment":"scroll","background-type":"","background-media":"","overlay-type":"","overlay-color":"","overlay-opacity":"","overlay-gradient":""},"tablet":{"background-color":"var(--ast-global-color-5)","background-image":"","background-repeat":"repeat","background-position":"center center","background-size":"auto","background-attachment":"scroll","background-type":"","background-media":"","overlay-type":"","overlay-color":"","overlay-opacity":"","overlay-gradient":""},"mobile":{"background-color":"var(--ast-global-color-5)","background-image":"","background-repeat":"repeat","background-position":"center center","background-size":"auto","background-attachment":"scroll","background-type":"","background-media":"","overlay-type":"","overlay-color":"","overlay-opacity":"","overlay-gradient":""}}},"product_brand":[],"product_cat":[371,407,369,394,365,378,364],"product_tag":[],"class_list":{"0":"post-40945","1":"product","2":"type-product","3":"status-publish","4":"has-post-thumbnail","6":"product_cat-akcio-jatekok","7":"product_cat-ci-games-hu","8":"product_cat-csarnokok","9":"product_cat-digitalis-jatekok","10":"product_cat-goz","11":"product_cat-minden-digitalis-jatek","12":"product_cat-rpg-k","13":"desktop-align-left","14":"tablet-align-left","15":"mobile-align-left","17":"first","18":"instock","19":"shipping-taxable","20":"purchasable","21":"product-type-simple"},"acf":[],"yoast_head":"<!-- This site is optimized with the Yoast SEO Premium plugin v27.4 (Yoast SEO v27.4) - https:\/\/yoast.com\/product\/yoast-seo-premium-wordpress\/ -->\n<title>Lords of the Fallen Steam kulcs - Prismagamers.com%%<\/title>\n<meta name=\"description\" content=\"A Lords of the Fallen &quot;\u00c9v j\u00e1t\u00e9ka&quot; kiad\u00e1sa, amelyhez Steam-kulcsot k\u00edn\u00e1lunk, egy hangulatos akci\u00f3-RPG, amelyet gyakran hasonl\u00edtanak az elismert Dark Souls-sorozathoz.\" \/>\n<meta name=\"robots\" content=\"index, follow, max-snippet:-1, max-image-preview:large, max-video-preview:-1\" \/>\n<link rel=\"canonical\" href=\"https:\/\/prismagamers.com\/hu\/produkt\/lords-of-the-fallen-goty\/\" \/>\n<meta property=\"og:locale\" content=\"hu_HU\" \/>\n<meta property=\"og:type\" content=\"article\" \/>\n<meta property=\"og:title\" content=\"Lords of the Fallen\" \/>\n<meta property=\"og:description\" content=\"A Lords of the Fallen &quot;\u00c9v j\u00e1t\u00e9ka&quot; kiad\u00e1sa, amelyhez Steam-kulcsot k\u00edn\u00e1lunk, egy hangulatos akci\u00f3-RPG, amelyet gyakran hasonl\u00edtanak az elismert Dark Souls-sorozathoz.\" \/>\n<meta property=\"og:url\" content=\"https:\/\/prismagamers.com\/hu\/produkt\/lords-of-the-fallen-goty\/\" \/>\n<meta property=\"og:site_name\" content=\"Prismagamers.com\" \/>\n<meta property=\"article:publisher\" content=\"https:\/\/www.facebook.com\/prismagamers\" \/>\n<meta property=\"article:modified_time\" content=\"2026-03-04T23:00:54+00:00\" \/>\n<meta property=\"og:image\" content=\"https:\/\/prismagamers.com\/wp-content\/uploads\/2022\/06\/Lords-of-the-Fallen-GOTY.jpg\" \/>\n\t<meta property=\"og:image:width\" content=\"350\" \/>\n\t<meta property=\"og:image:height\" content=\"482\" \/>\n\t<meta property=\"og:image:type\" content=\"image\/jpeg\" \/>\n<meta name=\"twitter:card\" content=\"summary_large_image\" \/>\n<meta name=\"twitter:label1\" content=\"Becs\u00fclt olvas\u00e1si id\u0151\" \/>\n\t<meta name=\"twitter:data1\" content=\"3 perc\" \/>\n<script type=\"application\/ld+json\" class=\"yoast-schema-graph\">{\"@context\":\"https:\\\/\\\/schema.org\",\"@graph\":[{\"@type\":\"WebPage\",\"@id\":\"https:\\\/\\\/prismagamers.com\\\/hu\\\/produkt\\\/lords-of-the-fallen-goty\\\/\",\"url\":\"https:\\\/\\\/prismagamers.com\\\/hu\\\/produkt\\\/lords-of-the-fallen-goty\\\/\",\"name\":\"Lords of the Fallen Steam kulcs - Prismagamers.com%%\",\"isPartOf\":{\"@id\":\"https:\\\/\\\/prismagamers.com\\\/hu\\\/#website\"},\"primaryImageOfPage\":{\"@id\":\"https:\\\/\\\/prismagamers.com\\\/hu\\\/produkt\\\/lords-of-the-fallen-goty\\\/#primaryimage\"},\"image\":{\"@id\":\"https:\\\/\\\/prismagamers.com\\\/hu\\\/produkt\\\/lords-of-the-fallen-goty\\\/#primaryimage\"},\"thumbnailUrl\":\"https:\\\/\\\/prismagamers.com\\\/wp-content\\\/uploads\\\/2022\\\/06\\\/Lords-of-the-Fallen-GOTY.jpg\",\"datePublished\":\"2022-06-29T20:20:49+00:00\",\"dateModified\":\"2026-03-04T23:00:54+00:00\",\"description\":\"A Lords of the Fallen \\\"\u00c9v j\u00e1t\u00e9ka\\\" kiad\u00e1sa, amelyhez Steam-kulcsot k\u00edn\u00e1lunk, egy hangulatos akci\u00f3-RPG, amelyet gyakran hasonl\u00edtanak az elismert Dark Souls-sorozathoz.\",\"breadcrumb\":{\"@id\":\"https:\\\/\\\/prismagamers.com\\\/hu\\\/produkt\\\/lords-of-the-fallen-goty\\\/#breadcrumb\"},\"inLanguage\":\"hu\",\"potentialAction\":[{\"@type\":\"ReadAction\",\"target\":[\"https:\\\/\\\/prismagamers.com\\\/hu\\\/produkt\\\/lords-of-the-fallen-goty\\\/\"]}]},{\"@type\":\"ImageObject\",\"inLanguage\":\"hu\",\"@id\":\"https:\\\/\\\/prismagamers.com\\\/hu\\\/produkt\\\/lords-of-the-fallen-goty\\\/#primaryimage\",\"url\":\"https:\\\/\\\/prismagamers.com\\\/wp-content\\\/uploads\\\/2022\\\/06\\\/Lords-of-the-Fallen-GOTY.jpg\",\"contentUrl\":\"https:\\\/\\\/prismagamers.com\\\/wp-content\\\/uploads\\\/2022\\\/06\\\/Lords-of-the-Fallen-GOTY.jpg\",\"width\":350,\"height\":482},{\"@type\":\"BreadcrumbList\",\"@id\":\"https:\\\/\\\/prismagamers.com\\\/hu\\\/produkt\\\/lords-of-the-fallen-goty\\\/#breadcrumb\",\"itemListElement\":[{\"@type\":\"ListItem\",\"position\":1,\"name\":\"Strona g\u0142\u00f3wna\",\"item\":\"https:\\\/\\\/prismagamers.com\\\/hu\\\/prismagamers\\\/\"},{\"@type\":\"ListItem\",\"position\":2,\"name\":\"Shop\",\"item\":\"https:\\\/\\\/prismagamers.com\\\/hu\\\/shop\\\/\"},{\"@type\":\"ListItem\",\"position\":3,\"name\":\"Lords of the Fallen\"}]},{\"@type\":\"WebSite\",\"@id\":\"https:\\\/\\\/prismagamers.com\\\/hu\\\/#website\",\"url\":\"https:\\\/\\\/prismagamers.com\\\/hu\\\/\",\"name\":\"Prismagamers\",\"description\":\"Sklep z grami PC I Sklep klucze Steam\",\"publisher\":{\"@id\":\"https:\\\/\\\/prismagamers.com\\\/hu\\\/#organization\"},\"potentialAction\":[{\"@type\":\"SearchAction\",\"target\":{\"@type\":\"EntryPoint\",\"urlTemplate\":\"https:\\\/\\\/prismagamers.com\\\/hu\\\/?s={search_term_string}\"},\"query-input\":{\"@type\":\"PropertyValueSpecification\",\"valueRequired\":true,\"valueName\":\"search_term_string\"}}],\"inLanguage\":\"hu\"},{\"@type\":\"Organization\",\"@id\":\"https:\\\/\\\/prismagamers.com\\\/hu\\\/#organization\",\"name\":\"Prismagamers\",\"url\":\"https:\\\/\\\/prismagamers.com\\\/hu\\\/\",\"logo\":{\"@type\":\"ImageObject\",\"inLanguage\":\"hu\",\"@id\":\"https:\\\/\\\/prismagamers.com\\\/hu\\\/#\\\/schema\\\/logo\\\/image\\\/\",\"url\":\"https:\\\/\\\/prismagamers.com\\\/wp-content\\\/uploads\\\/2022\\\/04\\\/cropped-logo-Prismagamers-01-scaled-1.jpg\",\"contentUrl\":\"https:\\\/\\\/prismagamers.com\\\/wp-content\\\/uploads\\\/2022\\\/04\\\/cropped-logo-Prismagamers-01-scaled-1.jpg\",\"width\":512,\"height\":512,\"caption\":\"Prismagamers\"},\"image\":{\"@id\":\"https:\\\/\\\/prismagamers.com\\\/hu\\\/#\\\/schema\\\/logo\\\/image\\\/\"},\"sameAs\":[\"https:\\\/\\\/www.facebook.com\\\/prismagamers\",\"https:\\\/\\\/www.instagram.com\\\/prismagamers_grycyfrowe\\\/\"],\"description\":\"Prismagamers.com to dynamiczny sklep z grami cyfrowymi, stworzony z my\u015bl\u0105 o entuzjastach gier wideo. Nasza strona oferuje szerok\u0105 gam\u0119 gier komputerowych, w tym najnowsze tytu\u0142y, dobrze znane klasyki oraz gry stworzone przez niezale\u017cne studia Ca\u0142y czas d\u0105\u017cymy do rozszerzenia naszej oferty. Do\u0142\u0105cz do nas i sta\u0144 si\u0119 cz\u0119\u015bci\u0105 naszej rosn\u0105cej spo\u0142eczno\u015bci graczy!\",\"email\":\"shop@prismagamers.com\",\"telephone\":\"48795541705\",\"legalName\":\"East Caravan Maksym \u017bukow\",\"foundingDate\":\"2012-05-10\",\"vatID\":\"PL8943038612\",\"taxID\":\"PL8943038612\",\"numberOfEmployees\":{\"@type\":\"QuantitativeValue\",\"minValue\":\"11\",\"maxValue\":\"50\"}}]}<\/script>\n<!-- \/ Yoast SEO Premium plugin. -->","yoast_head_json":{"title":"Lords of the Fallen Steam kulcs - Prismagamers.com%%","description":"A Lords of the Fallen \"\u00c9v j\u00e1t\u00e9ka\" kiad\u00e1sa, amelyhez Steam-kulcsot k\u00edn\u00e1lunk, egy hangulatos akci\u00f3-RPG, amelyet gyakran hasonl\u00edtanak az elismert Dark Souls-sorozathoz.","robots":{"index":"index","follow":"follow","max-snippet":"max-snippet:-1","max-image-preview":"max-image-preview:large","max-video-preview":"max-video-preview:-1"},"canonical":"https:\/\/prismagamers.com\/hu\/produkt\/lords-of-the-fallen-goty\/","og_locale":"hu_HU","og_type":"article","og_title":"Lords of the Fallen","og_description":"A Lords of the Fallen \"\u00c9v j\u00e1t\u00e9ka\" kiad\u00e1sa, amelyhez Steam-kulcsot k\u00edn\u00e1lunk, egy hangulatos akci\u00f3-RPG, amelyet gyakran hasonl\u00edtanak az elismert Dark Souls-sorozathoz.","og_url":"https:\/\/prismagamers.com\/hu\/produkt\/lords-of-the-fallen-goty\/","og_site_name":"Prismagamers.com","article_publisher":"https:\/\/www.facebook.com\/prismagamers","article_modified_time":"2026-03-04T23:00:54+00:00","og_image":[{"width":350,"height":482,"url":"https:\/\/prismagamers.com\/wp-content\/uploads\/2022\/06\/Lords-of-the-Fallen-GOTY.jpg","type":"image\/jpeg"}],"twitter_card":"summary_large_image","twitter_misc":{"Becs\u00fclt olvas\u00e1si id\u0151":"3 perc"},"schema":{"@context":"https:\/\/schema.org","@graph":[{"@type":"WebPage","@id":"https:\/\/prismagamers.com\/hu\/produkt\/lords-of-the-fallen-goty\/","url":"https:\/\/prismagamers.com\/hu\/produkt\/lords-of-the-fallen-goty\/","name":"Lords of the Fallen Steam kulcs - Prismagamers.com%%","isPartOf":{"@id":"https:\/\/prismagamers.com\/hu\/#website"},"primaryImageOfPage":{"@id":"https:\/\/prismagamers.com\/hu\/produkt\/lords-of-the-fallen-goty\/#primaryimage"},"image":{"@id":"https:\/\/prismagamers.com\/hu\/produkt\/lords-of-the-fallen-goty\/#primaryimage"},"thumbnailUrl":"https:\/\/prismagamers.com\/wp-content\/uploads\/2022\/06\/Lords-of-the-Fallen-GOTY.jpg","datePublished":"2022-06-29T20:20:49+00:00","dateModified":"2026-03-04T23:00:54+00:00","description":"A Lords of the Fallen \"\u00c9v j\u00e1t\u00e9ka\" kiad\u00e1sa, amelyhez Steam-kulcsot k\u00edn\u00e1lunk, egy hangulatos akci\u00f3-RPG, amelyet gyakran hasonl\u00edtanak az elismert Dark Souls-sorozathoz.","breadcrumb":{"@id":"https:\/\/prismagamers.com\/hu\/produkt\/lords-of-the-fallen-goty\/#breadcrumb"},"inLanguage":"hu","potentialAction":[{"@type":"ReadAction","target":["https:\/\/prismagamers.com\/hu\/produkt\/lords-of-the-fallen-goty\/"]}]},{"@type":"ImageObject","inLanguage":"hu","@id":"https:\/\/prismagamers.com\/hu\/produkt\/lords-of-the-fallen-goty\/#primaryimage","url":"https:\/\/prismagamers.com\/wp-content\/uploads\/2022\/06\/Lords-of-the-Fallen-GOTY.jpg","contentUrl":"https:\/\/prismagamers.com\/wp-content\/uploads\/2022\/06\/Lords-of-the-Fallen-GOTY.jpg","width":350,"height":482},{"@type":"BreadcrumbList","@id":"https:\/\/prismagamers.com\/hu\/produkt\/lords-of-the-fallen-goty\/#breadcrumb","itemListElement":[{"@type":"ListItem","position":1,"name":"Strona g\u0142\u00f3wna","item":"https:\/\/prismagamers.com\/hu\/prismagamers\/"},{"@type":"ListItem","position":2,"name":"Shop","item":"https:\/\/prismagamers.com\/hu\/shop\/"},{"@type":"ListItem","position":3,"name":"Lords of the Fallen"}]},{"@type":"WebSite","@id":"https:\/\/prismagamers.com\/hu\/#website","url":"https:\/\/prismagamers.com\/hu\/","name":"Prismagamers","description":"Sklep z grami PC I Sklep klucze Steam","publisher":{"@id":"https:\/\/prismagamers.com\/hu\/#organization"},"potentialAction":[{"@type":"SearchAction","target":{"@type":"EntryPoint","urlTemplate":"https:\/\/prismagamers.com\/hu\/?s={search_term_string}"},"query-input":{"@type":"PropertyValueSpecification","valueRequired":true,"valueName":"search_term_string"}}],"inLanguage":"hu"},{"@type":"Organization","@id":"https:\/\/prismagamers.com\/hu\/#organization","name":"Prismagamers","url":"https:\/\/prismagamers.com\/hu\/","logo":{"@type":"ImageObject","inLanguage":"hu","@id":"https:\/\/prismagamers.com\/hu\/#\/schema\/logo\/image\/","url":"https:\/\/prismagamers.com\/wp-content\/uploads\/2022\/04\/cropped-logo-Prismagamers-01-scaled-1.jpg","contentUrl":"https:\/\/prismagamers.com\/wp-content\/uploads\/2022\/04\/cropped-logo-Prismagamers-01-scaled-1.jpg","width":512,"height":512,"caption":"Prismagamers"},"image":{"@id":"https:\/\/prismagamers.com\/hu\/#\/schema\/logo\/image\/"},"sameAs":["https:\/\/www.facebook.com\/prismagamers","https:\/\/www.instagram.com\/prismagamers_grycyfrowe\/"],"description":"Prismagamers.com to dynamiczny sklep z grami cyfrowymi, stworzony z my\u015bl\u0105 o entuzjastach gier wideo. Nasza strona oferuje szerok\u0105 gam\u0119 gier komputerowych, w tym najnowsze tytu\u0142y, dobrze znane klasyki oraz gry stworzone przez niezale\u017cne studia Ca\u0142y czas d\u0105\u017cymy do rozszerzenia naszej oferty. Do\u0142\u0105cz do nas i sta\u0144 si\u0119 cz\u0119\u015bci\u0105 naszej rosn\u0105cej spo\u0142eczno\u015bci graczy!","email":"shop@prismagamers.com","telephone":"48795541705","legalName":"East Caravan Maksym \u017bukow","foundingDate":"2012-05-10","vatID":"PL8943038612","taxID":"PL8943038612","numberOfEmployees":{"@type":"QuantitativeValue","minValue":"11","maxValue":"50"}}]}},"_links":{"self":[{"href":"https:\/\/prismagamers.com\/hu\/wp-json\/wp\/v2\/product\/40945","targetHints":{"allow":["GET"]}}],"collection":[{"href":"https:\/\/prismagamers.com\/hu\/wp-json\/wp\/v2\/product"}],"about":[{"href":"https:\/\/prismagamers.com\/hu\/wp-json\/wp\/v2\/types\/product"}],"wp:featuredmedia":[{"embeddable":true,"href":"https:\/\/prismagamers.com\/hu\/wp-json\/wp\/v2\/media\/24772"}],"wp:attachment":[{"href":"https:\/\/prismagamers.com\/hu\/wp-json\/wp\/v2\/media?parent=40945"}],"wp:term":[{"taxonomy":"product_brand","embeddable":true,"href":"https:\/\/prismagamers.com\/hu\/wp-json\/wp\/v2\/product_brand?post=40945"},{"taxonomy":"product_cat","embeddable":true,"href":"https:\/\/prismagamers.com\/hu\/wp-json\/wp\/v2\/product_cat?post=40945"},{"taxonomy":"product_tag","embeddable":true,"href":"https:\/\/prismagamers.com\/hu\/wp-json\/wp\/v2\/product_tag?post=40945"}],"curies":[{"name":"wp","href":"https:\/\/api.w.org\/{rel}","templated":true}]}}