{"id":40953,"date":"2024-12-12T12:16:03","date_gmt":"2024-12-12T11:16:03","guid":{"rendered":"https:\/\/prismagamers.com\/produkt\/fort-solis\/"},"modified":"2026-03-05T00:00:53","modified_gmt":"2026-03-04T23:00:53","slug":"fort-solis","status":"publish","type":"product","link":"https:\/\/prismagamers.com\/hu\/produkt\/fort-solis\/","title":{"rendered":"Fort Solis"},"content":{"rendered":"<p><strong>\u00dcdv\u00f6z\u00f6lj\u00fck a Solis er\u0151dben<\/strong><br \/>\nJack egy t\u00e1voli b\u00e1ny\u00e1szb\u00e1zisr\u00f3l \u00e9rkez\u0151 nyugtalan\u00edt\u00f3 jelre reag\u00e1lva meg\u00e9rkezik a titokzatos \u00e9s kietlen Solis er\u0151dbe. Az esem\u00e9nyek gyorsan kics\u00fasznak az ir\u00e1ny\u00edt\u00e1s al\u00f3l, az \u00e9jszaka v\u00e9gtelennek t\u0171nik, \u00e9s a leg\u00e9nys\u00e9g sors\u00e1nak igazs\u00e1ga lassan napvil\u00e1gra ker\u00fcl. A k\u00f6zeled\u0151 vihar korl\u00e1tozza a menek\u00fcl\u00e9si lehet\u0151s\u00e9geiket, \u00edgy Jack k\u00e9nytelen hajnalig k\u00fczdeni a t\u00fal\u00e9l\u00e9s\u00e9rt.  <\/p>\n<p>A lebilincsel\u0151 <strong>t\u00f6rt\u00e9net<\/strong><br \/>\nFort Solis rendk\u00edv\u00fcl val\u00f3s\u00e1gh\u0171 \u00e9lm\u00e9nyt ny\u00fajt, amely a j\u00e1t\u00e9kosokat egy fesz\u00fclts\u00e9ggel \u00e9s \u00e9rzelmekkel teli t\u00f6rt\u00e9netbe vonzza. Roger Clark, Troy Baker \u00e9s Julia Brown alak\u00edt\u00e1sai a j\u00e1t\u00e9k minden egyes fejezet\u00e9t feldobj\u00e1k, a f\u00e9lelemt\u0151l az egy\u00fctt\u00e9rz\u00e9sig az \u00e9rzelmek teljes sk\u00e1l\u00e1j\u00e1t ny\u00fajtva. <\/p>\n<p>A f\u0151 t\u00f6rt\u00e9net mellett a j\u00e1t\u00e9kosok tov\u00e1bbi r\u00e9szleteket fedezhetnek fel hangos napl\u00f3k, megfigyel\u00e9si felv\u00e9telek vagy flashbackek seg\u00edts\u00e9g\u00e9vel. A leg\u00e9nys\u00e9g tagjainak vide\u00f3napl\u00f3i r\u00e1vil\u00e1g\u00edtanak a v\u00e9gzetes \u00e9jszak\u00e1t megel\u0151z\u0151 \u00e9s k\u00f6vet\u0151 esem\u00e9nyekre, amikor az er\u0151dben riadalom t\u00e1madt. <\/p>\n<p>Filmszer\u0171 <strong>\u00e9rz\u00e9s<\/strong><br \/>\nA n\u00e9gy fejezetre osztott t\u00f6rt\u00e9net lehet\u0151v\u00e9 teszi, hogy egy intenz\u00edv kalandot egyetlen \u00fcl\u00e9sben \u00e9lj \u00e1t, vagy epiz\u00f3dokra bontva, mint egy t\u00e9v\u00e9sorozatban.<\/p>\n<p>L\u00e9legzetel\u00e1ll\u00edt\u00f3 <strong>grafika<\/strong><br \/>\nAz Unreal Engine 5.2-nek k\u00f6sz\u00f6nhet\u0151en a Fort Solis val\u00f3s\u00e1gh\u0171, r\u00e9szletgazdag vil\u00e1ggal \u00e9s rendk\u00edv\u00fcli arc- \u00e9s karakteranim\u00e1ci\u00f3kkal ny\u0171g\u00f6z le, amelyek kiv\u00e9teles realizmust k\u00f6lcs\u00f6n\u00f6znek a j\u00e1t\u00e9knak.<\/p>\n<p>A bolyg\u00f3 felsz\u00edn\u00e9n tal\u00e1lhat\u00f3 \u00e9s m\u00e9lyen a f\u00f6ld al\u00e1 ny\u00fal\u00f3, <strong>titokzatos komplexum a k\u00fclvil\u00e1gban<\/strong><br \/>\nFort Solis sz\u00e1mos felfedez\u00e9sre v\u00e1r\u00f3 helysz\u00ednt k\u00edn\u00e1l. A bolyg\u00f3 viharos felsz\u00edn\u00e9t\u0151l kezdve a s\u00f6t\u00e9t szervizalagutakon \u00e1t a m\u0171szaki, orvosi vagy kommunik\u00e1ci\u00f3s r\u00e9szlegekig minden egyes sarok a saj\u00e1t t\u00f6rt\u00e9net\u00e9t mes\u00e9li el. <\/p>\n<p>A t\u00f6rt\u00e9net el\u0151rehaladt\u00e1val a j\u00e1t\u00e9kosok visszat\u00e9rnek a kor\u00e1bban megl\u00e1togatott helysz\u00ednekre, \u00faj \u00f6sszef\u00fcgg\u00e9seket \u00e9s nyomokat fedeznek fel, amelyek k\u00f6zelebb viszik Jacket az elker\u00fclhetetlen fin\u00e1l\u00e9hoz.<\/p>\n","protected":false},"excerpt":{"rendered":"<p class=\"ai-optimize-introduction ai-optimize-24\">Jack Leary m\u00e9rn\u00f6kk\u00e9nt v\u00e1laszolj egy rejt\u00e9lyes jelre egy marsi b\u00e1ny\u00e1szb\u00e1zison, \u00e9s der\u00edtsd ki az elt\u0171nt leg\u00e9nys\u00e9g sors\u00e1t. A Fort Solis egy izgalmas elbesz\u00e9l\u0151 thrillerbe kalauzol el, amely leny\u0171g\u00f6z\u0151, az Unreal Engine 5 motoron l\u00e9trehozott filmes l\u00e1tv\u00e1nyvil\u00e1ggal \u00e9s Roger Clark \u00e9s Troy Baker kiemelked\u0151 alak\u00edt\u00e1saival leny\u0171g\u00f6z\u0151. <\/p>\n<p class=\"ai-optimize-25\"><img decoding=\"async\" class=\"emoji\" role=\"img\" src=\"https:\/\/s.w.org\/images\/core\/emoji\/14.0.0\/svg\/1f30d.svg\" alt=\"\ud83c\udf0d\">  Global<br \/>\n<img decoding=\"async\" class=\"emoji\" role=\"img\" src=\"https:\/\/s.w.org\/images\/core\/emoji\/14.0.0\/svg\/2699.svg\" alt=\"\u2699\ufe0f\"> Steam<br \/>\n<img decoding=\"async\" class=\"emoji\" role=\"img\" src=\"https:\/\/s.w.org\/images\/core\/emoji\/14.0.0\/svg\/1f5dd.svg\" alt=\"\ud83d\udddd\"> Digit\u00e1lis kulcs<\/p>\n","protected":false},"featured_media":33282,"template":"","meta":{"_acf_changed":false,"site-sidebar-layout":"default","site-content-layout":"","ast-site-content-layout":"default","site-content-style":"default","site-sidebar-style":"default","ast-global-header-display":"","ast-banner-title-visibility":"","ast-main-header-display":"","ast-hfb-above-header-display":"","ast-hfb-below-header-display":"","ast-hfb-mobile-header-display":"","site-post-title":"","ast-breadcrumbs-content":"","ast-featured-img":"","footer-sml-layout":"","ast-disable-related-posts":"","theme-transparent-header-meta":"default","adv-header-id-meta":"","stick-header-meta":"","header-above-stick-meta":"","header-main-stick-meta":"","header-below-stick-meta":"","astra-migrate-meta-layouts":"default","ast-page-background-enabled":"default","ast-page-background-meta":{"desktop":{"background-color":"var(--ast-global-color-4)","background-image":"","background-repeat":"repeat","background-position":"center center","background-size":"auto","background-attachment":"scroll","background-type":"","background-media":"","overlay-type":"","overlay-color":"","overlay-opacity":"","overlay-gradient":""},"tablet":{"background-color":"","background-image":"","background-repeat":"repeat","background-position":"center center","background-size":"auto","background-attachment":"scroll","background-type":"","background-media":"","overlay-type":"","overlay-color":"","overlay-opacity":"","overlay-gradient":""},"mobile":{"background-color":"","background-image":"","background-repeat":"repeat","background-position":"center center","background-size":"auto","background-attachment":"scroll","background-type":"","background-media":"","overlay-type":"","overlay-color":"","overlay-opacity":"","overlay-gradient":""}},"ast-content-background-meta":{"desktop":{"background-color":"var(--ast-global-color-5)","background-image":"","background-repeat":"repeat","background-position":"center center","background-size":"auto","background-attachment":"scroll","background-type":"","background-media":"","overlay-type":"","overlay-color":"","overlay-opacity":"","overlay-gradient":""},"tablet":{"background-color":"var(--ast-global-color-5)","background-image":"","background-repeat":"repeat","background-position":"center center","background-size":"auto","background-attachment":"scroll","background-type":"","background-media":"","overlay-type":"","overlay-color":"","overlay-opacity":"","overlay-gradient":""},"mobile":{"background-color":"var(--ast-global-color-5)","background-image":"","background-repeat":"repeat","background-position":"center center","background-size":"auto","background-attachment":"scroll","background-type":"","background-media":"","overlay-type":"","overlay-color":"","overlay-opacity":"","overlay-gradient":""}}},"product_brand":[],"product_cat":[369,365,363,384],"product_tag":[542],"class_list":{"0":"post-40953","1":"product","2":"type-product","3":"status-publish","4":"has-post-thumbnail","6":"product_cat-csarnokok","7":"product_cat-goz","8":"product_cat-kaland-jatekok","9":"product_cat-kedves-falusiak","10":"product_tag-pid_04-hu","11":"desktop-align-left","12":"tablet-align-left","13":"mobile-align-left","15":"first","16":"instock","17":"virtual","18":"purchasable","19":"product-type-simple"},"acf":[],"yoast_head":"<!-- This site is optimized with the Yoast SEO Premium plugin v27.4 (Yoast SEO v27.4) - https:\/\/yoast.com\/product\/yoast-seo-premium-wordpress\/ -->\n<title>Fort Solis - Prismagamers.com<\/title>\n<meta name=\"description\" content=\"Jack Leary m\u00e9rn\u00f6kk\u00e9nt v\u00e1laszolj egy rejt\u00e9lyes jelre egy marsi b\u00e1ny\u00e1szb\u00e1zison, \u00e9s der\u00edtsd ki az elt\u0171nt leg\u00e9nys\u00e9g sors\u00e1t. A Fort Solis egy izgalmas elbesz\u00e9l\u0151 thrillerbe kalauzol el, amely leny\u0171g\u00f6z\u0151, az Unreal Engine 5 motoron l\u00e9trehozott filmes l\u00e1tv\u00e1nyvil\u00e1ggal \u00e9s Roger Clark \u00e9s Troy Baker kiemelked\u0151 alak\u00edt\u00e1saival leny\u0171g\u00f6z\u0151.  Global Steam Digit\u00e1lis kulcs\" \/>\n<meta name=\"robots\" content=\"index, follow, max-snippet:-1, max-image-preview:large, max-video-preview:-1\" \/>\n<link rel=\"canonical\" href=\"https:\/\/prismagamers.com\/hu\/produkt\/fort-solis\/\" \/>\n<meta property=\"og:locale\" content=\"hu_HU\" \/>\n<meta property=\"og:type\" content=\"article\" \/>\n<meta property=\"og:title\" content=\"Fort Solis\" \/>\n<meta property=\"og:description\" content=\"Jack Leary m\u00e9rn\u00f6kk\u00e9nt v\u00e1laszolj egy rejt\u00e9lyes jelre egy marsi b\u00e1ny\u00e1szb\u00e1zison, \u00e9s der\u00edtsd ki az elt\u0171nt leg\u00e9nys\u00e9g sors\u00e1t. A Fort Solis egy izgalmas elbesz\u00e9l\u0151 thrillerbe kalauzol el, amely leny\u0171g\u00f6z\u0151, az Unreal Engine 5 motoron l\u00e9trehozott filmes l\u00e1tv\u00e1nyvil\u00e1ggal \u00e9s Roger Clark \u00e9s Troy Baker kiemelked\u0151 alak\u00edt\u00e1saival leny\u0171g\u00f6z\u0151.  Global Steam Digit\u00e1lis kulcs\" \/>\n<meta property=\"og:url\" content=\"https:\/\/prismagamers.com\/hu\/produkt\/fort-solis\/\" \/>\n<meta property=\"og:site_name\" content=\"Prismagamers.com\" \/>\n<meta property=\"article:publisher\" content=\"https:\/\/www.facebook.com\/prismagamers\" \/>\n<meta property=\"article:modified_time\" content=\"2026-03-04T23:00:53+00:00\" \/>\n<meta property=\"og:image\" content=\"https:\/\/prismagamers.com\/wp-content\/uploads\/2024\/12\/AwPI9tCegP0OZZ1aKzlChg_sD8b71lUMiKpduNU2_g4_350x200_2x-0-e1734002116985.png\" \/>\n\t<meta property=\"og:image:width\" content=\"300\" \/>\n\t<meta property=\"og:image:height\" content=\"450\" \/>\n\t<meta property=\"og:image:type\" content=\"image\/png\" \/>\n<meta name=\"twitter:card\" content=\"summary_large_image\" \/>\n<meta name=\"twitter:label1\" content=\"Becs\u00fclt olvas\u00e1si id\u0151\" \/>\n\t<meta name=\"twitter:data1\" content=\"2 perc\" \/>\n<script type=\"application\/ld+json\" class=\"yoast-schema-graph\">{\"@context\":\"https:\\\/\\\/schema.org\",\"@graph\":[{\"@type\":\"WebPage\",\"@id\":\"https:\\\/\\\/prismagamers.com\\\/hu\\\/produkt\\\/fort-solis\\\/\",\"url\":\"https:\\\/\\\/prismagamers.com\\\/hu\\\/produkt\\\/fort-solis\\\/\",\"name\":\"Fort Solis - Prismagamers.com\",\"isPartOf\":{\"@id\":\"https:\\\/\\\/prismagamers.com\\\/hu\\\/#website\"},\"primaryImageOfPage\":{\"@id\":\"https:\\\/\\\/prismagamers.com\\\/hu\\\/produkt\\\/fort-solis\\\/#primaryimage\"},\"image\":{\"@id\":\"https:\\\/\\\/prismagamers.com\\\/hu\\\/produkt\\\/fort-solis\\\/#primaryimage\"},\"thumbnailUrl\":\"https:\\\/\\\/prismagamers.com\\\/wp-content\\\/uploads\\\/2024\\\/12\\\/AwPI9tCegP0OZZ1aKzlChg_sD8b71lUMiKpduNU2_g4_350x200_2x-0-e1734002116985.png\",\"datePublished\":\"2024-12-12T11:16:03+00:00\",\"dateModified\":\"2026-03-04T23:00:53+00:00\",\"description\":\"Jack Leary m\u00e9rn\u00f6kk\u00e9nt v\u00e1laszolj egy rejt\u00e9lyes jelre egy marsi b\u00e1ny\u00e1szb\u00e1zison, \u00e9s der\u00edtsd ki az elt\u0171nt leg\u00e9nys\u00e9g sors\u00e1t. A Fort Solis egy izgalmas elbesz\u00e9l\u0151 thrillerbe kalauzol el, amely leny\u0171g\u00f6z\u0151, az Unreal Engine 5 motoron l\u00e9trehozott filmes l\u00e1tv\u00e1nyvil\u00e1ggal \u00e9s Roger Clark \u00e9s Troy Baker kiemelked\u0151 alak\u00edt\u00e1saival leny\u0171g\u00f6z\u0151. Global Steam Digit\u00e1lis kulcs\",\"breadcrumb\":{\"@id\":\"https:\\\/\\\/prismagamers.com\\\/hu\\\/produkt\\\/fort-solis\\\/#breadcrumb\"},\"inLanguage\":\"hu\",\"potentialAction\":[{\"@type\":\"ReadAction\",\"target\":[\"https:\\\/\\\/prismagamers.com\\\/hu\\\/produkt\\\/fort-solis\\\/\"]}]},{\"@type\":\"ImageObject\",\"inLanguage\":\"hu\",\"@id\":\"https:\\\/\\\/prismagamers.com\\\/hu\\\/produkt\\\/fort-solis\\\/#primaryimage\",\"url\":\"https:\\\/\\\/prismagamers.com\\\/wp-content\\\/uploads\\\/2024\\\/12\\\/AwPI9tCegP0OZZ1aKzlChg_sD8b71lUMiKpduNU2_g4_350x200_2x-0-e1734002116985.png\",\"contentUrl\":\"https:\\\/\\\/prismagamers.com\\\/wp-content\\\/uploads\\\/2024\\\/12\\\/AwPI9tCegP0OZZ1aKzlChg_sD8b71lUMiKpduNU2_g4_350x200_2x-0-e1734002116985.png\",\"width\":300,\"height\":450},{\"@type\":\"BreadcrumbList\",\"@id\":\"https:\\\/\\\/prismagamers.com\\\/hu\\\/produkt\\\/fort-solis\\\/#breadcrumb\",\"itemListElement\":[{\"@type\":\"ListItem\",\"position\":1,\"name\":\"Strona g\u0142\u00f3wna\",\"item\":\"https:\\\/\\\/prismagamers.com\\\/hu\\\/prismagamers\\\/\"},{\"@type\":\"ListItem\",\"position\":2,\"name\":\"Shop\",\"item\":\"https:\\\/\\\/prismagamers.com\\\/hu\\\/shop\\\/\"},{\"@type\":\"ListItem\",\"position\":3,\"name\":\"Fort Solis\"}]},{\"@type\":\"WebSite\",\"@id\":\"https:\\\/\\\/prismagamers.com\\\/hu\\\/#website\",\"url\":\"https:\\\/\\\/prismagamers.com\\\/hu\\\/\",\"name\":\"Prismagamers\",\"description\":\"Sklep z grami PC I Sklep klucze Steam\",\"publisher\":{\"@id\":\"https:\\\/\\\/prismagamers.com\\\/hu\\\/#organization\"},\"potentialAction\":[{\"@type\":\"SearchAction\",\"target\":{\"@type\":\"EntryPoint\",\"urlTemplate\":\"https:\\\/\\\/prismagamers.com\\\/hu\\\/?s={search_term_string}\"},\"query-input\":{\"@type\":\"PropertyValueSpecification\",\"valueRequired\":true,\"valueName\":\"search_term_string\"}}],\"inLanguage\":\"hu\"},{\"@type\":\"Organization\",\"@id\":\"https:\\\/\\\/prismagamers.com\\\/hu\\\/#organization\",\"name\":\"Prismagamers\",\"url\":\"https:\\\/\\\/prismagamers.com\\\/hu\\\/\",\"logo\":{\"@type\":\"ImageObject\",\"inLanguage\":\"hu\",\"@id\":\"https:\\\/\\\/prismagamers.com\\\/hu\\\/#\\\/schema\\\/logo\\\/image\\\/\",\"url\":\"https:\\\/\\\/prismagamers.com\\\/wp-content\\\/uploads\\\/2022\\\/04\\\/cropped-logo-Prismagamers-01-scaled-1.jpg\",\"contentUrl\":\"https:\\\/\\\/prismagamers.com\\\/wp-content\\\/uploads\\\/2022\\\/04\\\/cropped-logo-Prismagamers-01-scaled-1.jpg\",\"width\":512,\"height\":512,\"caption\":\"Prismagamers\"},\"image\":{\"@id\":\"https:\\\/\\\/prismagamers.com\\\/hu\\\/#\\\/schema\\\/logo\\\/image\\\/\"},\"sameAs\":[\"https:\\\/\\\/www.facebook.com\\\/prismagamers\",\"https:\\\/\\\/www.instagram.com\\\/prismagamers_grycyfrowe\\\/\"],\"description\":\"Prismagamers.com to dynamiczny sklep z grami cyfrowymi, stworzony z my\u015bl\u0105 o entuzjastach gier wideo. Nasza strona oferuje szerok\u0105 gam\u0119 gier komputerowych, w tym najnowsze tytu\u0142y, dobrze znane klasyki oraz gry stworzone przez niezale\u017cne studia Ca\u0142y czas d\u0105\u017cymy do rozszerzenia naszej oferty. Do\u0142\u0105cz do nas i sta\u0144 si\u0119 cz\u0119\u015bci\u0105 naszej rosn\u0105cej spo\u0142eczno\u015bci graczy!\",\"email\":\"shop@prismagamers.com\",\"telephone\":\"48795541705\",\"legalName\":\"East Caravan Maksym \u017bukow\",\"foundingDate\":\"2012-05-10\",\"vatID\":\"PL8943038612\",\"taxID\":\"PL8943038612\",\"numberOfEmployees\":{\"@type\":\"QuantitativeValue\",\"minValue\":\"11\",\"maxValue\":\"50\"}}]}<\/script>\n<!-- \/ Yoast SEO Premium plugin. -->","yoast_head_json":{"title":"Fort Solis - Prismagamers.com","description":"Jack Leary m\u00e9rn\u00f6kk\u00e9nt v\u00e1laszolj egy rejt\u00e9lyes jelre egy marsi b\u00e1ny\u00e1szb\u00e1zison, \u00e9s der\u00edtsd ki az elt\u0171nt leg\u00e9nys\u00e9g sors\u00e1t. A Fort Solis egy izgalmas elbesz\u00e9l\u0151 thrillerbe kalauzol el, amely leny\u0171g\u00f6z\u0151, az Unreal Engine 5 motoron l\u00e9trehozott filmes l\u00e1tv\u00e1nyvil\u00e1ggal \u00e9s Roger Clark \u00e9s Troy Baker kiemelked\u0151 alak\u00edt\u00e1saival leny\u0171g\u00f6z\u0151.  Global Steam Digit\u00e1lis kulcs","robots":{"index":"index","follow":"follow","max-snippet":"max-snippet:-1","max-image-preview":"max-image-preview:large","max-video-preview":"max-video-preview:-1"},"canonical":"https:\/\/prismagamers.com\/hu\/produkt\/fort-solis\/","og_locale":"hu_HU","og_type":"article","og_title":"Fort Solis","og_description":"Jack Leary m\u00e9rn\u00f6kk\u00e9nt v\u00e1laszolj egy rejt\u00e9lyes jelre egy marsi b\u00e1ny\u00e1szb\u00e1zison, \u00e9s der\u00edtsd ki az elt\u0171nt leg\u00e9nys\u00e9g sors\u00e1t. A Fort Solis egy izgalmas elbesz\u00e9l\u0151 thrillerbe kalauzol el, amely leny\u0171g\u00f6z\u0151, az Unreal Engine 5 motoron l\u00e9trehozott filmes l\u00e1tv\u00e1nyvil\u00e1ggal \u00e9s Roger Clark \u00e9s Troy Baker kiemelked\u0151 alak\u00edt\u00e1saival leny\u0171g\u00f6z\u0151.  Global Steam Digit\u00e1lis kulcs","og_url":"https:\/\/prismagamers.com\/hu\/produkt\/fort-solis\/","og_site_name":"Prismagamers.com","article_publisher":"https:\/\/www.facebook.com\/prismagamers","article_modified_time":"2026-03-04T23:00:53+00:00","og_image":[{"width":300,"height":450,"url":"https:\/\/prismagamers.com\/wp-content\/uploads\/2024\/12\/AwPI9tCegP0OZZ1aKzlChg_sD8b71lUMiKpduNU2_g4_350x200_2x-0-e1734002116985.png","type":"image\/png"}],"twitter_card":"summary_large_image","twitter_misc":{"Becs\u00fclt olvas\u00e1si id\u0151":"2 perc"},"schema":{"@context":"https:\/\/schema.org","@graph":[{"@type":"WebPage","@id":"https:\/\/prismagamers.com\/hu\/produkt\/fort-solis\/","url":"https:\/\/prismagamers.com\/hu\/produkt\/fort-solis\/","name":"Fort Solis - Prismagamers.com","isPartOf":{"@id":"https:\/\/prismagamers.com\/hu\/#website"},"primaryImageOfPage":{"@id":"https:\/\/prismagamers.com\/hu\/produkt\/fort-solis\/#primaryimage"},"image":{"@id":"https:\/\/prismagamers.com\/hu\/produkt\/fort-solis\/#primaryimage"},"thumbnailUrl":"https:\/\/prismagamers.com\/wp-content\/uploads\/2024\/12\/AwPI9tCegP0OZZ1aKzlChg_sD8b71lUMiKpduNU2_g4_350x200_2x-0-e1734002116985.png","datePublished":"2024-12-12T11:16:03+00:00","dateModified":"2026-03-04T23:00:53+00:00","description":"Jack Leary m\u00e9rn\u00f6kk\u00e9nt v\u00e1laszolj egy rejt\u00e9lyes jelre egy marsi b\u00e1ny\u00e1szb\u00e1zison, \u00e9s der\u00edtsd ki az elt\u0171nt leg\u00e9nys\u00e9g sors\u00e1t. A Fort Solis egy izgalmas elbesz\u00e9l\u0151 thrillerbe kalauzol el, amely leny\u0171g\u00f6z\u0151, az Unreal Engine 5 motoron l\u00e9trehozott filmes l\u00e1tv\u00e1nyvil\u00e1ggal \u00e9s Roger Clark \u00e9s Troy Baker kiemelked\u0151 alak\u00edt\u00e1saival leny\u0171g\u00f6z\u0151. Global Steam Digit\u00e1lis kulcs","breadcrumb":{"@id":"https:\/\/prismagamers.com\/hu\/produkt\/fort-solis\/#breadcrumb"},"inLanguage":"hu","potentialAction":[{"@type":"ReadAction","target":["https:\/\/prismagamers.com\/hu\/produkt\/fort-solis\/"]}]},{"@type":"ImageObject","inLanguage":"hu","@id":"https:\/\/prismagamers.com\/hu\/produkt\/fort-solis\/#primaryimage","url":"https:\/\/prismagamers.com\/wp-content\/uploads\/2024\/12\/AwPI9tCegP0OZZ1aKzlChg_sD8b71lUMiKpduNU2_g4_350x200_2x-0-e1734002116985.png","contentUrl":"https:\/\/prismagamers.com\/wp-content\/uploads\/2024\/12\/AwPI9tCegP0OZZ1aKzlChg_sD8b71lUMiKpduNU2_g4_350x200_2x-0-e1734002116985.png","width":300,"height":450},{"@type":"BreadcrumbList","@id":"https:\/\/prismagamers.com\/hu\/produkt\/fort-solis\/#breadcrumb","itemListElement":[{"@type":"ListItem","position":1,"name":"Strona g\u0142\u00f3wna","item":"https:\/\/prismagamers.com\/hu\/prismagamers\/"},{"@type":"ListItem","position":2,"name":"Shop","item":"https:\/\/prismagamers.com\/hu\/shop\/"},{"@type":"ListItem","position":3,"name":"Fort Solis"}]},{"@type":"WebSite","@id":"https:\/\/prismagamers.com\/hu\/#website","url":"https:\/\/prismagamers.com\/hu\/","name":"Prismagamers","description":"Sklep z grami PC I Sklep klucze Steam","publisher":{"@id":"https:\/\/prismagamers.com\/hu\/#organization"},"potentialAction":[{"@type":"SearchAction","target":{"@type":"EntryPoint","urlTemplate":"https:\/\/prismagamers.com\/hu\/?s={search_term_string}"},"query-input":{"@type":"PropertyValueSpecification","valueRequired":true,"valueName":"search_term_string"}}],"inLanguage":"hu"},{"@type":"Organization","@id":"https:\/\/prismagamers.com\/hu\/#organization","name":"Prismagamers","url":"https:\/\/prismagamers.com\/hu\/","logo":{"@type":"ImageObject","inLanguage":"hu","@id":"https:\/\/prismagamers.com\/hu\/#\/schema\/logo\/image\/","url":"https:\/\/prismagamers.com\/wp-content\/uploads\/2022\/04\/cropped-logo-Prismagamers-01-scaled-1.jpg","contentUrl":"https:\/\/prismagamers.com\/wp-content\/uploads\/2022\/04\/cropped-logo-Prismagamers-01-scaled-1.jpg","width":512,"height":512,"caption":"Prismagamers"},"image":{"@id":"https:\/\/prismagamers.com\/hu\/#\/schema\/logo\/image\/"},"sameAs":["https:\/\/www.facebook.com\/prismagamers","https:\/\/www.instagram.com\/prismagamers_grycyfrowe\/"],"description":"Prismagamers.com to dynamiczny sklep z grami cyfrowymi, stworzony z my\u015bl\u0105 o entuzjastach gier wideo. Nasza strona oferuje szerok\u0105 gam\u0119 gier komputerowych, w tym najnowsze tytu\u0142y, dobrze znane klasyki oraz gry stworzone przez niezale\u017cne studia Ca\u0142y czas d\u0105\u017cymy do rozszerzenia naszej oferty. Do\u0142\u0105cz do nas i sta\u0144 si\u0119 cz\u0119\u015bci\u0105 naszej rosn\u0105cej spo\u0142eczno\u015bci graczy!","email":"shop@prismagamers.com","telephone":"48795541705","legalName":"East Caravan Maksym \u017bukow","foundingDate":"2012-05-10","vatID":"PL8943038612","taxID":"PL8943038612","numberOfEmployees":{"@type":"QuantitativeValue","minValue":"11","maxValue":"50"}}]}},"_links":{"self":[{"href":"https:\/\/prismagamers.com\/hu\/wp-json\/wp\/v2\/product\/40953","targetHints":{"allow":["GET"]}}],"collection":[{"href":"https:\/\/prismagamers.com\/hu\/wp-json\/wp\/v2\/product"}],"about":[{"href":"https:\/\/prismagamers.com\/hu\/wp-json\/wp\/v2\/types\/product"}],"wp:featuredmedia":[{"embeddable":true,"href":"https:\/\/prismagamers.com\/hu\/wp-json\/wp\/v2\/media\/33282"}],"wp:attachment":[{"href":"https:\/\/prismagamers.com\/hu\/wp-json\/wp\/v2\/media?parent=40953"}],"wp:term":[{"taxonomy":"product_brand","embeddable":true,"href":"https:\/\/prismagamers.com\/hu\/wp-json\/wp\/v2\/product_brand?post=40953"},{"taxonomy":"product_cat","embeddable":true,"href":"https:\/\/prismagamers.com\/hu\/wp-json\/wp\/v2\/product_cat?post=40953"},{"taxonomy":"product_tag","embeddable":true,"href":"https:\/\/prismagamers.com\/hu\/wp-json\/wp\/v2\/product_tag?post=40953"}],"curies":[{"name":"wp","href":"https:\/\/api.w.org\/{rel}","templated":true}]}}