{"id":41368,"date":"2023-04-24T12:12:58","date_gmt":"2023-04-24T10:12:58","guid":{"rendered":"https:\/\/prismagamers.com\/produkt\/unruly-heroes-pc\/"},"modified":"2026-01-02T00:36:11","modified_gmt":"2026-01-01T23:36:11","slug":"unruly-heroes-pc","status":"publish","type":"product","link":"https:\/\/prismagamers.com\/hu\/produkt\/unruly-heroes-pc\/","title":{"rendered":"Unruly Heroes"},"content":{"rendered":"<div class=\"flex-1 overflow-hidden\">\n<div class=\"react-scroll-to-bottom--css-nkzux-79elbk h-full\">\n<div class=\"react-scroll-to-bottom--css-nkzux-1n7m0yu\">\n<div>\n<div class=\"flex flex-col text-sm pb-9\">\n<div class=\"w-full text-token-text-primary\" dir=\"auto\" data-testid=\"conversation-turn-61\" data-scroll-anchor=\"true\">\n<div class=\"py-2 px-3 text-base md:px-4 m-auto md:px-5 lg:px-1 xl:px-5\">\n<div class=\"mx-auto flex flex-1 gap-3 text-base juice:gap-4 juice:md:gap-6 md:max-w-3xl lg:max-w-[40rem] xl:max-w-[48rem]\">\n<div class=\"relative flex w-full min-w-0 flex-col agent-turn\">\n<div class=\"flex-col gap-1 md:gap-3\">\n<div class=\"flex flex-grow flex-col max-w-full\">\n<div class=\"min-h-[20px] text-message flex flex-col items-start whitespace-pre-wrap break-words [.text-message+&amp;]:mt-5 juice:w-full juice:items-end overflow-x-auto gap-3\" dir=\"auto\" data-message-author-role=\"assistant\" data-message-id=\"1a5de9d5-1449-4505-a29a-08fb6c72cfd7\">\n<div class=\"markdown prose w-full break-words dark:prose-invert light\">\n<p>T\u00e1madjuk meg mindet kung-fuval!<\/p>\n<p>Vedd \u00e1t az ir\u00e1ny\u00edt\u00e1st Wukong, a majmok kir\u00e1lya, Sanzang, az alv\u00f3 szerzetes, Kihong, a moh\u00f3 diszn\u00f3 \u00e9s Sandmon, a sebezhet\u0151 \u00e1llat felett, mik\u00f6zben k\u00fcl\u00f6nf\u00e9le ellens\u00e9gekkel n\u00e9znek szembe, \u00e9s megmutatj\u00e1k kung-fu k\u00e9pess\u00e9geiket ebben az akci\u00f3d\u00fas kalandj\u00e1t\u00e9kban. V\u00e1lts z\u00f6kken\u0151mentesen a karakterek k\u00f6z\u00f6tt, \u00e9s mer\u00e9szkedj nyugatra a k\u00fcl\u00f6nb\u00f6z\u0151 gy\u00f6ny\u00f6r\u0171 k\u00f6rnyezeteken kereszt\u00fcl, hogy megkeresd a Szent Tekercs elsz\u00f3rt darabjait. <\/p>\n<p>J\u00e1tssz egyed\u00fcl vagy h\u00e1rom m\u00e1sik j\u00e1t\u00e9kossal egy\u00fctt a helyi kooperat\u00edv m\u00f3dban, vagy versenyezzetek egym\u00e1s ellen a PvP m\u00f3dban (helyben vagy online), mik\u00f6zben szemben\u00e9zel az el\u0151tted \u00e1ll\u00f3 f\u00e9lelmetes kih\u00edv\u00e1sokkal.<\/p>\n<p>Jellemz\u0151k:<\/p>\n<ul>\n<li>Ismerd meg a majomkir\u00e1ly legend\u00e1j\u00e1t sz\u00f3l\u00f3ban vagy ak\u00e1r n\u00e9gy j\u00e1t\u00e9kossal kooperat\u00edv m\u00f3dban, helyi j\u00e1t\u00e9km\u00f3dban.<\/li>\n<li>Tegye a harcot nagyobb kih\u00edv\u00e1ss\u00e1 a helyi \u00e9s online PvP-vel.<\/li>\n<li>K\u00fczdj a kung-fu ellens\u00e9ggel t\u00f6bb mint 20 t\u00e1mad\u00e1ssal \u00e9s kombin\u00e1ci\u00f3val.<\/li>\n<li>Saj\u00e1t\u00edtsd el n\u00e9gy egyedi h\u0151s egy\u00fcttes erej\u00e9t.<\/li>\n<li>Legy\u0151zd ellens\u00e9geidet, hogy kihaszn\u00e1ld erej\u00fcket \u00e9s k\u00e9pess\u00e9geiket.<\/li>\n<li>J\u00e1rd be a k\u00fcl\u00f6nb\u00f6z\u0151 vil\u00e1gokat egy sz\u00ednes fantasy univerzumban, ahol platformoznod kell, meg kell k\u00fczdened az ellens\u00e9ggel, \u00e9s le kell k\u00fczdened a v\u00e1ratlan j\u00e1t\u00e9kmechanizmusokat.<\/li>\n<li>Dokument\u00e1ld h\u0151stetteidet az \u00faj fot\u00f3 m\u00f3ddal.<\/li>\n<\/ul>\n<\/div>\n<\/div>\n<\/div>\n<div class=\"mt-1 flex gap-3 empty:hidden juice:-ml-3\"><\/div>\n<\/div>\n<\/div>\n<\/div>\n<\/div>\n<\/div>\n<\/div>\n<\/div>\n<\/div>\n<\/div>\n<\/div>\n","protected":false},"excerpt":{"rendered":"<p>T\u00e1madjuk meg mindet kung-fuval! J\u00e1tssz egyed\u00fcl vagy kooperat\u00edv m\u00f3dban, \u00e9s vedd \u00e1t az ir\u00e1ny\u00edt\u00e1st n\u00e9gy val\u00f3sz\u00edn\u0171tlen h\u0151s felett, akik k\u00fcl\u00f6nf\u00e9le ellens\u00e9gekkel sz\u00e1llnak szembe. Mutasd meg kung-fu k\u00e9pess\u00e9geidet, \u00e9s mer\u00e9szkedj nyugatra a k\u00fcl\u00f6nb\u00f6z\u0151 gy\u00f6ny\u00f6r\u0171 k\u00f6rnyezeteken kereszt\u00fcl, hogy megkeresd a Szent Tekercs sz\u00e9tsz\u00f3rt darabjait. <\/p>\n<p><img decoding=\"async\" class=\"emoji\" role=\"img\" draggable=\"false\" src=\"https:\/\/s.w.org\/images\/core\/emoji\/14.0.0\/svg\/1f30d.svg\" alt=\"\ud83c\udf0d\">  Glob\u00e1lis<br \/>\n<img decoding=\"async\" class=\"emoji\" role=\"img\" draggable=\"false\" src=\"https:\/\/s.w.org\/images\/core\/emoji\/14.0.0\/svg\/2699.svg\" alt=\"\u2699\ufe0f\">  G\u0151z<br \/>\n<img decoding=\"async\" class=\"emoji\" role=\"img\" draggable=\"false\" src=\"https:\/\/s.w.org\/images\/core\/emoji\/14.0.0\/svg\/1f5dd.svg\" alt=\"\ud83d\udddd\">  Digit\u00e1lis kulcs<\/p>\n","protected":false},"featured_media":25166,"template":"","meta":{"_acf_changed":false,"site-sidebar-layout":"default","site-content-layout":"default","ast-site-content-layout":"default","site-content-style":"default","site-sidebar-style":"default","ast-global-header-display":"","ast-banner-title-visibility":"","ast-main-header-display":"","ast-hfb-above-header-display":"","ast-hfb-below-header-display":"","ast-hfb-mobile-header-display":"","site-post-title":"","ast-breadcrumbs-content":"","ast-featured-img":"","footer-sml-layout":"","ast-disable-related-posts":"","theme-transparent-header-meta":"default","adv-header-id-meta":"","stick-header-meta":"","header-above-stick-meta":"","header-main-stick-meta":"","header-below-stick-meta":"","astra-migrate-meta-layouts":"default","ast-page-background-enabled":"default","ast-page-background-meta":{"desktop":{"background-color":"var(--ast-global-color-4)","background-image":"","background-repeat":"repeat","background-position":"center center","background-size":"auto","background-attachment":"scroll","background-type":"","background-media":"","overlay-type":"","overlay-color":"","overlay-opacity":"","overlay-gradient":""},"tablet":{"background-color":"","background-image":"","background-repeat":"repeat","background-position":"center center","background-size":"auto","background-attachment":"scroll","background-type":"","background-media":"","overlay-type":"","overlay-color":"","overlay-opacity":"","overlay-gradient":""},"mobile":{"background-color":"","background-image":"","background-repeat":"repeat","background-position":"center center","background-size":"auto","background-attachment":"scroll","background-type":"","background-media":"","overlay-type":"","overlay-color":"","overlay-opacity":"","overlay-gradient":""}},"ast-content-background-meta":{"desktop":{"background-color":"var(--ast-global-color-5)","background-image":"","background-repeat":"repeat","background-position":"center center","background-size":"auto","background-attachment":"scroll","background-type":"","background-media":"","overlay-type":"","overlay-color":"","overlay-opacity":"","overlay-gradient":""},"tablet":{"background-color":"var(--ast-global-color-5)","background-image":"","background-repeat":"repeat","background-position":"center center","background-size":"auto","background-attachment":"scroll","background-type":"","background-media":"","overlay-type":"","overlay-color":"","overlay-opacity":"","overlay-gradient":""},"mobile":{"background-color":"var(--ast-global-color-5)","background-image":"","background-repeat":"repeat","background-position":"center center","background-size":"auto","background-attachment":"scroll","background-type":"","background-media":"","overlay-type":"","overlay-color":"","overlay-opacity":"","overlay-gradient":""}}},"product_brand":[],"product_cat":[371,394,365,392,363,620,378,367,335],"product_tag":[],"class_list":{"0":"post-41368","1":"product","2":"type-product","3":"status-publish","4":"has-post-thumbnail","6":"product_cat-akcio-jatekok","7":"product_cat-digitalis-jatekok","8":"product_cat-goz","9":"product_cat-india","10":"product_cat-kaland-jatekok","11":"product_cat-magic-design-studios-hu","12":"product_cat-minden-digitalis-jatek","13":"product_cat-pc-jatekok","14":"product_cat-wyprzedaz","15":"desktop-align-left","16":"tablet-align-left","17":"mobile-align-left","19":"first","20":"instock","21":"shipping-taxable","22":"purchasable","23":"product-type-simple"},"acf":[],"yoast_head":"<!-- This site is optimized with the Yoast SEO Premium plugin v27.4 (Yoast SEO v27.4) - https:\/\/yoast.com\/product\/yoast-seo-premium-wordpress\/ -->\n<title>Unruly Heroes - Prismagamers.com<\/title>\n<meta name=\"description\" content=\"T\u00e1madjuk meg mindet kung-fuval! J\u00e1tssz egyed\u00fcl vagy kooperat\u00edv m\u00f3dban, \u00e9s vedd \u00e1t az ir\u00e1ny\u00edt\u00e1st n\u00e9gy val\u00f3sz\u00edn\u0171tlen h\u0151s felett, akik k\u00fcl\u00f6nf\u00e9le ellens\u00e9gekkel sz\u00e1llnak szembe. Mutasd meg kung-fu k\u00e9pess\u00e9geidet, \u00e9s mer\u00e9szkedj nyugatra a k\u00fcl\u00f6nb\u00f6z\u0151 gy\u00f6ny\u00f6r\u0171 k\u00f6rnyezeteken kereszt\u00fcl, hogy megkeresd a Szent Tekercs sz\u00e9tsz\u00f3rt darabjait.   Glob\u00e1lis  G\u0151z  Digit\u00e1lis kulcs\" \/>\n<meta name=\"robots\" content=\"index, follow, max-snippet:-1, max-image-preview:large, max-video-preview:-1\" \/>\n<link rel=\"canonical\" href=\"https:\/\/prismagamers.com\/hu\/produkt\/unruly-heroes-pc\/\" \/>\n<meta property=\"og:locale\" content=\"hu_HU\" \/>\n<meta property=\"og:type\" content=\"article\" \/>\n<meta property=\"og:title\" content=\"Unruly Heroes\" \/>\n<meta property=\"og:description\" content=\"T\u00e1madjuk meg mindet kung-fuval! J\u00e1tssz egyed\u00fcl vagy kooperat\u00edv m\u00f3dban, \u00e9s vedd \u00e1t az ir\u00e1ny\u00edt\u00e1st n\u00e9gy val\u00f3sz\u00edn\u0171tlen h\u0151s felett, akik k\u00fcl\u00f6nf\u00e9le ellens\u00e9gekkel sz\u00e1llnak szembe. Mutasd meg kung-fu k\u00e9pess\u00e9geidet, \u00e9s mer\u00e9szkedj nyugatra a k\u00fcl\u00f6nb\u00f6z\u0151 gy\u00f6ny\u00f6r\u0171 k\u00f6rnyezeteken kereszt\u00fcl, hogy megkeresd a Szent Tekercs sz\u00e9tsz\u00f3rt darabjait.   Glob\u00e1lis  G\u0151z  Digit\u00e1lis kulcs\" \/>\n<meta property=\"og:url\" content=\"https:\/\/prismagamers.com\/hu\/produkt\/unruly-heroes-pc\/\" \/>\n<meta property=\"og:site_name\" content=\"Prismagamers.com\" \/>\n<meta property=\"article:publisher\" content=\"https:\/\/www.facebook.com\/prismagamers\" \/>\n<meta property=\"article:modified_time\" content=\"2026-01-01T23:36:11+00:00\" \/>\n<meta property=\"og:image\" content=\"https:\/\/prismagamers.com\/wp-content\/uploads\/2023\/04\/Unruly-Heroes-1.jpg\" \/>\n\t<meta property=\"og:image:width\" content=\"350\" \/>\n\t<meta property=\"og:image:height\" content=\"525\" \/>\n\t<meta property=\"og:image:type\" content=\"image\/jpeg\" \/>\n<meta name=\"twitter:card\" content=\"summary_large_image\" \/>\n<meta name=\"twitter:label1\" content=\"Becs\u00fclt olvas\u00e1si id\u0151\" \/>\n\t<meta name=\"twitter:data1\" content=\"1 perc\" \/>\n<script type=\"application\/ld+json\" class=\"yoast-schema-graph\">{\"@context\":\"https:\\\/\\\/schema.org\",\"@graph\":[{\"@type\":\"WebPage\",\"@id\":\"https:\\\/\\\/prismagamers.com\\\/hu\\\/produkt\\\/unruly-heroes-pc\\\/\",\"url\":\"https:\\\/\\\/prismagamers.com\\\/hu\\\/produkt\\\/unruly-heroes-pc\\\/\",\"name\":\"Unruly Heroes - Prismagamers.com\",\"isPartOf\":{\"@id\":\"https:\\\/\\\/prismagamers.com\\\/hu\\\/#website\"},\"primaryImageOfPage\":{\"@id\":\"https:\\\/\\\/prismagamers.com\\\/hu\\\/produkt\\\/unruly-heroes-pc\\\/#primaryimage\"},\"image\":{\"@id\":\"https:\\\/\\\/prismagamers.com\\\/hu\\\/produkt\\\/unruly-heroes-pc\\\/#primaryimage\"},\"thumbnailUrl\":\"https:\\\/\\\/prismagamers.com\\\/wp-content\\\/uploads\\\/2023\\\/04\\\/Unruly-Heroes-1.jpg\",\"datePublished\":\"2023-04-24T10:12:58+00:00\",\"dateModified\":\"2026-01-01T23:36:11+00:00\",\"description\":\"T\u00e1madjuk meg mindet kung-fuval! J\u00e1tssz egyed\u00fcl vagy kooperat\u00edv m\u00f3dban, \u00e9s vedd \u00e1t az ir\u00e1ny\u00edt\u00e1st n\u00e9gy val\u00f3sz\u00edn\u0171tlen h\u0151s felett, akik k\u00fcl\u00f6nf\u00e9le ellens\u00e9gekkel sz\u00e1llnak szembe. Mutasd meg kung-fu k\u00e9pess\u00e9geidet, \u00e9s mer\u00e9szkedj nyugatra a k\u00fcl\u00f6nb\u00f6z\u0151 gy\u00f6ny\u00f6r\u0171 k\u00f6rnyezeteken kereszt\u00fcl, hogy megkeresd a Szent Tekercs sz\u00e9tsz\u00f3rt darabjait. Glob\u00e1lis G\u0151z Digit\u00e1lis kulcs\",\"breadcrumb\":{\"@id\":\"https:\\\/\\\/prismagamers.com\\\/hu\\\/produkt\\\/unruly-heroes-pc\\\/#breadcrumb\"},\"inLanguage\":\"hu\",\"potentialAction\":[{\"@type\":\"ReadAction\",\"target\":[\"https:\\\/\\\/prismagamers.com\\\/hu\\\/produkt\\\/unruly-heroes-pc\\\/\"]}]},{\"@type\":\"ImageObject\",\"inLanguage\":\"hu\",\"@id\":\"https:\\\/\\\/prismagamers.com\\\/hu\\\/produkt\\\/unruly-heroes-pc\\\/#primaryimage\",\"url\":\"https:\\\/\\\/prismagamers.com\\\/wp-content\\\/uploads\\\/2023\\\/04\\\/Unruly-Heroes-1.jpg\",\"contentUrl\":\"https:\\\/\\\/prismagamers.com\\\/wp-content\\\/uploads\\\/2023\\\/04\\\/Unruly-Heroes-1.jpg\",\"width\":350,\"height\":525},{\"@type\":\"BreadcrumbList\",\"@id\":\"https:\\\/\\\/prismagamers.com\\\/hu\\\/produkt\\\/unruly-heroes-pc\\\/#breadcrumb\",\"itemListElement\":[{\"@type\":\"ListItem\",\"position\":1,\"name\":\"Strona g\u0142\u00f3wna\",\"item\":\"https:\\\/\\\/prismagamers.com\\\/hu\\\/prismagamers\\\/\"},{\"@type\":\"ListItem\",\"position\":2,\"name\":\"Shop\",\"item\":\"https:\\\/\\\/prismagamers.com\\\/hu\\\/shop\\\/\"},{\"@type\":\"ListItem\",\"position\":3,\"name\":\"Unruly Heroes\"}]},{\"@type\":\"WebSite\",\"@id\":\"https:\\\/\\\/prismagamers.com\\\/hu\\\/#website\",\"url\":\"https:\\\/\\\/prismagamers.com\\\/hu\\\/\",\"name\":\"Prismagamers\",\"description\":\"Sklep z grami PC I Sklep klucze Steam\",\"publisher\":{\"@id\":\"https:\\\/\\\/prismagamers.com\\\/hu\\\/#organization\"},\"potentialAction\":[{\"@type\":\"SearchAction\",\"target\":{\"@type\":\"EntryPoint\",\"urlTemplate\":\"https:\\\/\\\/prismagamers.com\\\/hu\\\/?s={search_term_string}\"},\"query-input\":{\"@type\":\"PropertyValueSpecification\",\"valueRequired\":true,\"valueName\":\"search_term_string\"}}],\"inLanguage\":\"hu\"},{\"@type\":\"Organization\",\"@id\":\"https:\\\/\\\/prismagamers.com\\\/hu\\\/#organization\",\"name\":\"Prismagamers\",\"url\":\"https:\\\/\\\/prismagamers.com\\\/hu\\\/\",\"logo\":{\"@type\":\"ImageObject\",\"inLanguage\":\"hu\",\"@id\":\"https:\\\/\\\/prismagamers.com\\\/hu\\\/#\\\/schema\\\/logo\\\/image\\\/\",\"url\":\"https:\\\/\\\/prismagamers.com\\\/wp-content\\\/uploads\\\/2022\\\/04\\\/cropped-logo-Prismagamers-01-scaled-1.jpg\",\"contentUrl\":\"https:\\\/\\\/prismagamers.com\\\/wp-content\\\/uploads\\\/2022\\\/04\\\/cropped-logo-Prismagamers-01-scaled-1.jpg\",\"width\":512,\"height\":512,\"caption\":\"Prismagamers\"},\"image\":{\"@id\":\"https:\\\/\\\/prismagamers.com\\\/hu\\\/#\\\/schema\\\/logo\\\/image\\\/\"},\"sameAs\":[\"https:\\\/\\\/www.facebook.com\\\/prismagamers\",\"https:\\\/\\\/www.instagram.com\\\/prismagamers_grycyfrowe\\\/\"],\"description\":\"Prismagamers.com to dynamiczny sklep z grami cyfrowymi, stworzony z my\u015bl\u0105 o entuzjastach gier wideo. Nasza strona oferuje szerok\u0105 gam\u0119 gier komputerowych, w tym najnowsze tytu\u0142y, dobrze znane klasyki oraz gry stworzone przez niezale\u017cne studia Ca\u0142y czas d\u0105\u017cymy do rozszerzenia naszej oferty. Do\u0142\u0105cz do nas i sta\u0144 si\u0119 cz\u0119\u015bci\u0105 naszej rosn\u0105cej spo\u0142eczno\u015bci graczy!\",\"email\":\"shop@prismagamers.com\",\"telephone\":\"48795541705\",\"legalName\":\"East Caravan Maksym \u017bukow\",\"foundingDate\":\"2012-05-10\",\"vatID\":\"PL8943038612\",\"taxID\":\"PL8943038612\",\"numberOfEmployees\":{\"@type\":\"QuantitativeValue\",\"minValue\":\"11\",\"maxValue\":\"50\"}}]}<\/script>\n<!-- \/ Yoast SEO Premium plugin. -->","yoast_head_json":{"title":"Unruly Heroes - Prismagamers.com","description":"T\u00e1madjuk meg mindet kung-fuval! J\u00e1tssz egyed\u00fcl vagy kooperat\u00edv m\u00f3dban, \u00e9s vedd \u00e1t az ir\u00e1ny\u00edt\u00e1st n\u00e9gy val\u00f3sz\u00edn\u0171tlen h\u0151s felett, akik k\u00fcl\u00f6nf\u00e9le ellens\u00e9gekkel sz\u00e1llnak szembe. Mutasd meg kung-fu k\u00e9pess\u00e9geidet, \u00e9s mer\u00e9szkedj nyugatra a k\u00fcl\u00f6nb\u00f6z\u0151 gy\u00f6ny\u00f6r\u0171 k\u00f6rnyezeteken kereszt\u00fcl, hogy megkeresd a Szent Tekercs sz\u00e9tsz\u00f3rt darabjait.   Glob\u00e1lis  G\u0151z  Digit\u00e1lis kulcs","robots":{"index":"index","follow":"follow","max-snippet":"max-snippet:-1","max-image-preview":"max-image-preview:large","max-video-preview":"max-video-preview:-1"},"canonical":"https:\/\/prismagamers.com\/hu\/produkt\/unruly-heroes-pc\/","og_locale":"hu_HU","og_type":"article","og_title":"Unruly Heroes","og_description":"T\u00e1madjuk meg mindet kung-fuval! J\u00e1tssz egyed\u00fcl vagy kooperat\u00edv m\u00f3dban, \u00e9s vedd \u00e1t az ir\u00e1ny\u00edt\u00e1st n\u00e9gy val\u00f3sz\u00edn\u0171tlen h\u0151s felett, akik k\u00fcl\u00f6nf\u00e9le ellens\u00e9gekkel sz\u00e1llnak szembe. Mutasd meg kung-fu k\u00e9pess\u00e9geidet, \u00e9s mer\u00e9szkedj nyugatra a k\u00fcl\u00f6nb\u00f6z\u0151 gy\u00f6ny\u00f6r\u0171 k\u00f6rnyezeteken kereszt\u00fcl, hogy megkeresd a Szent Tekercs sz\u00e9tsz\u00f3rt darabjait.   Glob\u00e1lis  G\u0151z  Digit\u00e1lis kulcs","og_url":"https:\/\/prismagamers.com\/hu\/produkt\/unruly-heroes-pc\/","og_site_name":"Prismagamers.com","article_publisher":"https:\/\/www.facebook.com\/prismagamers","article_modified_time":"2026-01-01T23:36:11+00:00","og_image":[{"width":350,"height":525,"url":"https:\/\/prismagamers.com\/wp-content\/uploads\/2023\/04\/Unruly-Heroes-1.jpg","type":"image\/jpeg"}],"twitter_card":"summary_large_image","twitter_misc":{"Becs\u00fclt olvas\u00e1si id\u0151":"1 perc"},"schema":{"@context":"https:\/\/schema.org","@graph":[{"@type":"WebPage","@id":"https:\/\/prismagamers.com\/hu\/produkt\/unruly-heroes-pc\/","url":"https:\/\/prismagamers.com\/hu\/produkt\/unruly-heroes-pc\/","name":"Unruly Heroes - Prismagamers.com","isPartOf":{"@id":"https:\/\/prismagamers.com\/hu\/#website"},"primaryImageOfPage":{"@id":"https:\/\/prismagamers.com\/hu\/produkt\/unruly-heroes-pc\/#primaryimage"},"image":{"@id":"https:\/\/prismagamers.com\/hu\/produkt\/unruly-heroes-pc\/#primaryimage"},"thumbnailUrl":"https:\/\/prismagamers.com\/wp-content\/uploads\/2023\/04\/Unruly-Heroes-1.jpg","datePublished":"2023-04-24T10:12:58+00:00","dateModified":"2026-01-01T23:36:11+00:00","description":"T\u00e1madjuk meg mindet kung-fuval! J\u00e1tssz egyed\u00fcl vagy kooperat\u00edv m\u00f3dban, \u00e9s vedd \u00e1t az ir\u00e1ny\u00edt\u00e1st n\u00e9gy val\u00f3sz\u00edn\u0171tlen h\u0151s felett, akik k\u00fcl\u00f6nf\u00e9le ellens\u00e9gekkel sz\u00e1llnak szembe. Mutasd meg kung-fu k\u00e9pess\u00e9geidet, \u00e9s mer\u00e9szkedj nyugatra a k\u00fcl\u00f6nb\u00f6z\u0151 gy\u00f6ny\u00f6r\u0171 k\u00f6rnyezeteken kereszt\u00fcl, hogy megkeresd a Szent Tekercs sz\u00e9tsz\u00f3rt darabjait. Glob\u00e1lis G\u0151z Digit\u00e1lis kulcs","breadcrumb":{"@id":"https:\/\/prismagamers.com\/hu\/produkt\/unruly-heroes-pc\/#breadcrumb"},"inLanguage":"hu","potentialAction":[{"@type":"ReadAction","target":["https:\/\/prismagamers.com\/hu\/produkt\/unruly-heroes-pc\/"]}]},{"@type":"ImageObject","inLanguage":"hu","@id":"https:\/\/prismagamers.com\/hu\/produkt\/unruly-heroes-pc\/#primaryimage","url":"https:\/\/prismagamers.com\/wp-content\/uploads\/2023\/04\/Unruly-Heroes-1.jpg","contentUrl":"https:\/\/prismagamers.com\/wp-content\/uploads\/2023\/04\/Unruly-Heroes-1.jpg","width":350,"height":525},{"@type":"BreadcrumbList","@id":"https:\/\/prismagamers.com\/hu\/produkt\/unruly-heroes-pc\/#breadcrumb","itemListElement":[{"@type":"ListItem","position":1,"name":"Strona g\u0142\u00f3wna","item":"https:\/\/prismagamers.com\/hu\/prismagamers\/"},{"@type":"ListItem","position":2,"name":"Shop","item":"https:\/\/prismagamers.com\/hu\/shop\/"},{"@type":"ListItem","position":3,"name":"Unruly Heroes"}]},{"@type":"WebSite","@id":"https:\/\/prismagamers.com\/hu\/#website","url":"https:\/\/prismagamers.com\/hu\/","name":"Prismagamers","description":"Sklep z grami PC I Sklep klucze Steam","publisher":{"@id":"https:\/\/prismagamers.com\/hu\/#organization"},"potentialAction":[{"@type":"SearchAction","target":{"@type":"EntryPoint","urlTemplate":"https:\/\/prismagamers.com\/hu\/?s={search_term_string}"},"query-input":{"@type":"PropertyValueSpecification","valueRequired":true,"valueName":"search_term_string"}}],"inLanguage":"hu"},{"@type":"Organization","@id":"https:\/\/prismagamers.com\/hu\/#organization","name":"Prismagamers","url":"https:\/\/prismagamers.com\/hu\/","logo":{"@type":"ImageObject","inLanguage":"hu","@id":"https:\/\/prismagamers.com\/hu\/#\/schema\/logo\/image\/","url":"https:\/\/prismagamers.com\/wp-content\/uploads\/2022\/04\/cropped-logo-Prismagamers-01-scaled-1.jpg","contentUrl":"https:\/\/prismagamers.com\/wp-content\/uploads\/2022\/04\/cropped-logo-Prismagamers-01-scaled-1.jpg","width":512,"height":512,"caption":"Prismagamers"},"image":{"@id":"https:\/\/prismagamers.com\/hu\/#\/schema\/logo\/image\/"},"sameAs":["https:\/\/www.facebook.com\/prismagamers","https:\/\/www.instagram.com\/prismagamers_grycyfrowe\/"],"description":"Prismagamers.com to dynamiczny sklep z grami cyfrowymi, stworzony z my\u015bl\u0105 o entuzjastach gier wideo. Nasza strona oferuje szerok\u0105 gam\u0119 gier komputerowych, w tym najnowsze tytu\u0142y, dobrze znane klasyki oraz gry stworzone przez niezale\u017cne studia Ca\u0142y czas d\u0105\u017cymy do rozszerzenia naszej oferty. Do\u0142\u0105cz do nas i sta\u0144 si\u0119 cz\u0119\u015bci\u0105 naszej rosn\u0105cej spo\u0142eczno\u015bci graczy!","email":"shop@prismagamers.com","telephone":"48795541705","legalName":"East Caravan Maksym \u017bukow","foundingDate":"2012-05-10","vatID":"PL8943038612","taxID":"PL8943038612","numberOfEmployees":{"@type":"QuantitativeValue","minValue":"11","maxValue":"50"}}]}},"_links":{"self":[{"href":"https:\/\/prismagamers.com\/hu\/wp-json\/wp\/v2\/product\/41368","targetHints":{"allow":["GET"]}}],"collection":[{"href":"https:\/\/prismagamers.com\/hu\/wp-json\/wp\/v2\/product"}],"about":[{"href":"https:\/\/prismagamers.com\/hu\/wp-json\/wp\/v2\/types\/product"}],"wp:featuredmedia":[{"embeddable":true,"href":"https:\/\/prismagamers.com\/hu\/wp-json\/wp\/v2\/media\/25166"}],"wp:attachment":[{"href":"https:\/\/prismagamers.com\/hu\/wp-json\/wp\/v2\/media?parent=41368"}],"wp:term":[{"taxonomy":"product_brand","embeddable":true,"href":"https:\/\/prismagamers.com\/hu\/wp-json\/wp\/v2\/product_brand?post=41368"},{"taxonomy":"product_cat","embeddable":true,"href":"https:\/\/prismagamers.com\/hu\/wp-json\/wp\/v2\/product_cat?post=41368"},{"taxonomy":"product_tag","embeddable":true,"href":"https:\/\/prismagamers.com\/hu\/wp-json\/wp\/v2\/product_tag?post=41368"}],"curies":[{"name":"wp","href":"https:\/\/api.w.org\/{rel}","templated":true}]}}