{"id":41370,"date":"2023-04-11T23:08:59","date_gmt":"2023-04-11T21:08:59","guid":{"rendered":"https:\/\/prismagamers.com\/produkt\/biped-pc\/"},"modified":"2026-03-05T00:00:45","modified_gmt":"2026-03-04T23:00:45","slug":"biped-pc","status":"publish","type":"product","link":"https:\/\/prismagamers.com\/hu\/produkt\/biped-pc\/","title":{"rendered":"Biped"},"content":{"rendered":"<p>K\u00e9t kis k\u00e9tl\u00e1b\u00fa robot, Aku \u00e9s Sila, egy m\u00f3k\u00e1val \u00e9s bar\u00e1ts\u00e1ggal teli utaz\u00e1sra indul.<\/p>\n<h5 class=\"css-1bemwa4\">INNOVAT\u00cdV \u00c9S K\u00d6NNYEN KEZELHET\u0150 VEZ\u00c9RL\u0150K\u00c9SZ\u00dcL\u00c9KEK<\/h5>\n<div class=\"css-1o9l22h\">A robot k\u00e9t l\u00e1b\u00e1t a k\u00e9t botkorm\u00e1nnyal vagy a bal \u00e9s jobb eg\u00e9rgombbal ir\u00e1ny\u00edthatod. Ez lehet\u0151v\u00e9 teszi, hogy k\u00fcl\u00f6nf\u00e9le mozg\u00e1sokat hajts v\u00e9gre, az egyszer\u0171 j\u00e1r\u00e1st\u00f3l \u00e9s cs\u00fasz\u00e1st\u00f3l kezdve az olyan fejlettebb tev\u00e9kenys\u00e9gekig, mint a g\u00e9pek m\u0171k\u00f6dtet\u00e9se vagy a fav\u00e1g\u00e1s. <\/div>\n<div><\/div>\n<div>\n<h5 class=\"css-1bemwa4\">MEGH\u00d3D\u00cdTANI A KOOPERAT\u00cdV M\u00d3DOT K\u00c9T J\u00c1T\u00c9KOS SZ\u00c1M\u00c1RA<\/h5>\n<div class=\"css-1o9l22h\">\u00c9ld \u00e1t a kalandot egyed\u00fcl, vagy h\u00edvj meg egy bar\u00e1tot vagy csal\u00e1dtagot, hogy egy\u00fctt j\u00e1tszanak \u00e9s sz\u00f3rakozzanak a kooperat\u00edv m\u00f3dban. Kommunik\u00e1ljatok \u00e9s koordin\u00e1lj\u00e1tok akci\u00f3itokat, hogy egy\u00fctt k\u00fczdj\u00e9tek le a kih\u00edv\u00e1sokat, \u00e9s megtudj\u00e1tok, milyen j\u00f3 p\u00e1ros vagytok. <\/div>\n<\/div>\n<div><\/div>\n<div>\n<div class=\"css-1o9l22h\">\n<h5 class=\"css-1bemwa4\">FELFEDEZNI SZ\u00d3RAKOZTAT\u00d3 VIL\u00c1GOKAT<\/h5>\n<div class=\"css-1o9l22h\">Kalandod a bolyg\u00f3 sz\u00e1mos gy\u00f6ny\u00f6r\u0171 \u00e9s titokzatos hely\u00e9re vezet. Fedezd fel a rejt\u00e9lyeket az erd\u0151kben, v\u00f6lgyekben, v\u00edzes\u00e9sekben \u00e9s j\u00e9ghegyekben, \u00e9s tal\u00e1ld meg az utat a rejt\u00e9lyes \u00f6sv\u00e9nyeken, amelyek a bolyg\u00f3 jelz\u0151f\u00e9nyeihez vezetnek. <\/div>\n<div><\/div>\n<div>\n<h5 class=\"css-1bemwa4\">MINDK\u00c9T ROBOT MEGJELEN\u00c9S\u00c9NEK BIZTOS\u00cdT\u00c1SA<\/h5>\n<div class=\"css-1o9l22h\">Gy\u0171jts kincseket \u00e9s vegy\u00e9l buta kalapokat! \u00d6lt\u00f6ztesd a robotjaidat \u00fagy, ahogyan szeretn\u00e9d. Vagy ami m\u00e9g jobb, illessz\u00e9tek a k\u00fcls\u0151t a partneretekhez, \u00e9s legyetek a legelb\u0171v\u00f6l\u0151bb kalandorok p\u00e1rja ezen az epikus k\u00fcldet\u00e9sen.  <\/div>\n<\/div>\n<\/div>\n<\/div>\n","protected":false},"excerpt":{"rendered":"<p><b>A fizika t\u00f6rv\u00e9nyein alapul\u00f3 kooperat\u00edv platform- \u00e9s logikai j\u00e1t\u00e9k<\/b>. A Bipedben k\u00e9t k\u00e9tl\u00e1b\u00fa minirobotot alak\u00edtunk, akiknek szorosan egy\u00fcttm\u0171k\u00f6dve kell lek\u00fczdeni\u00fck sz\u00e1mos akad\u00e1lyt. <\/p>\n<p><img decoding=\"async\" class=\"emoji\" role=\"img\" draggable=\"false\" src=\"https:\/\/s.w.org\/images\/core\/emoji\/14.0.0\/svg\/1f30d.svg\" alt=\"\ud83c\udf0d\">  Glob\u00e1lis<br \/>\n<img decoding=\"async\" class=\"emoji\" role=\"img\" draggable=\"false\" src=\"https:\/\/s.w.org\/images\/core\/emoji\/14.0.0\/svg\/2699.svg\" alt=\"\u2699\ufe0f\">  G\u0151z<br \/>\n<img decoding=\"async\" class=\"emoji\" role=\"img\" draggable=\"false\" src=\"https:\/\/s.w.org\/images\/core\/emoji\/14.0.0\/svg\/1f5dd.svg\" alt=\"\ud83d\udddd\">  Digit\u00e1lis kulcs<\/p>\n","protected":false},"featured_media":25105,"template":"","meta":{"_acf_changed":false,"site-sidebar-layout":"default","site-content-layout":"default","ast-site-content-layout":"default","site-content-style":"default","site-sidebar-style":"default","ast-global-header-display":"","ast-banner-title-visibility":"","ast-main-header-display":"","ast-hfb-above-header-display":"","ast-hfb-below-header-display":"","ast-hfb-mobile-header-display":"","site-post-title":"","ast-breadcrumbs-content":"","ast-featured-img":"","footer-sml-layout":"","ast-disable-related-posts":"","theme-transparent-header-meta":"default","adv-header-id-meta":"","stick-header-meta":"","header-above-stick-meta":"","header-main-stick-meta":"","header-below-stick-meta":"","astra-migrate-meta-layouts":"default","ast-page-background-enabled":"default","ast-page-background-meta":{"desktop":{"background-color":"var(--ast-global-color-4)","background-image":"","background-repeat":"repeat","background-position":"center center","background-size":"auto","background-attachment":"scroll","background-type":"","background-media":"","overlay-type":"","overlay-color":"","overlay-opacity":"","overlay-gradient":""},"tablet":{"background-color":"","background-image":"","background-repeat":"repeat","background-position":"center center","background-size":"auto","background-attachment":"scroll","background-type":"","background-media":"","overlay-type":"","overlay-color":"","overlay-opacity":"","overlay-gradient":""},"mobile":{"background-color":"","background-image":"","background-repeat":"repeat","background-position":"center center","background-size":"auto","background-attachment":"scroll","background-type":"","background-media":"","overlay-type":"","overlay-color":"","overlay-opacity":"","overlay-gradient":""}},"ast-content-background-meta":{"desktop":{"background-color":"var(--ast-global-color-5)","background-image":"","background-repeat":"repeat","background-position":"center center","background-size":"auto","background-attachment":"scroll","background-type":"","background-media":"","overlay-type":"","overlay-color":"","overlay-opacity":"","overlay-gradient":""},"tablet":{"background-color":"var(--ast-global-color-5)","background-image":"","background-repeat":"repeat","background-position":"center center","background-size":"auto","background-attachment":"scroll","background-type":"","background-media":"","overlay-type":"","overlay-color":"","overlay-opacity":"","overlay-gradient":""},"mobile":{"background-color":"var(--ast-global-color-5)","background-image":"","background-repeat":"repeat","background-position":"center center","background-size":"auto","background-attachment":"scroll","background-type":"","background-media":"","overlay-type":"","overlay-color":"","overlay-opacity":"","overlay-gradient":""}}},"product_brand":[],"product_cat":[436,371,369,394,365,363,366,378,367],"product_tag":[],"class_list":{"0":"post-41370","1":"product","2":"type-product","3":"status-publish","4":"has-post-thumbnail","6":"product_cat-020-games","7":"product_cat-akcio-jatekok","8":"product_cat-csarnokok","9":"product_cat-digitalis-jatekok","10":"product_cat-goz","11":"product_cat-kaland-jatekok","12":"product_cat-meta-publishing-hu","13":"product_cat-minden-digitalis-jatek","14":"product_cat-pc-jatekok","15":"desktop-align-left","16":"tablet-align-left","17":"mobile-align-left","19":"first","20":"instock","21":"shipping-taxable","22":"purchasable","23":"product-type-simple"},"acf":[],"yoast_head":"<!-- This site is optimized with the Yoast SEO Premium plugin v27.4 (Yoast SEO v27.4) - https:\/\/yoast.com\/product\/yoast-seo-premium-wordpress\/ -->\n<title>Biped - Prismagamers.com<\/title>\n<meta name=\"description\" content=\"A fizika t\u00f6rv\u00e9nyein alapul\u00f3 kooperat\u00edv platform- \u00e9s logikai j\u00e1t\u00e9k. A Bipedben k\u00e9t k\u00e9tl\u00e1b\u00fa minirobotot alak\u00edtunk, akiknek szorosan egy\u00fcttm\u0171k\u00f6dve kell lek\u00fczdeni\u00fck sz\u00e1mos akad\u00e1lyt.   Glob\u00e1lis  G\u0151z  Digit\u00e1lis kulcs\" \/>\n<meta name=\"robots\" content=\"index, follow, max-snippet:-1, max-image-preview:large, max-video-preview:-1\" \/>\n<link rel=\"canonical\" href=\"https:\/\/prismagamers.com\/hu\/produkt\/biped-pc\/\" \/>\n<meta property=\"og:locale\" content=\"hu_HU\" \/>\n<meta property=\"og:type\" content=\"article\" \/>\n<meta property=\"og:title\" content=\"Biped\" \/>\n<meta property=\"og:description\" content=\"A fizika t\u00f6rv\u00e9nyein alapul\u00f3 kooperat\u00edv platform- \u00e9s logikai j\u00e1t\u00e9k. A Bipedben k\u00e9t k\u00e9tl\u00e1b\u00fa minirobotot alak\u00edtunk, akiknek szorosan egy\u00fcttm\u0171k\u00f6dve kell lek\u00fczdeni\u00fck sz\u00e1mos akad\u00e1lyt.   Glob\u00e1lis  G\u0151z  Digit\u00e1lis kulcs\" \/>\n<meta property=\"og:url\" content=\"https:\/\/prismagamers.com\/hu\/produkt\/biped-pc\/\" \/>\n<meta property=\"og:site_name\" content=\"Prismagamers.com\" \/>\n<meta property=\"article:publisher\" content=\"https:\/\/www.facebook.com\/prismagamers\" \/>\n<meta property=\"article:modified_time\" content=\"2026-03-04T23:00:45+00:00\" \/>\n<meta property=\"og:image\" content=\"https:\/\/prismagamers.com\/wp-content\/uploads\/2023\/04\/biped.jpeg\" \/>\n\t<meta property=\"og:image:width\" content=\"350\" \/>\n\t<meta property=\"og:image:height\" content=\"499\" \/>\n\t<meta property=\"og:image:type\" content=\"image\/jpeg\" \/>\n<meta name=\"twitter:card\" content=\"summary_large_image\" \/>\n<meta name=\"twitter:label1\" content=\"Becs\u00fclt olvas\u00e1si id\u0151\" \/>\n\t<meta name=\"twitter:data1\" content=\"1 perc\" \/>\n<script type=\"application\/ld+json\" class=\"yoast-schema-graph\">{\"@context\":\"https:\\\/\\\/schema.org\",\"@graph\":[{\"@type\":\"WebPage\",\"@id\":\"https:\\\/\\\/prismagamers.com\\\/hu\\\/produkt\\\/biped-pc\\\/\",\"url\":\"https:\\\/\\\/prismagamers.com\\\/hu\\\/produkt\\\/biped-pc\\\/\",\"name\":\"Biped - Prismagamers.com\",\"isPartOf\":{\"@id\":\"https:\\\/\\\/prismagamers.com\\\/hu\\\/#website\"},\"primaryImageOfPage\":{\"@id\":\"https:\\\/\\\/prismagamers.com\\\/hu\\\/produkt\\\/biped-pc\\\/#primaryimage\"},\"image\":{\"@id\":\"https:\\\/\\\/prismagamers.com\\\/hu\\\/produkt\\\/biped-pc\\\/#primaryimage\"},\"thumbnailUrl\":\"https:\\\/\\\/prismagamers.com\\\/wp-content\\\/uploads\\\/2023\\\/04\\\/biped.jpeg\",\"datePublished\":\"2023-04-11T21:08:59+00:00\",\"dateModified\":\"2026-03-04T23:00:45+00:00\",\"description\":\"A fizika t\u00f6rv\u00e9nyein alapul\u00f3 kooperat\u00edv platform- \u00e9s logikai j\u00e1t\u00e9k. A Bipedben k\u00e9t k\u00e9tl\u00e1b\u00fa minirobotot alak\u00edtunk, akiknek szorosan egy\u00fcttm\u0171k\u00f6dve kell lek\u00fczdeni\u00fck sz\u00e1mos akad\u00e1lyt. Glob\u00e1lis G\u0151z Digit\u00e1lis kulcs\",\"breadcrumb\":{\"@id\":\"https:\\\/\\\/prismagamers.com\\\/hu\\\/produkt\\\/biped-pc\\\/#breadcrumb\"},\"inLanguage\":\"hu\",\"potentialAction\":[{\"@type\":\"ReadAction\",\"target\":[\"https:\\\/\\\/prismagamers.com\\\/hu\\\/produkt\\\/biped-pc\\\/\"]}]},{\"@type\":\"ImageObject\",\"inLanguage\":\"hu\",\"@id\":\"https:\\\/\\\/prismagamers.com\\\/hu\\\/produkt\\\/biped-pc\\\/#primaryimage\",\"url\":\"https:\\\/\\\/prismagamers.com\\\/wp-content\\\/uploads\\\/2023\\\/04\\\/biped.jpeg\",\"contentUrl\":\"https:\\\/\\\/prismagamers.com\\\/wp-content\\\/uploads\\\/2023\\\/04\\\/biped.jpeg\",\"width\":350,\"height\":499},{\"@type\":\"BreadcrumbList\",\"@id\":\"https:\\\/\\\/prismagamers.com\\\/hu\\\/produkt\\\/biped-pc\\\/#breadcrumb\",\"itemListElement\":[{\"@type\":\"ListItem\",\"position\":1,\"name\":\"Strona g\u0142\u00f3wna\",\"item\":\"https:\\\/\\\/prismagamers.com\\\/hu\\\/prismagamers\\\/\"},{\"@type\":\"ListItem\",\"position\":2,\"name\":\"Shop\",\"item\":\"https:\\\/\\\/prismagamers.com\\\/hu\\\/shop\\\/\"},{\"@type\":\"ListItem\",\"position\":3,\"name\":\"Biped\"}]},{\"@type\":\"WebSite\",\"@id\":\"https:\\\/\\\/prismagamers.com\\\/hu\\\/#website\",\"url\":\"https:\\\/\\\/prismagamers.com\\\/hu\\\/\",\"name\":\"Prismagamers\",\"description\":\"Sklep z grami PC I Sklep klucze Steam\",\"publisher\":{\"@id\":\"https:\\\/\\\/prismagamers.com\\\/hu\\\/#organization\"},\"potentialAction\":[{\"@type\":\"SearchAction\",\"target\":{\"@type\":\"EntryPoint\",\"urlTemplate\":\"https:\\\/\\\/prismagamers.com\\\/hu\\\/?s={search_term_string}\"},\"query-input\":{\"@type\":\"PropertyValueSpecification\",\"valueRequired\":true,\"valueName\":\"search_term_string\"}}],\"inLanguage\":\"hu\"},{\"@type\":\"Organization\",\"@id\":\"https:\\\/\\\/prismagamers.com\\\/hu\\\/#organization\",\"name\":\"Prismagamers\",\"url\":\"https:\\\/\\\/prismagamers.com\\\/hu\\\/\",\"logo\":{\"@type\":\"ImageObject\",\"inLanguage\":\"hu\",\"@id\":\"https:\\\/\\\/prismagamers.com\\\/hu\\\/#\\\/schema\\\/logo\\\/image\\\/\",\"url\":\"https:\\\/\\\/prismagamers.com\\\/wp-content\\\/uploads\\\/2022\\\/04\\\/cropped-logo-Prismagamers-01-scaled-1.jpg\",\"contentUrl\":\"https:\\\/\\\/prismagamers.com\\\/wp-content\\\/uploads\\\/2022\\\/04\\\/cropped-logo-Prismagamers-01-scaled-1.jpg\",\"width\":512,\"height\":512,\"caption\":\"Prismagamers\"},\"image\":{\"@id\":\"https:\\\/\\\/prismagamers.com\\\/hu\\\/#\\\/schema\\\/logo\\\/image\\\/\"},\"sameAs\":[\"https:\\\/\\\/www.facebook.com\\\/prismagamers\",\"https:\\\/\\\/www.instagram.com\\\/prismagamers_grycyfrowe\\\/\"],\"description\":\"Prismagamers.com to dynamiczny sklep z grami cyfrowymi, stworzony z my\u015bl\u0105 o entuzjastach gier wideo. Nasza strona oferuje szerok\u0105 gam\u0119 gier komputerowych, w tym najnowsze tytu\u0142y, dobrze znane klasyki oraz gry stworzone przez niezale\u017cne studia Ca\u0142y czas d\u0105\u017cymy do rozszerzenia naszej oferty. Do\u0142\u0105cz do nas i sta\u0144 si\u0119 cz\u0119\u015bci\u0105 naszej rosn\u0105cej spo\u0142eczno\u015bci graczy!\",\"email\":\"shop@prismagamers.com\",\"telephone\":\"48795541705\",\"legalName\":\"East Caravan Maksym \u017bukow\",\"foundingDate\":\"2012-05-10\",\"vatID\":\"PL8943038612\",\"taxID\":\"PL8943038612\",\"numberOfEmployees\":{\"@type\":\"QuantitativeValue\",\"minValue\":\"11\",\"maxValue\":\"50\"}}]}<\/script>\n<!-- \/ Yoast SEO Premium plugin. -->","yoast_head_json":{"title":"Biped - Prismagamers.com","description":"A fizika t\u00f6rv\u00e9nyein alapul\u00f3 kooperat\u00edv platform- \u00e9s logikai j\u00e1t\u00e9k. A Bipedben k\u00e9t k\u00e9tl\u00e1b\u00fa minirobotot alak\u00edtunk, akiknek szorosan egy\u00fcttm\u0171k\u00f6dve kell lek\u00fczdeni\u00fck sz\u00e1mos akad\u00e1lyt.   Glob\u00e1lis  G\u0151z  Digit\u00e1lis kulcs","robots":{"index":"index","follow":"follow","max-snippet":"max-snippet:-1","max-image-preview":"max-image-preview:large","max-video-preview":"max-video-preview:-1"},"canonical":"https:\/\/prismagamers.com\/hu\/produkt\/biped-pc\/","og_locale":"hu_HU","og_type":"article","og_title":"Biped","og_description":"A fizika t\u00f6rv\u00e9nyein alapul\u00f3 kooperat\u00edv platform- \u00e9s logikai j\u00e1t\u00e9k. A Bipedben k\u00e9t k\u00e9tl\u00e1b\u00fa minirobotot alak\u00edtunk, akiknek szorosan egy\u00fcttm\u0171k\u00f6dve kell lek\u00fczdeni\u00fck sz\u00e1mos akad\u00e1lyt.   Glob\u00e1lis  G\u0151z  Digit\u00e1lis kulcs","og_url":"https:\/\/prismagamers.com\/hu\/produkt\/biped-pc\/","og_site_name":"Prismagamers.com","article_publisher":"https:\/\/www.facebook.com\/prismagamers","article_modified_time":"2026-03-04T23:00:45+00:00","og_image":[{"width":350,"height":499,"url":"https:\/\/prismagamers.com\/wp-content\/uploads\/2023\/04\/biped.jpeg","type":"image\/jpeg"}],"twitter_card":"summary_large_image","twitter_misc":{"Becs\u00fclt olvas\u00e1si id\u0151":"1 perc"},"schema":{"@context":"https:\/\/schema.org","@graph":[{"@type":"WebPage","@id":"https:\/\/prismagamers.com\/hu\/produkt\/biped-pc\/","url":"https:\/\/prismagamers.com\/hu\/produkt\/biped-pc\/","name":"Biped - Prismagamers.com","isPartOf":{"@id":"https:\/\/prismagamers.com\/hu\/#website"},"primaryImageOfPage":{"@id":"https:\/\/prismagamers.com\/hu\/produkt\/biped-pc\/#primaryimage"},"image":{"@id":"https:\/\/prismagamers.com\/hu\/produkt\/biped-pc\/#primaryimage"},"thumbnailUrl":"https:\/\/prismagamers.com\/wp-content\/uploads\/2023\/04\/biped.jpeg","datePublished":"2023-04-11T21:08:59+00:00","dateModified":"2026-03-04T23:00:45+00:00","description":"A fizika t\u00f6rv\u00e9nyein alapul\u00f3 kooperat\u00edv platform- \u00e9s logikai j\u00e1t\u00e9k. A Bipedben k\u00e9t k\u00e9tl\u00e1b\u00fa minirobotot alak\u00edtunk, akiknek szorosan egy\u00fcttm\u0171k\u00f6dve kell lek\u00fczdeni\u00fck sz\u00e1mos akad\u00e1lyt. Glob\u00e1lis G\u0151z Digit\u00e1lis kulcs","breadcrumb":{"@id":"https:\/\/prismagamers.com\/hu\/produkt\/biped-pc\/#breadcrumb"},"inLanguage":"hu","potentialAction":[{"@type":"ReadAction","target":["https:\/\/prismagamers.com\/hu\/produkt\/biped-pc\/"]}]},{"@type":"ImageObject","inLanguage":"hu","@id":"https:\/\/prismagamers.com\/hu\/produkt\/biped-pc\/#primaryimage","url":"https:\/\/prismagamers.com\/wp-content\/uploads\/2023\/04\/biped.jpeg","contentUrl":"https:\/\/prismagamers.com\/wp-content\/uploads\/2023\/04\/biped.jpeg","width":350,"height":499},{"@type":"BreadcrumbList","@id":"https:\/\/prismagamers.com\/hu\/produkt\/biped-pc\/#breadcrumb","itemListElement":[{"@type":"ListItem","position":1,"name":"Strona g\u0142\u00f3wna","item":"https:\/\/prismagamers.com\/hu\/prismagamers\/"},{"@type":"ListItem","position":2,"name":"Shop","item":"https:\/\/prismagamers.com\/hu\/shop\/"},{"@type":"ListItem","position":3,"name":"Biped"}]},{"@type":"WebSite","@id":"https:\/\/prismagamers.com\/hu\/#website","url":"https:\/\/prismagamers.com\/hu\/","name":"Prismagamers","description":"Sklep z grami PC I Sklep klucze Steam","publisher":{"@id":"https:\/\/prismagamers.com\/hu\/#organization"},"potentialAction":[{"@type":"SearchAction","target":{"@type":"EntryPoint","urlTemplate":"https:\/\/prismagamers.com\/hu\/?s={search_term_string}"},"query-input":{"@type":"PropertyValueSpecification","valueRequired":true,"valueName":"search_term_string"}}],"inLanguage":"hu"},{"@type":"Organization","@id":"https:\/\/prismagamers.com\/hu\/#organization","name":"Prismagamers","url":"https:\/\/prismagamers.com\/hu\/","logo":{"@type":"ImageObject","inLanguage":"hu","@id":"https:\/\/prismagamers.com\/hu\/#\/schema\/logo\/image\/","url":"https:\/\/prismagamers.com\/wp-content\/uploads\/2022\/04\/cropped-logo-Prismagamers-01-scaled-1.jpg","contentUrl":"https:\/\/prismagamers.com\/wp-content\/uploads\/2022\/04\/cropped-logo-Prismagamers-01-scaled-1.jpg","width":512,"height":512,"caption":"Prismagamers"},"image":{"@id":"https:\/\/prismagamers.com\/hu\/#\/schema\/logo\/image\/"},"sameAs":["https:\/\/www.facebook.com\/prismagamers","https:\/\/www.instagram.com\/prismagamers_grycyfrowe\/"],"description":"Prismagamers.com to dynamiczny sklep z grami cyfrowymi, stworzony z my\u015bl\u0105 o entuzjastach gier wideo. Nasza strona oferuje szerok\u0105 gam\u0119 gier komputerowych, w tym najnowsze tytu\u0142y, dobrze znane klasyki oraz gry stworzone przez niezale\u017cne studia Ca\u0142y czas d\u0105\u017cymy do rozszerzenia naszej oferty. Do\u0142\u0105cz do nas i sta\u0144 si\u0119 cz\u0119\u015bci\u0105 naszej rosn\u0105cej spo\u0142eczno\u015bci graczy!","email":"shop@prismagamers.com","telephone":"48795541705","legalName":"East Caravan Maksym \u017bukow","foundingDate":"2012-05-10","vatID":"PL8943038612","taxID":"PL8943038612","numberOfEmployees":{"@type":"QuantitativeValue","minValue":"11","maxValue":"50"}}]}},"_links":{"self":[{"href":"https:\/\/prismagamers.com\/hu\/wp-json\/wp\/v2\/product\/41370","targetHints":{"allow":["GET"]}}],"collection":[{"href":"https:\/\/prismagamers.com\/hu\/wp-json\/wp\/v2\/product"}],"about":[{"href":"https:\/\/prismagamers.com\/hu\/wp-json\/wp\/v2\/types\/product"}],"wp:featuredmedia":[{"embeddable":true,"href":"https:\/\/prismagamers.com\/hu\/wp-json\/wp\/v2\/media\/25105"}],"wp:attachment":[{"href":"https:\/\/prismagamers.com\/hu\/wp-json\/wp\/v2\/media?parent=41370"}],"wp:term":[{"taxonomy":"product_brand","embeddable":true,"href":"https:\/\/prismagamers.com\/hu\/wp-json\/wp\/v2\/product_brand?post=41370"},{"taxonomy":"product_cat","embeddable":true,"href":"https:\/\/prismagamers.com\/hu\/wp-json\/wp\/v2\/product_cat?post=41370"},{"taxonomy":"product_tag","embeddable":true,"href":"https:\/\/prismagamers.com\/hu\/wp-json\/wp\/v2\/product_tag?post=41370"}],"curies":[{"name":"wp","href":"https:\/\/api.w.org\/{rel}","templated":true}]}}