{"id":42343,"date":"2023-06-08T19:26:56","date_gmt":"2023-06-08T17:26:56","guid":{"rendered":"https:\/\/prismagamers.com\/produkt\/ezt-nem-lehet-vezetni\/"},"modified":"2023-06-08T19:26:56","modified_gmt":"2023-06-08T17:26:56","slug":"ezt-nem-lehet-vezetni","status":"publish","type":"product","link":"https:\/\/prismagamers.com\/hu\/produkt\/ezt-nem-lehet-vezetni\/","title":{"rendered":"Ezt nem lehet vezetni"},"content":{"rendered":"<p>Can&#8217;t Drive Ez egy kompetit\u00edv (kooperat\u00edv) t\u00f6bbj\u00e1t\u00e9kos versenyj\u00e1t\u00e9k. Vezesd a monster truckodat, M\u00cdG a bar\u00e1tod \u00e9p\u00edti el\u0151tted az utat! Ja, \u00e9s ne vezess t\u00fal lassan, k\u00fcl\u00f6nben felrobbansz! Mint a Sandra Bullock filmben, ahol ugyanezt csin\u00e1lja, de egy buszon. \u00c9s nem robban fel (Spoiler alert). Keanu Reeves is szerepelt a filmben.     <\/p>\n<h2 class=\"bb_tag\">Co-Op t\u00f6bbj\u00e1t\u00e9kos m\u00f3d<\/h2>\n<ul class=\"bb_ul\">\n<li>J\u00e1tssz helyi kooperat\u00edv m\u00f3dban szemt\u0151l szemben a legjobb ellens\u00e9geddel! Szedd \u00f6ssze a bar\u00e1taidat \u00e9s a kontrollereket, \u00e9s puszt\u00edtsd el a bar\u00e1ts\u00e1gokat! (Val\u00f3sz\u00edn\u0171leg kellene, de nem v\u00e1llalunk felel\u0151ss\u00e9get a szem\u00e9lyk\u00f6zi kapcsolataidban okozott k\u00e1rok\u00e9rt).  <\/li>\n<li>Ha nincsenek bar\u00e1taid, j\u00e1tssz egyj\u00e1t\u00e9kos m\u00f3dban, vagy keress egy v\u00e9letlenszer\u0171 szem\u00e9lyt az internetr\u0151l! \u00c9rezd \u00e1t a Can&#8217;t Drive This j\u00e1t\u00e9k \u00f6r\u00f6m\u00e9t an\u00e9lk\u00fcl, hogy az ideges\u00edt\u0151 b\u00fcd\u00f6s bar\u00e1tod melletted lenne. Tudod, mir\u0151l besz\u00e9lek.  <\/li>\n<\/ul>\n<h2 class=\"bb_tag\">Testreszab\u00e1s!<\/h2>\n<p>Azt k\u00e9rdezed, hogy hol van a m\u00f3ka a t\u00f6bbj\u00e1t\u00e9kos online m\u00f3dban, ha nincs testreszab\u00e1s? Nagyon intelligens k\u00e9rd\u00e9s, te gy\u00f6ny\u00f6r\u0171 ember! Can&#8217;t Drive Ez a j\u00e1t\u00e9k tartalmaz egy gazilli\u00f3* feloldhat\u00f3 alkatr\u00e9szt \u00e9s egy j\u00e1rm\u0171szerkeszt\u0151t, hogy mindenki el\u0151tt megmutathasd a pomp\u00e1dat! De mint tudjuk, egyszerre csak egy j\u00e1t\u00e9kos vezethet egy aut\u00f3t. A m\u00e1sik j\u00e1t\u00e9kos \u00e9p\u00edti az utat. Ez\u00e9rt adtunk hozz\u00e1 egy \u00fatszerkeszt\u0151t is! K\u00e9sz\u00edtsd el a saj\u00e1t \u00fatvonaladat, \u00e9s engedd, hogy bar\u00e1taid sz\u00e1guldozzanak az aranyozott s\u00e1rga t\u00e9gla\u00faton, ha tetszik!      <\/p>\n<h2 class=\"bb_tag\">Funkci\u00f3k list\u00e1ja<\/h2>\n<ul class=\"bb_ul\">\n<li>Versenyz\u0151s j\u00e1t\u00e9k (micsoda j\u00e1t\u00e9k ez)<\/li>\n<li>Level editor (ez a j\u00e1t\u00e9k is az!)<\/li>\n<li>Konfigur\u00e1lhat\u00f3 j\u00e1rm\u0171vek<\/li>\n<li>Konfigur\u00e1lhat\u00f3 versenyp\u00e1ly\u00e1k<\/li>\n<li>Egy j\u00e1t\u00e9kos<\/li>\n<li>T\u00f6bbj\u00e1t\u00e9kos m\u00f3d 2 online j\u00e1t\u00e9kos sz\u00e1m\u00e1ra<\/li>\n<li>Helyi t\u00f6bbj\u00e1t\u00e9kos m\u00f3d (ak\u00e1r 4 j\u00e1t\u00e9kos osztott k\u00e9perny\u0151n)<\/li>\n<\/ul>\n","protected":false},"excerpt":{"rendered":"<p>Versenyezz a monster truckoddal, mik\u00f6zben a bar\u00e1tod utat \u00e9p\u00edt. Ha t\u00fal lass\u00fa vagy, felrobbansz! Nos, igen, ez olyan kaotikus, mint amilyennek hangzik &#8211; k\u00fcl\u00f6n\u00f6sen n\u00e9gy j\u00e1t\u00e9kos osztott k\u00e9perny\u0151n.  <\/p>\n<p><img decoding=\"async\" class=\"emoji\" role=\"img\" draggable=\"false\" src=\"https:\/\/s.w.org\/images\/core\/emoji\/14.0.0\/svg\/1f30d.svg\" alt=\"\ud83c\udf0d\">  Glob\u00e1lis<br \/>\n<img decoding=\"async\" class=\"emoji\" role=\"img\" draggable=\"false\" src=\"https:\/\/s.w.org\/images\/core\/emoji\/14.0.0\/svg\/2699.svg\" alt=\"\u2699\ufe0f\">  G\u0151z<br \/>\n<img decoding=\"async\" class=\"emoji\" role=\"img\" draggable=\"false\" src=\"https:\/\/s.w.org\/images\/core\/emoji\/14.0.0\/svg\/1f5dd.svg\" alt=\"\ud83d\udddd\">  Digit\u00e1lis kulcs<\/p>\n","protected":false},"featured_media":25514,"template":"","meta":{"_acf_changed":false,"site-sidebar-layout":"default","site-content-layout":"default","ast-site-content-layout":"default","site-content-style":"default","site-sidebar-style":"default","ast-global-header-display":"","ast-banner-title-visibility":"","ast-main-header-display":"","ast-hfb-above-header-display":"","ast-hfb-below-header-display":"","ast-hfb-mobile-header-display":"","site-post-title":"","ast-breadcrumbs-content":"","ast-featured-img":"","footer-sml-layout":"","ast-disable-related-posts":"","theme-transparent-header-meta":"default","adv-header-id-meta":"","stick-header-meta":"","header-above-stick-meta":"","header-main-stick-meta":"","header-below-stick-meta":"","astra-migrate-meta-layouts":"default","ast-page-background-enabled":"default","ast-page-background-meta":{"desktop":{"background-color":"var(--ast-global-color-4)","background-image":"","background-repeat":"repeat","background-position":"center center","background-size":"auto","background-attachment":"scroll","background-type":"","background-media":"","overlay-type":"","overlay-color":"","overlay-opacity":"","overlay-gradient":""},"tablet":{"background-color":"","background-image":"","background-repeat":"repeat","background-position":"center center","background-size":"auto","background-attachment":"scroll","background-type":"","background-media":"","overlay-type":"","overlay-color":"","overlay-opacity":"","overlay-gradient":""},"mobile":{"background-color":"","background-image":"","background-repeat":"repeat","background-position":"center center","background-size":"auto","background-attachment":"scroll","background-type":"","background-media":"","overlay-type":"","overlay-color":"","overlay-opacity":"","overlay-gradient":""}},"ast-content-background-meta":{"desktop":{"background-color":"var(--ast-global-color-5)","background-image":"","background-repeat":"repeat","background-position":"center center","background-size":"auto","background-attachment":"scroll","background-type":"","background-media":"","overlay-type":"","overlay-color":"","overlay-opacity":"","overlay-gradient":""},"tablet":{"background-color":"var(--ast-global-color-5)","background-image":"","background-repeat":"repeat","background-position":"center center","background-size":"auto","background-attachment":"scroll","background-type":"","background-media":"","overlay-type":"","overlay-color":"","overlay-opacity":"","overlay-gradient":""},"mobile":{"background-color":"var(--ast-global-color-5)","background-image":"","background-repeat":"repeat","background-position":"center center","background-size":"auto","background-attachment":"scroll","background-type":"","background-media":"","overlay-type":"","overlay-color":"","overlay-opacity":"","overlay-gradient":""}}},"product_brand":[],"product_cat":[371,394,365,378,367,473,417],"product_tag":[],"class_list":{"0":"post-42343","1":"product","2":"type-product","3":"status-publish","4":"has-post-thumbnail","6":"product_cat-akcio-jatekok","7":"product_cat-digitalis-jatekok","8":"product_cat-goz","9":"product_cat-minden-digitalis-jatek","10":"product_cat-pc-jatekok","11":"product_cat-pixel-maniacs-hu","12":"product_cat-versenyzos-jatekok","13":"desktop-align-left","14":"tablet-align-left","15":"mobile-align-left","17":"first","18":"instock","19":"shipping-taxable","20":"purchasable","21":"product-type-simple"},"acf":[],"yoast_head":"<!-- This site is optimized with the Yoast SEO Premium plugin v27.4 (Yoast SEO v27.4) - https:\/\/yoast.com\/product\/yoast-seo-premium-wordpress\/ -->\n<title>Ezt nem lehet vezetni - Prismagamers.com<\/title>\n<meta name=\"description\" content=\"Versenyezz a monster truckoddal, mik\u00f6zben a bar\u00e1tod utat \u00e9p\u00edt. Ha t\u00fal lass\u00fa vagy, felrobbansz! Nos, igen, ez olyan kaotikus, mint amilyennek hangzik - k\u00fcl\u00f6n\u00f6sen n\u00e9gy j\u00e1t\u00e9kos osztott k\u00e9perny\u0151n.   Glob\u00e1lis  G\u0151z  Digit\u00e1lis kulcs\" \/>\n<meta name=\"robots\" content=\"index, follow, max-snippet:-1, max-image-preview:large, max-video-preview:-1\" \/>\n<link rel=\"canonical\" href=\"https:\/\/prismagamers.com\/hu\/produkt\/ezt-nem-lehet-vezetni\/\" \/>\n<meta property=\"og:locale\" content=\"hu_HU\" \/>\n<meta property=\"og:type\" content=\"article\" \/>\n<meta property=\"og:title\" content=\"Ezt nem lehet vezetni\" \/>\n<meta property=\"og:description\" content=\"Versenyezz a monster truckoddal, mik\u00f6zben a bar\u00e1tod utat \u00e9p\u00edt. Ha t\u00fal lass\u00fa vagy, felrobbansz! Nos, igen, ez olyan kaotikus, mint amilyennek hangzik - k\u00fcl\u00f6n\u00f6sen n\u00e9gy j\u00e1t\u00e9kos osztott k\u00e9perny\u0151n.   Glob\u00e1lis  G\u0151z  Digit\u00e1lis kulcs\" \/>\n<meta property=\"og:url\" content=\"https:\/\/prismagamers.com\/hu\/produkt\/ezt-nem-lehet-vezetni\/\" \/>\n<meta property=\"og:site_name\" content=\"Prismagamers.com\" \/>\n<meta property=\"article:publisher\" content=\"https:\/\/www.facebook.com\/prismagamers\" \/>\n<meta property=\"og:image\" content=\"https:\/\/prismagamers.com\/wp-content\/uploads\/2023\/06\/library600x9002x.jpg\" \/>\n\t<meta property=\"og:image:width\" content=\"600\" \/>\n\t<meta property=\"og:image:height\" content=\"900\" \/>\n\t<meta property=\"og:image:type\" content=\"image\/jpeg\" \/>\n<meta name=\"twitter:card\" content=\"summary_large_image\" \/>\n<meta name=\"twitter:label1\" content=\"Becs\u00fclt olvas\u00e1si id\u0151\" \/>\n\t<meta name=\"twitter:data1\" content=\"2 perc\" \/>\n<script type=\"application\/ld+json\" class=\"yoast-schema-graph\">{\"@context\":\"https:\\\/\\\/schema.org\",\"@graph\":[{\"@type\":\"WebPage\",\"@id\":\"https:\\\/\\\/prismagamers.com\\\/hu\\\/produkt\\\/ezt-nem-lehet-vezetni\\\/\",\"url\":\"https:\\\/\\\/prismagamers.com\\\/hu\\\/produkt\\\/ezt-nem-lehet-vezetni\\\/\",\"name\":\"Ezt nem lehet vezetni - Prismagamers.com\",\"isPartOf\":{\"@id\":\"https:\\\/\\\/prismagamers.com\\\/hu\\\/#website\"},\"primaryImageOfPage\":{\"@id\":\"https:\\\/\\\/prismagamers.com\\\/hu\\\/produkt\\\/ezt-nem-lehet-vezetni\\\/#primaryimage\"},\"image\":{\"@id\":\"https:\\\/\\\/prismagamers.com\\\/hu\\\/produkt\\\/ezt-nem-lehet-vezetni\\\/#primaryimage\"},\"thumbnailUrl\":\"https:\\\/\\\/prismagamers.com\\\/wp-content\\\/uploads\\\/2023\\\/06\\\/library600x9002x.jpg\",\"datePublished\":\"2023-06-08T17:26:56+00:00\",\"description\":\"Versenyezz a monster truckoddal, mik\u00f6zben a bar\u00e1tod utat \u00e9p\u00edt. Ha t\u00fal lass\u00fa vagy, felrobbansz! Nos, igen, ez olyan kaotikus, mint amilyennek hangzik - k\u00fcl\u00f6n\u00f6sen n\u00e9gy j\u00e1t\u00e9kos osztott k\u00e9perny\u0151n. Glob\u00e1lis G\u0151z Digit\u00e1lis kulcs\",\"breadcrumb\":{\"@id\":\"https:\\\/\\\/prismagamers.com\\\/hu\\\/produkt\\\/ezt-nem-lehet-vezetni\\\/#breadcrumb\"},\"inLanguage\":\"hu\",\"potentialAction\":[{\"@type\":\"ReadAction\",\"target\":[\"https:\\\/\\\/prismagamers.com\\\/hu\\\/produkt\\\/ezt-nem-lehet-vezetni\\\/\"]}]},{\"@type\":\"ImageObject\",\"inLanguage\":\"hu\",\"@id\":\"https:\\\/\\\/prismagamers.com\\\/hu\\\/produkt\\\/ezt-nem-lehet-vezetni\\\/#primaryimage\",\"url\":\"https:\\\/\\\/prismagamers.com\\\/wp-content\\\/uploads\\\/2023\\\/06\\\/library600x9002x.jpg\",\"contentUrl\":\"https:\\\/\\\/prismagamers.com\\\/wp-content\\\/uploads\\\/2023\\\/06\\\/library600x9002x.jpg\",\"width\":600,\"height\":900},{\"@type\":\"BreadcrumbList\",\"@id\":\"https:\\\/\\\/prismagamers.com\\\/hu\\\/produkt\\\/ezt-nem-lehet-vezetni\\\/#breadcrumb\",\"itemListElement\":[{\"@type\":\"ListItem\",\"position\":1,\"name\":\"Strona g\u0142\u00f3wna\",\"item\":\"https:\\\/\\\/prismagamers.com\\\/hu\\\/prismagamers\\\/\"},{\"@type\":\"ListItem\",\"position\":2,\"name\":\"Shop\",\"item\":\"https:\\\/\\\/prismagamers.com\\\/hu\\\/shop\\\/\"},{\"@type\":\"ListItem\",\"position\":3,\"name\":\"Ezt nem lehet vezetni\"}]},{\"@type\":\"WebSite\",\"@id\":\"https:\\\/\\\/prismagamers.com\\\/hu\\\/#website\",\"url\":\"https:\\\/\\\/prismagamers.com\\\/hu\\\/\",\"name\":\"Prismagamers\",\"description\":\"Sklep z grami PC I Sklep klucze Steam\",\"publisher\":{\"@id\":\"https:\\\/\\\/prismagamers.com\\\/hu\\\/#organization\"},\"potentialAction\":[{\"@type\":\"SearchAction\",\"target\":{\"@type\":\"EntryPoint\",\"urlTemplate\":\"https:\\\/\\\/prismagamers.com\\\/hu\\\/?s={search_term_string}\"},\"query-input\":{\"@type\":\"PropertyValueSpecification\",\"valueRequired\":true,\"valueName\":\"search_term_string\"}}],\"inLanguage\":\"hu\"},{\"@type\":\"Organization\",\"@id\":\"https:\\\/\\\/prismagamers.com\\\/hu\\\/#organization\",\"name\":\"Prismagamers\",\"url\":\"https:\\\/\\\/prismagamers.com\\\/hu\\\/\",\"logo\":{\"@type\":\"ImageObject\",\"inLanguage\":\"hu\",\"@id\":\"https:\\\/\\\/prismagamers.com\\\/hu\\\/#\\\/schema\\\/logo\\\/image\\\/\",\"url\":\"https:\\\/\\\/prismagamers.com\\\/wp-content\\\/uploads\\\/2022\\\/04\\\/cropped-logo-Prismagamers-01-scaled-1.jpg\",\"contentUrl\":\"https:\\\/\\\/prismagamers.com\\\/wp-content\\\/uploads\\\/2022\\\/04\\\/cropped-logo-Prismagamers-01-scaled-1.jpg\",\"width\":512,\"height\":512,\"caption\":\"Prismagamers\"},\"image\":{\"@id\":\"https:\\\/\\\/prismagamers.com\\\/hu\\\/#\\\/schema\\\/logo\\\/image\\\/\"},\"sameAs\":[\"https:\\\/\\\/www.facebook.com\\\/prismagamers\",\"https:\\\/\\\/www.instagram.com\\\/prismagamers_grycyfrowe\\\/\"],\"description\":\"Prismagamers.com to dynamiczny sklep z grami cyfrowymi, stworzony z my\u015bl\u0105 o entuzjastach gier wideo. Nasza strona oferuje szerok\u0105 gam\u0119 gier komputerowych, w tym najnowsze tytu\u0142y, dobrze znane klasyki oraz gry stworzone przez niezale\u017cne studia Ca\u0142y czas d\u0105\u017cymy do rozszerzenia naszej oferty. Do\u0142\u0105cz do nas i sta\u0144 si\u0119 cz\u0119\u015bci\u0105 naszej rosn\u0105cej spo\u0142eczno\u015bci graczy!\",\"email\":\"shop@prismagamers.com\",\"telephone\":\"48795541705\",\"legalName\":\"East Caravan Maksym \u017bukow\",\"foundingDate\":\"2012-05-10\",\"vatID\":\"PL8943038612\",\"taxID\":\"PL8943038612\",\"numberOfEmployees\":{\"@type\":\"QuantitativeValue\",\"minValue\":\"11\",\"maxValue\":\"50\"}}]}<\/script>\n<!-- \/ Yoast SEO Premium plugin. -->","yoast_head_json":{"title":"Ezt nem lehet vezetni - Prismagamers.com","description":"Versenyezz a monster truckoddal, mik\u00f6zben a bar\u00e1tod utat \u00e9p\u00edt. Ha t\u00fal lass\u00fa vagy, felrobbansz! Nos, igen, ez olyan kaotikus, mint amilyennek hangzik - k\u00fcl\u00f6n\u00f6sen n\u00e9gy j\u00e1t\u00e9kos osztott k\u00e9perny\u0151n.   Glob\u00e1lis  G\u0151z  Digit\u00e1lis kulcs","robots":{"index":"index","follow":"follow","max-snippet":"max-snippet:-1","max-image-preview":"max-image-preview:large","max-video-preview":"max-video-preview:-1"},"canonical":"https:\/\/prismagamers.com\/hu\/produkt\/ezt-nem-lehet-vezetni\/","og_locale":"hu_HU","og_type":"article","og_title":"Ezt nem lehet vezetni","og_description":"Versenyezz a monster truckoddal, mik\u00f6zben a bar\u00e1tod utat \u00e9p\u00edt. Ha t\u00fal lass\u00fa vagy, felrobbansz! Nos, igen, ez olyan kaotikus, mint amilyennek hangzik - k\u00fcl\u00f6n\u00f6sen n\u00e9gy j\u00e1t\u00e9kos osztott k\u00e9perny\u0151n.   Glob\u00e1lis  G\u0151z  Digit\u00e1lis kulcs","og_url":"https:\/\/prismagamers.com\/hu\/produkt\/ezt-nem-lehet-vezetni\/","og_site_name":"Prismagamers.com","article_publisher":"https:\/\/www.facebook.com\/prismagamers","og_image":[{"width":600,"height":900,"url":"https:\/\/prismagamers.com\/wp-content\/uploads\/2023\/06\/library600x9002x.jpg","type":"image\/jpeg"}],"twitter_card":"summary_large_image","twitter_misc":{"Becs\u00fclt olvas\u00e1si id\u0151":"2 perc"},"schema":{"@context":"https:\/\/schema.org","@graph":[{"@type":"WebPage","@id":"https:\/\/prismagamers.com\/hu\/produkt\/ezt-nem-lehet-vezetni\/","url":"https:\/\/prismagamers.com\/hu\/produkt\/ezt-nem-lehet-vezetni\/","name":"Ezt nem lehet vezetni - Prismagamers.com","isPartOf":{"@id":"https:\/\/prismagamers.com\/hu\/#website"},"primaryImageOfPage":{"@id":"https:\/\/prismagamers.com\/hu\/produkt\/ezt-nem-lehet-vezetni\/#primaryimage"},"image":{"@id":"https:\/\/prismagamers.com\/hu\/produkt\/ezt-nem-lehet-vezetni\/#primaryimage"},"thumbnailUrl":"https:\/\/prismagamers.com\/wp-content\/uploads\/2023\/06\/library600x9002x.jpg","datePublished":"2023-06-08T17:26:56+00:00","description":"Versenyezz a monster truckoddal, mik\u00f6zben a bar\u00e1tod utat \u00e9p\u00edt. Ha t\u00fal lass\u00fa vagy, felrobbansz! Nos, igen, ez olyan kaotikus, mint amilyennek hangzik - k\u00fcl\u00f6n\u00f6sen n\u00e9gy j\u00e1t\u00e9kos osztott k\u00e9perny\u0151n. Glob\u00e1lis G\u0151z Digit\u00e1lis kulcs","breadcrumb":{"@id":"https:\/\/prismagamers.com\/hu\/produkt\/ezt-nem-lehet-vezetni\/#breadcrumb"},"inLanguage":"hu","potentialAction":[{"@type":"ReadAction","target":["https:\/\/prismagamers.com\/hu\/produkt\/ezt-nem-lehet-vezetni\/"]}]},{"@type":"ImageObject","inLanguage":"hu","@id":"https:\/\/prismagamers.com\/hu\/produkt\/ezt-nem-lehet-vezetni\/#primaryimage","url":"https:\/\/prismagamers.com\/wp-content\/uploads\/2023\/06\/library600x9002x.jpg","contentUrl":"https:\/\/prismagamers.com\/wp-content\/uploads\/2023\/06\/library600x9002x.jpg","width":600,"height":900},{"@type":"BreadcrumbList","@id":"https:\/\/prismagamers.com\/hu\/produkt\/ezt-nem-lehet-vezetni\/#breadcrumb","itemListElement":[{"@type":"ListItem","position":1,"name":"Strona g\u0142\u00f3wna","item":"https:\/\/prismagamers.com\/hu\/prismagamers\/"},{"@type":"ListItem","position":2,"name":"Shop","item":"https:\/\/prismagamers.com\/hu\/shop\/"},{"@type":"ListItem","position":3,"name":"Ezt nem lehet vezetni"}]},{"@type":"WebSite","@id":"https:\/\/prismagamers.com\/hu\/#website","url":"https:\/\/prismagamers.com\/hu\/","name":"Prismagamers","description":"Sklep z grami PC I Sklep klucze Steam","publisher":{"@id":"https:\/\/prismagamers.com\/hu\/#organization"},"potentialAction":[{"@type":"SearchAction","target":{"@type":"EntryPoint","urlTemplate":"https:\/\/prismagamers.com\/hu\/?s={search_term_string}"},"query-input":{"@type":"PropertyValueSpecification","valueRequired":true,"valueName":"search_term_string"}}],"inLanguage":"hu"},{"@type":"Organization","@id":"https:\/\/prismagamers.com\/hu\/#organization","name":"Prismagamers","url":"https:\/\/prismagamers.com\/hu\/","logo":{"@type":"ImageObject","inLanguage":"hu","@id":"https:\/\/prismagamers.com\/hu\/#\/schema\/logo\/image\/","url":"https:\/\/prismagamers.com\/wp-content\/uploads\/2022\/04\/cropped-logo-Prismagamers-01-scaled-1.jpg","contentUrl":"https:\/\/prismagamers.com\/wp-content\/uploads\/2022\/04\/cropped-logo-Prismagamers-01-scaled-1.jpg","width":512,"height":512,"caption":"Prismagamers"},"image":{"@id":"https:\/\/prismagamers.com\/hu\/#\/schema\/logo\/image\/"},"sameAs":["https:\/\/www.facebook.com\/prismagamers","https:\/\/www.instagram.com\/prismagamers_grycyfrowe\/"],"description":"Prismagamers.com to dynamiczny sklep z grami cyfrowymi, stworzony z my\u015bl\u0105 o entuzjastach gier wideo. Nasza strona oferuje szerok\u0105 gam\u0119 gier komputerowych, w tym najnowsze tytu\u0142y, dobrze znane klasyki oraz gry stworzone przez niezale\u017cne studia Ca\u0142y czas d\u0105\u017cymy do rozszerzenia naszej oferty. Do\u0142\u0105cz do nas i sta\u0144 si\u0119 cz\u0119\u015bci\u0105 naszej rosn\u0105cej spo\u0142eczno\u015bci graczy!","email":"shop@prismagamers.com","telephone":"48795541705","legalName":"East Caravan Maksym \u017bukow","foundingDate":"2012-05-10","vatID":"PL8943038612","taxID":"PL8943038612","numberOfEmployees":{"@type":"QuantitativeValue","minValue":"11","maxValue":"50"}}]}},"_links":{"self":[{"href":"https:\/\/prismagamers.com\/hu\/wp-json\/wp\/v2\/product\/42343","targetHints":{"allow":["GET"]}}],"collection":[{"href":"https:\/\/prismagamers.com\/hu\/wp-json\/wp\/v2\/product"}],"about":[{"href":"https:\/\/prismagamers.com\/hu\/wp-json\/wp\/v2\/types\/product"}],"wp:featuredmedia":[{"embeddable":true,"href":"https:\/\/prismagamers.com\/hu\/wp-json\/wp\/v2\/media\/25514"}],"wp:attachment":[{"href":"https:\/\/prismagamers.com\/hu\/wp-json\/wp\/v2\/media?parent=42343"}],"wp:term":[{"taxonomy":"product_brand","embeddable":true,"href":"https:\/\/prismagamers.com\/hu\/wp-json\/wp\/v2\/product_brand?post=42343"},{"taxonomy":"product_cat","embeddable":true,"href":"https:\/\/prismagamers.com\/hu\/wp-json\/wp\/v2\/product_cat?post=42343"},{"taxonomy":"product_tag","embeddable":true,"href":"https:\/\/prismagamers.com\/hu\/wp-json\/wp\/v2\/product_tag?post=42343"}],"curies":[{"name":"wp","href":"https:\/\/api.w.org\/{rel}","templated":true}]}}