{"id":42345,"date":"2023-06-13T22:27:35","date_gmt":"2023-06-13T20:27:35","guid":{"rendered":"https:\/\/prismagamers.com\/produkt\/halaszat-eszak-atlanti-ocean-fesukagylo-bovites-2\/"},"modified":"2023-06-13T22:27:35","modified_gmt":"2023-06-13T20:27:35","slug":"halaszat-eszak-atlanti-ocean-fesukagylo-bovites-2","status":"publish","type":"product","link":"https:\/\/prismagamers.com\/hu\/produkt\/halaszat-eszak-atlanti-ocean-fesukagylo-bovites-2\/","title":{"rendered":"Hal\u00e1szat: \u00c9szak-Atlanti-\u00f3ce\u00e1n &#8211; F\u00e9s\u0171kagyl\u00f3 b\u0151v\u00edt\u00e9s"},"content":{"rendered":"<p>\u00daj-Sk\u00f3cia nemcsak a tonhal, hom\u00e1r \u00e9s kardhal gazdag hal\u00e1szter\u00fcleteir\u0151l h\u00edres. A f\u00e9s\u0171kagyl\u00f3hal\u00e1szat egyik legnagyobb k\u00f6zpontja is. <\/p>\n<p>Keresd meg a legjobb hal\u00e1szter\u00fcleteket az \u00faj minij\u00e1t\u00e9kokban. Ir\u00e1ny\u00edtsd a darukat a kotr\u00f3h\u00e1l\u00f3k el\u0151k\u00e9sz\u00edt\u00e9s\u00e9hez, kivet\u00e9s\u00e9hez \u00e9s ki\u00fcr\u00edt\u00e9s\u00e9hez, a dobokat pedig a h\u00e1l\u00f3k leereszt\u00e9s\u00e9hez \u00e9s visszah\u00faz\u00e1s\u00e1hoz. V\u00e1logasd sz\u00e9t, majd gondosan tiszt\u00edtsd meg a f\u00e9s\u0171kagyl\u00f3kat, hogy azt\u00e1n az \u00edgy nyert h\u00fast a haj\u00f3 fed\u00e9lzeti ny\u00edl\u00e1s\u00e1ba tedd. Ezut\u00e1n magabiztosan visszaviheti a<br \/>\nhonlapot a kik\u00f6t\u0151be, hogy eladja munk\u00e1ja gy\u00fcm\u00f6lcs\u00e9t!   <\/p>\n<p><strong>Elemek<\/strong><\/p>\n<ul class=\"bb_ul\">\n<li>3 \u00faj haj\u00f3 &#8211; egy kis vintage st\u00edlus\u00fa haj\u00f3t\u00f3l egy nagy teljes\u00edtm\u00e9ny\u0171 cutterig<\/li>\n<li>\u00daj licencpartner az Egyes\u00fclt \u00c1llamok hal\u00e1szati flott\u00e1ib\u00f3l<\/li>\n<li>A f\u00e9s\u0171kagyl\u00f3hal\u00e1szat mechanik\u00e1ja, a daru ir\u00e1ny\u00edt\u00e1sa a kotr\u00f3h\u00e1l\u00f3k kivet\u00e9s\u00e9hez \u00e9s ki\u00fcr\u00edt\u00e9s\u00e9hez, a f\u00e9s\u0171kagyl\u00f3k v\u00e1logat\u00e1sa \u00e9s tiszt\u00edt\u00e1sa.<\/li>\n<\/ul>\n","protected":false},"excerpt":{"rendered":"<p>A Fishing: North Atlantic \u00faj DLC-j\u00e9nek r\u00e9szek\u00e9nt megtudhatod, hogyan folyik a f\u00e9s\u0171kagyl\u00f3hal\u00e1szat!<\/p>\n<p><img decoding=\"async\" class=\"emoji\" role=\"img\" draggable=\"false\" src=\"https:\/\/s.w.org\/images\/core\/emoji\/14.0.0\/svg\/1f30d.svg\" alt=\"\ud83c\udf0d\"> Global<br \/>\n<img decoding=\"async\" class=\"emoji\" role=\"img\" draggable=\"false\" src=\"https:\/\/s.w.org\/images\/core\/emoji\/14.0.0\/svg\/2699.svg\" alt=\"\u2699\ufe0f\"> Steam<br \/>\n<img decoding=\"async\" class=\"emoji\" role=\"img\" draggable=\"false\" src=\"https:\/\/s.w.org\/images\/core\/emoji\/14.0.0\/svg\/1f5dd.svg\" alt=\"\ud83d\udddd\"> Digit\u00e1lis kulcs<\/p>\n","protected":false},"featured_media":25581,"template":"","meta":{"_acf_changed":false,"site-sidebar-layout":"default","site-content-layout":"default","ast-site-content-layout":"default","site-content-style":"default","site-sidebar-style":"default","ast-global-header-display":"","ast-banner-title-visibility":"","ast-main-header-display":"","ast-hfb-above-header-display":"","ast-hfb-below-header-display":"","ast-hfb-mobile-header-display":"","site-post-title":"","ast-breadcrumbs-content":"","ast-featured-img":"","footer-sml-layout":"","ast-disable-related-posts":"","theme-transparent-header-meta":"default","adv-header-id-meta":"","stick-header-meta":"","header-above-stick-meta":"","header-main-stick-meta":"","header-below-stick-meta":"","astra-migrate-meta-layouts":"default","ast-page-background-enabled":"default","ast-page-background-meta":{"desktop":{"background-color":"var(--ast-global-color-4)","background-image":"","background-repeat":"repeat","background-position":"center center","background-size":"auto","background-attachment":"scroll","background-type":"","background-media":"","overlay-type":"","overlay-color":"","overlay-opacity":"","overlay-gradient":""},"tablet":{"background-color":"","background-image":"","background-repeat":"repeat","background-position":"center center","background-size":"auto","background-attachment":"scroll","background-type":"","background-media":"","overlay-type":"","overlay-color":"","overlay-opacity":"","overlay-gradient":""},"mobile":{"background-color":"","background-image":"","background-repeat":"repeat","background-position":"center center","background-size":"auto","background-attachment":"scroll","background-type":"","background-media":"","overlay-type":"","overlay-color":"","overlay-opacity":"","overlay-gradient":""}},"ast-content-background-meta":{"desktop":{"background-color":"var(--ast-global-color-5)","background-image":"","background-repeat":"repeat","background-position":"center center","background-size":"auto","background-attachment":"scroll","background-type":"","background-media":"","overlay-type":"","overlay-color":"","overlay-opacity":"","overlay-gradient":""},"tablet":{"background-color":"var(--ast-global-color-5)","background-image":"","background-repeat":"repeat","background-position":"center center","background-size":"auto","background-attachment":"scroll","background-type":"","background-media":"","overlay-type":"","overlay-color":"","overlay-opacity":"","overlay-gradient":""},"mobile":{"background-color":"var(--ast-global-color-5)","background-image":"","background-repeat":"repeat","background-position":"center center","background-size":"auto","background-attachment":"scroll","background-type":"","background-media":"","overlay-type":"","overlay-color":"","overlay-opacity":"","overlay-gradient":""}}},"product_brand":[],"product_cat":[394,368,365,378,367],"product_tag":[],"class_list":{"0":"post-42345","1":"product","2":"type-product","3":"status-publish","4":"has-post-thumbnail","6":"product_cat-digitalis-jatekok","7":"product_cat-dlc-hu","8":"product_cat-goz","9":"product_cat-minden-digitalis-jatek","10":"product_cat-pc-jatekok","11":"desktop-align-left","12":"tablet-align-left","13":"mobile-align-left","15":"first","16":"instock","17":"shipping-taxable","18":"purchasable","19":"product-type-simple"},"acf":[],"yoast_head":"<!-- This site is optimized with the Yoast SEO Premium plugin v27.4 (Yoast SEO v27.4) - https:\/\/yoast.com\/product\/yoast-seo-premium-wordpress\/ -->\n<title>Hal\u00e1szat: \u00c9szak-Atlanti-\u00f3ce\u00e1n - F\u00e9s\u0171kagyl\u00f3 b\u0151v\u00edt\u00e9s - Prismagamers.com<\/title>\n<meta name=\"description\" content=\"A Fishing: North Atlantic \u00faj DLC-j\u00e9nek r\u00e9szek\u00e9nt megtudhatod, hogyan folyik a f\u00e9s\u0171kagyl\u00f3hal\u00e1szat!  Global Steam Digit\u00e1lis kulcs\" \/>\n<meta name=\"robots\" content=\"index, follow, max-snippet:-1, max-image-preview:large, max-video-preview:-1\" \/>\n<link rel=\"canonical\" href=\"https:\/\/prismagamers.com\/hu\/produkt\/halaszat-eszak-atlanti-ocean-fesukagylo-bovites-2\/\" \/>\n<meta property=\"og:locale\" content=\"hu_HU\" \/>\n<meta property=\"og:type\" content=\"article\" \/>\n<meta property=\"og:title\" content=\"Hal\u00e1szat: \u00c9szak-Atlanti-\u00f3ce\u00e1n - F\u00e9s\u0171kagyl\u00f3 b\u0151v\u00edt\u00e9s\" \/>\n<meta property=\"og:description\" content=\"A Fishing: North Atlantic \u00faj DLC-j\u00e9nek r\u00e9szek\u00e9nt megtudhatod, hogyan folyik a f\u00e9s\u0171kagyl\u00f3hal\u00e1szat!  Global Steam Digit\u00e1lis kulcs\" \/>\n<meta property=\"og:url\" content=\"https:\/\/prismagamers.com\/hu\/produkt\/halaszat-eszak-atlanti-ocean-fesukagylo-bovites-2\/\" \/>\n<meta property=\"og:site_name\" content=\"Prismagamers.com\" \/>\n<meta property=\"article:publisher\" content=\"https:\/\/www.facebook.com\/prismagamers\" \/>\n<meta property=\"og:image\" content=\"https:\/\/prismagamers.com\/wp-content\/uploads\/2023\/06\/fna-dlc-scallops-xbox-console-store-listing-poster-art-1440x2160-1.jpg\" \/>\n\t<meta property=\"og:image:width\" content=\"1440\" \/>\n\t<meta property=\"og:image:height\" content=\"2160\" \/>\n\t<meta property=\"og:image:type\" content=\"image\/jpeg\" \/>\n<meta name=\"twitter:card\" content=\"summary_large_image\" \/>\n<meta name=\"twitter:label1\" content=\"Becs\u00fclt olvas\u00e1si id\u0151\" \/>\n\t<meta name=\"twitter:data1\" content=\"1 perc\" \/>\n<script type=\"application\/ld+json\" class=\"yoast-schema-graph\">{\"@context\":\"https:\\\/\\\/schema.org\",\"@graph\":[{\"@type\":\"WebPage\",\"@id\":\"https:\\\/\\\/prismagamers.com\\\/hu\\\/produkt\\\/halaszat-eszak-atlanti-ocean-fesukagylo-bovites-2\\\/\",\"url\":\"https:\\\/\\\/prismagamers.com\\\/hu\\\/produkt\\\/halaszat-eszak-atlanti-ocean-fesukagylo-bovites-2\\\/\",\"name\":\"Hal\u00e1szat: \u00c9szak-Atlanti-\u00f3ce\u00e1n - F\u00e9s\u0171kagyl\u00f3 b\u0151v\u00edt\u00e9s - Prismagamers.com\",\"isPartOf\":{\"@id\":\"https:\\\/\\\/prismagamers.com\\\/hu\\\/#website\"},\"primaryImageOfPage\":{\"@id\":\"https:\\\/\\\/prismagamers.com\\\/hu\\\/produkt\\\/halaszat-eszak-atlanti-ocean-fesukagylo-bovites-2\\\/#primaryimage\"},\"image\":{\"@id\":\"https:\\\/\\\/prismagamers.com\\\/hu\\\/produkt\\\/halaszat-eszak-atlanti-ocean-fesukagylo-bovites-2\\\/#primaryimage\"},\"thumbnailUrl\":\"https:\\\/\\\/prismagamers.com\\\/wp-content\\\/uploads\\\/2023\\\/06\\\/fna-dlc-scallops-xbox-console-store-listing-poster-art-1440x2160-1.jpg\",\"datePublished\":\"2023-06-13T20:27:35+00:00\",\"description\":\"A Fishing: North Atlantic \u00faj DLC-j\u00e9nek r\u00e9szek\u00e9nt megtudhatod, hogyan folyik a f\u00e9s\u0171kagyl\u00f3hal\u00e1szat! Global Steam Digit\u00e1lis kulcs\",\"breadcrumb\":{\"@id\":\"https:\\\/\\\/prismagamers.com\\\/hu\\\/produkt\\\/halaszat-eszak-atlanti-ocean-fesukagylo-bovites-2\\\/#breadcrumb\"},\"inLanguage\":\"hu\",\"potentialAction\":[{\"@type\":\"ReadAction\",\"target\":[\"https:\\\/\\\/prismagamers.com\\\/hu\\\/produkt\\\/halaszat-eszak-atlanti-ocean-fesukagylo-bovites-2\\\/\"]}]},{\"@type\":\"ImageObject\",\"inLanguage\":\"hu\",\"@id\":\"https:\\\/\\\/prismagamers.com\\\/hu\\\/produkt\\\/halaszat-eszak-atlanti-ocean-fesukagylo-bovites-2\\\/#primaryimage\",\"url\":\"https:\\\/\\\/prismagamers.com\\\/wp-content\\\/uploads\\\/2023\\\/06\\\/fna-dlc-scallops-xbox-console-store-listing-poster-art-1440x2160-1.jpg\",\"contentUrl\":\"https:\\\/\\\/prismagamers.com\\\/wp-content\\\/uploads\\\/2023\\\/06\\\/fna-dlc-scallops-xbox-console-store-listing-poster-art-1440x2160-1.jpg\",\"width\":1440,\"height\":2160},{\"@type\":\"BreadcrumbList\",\"@id\":\"https:\\\/\\\/prismagamers.com\\\/hu\\\/produkt\\\/halaszat-eszak-atlanti-ocean-fesukagylo-bovites-2\\\/#breadcrumb\",\"itemListElement\":[{\"@type\":\"ListItem\",\"position\":1,\"name\":\"Strona g\u0142\u00f3wna\",\"item\":\"https:\\\/\\\/prismagamers.com\\\/hu\\\/prismagamers\\\/\"},{\"@type\":\"ListItem\",\"position\":2,\"name\":\"Shop\",\"item\":\"https:\\\/\\\/prismagamers.com\\\/hu\\\/shop\\\/\"},{\"@type\":\"ListItem\",\"position\":3,\"name\":\"Hal\u00e1szat: \u00c9szak-Atlanti-\u00f3ce\u00e1n &#8211; F\u00e9s\u0171kagyl\u00f3 b\u0151v\u00edt\u00e9s\"}]},{\"@type\":\"WebSite\",\"@id\":\"https:\\\/\\\/prismagamers.com\\\/hu\\\/#website\",\"url\":\"https:\\\/\\\/prismagamers.com\\\/hu\\\/\",\"name\":\"Prismagamers\",\"description\":\"Sklep z grami PC I Sklep klucze Steam\",\"publisher\":{\"@id\":\"https:\\\/\\\/prismagamers.com\\\/hu\\\/#organization\"},\"potentialAction\":[{\"@type\":\"SearchAction\",\"target\":{\"@type\":\"EntryPoint\",\"urlTemplate\":\"https:\\\/\\\/prismagamers.com\\\/hu\\\/?s={search_term_string}\"},\"query-input\":{\"@type\":\"PropertyValueSpecification\",\"valueRequired\":true,\"valueName\":\"search_term_string\"}}],\"inLanguage\":\"hu\"},{\"@type\":\"Organization\",\"@id\":\"https:\\\/\\\/prismagamers.com\\\/hu\\\/#organization\",\"name\":\"Prismagamers\",\"url\":\"https:\\\/\\\/prismagamers.com\\\/hu\\\/\",\"logo\":{\"@type\":\"ImageObject\",\"inLanguage\":\"hu\",\"@id\":\"https:\\\/\\\/prismagamers.com\\\/hu\\\/#\\\/schema\\\/logo\\\/image\\\/\",\"url\":\"https:\\\/\\\/prismagamers.com\\\/wp-content\\\/uploads\\\/2022\\\/04\\\/cropped-logo-Prismagamers-01-scaled-1.jpg\",\"contentUrl\":\"https:\\\/\\\/prismagamers.com\\\/wp-content\\\/uploads\\\/2022\\\/04\\\/cropped-logo-Prismagamers-01-scaled-1.jpg\",\"width\":512,\"height\":512,\"caption\":\"Prismagamers\"},\"image\":{\"@id\":\"https:\\\/\\\/prismagamers.com\\\/hu\\\/#\\\/schema\\\/logo\\\/image\\\/\"},\"sameAs\":[\"https:\\\/\\\/www.facebook.com\\\/prismagamers\",\"https:\\\/\\\/www.instagram.com\\\/prismagamers_grycyfrowe\\\/\"],\"description\":\"Prismagamers.com to dynamiczny sklep z grami cyfrowymi, stworzony z my\u015bl\u0105 o entuzjastach gier wideo. Nasza strona oferuje szerok\u0105 gam\u0119 gier komputerowych, w tym najnowsze tytu\u0142y, dobrze znane klasyki oraz gry stworzone przez niezale\u017cne studia Ca\u0142y czas d\u0105\u017cymy do rozszerzenia naszej oferty. Do\u0142\u0105cz do nas i sta\u0144 si\u0119 cz\u0119\u015bci\u0105 naszej rosn\u0105cej spo\u0142eczno\u015bci graczy!\",\"email\":\"shop@prismagamers.com\",\"telephone\":\"48795541705\",\"legalName\":\"East Caravan Maksym \u017bukow\",\"foundingDate\":\"2012-05-10\",\"vatID\":\"PL8943038612\",\"taxID\":\"PL8943038612\",\"numberOfEmployees\":{\"@type\":\"QuantitativeValue\",\"minValue\":\"11\",\"maxValue\":\"50\"}}]}<\/script>\n<!-- \/ Yoast SEO Premium plugin. -->","yoast_head_json":{"title":"Hal\u00e1szat: \u00c9szak-Atlanti-\u00f3ce\u00e1n - F\u00e9s\u0171kagyl\u00f3 b\u0151v\u00edt\u00e9s - Prismagamers.com","description":"A Fishing: North Atlantic \u00faj DLC-j\u00e9nek r\u00e9szek\u00e9nt megtudhatod, hogyan folyik a f\u00e9s\u0171kagyl\u00f3hal\u00e1szat!  Global Steam Digit\u00e1lis kulcs","robots":{"index":"index","follow":"follow","max-snippet":"max-snippet:-1","max-image-preview":"max-image-preview:large","max-video-preview":"max-video-preview:-1"},"canonical":"https:\/\/prismagamers.com\/hu\/produkt\/halaszat-eszak-atlanti-ocean-fesukagylo-bovites-2\/","og_locale":"hu_HU","og_type":"article","og_title":"Hal\u00e1szat: \u00c9szak-Atlanti-\u00f3ce\u00e1n - F\u00e9s\u0171kagyl\u00f3 b\u0151v\u00edt\u00e9s","og_description":"A Fishing: North Atlantic \u00faj DLC-j\u00e9nek r\u00e9szek\u00e9nt megtudhatod, hogyan folyik a f\u00e9s\u0171kagyl\u00f3hal\u00e1szat!  Global Steam Digit\u00e1lis kulcs","og_url":"https:\/\/prismagamers.com\/hu\/produkt\/halaszat-eszak-atlanti-ocean-fesukagylo-bovites-2\/","og_site_name":"Prismagamers.com","article_publisher":"https:\/\/www.facebook.com\/prismagamers","og_image":[{"width":1440,"height":2160,"url":"https:\/\/prismagamers.com\/wp-content\/uploads\/2023\/06\/fna-dlc-scallops-xbox-console-store-listing-poster-art-1440x2160-1.jpg","type":"image\/jpeg"}],"twitter_card":"summary_large_image","twitter_misc":{"Becs\u00fclt olvas\u00e1si id\u0151":"1 perc"},"schema":{"@context":"https:\/\/schema.org","@graph":[{"@type":"WebPage","@id":"https:\/\/prismagamers.com\/hu\/produkt\/halaszat-eszak-atlanti-ocean-fesukagylo-bovites-2\/","url":"https:\/\/prismagamers.com\/hu\/produkt\/halaszat-eszak-atlanti-ocean-fesukagylo-bovites-2\/","name":"Hal\u00e1szat: \u00c9szak-Atlanti-\u00f3ce\u00e1n - F\u00e9s\u0171kagyl\u00f3 b\u0151v\u00edt\u00e9s - Prismagamers.com","isPartOf":{"@id":"https:\/\/prismagamers.com\/hu\/#website"},"primaryImageOfPage":{"@id":"https:\/\/prismagamers.com\/hu\/produkt\/halaszat-eszak-atlanti-ocean-fesukagylo-bovites-2\/#primaryimage"},"image":{"@id":"https:\/\/prismagamers.com\/hu\/produkt\/halaszat-eszak-atlanti-ocean-fesukagylo-bovites-2\/#primaryimage"},"thumbnailUrl":"https:\/\/prismagamers.com\/wp-content\/uploads\/2023\/06\/fna-dlc-scallops-xbox-console-store-listing-poster-art-1440x2160-1.jpg","datePublished":"2023-06-13T20:27:35+00:00","description":"A Fishing: North Atlantic \u00faj DLC-j\u00e9nek r\u00e9szek\u00e9nt megtudhatod, hogyan folyik a f\u00e9s\u0171kagyl\u00f3hal\u00e1szat! Global Steam Digit\u00e1lis kulcs","breadcrumb":{"@id":"https:\/\/prismagamers.com\/hu\/produkt\/halaszat-eszak-atlanti-ocean-fesukagylo-bovites-2\/#breadcrumb"},"inLanguage":"hu","potentialAction":[{"@type":"ReadAction","target":["https:\/\/prismagamers.com\/hu\/produkt\/halaszat-eszak-atlanti-ocean-fesukagylo-bovites-2\/"]}]},{"@type":"ImageObject","inLanguage":"hu","@id":"https:\/\/prismagamers.com\/hu\/produkt\/halaszat-eszak-atlanti-ocean-fesukagylo-bovites-2\/#primaryimage","url":"https:\/\/prismagamers.com\/wp-content\/uploads\/2023\/06\/fna-dlc-scallops-xbox-console-store-listing-poster-art-1440x2160-1.jpg","contentUrl":"https:\/\/prismagamers.com\/wp-content\/uploads\/2023\/06\/fna-dlc-scallops-xbox-console-store-listing-poster-art-1440x2160-1.jpg","width":1440,"height":2160},{"@type":"BreadcrumbList","@id":"https:\/\/prismagamers.com\/hu\/produkt\/halaszat-eszak-atlanti-ocean-fesukagylo-bovites-2\/#breadcrumb","itemListElement":[{"@type":"ListItem","position":1,"name":"Strona g\u0142\u00f3wna","item":"https:\/\/prismagamers.com\/hu\/prismagamers\/"},{"@type":"ListItem","position":2,"name":"Shop","item":"https:\/\/prismagamers.com\/hu\/shop\/"},{"@type":"ListItem","position":3,"name":"Hal\u00e1szat: \u00c9szak-Atlanti-\u00f3ce\u00e1n &#8211; F\u00e9s\u0171kagyl\u00f3 b\u0151v\u00edt\u00e9s"}]},{"@type":"WebSite","@id":"https:\/\/prismagamers.com\/hu\/#website","url":"https:\/\/prismagamers.com\/hu\/","name":"Prismagamers","description":"Sklep z grami PC I Sklep klucze Steam","publisher":{"@id":"https:\/\/prismagamers.com\/hu\/#organization"},"potentialAction":[{"@type":"SearchAction","target":{"@type":"EntryPoint","urlTemplate":"https:\/\/prismagamers.com\/hu\/?s={search_term_string}"},"query-input":{"@type":"PropertyValueSpecification","valueRequired":true,"valueName":"search_term_string"}}],"inLanguage":"hu"},{"@type":"Organization","@id":"https:\/\/prismagamers.com\/hu\/#organization","name":"Prismagamers","url":"https:\/\/prismagamers.com\/hu\/","logo":{"@type":"ImageObject","inLanguage":"hu","@id":"https:\/\/prismagamers.com\/hu\/#\/schema\/logo\/image\/","url":"https:\/\/prismagamers.com\/wp-content\/uploads\/2022\/04\/cropped-logo-Prismagamers-01-scaled-1.jpg","contentUrl":"https:\/\/prismagamers.com\/wp-content\/uploads\/2022\/04\/cropped-logo-Prismagamers-01-scaled-1.jpg","width":512,"height":512,"caption":"Prismagamers"},"image":{"@id":"https:\/\/prismagamers.com\/hu\/#\/schema\/logo\/image\/"},"sameAs":["https:\/\/www.facebook.com\/prismagamers","https:\/\/www.instagram.com\/prismagamers_grycyfrowe\/"],"description":"Prismagamers.com to dynamiczny sklep z grami cyfrowymi, stworzony z my\u015bl\u0105 o entuzjastach gier wideo. Nasza strona oferuje szerok\u0105 gam\u0119 gier komputerowych, w tym najnowsze tytu\u0142y, dobrze znane klasyki oraz gry stworzone przez niezale\u017cne studia Ca\u0142y czas d\u0105\u017cymy do rozszerzenia naszej oferty. Do\u0142\u0105cz do nas i sta\u0144 si\u0119 cz\u0119\u015bci\u0105 naszej rosn\u0105cej spo\u0142eczno\u015bci graczy!","email":"shop@prismagamers.com","telephone":"48795541705","legalName":"East Caravan Maksym \u017bukow","foundingDate":"2012-05-10","vatID":"PL8943038612","taxID":"PL8943038612","numberOfEmployees":{"@type":"QuantitativeValue","minValue":"11","maxValue":"50"}}]}},"_links":{"self":[{"href":"https:\/\/prismagamers.com\/hu\/wp-json\/wp\/v2\/product\/42345","targetHints":{"allow":["GET"]}}],"collection":[{"href":"https:\/\/prismagamers.com\/hu\/wp-json\/wp\/v2\/product"}],"about":[{"href":"https:\/\/prismagamers.com\/hu\/wp-json\/wp\/v2\/types\/product"}],"wp:featuredmedia":[{"embeddable":true,"href":"https:\/\/prismagamers.com\/hu\/wp-json\/wp\/v2\/media\/25581"}],"wp:attachment":[{"href":"https:\/\/prismagamers.com\/hu\/wp-json\/wp\/v2\/media?parent=42345"}],"wp:term":[{"taxonomy":"product_brand","embeddable":true,"href":"https:\/\/prismagamers.com\/hu\/wp-json\/wp\/v2\/product_brand?post=42345"},{"taxonomy":"product_cat","embeddable":true,"href":"https:\/\/prismagamers.com\/hu\/wp-json\/wp\/v2\/product_cat?post=42345"},{"taxonomy":"product_tag","embeddable":true,"href":"https:\/\/prismagamers.com\/hu\/wp-json\/wp\/v2\/product_tag?post=42345"}],"curies":[{"name":"wp","href":"https:\/\/api.w.org\/{rel}","templated":true}]}}